{"id":1003,"date":"2024-06-28T16:30:02","date_gmt":"2024-06-28T08:30:02","guid":{"rendered":"https:\/\/test.huayuansh.com\/?page_id=1003"},"modified":"2024-08-21T10:29:56","modified_gmt":"2024-08-21T02:29:56","slug":"rfid-wasche-etiketten","status":"publish","type":"page","link":"https:\/\/huayuansh.com\/de\/produkte\/rfid-wasche-etiketten\/","title":{"rendered":"RFID-Etiketten f\u00fcr W\u00e4sche"},"content":{"rendered":"<p>In der Welt des Textilmanagements ver\u00e4ndert die RFID-Technologie die Art und Weise, wie Unternehmen ihre W\u00e4sche und Kleidungsst\u00fccke verfolgen und verwalten. Ganz gleich, ob Sie ein Hotel, eine Gesundheitseinrichtung oder einen W\u00e4scheservice betreiben, RFID-W\u00e4scheetiketten bieten eine nahtlose und effiziente L\u00f6sung zur \u00dcberwachung der Best\u00e4nde, Minimierung von Verlusten und Rationalisierung der Abl\u00e4ufe.<\/p>\n\n\n\n<p>Seit 2008 konzentriert sich HUAYUAN auf die Verbesserung des RFID-W\u00e4scheetiketts. Da sich die W\u00e4sche-, Miet- und W\u00e4schereiindustrie weiterentwickelt, setzen immer mehr Unternehmen die RFID-Technologie ein, um ihre Abl\u00e4ufe zu modernisieren. HUAYUAN bietet ein umfassendes Sortiment an RFID-Etiketten, die sich nahtlos in die W\u00e4sche von Hotels, Gesundheitseinrichtungen und Berufsbekleidung integrieren lassen. Derzeit sind Millionen unserer RFID-W\u00e4scheetiketten weltweit im Einsatz und erm\u00f6glichen die Nachverfolgung von W\u00e4sche und Kleidungsst\u00fccken rund um die Uhr.<\/p>\n\n\n\n<h2 class=\"wp-block-heading\" id=\"h-hlt-rfid-linen-tag\"><a href=\"https:\/\/huayuansh.com\/products\/rfid-laundry-tags\/hlt-uhf-rfid-laundry-tag\/\">HLT RFID-W\u00e4scheanh\u00e4nger<\/a><\/h2>\n\n\n\n<div class=\"wp-block-columns are-vertically-aligned-center is-layout-flex wp-container-core-columns-is-layout-9d6595d7 wp-block-columns-is-layout-flex\">\n<div class=\"wp-block-column is-vertically-aligned-center is-layout-flow wp-block-column-is-layout-flow\" style=\"flex-basis:60%\">\n<p>Seit 2018 konzentriert sich HUAYUAN auf die Weiterentwicklung des HLT RAIN RFID-W\u00e4scheetiketts. Wir haben erhebliche Verbesserungen an den Materialien und Produktionsprozessen vorgenommen und propriet\u00e4re Designs integriert, die sicherstellen, dass die Antenne und der Chip selbst in den rauesten industriellen Umgebungen robust bleiben. Der HLT RAIN W\u00e4scheanh\u00e4nger verf\u00fcgt \u00fcber einen flexiblen, langlebigen und hitzebest\u00e4ndigen Transponder, der in ein Textilband eingebettet ist. Er bietet eine zuverl\u00e4ssige Verfolgung f\u00fcr eine Vielzahl von Textilien, einschlie\u00dflich Flachw\u00e4sche, Kleidungsst\u00fccken und Uniformen. Das Etikett erm\u00f6glicht digitale Transparenz und ber\u00fchrungsloses W\u00e4schemanagement w\u00e4hrend des gesamten Prozesses - von der Schmutzsammlung bis zur W\u00e4sche und Verteilung. Durch sein d\u00fcnnes, schmales und weiches Design l\u00e4sst er sich selbst in die feinsten Textilien einf\u00fchren, ohne den Komfort oder die \u00c4sthetik zu beeintr\u00e4chtigen.<\/p>\n<\/div>\n\n\n\n<div class=\"wp-block-column is-vertically-aligned-center is-layout-flow wp-block-column-is-layout-flow\" style=\"flex-basis:40%\"><div class=\"wp-block-image\">\n<figure class=\"aligncenter size-large\"><a href=\"https:\/\/huayuansh.com\/products\/rfid-laundry-tags\/hlt-uhf-rfid-laundry-tag\/\"><img loading=\"lazy\" decoding=\"async\" width=\"1024\" height=\"576\" src=\"https:\/\/huayuansh.com\/wp-content\/uploads\/2024\/08\/HLT-UHF-RFID-Laundry-Tag-1024x576.webp\" alt=\"\" class=\"wp-image-3699\" srcset=\"https:\/\/huayuansh.com\/wp-content\/uploads\/2024\/08\/HLT-UHF-RFID-Laundry-Tag-1024x576.webp 1024w, https:\/\/huayuansh.com\/wp-content\/uploads\/2024\/08\/HLT-UHF-RFID-Laundry-Tag-300x169.webp 300w, https:\/\/huayuansh.com\/wp-content\/uploads\/2024\/08\/HLT-UHF-RFID-Laundry-Tag-768x432.webp 768w, https:\/\/huayuansh.com\/wp-content\/uploads\/2024\/08\/HLT-UHF-RFID-Laundry-Tag-1536x864.webp 1536w, https:\/\/huayuansh.com\/wp-content\/uploads\/2024\/08\/HLT-UHF-RFID-Laundry-Tag.webp 1920w\" sizes=\"auto, (max-width: 1024px) 100vw, 1024px\" \/><\/a><\/figure><\/div><\/div>\n<\/div>\n\n\n\n<h2 class=\"wp-block-heading\" id=\"h-hst-silicone-rfid-laundry-tag\"><a href=\"https:\/\/huayuansh.com\/products\/rfid-laundry-tags\/hst-silicone-uhf-laundry-tag\/\">HST-Silikon-RFID-W\u00e4scheschild<\/a><\/h2>\n\n\n\n<div class=\"wp-block-columns are-vertically-aligned-center is-layout-flex wp-container-core-columns-is-layout-9d6595d7 wp-block-columns-is-layout-flex\">\n<div class=\"wp-block-column is-vertically-aligned-center is-layout-flow wp-block-column-is-layout-flow\" style=\"flex-basis:60%\">\n<p>Die HST Silikon-RFID-Etiketten f\u00fcr W\u00e4schereien wurden speziell f\u00fcr den Einsatz in anspruchsvollen industriellen W\u00e4schereiumgebungen entwickelt. Diese kleinen, flexiblen Tags lassen sich nahtlos in verschiedene Textilien integrieren, darunter Blusen, Handt\u00fccher und medizinische Uniformen, und bieten dauerhafte L\u00f6sungen zur Nachverfolgung. Umh\u00fcllt von glattem, widerstandsf\u00e4higem Silikon halten sie \u00fcber 200 Zyklen industrieller W\u00e4sche stand und widerstehen scharfen Reinigungsmitteln, Sterilisation, hohen Temperaturen bis zu 200 \u00b0C und Druck bis zu 3 bar. Mit einem robusten RFID-Transponder, der sicher im Inneren untergebracht ist, gew\u00e4hrleisten diese Etiketten eine zuverl\u00e4ssige Leistung w\u00e4hrend der gesamten Lebensdauer der Textilien.<\/p>\n<\/div>\n\n\n\n<div class=\"wp-block-column is-vertically-aligned-center is-layout-flow wp-block-column-is-layout-flow\" style=\"flex-basis:40%\"><div class=\"wp-block-image\">\n<figure class=\"aligncenter size-large\"><a href=\"https:\/\/huayuansh.com\/products\/rfid-laundry-tags\/hst-silicone-uhf-laundry-tag\/\"><img loading=\"lazy\" decoding=\"async\" width=\"1024\" height=\"576\" src=\"https:\/\/huayuansh.com\/wp-content\/uploads\/2024\/08\/HST-Silicone-UHF-Laundry-Tag-1024x576.webp\" alt=\"\" class=\"wp-image-3692\" srcset=\"https:\/\/huayuansh.com\/wp-content\/uploads\/2024\/08\/HST-Silicone-UHF-Laundry-Tag-1024x576.webp 1024w, https:\/\/huayuansh.com\/wp-content\/uploads\/2024\/08\/HST-Silicone-UHF-Laundry-Tag-300x169.webp 300w, https:\/\/huayuansh.com\/wp-content\/uploads\/2024\/08\/HST-Silicone-UHF-Laundry-Tag-768x432.webp 768w, https:\/\/huayuansh.com\/wp-content\/uploads\/2024\/08\/HST-Silicone-UHF-Laundry-Tag-1536x864.webp 1536w, https:\/\/huayuansh.com\/wp-content\/uploads\/2024\/08\/HST-Silicone-UHF-Laundry-Tag.webp 1920w\" sizes=\"auto, (max-width: 1024px) 100vw, 1024px\" \/><\/a><\/figure><\/div><\/div>\n<\/div>\n\n\n\n<h2 class=\"wp-block-heading\" id=\"h-hlb-rfid-laundry-button\"><a href=\"https:\/\/huayuansh.com\/products\/rfid-laundry-tags\/hlb-rfid-laundry-button\/\">HLB RFID-W\u00e4schetaste<\/a><\/h2>\n\n\n\n<div class=\"wp-block-columns are-vertically-aligned-center is-layout-flex wp-container-core-columns-is-layout-9d6595d7 wp-block-columns-is-layout-flex\">\n<div class=\"wp-block-column is-vertically-aligned-center is-layout-flow wp-block-column-is-layout-flow\" style=\"flex-basis:60%\">\n<p>Der HLB-RFID-W\u00e4scheknopf ist ein robustes NFC-Etikett, das in einem Doppelspritzgussverfahren hergestellt wird. Dieser Tag ist wasserdicht, sehr widerstandsf\u00e4hig gegen aggressive Fl\u00fcssigkeiten und funktioniert zuverl\u00e4ssig in einem breiten Temperaturbereich. W\u00e4hrend UHF-W\u00e4schetransponder den Markt dominieren, gibt es Szenarien, in denen NFC-Tags notwendig sind, insbesondere f\u00fcr Mobiltelefonanwendungen. Der HLB PPS RFID-W\u00e4scheknopf erf\u00fcllt diese Anforderungen und ist damit die ideale Wahl f\u00fcr die Identifizierung und Nachverfolgung von Textilien in industriellen W\u00e4schereien, Hotels, Krankenh\u00e4usern und W\u00e4scheverleihbetrieben.<\/p>\n<\/div>\n\n\n\n<div class=\"wp-block-column is-vertically-aligned-center is-layout-flow wp-block-column-is-layout-flow\" style=\"flex-basis:40%\"><div class=\"wp-block-image\">\n<figure class=\"aligncenter size-large\"><a href=\"https:\/\/huayuansh.com\/products\/rfid-laundry-tags\/hlb-rfid-laundry-button\/\"><img loading=\"lazy\" decoding=\"async\" width=\"1024\" height=\"576\" src=\"https:\/\/huayuansh.com\/wp-content\/uploads\/2024\/08\/HLB-RFID-Laundry-Button-1024x576.webp\" alt=\"\" class=\"wp-image-3689\" srcset=\"https:\/\/huayuansh.com\/wp-content\/uploads\/2024\/08\/HLB-RFID-Laundry-Button-1024x576.webp 1024w, https:\/\/huayuansh.com\/wp-content\/uploads\/2024\/08\/HLB-RFID-Laundry-Button-300x169.webp 300w, https:\/\/huayuansh.com\/wp-content\/uploads\/2024\/08\/HLB-RFID-Laundry-Button-768x432.webp 768w, https:\/\/huayuansh.com\/wp-content\/uploads\/2024\/08\/HLB-RFID-Laundry-Button-1536x864.webp 1536w, https:\/\/huayuansh.com\/wp-content\/uploads\/2024\/08\/HLB-RFID-Laundry-Button.webp 1920w\" sizes=\"auto, (max-width: 1024px) 100vw, 1024px\" \/><\/a><\/figure><\/div><\/div>\n<\/div>\n\n\n\n<h3 class=\"wp-block-heading\" id=\"h-get-in-touch\">Kontakt aufnehmen<\/h3>\n\n\n\n<p>Sind Sie bereit, Ihr Textilmanagement zu verbessern? Entdecken Sie die RFID-W\u00e4scheetiketten von HUAYUAN und finden Sie die perfekte L\u00f6sung f\u00fcr Ihre Gesch\u00e4ftsanforderungen.<\/p>\n\n\n<style>.wp-block-kadence-advancedbtn.kb-btns1003_de222f-e4{gap:var(--global-kb-gap-xs, 0.5rem );justify-content:flex-start;align-items:center;}.kt-btns1003_de222f-e4 .kt-button{font-weight:normal;font-style:normal;}.kt-btns1003_de222f-e4 .kt-btn-wrap-0{margin-right:5px;}.wp-block-kadence-advancedbtn.kt-btns1003_de222f-e4 .kt-btn-wrap-0 .kt-button{color:#555555;border-color:#555555;}.wp-block-kadence-advancedbtn.kt-btns1003_de222f-e4 .kt-btn-wrap-0 .kt-button:hover, .wp-block-kadence-advancedbtn.kt-btns1003_de222f-e4 .kt-btn-wrap-0 .kt-button:focus{color:#ffffff;border-color:#444444;}.wp-block-kadence-advancedbtn.kt-btns1003_de222f-e4 .kt-btn-wrap-0 .kt-button::before{display:none;}.wp-block-kadence-advancedbtn.kt-btns1003_de222f-e4 .kt-btn-wrap-0 .kt-button:hover, .wp-block-kadence-advancedbtn.kt-btns1003_de222f-e4 .kt-btn-wrap-0 .kt-button:focus{background:#444444;}<\/style>\n<div class=\"wp-block-kadence-advancedbtn kb-buttons-wrap kb-btns1003_de222f-e4\"><style>ul.menu .wp-block-kadence-advancedbtn .kb-btn1003_8828c4-07.kb-button{width:initial;}<\/style><a class=\"kb-button kt-button button kb-btn1003_8828c4-07 kt-btn-size-standard kt-btn-width-type-auto kb-btn-global-inherit  kt-btn-has-text-true kt-btn-has-svg-false  wp-block-button__link wp-block-kadence-singlebtn\" href=\"https:\/\/huayuansh.com\/contact-us\/\"><span class=\"kt-btn-inner-text\">Kontakt<\/span><\/a><\/div>","protected":false},"excerpt":{"rendered":"<p>In der Welt des Textilmanagements ver\u00e4ndert die RFID-Technologie die Art und Weise, wie Unternehmen ihre W\u00e4sche und Kleidungsst\u00fccke verfolgen und verwalten. Ganz gleich, ob Sie ein Hotel, eine Gesundheitseinrichtung oder einen W\u00e4scheservice betreiben, RFID-W\u00e4scheetiketten bieten eine nahtlose und effiziente L\u00f6sung zur \u00dcberwachung der Best\u00e4nde, Minimierung von Verlusten und Rationalisierung der Abl\u00e4ufe. Seit 2008 hat sich HUAYUAN auf die Verbesserung der...<\/p>","protected":false},"author":1,"featured_media":3706,"parent":2104,"menu_order":34,"comment_status":"closed","ping_status":"closed","template":"","meta":{"_kad_blocks_custom_css":"","_kad_blocks_head_custom_js":"","_kad_blocks_body_custom_js":"","_kad_blocks_footer_custom_js":"","_kadence_starter_templates_imported_post":false,"_kad_post_transparent":"","_kad_post_title":"","_kad_post_layout":"","_kad_post_sidebar_id":"","_kad_post_content_style":"","_kad_post_vertical_padding":"","_kad_post_feature":"","_kad_post_feature_position":"","_kad_post_header":false,"_kad_post_footer":false,"footnotes":""},"class_list":["post-1003","page","type-page","status-publish","has-post-thumbnail","hentry"],"yoast_head":"<!-- This site is optimized with the Yoast SEO Premium plugin v23.0 (Yoast SEO v26.3) - https:\/\/yoast.com\/wordpress\/plugins\/seo\/ -->\n<title>RFID Laundry Tags | HUAYUAN RFID Tag Manufacturer<\/title>\n<meta name=\"robots\" content=\"index, follow, max-snippet:-1, max-image-preview:large, max-video-preview:-1\" \/>\n<link rel=\"canonical\" href=\"https:\/\/huayuansh.com\/de\/produkte\/rfid-wasche-etiketten\/\" \/>\n<meta property=\"og:locale\" content=\"de_DE\" \/>\n<meta property=\"og:type\" content=\"article\" \/>\n<meta property=\"og:title\" content=\"RFID Laundry Tags\" \/>\n<meta property=\"og:description\" content=\"In the world of textile management, RFID technology is transforming the way businesses track and manage their linens and garments. Whether you operate a hotel, healthcare facility, or laundry service, RFID laundry tags offer a seamless and efficient solution to monitor assets, minimize losses, and streamline operations. Since 2008, HUAYUAN has focused on enhancing the...\" \/>\n<meta property=\"og:url\" content=\"https:\/\/huayuansh.com\/de\/produkte\/rfid-wasche-etiketten\/\" \/>\n<meta property=\"og:site_name\" content=\"HUAYUAN RFID Tag Manufacturer\" \/>\n<meta property=\"article:modified_time\" content=\"2024-08-21T02:29:56+00:00\" \/>\n<meta property=\"og:image\" content=\"https:\/\/huayuansh.com\/wp-content\/uploads\/2024\/08\/HUAYUAN-RFID-Laundry-Tag-Product-Collection.webp\" \/>\n\t<meta property=\"og:image:width\" content=\"1920\" \/>\n\t<meta property=\"og:image:height\" content=\"1080\" \/>\n\t<meta property=\"og:image:type\" content=\"image\/webp\" \/>\n<meta name=\"twitter:card\" content=\"summary_large_image\" \/>\n<meta name=\"twitter:label1\" content=\"Gesch\u00e4tzte Lesezeit\" \/>\n\t<meta name=\"twitter:data1\" content=\"3\u00a0Minuten\" \/>\n<script type=\"application\/ld+json\" class=\"yoast-schema-graph\">{\"@context\":\"https:\/\/schema.org\",\"@graph\":[{\"@type\":\"WebPage\",\"@id\":\"https:\/\/huayuansh.com\/products\/rfid-laundry-tags\/\",\"url\":\"https:\/\/huayuansh.com\/products\/rfid-laundry-tags\/\",\"name\":\"RFID Laundry Tags | HUAYUAN RFID Tag Manufacturer\",\"isPartOf\":{\"@id\":\"https:\/\/huayuansh.com\/#website\"},\"primaryImageOfPage\":{\"@id\":\"https:\/\/huayuansh.com\/products\/rfid-laundry-tags\/#primaryimage\"},\"image\":{\"@id\":\"https:\/\/huayuansh.com\/products\/rfid-laundry-tags\/#primaryimage\"},\"thumbnailUrl\":\"https:\/\/huayuansh.com\/wp-content\/uploads\/2024\/08\/HUAYUAN-RFID-Laundry-Tag-Product-Collection.webp\",\"datePublished\":\"2024-06-28T08:30:02+00:00\",\"dateModified\":\"2024-08-21T02:29:56+00:00\",\"breadcrumb\":{\"@id\":\"https:\/\/huayuansh.com\/products\/rfid-laundry-tags\/#breadcrumb\"},\"inLanguage\":\"de\",\"potentialAction\":[{\"@type\":\"ReadAction\",\"target\":[\"https:\/\/huayuansh.com\/products\/rfid-laundry-tags\/\"]}]},{\"@type\":\"ImageObject\",\"inLanguage\":\"de\",\"@id\":\"https:\/\/huayuansh.com\/products\/rfid-laundry-tags\/#primaryimage\",\"url\":\"https:\/\/huayuansh.com\/wp-content\/uploads\/2024\/08\/HUAYUAN-RFID-Laundry-Tag-Product-Collection.webp\",\"contentUrl\":\"https:\/\/huayuansh.com\/wp-content\/uploads\/2024\/08\/HUAYUAN-RFID-Laundry-Tag-Product-Collection.webp\",\"width\":1920,\"height\":1080},{\"@type\":\"BreadcrumbList\",\"@id\":\"https:\/\/huayuansh.com\/products\/rfid-laundry-tags\/#breadcrumb\",\"itemListElement\":[{\"@type\":\"ListItem\",\"position\":1,\"name\":\"Home\",\"item\":\"https:\/\/huayuansh.com\/\"},{\"@type\":\"ListItem\",\"position\":2,\"name\":\"RFID Products\",\"item\":\"https:\/\/huayuansh.com\/products\/\"},{\"@type\":\"ListItem\",\"position\":3,\"name\":\"RFID Laundry Tags\"}]},{\"@type\":\"WebSite\",\"@id\":\"https:\/\/huayuansh.com\/#website\",\"url\":\"https:\/\/huayuansh.com\/\",\"name\":\"HUAYUAN RFID Tag Manufacturer\",\"description\":\"HUAYUAN RFID Tag Manufacturer\",\"publisher\":{\"@id\":\"https:\/\/huayuansh.com\/#organization\"},\"potentialAction\":[{\"@type\":\"SearchAction\",\"target\":{\"@type\":\"EntryPoint\",\"urlTemplate\":\"https:\/\/huayuansh.com\/?s={search_term_string}\"},\"query-input\":{\"@type\":\"PropertyValueSpecification\",\"valueRequired\":true,\"valueName\":\"search_term_string\"}}],\"inLanguage\":\"de\"},{\"@type\":\"Organization\",\"@id\":\"https:\/\/huayuansh.com\/#organization\",\"name\":\"HUAYUAN RFID Tag Manufacturer\",\"url\":\"https:\/\/huayuansh.com\/\",\"logo\":{\"@type\":\"ImageObject\",\"inLanguage\":\"de\",\"@id\":\"https:\/\/huayuansh.com\/#\/schema\/logo\/image\/\",\"url\":\"https:\/\/huayuansh.com\/wp-content\/uploads\/2024\/09\/cropped-HUAYUAN.webp\",\"contentUrl\":\"https:\/\/huayuansh.com\/wp-content\/uploads\/2024\/09\/cropped-HUAYUAN.webp\",\"width\":895,\"height\":279,\"caption\":\"HUAYUAN RFID Tag Manufacturer\"},\"image\":{\"@id\":\"https:\/\/huayuansh.com\/#\/schema\/logo\/image\/\"}}]}<\/script>\n<!-- \/ Yoast SEO Premium plugin. -->","yoast_head_json":{"title":"RFID-Etiketten f\u00fcr W\u00e4schereien | HUAYUAN RFID-Tag-Hersteller","robots":{"index":"index","follow":"follow","max-snippet":"max-snippet:-1","max-image-preview":"max-image-preview:large","max-video-preview":"max-video-preview:-1"},"canonical":"https:\/\/huayuansh.com\/de\/produkte\/rfid-wasche-etiketten\/","og_locale":"de_DE","og_type":"article","og_title":"RFID Laundry Tags","og_description":"In the world of textile management, RFID technology is transforming the way businesses track and manage their linens and garments. Whether you operate a hotel, healthcare facility, or laundry service, RFID laundry tags offer a seamless and efficient solution to monitor assets, minimize losses, and streamline operations. Since 2008, HUAYUAN has focused on enhancing the...","og_url":"https:\/\/huayuansh.com\/de\/produkte\/rfid-wasche-etiketten\/","og_site_name":"HUAYUAN RFID Tag Manufacturer","article_modified_time":"2024-08-21T02:29:56+00:00","og_image":[{"width":1920,"height":1080,"url":"https:\/\/huayuansh.com\/wp-content\/uploads\/2024\/08\/HUAYUAN-RFID-Laundry-Tag-Product-Collection.webp","type":"image\/webp"}],"twitter_card":"summary_large_image","twitter_misc":{"Gesch\u00e4tzte Lesezeit":"3\u00a0Minuten"},"schema":{"@context":"https:\/\/schema.org","@graph":[{"@type":"WebPage","@id":"https:\/\/huayuansh.com\/products\/rfid-laundry-tags\/","url":"https:\/\/huayuansh.com\/products\/rfid-laundry-tags\/","name":"RFID-Etiketten f\u00fcr W\u00e4schereien | HUAYUAN RFID-Tag-Hersteller","isPartOf":{"@id":"https:\/\/huayuansh.com\/#website"},"primaryImageOfPage":{"@id":"https:\/\/huayuansh.com\/products\/rfid-laundry-tags\/#primaryimage"},"image":{"@id":"https:\/\/huayuansh.com\/products\/rfid-laundry-tags\/#primaryimage"},"thumbnailUrl":"https:\/\/huayuansh.com\/wp-content\/uploads\/2024\/08\/HUAYUAN-RFID-Laundry-Tag-Product-Collection.webp","datePublished":"2024-06-28T08:30:02+00:00","dateModified":"2024-08-21T02:29:56+00:00","breadcrumb":{"@id":"https:\/\/huayuansh.com\/products\/rfid-laundry-tags\/#breadcrumb"},"inLanguage":"de","potentialAction":[{"@type":"ReadAction","target":["https:\/\/huayuansh.com\/products\/rfid-laundry-tags\/"]}]},{"@type":"ImageObject","inLanguage":"de","@id":"https:\/\/huayuansh.com\/products\/rfid-laundry-tags\/#primaryimage","url":"https:\/\/huayuansh.com\/wp-content\/uploads\/2024\/08\/HUAYUAN-RFID-Laundry-Tag-Product-Collection.webp","contentUrl":"https:\/\/huayuansh.com\/wp-content\/uploads\/2024\/08\/HUAYUAN-RFID-Laundry-Tag-Product-Collection.webp","width":1920,"height":1080},{"@type":"BreadcrumbList","@id":"https:\/\/huayuansh.com\/products\/rfid-laundry-tags\/#breadcrumb","itemListElement":[{"@type":"ListItem","position":1,"name":"Home","item":"https:\/\/huayuansh.com\/"},{"@type":"ListItem","position":2,"name":"RFID Products","item":"https:\/\/huayuansh.com\/products\/"},{"@type":"ListItem","position":3,"name":"RFID Laundry Tags"}]},{"@type":"WebSite","@id":"https:\/\/huayuansh.com\/#website","url":"https:\/\/huayuansh.com\/","name":"HUAYUAN RFID Tag Hersteller","description":"HUAYUAN RFID Tag Hersteller","publisher":{"@id":"https:\/\/huayuansh.com\/#organization"},"potentialAction":[{"@type":"SearchAction","target":{"@type":"EntryPoint","urlTemplate":"https:\/\/huayuansh.com\/?s={search_term_string}"},"query-input":{"@type":"PropertyValueSpecification","valueRequired":true,"valueName":"search_term_string"}}],"inLanguage":"de"},{"@type":"Organization","@id":"https:\/\/huayuansh.com\/#organization","name":"HUAYUAN RFID Tag Hersteller","url":"https:\/\/huayuansh.com\/","logo":{"@type":"ImageObject","inLanguage":"de","@id":"https:\/\/huayuansh.com\/#\/schema\/logo\/image\/","url":"https:\/\/huayuansh.com\/wp-content\/uploads\/2024\/09\/cropped-HUAYUAN.webp","contentUrl":"https:\/\/huayuansh.com\/wp-content\/uploads\/2024\/09\/cropped-HUAYUAN.webp","width":895,"height":279,"caption":"HUAYUAN RFID Tag Manufacturer"},"image":{"@id":"https:\/\/huayuansh.com\/#\/schema\/logo\/image\/"}}]}},"taxonomy_info":[],"featured_image_src_large":["https:\/\/huayuansh.com\/wp-content\/uploads\/2024\/08\/HUAYUAN-RFID-Laundry-Tag-Product-Collection-1024x576.webp",1024,576,true],"author_info":{"display_name":"HUAYUAN","author_link":"https:\/\/huayuansh.com\/de\/author\/shyec2024\/"},"comment_info":0,"_links":{"self":[{"href":"https:\/\/huayuansh.com\/de\/wp-json\/wp\/v2\/pages\/1003","targetHints":{"allow":["GET"]}}],"collection":[{"href":"https:\/\/huayuansh.com\/de\/wp-json\/wp\/v2\/pages"}],"about":[{"href":"https:\/\/huayuansh.com\/de\/wp-json\/wp\/v2\/types\/page"}],"author":[{"embeddable":true,"href":"https:\/\/huayuansh.com\/de\/wp-json\/wp\/v2\/users\/1"}],"replies":[{"embeddable":true,"href":"https:\/\/huayuansh.com\/de\/wp-json\/wp\/v2\/comments?post=1003"}],"version-history":[{"count":5,"href":"https:\/\/huayuansh.com\/de\/wp-json\/wp\/v2\/pages\/1003\/revisions"}],"predecessor-version":[{"id":3708,"href":"https:\/\/huayuansh.com\/de\/wp-json\/wp\/v2\/pages\/1003\/revisions\/3708"}],"up":[{"embeddable":true,"href":"https:\/\/huayuansh.com\/de\/wp-json\/wp\/v2\/pages\/2104"}],"wp:featuredmedia":[{"embeddable":true,"href":"https:\/\/huayuansh.com\/de\/wp-json\/wp\/v2\/media\/3706"}],"wp:attachment":[{"href":"https:\/\/huayuansh.com\/de\/wp-json\/wp\/v2\/media?parent=1003"}],"curies":[{"name":"wp","href":"https:\/\/api.w.org\/{rel}","templated":true}]}}