{"id":3364,"date":"2024-07-15T10:41:18","date_gmt":"2024-07-15T02:41:18","guid":{"rendered":"https:\/\/huayuansh.com\/?page_id=3364"},"modified":"2024-08-02T14:35:53","modified_gmt":"2024-08-02T06:35:53","slug":"uhf-handheld-reader-daten-terminal","status":"publish","type":"page","link":"https:\/\/huayuansh.com\/de\/produkte\/rfid-lesegerate-und-module\/uhf-handheld-reader-daten-terminal\/","title":{"rendered":"UHF-Handleseger\u00e4t Datenterminal"},"content":{"rendered":"<p><strong>ORCA-50 RAIN UHF RFID-Handleseger\u00e4t<\/strong>&nbsp;<strong>Daten-Terminal<\/strong>&nbsp;ist selbst entwickeltes Modul auf der Grundlage von Impinj Indy R2000 Chip, mit hervorragender Stabilit\u00e4t und extrem starke Multi-Tag-Identifikation Leistung zu \u00fcbernehmen. Es ist von der Killerwal inspirierte Design, das Aussehen von geschickten und elegant, einfach und gut proportioniert, jedes Detail wurde wiederholt Pr\u00fcfung, Augenma\u00df, um richtig zu behandeln, um eine sehr visuelle Spannung des Rumpfes zu schaffen.ORCA-50 UHF Handheld Data Reader Terminal ist eine leistungsf\u00e4hige Hardware-Konfiguration, um einen reibungslosen Betrieb von massiven Datenoperationen, 3D-Echtzeit-Display und so weiter zu gew\u00e4hrleisten. Es ist 6000mAh hohe Kapazit\u00e4t Lithium-Polymer-Akku, Cartridge-Typ Batterie Hot-Swap-System, einfach zu ersetzen, Standard zwei Batterien. Die Lebensdauer ist nicht mehr begrenzt.<\/p>\n\n\n\n<p>ORCA-50 UHF Handheld Reader Data Terminal widersteht dem Aufprall auf eine Betonoberfl\u00e4che in einer H\u00f6he von 2 Metern. IP64-Schutz, kann effektiv widerstehen Staub und spritzende Fl\u00fcssigkeit.<\/p>\n\n\n\n<h2 class=\"wp-block-heading\" id=\"h-uhf-rfid-handheld-reader-products-advantages\">UHF-RFID-Handheld-Leseger\u00e4te Vorteile<\/h2>\n\n\n\n<ul class=\"wp-block-list\">\n<li>Verwendung des Impinj Indy R2000-Chips<\/li>\n\n\n\n<li>Verwendung von CNC-Luftfahrt-Aluminium und deutschem Bayer-Nylon-Material<\/li>\n\n\n\n<li>Leistungsstarke Hardware-Konfiguration<\/li>\n\n\n\n<li>Aufladbarer 6000mAh Lithium-Polymer-Akku<\/li>\n\n\n\n<li>Widersteht dem Aufprall auf eine Betonfl\u00e4che aus 2 Metern H\u00f6he<\/li>\n\n\n\n<li>Kostenloses Muster in der Eurozone<\/li>\n<\/ul>\n\n\n\n<h3 class=\"wp-block-heading\" id=\"h-huayuan-uhf-rfid-handheld-reader-features\">HUAYUAN UHF RFID Handleseger\u00e4t Merkmale<\/h3>\n\n\n\n<ul class=\"wp-block-list\">\n<li>Plattform f\u00fcr Hochleistungscomputer<br>Schwergewichtige Anwendungen wie massive Datenerfassung. Die 3D-Echtzeitanzeige kann reibungslos bedient werden.<\/li>\n\n\n\n<li>Android 6.0<br>Android 6.0 ist installiert, die optimierte Version wird laufend aktualisiert.<\/li>\n\n\n\n<li>Materialien der Spitzenklasse<br>CNC-Aluminium, Nylon (Bayer) und 1,1 mm dickes geh\u00e4rtetes Glas bieten hervorragende Festigkeit + W\u00e4rmeableitung + elektromagnetische Abschirmung. Das weiche Material um den Griff bietet Komfort.<\/li>\n\n\n\n<li>Komponenten in Industriequalit\u00e4t<br>Komponenten in Industrie- und Milit\u00e4rqualit\u00e4t sorgen f\u00fcr Stabilit\u00e4t und Langlebigkeit in rauen Umgebungen.<\/li>\n\n\n\n<li>Ultra lange Betriebszeit<br>Das Hot-Swapping-Batteriesystem im Pistolenstil macht die Wiederherstellung der Backup-Batterie einfacher. So dass die Betriebszeit unbegrenzt ist. Ein Standard-Produktpaket hat zwei 6000mAh Batterien enthalten.<\/li>\n\n\n\n<li>Hochwertige UHF-RFID-Engine<br>Das M-2600 Modul, das auf dem Impinj Indy R2000 Chip basiert. Bietet die beste Leistung und hervorragende Multi-Tag-Identifikationsf\u00e4higkeit in der Branche.<\/li>\n\n\n\n<li>Herausragendes Industriedesign<br>Die Idee wurde vom Orca inspiriert, und jedes einzelne Detail wurde sorgf\u00e4ltig ausgearbeitet. Das Erscheinungsbild ist kompakt, elegant und ausgewogen, was das Produkt auff\u00e4llig und beeindruckend macht.<\/li>\n\n\n\n<li>Ausgezeichneter mechanischer Schutz, IP64<br>Die Fallh\u00f6he betr\u00e4gt 2 m, die Schutzart IP64 ist staub- und spritzwassergesch\u00fctzt.<\/li>\n<\/ul>\n\n\n\n<h4 class=\"wp-block-heading\" id=\"h-uhf-handheld-reader-data-terminal-specifications\">UHF-Handleseger\u00e4t Datenterminal Spezifikationen<\/h4>\n\n\n\n<figure class=\"wp-block-table\"><table><tbody><tr><td colspan=\"2\"><strong>Mechanische Parameter<\/strong><\/td><\/tr><tr><td>Materialien<\/td><td>CNC-Aluminium + Nylon (Bayer)<\/td><\/tr><tr><td>Abmessungen<\/td><td>Profil 160x82x129mm<\/td><\/tr><tr><td>&nbsp;<\/td><td>Griff 111*38*47mm<\/td><\/tr><tr><td>Gewicht<\/td><td>640g (inkl. Batterie \/ Standardausf\u00fchrung)<\/td><\/tr><tr><td colspan=\"2\"><strong>Merkmale des Systems<\/strong><\/td><\/tr><tr><td>Betriebssystem<\/td><td>Android 6.0<\/td><\/tr><tr><td>CPU<\/td><td>Quad-Core Cortex-A17\/1,8GHz<\/td><\/tr><tr><td>GPU<\/td><td>ARM Mali-T764\/Hochleistungs3D-Engine<\/td><\/tr><tr><td>Chip<\/td><td>Impinj INDY R2000<\/td><\/tr><tr><td>RAM<\/td><td>2G\/4G LPDDR3<\/td><\/tr><tr><td>ROM<\/td><td>32G\/64G EMMC 5.0<\/td><\/tr><tr><td>LCD<\/td><td>5,0 Zoll \/1280\u00b0720\/ IPS \/180 Blickwinkel<\/td><\/tr><tr><td>Touchscreen<\/td><td>1,1 mm dickes geh\u00e4rtetes Glas \/ LO-Dot Touch \/ Kann mit Handschuh bedient werden<\/td><\/tr><tr><td>Hotswapping Batterie<\/td><td>Pistolenartiges Hotswapping-Batteriesystem<\/td><\/tr><tr><td>PSAM<\/td><td>PSAM02 \/ TI TCA5013 (fakultativ)<\/td><\/tr><tr><td>Buttons<\/td><td>&nbsp;<\/td><\/tr><tr><td>Leistung I Volumen*2<\/td><td>3 ALPS-Tasten\/ Bet\u00e4tigungskraft 2,2N\/Betriebsdauer 600.000 Zyklen<\/td><\/tr><tr><td>Funktionstasten<\/td><td>3 ALPS-Tasten\/ Bet\u00e4tigungskraft 2,2N\/Betriebsdauer 600.000 Zyklen<\/td><\/tr><tr><td>ScanTrigger<\/td><td>OMRON-Taster\/Bet\u00e4tigungskraft 127N \/Betriebsdauer 10.000.000 Zyklen<\/td><\/tr><tr><td>Strom<\/td><td>6.000mAh aufladbarer Ii-Polymer-Akku<\/td><\/tr><tr><td>Kartenschlitze<\/td><td>Micro-SIM-KartensteckplatzI PSAM-Kartensteckplatz-z<\/td><\/tr><tr><td>USB-Schnittstelle<\/td><td>Micro USB \/ MOlEX-Anschluss\/Betriebsdauer 10.000 Zyklen<\/td><\/tr><tr><td>Audio<\/td><td>Gro\u00dfes Lautsprecher-Stereosystem<\/td><\/tr><tr><td>Vibrator<\/td><td>Knopfform\/10mm Durchmesser<\/td><\/tr><tr><td>Ladungsanzeige<\/td><td>BicolorLED<\/td><\/tr><tr><td colspan=\"2\"><strong>Drahtlose Kommunikation<\/strong><\/td><\/tr><tr><td>WIFI<\/td><td>IEEE 802.11 b\/g\/n<\/td><\/tr><tr><td>Bluetooth<\/td><td>61Betooth 4.0<\/td><\/tr><tr><td>3G<\/td><td>Huawei MU609\/ Fahrzeugklasse (optional)<\/td><\/tr><tr><td>4G<\/td><td>Huawei ME 909s \/Fahrzeugqualit\u00e4t (optional)<\/td><\/tr><tr><td colspan=\"2\"><strong>Anwendungsumgebung<\/strong><\/td><\/tr><tr><td>Betriebstemp.<\/td><td>-20\u00b0C bis 60\u00b0C<\/td><\/tr><tr><td>Lagerung Temp.<\/td><td>-40\u00b0C bis 70\u00b0C<\/td><\/tr><tr><td>Luftfeuchtigkeit<\/td><td>5%RH bis 95%RH (nicht kondensierend)<\/td><\/tr><tr><td>Schutzgrad<\/td><td>IP64<\/td><\/tr><tr><td>Sicherheitsfallh\u00f6he<\/td><td>2m \/6.56ft.<\/td><\/tr><tr><td colspan=\"2\"><strong>Datensammlungen<\/strong><\/td><\/tr><tr><td colspan=\"2\">1D-Strichcode (optional)<\/td><\/tr><tr><td>Motor<\/td><td>Symbol SE955<\/td><\/tr><tr><td>Unterst\u00fctzung<\/td><td>UPC\/EA Symbol SE955N \/ Code128 \/ Code39 \/ Cadell \/ Interleaved 2 of 5 \/ Discrete 2 of 5 \/ Chinese 2 of 5 \/ Codabar \/ MSI \/ RSS. etc.<\/td><\/tr><tr><td colspan=\"2\">2D-Strichcode (optional)<\/td><\/tr><tr><td>Motor<\/td><td>Symbol SE4750<\/td><\/tr><tr><td>Unterst\u00fctzung<\/td><td>Datamatrix\/QR Code\/PDF417\/US Planet \/UK Postal, etc.<\/td><\/tr><tr><td>UHF-RFID<\/td><td>&nbsp;<\/td><\/tr><tr><td>Motor<\/td><td>Rodinbell M-2600 Modul basierend auf Impinj Indy R2000 Chip<\/td><\/tr><tr><td>Buzzer<\/td><td>112\u00b09.5mm 12300\u00b1300Hz<\/td><\/tr><tr><td>Protokoll<\/td><td>EPC Global UHF Klasse 1Gen2 \/ISO 18000-6C\/ ISO16000-66<\/td><\/tr><tr><td>H\u00e4ufigkeit der Arbeit<\/td><td>840-960MHz<\/td><\/tr><tr><td>Ausgangsleistung<\/td><td>0-33d6m<\/td><\/tr><tr><td>Spitzeninventarisierungsgeschwindigkeit<\/td><td>&gt; 500Tage\/s<\/td><\/tr><tr><td>UHFAntenne<\/td><td>3dBi zirkular polarisierte Antenne<\/td><\/tr><tr><td>Entfernung lesen<\/td><td>6-7m(Getestetes Etikett: Impinj E41b)<\/td><\/tr><tr><td>Unterst\u00fctzte Regionen<\/td><td>USA, Kanada und andere Regionen, die uns folgen. FCC Europa und andere Regionen nach ETSI \/EN 302 208\/China \/Japan\/ Korea \/ Malaysia.<\/td><\/tr><tr><td>Kamera (optional)<\/td><td>13 Megapixel\/Automatikfokus\/Blitzlicht<\/td><\/tr><tr><td>Globales Positionsbestimmungssystem<\/td><td>GPS&amp;GLONASS<\/td><\/tr><tr><td colspan=\"2\"><strong>Zubeh\u00f6r<\/strong><\/td><\/tr><tr><td colspan=\"2\">Zwei Batterien Batteriefach Ladeger\u00e4t &amp; USB-Datenkabel H\u00e4ngespitze<\/td><\/tr><\/tbody><\/table><\/figure>\n\n\n\n<h5 class=\"wp-block-heading\" id=\"h-get-in-touch\"><strong>Kontakt aufnehmen<\/strong><\/h5>\n\n\n\n<p>F\u00fcr weitere Informationen \u00fcber Huayuans RFID <a href=\"https:\/\/huayuansh.com\/products\/\">Produkte<\/a>\u00a0und IoT\u00a0<a href=\"https:\/\/huayuansh.com\/applications\/\">Anwendungen<\/a>.<\/p>\n\n\n<style>.wp-block-kadence-advancedbtn.kb-btns3364_819742-9e{gap:var(--global-kb-gap-xs, 0.5rem );justify-content:flex-start;align-items:center;}.kt-btns3364_819742-9e .kt-button{font-weight:normal;font-style:normal;}.kt-btns3364_819742-9e .kt-btn-wrap-0{margin-right:5px;}.wp-block-kadence-advancedbtn.kt-btns3364_819742-9e .kt-btn-wrap-0 .kt-button{color:#555555;border-color:#555555;}.wp-block-kadence-advancedbtn.kt-btns3364_819742-9e .kt-btn-wrap-0 .kt-button:hover, .wp-block-kadence-advancedbtn.kt-btns3364_819742-9e .kt-btn-wrap-0 .kt-button:focus{color:#ffffff;border-color:#444444;}.wp-block-kadence-advancedbtn.kt-btns3364_819742-9e .kt-btn-wrap-0 .kt-button::before{display:none;}.wp-block-kadence-advancedbtn.kt-btns3364_819742-9e .kt-btn-wrap-0 .kt-button:hover, .wp-block-kadence-advancedbtn.kt-btns3364_819742-9e .kt-btn-wrap-0 .kt-button:focus{background:#444444;}<\/style>\n<div class=\"wp-block-kadence-advancedbtn kb-buttons-wrap kb-btns3364_819742-9e\"><style>ul.menu .wp-block-kadence-advancedbtn .kb-btn3364_048a49-80.kb-button{width:initial;}<\/style><a class=\"kb-button kt-button button kb-btn3364_048a49-80 kt-btn-size-standard kt-btn-width-type-auto kb-btn-global-inherit  kt-btn-has-text-true kt-btn-has-svg-false  wp-block-button__link wp-block-kadence-singlebtn\" href=\"https:\/\/huayuansh.com\/contact-us\/\"><span class=\"kt-btn-inner-text\">Kontakt<\/span><\/a><\/div>","protected":false},"excerpt":{"rendered":"<p>ORCA-50 RAIN UHF RFID Handheld Reader&nbsp;Data Terminal&nbsp;is adopt self-developed module based on Impinj Indy R2000 chip, with excellent stability and extremely strong multi-tag identification performance. It\u2019s from the killer whale inspired design, the appearance of dexterous and elegant, simple and well-proportioned, every detail has been repeated scrutiny, sense of proportion to handle properly, to create&#8230;<\/p>","protected":false},"author":1,"featured_media":3548,"parent":991,"menu_order":0,"comment_status":"closed","ping_status":"closed","template":"","meta":{"_kad_blocks_custom_css":"","_kad_blocks_head_custom_js":"","_kad_blocks_body_custom_js":"","_kad_blocks_footer_custom_js":"","_kadence_starter_templates_imported_post":false,"_kad_post_transparent":"","_kad_post_title":"","_kad_post_layout":"","_kad_post_sidebar_id":"","_kad_post_content_style":"","_kad_post_vertical_padding":"","_kad_post_feature":"","_kad_post_feature_position":"","_kad_post_header":false,"_kad_post_footer":false,"footnotes":""},"class_list":["post-3364","page","type-page","status-publish","has-post-thumbnail","hentry"],"yoast_head":"<!-- This site is optimized with the Yoast SEO Premium plugin v23.0 (Yoast SEO v26.3) - https:\/\/yoast.com\/wordpress\/plugins\/seo\/ -->\n<title>UHF Handheld Reader Data Terminal | HUAYUAN RFID Tag Manufacturer<\/title>\n<meta name=\"description\" content=\"ORCA-50 RAIN UHF Handheld Reader is adopt self-developed module based on Impinj Indy R2000 chip, with excellent stability and extremely strong multi-tag.\" \/>\n<meta name=\"robots\" content=\"index, follow, max-snippet:-1, max-image-preview:large, max-video-preview:-1\" \/>\n<link rel=\"canonical\" href=\"https:\/\/huayuansh.com\/de\/produkte\/rfid-lesegerate-und-module\/uhf-handheld-reader-daten-terminal\/\" \/>\n<meta property=\"og:locale\" content=\"de_DE\" \/>\n<meta property=\"og:type\" content=\"article\" \/>\n<meta property=\"og:title\" content=\"UHF Handheld Reader Data Terminal\" \/>\n<meta property=\"og:description\" content=\"ORCA-50 RAIN UHF Handheld Reader is adopt self-developed module based on Impinj Indy R2000 chip, with excellent stability and extremely strong multi-tag.\" \/>\n<meta property=\"og:url\" content=\"https:\/\/huayuansh.com\/de\/produkte\/rfid-lesegerate-und-module\/uhf-handheld-reader-daten-terminal\/\" \/>\n<meta property=\"og:site_name\" content=\"HUAYUAN RFID Tag Manufacturer\" \/>\n<meta property=\"article:modified_time\" content=\"2024-08-02T06:35:53+00:00\" \/>\n<meta property=\"og:image\" content=\"https:\/\/huayuansh.com\/wp-content\/uploads\/2024\/08\/UHF-Handheld-Reader-Data-Terminal.webp\" \/>\n\t<meta property=\"og:image:width\" content=\"1920\" \/>\n\t<meta property=\"og:image:height\" content=\"1080\" \/>\n\t<meta property=\"og:image:type\" content=\"image\/webp\" \/>\n<meta name=\"twitter:card\" content=\"summary_large_image\" \/>\n<meta name=\"twitter:label1\" content=\"Gesch\u00e4tzte Lesezeit\" \/>\n\t<meta name=\"twitter:data1\" content=\"4\u00a0Minuten\" \/>\n<script type=\"application\/ld+json\" class=\"yoast-schema-graph\">{\"@context\":\"https:\/\/schema.org\",\"@graph\":[{\"@type\":\"WebPage\",\"@id\":\"https:\/\/huayuansh.com\/products\/rfid-readers-modules\/uhf-handheld-reader-data-terminal\/\",\"url\":\"https:\/\/huayuansh.com\/products\/rfid-readers-modules\/uhf-handheld-reader-data-terminal\/\",\"name\":\"UHF Handheld Reader Data Terminal | HUAYUAN RFID Tag Manufacturer\",\"isPartOf\":{\"@id\":\"https:\/\/huayuansh.com\/#website\"},\"primaryImageOfPage\":{\"@id\":\"https:\/\/huayuansh.com\/products\/rfid-readers-modules\/uhf-handheld-reader-data-terminal\/#primaryimage\"},\"image\":{\"@id\":\"https:\/\/huayuansh.com\/products\/rfid-readers-modules\/uhf-handheld-reader-data-terminal\/#primaryimage\"},\"thumbnailUrl\":\"https:\/\/huayuansh.com\/wp-content\/uploads\/2024\/08\/UHF-Handheld-Reader-Data-Terminal.webp\",\"datePublished\":\"2024-07-15T02:41:18+00:00\",\"dateModified\":\"2024-08-02T06:35:53+00:00\",\"description\":\"ORCA-50 RAIN UHF Handheld Reader is adopt self-developed module based on Impinj Indy R2000 chip, with excellent stability and extremely strong multi-tag.\",\"breadcrumb\":{\"@id\":\"https:\/\/huayuansh.com\/products\/rfid-readers-modules\/uhf-handheld-reader-data-terminal\/#breadcrumb\"},\"inLanguage\":\"de\",\"potentialAction\":[{\"@type\":\"ReadAction\",\"target\":[\"https:\/\/huayuansh.com\/products\/rfid-readers-modules\/uhf-handheld-reader-data-terminal\/\"]}]},{\"@type\":\"ImageObject\",\"inLanguage\":\"de\",\"@id\":\"https:\/\/huayuansh.com\/products\/rfid-readers-modules\/uhf-handheld-reader-data-terminal\/#primaryimage\",\"url\":\"https:\/\/huayuansh.com\/wp-content\/uploads\/2024\/08\/UHF-Handheld-Reader-Data-Terminal.webp\",\"contentUrl\":\"https:\/\/huayuansh.com\/wp-content\/uploads\/2024\/08\/UHF-Handheld-Reader-Data-Terminal.webp\",\"width\":1920,\"height\":1080,\"caption\":\"UHF Handheld Reader Data Terminal\"},{\"@type\":\"BreadcrumbList\",\"@id\":\"https:\/\/huayuansh.com\/products\/rfid-readers-modules\/uhf-handheld-reader-data-terminal\/#breadcrumb\",\"itemListElement\":[{\"@type\":\"ListItem\",\"position\":1,\"name\":\"Home\",\"item\":\"https:\/\/huayuansh.com\/\"},{\"@type\":\"ListItem\",\"position\":2,\"name\":\"RFID Products\",\"item\":\"https:\/\/huayuansh.com\/products\/\"},{\"@type\":\"ListItem\",\"position\":3,\"name\":\"RFID Reader Devices\",\"item\":\"https:\/\/huayuansh.com\/products\/rfid-readers-modules\/\"},{\"@type\":\"ListItem\",\"position\":4,\"name\":\"UHF Handheld Reader Data Terminal\"}]},{\"@type\":\"WebSite\",\"@id\":\"https:\/\/huayuansh.com\/#website\",\"url\":\"https:\/\/huayuansh.com\/\",\"name\":\"HUAYUAN RFID Tag Manufacturer\",\"description\":\"HUAYUAN RFID Tag Manufacturer\",\"publisher\":{\"@id\":\"https:\/\/huayuansh.com\/#organization\"},\"potentialAction\":[{\"@type\":\"SearchAction\",\"target\":{\"@type\":\"EntryPoint\",\"urlTemplate\":\"https:\/\/huayuansh.com\/?s={search_term_string}\"},\"query-input\":{\"@type\":\"PropertyValueSpecification\",\"valueRequired\":true,\"valueName\":\"search_term_string\"}}],\"inLanguage\":\"de\"},{\"@type\":\"Organization\",\"@id\":\"https:\/\/huayuansh.com\/#organization\",\"name\":\"HUAYUAN RFID Tag Manufacturer\",\"url\":\"https:\/\/huayuansh.com\/\",\"logo\":{\"@type\":\"ImageObject\",\"inLanguage\":\"de\",\"@id\":\"https:\/\/huayuansh.com\/#\/schema\/logo\/image\/\",\"url\":\"https:\/\/huayuansh.com\/wp-content\/uploads\/2024\/09\/cropped-HUAYUAN.webp\",\"contentUrl\":\"https:\/\/huayuansh.com\/wp-content\/uploads\/2024\/09\/cropped-HUAYUAN.webp\",\"width\":895,\"height\":279,\"caption\":\"HUAYUAN RFID Tag Manufacturer\"},\"image\":{\"@id\":\"https:\/\/huayuansh.com\/#\/schema\/logo\/image\/\"}}]}<\/script>\n<!-- \/ Yoast SEO Premium plugin. -->","yoast_head_json":{"title":"UHF Handleseger\u00e4t Datenterminal | HUAYUAN RFID Tag Hersteller","description":"Das ORCA-50 RAIN UHF Handleseger\u00e4t ist ein selbstentwickeltes Modul, das auf dem Impinj Indy R2000 Chip basiert, mit ausgezeichneter Stabilit\u00e4t und extrem starkem Multi-Tag.","robots":{"index":"index","follow":"follow","max-snippet":"max-snippet:-1","max-image-preview":"max-image-preview:large","max-video-preview":"max-video-preview:-1"},"canonical":"https:\/\/huayuansh.com\/de\/produkte\/rfid-lesegerate-und-module\/uhf-handheld-reader-daten-terminal\/","og_locale":"de_DE","og_type":"article","og_title":"UHF Handheld Reader Data Terminal","og_description":"ORCA-50 RAIN UHF Handheld Reader is adopt self-developed module based on Impinj Indy R2000 chip, with excellent stability and extremely strong multi-tag.","og_url":"https:\/\/huayuansh.com\/de\/produkte\/rfid-lesegerate-und-module\/uhf-handheld-reader-daten-terminal\/","og_site_name":"HUAYUAN RFID Tag Manufacturer","article_modified_time":"2024-08-02T06:35:53+00:00","og_image":[{"width":1920,"height":1080,"url":"https:\/\/huayuansh.com\/wp-content\/uploads\/2024\/08\/UHF-Handheld-Reader-Data-Terminal.webp","type":"image\/webp"}],"twitter_card":"summary_large_image","twitter_misc":{"Gesch\u00e4tzte Lesezeit":"4\u00a0Minuten"},"schema":{"@context":"https:\/\/schema.org","@graph":[{"@type":"WebPage","@id":"https:\/\/huayuansh.com\/products\/rfid-readers-modules\/uhf-handheld-reader-data-terminal\/","url":"https:\/\/huayuansh.com\/products\/rfid-readers-modules\/uhf-handheld-reader-data-terminal\/","name":"UHF Handleseger\u00e4t Datenterminal | HUAYUAN RFID Tag Hersteller","isPartOf":{"@id":"https:\/\/huayuansh.com\/#website"},"primaryImageOfPage":{"@id":"https:\/\/huayuansh.com\/products\/rfid-readers-modules\/uhf-handheld-reader-data-terminal\/#primaryimage"},"image":{"@id":"https:\/\/huayuansh.com\/products\/rfid-readers-modules\/uhf-handheld-reader-data-terminal\/#primaryimage"},"thumbnailUrl":"https:\/\/huayuansh.com\/wp-content\/uploads\/2024\/08\/UHF-Handheld-Reader-Data-Terminal.webp","datePublished":"2024-07-15T02:41:18+00:00","dateModified":"2024-08-02T06:35:53+00:00","description":"Das ORCA-50 RAIN UHF Handleseger\u00e4t ist ein selbstentwickeltes Modul, das auf dem Impinj Indy R2000 Chip basiert, mit ausgezeichneter Stabilit\u00e4t und extrem starkem Multi-Tag.","breadcrumb":{"@id":"https:\/\/huayuansh.com\/products\/rfid-readers-modules\/uhf-handheld-reader-data-terminal\/#breadcrumb"},"inLanguage":"de","potentialAction":[{"@type":"ReadAction","target":["https:\/\/huayuansh.com\/products\/rfid-readers-modules\/uhf-handheld-reader-data-terminal\/"]}]},{"@type":"ImageObject","inLanguage":"de","@id":"https:\/\/huayuansh.com\/products\/rfid-readers-modules\/uhf-handheld-reader-data-terminal\/#primaryimage","url":"https:\/\/huayuansh.com\/wp-content\/uploads\/2024\/08\/UHF-Handheld-Reader-Data-Terminal.webp","contentUrl":"https:\/\/huayuansh.com\/wp-content\/uploads\/2024\/08\/UHF-Handheld-Reader-Data-Terminal.webp","width":1920,"height":1080,"caption":"UHF Handheld Reader Data Terminal"},{"@type":"BreadcrumbList","@id":"https:\/\/huayuansh.com\/products\/rfid-readers-modules\/uhf-handheld-reader-data-terminal\/#breadcrumb","itemListElement":[{"@type":"ListItem","position":1,"name":"Home","item":"https:\/\/huayuansh.com\/"},{"@type":"ListItem","position":2,"name":"RFID Products","item":"https:\/\/huayuansh.com\/products\/"},{"@type":"ListItem","position":3,"name":"RFID Reader Devices","item":"https:\/\/huayuansh.com\/products\/rfid-readers-modules\/"},{"@type":"ListItem","position":4,"name":"UHF Handheld Reader Data Terminal"}]},{"@type":"WebSite","@id":"https:\/\/huayuansh.com\/#website","url":"https:\/\/huayuansh.com\/","name":"HUAYUAN RFID Tag Hersteller","description":"HUAYUAN RFID Tag Hersteller","publisher":{"@id":"https:\/\/huayuansh.com\/#organization"},"potentialAction":[{"@type":"SearchAction","target":{"@type":"EntryPoint","urlTemplate":"https:\/\/huayuansh.com\/?s={search_term_string}"},"query-input":{"@type":"PropertyValueSpecification","valueRequired":true,"valueName":"search_term_string"}}],"inLanguage":"de"},{"@type":"Organization","@id":"https:\/\/huayuansh.com\/#organization","name":"HUAYUAN RFID Tag Hersteller","url":"https:\/\/huayuansh.com\/","logo":{"@type":"ImageObject","inLanguage":"de","@id":"https:\/\/huayuansh.com\/#\/schema\/logo\/image\/","url":"https:\/\/huayuansh.com\/wp-content\/uploads\/2024\/09\/cropped-HUAYUAN.webp","contentUrl":"https:\/\/huayuansh.com\/wp-content\/uploads\/2024\/09\/cropped-HUAYUAN.webp","width":895,"height":279,"caption":"HUAYUAN RFID Tag Manufacturer"},"image":{"@id":"https:\/\/huayuansh.com\/#\/schema\/logo\/image\/"}}]}},"taxonomy_info":[],"featured_image_src_large":["https:\/\/huayuansh.com\/wp-content\/uploads\/2024\/08\/UHF-Handheld-Reader-Data-Terminal-1024x576.webp",1024,576,true],"author_info":{"display_name":"HUAYUAN","author_link":"https:\/\/huayuansh.com\/de\/author\/shyec2024\/"},"comment_info":0,"_links":{"self":[{"href":"https:\/\/huayuansh.com\/de\/wp-json\/wp\/v2\/pages\/3364","targetHints":{"allow":["GET"]}}],"collection":[{"href":"https:\/\/huayuansh.com\/de\/wp-json\/wp\/v2\/pages"}],"about":[{"href":"https:\/\/huayuansh.com\/de\/wp-json\/wp\/v2\/types\/page"}],"author":[{"embeddable":true,"href":"https:\/\/huayuansh.com\/de\/wp-json\/wp\/v2\/users\/1"}],"replies":[{"embeddable":true,"href":"https:\/\/huayuansh.com\/de\/wp-json\/wp\/v2\/comments?post=3364"}],"version-history":[{"count":2,"href":"https:\/\/huayuansh.com\/de\/wp-json\/wp\/v2\/pages\/3364\/revisions"}],"predecessor-version":[{"id":3546,"href":"https:\/\/huayuansh.com\/de\/wp-json\/wp\/v2\/pages\/3364\/revisions\/3546"}],"up":[{"embeddable":true,"href":"https:\/\/huayuansh.com\/de\/wp-json\/wp\/v2\/pages\/991"}],"wp:featuredmedia":[{"embeddable":true,"href":"https:\/\/huayuansh.com\/de\/wp-json\/wp\/v2\/media\/3548"}],"wp:attachment":[{"href":"https:\/\/huayuansh.com\/de\/wp-json\/wp\/v2\/media?parent=3364"}],"curies":[{"name":"wp","href":"https:\/\/api.w.org\/{rel}","templated":true}]}}