{"id":3368,"date":"2024-07-15T11:07:50","date_gmt":"2024-07-15T03:07:50","guid":{"rendered":"https:\/\/huayuansh.com\/?page_id=3368"},"modified":"2024-08-02T16:18:26","modified_gmt":"2024-08-02T08:18:26","slug":"rain-rfid-leseantenne","status":"publish","type":"page","link":"https:\/\/huayuansh.com\/de\/produkte\/rfid-lesegerate-und-module\/rain-rfid-leseantenne\/","title":{"rendered":"RAIN RFID-Leseger\u00e4t Antenne"},"content":{"rendered":"<p><strong>HUAYUAN RAIN RFID UHF Leser Antenne&nbsp;<\/strong>sendet eine Welle aus, die sowohl elektrische als auch magnetische Eigenschaften hat und als elektromagnetische Welle bezeichnet wird. Es gibt 2 verschiedene Arten von RFID-Antennen<strong>Zirkulare Polarisation<\/strong>&nbsp;oder<strong>&nbsp;Lineare Polarisierung<\/strong>:<\/p>\n\n\n\n<p><strong>Lineare Polarisation (Dipolantennen)<\/strong>\u00a0- die elektromagnetische Welle breitet sich vollst\u00e4ndig in einer Ebene (vertikal oder horizontal) in Richtung der Signalausbreitung aus. Dies ist die beste Wellenausbreitung, wenn die Ausrichtung des Etiketts bekannt und fest ist. Die RFID-Antenne und\u00a0<a href=\"https:\/\/huayuansh.com\/products\/industrial-rfid-tags\/\">RFID-Etikett<\/a>\u00a0sollten in ihrer Polarisation aufeinander abgestimmt sein, um die besten Leseraten zu erzielen.<\/p>\n\n\n\n<p><strong>Zirkulare Polarisierung (Helix, gekreuzte Dipole und Patch)<\/strong>&nbsp;- Die elektromagnetische Welle breitet sich in zwei Ebenen aus und erzeugt einen Kreiseffekt (wie ein Korkenzieher), der in einem Zeitrahmen von einer Wellenl\u00e4nge eine vollst\u00e4ndige Umdrehung macht. Da die RFID-Antenne kontinuierlich eine Wellenl\u00e4nge ausstrahlt, wird das Rotationsfeld schlie\u00dflich jeden Tag abdecken, der sich in seinem Weg befindet. Diese Methode ist am besten geeignet, wenn die Ausrichtung des Tags nicht bekannt ist, aber man verliert mindestens 3 dB im Vergleich zu einer linear polarisierten Antenne. Die zirkulare Polarisation kann rechts- oder linksh\u00e4ndig sein, daher die Optionen RHCP und LHCP f\u00fcr zirkular polarisierte Antennen.<\/p>\n\n\n\n<p>HUAYUAN RAIN UHF RFID Reader Antenna ist eine High-End UHF RFID Antenne mit hoher Verst\u00e4rkung und niedrigem Stehwellenverh\u00e4ltnis f\u00fcr beste Leistung. Engineering Kunststoffgeh\u00e4use, IP66 robuste Konstruktion, hohe Schutzart f\u00fcr breite Verwendung mit unseren S-8600, S-8800 <a href=\"https:\/\/huayuansh.com\/products\/rfid-readers-modules\/fixed-rfid-readers\/\">Festes UHF-Leseger\u00e4t<\/a>wie etwa die Verfolgung von Verm\u00f6genswerten,\u00a0<a href=\"https:\/\/huayuansh.com\/the-reasons-for-rfid-technology-in-warehouse-management\/\">Lagerverwaltung<\/a>Intelligente Verkehrssteuerung, Fahrzeugverfolgung, Verwaltung von Produktionslinien, intelligente Gewichtsmessung usw.<\/p>\n\n\n\n<h2 class=\"wp-block-heading\" id=\"h-uhf-rfid-reader-antenna-features\">UHF-RFID-Leser-Antenne Merkmale<\/h2>\n\n\n\n<p>- Leistungsstark: Maximale RFID-Leistung, Lesereichweite bis zu 15m(9dBi) \/ 20m(12dBi) (max. 10-30m)<br>- Erweitert: Ausgezeichnete Multi-Tag-Lesefunktion, &gt;400 Mal pro Sekunde<br>- Industriell: IP66 robust, f\u00fcr den Einsatz in rauen Umgebungen<br>- Breite Anwendung: Am besten f\u00fcr lange Leseentfernung Anwendung wie Lagerhaltung, Logistik, Produktion, Hof<\/p>\n\n\n<div class=\"wp-block-image\">\n<figure class=\"aligncenter size-large\"><img loading=\"lazy\" decoding=\"async\" width=\"1024\" height=\"576\" src=\"https:\/\/huayuansh.com\/wp-content\/uploads\/2024\/08\/RAIN-RFID-Reader-Antenna-Features-1024x576.webp\" alt=\"RAIN RFID Reader Antenne Merkmale\" class=\"wp-image-3550\" srcset=\"https:\/\/huayuansh.com\/wp-content\/uploads\/2024\/08\/RAIN-RFID-Reader-Antenna-Features-1024x576.webp 1024w, https:\/\/huayuansh.com\/wp-content\/uploads\/2024\/08\/RAIN-RFID-Reader-Antenna-Features-300x169.webp 300w, https:\/\/huayuansh.com\/wp-content\/uploads\/2024\/08\/RAIN-RFID-Reader-Antenna-Features-768x432.webp 768w, https:\/\/huayuansh.com\/wp-content\/uploads\/2024\/08\/RAIN-RFID-Reader-Antenna-Features.webp 1280w\" sizes=\"auto, (max-width: 1024px) 100vw, 1024px\" \/><\/figure><\/div>\n\n\n<h2 class=\"wp-block-heading\" id=\"h-rain-rfid-reader-antenna-specification\">RAIN RFID Leser Antenne Spezifikation<strong><\/strong><\/h2>\n\n\n\n<figure class=\"wp-block-table\"><table><tbody><tr><td colspan=\"3\"><strong>Technische Parameter<\/strong><\/td><\/tr><tr><td>Frequenz<\/td><td>860~928MHz<\/td><td>860~928MHz<\/td><\/tr><tr><td>Gewinnen Sie<\/td><td><strong>9dBi<\/strong><\/td><td><strong>12dBi<\/strong><\/td><\/tr><tr><td>Breite des Strahls<\/td><td>Hor: 70\u00b0 Ver: 70\u00b0<\/td><td>Hor: 45 Ver: 45\u00b0<\/td><\/tr><tr><td>Polarisierung<\/td><td>Rundschreiben<\/td><td>Rundschreiben<\/td><\/tr><tr><td>VSWR<\/td><td>\u22641.4<\/td><td>\u22641.3<\/td><\/tr><tr><td>F\/B-Verh\u00e4ltnis<\/td><td>\u226520<\/td><td>\u226525<\/td><\/tr><tr><td>Impedanz<\/td><td>50\u03a9<\/td><td>50\u03a9<\/td><\/tr><tr><td>Maximale Leistung<\/td><td>50W<\/td><td>100W<\/td><\/tr><tr><td>Blitzschutz<\/td><td>DC-Erde<\/td><td>DC-Erde<\/td><\/tr><tr><td>Anschluss<\/td><td>SMA-Buchse<\/td><td>SMA-Buchse<\/td><\/tr><tr><td colspan=\"3\"><strong>Physikalische Spezifikationen<\/strong><\/td><\/tr><tr><td>Dimension<\/td><td>260*260*45mm<\/td><td>445*445*40mm<\/td><\/tr><tr><td>Nettogewicht<\/td><td>1,75 kg<\/td><td>2,3 kg<\/td><\/tr><tr><td>Packungsgr\u00f6\u00dfe<\/td><td>45*35*14,5cm<\/td><td>60*48*11cm<\/td><\/tr><tr><td>Bruttogewicht<\/td><td>2kg<\/td><td>4,25 kg<\/td><\/tr><tr><td>Material des Radoms<\/td><td>ABS<\/td><td>ABS<\/td><\/tr><tr><td>Farbe des Radoms<\/td><td>Wei\u00df<\/td><td>Wei\u00df<\/td><\/tr><tr><td>Durchmesser des Pols<\/td><td>\u03a640-60mm<\/td><td>\u03a640-80mm<\/td><\/tr><tr><td>Windgeschwindigkeit<\/td><td>60m\/s<\/td><td>60m\/s<\/td><\/tr><tr><td>Betriebstemperatur<\/td><td>-40~70\u00b0C<\/td><td>-40~70\u00b0C<\/td><\/tr><\/tbody><\/table><\/figure>\n\n\n\n<h5 class=\"wp-block-heading\" id=\"h-get-in-touch\"><strong>Kontakt aufnehmen<\/strong><\/h5>\n\n\n\n<p>Weitere Informationen \u00fcber die RFID-Leseger\u00e4te und -Tags von Huayuan sowie \u00fcber IoT-Anwendungen.<\/p>\n\n\n<style>.wp-block-kadence-advancedbtn.kb-btns3368_881ca8-b1{gap:var(--global-kb-gap-xs, 0.5rem );justify-content:flex-start;align-items:center;}.kt-btns3368_881ca8-b1 .kt-button{font-weight:normal;font-style:normal;}.kt-btns3368_881ca8-b1 .kt-btn-wrap-0{margin-right:5px;}.wp-block-kadence-advancedbtn.kt-btns3368_881ca8-b1 .kt-btn-wrap-0 .kt-button{color:#555555;border-color:#555555;}.wp-block-kadence-advancedbtn.kt-btns3368_881ca8-b1 .kt-btn-wrap-0 .kt-button:hover, .wp-block-kadence-advancedbtn.kt-btns3368_881ca8-b1 .kt-btn-wrap-0 .kt-button:focus{color:#ffffff;border-color:#444444;}.wp-block-kadence-advancedbtn.kt-btns3368_881ca8-b1 .kt-btn-wrap-0 .kt-button::before{display:none;}.wp-block-kadence-advancedbtn.kt-btns3368_881ca8-b1 .kt-btn-wrap-0 .kt-button:hover, .wp-block-kadence-advancedbtn.kt-btns3368_881ca8-b1 .kt-btn-wrap-0 .kt-button:focus{background:#444444;}<\/style>\n<div class=\"wp-block-kadence-advancedbtn kb-buttons-wrap kb-btns3368_881ca8-b1\"><style>ul.menu .wp-block-kadence-advancedbtn .kb-btn3368_565bef-99.kb-button{width:initial;}<\/style><a class=\"kb-button kt-button button kb-btn3368_565bef-99 kt-btn-size-standard kt-btn-width-type-auto kb-btn-global-inherit  kt-btn-has-text-true kt-btn-has-svg-false  wp-block-button__link wp-block-kadence-singlebtn\" href=\"https:\/\/huayuansh.com\/contact-us\/\"><span class=\"kt-btn-inner-text\">Kontakt<\/span><\/a><\/div>","protected":false},"excerpt":{"rendered":"<p>HUAYUAN RAIN RFID&nbsp;UHF&nbsp;Reader Antenna&nbsp;transmits a wave that has both electrical and magnetic properties and is known as an electromagnetic wave. There are 2 different types of&nbsp;RFID antennas, Circular Polarization&nbsp;or&nbsp;Linear Polarization: Linear Polarization (dipole antennas)\u00a0\u2013 the electromagnetic wave propagates entirely in one plane (Vertical or Horizontal) in the direction of the signal propagation. This is the&#8230;<\/p>","protected":false},"author":1,"featured_media":3568,"parent":991,"menu_order":0,"comment_status":"closed","ping_status":"closed","template":"","meta":{"_kad_blocks_custom_css":"","_kad_blocks_head_custom_js":"","_kad_blocks_body_custom_js":"","_kad_blocks_footer_custom_js":"","_kadence_starter_templates_imported_post":false,"_kad_post_transparent":"","_kad_post_title":"","_kad_post_layout":"","_kad_post_sidebar_id":"","_kad_post_content_style":"","_kad_post_vertical_padding":"","_kad_post_feature":"","_kad_post_feature_position":"","_kad_post_header":false,"_kad_post_footer":false,"footnotes":""},"class_list":["post-3368","page","type-page","status-publish","has-post-thumbnail","hentry"],"yoast_head":"<!-- This site is optimized with the Yoast SEO Premium plugin v23.0 (Yoast SEO v26.3) - https:\/\/yoast.com\/wordpress\/plugins\/seo\/ -->\n<title>RAIN RFID Reader Antenna | HUAYUAN RFID Tag Manufacturer<\/title>\n<meta name=\"description\" content=\"HUAYUAN RAIN UHF Reader Antenna is designed high-end UHF RFID Antenna, high gain but low standing-wave ratio brings best performance.\" \/>\n<meta name=\"robots\" content=\"index, follow, max-snippet:-1, max-image-preview:large, max-video-preview:-1\" \/>\n<link rel=\"canonical\" href=\"https:\/\/huayuansh.com\/de\/produkte\/rfid-lesegerate-und-module\/rain-rfid-leseantenne\/\" \/>\n<meta property=\"og:locale\" content=\"de_DE\" \/>\n<meta property=\"og:type\" content=\"article\" \/>\n<meta property=\"og:title\" content=\"RAIN RFID Reader Antenna\" \/>\n<meta property=\"og:description\" content=\"HUAYUAN RAIN UHF Reader Antenna is designed high-end UHF RFID Antenna, high gain but low standing-wave ratio brings best performance.\" \/>\n<meta property=\"og:url\" content=\"https:\/\/huayuansh.com\/de\/produkte\/rfid-lesegerate-und-module\/rain-rfid-leseantenne\/\" \/>\n<meta property=\"og:site_name\" content=\"HUAYUAN RFID Tag Manufacturer\" \/>\n<meta property=\"article:modified_time\" content=\"2024-08-02T08:18:26+00:00\" \/>\n<meta property=\"og:image\" content=\"https:\/\/huayuansh.com\/wp-content\/uploads\/2024\/08\/RFID-Reader-Antenna.webp\" \/>\n\t<meta property=\"og:image:width\" content=\"1920\" \/>\n\t<meta property=\"og:image:height\" content=\"1080\" \/>\n\t<meta property=\"og:image:type\" content=\"image\/webp\" \/>\n<meta name=\"twitter:card\" content=\"summary_large_image\" \/>\n<meta name=\"twitter:label1\" content=\"Gesch\u00e4tzte Lesezeit\" \/>\n\t<meta name=\"twitter:data1\" content=\"3\u00a0Minuten\" \/>\n<script type=\"application\/ld+json\" class=\"yoast-schema-graph\">{\"@context\":\"https:\/\/schema.org\",\"@graph\":[{\"@type\":\"WebPage\",\"@id\":\"https:\/\/huayuansh.com\/products\/rfid-readers-modules\/rain-rfid-reader-antenna\/\",\"url\":\"https:\/\/huayuansh.com\/products\/rfid-readers-modules\/rain-rfid-reader-antenna\/\",\"name\":\"RAIN RFID Reader Antenna | HUAYUAN RFID Tag Manufacturer\",\"isPartOf\":{\"@id\":\"https:\/\/huayuansh.com\/#website\"},\"primaryImageOfPage\":{\"@id\":\"https:\/\/huayuansh.com\/products\/rfid-readers-modules\/rain-rfid-reader-antenna\/#primaryimage\"},\"image\":{\"@id\":\"https:\/\/huayuansh.com\/products\/rfid-readers-modules\/rain-rfid-reader-antenna\/#primaryimage\"},\"thumbnailUrl\":\"https:\/\/huayuansh.com\/wp-content\/uploads\/2024\/08\/RFID-Reader-Antenna.webp\",\"datePublished\":\"2024-07-15T03:07:50+00:00\",\"dateModified\":\"2024-08-02T08:18:26+00:00\",\"description\":\"HUAYUAN RAIN UHF Reader Antenna is designed high-end UHF RFID Antenna, high gain but low standing-wave ratio brings best performance.\",\"breadcrumb\":{\"@id\":\"https:\/\/huayuansh.com\/products\/rfid-readers-modules\/rain-rfid-reader-antenna\/#breadcrumb\"},\"inLanguage\":\"de\",\"potentialAction\":[{\"@type\":\"ReadAction\",\"target\":[\"https:\/\/huayuansh.com\/products\/rfid-readers-modules\/rain-rfid-reader-antenna\/\"]}]},{\"@type\":\"ImageObject\",\"inLanguage\":\"de\",\"@id\":\"https:\/\/huayuansh.com\/products\/rfid-readers-modules\/rain-rfid-reader-antenna\/#primaryimage\",\"url\":\"https:\/\/huayuansh.com\/wp-content\/uploads\/2024\/08\/RFID-Reader-Antenna.webp\",\"contentUrl\":\"https:\/\/huayuansh.com\/wp-content\/uploads\/2024\/08\/RFID-Reader-Antenna.webp\",\"width\":1920,\"height\":1080,\"caption\":\"RFID Reader Antenna\"},{\"@type\":\"BreadcrumbList\",\"@id\":\"https:\/\/huayuansh.com\/products\/rfid-readers-modules\/rain-rfid-reader-antenna\/#breadcrumb\",\"itemListElement\":[{\"@type\":\"ListItem\",\"position\":1,\"name\":\"Home\",\"item\":\"https:\/\/huayuansh.com\/\"},{\"@type\":\"ListItem\",\"position\":2,\"name\":\"RFID Products\",\"item\":\"https:\/\/huayuansh.com\/products\/\"},{\"@type\":\"ListItem\",\"position\":3,\"name\":\"RFID Reader Devices\",\"item\":\"https:\/\/huayuansh.com\/products\/rfid-readers-modules\/\"},{\"@type\":\"ListItem\",\"position\":4,\"name\":\"RAIN RFID Reader Antenna\"}]},{\"@type\":\"WebSite\",\"@id\":\"https:\/\/huayuansh.com\/#website\",\"url\":\"https:\/\/huayuansh.com\/\",\"name\":\"HUAYUAN RFID Tag Manufacturer\",\"description\":\"HUAYUAN RFID Tag Manufacturer\",\"publisher\":{\"@id\":\"https:\/\/huayuansh.com\/#organization\"},\"potentialAction\":[{\"@type\":\"SearchAction\",\"target\":{\"@type\":\"EntryPoint\",\"urlTemplate\":\"https:\/\/huayuansh.com\/?s={search_term_string}\"},\"query-input\":{\"@type\":\"PropertyValueSpecification\",\"valueRequired\":true,\"valueName\":\"search_term_string\"}}],\"inLanguage\":\"de\"},{\"@type\":\"Organization\",\"@id\":\"https:\/\/huayuansh.com\/#organization\",\"name\":\"HUAYUAN RFID Tag Manufacturer\",\"url\":\"https:\/\/huayuansh.com\/\",\"logo\":{\"@type\":\"ImageObject\",\"inLanguage\":\"de\",\"@id\":\"https:\/\/huayuansh.com\/#\/schema\/logo\/image\/\",\"url\":\"https:\/\/huayuansh.com\/wp-content\/uploads\/2024\/09\/cropped-HUAYUAN.webp\",\"contentUrl\":\"https:\/\/huayuansh.com\/wp-content\/uploads\/2024\/09\/cropped-HUAYUAN.webp\",\"width\":895,\"height\":279,\"caption\":\"HUAYUAN RFID Tag Manufacturer\"},\"image\":{\"@id\":\"https:\/\/huayuansh.com\/#\/schema\/logo\/image\/\"}}]}<\/script>\n<!-- \/ Yoast SEO Premium plugin. -->","yoast_head_json":{"title":"RAIN RFID Leseger\u00e4t Antenne | HUAYUAN RFID Tag Hersteller","description":"HUAYUAN RAIN UHF-Leserantenne ist eine High-End-UHF-RFID-Antenne mit hoher Verst\u00e4rkung und niedrigem Stehwellenverh\u00e4ltnis, die beste Leistung bietet.","robots":{"index":"index","follow":"follow","max-snippet":"max-snippet:-1","max-image-preview":"max-image-preview:large","max-video-preview":"max-video-preview:-1"},"canonical":"https:\/\/huayuansh.com\/de\/produkte\/rfid-lesegerate-und-module\/rain-rfid-leseantenne\/","og_locale":"de_DE","og_type":"article","og_title":"RAIN RFID Reader Antenna","og_description":"HUAYUAN RAIN UHF Reader Antenna is designed high-end UHF RFID Antenna, high gain but low standing-wave ratio brings best performance.","og_url":"https:\/\/huayuansh.com\/de\/produkte\/rfid-lesegerate-und-module\/rain-rfid-leseantenne\/","og_site_name":"HUAYUAN RFID Tag Manufacturer","article_modified_time":"2024-08-02T08:18:26+00:00","og_image":[{"width":1920,"height":1080,"url":"https:\/\/huayuansh.com\/wp-content\/uploads\/2024\/08\/RFID-Reader-Antenna.webp","type":"image\/webp"}],"twitter_card":"summary_large_image","twitter_misc":{"Gesch\u00e4tzte Lesezeit":"3\u00a0Minuten"},"schema":{"@context":"https:\/\/schema.org","@graph":[{"@type":"WebPage","@id":"https:\/\/huayuansh.com\/products\/rfid-readers-modules\/rain-rfid-reader-antenna\/","url":"https:\/\/huayuansh.com\/products\/rfid-readers-modules\/rain-rfid-reader-antenna\/","name":"RAIN RFID Leseger\u00e4t Antenne | HUAYUAN RFID Tag Hersteller","isPartOf":{"@id":"https:\/\/huayuansh.com\/#website"},"primaryImageOfPage":{"@id":"https:\/\/huayuansh.com\/products\/rfid-readers-modules\/rain-rfid-reader-antenna\/#primaryimage"},"image":{"@id":"https:\/\/huayuansh.com\/products\/rfid-readers-modules\/rain-rfid-reader-antenna\/#primaryimage"},"thumbnailUrl":"https:\/\/huayuansh.com\/wp-content\/uploads\/2024\/08\/RFID-Reader-Antenna.webp","datePublished":"2024-07-15T03:07:50+00:00","dateModified":"2024-08-02T08:18:26+00:00","description":"HUAYUAN RAIN UHF-Leserantenne ist eine High-End-UHF-RFID-Antenne mit hoher Verst\u00e4rkung und niedrigem Stehwellenverh\u00e4ltnis, die beste Leistung bietet.","breadcrumb":{"@id":"https:\/\/huayuansh.com\/products\/rfid-readers-modules\/rain-rfid-reader-antenna\/#breadcrumb"},"inLanguage":"de","potentialAction":[{"@type":"ReadAction","target":["https:\/\/huayuansh.com\/products\/rfid-readers-modules\/rain-rfid-reader-antenna\/"]}]},{"@type":"ImageObject","inLanguage":"de","@id":"https:\/\/huayuansh.com\/products\/rfid-readers-modules\/rain-rfid-reader-antenna\/#primaryimage","url":"https:\/\/huayuansh.com\/wp-content\/uploads\/2024\/08\/RFID-Reader-Antenna.webp","contentUrl":"https:\/\/huayuansh.com\/wp-content\/uploads\/2024\/08\/RFID-Reader-Antenna.webp","width":1920,"height":1080,"caption":"RFID Reader Antenna"},{"@type":"BreadcrumbList","@id":"https:\/\/huayuansh.com\/products\/rfid-readers-modules\/rain-rfid-reader-antenna\/#breadcrumb","itemListElement":[{"@type":"ListItem","position":1,"name":"Home","item":"https:\/\/huayuansh.com\/"},{"@type":"ListItem","position":2,"name":"RFID Products","item":"https:\/\/huayuansh.com\/products\/"},{"@type":"ListItem","position":3,"name":"RFID Reader Devices","item":"https:\/\/huayuansh.com\/products\/rfid-readers-modules\/"},{"@type":"ListItem","position":4,"name":"RAIN RFID Reader Antenna"}]},{"@type":"WebSite","@id":"https:\/\/huayuansh.com\/#website","url":"https:\/\/huayuansh.com\/","name":"HUAYUAN RFID Tag Hersteller","description":"HUAYUAN RFID Tag Hersteller","publisher":{"@id":"https:\/\/huayuansh.com\/#organization"},"potentialAction":[{"@type":"SearchAction","target":{"@type":"EntryPoint","urlTemplate":"https:\/\/huayuansh.com\/?s={search_term_string}"},"query-input":{"@type":"PropertyValueSpecification","valueRequired":true,"valueName":"search_term_string"}}],"inLanguage":"de"},{"@type":"Organization","@id":"https:\/\/huayuansh.com\/#organization","name":"HUAYUAN RFID Tag Hersteller","url":"https:\/\/huayuansh.com\/","logo":{"@type":"ImageObject","inLanguage":"de","@id":"https:\/\/huayuansh.com\/#\/schema\/logo\/image\/","url":"https:\/\/huayuansh.com\/wp-content\/uploads\/2024\/09\/cropped-HUAYUAN.webp","contentUrl":"https:\/\/huayuansh.com\/wp-content\/uploads\/2024\/09\/cropped-HUAYUAN.webp","width":895,"height":279,"caption":"HUAYUAN RFID Tag Manufacturer"},"image":{"@id":"https:\/\/huayuansh.com\/#\/schema\/logo\/image\/"}}]}},"taxonomy_info":[],"featured_image_src_large":["https:\/\/huayuansh.com\/wp-content\/uploads\/2024\/08\/RFID-Reader-Antenna-1024x576.webp",1024,576,true],"author_info":{"display_name":"HUAYUAN","author_link":"https:\/\/huayuansh.com\/de\/author\/shyec2024\/"},"comment_info":0,"_links":{"self":[{"href":"https:\/\/huayuansh.com\/de\/wp-json\/wp\/v2\/pages\/3368","targetHints":{"allow":["GET"]}}],"collection":[{"href":"https:\/\/huayuansh.com\/de\/wp-json\/wp\/v2\/pages"}],"about":[{"href":"https:\/\/huayuansh.com\/de\/wp-json\/wp\/v2\/types\/page"}],"author":[{"embeddable":true,"href":"https:\/\/huayuansh.com\/de\/wp-json\/wp\/v2\/users\/1"}],"replies":[{"embeddable":true,"href":"https:\/\/huayuansh.com\/de\/wp-json\/wp\/v2\/comments?post=3368"}],"version-history":[{"count":2,"href":"https:\/\/huayuansh.com\/de\/wp-json\/wp\/v2\/pages\/3368\/revisions"}],"predecessor-version":[{"id":3552,"href":"https:\/\/huayuansh.com\/de\/wp-json\/wp\/v2\/pages\/3368\/revisions\/3552"}],"up":[{"embeddable":true,"href":"https:\/\/huayuansh.com\/de\/wp-json\/wp\/v2\/pages\/991"}],"wp:featuredmedia":[{"embeddable":true,"href":"https:\/\/huayuansh.com\/de\/wp-json\/wp\/v2\/media\/3568"}],"wp:attachment":[{"href":"https:\/\/huayuansh.com\/de\/wp-json\/wp\/v2\/media?parent=3368"}],"curies":[{"name":"wp","href":"https:\/\/api.w.org\/{rel}","templated":true}]}}