{"id":3380,"date":"2024-07-15T13:42:10","date_gmt":"2024-07-15T05:42:10","guid":{"rendered":"https:\/\/huayuansh.com\/?page_id=3380"},"modified":"2024-08-07T09:13:12","modified_gmt":"2024-08-07T01:13:12","slug":"ecotrack-intelligente-behalter-etikette","status":"publish","type":"page","link":"https:\/\/huayuansh.com\/de\/produkte\/industrielle-rfid-tags\/ecotrack-intelligente-behalter-etikette\/","title":{"rendered":"EcoTrack Smart Bin Tag"},"content":{"rendered":"<p>Das EcoTrack Smart Bin Tag wurde als flexible und intelligente L\u00f6sung f\u00fcr das Abfallmanagement entwickelt. Das aus strapazierf\u00e4higem Kunststoff gefertigte Etikett ist so konstruiert, dass es auch den h\u00e4rtesten Bedingungen standh\u00e4lt und Langlebigkeit und Zuverl\u00e4ssigkeit gew\u00e4hrleistet. Es l\u00e4sst sich mit 3M-Klebeband oder sicheren Nieten leicht an Abfallbeh\u00e4ltern anbringen und bietet so Flexibilit\u00e4t bei der Installation.<\/p>\n\n\n\n<p>Unser Smart Bin Tag ist mit RFID (UHF)-Technologie ausgestattet und erm\u00f6glicht eine m\u00fchelose und genaue \u00dcberpr\u00fcfung der Dienstleistung. Wenn sich ein RFID-Leseger\u00e4t in der N\u00e4he befindet, wird der Beh\u00e4lter sofort erkannt, was einen effizienten Datenabruf erm\u00f6glicht. Dazu geh\u00f6ren Identifikationsnummern, Eigent\u00fcmerinformationen, Beh\u00e4lterstandorte und Abholpl\u00e4ne, die alle \u00fcber das intelligente RFID-System f\u00fcr das Abfallmanagement verwaltet werden.<\/p>\n\n\n\n<p>F\u00fcr ein schnelles Scannen und einen bequemen Zugriff auf wichtige Beh\u00e4lterinformationen durch die \u00d6ffentlichkeit k\u00f6nnen die Schilder mit numerischen, Barcode- und QR-Codes vorgedruckt werden. Wir verf\u00fcgen \u00fcber umfassende Erfahrung in der Datenverarbeitung, um sicherzustellen, dass die gedruckten Daten genau \u00fcbereinstimmen und leicht zu lesen sind.<\/p>\n\n\n\n<h2 class=\"wp-block-heading\" id=\"h-key-features\">Wesentliche Merkmale<\/h2>\n\n\n\n<ul class=\"wp-block-list\">\n<li><strong>Langlebige Konstruktion<\/strong>: Hergestellt aus robustem, langlebigem Kunststoff, der auch rauen Umgebungen standh\u00e4lt.<\/li>\n\n\n\n<li><strong>Flexible Installation<\/strong>: Befestigung mit 3M-Klebeband oder Nieten zur sicheren Anbringung m\u00f6glich.<\/li>\n\n\n\n<li><strong>Zuverl\u00e4ssige RFID-Verifizierung<\/strong>: Integrierte RFID (UHF)-Technologie zur zuverl\u00e4ssigen \u00dcberpr\u00fcfung der Dienste.<\/li>\n\n\n\n<li><strong>Sichtbare Identifizierung<\/strong>: Gut sichtbare Zahlen-, Strich- und QR-Codes f\u00fcr eine schnelle und einfache Identifizierung.<\/li>\n<\/ul>\n\n\n\n<h2 class=\"wp-block-heading\" id=\"h-specifications\">Spezifikationen<\/h2>\n\n\n\n<ul class=\"wp-block-list\">\n<li>Material: Laminiertes PVC<\/li>\n\n\n\n<li>Abmessungen: 65mm x 25mm; 100mm x 25mm, oder kundenspezifisch<\/li>\n\n\n\n<li>Dicke: 1mm ~ 1,5mm<\/li>\n\n\n\n<li>Lochdurchmesser: 3,5 mm<\/li>\n\n\n\n<li>IP-Klasse: IP67<\/li>\n\n\n\n<li>Leseabstand: 2m ~ 3m (UHF)<\/li>\n<\/ul>\n\n\n\n<h3 class=\"wp-block-heading\" id=\"h-get-in-touch\">Kontakt aufnehmen<\/h3>\n\n\n\n<p>W\u00e4hlen Sie unser EcoTrack Smart Bin Tag, um Ihre <a href=\"https:\/\/huayuansh.com\/applications\/waste-management\/\">Abfallwirtschaft<\/a> mit einer langlebigen, intelligenten und effizienten L\u00f6sung. Kontaktieren Sie uns noch heute, um mehr dar\u00fcber zu erfahren, wie unsere Produkte Ihre Anforderungen erf\u00fcllen k\u00f6nnen.<\/p>\n\n\n<style>.wp-block-kadence-advancedbtn.kb-btns3380_fff710-40{gap:var(--global-kb-gap-xs, 0.5rem );justify-content:flex-start;align-items:center;}.kt-btns3380_fff710-40 .kt-button{font-weight:normal;font-style:normal;}.kt-btns3380_fff710-40 .kt-btn-wrap-0{margin-right:5px;}.wp-block-kadence-advancedbtn.kt-btns3380_fff710-40 .kt-btn-wrap-0 .kt-button{color:#555555;border-color:#555555;}.wp-block-kadence-advancedbtn.kt-btns3380_fff710-40 .kt-btn-wrap-0 .kt-button:hover, .wp-block-kadence-advancedbtn.kt-btns3380_fff710-40 .kt-btn-wrap-0 .kt-button:focus{color:#ffffff;border-color:#444444;}.wp-block-kadence-advancedbtn.kt-btns3380_fff710-40 .kt-btn-wrap-0 .kt-button::before{display:none;}.wp-block-kadence-advancedbtn.kt-btns3380_fff710-40 .kt-btn-wrap-0 .kt-button:hover, .wp-block-kadence-advancedbtn.kt-btns3380_fff710-40 .kt-btn-wrap-0 .kt-button:focus{background:#444444;}<\/style>\n<div class=\"wp-block-kadence-advancedbtn kb-buttons-wrap kb-btns3380_fff710-40\"><style>ul.menu .wp-block-kadence-advancedbtn .kb-btn3380_1be6bf-44.kb-button{width:initial;}<\/style><a class=\"kb-button kt-button button kb-btn3380_1be6bf-44 kt-btn-size-standard kt-btn-width-type-auto kb-btn-global-inherit  kt-btn-has-text-true kt-btn-has-svg-false  wp-block-button__link wp-block-kadence-singlebtn\" href=\"https:\/\/huayuansh.com\/contact-us\/\"><span class=\"kt-btn-inner-text\">Kontakt<\/span><\/a><\/div>","protected":false},"excerpt":{"rendered":"<p>The EcoTrack Smart Bin Tag is designed to offer a flexible and intelligent solution for waste management. Constructed from durable plastic, this tag is engineered to withstand the toughest conditions, ensuring longevity and reliability. It can be easily affixed to waste bins using 3M adhesive tape or secure rivets, providing flexibility in installation. Our Smart&#8230;<\/p>","protected":false},"author":1,"featured_media":3585,"parent":854,"menu_order":0,"comment_status":"closed","ping_status":"closed","template":"","meta":{"_kad_blocks_custom_css":"","_kad_blocks_head_custom_js":"","_kad_blocks_body_custom_js":"","_kad_blocks_footer_custom_js":"","_kadence_starter_templates_imported_post":false,"_kad_post_transparent":"","_kad_post_title":"","_kad_post_layout":"","_kad_post_sidebar_id":"","_kad_post_content_style":"","_kad_post_vertical_padding":"","_kad_post_feature":"","_kad_post_feature_position":"","_kad_post_header":false,"_kad_post_footer":false,"footnotes":""},"class_list":["post-3380","page","type-page","status-publish","has-post-thumbnail","hentry"],"yoast_head":"<!-- This site is optimized with the Yoast SEO Premium plugin v23.0 (Yoast SEO v26.3) - https:\/\/yoast.com\/wordpress\/plugins\/seo\/ -->\n<title>EcoTrack Smart Bin Tag | HUAYUAN RFID Tag Manufacturer<\/title>\n<meta name=\"robots\" content=\"index, follow, max-snippet:-1, max-image-preview:large, max-video-preview:-1\" \/>\n<link rel=\"canonical\" href=\"https:\/\/huayuansh.com\/de\/produkte\/industrielle-rfid-tags\/ecotrack-intelligente-behalter-etikette\/\" \/>\n<meta property=\"og:locale\" content=\"de_DE\" \/>\n<meta property=\"og:type\" content=\"article\" \/>\n<meta property=\"og:title\" content=\"EcoTrack Smart Bin Tag\" \/>\n<meta property=\"og:description\" content=\"The EcoTrack Smart Bin Tag is designed to offer a flexible and intelligent solution for waste management. Constructed from durable plastic, this tag is engineered to withstand the toughest conditions, ensuring longevity and reliability. It can be easily affixed to waste bins using 3M adhesive tape or secure rivets, providing flexibility in installation. Our Smart...\" \/>\n<meta property=\"og:url\" content=\"https:\/\/huayuansh.com\/de\/produkte\/industrielle-rfid-tags\/ecotrack-intelligente-behalter-etikette\/\" \/>\n<meta property=\"og:site_name\" content=\"HUAYUAN RFID Tag Manufacturer\" \/>\n<meta property=\"article:modified_time\" content=\"2024-08-07T01:13:12+00:00\" \/>\n<meta property=\"og:image\" content=\"https:\/\/huayuansh.com\/wp-content\/uploads\/2024\/08\/EcoTrack-Smart-Bin-Tag.webp\" \/>\n\t<meta property=\"og:image:width\" content=\"1920\" \/>\n\t<meta property=\"og:image:height\" content=\"1080\" \/>\n\t<meta property=\"og:image:type\" content=\"image\/webp\" \/>\n<meta name=\"twitter:card\" content=\"summary_large_image\" \/>\n<meta name=\"twitter:label1\" content=\"Gesch\u00e4tzte Lesezeit\" \/>\n\t<meta name=\"twitter:data1\" content=\"2\u00a0Minuten\" \/>\n<script type=\"application\/ld+json\" class=\"yoast-schema-graph\">{\"@context\":\"https:\/\/schema.org\",\"@graph\":[{\"@type\":\"WebPage\",\"@id\":\"https:\/\/huayuansh.com\/products\/industrial-rfid-tags\/ecotrack-smart-bin-tag\/\",\"url\":\"https:\/\/huayuansh.com\/products\/industrial-rfid-tags\/ecotrack-smart-bin-tag\/\",\"name\":\"EcoTrack Smart Bin Tag | HUAYUAN RFID Tag Manufacturer\",\"isPartOf\":{\"@id\":\"https:\/\/huayuansh.com\/#website\"},\"primaryImageOfPage\":{\"@id\":\"https:\/\/huayuansh.com\/products\/industrial-rfid-tags\/ecotrack-smart-bin-tag\/#primaryimage\"},\"image\":{\"@id\":\"https:\/\/huayuansh.com\/products\/industrial-rfid-tags\/ecotrack-smart-bin-tag\/#primaryimage\"},\"thumbnailUrl\":\"https:\/\/huayuansh.com\/wp-content\/uploads\/2024\/08\/EcoTrack-Smart-Bin-Tag.webp\",\"datePublished\":\"2024-07-15T05:42:10+00:00\",\"dateModified\":\"2024-08-07T01:13:12+00:00\",\"breadcrumb\":{\"@id\":\"https:\/\/huayuansh.com\/products\/industrial-rfid-tags\/ecotrack-smart-bin-tag\/#breadcrumb\"},\"inLanguage\":\"de\",\"potentialAction\":[{\"@type\":\"ReadAction\",\"target\":[\"https:\/\/huayuansh.com\/products\/industrial-rfid-tags\/ecotrack-smart-bin-tag\/\"]}]},{\"@type\":\"ImageObject\",\"inLanguage\":\"de\",\"@id\":\"https:\/\/huayuansh.com\/products\/industrial-rfid-tags\/ecotrack-smart-bin-tag\/#primaryimage\",\"url\":\"https:\/\/huayuansh.com\/wp-content\/uploads\/2024\/08\/EcoTrack-Smart-Bin-Tag.webp\",\"contentUrl\":\"https:\/\/huayuansh.com\/wp-content\/uploads\/2024\/08\/EcoTrack-Smart-Bin-Tag.webp\",\"width\":1920,\"height\":1080},{\"@type\":\"BreadcrumbList\",\"@id\":\"https:\/\/huayuansh.com\/products\/industrial-rfid-tags\/ecotrack-smart-bin-tag\/#breadcrumb\",\"itemListElement\":[{\"@type\":\"ListItem\",\"position\":1,\"name\":\"Home\",\"item\":\"https:\/\/huayuansh.com\/\"},{\"@type\":\"ListItem\",\"position\":2,\"name\":\"RFID Products\",\"item\":\"https:\/\/huayuansh.com\/products\/\"},{\"@type\":\"ListItem\",\"position\":3,\"name\":\"Industrial RFID Tags\",\"item\":\"https:\/\/huayuansh.com\/products\/industrial-rfid-tags\/\"},{\"@type\":\"ListItem\",\"position\":4,\"name\":\"EcoTrack Smart Bin Tag\"}]},{\"@type\":\"WebSite\",\"@id\":\"https:\/\/huayuansh.com\/#website\",\"url\":\"https:\/\/huayuansh.com\/\",\"name\":\"HUAYUAN RFID Tag Manufacturer\",\"description\":\"HUAYUAN RFID Tag Manufacturer\",\"publisher\":{\"@id\":\"https:\/\/huayuansh.com\/#organization\"},\"potentialAction\":[{\"@type\":\"SearchAction\",\"target\":{\"@type\":\"EntryPoint\",\"urlTemplate\":\"https:\/\/huayuansh.com\/?s={search_term_string}\"},\"query-input\":{\"@type\":\"PropertyValueSpecification\",\"valueRequired\":true,\"valueName\":\"search_term_string\"}}],\"inLanguage\":\"de\"},{\"@type\":\"Organization\",\"@id\":\"https:\/\/huayuansh.com\/#organization\",\"name\":\"HUAYUAN RFID Tag Manufacturer\",\"url\":\"https:\/\/huayuansh.com\/\",\"logo\":{\"@type\":\"ImageObject\",\"inLanguage\":\"de\",\"@id\":\"https:\/\/huayuansh.com\/#\/schema\/logo\/image\/\",\"url\":\"https:\/\/huayuansh.com\/wp-content\/uploads\/2024\/09\/cropped-HUAYUAN.webp\",\"contentUrl\":\"https:\/\/huayuansh.com\/wp-content\/uploads\/2024\/09\/cropped-HUAYUAN.webp\",\"width\":895,\"height\":279,\"caption\":\"HUAYUAN RFID Tag Manufacturer\"},\"image\":{\"@id\":\"https:\/\/huayuansh.com\/#\/schema\/logo\/image\/\"}}]}<\/script>\n<!-- \/ Yoast SEO Premium plugin. -->","yoast_head_json":{"title":"EcoTrack Smart Bin Tag | HUAYUAN RFID Tag Hersteller","robots":{"index":"index","follow":"follow","max-snippet":"max-snippet:-1","max-image-preview":"max-image-preview:large","max-video-preview":"max-video-preview:-1"},"canonical":"https:\/\/huayuansh.com\/de\/produkte\/industrielle-rfid-tags\/ecotrack-intelligente-behalter-etikette\/","og_locale":"de_DE","og_type":"article","og_title":"EcoTrack Smart Bin Tag","og_description":"The EcoTrack Smart Bin Tag is designed to offer a flexible and intelligent solution for waste management. Constructed from durable plastic, this tag is engineered to withstand the toughest conditions, ensuring longevity and reliability. It can be easily affixed to waste bins using 3M adhesive tape or secure rivets, providing flexibility in installation. Our Smart...","og_url":"https:\/\/huayuansh.com\/de\/produkte\/industrielle-rfid-tags\/ecotrack-intelligente-behalter-etikette\/","og_site_name":"HUAYUAN RFID Tag Manufacturer","article_modified_time":"2024-08-07T01:13:12+00:00","og_image":[{"width":1920,"height":1080,"url":"https:\/\/huayuansh.com\/wp-content\/uploads\/2024\/08\/EcoTrack-Smart-Bin-Tag.webp","type":"image\/webp"}],"twitter_card":"summary_large_image","twitter_misc":{"Gesch\u00e4tzte Lesezeit":"2\u00a0Minuten"},"schema":{"@context":"https:\/\/schema.org","@graph":[{"@type":"WebPage","@id":"https:\/\/huayuansh.com\/products\/industrial-rfid-tags\/ecotrack-smart-bin-tag\/","url":"https:\/\/huayuansh.com\/products\/industrial-rfid-tags\/ecotrack-smart-bin-tag\/","name":"EcoTrack Smart Bin Tag | HUAYUAN RFID Tag Hersteller","isPartOf":{"@id":"https:\/\/huayuansh.com\/#website"},"primaryImageOfPage":{"@id":"https:\/\/huayuansh.com\/products\/industrial-rfid-tags\/ecotrack-smart-bin-tag\/#primaryimage"},"image":{"@id":"https:\/\/huayuansh.com\/products\/industrial-rfid-tags\/ecotrack-smart-bin-tag\/#primaryimage"},"thumbnailUrl":"https:\/\/huayuansh.com\/wp-content\/uploads\/2024\/08\/EcoTrack-Smart-Bin-Tag.webp","datePublished":"2024-07-15T05:42:10+00:00","dateModified":"2024-08-07T01:13:12+00:00","breadcrumb":{"@id":"https:\/\/huayuansh.com\/products\/industrial-rfid-tags\/ecotrack-smart-bin-tag\/#breadcrumb"},"inLanguage":"de","potentialAction":[{"@type":"ReadAction","target":["https:\/\/huayuansh.com\/products\/industrial-rfid-tags\/ecotrack-smart-bin-tag\/"]}]},{"@type":"ImageObject","inLanguage":"de","@id":"https:\/\/huayuansh.com\/products\/industrial-rfid-tags\/ecotrack-smart-bin-tag\/#primaryimage","url":"https:\/\/huayuansh.com\/wp-content\/uploads\/2024\/08\/EcoTrack-Smart-Bin-Tag.webp","contentUrl":"https:\/\/huayuansh.com\/wp-content\/uploads\/2024\/08\/EcoTrack-Smart-Bin-Tag.webp","width":1920,"height":1080},{"@type":"BreadcrumbList","@id":"https:\/\/huayuansh.com\/products\/industrial-rfid-tags\/ecotrack-smart-bin-tag\/#breadcrumb","itemListElement":[{"@type":"ListItem","position":1,"name":"Home","item":"https:\/\/huayuansh.com\/"},{"@type":"ListItem","position":2,"name":"RFID Products","item":"https:\/\/huayuansh.com\/products\/"},{"@type":"ListItem","position":3,"name":"Industrial RFID Tags","item":"https:\/\/huayuansh.com\/products\/industrial-rfid-tags\/"},{"@type":"ListItem","position":4,"name":"EcoTrack Smart Bin Tag"}]},{"@type":"WebSite","@id":"https:\/\/huayuansh.com\/#website","url":"https:\/\/huayuansh.com\/","name":"HUAYUAN RFID Tag Hersteller","description":"HUAYUAN RFID Tag Hersteller","publisher":{"@id":"https:\/\/huayuansh.com\/#organization"},"potentialAction":[{"@type":"SearchAction","target":{"@type":"EntryPoint","urlTemplate":"https:\/\/huayuansh.com\/?s={search_term_string}"},"query-input":{"@type":"PropertyValueSpecification","valueRequired":true,"valueName":"search_term_string"}}],"inLanguage":"de"},{"@type":"Organization","@id":"https:\/\/huayuansh.com\/#organization","name":"HUAYUAN RFID Tag Hersteller","url":"https:\/\/huayuansh.com\/","logo":{"@type":"ImageObject","inLanguage":"de","@id":"https:\/\/huayuansh.com\/#\/schema\/logo\/image\/","url":"https:\/\/huayuansh.com\/wp-content\/uploads\/2024\/09\/cropped-HUAYUAN.webp","contentUrl":"https:\/\/huayuansh.com\/wp-content\/uploads\/2024\/09\/cropped-HUAYUAN.webp","width":895,"height":279,"caption":"HUAYUAN RFID Tag Manufacturer"},"image":{"@id":"https:\/\/huayuansh.com\/#\/schema\/logo\/image\/"}}]}},"taxonomy_info":[],"featured_image_src_large":["https:\/\/huayuansh.com\/wp-content\/uploads\/2024\/08\/EcoTrack-Smart-Bin-Tag-1024x576.webp",1024,576,true],"author_info":{"display_name":"HUAYUAN","author_link":"https:\/\/huayuansh.com\/de\/author\/shyec2024\/"},"comment_info":0,"_links":{"self":[{"href":"https:\/\/huayuansh.com\/de\/wp-json\/wp\/v2\/pages\/3380","targetHints":{"allow":["GET"]}}],"collection":[{"href":"https:\/\/huayuansh.com\/de\/wp-json\/wp\/v2\/pages"}],"about":[{"href":"https:\/\/huayuansh.com\/de\/wp-json\/wp\/v2\/types\/page"}],"author":[{"embeddable":true,"href":"https:\/\/huayuansh.com\/de\/wp-json\/wp\/v2\/users\/1"}],"replies":[{"embeddable":true,"href":"https:\/\/huayuansh.com\/de\/wp-json\/wp\/v2\/comments?post=3380"}],"version-history":[{"count":3,"href":"https:\/\/huayuansh.com\/de\/wp-json\/wp\/v2\/pages\/3380\/revisions"}],"predecessor-version":[{"id":3588,"href":"https:\/\/huayuansh.com\/de\/wp-json\/wp\/v2\/pages\/3380\/revisions\/3588"}],"up":[{"embeddable":true,"href":"https:\/\/huayuansh.com\/de\/wp-json\/wp\/v2\/pages\/854"}],"wp:featuredmedia":[{"embeddable":true,"href":"https:\/\/huayuansh.com\/de\/wp-json\/wp\/v2\/media\/3585"}],"wp:attachment":[{"href":"https:\/\/huayuansh.com\/de\/wp-json\/wp\/v2\/media?parent=3380"}],"curies":[{"name":"wp","href":"https:\/\/api.w.org\/{rel}","templated":true}]}}