{"id":3390,"date":"2024-07-15T13:57:34","date_gmt":"2024-07-15T05:57:34","guid":{"rendered":"https:\/\/huayuansh.com\/?page_id=3390"},"modified":"2025-02-26T11:11:09","modified_gmt":"2025-02-26T03:11:09","slug":"mikro-rfid-fpc-aufkleber-tag","status":"publish","type":"page","link":"https:\/\/huayuansh.com\/de\/produkte\/industrielle-rfid-tags\/mikro-rfid-fpc-aufkleber-tag\/","title":{"rendered":"Mikro-RFID-FPC-Aufkleber-Tag"},"content":{"rendered":"<p>Der Micro NFC-Tag von HUAYUAN ist die ultimative L\u00f6sung f\u00fcr Projekte, die einen kleinen, effizienten und zuverl\u00e4ssigen RFID-Tag erfordern. Im Gegensatz zu herk\u00f6mmlichen PVC-laminierten Tags oder Aluminium-Antennen verwendet unser Mikro-NFC-Tag ein hochmodernes FPC-Material (Flexible Printed Circuit Board) mit einer langlebigen Kupferantenne, die eine \u00fcberlegene Stabilit\u00e4t, \u00c4tzbest\u00e4ndigkeit und eine deutlich geringere Gr\u00f6\u00dfe bietet. Dieser Tag wurde entwickelt, um die wachsende Nachfrage nach miniaturisierten NFC- und RFID-Tags zu befriedigen, und eignet sich perfekt f\u00fcr verschiedene Branchen, einschlie\u00dflich Identit\u00e4ts\u00fcberpr\u00fcfung, E-Tracking, Bestandsmanagement und Produktauthentifizierung.<\/p>\n\n\n\n<p>Ganz gleich, ob Sie diesen Mikro-Tag in ein Bestandsverwaltungssystem integrieren oder ihn in ein intelligentes Produkt einbetten, um die Interaktion mit dem Benutzer zu verbessern - unser Micro NFC Tag bietet eine effiziente, anpassbare und robuste L\u00f6sung. Entdecken Sie, wie unsere innovative Technologie die spezifischen Anforderungen Ihres n\u00e4chsten Projekts erf\u00fcllen kann.<\/p>\n\n\n\n<h2 class=\"wp-block-heading\" id=\"h-features-of-micro-rfid-tag\"><strong>Eigenschaften<\/strong> von Micro RFID Tag<\/h2>\n\n\n\n<p><strong>Ultrad\u00fcnnes und flexibles Design<\/strong><br>Der Micro RFID FPC Sticker ist nur den Bruchteil eines Millimeters dick und damit ideal f\u00fcr Anwendungen, bei denen der Platz knapp ist. Dank seiner Flexibilit\u00e4t passt er sich auch an nicht ebene Oberfl\u00e4chen an und funktioniert so auch in schwierigen Umgebungen zuverl\u00e4ssig.<\/p>\n\n\n\n<p><strong>Leistungsstarke RFID-Technologie<\/strong><br>Trotz seiner geringen Gr\u00f6\u00dfe bietet der Aufkleber eine robuste RFID-Leistung mit einem gro\u00dfen Lesebereich. Er arbeitet effizient \u00fcber eine Reihe von Frequenzen, wodurch er mit verschiedenen RFID-Leseger\u00e4ten und -Systemen kompatibel ist.<\/p>\n\n\n\n<p><strong>Strapazierf\u00e4hig und langlebig<\/strong><br>Der aus hochwertigen Materialien gefertigte Aufkleber ist resistent gegen Verschlei\u00df, Feuchtigkeit und Temperaturschwankungen. Diese Best\u00e4ndigkeit gew\u00e4hrleistet eine lange Lebensdauer, auch in rauen Umgebungen.<\/p>\n\n\n\n<p><strong>Einfache Integration<\/strong><br>Der Micro RFID FPC Sticker ist f\u00fcr die nahtlose Integration in bestehende Systeme konzipiert. Ganz gleich, ob Sie Anlagen nachverfolgen, Best\u00e4nde verwalten oder eine intelligente Kennzeichnung implementieren m\u00fcssen, dieser Sticker l\u00e4sst sich m\u00fchelos in Ihre Produkte oder Verpackungen integrieren.<\/p>\n\n\n\n<h2 class=\"wp-block-heading\" id=\"h-enhance-your-projects-with-micro-nfc-tag\">Verbessern Sie Ihre Projekte mit Micro NFC Tag<\/h2>\n\n\n\n<p>Der Micro-RFID-Tag ist eine ideale L\u00f6sung f\u00fcr eine Vielzahl von Branchen, die eine kompakte, langlebige und leistungsstarke NFC\/RFID-Technologie ben\u00f6tigen. Durch seine geringe Gr\u00f6\u00dfe, Flexibilit\u00e4t und sein robustes Design ist er besonders f\u00fcr die folgenden Anwendungen geeignet:<\/p>\n\n\n\n<ul class=\"wp-block-list\">\n<li><strong>High-End-Mode-Einzelhandel<\/strong>: Nahtlose Integration in Luxusbekleidung, Schuhe und Accessoires zur Markenauthentifizierung, zum Schutz vor F\u00e4lschungen und zur Verbesserung der Kundenbindung durch interaktive Erlebnisse.<\/li>\n\n\n\n<li><strong>Unterhaltungselektronik<\/strong>: Einbettung in Ger\u00e4te zur Produktidentifikation, Garantieverwaltung und Benutzerinteraktion, die einen schnellen Zugriff auf Produktinformationen oder Supportdienste erm\u00f6glichen.<\/li>\n\n\n\n<li><strong>Brillen<\/strong>: Einbau in Brillen oder Sonnenbrillen zum Schutz der Marke, zum Schutz vor F\u00e4lschungen und f\u00fcr Kundenbindungsprogramme.<\/li>\n\n\n\n<li><strong>Spielzeug und Spiele<\/strong>: Verbessern Sie das Spielerlebnis, indem Sie Tags f\u00fcr interaktive Funktionen in Spielzeug einbetten.<\/li>\n\n\n\n<li><strong>Produkte f\u00fcr das Gesundheitswesen<\/strong>: Sicherstellung der R\u00fcckverfolgbarkeit und Authentizit\u00e4t von medizinischen Ger\u00e4ten und Wearable Health Tech bei gleichzeitiger Interaktion mit Patientendaten und Bestandsverwaltung.<\/li>\n<\/ul>\n\n\n\n<h3 class=\"wp-block-heading\" id=\"h-specifications\"><strong>Spezifikationen<\/strong><\/h3>\n\n\n\n<figure class=\"wp-block-table\"><table><tbody><tr><td>Artikel<\/td><td>FPC-Mikro-NFC-Tag, FPC-RFID-Tag<\/td><\/tr><tr><td>Frequenz<\/td><td>13.56MHz(HF)\/860-960MHz(UHF)<\/td><\/tr><tr><td>Protokollarisch<\/td><td>ISO 14443A\/ ISO15693(HF)\/ISO18000-6C(UHF)<\/td><\/tr><tr><td rowspan=\"2\">Chip<\/td><td>HF: NTAG\u00ae213, NTAG\u00ae215, NTAG\u00ae216 usw. (NTAG\u00ae ist eine eingetragene Marke von NXP B.V.)<\/td><\/tr><tr><td>UHF<\/td><\/tr><tr><td><strong>Dimension<\/strong><\/td><td>Durchmesser: 5 mm, 10 mm, 20 mm, 25 mm<br>5x5mm, 10x10mm, 15x15mm, 25x25mm<br>oder individuell<\/td><\/tr><tr><td>Dicke<\/td><td>Etwa 0,8 mm<\/td><\/tr><tr><td>Drucken<\/td><td>Logo-Druck<\/td><\/tr><tr><td>Handwerk<\/td><td>- Anti-Metall-Schicht<br>- Seriennummer, Barcode, QR, UID Druck<br>- Kodierung \/ Programmierbar<\/td><\/tr><tr><td>Muster<\/td><td>Kostenloses Muster verf\u00fcgbar<\/td><\/tr><\/tbody><\/table><\/figure>\n\n\n\n<p><\/p>\n\n\n\n<figure class=\"wp-block-table\"><table class=\"has-fixed-layout\"><tbody><tr><td colspan=\"4\"><strong>Micro NFC Tags vorhandene Gr\u00f6\u00dfe f\u00fcr optionale<\/strong><\/td><\/tr><tr><td>Dimension<\/td><td>Chip<\/td><td>Entfernung lesen<\/td><td>Hinweis<\/td><\/tr><tr><td>5x5mm<\/td><td>NFC<\/td><td>10mm<\/td><td><\/td><\/tr><tr><td>10x10mm<\/td><td>NFC<\/td><td>20mm<\/td><td><\/td><\/tr><tr><td>15x15mm<\/td><td>NFC<\/td><td>35mm<\/td><td><\/td><\/tr><tr><td>Durchm. 5mm<\/td><td>NFC<\/td><td>10mm<\/td><td><\/td><\/tr><tr><td>Durchm. 10mm<\/td><td>NFC<\/td><td>17mm<\/td><td><\/td><\/tr><tr><td>Durchm. 20mm<\/td><td>NFC<\/td><td>20mm<\/td><td>Anti-Metall<\/td><\/tr><tr><td>Durchm. 25mm<\/td><td>NFC<\/td><td>40mm<\/td><td><\/td><\/tr><\/tbody><\/table><\/figure>\n\n\n\n<h4 class=\"wp-block-heading\" id=\"h-get-in-touch\">Kontakt aufnehmen<\/h4>\n\n\n\n<p>F\u00fcr weitere Informationen \u00fcber die Micro-RFID-Tags von Huayuan wenden Sie sich bitte an unser Vertriebsteam.<\/p>\n\n\n<style>.wp-block-kadence-advancedbtn.kb-btns3390_bce32f-cd{gap:var(--global-kb-gap-xs, 0.5rem );justify-content:flex-start;align-items:center;}.kt-btns3390_bce32f-cd .kt-button{font-weight:normal;font-style:normal;}.kt-btns3390_bce32f-cd .kt-btn-wrap-0{margin-right:5px;}.wp-block-kadence-advancedbtn.kt-btns3390_bce32f-cd .kt-btn-wrap-0 .kt-button{color:#555555;border-color:#555555;}.wp-block-kadence-advancedbtn.kt-btns3390_bce32f-cd .kt-btn-wrap-0 .kt-button:hover, .wp-block-kadence-advancedbtn.kt-btns3390_bce32f-cd .kt-btn-wrap-0 .kt-button:focus{color:#ffffff;border-color:#444444;}.wp-block-kadence-advancedbtn.kt-btns3390_bce32f-cd .kt-btn-wrap-0 .kt-button::before{display:none;}.wp-block-kadence-advancedbtn.kt-btns3390_bce32f-cd .kt-btn-wrap-0 .kt-button:hover, .wp-block-kadence-advancedbtn.kt-btns3390_bce32f-cd .kt-btn-wrap-0 .kt-button:focus{background:#444444;}<\/style>\n<div class=\"wp-block-kadence-advancedbtn kb-buttons-wrap kb-btns3390_bce32f-cd\"><style>ul.menu .wp-block-kadence-advancedbtn .kb-btn3390_63f98d-42.kb-button{width:initial;}<\/style><a class=\"kb-button kt-button button kb-btn3390_63f98d-42 kt-btn-size-standard kt-btn-width-type-auto kb-btn-global-inherit  kt-btn-has-text-true kt-btn-has-svg-false  wp-block-button__link wp-block-kadence-singlebtn\" href=\"https:\/\/huayuansh.com\/contact-us\/\"><span class=\"kt-btn-inner-text\">Kontakt<\/span><\/a><\/div>\n\n\n\n<p><\/p>","protected":false},"excerpt":{"rendered":"<p>Der Micro NFC-Tag von HUAYUAN ist die ultimative L\u00f6sung f\u00fcr Projekte, die einen kleinen, effizienten und zuverl\u00e4ssigen RFID-Tag erfordern. Im Gegensatz zu herk\u00f6mmlichen PVC-laminierten Tags oder Aluminium-Antennen verwendet unser Mikro-NFC-Tag ein hochmodernes FPC-Material (Flexible Printed Circuit Board) mit einer langlebigen Kupferantenne, die eine \u00fcberlegene Stabilit\u00e4t,...<\/p>","protected":false},"author":1,"featured_media":3651,"parent":854,"menu_order":0,"comment_status":"closed","ping_status":"closed","template":"","meta":{"_kad_blocks_custom_css":"","_kad_blocks_head_custom_js":"","_kad_blocks_body_custom_js":"","_kad_blocks_footer_custom_js":"","_kadence_starter_templates_imported_post":false,"_kad_post_transparent":"","_kad_post_title":"","_kad_post_layout":"","_kad_post_sidebar_id":"","_kad_post_content_style":"","_kad_post_vertical_padding":"","_kad_post_feature":"","_kad_post_feature_position":"","_kad_post_header":false,"_kad_post_footer":false,"footnotes":""},"class_list":["post-3390","page","type-page","status-publish","has-post-thumbnail","hentry"],"yoast_head":"<!-- This site is optimized with the Yoast SEO Premium plugin v23.0 (Yoast SEO v26.3) - https:\/\/yoast.com\/wordpress\/plugins\/seo\/ -->\n<title>Micro RFID FPC Sticker Tag | HUAYUAN RFID Tag Manufacturer<\/title>\n<meta name=\"description\" content=\"Micro RFID Tag FPC Sticker is flexible, ultra-small available with high performance which is an ideal solution to be installed in limited space or tiny items.\" \/>\n<meta name=\"robots\" content=\"index, follow, max-snippet:-1, max-image-preview:large, max-video-preview:-1\" \/>\n<link rel=\"canonical\" href=\"https:\/\/huayuansh.com\/de\/produkte\/industrielle-rfid-tags\/mikro-rfid-fpc-aufkleber-tag\/\" \/>\n<meta property=\"og:locale\" content=\"de_DE\" \/>\n<meta property=\"og:type\" content=\"article\" \/>\n<meta property=\"og:title\" content=\"Micro RFID FPC Sticker Tag\" \/>\n<meta property=\"og:description\" content=\"Micro RFID Tag FPC Sticker is flexible, ultra-small available with high performance which is an ideal solution to be installed in limited space or tiny items.\" \/>\n<meta property=\"og:url\" content=\"https:\/\/huayuansh.com\/de\/produkte\/industrielle-rfid-tags\/mikro-rfid-fpc-aufkleber-tag\/\" \/>\n<meta property=\"og:site_name\" content=\"HUAYUAN RFID Tag Manufacturer\" \/>\n<meta property=\"article:modified_time\" content=\"2025-02-26T03:11:09+00:00\" \/>\n<meta property=\"og:image\" content=\"https:\/\/huayuansh.com\/wp-content\/uploads\/2024\/08\/Micro-RFID-FPC-Sticker-Tag.webp\" \/>\n\t<meta property=\"og:image:width\" content=\"1920\" \/>\n\t<meta property=\"og:image:height\" content=\"1080\" \/>\n\t<meta property=\"og:image:type\" content=\"image\/webp\" \/>\n<meta name=\"twitter:card\" content=\"summary_large_image\" \/>\n<meta name=\"twitter:label1\" content=\"Gesch\u00e4tzte Lesezeit\" \/>\n\t<meta name=\"twitter:data1\" content=\"3\u00a0Minuten\" \/>\n<script type=\"application\/ld+json\" class=\"yoast-schema-graph\">{\"@context\":\"https:\/\/schema.org\",\"@graph\":[{\"@type\":\"WebPage\",\"@id\":\"https:\/\/huayuansh.com\/products\/industrial-rfid-tags\/micro-rfid-fpc-sticker-tag\/\",\"url\":\"https:\/\/huayuansh.com\/products\/industrial-rfid-tags\/micro-rfid-fpc-sticker-tag\/\",\"name\":\"Micro RFID FPC Sticker Tag | HUAYUAN RFID Tag Manufacturer\",\"isPartOf\":{\"@id\":\"https:\/\/huayuansh.com\/#website\"},\"primaryImageOfPage\":{\"@id\":\"https:\/\/huayuansh.com\/products\/industrial-rfid-tags\/micro-rfid-fpc-sticker-tag\/#primaryimage\"},\"image\":{\"@id\":\"https:\/\/huayuansh.com\/products\/industrial-rfid-tags\/micro-rfid-fpc-sticker-tag\/#primaryimage\"},\"thumbnailUrl\":\"https:\/\/huayuansh.com\/wp-content\/uploads\/2024\/08\/Micro-RFID-FPC-Sticker-Tag.webp\",\"datePublished\":\"2024-07-15T05:57:34+00:00\",\"dateModified\":\"2025-02-26T03:11:09+00:00\",\"description\":\"Micro RFID Tag FPC Sticker is flexible, ultra-small available with high performance which is an ideal solution to be installed in limited space or tiny items.\",\"breadcrumb\":{\"@id\":\"https:\/\/huayuansh.com\/products\/industrial-rfid-tags\/micro-rfid-fpc-sticker-tag\/#breadcrumb\"},\"inLanguage\":\"de\",\"potentialAction\":[{\"@type\":\"ReadAction\",\"target\":[\"https:\/\/huayuansh.com\/products\/industrial-rfid-tags\/micro-rfid-fpc-sticker-tag\/\"]}]},{\"@type\":\"ImageObject\",\"inLanguage\":\"de\",\"@id\":\"https:\/\/huayuansh.com\/products\/industrial-rfid-tags\/micro-rfid-fpc-sticker-tag\/#primaryimage\",\"url\":\"https:\/\/huayuansh.com\/wp-content\/uploads\/2024\/08\/Micro-RFID-FPC-Sticker-Tag.webp\",\"contentUrl\":\"https:\/\/huayuansh.com\/wp-content\/uploads\/2024\/08\/Micro-RFID-FPC-Sticker-Tag.webp\",\"width\":1920,\"height\":1080},{\"@type\":\"BreadcrumbList\",\"@id\":\"https:\/\/huayuansh.com\/products\/industrial-rfid-tags\/micro-rfid-fpc-sticker-tag\/#breadcrumb\",\"itemListElement\":[{\"@type\":\"ListItem\",\"position\":1,\"name\":\"Home\",\"item\":\"https:\/\/huayuansh.com\/\"},{\"@type\":\"ListItem\",\"position\":2,\"name\":\"RFID Products\",\"item\":\"https:\/\/huayuansh.com\/products\/\"},{\"@type\":\"ListItem\",\"position\":3,\"name\":\"Industrial RFID Tags\",\"item\":\"https:\/\/huayuansh.com\/products\/industrial-rfid-tags\/\"},{\"@type\":\"ListItem\",\"position\":4,\"name\":\"Micro RFID FPC Sticker Tag\"}]},{\"@type\":\"WebSite\",\"@id\":\"https:\/\/huayuansh.com\/#website\",\"url\":\"https:\/\/huayuansh.com\/\",\"name\":\"HUAYUAN RFID Tag Manufacturer\",\"description\":\"HUAYUAN RFID Tag Manufacturer\",\"publisher\":{\"@id\":\"https:\/\/huayuansh.com\/#organization\"},\"potentialAction\":[{\"@type\":\"SearchAction\",\"target\":{\"@type\":\"EntryPoint\",\"urlTemplate\":\"https:\/\/huayuansh.com\/?s={search_term_string}\"},\"query-input\":{\"@type\":\"PropertyValueSpecification\",\"valueRequired\":true,\"valueName\":\"search_term_string\"}}],\"inLanguage\":\"de\"},{\"@type\":\"Organization\",\"@id\":\"https:\/\/huayuansh.com\/#organization\",\"name\":\"HUAYUAN RFID Tag Manufacturer\",\"url\":\"https:\/\/huayuansh.com\/\",\"logo\":{\"@type\":\"ImageObject\",\"inLanguage\":\"de\",\"@id\":\"https:\/\/huayuansh.com\/#\/schema\/logo\/image\/\",\"url\":\"https:\/\/huayuansh.com\/wp-content\/uploads\/2024\/09\/cropped-HUAYUAN.webp\",\"contentUrl\":\"https:\/\/huayuansh.com\/wp-content\/uploads\/2024\/09\/cropped-HUAYUAN.webp\",\"width\":895,\"height\":279,\"caption\":\"HUAYUAN RFID Tag Manufacturer\"},\"image\":{\"@id\":\"https:\/\/huayuansh.com\/#\/schema\/logo\/image\/\"}}]}<\/script>\n<!-- \/ Yoast SEO Premium plugin. -->","yoast_head_json":{"title":"Mikro RFID FPC Aufkleber Tag | HUAYUAN RFID Tag Hersteller","description":"Micro RFID Tag FPC Sticker ist ein flexibler, ultrakleiner Aufkleber mit hoher Leistung, der eine ideale L\u00f6sung f\u00fcr begrenzten Raum oder kleine Gegenst\u00e4nde darstellt.","robots":{"index":"index","follow":"follow","max-snippet":"max-snippet:-1","max-image-preview":"max-image-preview:large","max-video-preview":"max-video-preview:-1"},"canonical":"https:\/\/huayuansh.com\/de\/produkte\/industrielle-rfid-tags\/mikro-rfid-fpc-aufkleber-tag\/","og_locale":"de_DE","og_type":"article","og_title":"Micro RFID FPC Sticker Tag","og_description":"Micro RFID Tag FPC Sticker is flexible, ultra-small available with high performance which is an ideal solution to be installed in limited space or tiny items.","og_url":"https:\/\/huayuansh.com\/de\/produkte\/industrielle-rfid-tags\/mikro-rfid-fpc-aufkleber-tag\/","og_site_name":"HUAYUAN RFID Tag Manufacturer","article_modified_time":"2025-02-26T03:11:09+00:00","og_image":[{"width":1920,"height":1080,"url":"https:\/\/huayuansh.com\/wp-content\/uploads\/2024\/08\/Micro-RFID-FPC-Sticker-Tag.webp","type":"image\/webp"}],"twitter_card":"summary_large_image","twitter_misc":{"Gesch\u00e4tzte Lesezeit":"3\u00a0Minuten"},"schema":{"@context":"https:\/\/schema.org","@graph":[{"@type":"WebPage","@id":"https:\/\/huayuansh.com\/products\/industrial-rfid-tags\/micro-rfid-fpc-sticker-tag\/","url":"https:\/\/huayuansh.com\/products\/industrial-rfid-tags\/micro-rfid-fpc-sticker-tag\/","name":"Mikro RFID FPC Aufkleber Tag | HUAYUAN RFID Tag Hersteller","isPartOf":{"@id":"https:\/\/huayuansh.com\/#website"},"primaryImageOfPage":{"@id":"https:\/\/huayuansh.com\/products\/industrial-rfid-tags\/micro-rfid-fpc-sticker-tag\/#primaryimage"},"image":{"@id":"https:\/\/huayuansh.com\/products\/industrial-rfid-tags\/micro-rfid-fpc-sticker-tag\/#primaryimage"},"thumbnailUrl":"https:\/\/huayuansh.com\/wp-content\/uploads\/2024\/08\/Micro-RFID-FPC-Sticker-Tag.webp","datePublished":"2024-07-15T05:57:34+00:00","dateModified":"2025-02-26T03:11:09+00:00","description":"Micro RFID Tag FPC Sticker ist ein flexibler, ultrakleiner Aufkleber mit hoher Leistung, der eine ideale L\u00f6sung f\u00fcr begrenzten Raum oder kleine Gegenst\u00e4nde darstellt.","breadcrumb":{"@id":"https:\/\/huayuansh.com\/products\/industrial-rfid-tags\/micro-rfid-fpc-sticker-tag\/#breadcrumb"},"inLanguage":"de","potentialAction":[{"@type":"ReadAction","target":["https:\/\/huayuansh.com\/products\/industrial-rfid-tags\/micro-rfid-fpc-sticker-tag\/"]}]},{"@type":"ImageObject","inLanguage":"de","@id":"https:\/\/huayuansh.com\/products\/industrial-rfid-tags\/micro-rfid-fpc-sticker-tag\/#primaryimage","url":"https:\/\/huayuansh.com\/wp-content\/uploads\/2024\/08\/Micro-RFID-FPC-Sticker-Tag.webp","contentUrl":"https:\/\/huayuansh.com\/wp-content\/uploads\/2024\/08\/Micro-RFID-FPC-Sticker-Tag.webp","width":1920,"height":1080},{"@type":"BreadcrumbList","@id":"https:\/\/huayuansh.com\/products\/industrial-rfid-tags\/micro-rfid-fpc-sticker-tag\/#breadcrumb","itemListElement":[{"@type":"ListItem","position":1,"name":"Home","item":"https:\/\/huayuansh.com\/"},{"@type":"ListItem","position":2,"name":"RFID Products","item":"https:\/\/huayuansh.com\/products\/"},{"@type":"ListItem","position":3,"name":"Industrial RFID Tags","item":"https:\/\/huayuansh.com\/products\/industrial-rfid-tags\/"},{"@type":"ListItem","position":4,"name":"Micro RFID FPC Sticker Tag"}]},{"@type":"WebSite","@id":"https:\/\/huayuansh.com\/#website","url":"https:\/\/huayuansh.com\/","name":"HUAYUAN RFID Tag Hersteller","description":"HUAYUAN RFID Tag Hersteller","publisher":{"@id":"https:\/\/huayuansh.com\/#organization"},"potentialAction":[{"@type":"SearchAction","target":{"@type":"EntryPoint","urlTemplate":"https:\/\/huayuansh.com\/?s={search_term_string}"},"query-input":{"@type":"PropertyValueSpecification","valueRequired":true,"valueName":"search_term_string"}}],"inLanguage":"de"},{"@type":"Organization","@id":"https:\/\/huayuansh.com\/#organization","name":"HUAYUAN RFID Tag Hersteller","url":"https:\/\/huayuansh.com\/","logo":{"@type":"ImageObject","inLanguage":"de","@id":"https:\/\/huayuansh.com\/#\/schema\/logo\/image\/","url":"https:\/\/huayuansh.com\/wp-content\/uploads\/2024\/09\/cropped-HUAYUAN.webp","contentUrl":"https:\/\/huayuansh.com\/wp-content\/uploads\/2024\/09\/cropped-HUAYUAN.webp","width":895,"height":279,"caption":"HUAYUAN RFID Tag Manufacturer"},"image":{"@id":"https:\/\/huayuansh.com\/#\/schema\/logo\/image\/"}}]}},"taxonomy_info":[],"featured_image_src_large":["https:\/\/huayuansh.com\/wp-content\/uploads\/2024\/08\/Micro-RFID-FPC-Sticker-Tag-1024x576.webp",1024,576,true],"author_info":{"display_name":"HUAYUAN","author_link":"https:\/\/huayuansh.com\/de\/author\/shyec2024\/"},"comment_info":0,"_links":{"self":[{"href":"https:\/\/huayuansh.com\/de\/wp-json\/wp\/v2\/pages\/3390","targetHints":{"allow":["GET"]}}],"collection":[{"href":"https:\/\/huayuansh.com\/de\/wp-json\/wp\/v2\/pages"}],"about":[{"href":"https:\/\/huayuansh.com\/de\/wp-json\/wp\/v2\/types\/page"}],"author":[{"embeddable":true,"href":"https:\/\/huayuansh.com\/de\/wp-json\/wp\/v2\/users\/1"}],"replies":[{"embeddable":true,"href":"https:\/\/huayuansh.com\/de\/wp-json\/wp\/v2\/comments?post=3390"}],"version-history":[{"count":4,"href":"https:\/\/huayuansh.com\/de\/wp-json\/wp\/v2\/pages\/3390\/revisions"}],"predecessor-version":[{"id":4120,"href":"https:\/\/huayuansh.com\/de\/wp-json\/wp\/v2\/pages\/3390\/revisions\/4120"}],"up":[{"embeddable":true,"href":"https:\/\/huayuansh.com\/de\/wp-json\/wp\/v2\/pages\/854"}],"wp:featuredmedia":[{"embeddable":true,"href":"https:\/\/huayuansh.com\/de\/wp-json\/wp\/v2\/media\/3651"}],"wp:attachment":[{"href":"https:\/\/huayuansh.com\/de\/wp-json\/wp\/v2\/media?parent=3390"}],"curies":[{"name":"wp","href":"https:\/\/api.w.org\/{rel}","templated":true}]}}