{"id":3392,"date":"2024-07-15T14:02:23","date_gmt":"2024-07-15T06:02:23","guid":{"rendered":"https:\/\/huayuansh.com\/?page_id=3392"},"modified":"2024-08-08T15:26:09","modified_gmt":"2024-08-08T07:26:09","slug":"rfid-agv-navigations-positions-tag","status":"publish","type":"page","link":"https:\/\/huayuansh.com\/de\/produkte\/industrielle-rfid-tags\/rfid-agv-navigations-positions-tag\/","title":{"rendered":"RFID AGV-Navigations-Positions-Tag"},"content":{"rendered":"<p>Das fahrerlose Transportfahrzeug (FTS) kann durch autonome Navigation und Ortung einen bestimmten Weg genau abfahren, um Hindernissen in einer unbemannten Umgebung auszuweichen. Heutzutage werden FTS-RFID-Etiketten in der automatisierten Lagerhaltung, bei Materialtransfersystemen in Fabriken, logistischen Kommissioniersystemen, flexiblen Montagesystemen und anderen intelligenten Transportsystemen eingesetzt.<\/p>\n\n\n\n<p>Die Idee ist die Verwendung von RFID-Navigations-Tags f\u00fcr Roboter, die in einem Gittermuster auf dem Boden platziert werden. Der Roboter enth\u00e4lt eine \"Karte\" der Modex RFID-Tag-ID-Nummern. und mit dieser Nummer wei\u00df, wo er auf der Karte ist.<\/p>\n\n\n\n<figure class=\"wp-block-embed is-type-video is-provider-youtube wp-block-embed-youtube wp-embed-aspect-16-9 wp-has-aspect-ratio\"><div class=\"wp-block-embed__wrapper\">\n<iframe loading=\"lazy\" title=\"HUAYUAN HDX Automated Guided Vehicle AGV RFID-Tags zur Lokalisierung und Positionsverfolgung\" width=\"720\" height=\"405\" src=\"https:\/\/www.youtube.com\/embed\/MV2LNbdswjU?feature=oembed\" frameborder=\"0\" allow=\"accelerometer; autoplay; clipboard-write; encrypted-media; gyroscope; picture-in-picture; web-share\" referrerpolicy=\"strict-origin-when-cross-origin\" allowfullscreen><\/iframe>\n<\/div><\/figure>\n\n\n\n<div class=\"wp-block-columns is-layout-flex wp-container-core-columns-is-layout-9d6595d7 wp-block-columns-is-layout-flex\">\n<div class=\"wp-block-column is-layout-flow wp-block-column-is-layout-flow\" style=\"flex-basis:70%\">\n<h2 class=\"wp-block-heading\" id=\"h-key-feature-of-rfid-hdx-glass-tag\">Hauptmerkmal von RFID HDX Glass Tag<\/h2>\n\n\n\n<ul class=\"wp-block-list\">\n<li>Hervorragende Leistung in rauer Umgebung<\/li>\n\n\n\n<li>Genauigkeit, Wiederholbarkeit, Flexibilit\u00e4t, Blockstapelung, Bodenunterbau, Verkehrsmuster<\/li>\n\n\n\n<li>ISO 11784\/11785 vollst\u00e4ndige Identifikationsdaten programmierbar, BDE-Format<\/li>\n\n\n\n<li>2 kHz, 192 Bits, Mehrzweck R\/W HDX RFID IC<\/li>\n\n\n\n<li>Standard- und erweiterte Tier-RFID-Transponderanh\u00e4nger<\/li>\n\n\n\n<li>Transponder mit gro\u00dfer Lesereichweite<\/li>\n\n\n\n<li>Halbduplex (HDX) 134,2 kHz kontaktlose Lese-\/Schreibdaten<\/li>\n\n\n\n<li>Kompatibel mit TI-RFID-Leseger\u00e4t<\/li>\n\n\n\n<li>Schreiben Sie die Standard-Tier-ID oder schreiben Sie einen 64-Bit-Hexadezimalwert (\u00fcber unser Leseger\u00e4t mit spezifizierter Firmware und Software)<\/li>\n\n\n\n<li>Durch einen nichtfl\u00fcchtigen Speicherschalter gesteuerter abstimmbarer On-Chip-Resonanzkondensator<\/li>\n\n\n\n<li>Erh\u00e4ltlich im HDFN-Geh\u00e4use, vollst\u00e4ndig kompatibel mit dem Vorg\u00e4ngermodell<\/li>\n<\/ul>\n<\/div>\n\n\n\n<div class=\"wp-block-column is-layout-flow wp-block-column-is-layout-flow\" style=\"flex-basis:30%\">\n<figure class=\"wp-block-image size-full\"><img loading=\"lazy\" decoding=\"async\" width=\"600\" height=\"840\" src=\"https:\/\/huayuansh.com\/wp-content\/uploads\/2024\/08\/HUAYUAN-AGV-RFID-Tags.webp\" alt=\"\" class=\"wp-image-3620\" srcset=\"https:\/\/huayuansh.com\/wp-content\/uploads\/2024\/08\/HUAYUAN-AGV-RFID-Tags.webp 600w, https:\/\/huayuansh.com\/wp-content\/uploads\/2024\/08\/HUAYUAN-AGV-RFID-Tags-214x300.webp 214w\" sizes=\"auto, (max-width: 600px) 100vw, 600px\" \/><\/figure>\n<\/div>\n<\/div>\n\n\n\n<div class=\"wp-block-columns is-layout-flex wp-container-core-columns-is-layout-9d6595d7 wp-block-columns-is-layout-flex\">\n<div class=\"wp-block-column is-layout-flow wp-block-column-is-layout-flow\" style=\"flex-basis:70%\">\n<h2 class=\"wp-block-heading\" id=\"h-applications-of-rfid-agv-tag\">Anwendungen von RFID AGV Tag<\/h2>\n\n\n\n<ul class=\"wp-block-list\">\n<li>Roboterhebevorrichtung, Bahnverfolgung von Containerhebevorrichtungen<\/li>\n\n\n\n<li>Automatisierte Lagerhaltung<\/li>\n\n\n\n<li>Werkseitige Materialtransportsysteme<\/li>\n\n\n\n<li>Logistische Kommissionier- und flexible Montagesysteme<\/li>\n\n\n\n<li>Intelligente Verkehrsmittel<\/li>\n<\/ul>\n<\/div>\n\n\n\n<div class=\"wp-block-column is-layout-flow wp-block-column-is-layout-flow\" style=\"flex-basis:30%\">\n<figure class=\"wp-block-image size-full\"><img loading=\"lazy\" decoding=\"async\" width=\"352\" height=\"228\" src=\"https:\/\/huayuansh.com\/wp-content\/uploads\/2024\/08\/Robust-HDX-RFID-AGV-Navigation-Position-Tag-HUAYUAN-RFID.webp\" alt=\"\" class=\"wp-image-3621\" srcset=\"https:\/\/huayuansh.com\/wp-content\/uploads\/2024\/08\/Robust-HDX-RFID-AGV-Navigation-Position-Tag-HUAYUAN-RFID.webp 352w, https:\/\/huayuansh.com\/wp-content\/uploads\/2024\/08\/Robust-HDX-RFID-AGV-Navigation-Position-Tag-HUAYUAN-RFID-300x194.webp 300w\" sizes=\"auto, (max-width: 352px) 100vw, 352px\" \/><\/figure>\n<\/div>\n<\/div>\n\n\n\n<h2 class=\"wp-block-heading\" id=\"h-specification-of-robust-agv-rfid-tag\">Spezifikation eines robusten AGV-RFID-Tags<\/h2>\n\n\n\n<figure class=\"wp-block-table\"><table><tbody><tr><td>Name des Gegenstands<\/td><td>RFID-AGV-Tag<\/td><\/tr><tr><td>Protokoll-Standard<\/td><td>HDX ISO 11784\/11785, ICAR-Konformit\u00e4t<\/td><\/tr><tr><td>Speicher<\/td><td>192bit<\/td><\/tr><tr><td>Funktionsweise<\/td><td>lesen\/schreiben<\/td><\/tr><tr><td>Frequenz<\/td><td>134,2 kHz<\/td><\/tr><tr><td>Typischer Lesebereich<\/td><td>90mm - 120mm (Tischleser)<br>&gt; 30cm (Leseger\u00e4t mit gro\u00dfer Antenne)<\/td><\/tr><tr><td>Gewicht<\/td><td>ca. 19g<\/td><\/tr><tr><td>IP-Klasse<\/td><td>IP68<\/td><\/tr><tr><td>Betriebstemperatur<\/td><td>-25\u00b0C bis 85\u00b0C<\/td><\/tr><tr><td>Ausdauer schreiben<\/td><td>&gt; 100.000 R\/W-Zyklen<\/td><\/tr><tr><td>Ged\u00e4chtnisleistung<\/td><td>20 Jahre<\/td><\/tr><\/tbody><\/table><\/figure>\n\n\n\n<p><strong><br>RFID-Navigationstag Unterst\u00fctzte Protokolle<\/strong><\/p>\n\n\n\n<ul class=\"wp-block-list\">\n<li>Konform mit dem BDE-Format (f\u00fcr Anwendungen in der Abfallwirtschaft)<\/li>\n\n\n\n<li>Vollst\u00e4ndig konform mit ISO 11784\/11785 HDX R\/O Animal Tag<\/li>\n\n\n\n<li>Protokoll\/Struktur der ID-Daten<\/li>\n\n\n\n<li>Vollst\u00e4ndig konform mit dem g\u00e4ngigen HDX-R\/W-ID-Format<\/li>\n<\/ul>\n\n\n\n<p><strong>Robuster AGV-RFID-Tag-Speicher<\/strong><\/p>\n\n\n\n<ul class=\"wp-block-list\">\n<li>R\/W Anwenderspeicher von 6X32 (192 Bits)<\/li>\n\n\n\n<li>Unterst\u00fctzung des Benutzerzugriffs auf die eindeutige ROM-ID (UID) des Herstellers, um das Klonen von Chips zu verhindern<\/li>\n\n\n\n<li>Direktzugriff\/Schreibmodus<\/li>\n\n\n\n<li>Gesch\u00fctzter Direktzugriff\/Schreibmodus<\/li>\n\n\n\n<li>Konfiguration mit einmaliger Programmierung (OTP)<\/li>\n<\/ul>\n\n\n\n<p><strong>AGV RFID&nbsp;<\/strong><strong>T<\/strong><strong>ag<\/strong><strong>&nbsp;<\/strong><strong>Befehle<\/strong><\/p>\n\n\n\n<ul class=\"wp-block-list\">\n<li>Propriet\u00e4res Befehlsprotokoll<\/li>\n\n\n\n<li>Umfassende Berichte zur Fehlerprotokollierung<\/li>\n\n\n\n<li>Unterst\u00fctzung von Kaskadenbefehlen<\/li>\n<\/ul>\n\n\n\n<p><strong>System\u00fcbersicht des HUAYUAN RFID AGV-Tag-Ger\u00e4ts<\/strong><\/p>\n\n\n\n<figure class=\"wp-block-image size-large\"><img loading=\"lazy\" decoding=\"async\" width=\"1024\" height=\"277\" src=\"https:\/\/huayuansh.com\/wp-content\/uploads\/2024\/08\/System-Overview-of-RFID-AGV-Tag-Device-1024x277.webp\" alt=\"\" class=\"wp-image-3622\" srcset=\"https:\/\/huayuansh.com\/wp-content\/uploads\/2024\/08\/System-Overview-of-RFID-AGV-Tag-Device-1024x277.webp 1024w, https:\/\/huayuansh.com\/wp-content\/uploads\/2024\/08\/System-Overview-of-RFID-AGV-Tag-Device-300x81.webp 300w, https:\/\/huayuansh.com\/wp-content\/uploads\/2024\/08\/System-Overview-of-RFID-AGV-Tag-Device-768x208.webp 768w, https:\/\/huayuansh.com\/wp-content\/uploads\/2024\/08\/System-Overview-of-RFID-AGV-Tag-Device.webp 1317w\" sizes=\"auto, (max-width: 1024px) 100vw, 1024px\" \/><\/figure>\n\n\n\n<p><strong>Detailliertes Blockdiagramm des Chips<\/strong><\/p>\n\n\n\n<figure class=\"wp-block-image size-large\"><img loading=\"lazy\" decoding=\"async\" width=\"1024\" height=\"467\" src=\"https:\/\/huayuansh.com\/wp-content\/uploads\/2024\/08\/Chip-Detailed-Block-Diagram-1024x467.webp\" alt=\"\" class=\"wp-image-3623\" srcset=\"https:\/\/huayuansh.com\/wp-content\/uploads\/2024\/08\/Chip-Detailed-Block-Diagram-1024x467.webp 1024w, https:\/\/huayuansh.com\/wp-content\/uploads\/2024\/08\/Chip-Detailed-Block-Diagram-300x137.webp 300w, https:\/\/huayuansh.com\/wp-content\/uploads\/2024\/08\/Chip-Detailed-Block-Diagram-768x350.webp 768w, https:\/\/huayuansh.com\/wp-content\/uploads\/2024\/08\/Chip-Detailed-Block-Diagram.webp 1178w\" sizes=\"auto, (max-width: 1024px) 100vw, 1024px\" \/><\/figure>\n\n\n\n<p><strong>HDX ISO11784\/5 ID Datenstruktur<\/strong><\/p>\n\n\n\n<figure class=\"wp-block-image size-full\"><img loading=\"lazy\" decoding=\"async\" width=\"1024\" height=\"291\" src=\"https:\/\/huayuansh.com\/wp-content\/uploads\/2024\/08\/HDX-ISO117845-ID-Data-Structure.webp\" alt=\"\" class=\"wp-image-3624\" srcset=\"https:\/\/huayuansh.com\/wp-content\/uploads\/2024\/08\/HDX-ISO117845-ID-Data-Structure.webp 1024w, https:\/\/huayuansh.com\/wp-content\/uploads\/2024\/08\/HDX-ISO117845-ID-Data-Structure-300x85.webp 300w, https:\/\/huayuansh.com\/wp-content\/uploads\/2024\/08\/HDX-ISO117845-ID-Data-Structure-768x218.webp 768w\" sizes=\"auto, (max-width: 1024px) 100vw, 1024px\" \/><\/figure>\n\n\n<style>.wp-block-kadence-advancedbtn.kb-btns3392_aaf86d-af{gap:var(--global-kb-gap-xs, 0.5rem );justify-content:flex-start;align-items:center;}.kt-btns3392_aaf86d-af .kt-button{font-weight:normal;font-style:normal;}.kt-btns3392_aaf86d-af .kt-btn-wrap-0{margin-right:5px;}.wp-block-kadence-advancedbtn.kt-btns3392_aaf86d-af .kt-btn-wrap-0 .kt-button{color:#555555;border-color:#555555;}.wp-block-kadence-advancedbtn.kt-btns3392_aaf86d-af .kt-btn-wrap-0 .kt-button:hover, .wp-block-kadence-advancedbtn.kt-btns3392_aaf86d-af .kt-btn-wrap-0 .kt-button:focus{color:#ffffff;border-color:#444444;}.wp-block-kadence-advancedbtn.kt-btns3392_aaf86d-af .kt-btn-wrap-0 .kt-button::before{display:none;}.wp-block-kadence-advancedbtn.kt-btns3392_aaf86d-af .kt-btn-wrap-0 .kt-button:hover, .wp-block-kadence-advancedbtn.kt-btns3392_aaf86d-af .kt-btn-wrap-0 .kt-button:focus{background:#444444;}<\/style>\n<div class=\"wp-block-kadence-advancedbtn kb-buttons-wrap kb-btns3392_aaf86d-af\"><style>ul.menu .wp-block-kadence-advancedbtn .kb-btn3392_13e73c-40.kb-button{width:initial;}<\/style><a class=\"kb-button kt-button button kb-btn3392_13e73c-40 kt-btn-size-standard kt-btn-width-type-auto kb-btn-global-inherit  kt-btn-has-text-true kt-btn-has-svg-false  wp-block-button__link wp-block-kadence-singlebtn\" href=\"https:\/\/huayuansh.com\/contact-us\/\"><span class=\"kt-btn-inner-text\">Kontakt<\/span><\/a><\/div>","protected":false},"excerpt":{"rendered":"<p>Das fahrerlose Transportfahrzeug (FTS) kann durch autonome Navigation und Ortung einen bestimmten Weg genau abfahren, um Hindernissen in einer unbemannten Umgebung auszuweichen. Heutzutage werden FTS-RFID-Etiketten in der automatisierten Lagerhaltung, in Materialtransportsystemen in Fabriken, in logistischen Kommissioniersystemen, in flexiblen Montagesystemen und anderen intelligenten Transportanlagen eingesetzt. Die Idee ist, Roboter zu verwenden...<\/p>","protected":false},"author":1,"featured_media":3625,"parent":854,"menu_order":0,"comment_status":"closed","ping_status":"closed","template":"","meta":{"_kad_blocks_custom_css":"","_kad_blocks_head_custom_js":"","_kad_blocks_body_custom_js":"","_kad_blocks_footer_custom_js":"","_kadence_starter_templates_imported_post":false,"_kad_post_transparent":"","_kad_post_title":"","_kad_post_layout":"","_kad_post_sidebar_id":"","_kad_post_content_style":"","_kad_post_vertical_padding":"","_kad_post_feature":"","_kad_post_feature_position":"","_kad_post_header":false,"_kad_post_footer":false,"footnotes":""},"class_list":["post-3392","page","type-page","status-publish","has-post-thumbnail","hentry"],"yoast_head":"<!-- This site is optimized with the Yoast SEO Premium plugin v23.0 (Yoast SEO v26.3) - https:\/\/yoast.com\/wordpress\/plugins\/seo\/ -->\n<title>RFID AGV Navigation Position Tag | HUAYUAN RFID Tag Manufacturer<\/title>\n<meta name=\"description\" content=\"HUAYUAN RFID AGV tags are ideal for automated warehousing, logistics, supply chain, \ufb02exible assembly systems, and other intelligent transportation sites.\" \/>\n<meta name=\"robots\" content=\"index, follow, max-snippet:-1, max-image-preview:large, max-video-preview:-1\" \/>\n<link rel=\"canonical\" href=\"https:\/\/huayuansh.com\/de\/produkte\/industrielle-rfid-tags\/rfid-agv-navigations-positions-tag\/\" \/>\n<meta property=\"og:locale\" content=\"de_DE\" \/>\n<meta property=\"og:type\" content=\"article\" \/>\n<meta property=\"og:title\" content=\"RFID AGV Navigation Position Tag\" \/>\n<meta property=\"og:description\" content=\"HUAYUAN RFID AGV tags are ideal for automated warehousing, logistics, supply chain, \ufb02exible assembly systems, and other intelligent transportation sites.\" \/>\n<meta property=\"og:url\" content=\"https:\/\/huayuansh.com\/de\/produkte\/industrielle-rfid-tags\/rfid-agv-navigations-positions-tag\/\" \/>\n<meta property=\"og:site_name\" content=\"HUAYUAN RFID Tag Manufacturer\" \/>\n<meta property=\"article:modified_time\" content=\"2024-08-08T07:26:09+00:00\" \/>\n<meta property=\"og:image\" content=\"https:\/\/huayuansh.com\/wp-content\/uploads\/2024\/08\/RFID-AGV-Navigation-Position-Tag.webp\" \/>\n\t<meta property=\"og:image:width\" content=\"1920\" \/>\n\t<meta property=\"og:image:height\" content=\"1080\" \/>\n\t<meta property=\"og:image:type\" content=\"image\/webp\" \/>\n<meta name=\"twitter:card\" content=\"summary_large_image\" \/>\n<meta name=\"twitter:label1\" content=\"Gesch\u00e4tzte Lesezeit\" \/>\n\t<meta name=\"twitter:data1\" content=\"3\u00a0Minuten\" \/>\n<script type=\"application\/ld+json\" class=\"yoast-schema-graph\">{\"@context\":\"https:\/\/schema.org\",\"@graph\":[{\"@type\":\"WebPage\",\"@id\":\"https:\/\/huayuansh.com\/products\/industrial-rfid-tags\/rfid-agv-navigation-position-tag\/\",\"url\":\"https:\/\/huayuansh.com\/products\/industrial-rfid-tags\/rfid-agv-navigation-position-tag\/\",\"name\":\"RFID AGV Navigation Position Tag | HUAYUAN RFID Tag Manufacturer\",\"isPartOf\":{\"@id\":\"https:\/\/huayuansh.com\/#website\"},\"primaryImageOfPage\":{\"@id\":\"https:\/\/huayuansh.com\/products\/industrial-rfid-tags\/rfid-agv-navigation-position-tag\/#primaryimage\"},\"image\":{\"@id\":\"https:\/\/huayuansh.com\/products\/industrial-rfid-tags\/rfid-agv-navigation-position-tag\/#primaryimage\"},\"thumbnailUrl\":\"https:\/\/huayuansh.com\/wp-content\/uploads\/2024\/08\/RFID-AGV-Navigation-Position-Tag.webp\",\"datePublished\":\"2024-07-15T06:02:23+00:00\",\"dateModified\":\"2024-08-08T07:26:09+00:00\",\"description\":\"HUAYUAN RFID AGV tags are ideal for automated warehousing, logistics, supply chain, \ufb02exible assembly systems, and other intelligent transportation sites.\",\"breadcrumb\":{\"@id\":\"https:\/\/huayuansh.com\/products\/industrial-rfid-tags\/rfid-agv-navigation-position-tag\/#breadcrumb\"},\"inLanguage\":\"de\",\"potentialAction\":[{\"@type\":\"ReadAction\",\"target\":[\"https:\/\/huayuansh.com\/products\/industrial-rfid-tags\/rfid-agv-navigation-position-tag\/\"]}]},{\"@type\":\"ImageObject\",\"inLanguage\":\"de\",\"@id\":\"https:\/\/huayuansh.com\/products\/industrial-rfid-tags\/rfid-agv-navigation-position-tag\/#primaryimage\",\"url\":\"https:\/\/huayuansh.com\/wp-content\/uploads\/2024\/08\/RFID-AGV-Navigation-Position-Tag.webp\",\"contentUrl\":\"https:\/\/huayuansh.com\/wp-content\/uploads\/2024\/08\/RFID-AGV-Navigation-Position-Tag.webp\",\"width\":1920,\"height\":1080},{\"@type\":\"BreadcrumbList\",\"@id\":\"https:\/\/huayuansh.com\/products\/industrial-rfid-tags\/rfid-agv-navigation-position-tag\/#breadcrumb\",\"itemListElement\":[{\"@type\":\"ListItem\",\"position\":1,\"name\":\"Home\",\"item\":\"https:\/\/huayuansh.com\/\"},{\"@type\":\"ListItem\",\"position\":2,\"name\":\"RFID Products\",\"item\":\"https:\/\/huayuansh.com\/products\/\"},{\"@type\":\"ListItem\",\"position\":3,\"name\":\"Industrial RFID Tags\",\"item\":\"https:\/\/huayuansh.com\/products\/industrial-rfid-tags\/\"},{\"@type\":\"ListItem\",\"position\":4,\"name\":\"RFID AGV Navigation Position Tag\"}]},{\"@type\":\"WebSite\",\"@id\":\"https:\/\/huayuansh.com\/#website\",\"url\":\"https:\/\/huayuansh.com\/\",\"name\":\"HUAYUAN RFID Tag Manufacturer\",\"description\":\"HUAYUAN RFID Tag Manufacturer\",\"publisher\":{\"@id\":\"https:\/\/huayuansh.com\/#organization\"},\"potentialAction\":[{\"@type\":\"SearchAction\",\"target\":{\"@type\":\"EntryPoint\",\"urlTemplate\":\"https:\/\/huayuansh.com\/?s={search_term_string}\"},\"query-input\":{\"@type\":\"PropertyValueSpecification\",\"valueRequired\":true,\"valueName\":\"search_term_string\"}}],\"inLanguage\":\"de\"},{\"@type\":\"Organization\",\"@id\":\"https:\/\/huayuansh.com\/#organization\",\"name\":\"HUAYUAN RFID Tag Manufacturer\",\"url\":\"https:\/\/huayuansh.com\/\",\"logo\":{\"@type\":\"ImageObject\",\"inLanguage\":\"de\",\"@id\":\"https:\/\/huayuansh.com\/#\/schema\/logo\/image\/\",\"url\":\"https:\/\/huayuansh.com\/wp-content\/uploads\/2024\/09\/cropped-HUAYUAN.webp\",\"contentUrl\":\"https:\/\/huayuansh.com\/wp-content\/uploads\/2024\/09\/cropped-HUAYUAN.webp\",\"width\":895,\"height\":279,\"caption\":\"HUAYUAN RFID Tag Manufacturer\"},\"image\":{\"@id\":\"https:\/\/huayuansh.com\/#\/schema\/logo\/image\/\"}}]}<\/script>\n<!-- \/ Yoast SEO Premium plugin. -->","yoast_head_json":{"title":"RFID AGV Navigation Position Tag | HUAYUAN RFID Tag Hersteller","description":"HUAYUAN RFID AGV-Tags sind ideal f\u00fcr automatisierte Lagerhaltung, Logistik, Lieferketten, flexible Montagesysteme und andere intelligente Transportanlagen.","robots":{"index":"index","follow":"follow","max-snippet":"max-snippet:-1","max-image-preview":"max-image-preview:large","max-video-preview":"max-video-preview:-1"},"canonical":"https:\/\/huayuansh.com\/de\/produkte\/industrielle-rfid-tags\/rfid-agv-navigations-positions-tag\/","og_locale":"de_DE","og_type":"article","og_title":"RFID AGV Navigation Position Tag","og_description":"HUAYUAN RFID AGV tags are ideal for automated warehousing, logistics, supply chain, \ufb02exible assembly systems, and other intelligent transportation sites.","og_url":"https:\/\/huayuansh.com\/de\/produkte\/industrielle-rfid-tags\/rfid-agv-navigations-positions-tag\/","og_site_name":"HUAYUAN RFID Tag Manufacturer","article_modified_time":"2024-08-08T07:26:09+00:00","og_image":[{"width":1920,"height":1080,"url":"https:\/\/huayuansh.com\/wp-content\/uploads\/2024\/08\/RFID-AGV-Navigation-Position-Tag.webp","type":"image\/webp"}],"twitter_card":"summary_large_image","twitter_misc":{"Gesch\u00e4tzte Lesezeit":"3\u00a0Minuten"},"schema":{"@context":"https:\/\/schema.org","@graph":[{"@type":"WebPage","@id":"https:\/\/huayuansh.com\/products\/industrial-rfid-tags\/rfid-agv-navigation-position-tag\/","url":"https:\/\/huayuansh.com\/products\/industrial-rfid-tags\/rfid-agv-navigation-position-tag\/","name":"RFID AGV Navigation Position Tag | HUAYUAN RFID Tag Hersteller","isPartOf":{"@id":"https:\/\/huayuansh.com\/#website"},"primaryImageOfPage":{"@id":"https:\/\/huayuansh.com\/products\/industrial-rfid-tags\/rfid-agv-navigation-position-tag\/#primaryimage"},"image":{"@id":"https:\/\/huayuansh.com\/products\/industrial-rfid-tags\/rfid-agv-navigation-position-tag\/#primaryimage"},"thumbnailUrl":"https:\/\/huayuansh.com\/wp-content\/uploads\/2024\/08\/RFID-AGV-Navigation-Position-Tag.webp","datePublished":"2024-07-15T06:02:23+00:00","dateModified":"2024-08-08T07:26:09+00:00","description":"HUAYUAN RFID AGV-Tags sind ideal f\u00fcr automatisierte Lagerhaltung, Logistik, Lieferketten, flexible Montagesysteme und andere intelligente Transportanlagen.","breadcrumb":{"@id":"https:\/\/huayuansh.com\/products\/industrial-rfid-tags\/rfid-agv-navigation-position-tag\/#breadcrumb"},"inLanguage":"de","potentialAction":[{"@type":"ReadAction","target":["https:\/\/huayuansh.com\/products\/industrial-rfid-tags\/rfid-agv-navigation-position-tag\/"]}]},{"@type":"ImageObject","inLanguage":"de","@id":"https:\/\/huayuansh.com\/products\/industrial-rfid-tags\/rfid-agv-navigation-position-tag\/#primaryimage","url":"https:\/\/huayuansh.com\/wp-content\/uploads\/2024\/08\/RFID-AGV-Navigation-Position-Tag.webp","contentUrl":"https:\/\/huayuansh.com\/wp-content\/uploads\/2024\/08\/RFID-AGV-Navigation-Position-Tag.webp","width":1920,"height":1080},{"@type":"BreadcrumbList","@id":"https:\/\/huayuansh.com\/products\/industrial-rfid-tags\/rfid-agv-navigation-position-tag\/#breadcrumb","itemListElement":[{"@type":"ListItem","position":1,"name":"Home","item":"https:\/\/huayuansh.com\/"},{"@type":"ListItem","position":2,"name":"RFID Products","item":"https:\/\/huayuansh.com\/products\/"},{"@type":"ListItem","position":3,"name":"Industrial RFID Tags","item":"https:\/\/huayuansh.com\/products\/industrial-rfid-tags\/"},{"@type":"ListItem","position":4,"name":"RFID AGV Navigation Position Tag"}]},{"@type":"WebSite","@id":"https:\/\/huayuansh.com\/#website","url":"https:\/\/huayuansh.com\/","name":"HUAYUAN RFID Tag Hersteller","description":"HUAYUAN RFID Tag Hersteller","publisher":{"@id":"https:\/\/huayuansh.com\/#organization"},"potentialAction":[{"@type":"SearchAction","target":{"@type":"EntryPoint","urlTemplate":"https:\/\/huayuansh.com\/?s={search_term_string}"},"query-input":{"@type":"PropertyValueSpecification","valueRequired":true,"valueName":"search_term_string"}}],"inLanguage":"de"},{"@type":"Organization","@id":"https:\/\/huayuansh.com\/#organization","name":"HUAYUAN RFID Tag Hersteller","url":"https:\/\/huayuansh.com\/","logo":{"@type":"ImageObject","inLanguage":"de","@id":"https:\/\/huayuansh.com\/#\/schema\/logo\/image\/","url":"https:\/\/huayuansh.com\/wp-content\/uploads\/2024\/09\/cropped-HUAYUAN.webp","contentUrl":"https:\/\/huayuansh.com\/wp-content\/uploads\/2024\/09\/cropped-HUAYUAN.webp","width":895,"height":279,"caption":"HUAYUAN RFID Tag Manufacturer"},"image":{"@id":"https:\/\/huayuansh.com\/#\/schema\/logo\/image\/"}}]}},"taxonomy_info":[],"featured_image_src_large":["https:\/\/huayuansh.com\/wp-content\/uploads\/2024\/08\/RFID-AGV-Navigation-Position-Tag-1024x576.webp",1024,576,true],"author_info":{"display_name":"HUAYUAN","author_link":"https:\/\/huayuansh.com\/de\/author\/shyec2024\/"},"comment_info":0,"_links":{"self":[{"href":"https:\/\/huayuansh.com\/de\/wp-json\/wp\/v2\/pages\/3392","targetHints":{"allow":["GET"]}}],"collection":[{"href":"https:\/\/huayuansh.com\/de\/wp-json\/wp\/v2\/pages"}],"about":[{"href":"https:\/\/huayuansh.com\/de\/wp-json\/wp\/v2\/types\/page"}],"author":[{"embeddable":true,"href":"https:\/\/huayuansh.com\/de\/wp-json\/wp\/v2\/users\/1"}],"replies":[{"embeddable":true,"href":"https:\/\/huayuansh.com\/de\/wp-json\/wp\/v2\/comments?post=3392"}],"version-history":[{"count":3,"href":"https:\/\/huayuansh.com\/de\/wp-json\/wp\/v2\/pages\/3392\/revisions"}],"predecessor-version":[{"id":3627,"href":"https:\/\/huayuansh.com\/de\/wp-json\/wp\/v2\/pages\/3392\/revisions\/3627"}],"up":[{"embeddable":true,"href":"https:\/\/huayuansh.com\/de\/wp-json\/wp\/v2\/pages\/854"}],"wp:featuredmedia":[{"embeddable":true,"href":"https:\/\/huayuansh.com\/de\/wp-json\/wp\/v2\/media\/3625"}],"wp:attachment":[{"href":"https:\/\/huayuansh.com\/de\/wp-json\/wp\/v2\/media?parent=3392"}],"curies":[{"name":"wp","href":"https:\/\/api.w.org\/{rel}","templated":true}]}}