{"id":3398,"date":"2024-07-15T14:24:18","date_gmt":"2024-07-15T06:24:18","guid":{"rendered":"https:\/\/huayuansh.com\/?page_id=3398"},"modified":"2025-04-27T09:47:57","modified_gmt":"2025-04-27T01:47:57","slug":"hlb-rfid-wasche-knopf","status":"publish","type":"page","link":"https:\/\/huayuansh.com\/de\/produkte\/rfid-wasche-etiketten\/hlb-rfid-wasche-knopf\/","title":{"rendered":"HLB RFID-W\u00e4schetaste"},"content":{"rendered":"<p>Der RFID-W\u00e4schetransponder, auch bekannt als PPS-RFID-W\u00e4schetransponder, wurde speziell f\u00fcr Anwendungen entwickelt, die einen robusten Transponder erfordern, der rauen Arbeitsumgebungen standhalten kann. Derzeit werden die meisten UHF-W\u00e4schetransponder auf dem Markt verwendet, aber einige Szenen m\u00fcssen auch NFC-W\u00e4schetags verwenden, die Mobiltelefonanwendungen unterst\u00fctzen. Die Button-RFID-W\u00e4schetransponder k\u00f6nnen die oben genannten Anforderungen perfekt erf\u00fcllen und werden h\u00e4ufig f\u00fcr die Identifizierung und Verfolgung von Industriew\u00e4sche und Textilien in Hotels, Krankenh\u00e4usern und W\u00e4schereien eingesetzt.<\/p>\n\n\n\n<p>HLB serielle robuste industrielle Umspritzung RFID \/ NFC-Taste ist eine Auswahl von industriellen W\u00e4sche RFID \/ NFC-Tag f\u00fcr den Zweck der Textilien Lebenszyklus R\u00fcckverfolgung und Tracking, war es auf HUAYUANs Produkte Kategorie seit 2006 aufgef\u00fchrt. HLB RFID W\u00e4sche Tasten k\u00f6nnen durch gen\u00e4ht in Saum oder gen\u00e4ht auf alle Textilien Verm\u00f6genswerte als eine normale Taste installiert werden. es ist die bost dauerhafte RFID \/ NFC-Struktur mit ultra-robuste Verkapselung, Mini-Gr\u00f6\u00dfe, gro\u00dfe Best\u00e4ndigkeit von Hitze Fl\u00fcssigwaschmittel und Hochdruck in rauen industriellen W\u00e4sche Umgebungen und garrantee <strong>200 industrielle Waschg\u00e4nge oder 2 Jahre Betrieb<\/strong>. <\/p>\n\n\n\n<h2 class=\"wp-block-heading\" id=\"h-advantages-at-a-glance-of-nfc-laundry-buttons\">Die Vorteile von NFC-W\u00e4schetasten auf einen Blick<\/h2>\n\n\n\n<p>Die Verwendung von RFID-NFC-W\u00e4schetasten bietet eine Reihe von Vorteilen, darunter:<\/p>\n\n\n\n<p><strong>1, Genaue Bestandsverwaltung<\/strong>: Die Verwendung von RFID-NFC-W\u00e4schekn\u00f6pfen hilft bei der genauen Bestandsverwaltung. Die Buttons lassen sich leicht an den W\u00e4schest\u00fccken anbringen und k\u00f6nnen mit RFID-Leseger\u00e4ten verfolgt werden, die bei der Identifizierung der St\u00fccke und der Verfolgung des Bestands helfen. Dadurch entf\u00e4llt die Notwendigkeit des manuellen Z\u00e4hlens und die Fehlerwahrscheinlichkeit wird verringert.<\/p>\n\n\n\n<p><strong>2, Verbesserte Effizienz<\/strong>: RFID-NFC-W\u00e4schetasten helfen, die Effizienz von W\u00e4schereibetrieben zu steigern. Durch den Einsatz dieser Tasten entf\u00e4llt die Notwendigkeit des manuellen Z\u00e4hlens, was Zeit spart und die Arbeitskosten senkt. Die Technologie erm\u00f6glicht auch eine Bestandsverwaltung in Echtzeit, die dabei hilft, fundierte Entscheidungen \u00fcber die Wiederauff\u00fcllung der Best\u00e4nde und die Bestandsverwaltung zu treffen.<\/p>\n\n\n\n<p><strong>3, Bessere Qualit\u00e4tskontrolle<\/strong>: Der Einsatz von RFID-NFC-W\u00e4schetasten tr\u00e4gt zu einer besseren Qualit\u00e4tskontrolle bei. Die Technologie erm\u00f6glicht eine detaillierte Nachverfolgung jedes W\u00e4schest\u00fccks, einschlie\u00dflich der Information, wann es zuletzt gewaschen wurde, was zur Einhaltung der Hygienestandards beitr\u00e4gt. Die R\u00fcckverfolgung hilft auch bei der Identifizierung besch\u00e4digter W\u00e4schest\u00fccke, die aus dem Verkehr gezogen werden k\u00f6nnen, um die Qualit\u00e4t zu erhalten.<\/p>\n\n\n\n<p><strong>4, Mobiler Zugang<\/strong>: Die NFC-F\u00e4higkeit der RFID-NFC-W\u00e4scherei-Tasten erm\u00f6glicht den mobilen Zugriff. Dies bedeutet, dass W\u00e4schereibetriebe mit einem Mobiltelefon \u00fcberwacht und verwaltet werden k\u00f6nnen, was die Bestandsverfolgung und die Verwaltung von Betrieben aus der Ferne erleichtert.<\/p>\n\n\n\n<p><strong>5, Widerstandsf\u00e4hig gegen hohe Temperaturen und Dr\u00fccke<\/strong>: Die RFID-NFC-Tasten f\u00fcr W\u00e4schereien sind so konzipiert, dass sie hohen Temperaturen und Dr\u00fccken standhalten, was sie ideal f\u00fcr den Einsatz in industriellen W\u00e4schereien macht. Dadurch wird sichergestellt, dass der Knopf w\u00e4hrend des Waschvorgangs nicht besch\u00e4digt wird.<\/p>\n\n\n\n<p>Insgesamt sind die RFID-W\u00e4schetasten eine hervorragende L\u00f6sung f\u00fcr gewerbliche W\u00e4schereisysteme, die eine genaue Bestandsverfolgung und -dokumentation erfordern. Diese Technologien erm\u00f6glichen eine Bestandskontrolle in Echtzeit, machen manuelles Z\u00e4hlen \u00fcberfl\u00fcssig und rationalisieren den W\u00e4schereibetrieb, was zu gr\u00f6\u00dferer Effizienz und Kosteneinsparungen f\u00fchrt.<\/p>\n\n\n\n<h2 class=\"wp-block-heading\" id=\"h-specifications-of-hlb-rfid-laundry-button\">Technische Daten von HLB RFID-W\u00e4schetaste<\/h2>\n\n\n\n<figure class=\"wp-block-table\"><table><tbody><tr><td>Material<\/td><td>PPS<\/td><\/tr><tr><td>Dimension<\/td><td>Durchm. 24,5\/15mm<br>HLB-P24.5 \/ HLB-P15<br>(Ma\u00dfgeschneiderte Gr\u00f6\u00dfe ist verf\u00fcgbar)<\/td><\/tr><tr><td>Farbe<\/td><td>Standard schwarz; Wenn andere Farben, MOQ ist 10000pcs<\/td><\/tr><tr><td>IP-Bewertung<\/td><td>IP68<\/td><\/tr><tr><td>Betriebstemperatur<\/td><td>-30\u00b0C ~ +200\u00b0C<\/td><\/tr><tr><td>Spitzentemperatur<\/td><td>160\u00b0C 3h, 220\u00b0C 30min<\/td><\/tr><tr><td>Anmeldung<\/td><td>- W\u00e4scherei Anwendung<br>- Immobilien-Tracking<br>- Identifikation des Artikels<br>- Verbesserung der Prozessabl\u00e4ufe<\/td><\/tr><tr><td>Mechanische Stabilit\u00e4t<\/td><td>Axiale Druckfestigkeit: 1000N<br>Radiale Druckfestigkeit: 500N<\/td><\/tr><tr><td>Chemische Best\u00e4ndigkeit<\/td><td>Typische Chemikalien, die in W\u00e4schereien und chemischen Reinigungen verwendet werden<\/td><\/tr><tr><td>W\u00e4schezyklen-Garantie<\/td><td>200 Zyklen<\/td><\/tr><tr><td>Chip<\/td><td>LF\/HF<\/td><\/tr><tr><td>Frequenz<\/td><td>125KHz\/13,56MHz<\/td><\/tr><tr><td>Bereich lesen<\/td><td>LF: 3-10 CM<br>HF: 1-50 CM<\/td><\/tr><\/tbody><\/table><\/figure>\n\n\n\n<h5 class=\"wp-block-heading\" id=\"h-get-in-touch\"><strong>Kontakt aufnehmen<\/strong><\/h5>\n\n\n\n<p>F\u00fcr weitere Informationen \u00fcber Huayuans RFID-W\u00e4scheknopfanh\u00e4nger. Bitte kontaktieren Sie unser Vertriebsteam.<\/p>\n\n\n<style>.wp-block-kadence-advancedbtn.kb-btns3398_28d124-96{gap:var(--global-kb-gap-xs, 0.5rem );justify-content:flex-start;align-items:center;}.kt-btns3398_28d124-96 .kt-button{font-weight:normal;font-style:normal;}.kt-btns3398_28d124-96 .kt-btn-wrap-0{margin-right:5px;}.wp-block-kadence-advancedbtn.kt-btns3398_28d124-96 .kt-btn-wrap-0 .kt-button{color:#555555;border-color:#555555;}.wp-block-kadence-advancedbtn.kt-btns3398_28d124-96 .kt-btn-wrap-0 .kt-button:hover, .wp-block-kadence-advancedbtn.kt-btns3398_28d124-96 .kt-btn-wrap-0 .kt-button:focus{color:#ffffff;border-color:#444444;}.wp-block-kadence-advancedbtn.kt-btns3398_28d124-96 .kt-btn-wrap-0 .kt-button::before{display:none;}.wp-block-kadence-advancedbtn.kt-btns3398_28d124-96 .kt-btn-wrap-0 .kt-button:hover, .wp-block-kadence-advancedbtn.kt-btns3398_28d124-96 .kt-btn-wrap-0 .kt-button:focus{background:#444444;}<\/style>\n<div class=\"wp-block-kadence-advancedbtn kb-buttons-wrap kb-btns3398_28d124-96\"><style>ul.menu .wp-block-kadence-advancedbtn .kb-btn3398_8d4733-50.kb-button{width:initial;}<\/style><a class=\"kb-button kt-button button kb-btn3398_8d4733-50 kt-btn-size-standard kt-btn-width-type-auto kb-btn-global-inherit  kt-btn-has-text-true kt-btn-has-svg-false  wp-block-button__link wp-block-kadence-singlebtn\" href=\"https:\/\/huayuansh.com\/contact-us\/\"><span class=\"kt-btn-inner-text\">Kontakt<\/span><\/a><\/div>","protected":false},"excerpt":{"rendered":"<p>Der RFID-W\u00e4schetransponder, auch bekannt als PPS-RFID-W\u00e4schetransponder, wurde speziell f\u00fcr Anwendungen entwickelt, die einen robusten Transponder erfordern, der rauen Arbeitsumgebungen standhalten kann. Derzeit werden die meisten UHF-W\u00e4schetransponder auf dem Markt verwendet, aber einige Szenen m\u00fcssen auch NFC-W\u00e4schetags verwenden, die Mobiltelefonanwendungen unterst\u00fctzen. Die RFID-Taste...<\/p>","protected":false},"author":1,"featured_media":3689,"parent":1003,"menu_order":0,"comment_status":"closed","ping_status":"closed","template":"","meta":{"_kad_blocks_custom_css":"","_kad_blocks_head_custom_js":"","_kad_blocks_body_custom_js":"","_kad_blocks_footer_custom_js":"","_kadence_starter_templates_imported_post":false,"_kad_post_transparent":"","_kad_post_title":"","_kad_post_layout":"","_kad_post_sidebar_id":"","_kad_post_content_style":"","_kad_post_vertical_padding":"","_kad_post_feature":"","_kad_post_feature_position":"","_kad_post_header":false,"_kad_post_footer":false,"footnotes":""},"class_list":["post-3398","page","type-page","status-publish","has-post-thumbnail","hentry"],"yoast_head":"<!-- This site is optimized with the Yoast SEO Premium plugin v23.0 (Yoast SEO v26.3) - https:\/\/yoast.com\/wordpress\/plugins\/seo\/ -->\n<title>HLB RFID Laundry Button | HUAYUAN RFID Tag Manufacturer<\/title>\n<meta name=\"description\" content=\"HLB RFID laundry button is the most common one of the RFID laundry tags, which is small size and shaped in button, suit for workwears...\" \/>\n<meta name=\"robots\" content=\"index, follow, max-snippet:-1, max-image-preview:large, max-video-preview:-1\" \/>\n<link rel=\"canonical\" href=\"https:\/\/huayuansh.com\/de\/produkte\/rfid-wasche-etiketten\/hlb-rfid-wasche-knopf\/\" \/>\n<meta property=\"og:locale\" content=\"de_DE\" \/>\n<meta property=\"og:type\" content=\"article\" \/>\n<meta property=\"og:title\" content=\"HLB RFID Laundry Button\" \/>\n<meta property=\"og:description\" content=\"HLB RFID laundry button is the most common one of the RFID laundry tags, which is small size and shaped in button, suit for workwears...\" \/>\n<meta property=\"og:url\" content=\"https:\/\/huayuansh.com\/de\/produkte\/rfid-wasche-etiketten\/hlb-rfid-wasche-knopf\/\" \/>\n<meta property=\"og:site_name\" content=\"HUAYUAN RFID Tag Manufacturer\" \/>\n<meta property=\"article:modified_time\" content=\"2025-04-27T01:47:57+00:00\" \/>\n<meta property=\"og:image\" content=\"https:\/\/huayuansh.com\/wp-content\/uploads\/2024\/08\/HLB-RFID-Laundry-Button.webp\" \/>\n\t<meta property=\"og:image:width\" content=\"1920\" \/>\n\t<meta property=\"og:image:height\" content=\"1080\" \/>\n\t<meta property=\"og:image:type\" content=\"image\/webp\" \/>\n<meta name=\"twitter:card\" content=\"summary_large_image\" \/>\n<meta name=\"twitter:label1\" content=\"Gesch\u00e4tzte Lesezeit\" \/>\n\t<meta name=\"twitter:data1\" content=\"3\u00a0Minuten\" \/>\n<script type=\"application\/ld+json\" class=\"yoast-schema-graph\">{\"@context\":\"https:\/\/schema.org\",\"@graph\":[{\"@type\":\"WebPage\",\"@id\":\"https:\/\/huayuansh.com\/products\/rfid-laundry-tags\/hlb-rfid-laundry-button\/\",\"url\":\"https:\/\/huayuansh.com\/products\/rfid-laundry-tags\/hlb-rfid-laundry-button\/\",\"name\":\"HLB RFID Laundry Button | HUAYUAN RFID Tag Manufacturer\",\"isPartOf\":{\"@id\":\"https:\/\/huayuansh.com\/#website\"},\"primaryImageOfPage\":{\"@id\":\"https:\/\/huayuansh.com\/products\/rfid-laundry-tags\/hlb-rfid-laundry-button\/#primaryimage\"},\"image\":{\"@id\":\"https:\/\/huayuansh.com\/products\/rfid-laundry-tags\/hlb-rfid-laundry-button\/#primaryimage\"},\"thumbnailUrl\":\"https:\/\/huayuansh.com\/wp-content\/uploads\/2024\/08\/HLB-RFID-Laundry-Button.webp\",\"datePublished\":\"2024-07-15T06:24:18+00:00\",\"dateModified\":\"2025-04-27T01:47:57+00:00\",\"description\":\"HLB RFID laundry button is the most common one of the RFID laundry tags, which is small size and shaped in button, suit for workwears...\",\"breadcrumb\":{\"@id\":\"https:\/\/huayuansh.com\/products\/rfid-laundry-tags\/hlb-rfid-laundry-button\/#breadcrumb\"},\"inLanguage\":\"de\",\"potentialAction\":[{\"@type\":\"ReadAction\",\"target\":[\"https:\/\/huayuansh.com\/products\/rfid-laundry-tags\/hlb-rfid-laundry-button\/\"]}]},{\"@type\":\"ImageObject\",\"inLanguage\":\"de\",\"@id\":\"https:\/\/huayuansh.com\/products\/rfid-laundry-tags\/hlb-rfid-laundry-button\/#primaryimage\",\"url\":\"https:\/\/huayuansh.com\/wp-content\/uploads\/2024\/08\/HLB-RFID-Laundry-Button.webp\",\"contentUrl\":\"https:\/\/huayuansh.com\/wp-content\/uploads\/2024\/08\/HLB-RFID-Laundry-Button.webp\",\"width\":1920,\"height\":1080},{\"@type\":\"BreadcrumbList\",\"@id\":\"https:\/\/huayuansh.com\/products\/rfid-laundry-tags\/hlb-rfid-laundry-button\/#breadcrumb\",\"itemListElement\":[{\"@type\":\"ListItem\",\"position\":1,\"name\":\"Home\",\"item\":\"https:\/\/huayuansh.com\/\"},{\"@type\":\"ListItem\",\"position\":2,\"name\":\"RFID Products\",\"item\":\"https:\/\/huayuansh.com\/products\/\"},{\"@type\":\"ListItem\",\"position\":3,\"name\":\"RFID Laundry Tags\",\"item\":\"https:\/\/huayuansh.com\/products\/rfid-laundry-tags\/\"},{\"@type\":\"ListItem\",\"position\":4,\"name\":\"HLB RFID Laundry Button\"}]},{\"@type\":\"WebSite\",\"@id\":\"https:\/\/huayuansh.com\/#website\",\"url\":\"https:\/\/huayuansh.com\/\",\"name\":\"HUAYUAN RFID Tag Manufacturer\",\"description\":\"HUAYUAN RFID Tag Manufacturer\",\"publisher\":{\"@id\":\"https:\/\/huayuansh.com\/#organization\"},\"potentialAction\":[{\"@type\":\"SearchAction\",\"target\":{\"@type\":\"EntryPoint\",\"urlTemplate\":\"https:\/\/huayuansh.com\/?s={search_term_string}\"},\"query-input\":{\"@type\":\"PropertyValueSpecification\",\"valueRequired\":true,\"valueName\":\"search_term_string\"}}],\"inLanguage\":\"de\"},{\"@type\":\"Organization\",\"@id\":\"https:\/\/huayuansh.com\/#organization\",\"name\":\"HUAYUAN RFID Tag Manufacturer\",\"url\":\"https:\/\/huayuansh.com\/\",\"logo\":{\"@type\":\"ImageObject\",\"inLanguage\":\"de\",\"@id\":\"https:\/\/huayuansh.com\/#\/schema\/logo\/image\/\",\"url\":\"https:\/\/huayuansh.com\/wp-content\/uploads\/2024\/09\/cropped-HUAYUAN.webp\",\"contentUrl\":\"https:\/\/huayuansh.com\/wp-content\/uploads\/2024\/09\/cropped-HUAYUAN.webp\",\"width\":895,\"height\":279,\"caption\":\"HUAYUAN RFID Tag Manufacturer\"},\"image\":{\"@id\":\"https:\/\/huayuansh.com\/#\/schema\/logo\/image\/\"}}]}<\/script>\n<!-- \/ Yoast SEO Premium plugin. -->","yoast_head_json":{"title":"HLB RFID W\u00e4scheknopf | HUAYUAN RFID Tag Hersteller","description":"HLB RFID W\u00e4scheknopf ist die h\u00e4ufigste der RFID-W\u00e4sche-Tags, die kleine Gr\u00f6\u00dfe und in Form von Knopf, Anzug f\u00fcr Workwears...","robots":{"index":"index","follow":"follow","max-snippet":"max-snippet:-1","max-image-preview":"max-image-preview:large","max-video-preview":"max-video-preview:-1"},"canonical":"https:\/\/huayuansh.com\/de\/produkte\/rfid-wasche-etiketten\/hlb-rfid-wasche-knopf\/","og_locale":"de_DE","og_type":"article","og_title":"HLB RFID Laundry Button","og_description":"HLB RFID laundry button is the most common one of the RFID laundry tags, which is small size and shaped in button, suit for workwears...","og_url":"https:\/\/huayuansh.com\/de\/produkte\/rfid-wasche-etiketten\/hlb-rfid-wasche-knopf\/","og_site_name":"HUAYUAN RFID Tag Manufacturer","article_modified_time":"2025-04-27T01:47:57+00:00","og_image":[{"width":1920,"height":1080,"url":"https:\/\/huayuansh.com\/wp-content\/uploads\/2024\/08\/HLB-RFID-Laundry-Button.webp","type":"image\/webp"}],"twitter_card":"summary_large_image","twitter_misc":{"Gesch\u00e4tzte Lesezeit":"3\u00a0Minuten"},"schema":{"@context":"https:\/\/schema.org","@graph":[{"@type":"WebPage","@id":"https:\/\/huayuansh.com\/products\/rfid-laundry-tags\/hlb-rfid-laundry-button\/","url":"https:\/\/huayuansh.com\/products\/rfid-laundry-tags\/hlb-rfid-laundry-button\/","name":"HLB RFID W\u00e4scheknopf | HUAYUAN RFID Tag Hersteller","isPartOf":{"@id":"https:\/\/huayuansh.com\/#website"},"primaryImageOfPage":{"@id":"https:\/\/huayuansh.com\/products\/rfid-laundry-tags\/hlb-rfid-laundry-button\/#primaryimage"},"image":{"@id":"https:\/\/huayuansh.com\/products\/rfid-laundry-tags\/hlb-rfid-laundry-button\/#primaryimage"},"thumbnailUrl":"https:\/\/huayuansh.com\/wp-content\/uploads\/2024\/08\/HLB-RFID-Laundry-Button.webp","datePublished":"2024-07-15T06:24:18+00:00","dateModified":"2025-04-27T01:47:57+00:00","description":"HLB RFID W\u00e4scheknopf ist die h\u00e4ufigste der RFID-W\u00e4sche-Tags, die kleine Gr\u00f6\u00dfe und in Form von Knopf, Anzug f\u00fcr Workwears...","breadcrumb":{"@id":"https:\/\/huayuansh.com\/products\/rfid-laundry-tags\/hlb-rfid-laundry-button\/#breadcrumb"},"inLanguage":"de","potentialAction":[{"@type":"ReadAction","target":["https:\/\/huayuansh.com\/products\/rfid-laundry-tags\/hlb-rfid-laundry-button\/"]}]},{"@type":"ImageObject","inLanguage":"de","@id":"https:\/\/huayuansh.com\/products\/rfid-laundry-tags\/hlb-rfid-laundry-button\/#primaryimage","url":"https:\/\/huayuansh.com\/wp-content\/uploads\/2024\/08\/HLB-RFID-Laundry-Button.webp","contentUrl":"https:\/\/huayuansh.com\/wp-content\/uploads\/2024\/08\/HLB-RFID-Laundry-Button.webp","width":1920,"height":1080},{"@type":"BreadcrumbList","@id":"https:\/\/huayuansh.com\/products\/rfid-laundry-tags\/hlb-rfid-laundry-button\/#breadcrumb","itemListElement":[{"@type":"ListItem","position":1,"name":"Home","item":"https:\/\/huayuansh.com\/"},{"@type":"ListItem","position":2,"name":"RFID Products","item":"https:\/\/huayuansh.com\/products\/"},{"@type":"ListItem","position":3,"name":"RFID Laundry Tags","item":"https:\/\/huayuansh.com\/products\/rfid-laundry-tags\/"},{"@type":"ListItem","position":4,"name":"HLB RFID Laundry Button"}]},{"@type":"WebSite","@id":"https:\/\/huayuansh.com\/#website","url":"https:\/\/huayuansh.com\/","name":"HUAYUAN RFID Tag Hersteller","description":"HUAYUAN RFID Tag Hersteller","publisher":{"@id":"https:\/\/huayuansh.com\/#organization"},"potentialAction":[{"@type":"SearchAction","target":{"@type":"EntryPoint","urlTemplate":"https:\/\/huayuansh.com\/?s={search_term_string}"},"query-input":{"@type":"PropertyValueSpecification","valueRequired":true,"valueName":"search_term_string"}}],"inLanguage":"de"},{"@type":"Organization","@id":"https:\/\/huayuansh.com\/#organization","name":"HUAYUAN RFID Tag Hersteller","url":"https:\/\/huayuansh.com\/","logo":{"@type":"ImageObject","inLanguage":"de","@id":"https:\/\/huayuansh.com\/#\/schema\/logo\/image\/","url":"https:\/\/huayuansh.com\/wp-content\/uploads\/2024\/09\/cropped-HUAYUAN.webp","contentUrl":"https:\/\/huayuansh.com\/wp-content\/uploads\/2024\/09\/cropped-HUAYUAN.webp","width":895,"height":279,"caption":"HUAYUAN RFID Tag Manufacturer"},"image":{"@id":"https:\/\/huayuansh.com\/#\/schema\/logo\/image\/"}}]}},"taxonomy_info":[],"featured_image_src_large":["https:\/\/huayuansh.com\/wp-content\/uploads\/2024\/08\/HLB-RFID-Laundry-Button-1024x576.webp",1024,576,true],"author_info":{"display_name":"HUAYUAN","author_link":"https:\/\/huayuansh.com\/de\/author\/shyec2024\/"},"comment_info":0,"_links":{"self":[{"href":"https:\/\/huayuansh.com\/de\/wp-json\/wp\/v2\/pages\/3398","targetHints":{"allow":["GET"]}}],"collection":[{"href":"https:\/\/huayuansh.com\/de\/wp-json\/wp\/v2\/pages"}],"about":[{"href":"https:\/\/huayuansh.com\/de\/wp-json\/wp\/v2\/types\/page"}],"author":[{"embeddable":true,"href":"https:\/\/huayuansh.com\/de\/wp-json\/wp\/v2\/users\/1"}],"replies":[{"embeddable":true,"href":"https:\/\/huayuansh.com\/de\/wp-json\/wp\/v2\/comments?post=3398"}],"version-history":[{"count":4,"href":"https:\/\/huayuansh.com\/de\/wp-json\/wp\/v2\/pages\/3398\/revisions"}],"predecessor-version":[{"id":4157,"href":"https:\/\/huayuansh.com\/de\/wp-json\/wp\/v2\/pages\/3398\/revisions\/4157"}],"up":[{"embeddable":true,"href":"https:\/\/huayuansh.com\/de\/wp-json\/wp\/v2\/pages\/1003"}],"wp:featuredmedia":[{"embeddable":true,"href":"https:\/\/huayuansh.com\/de\/wp-json\/wp\/v2\/media\/3689"}],"wp:attachment":[{"href":"https:\/\/huayuansh.com\/de\/wp-json\/wp\/v2\/media?parent=3398"}],"curies":[{"name":"wp","href":"https:\/\/api.w.org\/{rel}","templated":true}]}}