{"id":3400,"date":"2024-07-15T14:26:33","date_gmt":"2024-07-15T06:26:33","guid":{"rendered":"https:\/\/huayuansh.com\/?page_id=3400"},"modified":"2024-08-20T15:20:27","modified_gmt":"2024-08-20T07:20:27","slug":"hst-silikon-uhf-rfid-wasche-etikett","status":"publish","type":"page","link":"https:\/\/huayuansh.com\/de\/produkte\/rfid-wasche-etiketten\/hst-silikon-uhf-rfid-wasche-etikett\/","title":{"rendered":"HST-Silikon-UHF-W\u00e4schemarke"},"content":{"rendered":"<p>HUAYUAN HST RAIN RFID Silicone Laundry Tag ist eine hochmoderne Erfindung f\u00fcr die automatische Nachverfolgung und Inventarisierung in W\u00e4schereianwendungen. HST Serien-RFID-Tags sind schlanke, flexible, weiche und glatte, chemisch-fl\u00fcssigkeitsbest\u00e4ndige, hitze- und festigkeitsresistente Tags mit einem robusten RFID-Transponder, der 200 Trommelw\u00e4schen und Hitzetrocknung, Reinigung und B\u00fcgeln standh\u00e4lt. HST-5512 Silikon-RFID-Etiketten f\u00fcr W\u00e4schereien werden typischerweise in der industriellen W\u00e4scheverfolgung eingesetzt, sie lassen sich leicht auf&nbsp;<strong>W\u00e4sche<\/strong>,&nbsp;<strong>Blusen<\/strong>,&nbsp;<strong>Handt\u00fccher<\/strong>,&nbsp;<strong>medizinische Uniformen<\/strong>&nbsp;andere textile Materialien.<\/p>\n\n\n\n<div class=\"wp-block-columns are-vertically-aligned-center is-layout-flex wp-container-core-columns-is-layout-9d6595d7 wp-block-columns-is-layout-flex\">\n<div class=\"wp-block-column is-vertically-aligned-center is-layout-flow wp-block-column-is-layout-flow\" style=\"flex-basis:60%\">\n<h2 class=\"wp-block-heading\" id=\"h-key-features\">Wesentliche Merkmale<\/h2>\n\n\n\n<ul class=\"wp-block-list\">\n<li>Schlank, weich und flexibel<\/li>\n\n\n\n<li>Wasserdicht, chemisch l\u00f6sungsbest\u00e4ndig<\/li>\n\n\n\n<li>Langlebig f\u00fcr 200-maliges Waschen, Trocknen, Reinigen und B\u00fcgeln<\/li>\n\n\n\n<li>Au\u00dfergew\u00f6hnliche Leistung bei Hitze und rauen Umgebungsbedingungen<\/li>\n<\/ul>\n<\/div>\n\n\n\n<div class=\"wp-block-column is-vertically-aligned-center is-layout-flow wp-block-column-is-layout-flow\" style=\"flex-basis:40%\">\n<figure class=\"wp-block-image size-full\"><img loading=\"lazy\" decoding=\"async\" width=\"600\" height=\"600\" src=\"https:\/\/huayuansh.com\/wp-content\/uploads\/2024\/08\/HST-5512-Silicone-RFID-Laundry-Tag.webp\" alt=\"\" class=\"wp-image-3703\" style=\"aspect-ratio:3\/2;object-fit:cover\" srcset=\"https:\/\/huayuansh.com\/wp-content\/uploads\/2024\/08\/HST-5512-Silicone-RFID-Laundry-Tag.webp 600w, https:\/\/huayuansh.com\/wp-content\/uploads\/2024\/08\/HST-5512-Silicone-RFID-Laundry-Tag-300x300.webp 300w, https:\/\/huayuansh.com\/wp-content\/uploads\/2024\/08\/HST-5512-Silicone-RFID-Laundry-Tag-150x150.webp 150w\" sizes=\"auto, (max-width: 600px) 100vw, 600px\" \/><\/figure>\n<\/div>\n<\/div>\n\n\n\n<h2 class=\"wp-block-heading\" id=\"h-specification-of-silicone-rfid-laundrychip\">Spezifikation von Silikon-RFID-W\u00e4sche-Chip<\/h2>\n\n\n\n<figure class=\"wp-block-table\"><table><tbody><tr><td>Artikel<\/td><td>Schlankes, flexibles UHF-RFID-Silikon-W\u00e4scheschild<\/td><\/tr><tr><td>Material<\/td><td>Silikon<\/td><\/tr><tr><td>Dimension<\/td><td>55x12X1.7mm<\/td><\/tr><tr><td>Frequenz<\/td><td>860-960MHz<\/td><\/tr><tr><td>Chip<\/td><td>Monza R6-P, UCODE 8, UCODE 9<\/td><\/tr><tr><td>EPC-Speicher<\/td><td>96 Bit, 128 Bit<\/td><\/tr><tr><td>Zeiten verwenden<\/td><td>Mindestens 200 Mal<\/td><\/tr><tr><td>IP-Bewertung<\/td><td>IP68<\/td><\/tr><tr><td>Getesteter Lesebereich<\/td><td>bis zu 6 m<\/td><\/tr><tr><td>Leistung im Waschgang<\/td><td>Waschen: +60\u00b0C (140\u00b0F) \/ 10 Minuten<br>Trocknen: +60\u00b0C (140\u00b0F) \/ 30 Minuten<br>Wasserabzugspresse: 60 bar<br>Sterilisationsverfahren: +121\u00b0C (250\u00b0F) \/ 15 Minuten<\/td><\/tr><tr><td>Kunsthandwerk<\/td><td>Lasergravierte Nummer oder Logo, Chip-Codierung<\/td><\/tr><\/tbody><\/table><\/figure>\n\n\n\n<h3 class=\"wp-block-heading\" id=\"h-applications-of-washable-silicone-uhf-rfid-laundry-tag\">Anwendungen von waschbaren UHF-RFID-W\u00e4schemarken aus Silikon<\/h3>\n\n\n\n<ul class=\"wp-block-list\">\n<li>R\u00fcckverfolgung von W\u00e4sche und medizinischer Kleidung in Krankenh\u00e4usern und Gesundheitseinrichtungen<\/li>\n\n\n\n<li>W\u00e4schereiindustrie, PSA-Industrie, Mietw\u00e4sche, Industriew\u00e4sche<\/li>\n\n\n\n<li>Hotelw\u00e4sche, Handt\u00fccher, Arbeitskleidung, Uniformen, Kittel, Wischt\u00fccher und Mopps<\/li>\n<\/ul>\n\n\n\n<h5 class=\"wp-block-heading\" id=\"h-get-in-touch\">Kontakt aufnehmen<\/h5>\n\n\n\n<p>Gegenw\u00e4rtig arbeiten wir mit vielen Vermietern von Hotelbedarfsartikeln zusammen, um Silikon-W\u00e4scheetiketten zu liefern, die haupts\u00e4chlich f\u00fcr die Vermietung von Hotelhandt\u00fcchern, Badet\u00fcchern, Decken und anderen Produkten verwendet werden. International renommierte Lederhersteller binden das Silikon-RFID-W\u00e4scheetikett in ihre Produkte ein, um die R\u00fcckverfolgbarkeit und die Herkunft zu gew\u00e4hrleisten.<\/p>\n\n\n<style>.wp-block-kadence-advancedbtn.kb-btns3400_db6f55-8e{gap:var(--global-kb-gap-xs, 0.5rem );justify-content:flex-start;align-items:center;}.kt-btns3400_db6f55-8e .kt-button{font-weight:normal;font-style:normal;}.kt-btns3400_db6f55-8e .kt-btn-wrap-0{margin-right:5px;}.wp-block-kadence-advancedbtn.kt-btns3400_db6f55-8e .kt-btn-wrap-0 .kt-button{color:#555555;border-color:#555555;}.wp-block-kadence-advancedbtn.kt-btns3400_db6f55-8e .kt-btn-wrap-0 .kt-button:hover, .wp-block-kadence-advancedbtn.kt-btns3400_db6f55-8e .kt-btn-wrap-0 .kt-button:focus{color:#ffffff;border-color:#444444;}.wp-block-kadence-advancedbtn.kt-btns3400_db6f55-8e .kt-btn-wrap-0 .kt-button::before{display:none;}.wp-block-kadence-advancedbtn.kt-btns3400_db6f55-8e .kt-btn-wrap-0 .kt-button:hover, .wp-block-kadence-advancedbtn.kt-btns3400_db6f55-8e .kt-btn-wrap-0 .kt-button:focus{background:#444444;}<\/style>\n<div class=\"wp-block-kadence-advancedbtn kb-buttons-wrap kb-btns3400_db6f55-8e\"><style>ul.menu .wp-block-kadence-advancedbtn .kb-btn3400_8eff04-1f.kb-button{width:initial;}<\/style><a class=\"kb-button kt-button button kb-btn3400_8eff04-1f kt-btn-size-standard kt-btn-width-type-auto kb-btn-global-inherit  kt-btn-has-text-true kt-btn-has-svg-false  wp-block-button__link wp-block-kadence-singlebtn\" href=\"https:\/\/huayuansh.com\/contact-us\/\"><span class=\"kt-btn-inner-text\">Kontakt<\/span><\/a><\/div>","protected":false},"excerpt":{"rendered":"<p>HUAYUAN HST RAIN RFID Silicone Laundry Tag ist eine hochmoderne Erfindung f\u00fcr die automatische Nachverfolgung und Inventarisierung in W\u00e4schereianwendungen. HST Serien-RFID-Etiketten sind schlank, flexibel, weich und geschmeidig, chemikalien- und fl\u00fcssigkeitsbest\u00e4ndig, hitzebest\u00e4ndig und widerstandsf\u00e4hig. Sie enthalten einen robusten RFID-Transponder, der 200 Trommelw\u00e4schen und Hitzetrocknung, Reinigung und B\u00fcgeln standh\u00e4lt. HST-5512...<\/p>","protected":false},"author":1,"featured_media":3692,"parent":1003,"menu_order":0,"comment_status":"closed","ping_status":"closed","template":"","meta":{"_kad_blocks_custom_css":"","_kad_blocks_head_custom_js":"","_kad_blocks_body_custom_js":"","_kad_blocks_footer_custom_js":"","_kadence_starter_templates_imported_post":false,"_kad_post_transparent":"","_kad_post_title":"","_kad_post_layout":"","_kad_post_sidebar_id":"","_kad_post_content_style":"","_kad_post_vertical_padding":"","_kad_post_feature":"","_kad_post_feature_position":"","_kad_post_header":false,"_kad_post_footer":false,"footnotes":""},"class_list":["post-3400","page","type-page","status-publish","has-post-thumbnail","hentry"],"yoast_head":"<!-- This site is optimized with the Yoast SEO Premium plugin v23.0 (Yoast SEO v26.3) - https:\/\/yoast.com\/wordpress\/plugins\/seo\/ -->\n<title>HST Silicone UHF Laundry Tag | HUAYUAN RFID Tag Manufacturer<\/title>\n<meta name=\"description\" content=\"HUAYUAN washable UHF Silicone RFID Laundry Tag is suitable for use in any RFID hotel, spa, retirement home, sports club laundry and linen management\" \/>\n<meta name=\"robots\" content=\"index, follow, max-snippet:-1, max-image-preview:large, max-video-preview:-1\" \/>\n<link rel=\"canonical\" href=\"https:\/\/huayuansh.com\/de\/produkte\/rfid-wasche-etiketten\/hst-silikon-uhf-rfid-wasche-etikett\/\" \/>\n<meta property=\"og:locale\" content=\"de_DE\" \/>\n<meta property=\"og:type\" content=\"article\" \/>\n<meta property=\"og:title\" content=\"HST Silicone UHF Laundry Tag\" \/>\n<meta property=\"og:description\" content=\"HUAYUAN washable UHF Silicone RFID Laundry Tag is suitable for use in any RFID hotel, spa, retirement home, sports club laundry and linen management\" \/>\n<meta property=\"og:url\" content=\"https:\/\/huayuansh.com\/de\/produkte\/rfid-wasche-etiketten\/hst-silikon-uhf-rfid-wasche-etikett\/\" \/>\n<meta property=\"og:site_name\" content=\"HUAYUAN RFID Tag Manufacturer\" \/>\n<meta property=\"article:modified_time\" content=\"2024-08-20T07:20:27+00:00\" \/>\n<meta property=\"og:image\" content=\"https:\/\/huayuansh.com\/wp-content\/uploads\/2024\/08\/HST-Silicone-UHF-Laundry-Tag.webp\" \/>\n\t<meta property=\"og:image:width\" content=\"1920\" \/>\n\t<meta property=\"og:image:height\" content=\"1080\" \/>\n\t<meta property=\"og:image:type\" content=\"image\/webp\" \/>\n<meta name=\"twitter:card\" content=\"summary_large_image\" \/>\n<meta name=\"twitter:label1\" content=\"Gesch\u00e4tzte Lesezeit\" \/>\n\t<meta name=\"twitter:data1\" content=\"2\u00a0Minuten\" \/>\n<script type=\"application\/ld+json\" class=\"yoast-schema-graph\">{\"@context\":\"https:\/\/schema.org\",\"@graph\":[{\"@type\":\"WebPage\",\"@id\":\"https:\/\/huayuansh.com\/products\/rfid-laundry-tags\/hst-silicone-uhf-laundry-tag\/\",\"url\":\"https:\/\/huayuansh.com\/products\/rfid-laundry-tags\/hst-silicone-uhf-laundry-tag\/\",\"name\":\"HST Silicone UHF Laundry Tag | HUAYUAN RFID Tag Manufacturer\",\"isPartOf\":{\"@id\":\"https:\/\/huayuansh.com\/#website\"},\"primaryImageOfPage\":{\"@id\":\"https:\/\/huayuansh.com\/products\/rfid-laundry-tags\/hst-silicone-uhf-laundry-tag\/#primaryimage\"},\"image\":{\"@id\":\"https:\/\/huayuansh.com\/products\/rfid-laundry-tags\/hst-silicone-uhf-laundry-tag\/#primaryimage\"},\"thumbnailUrl\":\"https:\/\/huayuansh.com\/wp-content\/uploads\/2024\/08\/HST-Silicone-UHF-Laundry-Tag.webp\",\"datePublished\":\"2024-07-15T06:26:33+00:00\",\"dateModified\":\"2024-08-20T07:20:27+00:00\",\"description\":\"HUAYUAN washable UHF Silicone RFID Laundry Tag is suitable for use in any RFID hotel, spa, retirement home, sports club laundry and linen management\",\"breadcrumb\":{\"@id\":\"https:\/\/huayuansh.com\/products\/rfid-laundry-tags\/hst-silicone-uhf-laundry-tag\/#breadcrumb\"},\"inLanguage\":\"de\",\"potentialAction\":[{\"@type\":\"ReadAction\",\"target\":[\"https:\/\/huayuansh.com\/products\/rfid-laundry-tags\/hst-silicone-uhf-laundry-tag\/\"]}]},{\"@type\":\"ImageObject\",\"inLanguage\":\"de\",\"@id\":\"https:\/\/huayuansh.com\/products\/rfid-laundry-tags\/hst-silicone-uhf-laundry-tag\/#primaryimage\",\"url\":\"https:\/\/huayuansh.com\/wp-content\/uploads\/2024\/08\/HST-Silicone-UHF-Laundry-Tag.webp\",\"contentUrl\":\"https:\/\/huayuansh.com\/wp-content\/uploads\/2024\/08\/HST-Silicone-UHF-Laundry-Tag.webp\",\"width\":1920,\"height\":1080},{\"@type\":\"BreadcrumbList\",\"@id\":\"https:\/\/huayuansh.com\/products\/rfid-laundry-tags\/hst-silicone-uhf-laundry-tag\/#breadcrumb\",\"itemListElement\":[{\"@type\":\"ListItem\",\"position\":1,\"name\":\"Home\",\"item\":\"https:\/\/huayuansh.com\/\"},{\"@type\":\"ListItem\",\"position\":2,\"name\":\"RFID Products\",\"item\":\"https:\/\/huayuansh.com\/products\/\"},{\"@type\":\"ListItem\",\"position\":3,\"name\":\"RFID Laundry Tags\",\"item\":\"https:\/\/huayuansh.com\/products\/rfid-laundry-tags\/\"},{\"@type\":\"ListItem\",\"position\":4,\"name\":\"HST Silicone UHF Laundry Tag\"}]},{\"@type\":\"WebSite\",\"@id\":\"https:\/\/huayuansh.com\/#website\",\"url\":\"https:\/\/huayuansh.com\/\",\"name\":\"HUAYUAN RFID Tag Manufacturer\",\"description\":\"HUAYUAN RFID Tag Manufacturer\",\"publisher\":{\"@id\":\"https:\/\/huayuansh.com\/#organization\"},\"potentialAction\":[{\"@type\":\"SearchAction\",\"target\":{\"@type\":\"EntryPoint\",\"urlTemplate\":\"https:\/\/huayuansh.com\/?s={search_term_string}\"},\"query-input\":{\"@type\":\"PropertyValueSpecification\",\"valueRequired\":true,\"valueName\":\"search_term_string\"}}],\"inLanguage\":\"de\"},{\"@type\":\"Organization\",\"@id\":\"https:\/\/huayuansh.com\/#organization\",\"name\":\"HUAYUAN RFID Tag Manufacturer\",\"url\":\"https:\/\/huayuansh.com\/\",\"logo\":{\"@type\":\"ImageObject\",\"inLanguage\":\"de\",\"@id\":\"https:\/\/huayuansh.com\/#\/schema\/logo\/image\/\",\"url\":\"https:\/\/huayuansh.com\/wp-content\/uploads\/2024\/09\/cropped-HUAYUAN.webp\",\"contentUrl\":\"https:\/\/huayuansh.com\/wp-content\/uploads\/2024\/09\/cropped-HUAYUAN.webp\",\"width\":895,\"height\":279,\"caption\":\"HUAYUAN RFID Tag Manufacturer\"},\"image\":{\"@id\":\"https:\/\/huayuansh.com\/#\/schema\/logo\/image\/\"}}]}<\/script>\n<!-- \/ Yoast SEO Premium plugin. -->","yoast_head_json":{"title":"HST Silikon UHF W\u00e4scherei Tag | HUAYUAN RFID Tag Hersteller","description":"HUAYUAN waschbarer UHF-Silikon-RFID-W\u00e4scheanh\u00e4nger eignet sich f\u00fcr den Einsatz in allen RFID-Hotels, Spas, Seniorenheimen, Sportvereinen und f\u00fcr das W\u00e4schemanagement","robots":{"index":"index","follow":"follow","max-snippet":"max-snippet:-1","max-image-preview":"max-image-preview:large","max-video-preview":"max-video-preview:-1"},"canonical":"https:\/\/huayuansh.com\/de\/produkte\/rfid-wasche-etiketten\/hst-silikon-uhf-rfid-wasche-etikett\/","og_locale":"de_DE","og_type":"article","og_title":"HST Silicone UHF Laundry Tag","og_description":"HUAYUAN washable UHF Silicone RFID Laundry Tag is suitable for use in any RFID hotel, spa, retirement home, sports club laundry and linen management","og_url":"https:\/\/huayuansh.com\/de\/produkte\/rfid-wasche-etiketten\/hst-silikon-uhf-rfid-wasche-etikett\/","og_site_name":"HUAYUAN RFID Tag Manufacturer","article_modified_time":"2024-08-20T07:20:27+00:00","og_image":[{"width":1920,"height":1080,"url":"https:\/\/huayuansh.com\/wp-content\/uploads\/2024\/08\/HST-Silicone-UHF-Laundry-Tag.webp","type":"image\/webp"}],"twitter_card":"summary_large_image","twitter_misc":{"Gesch\u00e4tzte Lesezeit":"2\u00a0Minuten"},"schema":{"@context":"https:\/\/schema.org","@graph":[{"@type":"WebPage","@id":"https:\/\/huayuansh.com\/products\/rfid-laundry-tags\/hst-silicone-uhf-laundry-tag\/","url":"https:\/\/huayuansh.com\/products\/rfid-laundry-tags\/hst-silicone-uhf-laundry-tag\/","name":"HST Silikon UHF W\u00e4scherei Tag | HUAYUAN RFID Tag Hersteller","isPartOf":{"@id":"https:\/\/huayuansh.com\/#website"},"primaryImageOfPage":{"@id":"https:\/\/huayuansh.com\/products\/rfid-laundry-tags\/hst-silicone-uhf-laundry-tag\/#primaryimage"},"image":{"@id":"https:\/\/huayuansh.com\/products\/rfid-laundry-tags\/hst-silicone-uhf-laundry-tag\/#primaryimage"},"thumbnailUrl":"https:\/\/huayuansh.com\/wp-content\/uploads\/2024\/08\/HST-Silicone-UHF-Laundry-Tag.webp","datePublished":"2024-07-15T06:26:33+00:00","dateModified":"2024-08-20T07:20:27+00:00","description":"HUAYUAN waschbarer UHF-Silikon-RFID-W\u00e4scheanh\u00e4nger eignet sich f\u00fcr den Einsatz in allen RFID-Hotels, Spas, Seniorenheimen, Sportvereinen und f\u00fcr das W\u00e4schemanagement","breadcrumb":{"@id":"https:\/\/huayuansh.com\/products\/rfid-laundry-tags\/hst-silicone-uhf-laundry-tag\/#breadcrumb"},"inLanguage":"de","potentialAction":[{"@type":"ReadAction","target":["https:\/\/huayuansh.com\/products\/rfid-laundry-tags\/hst-silicone-uhf-laundry-tag\/"]}]},{"@type":"ImageObject","inLanguage":"de","@id":"https:\/\/huayuansh.com\/products\/rfid-laundry-tags\/hst-silicone-uhf-laundry-tag\/#primaryimage","url":"https:\/\/huayuansh.com\/wp-content\/uploads\/2024\/08\/HST-Silicone-UHF-Laundry-Tag.webp","contentUrl":"https:\/\/huayuansh.com\/wp-content\/uploads\/2024\/08\/HST-Silicone-UHF-Laundry-Tag.webp","width":1920,"height":1080},{"@type":"BreadcrumbList","@id":"https:\/\/huayuansh.com\/products\/rfid-laundry-tags\/hst-silicone-uhf-laundry-tag\/#breadcrumb","itemListElement":[{"@type":"ListItem","position":1,"name":"Home","item":"https:\/\/huayuansh.com\/"},{"@type":"ListItem","position":2,"name":"RFID Products","item":"https:\/\/huayuansh.com\/products\/"},{"@type":"ListItem","position":3,"name":"RFID Laundry Tags","item":"https:\/\/huayuansh.com\/products\/rfid-laundry-tags\/"},{"@type":"ListItem","position":4,"name":"HST Silicone UHF Laundry Tag"}]},{"@type":"WebSite","@id":"https:\/\/huayuansh.com\/#website","url":"https:\/\/huayuansh.com\/","name":"HUAYUAN RFID Tag Hersteller","description":"HUAYUAN RFID Tag Hersteller","publisher":{"@id":"https:\/\/huayuansh.com\/#organization"},"potentialAction":[{"@type":"SearchAction","target":{"@type":"EntryPoint","urlTemplate":"https:\/\/huayuansh.com\/?s={search_term_string}"},"query-input":{"@type":"PropertyValueSpecification","valueRequired":true,"valueName":"search_term_string"}}],"inLanguage":"de"},{"@type":"Organization","@id":"https:\/\/huayuansh.com\/#organization","name":"HUAYUAN RFID Tag Hersteller","url":"https:\/\/huayuansh.com\/","logo":{"@type":"ImageObject","inLanguage":"de","@id":"https:\/\/huayuansh.com\/#\/schema\/logo\/image\/","url":"https:\/\/huayuansh.com\/wp-content\/uploads\/2024\/09\/cropped-HUAYUAN.webp","contentUrl":"https:\/\/huayuansh.com\/wp-content\/uploads\/2024\/09\/cropped-HUAYUAN.webp","width":895,"height":279,"caption":"HUAYUAN RFID Tag Manufacturer"},"image":{"@id":"https:\/\/huayuansh.com\/#\/schema\/logo\/image\/"}}]}},"taxonomy_info":[],"featured_image_src_large":["https:\/\/huayuansh.com\/wp-content\/uploads\/2024\/08\/HST-Silicone-UHF-Laundry-Tag-1024x576.webp",1024,576,true],"author_info":{"display_name":"HUAYUAN","author_link":"https:\/\/huayuansh.com\/de\/author\/shyec2024\/"},"comment_info":0,"_links":{"self":[{"href":"https:\/\/huayuansh.com\/de\/wp-json\/wp\/v2\/pages\/3400","targetHints":{"allow":["GET"]}}],"collection":[{"href":"https:\/\/huayuansh.com\/de\/wp-json\/wp\/v2\/pages"}],"about":[{"href":"https:\/\/huayuansh.com\/de\/wp-json\/wp\/v2\/types\/page"}],"author":[{"embeddable":true,"href":"https:\/\/huayuansh.com\/de\/wp-json\/wp\/v2\/users\/1"}],"replies":[{"embeddable":true,"href":"https:\/\/huayuansh.com\/de\/wp-json\/wp\/v2\/comments?post=3400"}],"version-history":[{"count":4,"href":"https:\/\/huayuansh.com\/de\/wp-json\/wp\/v2\/pages\/3400\/revisions"}],"predecessor-version":[{"id":3704,"href":"https:\/\/huayuansh.com\/de\/wp-json\/wp\/v2\/pages\/3400\/revisions\/3704"}],"up":[{"embeddable":true,"href":"https:\/\/huayuansh.com\/de\/wp-json\/wp\/v2\/pages\/1003"}],"wp:featuredmedia":[{"embeddable":true,"href":"https:\/\/huayuansh.com\/de\/wp-json\/wp\/v2\/media\/3692"}],"wp:attachment":[{"href":"https:\/\/huayuansh.com\/de\/wp-json\/wp\/v2\/media?parent=3400"}],"curies":[{"name":"wp","href":"https:\/\/api.w.org\/{rel}","templated":true}]}}