{"id":4200,"date":"2025-05-09T19:41:56","date_gmt":"2025-05-09T11:41:56","guid":{"rendered":"https:\/\/huayuansh.com\/?page_id=4200"},"modified":"2025-05-09T19:42:01","modified_gmt":"2025-05-09T11:42:01","slug":"rfid-fur-schmuck","status":"publish","type":"page","link":"https:\/\/huayuansh.com\/de\/branchensegmente\/rfid-fur-schmuck\/","title":{"rendered":"RFID f\u00fcr Schmuck"},"content":{"rendered":"<p>Einzelh\u00e4ndler f\u00fcr Luxusschmuck verwalten oft Kollektionen, die sowohl wertvoll als auch empfindlich im Design sind. Bei Tausenden von kleinen, wertvollen Gegenst\u00e4nden, die die Produktion, Lagerung und Ausstellung durchlaufen, ist es eine st\u00e4ndige Herausforderung, einen genauen Bestand zu halten und Verluste zu reduzieren. <strong>RFID<\/strong> (Radio Frequency Identification)-Technologie bietet eine M\u00f6glichkeit, diese Prozesse zu rationalisieren und gleichzeitig ein erstklassiges Kundenerlebnis zu gew\u00e4hrleisten.<\/p>\n\n\n\n<div class=\"wp-block-columns are-vertically-aligned-center is-layout-flex wp-container-core-columns-is-layout-9d6595d7 wp-block-columns-is-layout-flex\">\n<div class=\"wp-block-column is-vertically-aligned-center is-layout-flow wp-block-column-is-layout-flow\" style=\"flex-basis:65%\">\n<h2 class=\"wp-block-heading\" id=\"h-rfid-technology-for-jewellery-management\"><strong>RFID-Technologie f\u00fcr die Schmuckverwaltung<\/strong><\/h2>\n\n\n\n<p>Ringe, Ohrringe, Uhren und andere feine Schmuckst\u00fccke erfordern eine sorgf\u00e4ltige Handhabung und eine pr\u00e4zise Verfolgung. Manuelle Methoden wie das Scannen von Barcodes bieten m\u00f6glicherweise nicht die erforderliche Geschwindigkeit oder Genauigkeit. RFID bietet eine automatisierte, ber\u00fchrungslose L\u00f6sung, indem RFID-Etiketten an jedem Artikel angebracht werden. Auf diese Weise l\u00e4sst sich der Bestand in allen Phasen der Lieferkette in Echtzeit verfolgen. F\u00fcr Juweliere, die ihre Verluste reduzieren und die t\u00e4glichen Abl\u00e4ufe vereinfachen m\u00f6chten, bietet RFID eine moderne Alternative, die sich nahtlos in den Luxuseinzelhandel einf\u00fcgt.<\/p>\n<\/div>\n\n\n\n<div class=\"wp-block-column is-vertically-aligned-center is-layout-flow wp-block-column-is-layout-flow\" style=\"flex-basis:35%\">\n<figure class=\"wp-block-image size-full\"><img loading=\"lazy\" decoding=\"async\" width=\"600\" height=\"600\" src=\"https:\/\/huayuansh.com\/wp-content\/uploads\/2025\/05\/RFID-for-Jewellery-Management.webp\" alt=\"RFID f\u00fcr die Juwelenverwaltung\" class=\"wp-image-4201\" style=\"aspect-ratio:4\/3;object-fit:cover\" srcset=\"https:\/\/huayuansh.com\/wp-content\/uploads\/2025\/05\/RFID-for-Jewellery-Management.webp 600w, https:\/\/huayuansh.com\/wp-content\/uploads\/2025\/05\/RFID-for-Jewellery-Management-300x300.webp 300w, https:\/\/huayuansh.com\/wp-content\/uploads\/2025\/05\/RFID-for-Jewellery-Management-150x150.webp 150w\" sizes=\"auto, (max-width: 600px) 100vw, 600px\" \/><\/figure>\n<\/div>\n<\/div>\n\n\n\n<div class=\"wp-block-columns are-vertically-aligned-top is-layout-flex wp-container-core-columns-is-layout-9d6595d7 wp-block-columns-is-layout-flex\">\n<div class=\"wp-block-column is-vertically-aligned-top is-layout-flow wp-block-column-is-layout-flow\" style=\"flex-basis:35%\">\n<figure class=\"wp-block-image\"><img loading=\"lazy\" decoding=\"async\" width=\"600\" height=\"600\" src=\"https:\/\/huayuansh.com\/wp-content\/uploads\/2025\/05\/RFID-Tag-for-Jewellery.webp\" alt=\"RFID-Etiketten f\u00fcr Schmuck\" class=\"wp-image-4202\" srcset=\"https:\/\/huayuansh.com\/wp-content\/uploads\/2025\/05\/RFID-Tag-for-Jewellery.webp 600w, https:\/\/huayuansh.com\/wp-content\/uploads\/2025\/05\/RFID-Tag-for-Jewellery-300x300.webp 300w, https:\/\/huayuansh.com\/wp-content\/uploads\/2025\/05\/RFID-Tag-for-Jewellery-150x150.webp 150w\" sizes=\"auto, (max-width: 600px) 100vw, 600px\" \/><\/figure>\n<\/div>\n\n\n\n<div class=\"wp-block-column is-vertically-aligned-top is-layout-flow wp-block-column-is-layout-flow\" style=\"flex-basis:65%\">\n<h2 class=\"wp-block-heading\" id=\"h-rfid-tags-for-jewellery\"><strong>RFID-Etiketten f\u00fcr Schmuck<\/strong><\/h2>\n\n\n\n<p>UHF-RFID-Schmuckanh\u00e4nger sind auf die speziellen Anforderungen der Schmuckverfolgung zugeschnitten. Sie sind diskret und einfach anzubringen und funktionieren bei einer Vielzahl von Artikeln, ohne das Kundenerlebnis oder die Markenpr\u00e4sentation zu beeintr\u00e4chtigen.<br>Die wichtigsten Merkmale sind:<\/p>\n\n\n\n<ul class=\"wp-block-list\">\n<li>Schnelle und genaue Messungen, auch in dicht best\u00fcckten Vitrinen.<\/li>\n\n\n\n<li>Erweiterte Lesereichweiten, die eine effiziente Massenpr\u00fcfung bei Audits erm\u00f6glichen.<\/li>\n<\/ul>\n\n\n\n<p>Diese Etiketten wurden entwickelt, um die Sichtbarkeit der Best\u00e4nde zu verbessern und die Inventarisierung zu rationalisieren - ohne die bestehenden Displays oder Verpackungsformate zu beeintr\u00e4chtigen.<\/p>\n<\/div>\n<\/div>\n\n\n\n<h2 class=\"wp-block-heading\" id=\"h-benefits-of-rfid-in-jewelry-retail\"><strong>Vorteile von RFID im Juwelenhandel<\/strong><\/h2>\n\n\n\n<ol start=\"1\" class=\"wp-block-list\">\n<li><strong>Genaue Bestandsaufnahme in Echtzeit<\/strong><br>RFID erm\u00f6glicht schnelle Bestandsz\u00e4hlungen und Aktualisierungen in Echtzeit und hilft den Marken, Fehler zu minimieren und eine bessere Kontrolle \u00fcber den Lagerbestand zu behalten.<\/li>\n\n\n\n<li><strong>Verbesserte Sicherheit und Schadensverh\u00fctung<\/strong><br>Durch die Nachverfolgung von Artikeln und die \u00dcberwachung von Bewegungen tr\u00e4gt RFID dazu bei, den internen Warenschwund zu reduzieren, und unterst\u00fctzt bessere Protokolle zur Diebstahlpr\u00e4vention.<\/li>\n\n\n\n<li><strong>Operative Rationalisierung<\/strong><br>Prozesse wie Retouren, Umlagerungen und Versandkontrollen werden durch die RFID-Integration schneller und zuverl\u00e4ssiger.<\/li>\n\n\n\n<li><strong>Verbesserung der Kundenerfahrung<\/strong><br>RFID erleichtert es dem Personal, Produkte schnell zu finden und sachkundige Hilfe zu leisten, was zu einem besseren Service und einer h\u00f6heren Kundenzufriedenheit beitr\u00e4gt.<\/li>\n\n\n\n<li><strong>Gest\u00e4rktes Markenimage<\/strong><br>Die Integration von RFID spiegelt das Engagement einer Marke f\u00fcr Innovation, Effizienz und Transparenz wider - wichtige Werte auf dem heutigen Luxusmarkt.<\/li>\n<\/ol>\n\n\n\n<h3 class=\"wp-block-heading\" id=\"h-get-in-touch\"><strong>Kontakt aufnehmen<\/strong><\/h3>\n\n\n\n<p>Da sich die Schmuckindustrie st\u00e4ndig weiterentwickelt, bietet die Integration von RFID einen zuverl\u00e4ssigen Schritt zu mehr Transparenz und Effizienz. Unsere UHF-RFID-Schmucketiketten sind so konzipiert, dass sie die spezifischen Anforderungen von Schmuckmarken erf\u00fcllen und die t\u00e4glichen Abl\u00e4ufe verbessern, w\u00e4hrend gleichzeitig die Produktpr\u00e4sentation und das Markenimage gewahrt bleiben.<br>M\u00f6chten Sie erfahren, wie RFID Ihre Wachstumsstrategie unterst\u00fctzen kann? Kontaktieren Sie uns noch heute, um eine auf Ihr Unternehmen zugeschnittene Kennzeichnungsl\u00f6sung zu finden.<\/p>\n\n\n<style>.wp-block-kadence-advancedbtn.kb-btns4200_fbb456-73{gap:var(--global-kb-gap-xs, 0.5rem );justify-content:flex-start;align-items:center;}.kt-btns4200_fbb456-73 .kt-button{font-weight:normal;font-style:normal;}.kt-btns4200_fbb456-73 .kt-btn-wrap-0{margin-right:5px;}.wp-block-kadence-advancedbtn.kt-btns4200_fbb456-73 .kt-btn-wrap-0 .kt-button{color:#555555;border-color:#555555;}.wp-block-kadence-advancedbtn.kt-btns4200_fbb456-73 .kt-btn-wrap-0 .kt-button:hover, .wp-block-kadence-advancedbtn.kt-btns4200_fbb456-73 .kt-btn-wrap-0 .kt-button:focus{color:#ffffff;border-color:#444444;}.wp-block-kadence-advancedbtn.kt-btns4200_fbb456-73 .kt-btn-wrap-0 .kt-button::before{display:none;}.wp-block-kadence-advancedbtn.kt-btns4200_fbb456-73 .kt-btn-wrap-0 .kt-button:hover, .wp-block-kadence-advancedbtn.kt-btns4200_fbb456-73 .kt-btn-wrap-0 .kt-button:focus{background:#444444;}<\/style>\n<div class=\"wp-block-kadence-advancedbtn kb-buttons-wrap kb-btns4200_fbb456-73\"><style>.wp-block-kadence-advancedbtn .kb-btn4200_c491ef-b0.kb-button, ul.menu .wp-block-kadence-advancedbtn .kb-btn4200_c491ef-b0.kb-button{width:200px;}<\/style><a class=\"kb-button kt-button button kb-btn4200_c491ef-b0 kt-btn-size-small kt-btn-width-type-fixed kb-btn-global-inherit  kt-btn-has-text-true kt-btn-has-svg-false  wp-block-button__link wp-block-kadence-singlebtn\" href=\"https:\/\/huayuansh.com\/contact-us\/\"><span class=\"kt-btn-inner-text\">Kontakt<\/span><\/a><\/div>\n\n\n\n<p><\/p>","protected":false},"excerpt":{"rendered":"<p>Einzelh\u00e4ndler f\u00fcr Luxusschmuck verwalten oft Kollektionen, die sowohl wertvoll als auch empfindlich im Design sind. Bei Tausenden von kleinen, wertvollen Gegenst\u00e4nden, die die Produktion, Lagerung und Ausstellung durchlaufen, ist es eine st\u00e4ndige Herausforderung, einen genauen Bestand zu halten und Verluste zu reduzieren. Die RFID-Technologie (Radio Frequency Identification) bietet eine M\u00f6glichkeit, diese Prozesse zu rationalisieren und gleichzeitig eine...<\/p>","protected":false},"author":1,"featured_media":4203,"parent":731,"menu_order":0,"comment_status":"closed","ping_status":"closed","template":"","meta":{"_kad_blocks_custom_css":"","_kad_blocks_head_custom_js":"","_kad_blocks_body_custom_js":"","_kad_blocks_footer_custom_js":"","_kadence_starter_templates_imported_post":false,"_kad_post_transparent":"","_kad_post_title":"","_kad_post_layout":"","_kad_post_sidebar_id":"","_kad_post_content_style":"","_kad_post_vertical_padding":"","_kad_post_feature":"","_kad_post_feature_position":"","_kad_post_header":false,"_kad_post_footer":false,"footnotes":""},"class_list":["post-4200","page","type-page","status-publish","has-post-thumbnail","hentry"],"yoast_head":"<!-- This site is optimized with the Yoast SEO Premium plugin v23.0 (Yoast SEO v26.3) - https:\/\/yoast.com\/wordpress\/plugins\/seo\/ -->\n<title>RFID for Jewellery | HUAYUAN RFID Tag Manufacturer<\/title>\n<meta name=\"description\" content=\"Enhance jewellery inventory management with UHF RFID jewellery tags. Improve tracking, reduce losses, and streamline operations without compromising aesthetics. Discover RFID solutions tailored for jewellery brands.\" \/>\n<meta name=\"robots\" content=\"index, follow, max-snippet:-1, max-image-preview:large, max-video-preview:-1\" \/>\n<link rel=\"canonical\" href=\"https:\/\/huayuansh.com\/de\/branchensegmente\/rfid-fur-schmuck\/\" \/>\n<meta property=\"og:locale\" content=\"de_DE\" \/>\n<meta property=\"og:type\" content=\"article\" \/>\n<meta property=\"og:title\" content=\"RFID for Jewellery\" \/>\n<meta property=\"og:description\" content=\"Enhance jewellery inventory management with UHF RFID jewellery tags. Improve tracking, reduce losses, and streamline operations without compromising aesthetics. Discover RFID solutions tailored for jewellery brands.\" \/>\n<meta property=\"og:url\" content=\"https:\/\/huayuansh.com\/de\/branchensegmente\/rfid-fur-schmuck\/\" \/>\n<meta property=\"og:site_name\" content=\"HUAYUAN RFID Tag Manufacturer\" \/>\n<meta property=\"article:modified_time\" content=\"2025-05-09T11:42:01+00:00\" \/>\n<meta property=\"og:image\" content=\"https:\/\/huayuansh.com\/wp-content\/uploads\/2025\/05\/RFID-Jewellery-Tags-for-Jewelry-Retail.webp\" \/>\n\t<meta property=\"og:image:width\" content=\"1920\" \/>\n\t<meta property=\"og:image:height\" content=\"1080\" \/>\n\t<meta property=\"og:image:type\" content=\"image\/webp\" \/>\n<meta name=\"twitter:card\" content=\"summary_large_image\" \/>\n<meta name=\"twitter:label1\" content=\"Gesch\u00e4tzte Lesezeit\" \/>\n\t<meta name=\"twitter:data1\" content=\"3\u00a0Minuten\" \/>\n<script type=\"application\/ld+json\" class=\"yoast-schema-graph\">{\"@context\":\"https:\/\/schema.org\",\"@graph\":[{\"@type\":\"WebPage\",\"@id\":\"https:\/\/huayuansh.com\/industry-segments\/rfid-for-jewellery\/\",\"url\":\"https:\/\/huayuansh.com\/industry-segments\/rfid-for-jewellery\/\",\"name\":\"RFID for Jewellery | HUAYUAN RFID Tag Manufacturer\",\"isPartOf\":{\"@id\":\"https:\/\/huayuansh.com\/#website\"},\"primaryImageOfPage\":{\"@id\":\"https:\/\/huayuansh.com\/industry-segments\/rfid-for-jewellery\/#primaryimage\"},\"image\":{\"@id\":\"https:\/\/huayuansh.com\/industry-segments\/rfid-for-jewellery\/#primaryimage\"},\"thumbnailUrl\":\"https:\/\/huayuansh.com\/wp-content\/uploads\/2025\/05\/RFID-Jewellery-Tags-for-Jewelry-Retail.webp\",\"datePublished\":\"2025-05-09T11:41:56+00:00\",\"dateModified\":\"2025-05-09T11:42:01+00:00\",\"description\":\"Enhance jewellery inventory management with UHF RFID jewellery tags. Improve tracking, reduce losses, and streamline operations without compromising aesthetics. Discover RFID solutions tailored for jewellery brands.\",\"breadcrumb\":{\"@id\":\"https:\/\/huayuansh.com\/industry-segments\/rfid-for-jewellery\/#breadcrumb\"},\"inLanguage\":\"de\",\"potentialAction\":[{\"@type\":\"ReadAction\",\"target\":[\"https:\/\/huayuansh.com\/industry-segments\/rfid-for-jewellery\/\"]}]},{\"@type\":\"ImageObject\",\"inLanguage\":\"de\",\"@id\":\"https:\/\/huayuansh.com\/industry-segments\/rfid-for-jewellery\/#primaryimage\",\"url\":\"https:\/\/huayuansh.com\/wp-content\/uploads\/2025\/05\/RFID-Jewellery-Tags-for-Jewelry-Retail.webp\",\"contentUrl\":\"https:\/\/huayuansh.com\/wp-content\/uploads\/2025\/05\/RFID-Jewellery-Tags-for-Jewelry-Retail.webp\",\"width\":1920,\"height\":1080,\"caption\":\"RFID Jewellery Tags for Jewelry Retail\"},{\"@type\":\"BreadcrumbList\",\"@id\":\"https:\/\/huayuansh.com\/industry-segments\/rfid-for-jewellery\/#breadcrumb\",\"itemListElement\":[{\"@type\":\"ListItem\",\"position\":1,\"name\":\"Home\",\"item\":\"https:\/\/huayuansh.com\/\"},{\"@type\":\"ListItem\",\"position\":2,\"name\":\"Industry Segments\",\"item\":\"https:\/\/huayuansh.com\/industry-segments\/\"},{\"@type\":\"ListItem\",\"position\":3,\"name\":\"RFID for Jewellery\"}]},{\"@type\":\"WebSite\",\"@id\":\"https:\/\/huayuansh.com\/#website\",\"url\":\"https:\/\/huayuansh.com\/\",\"name\":\"HUAYUAN RFID Tag Manufacturer\",\"description\":\"HUAYUAN RFID Tag Manufacturer\",\"publisher\":{\"@id\":\"https:\/\/huayuansh.com\/#organization\"},\"potentialAction\":[{\"@type\":\"SearchAction\",\"target\":{\"@type\":\"EntryPoint\",\"urlTemplate\":\"https:\/\/huayuansh.com\/?s={search_term_string}\"},\"query-input\":{\"@type\":\"PropertyValueSpecification\",\"valueRequired\":true,\"valueName\":\"search_term_string\"}}],\"inLanguage\":\"de\"},{\"@type\":\"Organization\",\"@id\":\"https:\/\/huayuansh.com\/#organization\",\"name\":\"HUAYUAN RFID Tag Manufacturer\",\"url\":\"https:\/\/huayuansh.com\/\",\"logo\":{\"@type\":\"ImageObject\",\"inLanguage\":\"de\",\"@id\":\"https:\/\/huayuansh.com\/#\/schema\/logo\/image\/\",\"url\":\"https:\/\/huayuansh.com\/wp-content\/uploads\/2024\/09\/cropped-HUAYUAN.webp\",\"contentUrl\":\"https:\/\/huayuansh.com\/wp-content\/uploads\/2024\/09\/cropped-HUAYUAN.webp\",\"width\":895,\"height\":279,\"caption\":\"HUAYUAN RFID Tag Manufacturer\"},\"image\":{\"@id\":\"https:\/\/huayuansh.com\/#\/schema\/logo\/image\/\"}}]}<\/script>\n<!-- \/ Yoast SEO Premium plugin. -->","yoast_head_json":{"title":"RFID f\u00fcr Schmuck | HUAYUAN RFID Tag Hersteller","description":"Verbessern Sie die Bestandsverwaltung von Schmuck mit UHF-RFID-Schmuckanh\u00e4ngern. Verbessern Sie die Nachverfolgung, reduzieren Sie Verluste und rationalisieren Sie die Abl\u00e4ufe, ohne die \u00c4sthetik zu beeintr\u00e4chtigen. Entdecken Sie ma\u00dfgeschneiderte RFID-L\u00f6sungen f\u00fcr Schmuckmarken.","robots":{"index":"index","follow":"follow","max-snippet":"max-snippet:-1","max-image-preview":"max-image-preview:large","max-video-preview":"max-video-preview:-1"},"canonical":"https:\/\/huayuansh.com\/de\/branchensegmente\/rfid-fur-schmuck\/","og_locale":"de_DE","og_type":"article","og_title":"RFID for Jewellery","og_description":"Enhance jewellery inventory management with UHF RFID jewellery tags. Improve tracking, reduce losses, and streamline operations without compromising aesthetics. Discover RFID solutions tailored for jewellery brands.","og_url":"https:\/\/huayuansh.com\/de\/branchensegmente\/rfid-fur-schmuck\/","og_site_name":"HUAYUAN RFID Tag Manufacturer","article_modified_time":"2025-05-09T11:42:01+00:00","og_image":[{"width":1920,"height":1080,"url":"https:\/\/huayuansh.com\/wp-content\/uploads\/2025\/05\/RFID-Jewellery-Tags-for-Jewelry-Retail.webp","type":"image\/webp"}],"twitter_card":"summary_large_image","twitter_misc":{"Gesch\u00e4tzte Lesezeit":"3\u00a0Minuten"},"schema":{"@context":"https:\/\/schema.org","@graph":[{"@type":"WebPage","@id":"https:\/\/huayuansh.com\/industry-segments\/rfid-for-jewellery\/","url":"https:\/\/huayuansh.com\/industry-segments\/rfid-for-jewellery\/","name":"RFID f\u00fcr Schmuck | HUAYUAN RFID Tag Hersteller","isPartOf":{"@id":"https:\/\/huayuansh.com\/#website"},"primaryImageOfPage":{"@id":"https:\/\/huayuansh.com\/industry-segments\/rfid-for-jewellery\/#primaryimage"},"image":{"@id":"https:\/\/huayuansh.com\/industry-segments\/rfid-for-jewellery\/#primaryimage"},"thumbnailUrl":"https:\/\/huayuansh.com\/wp-content\/uploads\/2025\/05\/RFID-Jewellery-Tags-for-Jewelry-Retail.webp","datePublished":"2025-05-09T11:41:56+00:00","dateModified":"2025-05-09T11:42:01+00:00","description":"Verbessern Sie die Bestandsverwaltung von Schmuck mit UHF-RFID-Schmuckanh\u00e4ngern. Verbessern Sie die Nachverfolgung, reduzieren Sie Verluste und rationalisieren Sie die Abl\u00e4ufe, ohne die \u00c4sthetik zu beeintr\u00e4chtigen. Entdecken Sie ma\u00dfgeschneiderte RFID-L\u00f6sungen f\u00fcr Schmuckmarken.","breadcrumb":{"@id":"https:\/\/huayuansh.com\/industry-segments\/rfid-for-jewellery\/#breadcrumb"},"inLanguage":"de","potentialAction":[{"@type":"ReadAction","target":["https:\/\/huayuansh.com\/industry-segments\/rfid-for-jewellery\/"]}]},{"@type":"ImageObject","inLanguage":"de","@id":"https:\/\/huayuansh.com\/industry-segments\/rfid-for-jewellery\/#primaryimage","url":"https:\/\/huayuansh.com\/wp-content\/uploads\/2025\/05\/RFID-Jewellery-Tags-for-Jewelry-Retail.webp","contentUrl":"https:\/\/huayuansh.com\/wp-content\/uploads\/2025\/05\/RFID-Jewellery-Tags-for-Jewelry-Retail.webp","width":1920,"height":1080,"caption":"RFID Jewellery Tags for Jewelry Retail"},{"@type":"BreadcrumbList","@id":"https:\/\/huayuansh.com\/industry-segments\/rfid-for-jewellery\/#breadcrumb","itemListElement":[{"@type":"ListItem","position":1,"name":"Home","item":"https:\/\/huayuansh.com\/"},{"@type":"ListItem","position":2,"name":"Industry Segments","item":"https:\/\/huayuansh.com\/industry-segments\/"},{"@type":"ListItem","position":3,"name":"RFID for Jewellery"}]},{"@type":"WebSite","@id":"https:\/\/huayuansh.com\/#website","url":"https:\/\/huayuansh.com\/","name":"HUAYUAN RFID Tag Hersteller","description":"HUAYUAN RFID Tag Hersteller","publisher":{"@id":"https:\/\/huayuansh.com\/#organization"},"potentialAction":[{"@type":"SearchAction","target":{"@type":"EntryPoint","urlTemplate":"https:\/\/huayuansh.com\/?s={search_term_string}"},"query-input":{"@type":"PropertyValueSpecification","valueRequired":true,"valueName":"search_term_string"}}],"inLanguage":"de"},{"@type":"Organization","@id":"https:\/\/huayuansh.com\/#organization","name":"HUAYUAN RFID Tag Hersteller","url":"https:\/\/huayuansh.com\/","logo":{"@type":"ImageObject","inLanguage":"de","@id":"https:\/\/huayuansh.com\/#\/schema\/logo\/image\/","url":"https:\/\/huayuansh.com\/wp-content\/uploads\/2024\/09\/cropped-HUAYUAN.webp","contentUrl":"https:\/\/huayuansh.com\/wp-content\/uploads\/2024\/09\/cropped-HUAYUAN.webp","width":895,"height":279,"caption":"HUAYUAN RFID Tag Manufacturer"},"image":{"@id":"https:\/\/huayuansh.com\/#\/schema\/logo\/image\/"}}]}},"taxonomy_info":[],"featured_image_src_large":["https:\/\/huayuansh.com\/wp-content\/uploads\/2025\/05\/RFID-Jewellery-Tags-for-Jewelry-Retail-1024x576.webp",1024,576,true],"author_info":{"display_name":"HUAYUAN","author_link":"https:\/\/huayuansh.com\/de\/author\/shyec2024\/"},"comment_info":0,"_links":{"self":[{"href":"https:\/\/huayuansh.com\/de\/wp-json\/wp\/v2\/pages\/4200","targetHints":{"allow":["GET"]}}],"collection":[{"href":"https:\/\/huayuansh.com\/de\/wp-json\/wp\/v2\/pages"}],"about":[{"href":"https:\/\/huayuansh.com\/de\/wp-json\/wp\/v2\/types\/page"}],"author":[{"embeddable":true,"href":"https:\/\/huayuansh.com\/de\/wp-json\/wp\/v2\/users\/1"}],"replies":[{"embeddable":true,"href":"https:\/\/huayuansh.com\/de\/wp-json\/wp\/v2\/comments?post=4200"}],"version-history":[{"count":1,"href":"https:\/\/huayuansh.com\/de\/wp-json\/wp\/v2\/pages\/4200\/revisions"}],"predecessor-version":[{"id":4204,"href":"https:\/\/huayuansh.com\/de\/wp-json\/wp\/v2\/pages\/4200\/revisions\/4204"}],"up":[{"embeddable":true,"href":"https:\/\/huayuansh.com\/de\/wp-json\/wp\/v2\/pages\/731"}],"wp:featuredmedia":[{"embeddable":true,"href":"https:\/\/huayuansh.com\/de\/wp-json\/wp\/v2\/media\/4203"}],"wp:attachment":[{"href":"https:\/\/huayuansh.com\/de\/wp-json\/wp\/v2\/media?parent=4200"}],"curies":[{"name":"wp","href":"https:\/\/api.w.org\/{rel}","templated":true}]}}