{"id":4205,"date":"2025-05-13T14:28:54","date_gmt":"2025-05-13T06:28:54","guid":{"rendered":"https:\/\/huayuansh.com\/?page_id=4205"},"modified":"2025-05-13T14:28:56","modified_gmt":"2025-05-13T06:28:56","slug":"rfid-fur-brillen","status":"publish","type":"page","link":"https:\/\/huayuansh.com\/de\/branchensegmente\/rfid-fur-brillen\/","title":{"rendered":"RFID f\u00fcr Brillen"},"content":{"rendered":"<p>Die Brillenindustrie ist f\u00fcr ihre gro\u00dfe Produktvielfalt und ihren schnellen Warenumschlag bekannt und steht vor einzigartigen Herausforderungen bei der Bestandskontrolle, der Verhinderung von Verlusten und der Effizienz des Einzelhandels. Die RFID-Technologie (Radio Frequency Identification) bietet eine innovative und effektive L\u00f6sung f\u00fcr die Verwaltung von Brillenprodukten w\u00e4hrend des gesamten Einzelhandelszyklus. Von der Verbesserung der Bestandsgenauigkeit bis zur Rationalisierung der Abl\u00e4ufe, <strong>RFID<\/strong> ver\u00e4ndert die Art und Weise, wie Augenoptiker arbeiten.<\/p>\n\n\n\n<h2 class=\"wp-block-heading\" id=\"h-rfid-for-eyewear-management\">RFID f\u00fcr das Brillenmanagement<\/h2>\n\n\n\n<p>Brillenh\u00e4ndler und Optikerketten verwalten Tausende von Artikeln f\u00fcr Fassungen, Sonnenbrillen und Gl\u00e4ser. Herk\u00f6mmliche Inventarsysteme beruhen stark auf manuellen Prozessen, die zeitaufw\u00e4ndig und fehleranf\u00e4llig sind. Durch die Integration von RFID in die Brillenverwaltung erhalten Einzelh\u00e4ndler die M\u00f6glichkeit, jeden Artikel einzeln und in Echtzeit zu verfolgen.<\/p>\n\n\n\n<p><strong>RFID-Etiketten<\/strong> die an Brillengestellen oder Verpackungen angebracht sind, erm\u00f6glichen eine nahtlose Identifizierung und Verfolgung. Dies erm\u00f6glicht den sofortigen Zugriff auf wichtige Produktdaten wie Standort, Verf\u00fcgbarkeit und Verkaufshistorie, ohne dass eine Sichtpr\u00fcfung oder manuelle Z\u00e4hlung erforderlich ist. Ob im Laden, im Lager oder beim Transport - der Weg jedes Produkts ist nachvollziehbar, was Bestandsfehler und betriebliche Ineffizienzen reduziert.<\/p>\n\n\n\n<h2 class=\"wp-block-heading\" id=\"h-benefits-of-rfid-technology-in-the-eyewear-industry\"><strong>Vorteile der RFID-Technologie in der Brillenindustrie<\/strong><\/h2>\n\n\n\n<ol start=\"1\" class=\"wp-block-list\">\n<li><strong>Verbesserte Inventargenauigkeit<\/strong><br>Die RFID-Technologie bietet eine Echtzeit-\u00dcberwachung der Best\u00e4nde und hilft Einzelh\u00e4ndlern, genaue Lagerbest\u00e4nde zu halten und Schwund zu reduzieren. Sie unterst\u00fctzt die automatische Inventur und verhindert sowohl \u00dcberbest\u00e4nde als auch Fehlbest\u00e4nde.<\/li>\n\n\n\n<li><strong>Verbesserte Schadenverh\u00fctung<\/strong><br>Durch die kontinuierliche Verfolgung des Standorts jedes Artikels tr\u00e4gt RFID dazu bei, Verluste durch Diebstahl oder Verlegen zu verringern. Dies ist besonders wertvoll f\u00fcr hochwertige oder luxuri\u00f6se Brillenprodukte.<\/li>\n\n\n\n<li><strong>Produkt-Authentifizierung<\/strong><br>RFID-Etiketten k\u00f6nnen Daten zur Produktauthentifizierung enthalten, die sicherstellen, dass echte Produkte verkauft werden und Premium-Brillenmarken vor F\u00e4lschungen gesch\u00fctzt sind.<\/li>\n\n\n\n<li><strong>Schnellerer Ladenbetrieb<\/strong><br>Mit RFID k\u00f6nnen Aufgaben wie der Wareneingang, die \u00dcberpr\u00fcfung des Lagerbestands und das Auffinden bestimmter Produkte innerhalb von Minuten statt Stunden erledigt werden, so dass das Personal f\u00fcr kundenorientierte Aufgaben frei wird.<\/li>\n\n\n\n<li><strong>Bessere Kundenerfahrung<\/strong><br>Die Kunden profitieren von genaueren Bestandsinformationen, k\u00fcrzeren Wartezeiten und interaktiven Einzelhandelserlebnissen, wie z. B. intelligenten Spiegeln oder Self-Checkout-Stationen mit RFID-Technologie.<\/li>\n<\/ol>\n\n\n\n<h2 class=\"wp-block-heading\" id=\"h-huayuan-rfid-tags-for-eyewear\">HUAYUAN RFID-Tags f\u00fcr Brillen<\/h2>\n\n\n\n<p>HUAYUAN bietet eine vielseitige Palette von <a href=\"https:\/\/huayuansh.com\/products\/\">RFID-Tag-L\u00f6sungen<\/a> die auf die unterschiedlichen Bed\u00fcrfnisse der Brillenindustrie zugeschnitten sind - von traditionellen papierbasierten Etiketten bis hin zu fortschrittlichen Mikro-RFID-Tags.<\/p>\n\n\n\n<div class=\"wp-block-columns are-vertically-aligned-center is-layout-flex wp-container-core-columns-is-layout-9d6595d7 wp-block-columns-is-layout-flex\">\n<div class=\"wp-block-column is-vertically-aligned-center is-layout-flow wp-block-column-is-layout-flow\" style=\"flex-basis:65%\">\n<p><strong>Herk\u00f6mmliche RFID-Tag-L\u00f6sungen f\u00fcr Brillen<\/strong><\/p>\n\n\n\n<p>F\u00fcr viele Brillenh\u00e4ndler sind die klassischen RFID-Etiketten nach wie vor eine praktische Wahl. HUAYUAN bietet Standard-RFID-Etiketten aus Papier, PET oder synthetischen Materialien an, die einfach an Brillenverpackungen oder Zubeh\u00f6r angebracht werden k\u00f6nnen. Diese Etiketten sind ideal f\u00fcr die Verfolgung von Gro\u00dfbest\u00e4nden, die Lagerhaltung und das Back-of-House-Management.<\/p>\n\n\n\n<p>Traditionelle Tags bieten:<\/p>\n\n\n\n<ul class=\"wp-block-list\">\n<li>Kosteneffiziente Bestandskontrolle \u00fcber gro\u00dfe Mengen von Brillen<\/li>\n\n\n\n<li>Einfache Anbringung durch Kleber oder Anh\u00e4ngeetiketten<\/li>\n<\/ul>\n\n\n\n<p>Diese L\u00f6sungen eignen sich gut f\u00fcr allgemeine Einzelhandelsanforderungen, bei denen die visuelle Integration mit dem Produkt weniger wichtig ist.<\/p>\n<\/div>\n\n\n\n<div class=\"wp-block-column is-vertically-aligned-center is-layout-flow wp-block-column-is-layout-flow\" style=\"flex-basis:35%\">\n<figure class=\"wp-block-image\"><img loading=\"lazy\" decoding=\"async\" width=\"600\" height=\"600\" src=\"https:\/\/huayuansh.com\/wp-content\/uploads\/2025\/03\/RFID-Paper-Tag-for-Eyeglass-Frames.webp\" alt=\"RFID-Papieranh\u00e4nger f\u00fcr Brillengestelle\" class=\"wp-image-4134\" srcset=\"https:\/\/huayuansh.com\/wp-content\/uploads\/2025\/03\/RFID-Paper-Tag-for-Eyeglass-Frames.webp 600w, https:\/\/huayuansh.com\/wp-content\/uploads\/2025\/03\/RFID-Paper-Tag-for-Eyeglass-Frames-300x300.webp 300w, https:\/\/huayuansh.com\/wp-content\/uploads\/2025\/03\/RFID-Paper-Tag-for-Eyeglass-Frames-150x150.webp 150w\" sizes=\"auto, (max-width: 600px) 100vw, 600px\" \/><\/figure>\n<\/div>\n<\/div>\n\n\n\n<p><strong>Fortschrittliche ultrakleine RFID-Tags f\u00fcr Brillengestelle<\/strong><\/p>\n\n\n\n<p>F\u00fcr Einzelh\u00e4ndler und Marken, die eine diskretere und integrierte L\u00f6sung suchen, bietet HUAYUAN auch ultra-kleine <a href=\"https:\/\/huayuansh.com\/products\/industrial-rfid-tags\/tmc-uhf-micro-cube-tag\/\">UHF-RFID-Mikroetiketten<\/a> (TMC-Serie), die speziell f\u00fcr die Einbettung in Brillenfassungen entwickelt wurden. Diese Tags wurden f\u00fcr minimale visuelle Auswirkungen und hohe Leistung entwickelt - ideal f\u00fcr moderne, luxuri\u00f6se oder platzbeschr\u00e4nkte Rahmendesigns.<\/p>\n\n\n\n<p>Die wichtigsten Vorteile sind:<\/p>\n\n\n\n<ul class=\"wp-block-list\">\n<li>\u00c4u\u00dferst kompakt und leicht<\/li>\n\n\n\n<li>Direkt in den Rahmen eingebettet f\u00fcr Manipulationssicherheit<\/li>\n\n\n\n<li>Verbesserte Haltbarkeit und Datensicherheitsfunktionen<\/li>\n\n\n\n<li>Nahtlose Integration in Fertigungs- oder Verpackungsabl\u00e4ufe<\/li>\n<\/ul>\n\n\n<style>.kt-post-loop4205_65a0c4-5c .kadence-post-image{padding-top:0px;padding-right:30px;padding-bottom:10px;padding-left:0px;}.kt-post-loop4205_65a0c4-5c .kt-feat-image-align-left{grid-template-columns:40% auto;}.kt-post-loop4205_65a0c4-5c .kt-post-grid-wrap{gap:30px 30px;}.kt-post-loop4205_65a0c4-5c .kt-blocks-post-grid-item{border-top-left-radius:0px;border-top-right-radius:0px;border-bottom-right-radius:0px;border-bottom-left-radius:0px;overflow:hidden;}.kt-post-loop4205_65a0c4-5c .kt-blocks-post-grid-item .kt-blocks-post-grid-item-inner{padding-top:0px;padding-right:0px;padding-bottom:0px;padding-left:0px;}.kt-post-loop4205_65a0c4-5c .kt-blocks-post-grid-item .kt-blocks-post-grid-item-inner{text-align:left;}.kt-post-loop4205_65a0c4-5c .kt-blocks-post-grid-item header{padding-top:0px;padding-right:0px;padding-bottom:10px;padding-left:0px;margin-top:0px;margin-right:0px;margin-bottom:0px;margin-left:0px;}.kt-post-loop4205_65a0c4-5c .kt-blocks-post-grid-item .kt-blocks-above-categories{font-size:13px;line-height:20px;text-transform:uppercase;}.kt-post-loop4205_65a0c4-5c .kt-blocks-post-grid-item .entry-title{padding-top:5px;padding-right:0px;padding-bottom:0px;padding-left:0px;margin-top:0px;margin-right:0px;margin-bottom:0px;margin-left:0px;font-size:24px;line-height:30px;}.kt-post-loop4205_65a0c4-5c .entry-content{padding-top:0px;padding-right:0px;padding-bottom:0px;padding-left:0px;margin-top:0px;margin-right:0px;margin-bottom:0px;margin-left:0px;font-size:16px;line-height:28px;}.kt-post-loop4205_65a0c4-5c .kt-blocks-post-footer{border-top-width:0px;border-right-width:0px;border-bottom-width:0px;border-left-width:0px;padding-top:0px;padding-right:0px;padding-bottom:0px;padding-left:0px;margin-top:0px;margin-right:0px;margin-bottom:0px;margin-left:0px;font-size:12px;line-height:20px;text-transform:uppercase;}.kt-post-loop4205_65a0c4-5c .entry-content:after{height:0px;}.kt-post-loop4205_65a0c4-5c .kb-filter-item{border-top-width:0px;border-right-width:0px;border-bottom-width:2px;border-left-width:0px;padding-top:5px;padding-right:8px;padding-bottom:5px;padding-left:8px;margin-top:0px;margin-right:10px;margin-bottom:0px;margin-left:0px;}<\/style><div class=\"wp-block-kadence-postgrid kt-blocks-post-loop-block alignnone kt-post-loop4205_65a0c4-5c kt-post-grid-layout-grid\"><div class=\"kt-post-grid-layout-grid-wrap kt-post-grid-wrap\" data-columns-xxl=\"1\" data-columns-xl=\"1\" data-columns-md=\"1\" data-columns-sm=\"1\" data-columns-xs=\"1\" data-columns-ss=\"1\"data-item-selector=\".kt-post-masonry-item\" aria-label=\"Post Carousel\"><article class=\"kt-blocks-post-grid-item post-4133 post type-post status-publish format-standard has-post-thumbnail hentry category-case-studies tag-eyewear tag-micro-rfid-tags\"><div class=\"kt-blocks-post-grid-item-inner-wrap kt-feat-image-align-left kt-feat-image-mobile-align-top\"><div class=\"kadence-post-image\"><div class=\"kadence-post-image-intrisic kt-image-ratio-56-25\" style=\"padding-bottom:56.25%;\"><div class=\"kadence-post-image-inner-intrisic\"><a aria-hidden=\"true\" tabindex=\"-1\" role=\"presentation\" href=\"https:\/\/huayuansh.com\/de\/rfid-fallstudie-extrem-kleine-rfid-tags-fur-brillenrahmen\/\" aria-label=\"RFID-Fallstudie: Ultrakleiner RFID-Tag f\u00fcr Brillengestelle\" class=\"kadence-post-image-inner-wrap\"><img loading=\"lazy\" decoding=\"async\" width=\"1024\" height=\"576\" src=\"https:\/\/huayuansh.com\/wp-content\/uploads\/2025\/03\/RFID-Case-Study-Ultra-Small-RFID-Tag-for-Eyeglass-Frames-1024x576.webp\" class=\"attachment-large size-large wp-post-image\" alt=\"RFID-Fallstudie Ultrakleiner RFID-Tag f\u00fcr Brillengestelle\" srcset=\"https:\/\/huayuansh.com\/wp-content\/uploads\/2025\/03\/RFID-Case-Study-Ultra-Small-RFID-Tag-for-Eyeglass-Frames-1024x576.webp 1024w, https:\/\/huayuansh.com\/wp-content\/uploads\/2025\/03\/RFID-Case-Study-Ultra-Small-RFID-Tag-for-Eyeglass-Frames-300x169.webp 300w, https:\/\/huayuansh.com\/wp-content\/uploads\/2025\/03\/RFID-Case-Study-Ultra-Small-RFID-Tag-for-Eyeglass-Frames-768x432.webp 768w, https:\/\/huayuansh.com\/wp-content\/uploads\/2025\/03\/RFID-Case-Study-Ultra-Small-RFID-Tag-for-Eyeglass-Frames-1536x864.webp 1536w, https:\/\/huayuansh.com\/wp-content\/uploads\/2025\/03\/RFID-Case-Study-Ultra-Small-RFID-Tag-for-Eyeglass-Frames.webp 1920w\" sizes=\"auto, (max-width: 1024px) 100vw, 1024px\" \/><\/a><\/div><\/div><\/div><div class=\"kt-blocks-post-grid-item-inner\"><header><h2 class=\"entry-title\"><a href=\"https:\/\/huayuansh.com\/de\/rfid-fallstudie-extrem-kleine-rfid-tags-fur-brillenrahmen\/\">RFID-Fallstudie: Ultrakleiner RFID-Tag f\u00fcr Brillengestelle<\/a><\/h2><div class=\"kt-blocks-post-top-meta\"><\/div><\/header><div class=\"entry-content\">RFID-Etiketten f\u00fcr Brillenfassungen haben sich zu einem wichtigen Instrument entwickelt, das eine nahtlose Verfolgung und Verwaltung optischer Produkte erm\u00f6glicht. HUAYUAN, ein professioneller Hersteller passiver RFID-Etiketten, verf\u00fcgt \u00fcber ultrakleine RFID-Etiketten, die sich ideal f\u00fcr die Verwaltung von Brillengestellen eignen. In dieser Fallstudie wird untersucht, wie diese innovativen Tags wichtige betriebliche Herausforderungen bew\u00e4ltigen und gleichzeitig die \u00e4sthetische Integrit\u00e4t moderner Brillendesigns wahren. Durch die nahtlose Integration in Brillenfassungen bietet die L\u00f6sung von HUAYUAN eine praktische und effektive M\u00f6glichkeit, die Bestandsverwaltung zu verbessern und das Kundenerlebnis insgesamt zu steigern. Herausforderungen in der Brillenindustrie Die Brillenindustrie steht vor mehreren Herausforderungen, die den Bedarf an RFID f\u00fcr...<\/div><footer class=\"kt-blocks-post-footer\"><div class=\"kt-blocks-post-footer-left\"><\/div><div class=\"kt-blocks-post-footer-right\"><\/div><\/footer><\/div><\/div><\/article><\/div><\/div><!-- .wp-block-kadence-postgrid -->\n\n\n<h3 class=\"wp-block-heading\" id=\"h-get-in-touch\"><strong>Kontakt aufnehmen<\/strong><\/h3>\n\n\n\n<p>Ganz gleich, ob Kosteneffizienz, Langlebigkeit, Designintegration oder Markenschutz f\u00fcr Sie im Vordergrund stehen, HUAYUAN hat die passende RFID-L\u00f6sung f\u00fcr Sie. Unser erfahrenes Team hilft Ihnen bei der Auswahl und Anpassung des richtigen Tags - traditionell oder eingebettet - an Ihre Anwendung, Ihre betrieblichen Ziele und Ihr Markenimage.<\/p>\n\n\n<style>.wp-block-kadence-advancedbtn.kb-btns4205_5cf21c-ef{gap:var(--global-kb-gap-xs, 0.5rem );justify-content:flex-start;align-items:center;}.kt-btns4205_5cf21c-ef .kt-button{font-weight:normal;font-style:normal;}.kt-btns4205_5cf21c-ef .kt-btn-wrap-0{margin-right:5px;}.wp-block-kadence-advancedbtn.kt-btns4205_5cf21c-ef .kt-btn-wrap-0 .kt-button{color:#555555;border-color:#555555;}.wp-block-kadence-advancedbtn.kt-btns4205_5cf21c-ef .kt-btn-wrap-0 .kt-button:hover, .wp-block-kadence-advancedbtn.kt-btns4205_5cf21c-ef .kt-btn-wrap-0 .kt-button:focus{color:#ffffff;border-color:#444444;}.wp-block-kadence-advancedbtn.kt-btns4205_5cf21c-ef .kt-btn-wrap-0 .kt-button::before{display:none;}.wp-block-kadence-advancedbtn.kt-btns4205_5cf21c-ef .kt-btn-wrap-0 .kt-button:hover, .wp-block-kadence-advancedbtn.kt-btns4205_5cf21c-ef .kt-btn-wrap-0 .kt-button:focus{background:#444444;}<\/style>\n<div class=\"wp-block-kadence-advancedbtn kb-buttons-wrap kb-btns4205_5cf21c-ef\"><style>.wp-block-kadence-advancedbtn .kb-btn4205_7beb95-25.kb-button, ul.menu .wp-block-kadence-advancedbtn .kb-btn4205_7beb95-25.kb-button{width:200px;}<\/style><a class=\"kb-button kt-button button kb-btn4205_7beb95-25 kt-btn-size-small kt-btn-width-type-fixed kb-btn-global-inherit  kt-btn-has-text-true kt-btn-has-svg-false  wp-block-button__link wp-block-kadence-singlebtn\" href=\"https:\/\/huayuansh.com\/contact-us\/\"><span class=\"kt-btn-inner-text\">Kontakt<\/span><\/a><\/div>\n\n\n\n<p><\/p>","protected":false},"excerpt":{"rendered":"<p>The eyewear industry, known for its vast product variety and rapid turnover, faces unique challenges in inventory control, loss prevention, and retail efficiency. Radio Frequency&#8230;<\/p>","protected":false},"author":1,"featured_media":4206,"parent":731,"menu_order":0,"comment_status":"closed","ping_status":"closed","template":"","meta":{"_kad_blocks_custom_css":"","_kad_blocks_head_custom_js":"","_kad_blocks_body_custom_js":"","_kad_blocks_footer_custom_js":"","_kadence_starter_templates_imported_post":false,"_kad_post_transparent":"","_kad_post_title":"","_kad_post_layout":"","_kad_post_sidebar_id":"","_kad_post_content_style":"","_kad_post_vertical_padding":"","_kad_post_feature":"","_kad_post_feature_position":"","_kad_post_header":false,"_kad_post_footer":false,"footnotes":""},"class_list":["post-4205","page","type-page","status-publish","has-post-thumbnail","hentry"],"yoast_head":"<!-- This site is optimized with the Yoast SEO Premium plugin v23.0 (Yoast SEO v26.3) - https:\/\/yoast.com\/wordpress\/plugins\/seo\/ -->\n<title>RFID for Eyewear | HUAYUAN RFID Tag Manufacturer<\/title>\n<meta name=\"description\" content=\"Boost efficiency in optical retail with HUAYUAN\u2019s RFID tags for eyewear. Track inventory in real time, reduce shrinkage, and enhance customer experiences with both traditional and embedded options.\" \/>\n<meta name=\"robots\" content=\"index, follow, max-snippet:-1, max-image-preview:large, max-video-preview:-1\" \/>\n<link rel=\"canonical\" href=\"https:\/\/huayuansh.com\/de\/branchensegmente\/rfid-fur-brillen\/\" \/>\n<meta property=\"og:locale\" content=\"de_DE\" \/>\n<meta property=\"og:type\" content=\"article\" \/>\n<meta property=\"og:title\" content=\"RFID for Eyewear\" \/>\n<meta property=\"og:description\" content=\"Boost efficiency in optical retail with HUAYUAN\u2019s RFID tags for eyewear. Track inventory in real time, reduce shrinkage, and enhance customer experiences with both traditional and embedded options.\" \/>\n<meta property=\"og:url\" content=\"https:\/\/huayuansh.com\/de\/branchensegmente\/rfid-fur-brillen\/\" \/>\n<meta property=\"og:site_name\" content=\"HUAYUAN RFID Tag Manufacturer\" \/>\n<meta property=\"article:modified_time\" content=\"2025-05-13T06:28:56+00:00\" \/>\n<meta property=\"og:image\" content=\"https:\/\/huayuansh.com\/wp-content\/uploads\/2025\/05\/RFID-for-Eyewear.webp\" \/>\n\t<meta property=\"og:image:width\" content=\"1920\" \/>\n\t<meta property=\"og:image:height\" content=\"1080\" \/>\n\t<meta property=\"og:image:type\" content=\"image\/webp\" \/>\n<meta name=\"twitter:card\" content=\"summary_large_image\" \/>\n<meta name=\"twitter:label1\" content=\"Gesch\u00e4tzte Lesezeit\" \/>\n\t<meta name=\"twitter:data1\" content=\"3\u00a0Minuten\" \/>\n<script type=\"application\/ld+json\" class=\"yoast-schema-graph\">{\"@context\":\"https:\/\/schema.org\",\"@graph\":[{\"@type\":\"WebPage\",\"@id\":\"https:\/\/huayuansh.com\/industry-segments\/rfid-for-eyewear\/\",\"url\":\"https:\/\/huayuansh.com\/industry-segments\/rfid-for-eyewear\/\",\"name\":\"RFID for Eyewear | HUAYUAN RFID Tag Manufacturer\",\"isPartOf\":{\"@id\":\"https:\/\/huayuansh.com\/#website\"},\"primaryImageOfPage\":{\"@id\":\"https:\/\/huayuansh.com\/industry-segments\/rfid-for-eyewear\/#primaryimage\"},\"image\":{\"@id\":\"https:\/\/huayuansh.com\/industry-segments\/rfid-for-eyewear\/#primaryimage\"},\"thumbnailUrl\":\"https:\/\/huayuansh.com\/wp-content\/uploads\/2025\/05\/RFID-for-Eyewear.webp\",\"datePublished\":\"2025-05-13T06:28:54+00:00\",\"dateModified\":\"2025-05-13T06:28:56+00:00\",\"description\":\"Boost efficiency in optical retail with HUAYUAN\u2019s RFID tags for eyewear. Track inventory in real time, reduce shrinkage, and enhance customer experiences with both traditional and embedded options.\",\"breadcrumb\":{\"@id\":\"https:\/\/huayuansh.com\/industry-segments\/rfid-for-eyewear\/#breadcrumb\"},\"inLanguage\":\"de\",\"potentialAction\":[{\"@type\":\"ReadAction\",\"target\":[\"https:\/\/huayuansh.com\/industry-segments\/rfid-for-eyewear\/\"]}]},{\"@type\":\"ImageObject\",\"inLanguage\":\"de\",\"@id\":\"https:\/\/huayuansh.com\/industry-segments\/rfid-for-eyewear\/#primaryimage\",\"url\":\"https:\/\/huayuansh.com\/wp-content\/uploads\/2025\/05\/RFID-for-Eyewear.webp\",\"contentUrl\":\"https:\/\/huayuansh.com\/wp-content\/uploads\/2025\/05\/RFID-for-Eyewear.webp\",\"width\":1920,\"height\":1080,\"caption\":\"RFID for Eyewear\"},{\"@type\":\"BreadcrumbList\",\"@id\":\"https:\/\/huayuansh.com\/industry-segments\/rfid-for-eyewear\/#breadcrumb\",\"itemListElement\":[{\"@type\":\"ListItem\",\"position\":1,\"name\":\"Home\",\"item\":\"https:\/\/huayuansh.com\/\"},{\"@type\":\"ListItem\",\"position\":2,\"name\":\"Industry Segments\",\"item\":\"https:\/\/huayuansh.com\/industry-segments\/\"},{\"@type\":\"ListItem\",\"position\":3,\"name\":\"RFID for Eyewear\"}]},{\"@type\":\"WebSite\",\"@id\":\"https:\/\/huayuansh.com\/#website\",\"url\":\"https:\/\/huayuansh.com\/\",\"name\":\"HUAYUAN RFID Tag Manufacturer\",\"description\":\"HUAYUAN RFID Tag Manufacturer\",\"publisher\":{\"@id\":\"https:\/\/huayuansh.com\/#organization\"},\"potentialAction\":[{\"@type\":\"SearchAction\",\"target\":{\"@type\":\"EntryPoint\",\"urlTemplate\":\"https:\/\/huayuansh.com\/?s={search_term_string}\"},\"query-input\":{\"@type\":\"PropertyValueSpecification\",\"valueRequired\":true,\"valueName\":\"search_term_string\"}}],\"inLanguage\":\"de\"},{\"@type\":\"Organization\",\"@id\":\"https:\/\/huayuansh.com\/#organization\",\"name\":\"HUAYUAN RFID Tag Manufacturer\",\"url\":\"https:\/\/huayuansh.com\/\",\"logo\":{\"@type\":\"ImageObject\",\"inLanguage\":\"de\",\"@id\":\"https:\/\/huayuansh.com\/#\/schema\/logo\/image\/\",\"url\":\"https:\/\/huayuansh.com\/wp-content\/uploads\/2024\/09\/cropped-HUAYUAN.webp\",\"contentUrl\":\"https:\/\/huayuansh.com\/wp-content\/uploads\/2024\/09\/cropped-HUAYUAN.webp\",\"width\":895,\"height\":279,\"caption\":\"HUAYUAN RFID Tag Manufacturer\"},\"image\":{\"@id\":\"https:\/\/huayuansh.com\/#\/schema\/logo\/image\/\"}}]}<\/script>\n<!-- \/ Yoast SEO Premium plugin. -->","yoast_head_json":{"title":"RFID f\u00fcr Brillen | HUAYUAN RFID Tag Hersteller","description":"Steigern Sie die Effizienz im optischen Einzelhandel mit HUAYUANs RFID-Tags f\u00fcr Brillen. Verfolgen Sie den Bestand in Echtzeit, reduzieren Sie den Warenschwund und verbessern Sie das Kundenerlebnis mit traditionellen und integrierten Optionen.","robots":{"index":"index","follow":"follow","max-snippet":"max-snippet:-1","max-image-preview":"max-image-preview:large","max-video-preview":"max-video-preview:-1"},"canonical":"https:\/\/huayuansh.com\/de\/branchensegmente\/rfid-fur-brillen\/","og_locale":"de_DE","og_type":"article","og_title":"RFID for Eyewear","og_description":"Boost efficiency in optical retail with HUAYUAN\u2019s RFID tags for eyewear. Track inventory in real time, reduce shrinkage, and enhance customer experiences with both traditional and embedded options.","og_url":"https:\/\/huayuansh.com\/de\/branchensegmente\/rfid-fur-brillen\/","og_site_name":"HUAYUAN RFID Tag Manufacturer","article_modified_time":"2025-05-13T06:28:56+00:00","og_image":[{"width":1920,"height":1080,"url":"https:\/\/huayuansh.com\/wp-content\/uploads\/2025\/05\/RFID-for-Eyewear.webp","type":"image\/webp"}],"twitter_card":"summary_large_image","twitter_misc":{"Gesch\u00e4tzte Lesezeit":"3\u00a0Minuten"},"schema":{"@context":"https:\/\/schema.org","@graph":[{"@type":"WebPage","@id":"https:\/\/huayuansh.com\/industry-segments\/rfid-for-eyewear\/","url":"https:\/\/huayuansh.com\/industry-segments\/rfid-for-eyewear\/","name":"RFID f\u00fcr Brillen | HUAYUAN RFID Tag Hersteller","isPartOf":{"@id":"https:\/\/huayuansh.com\/#website"},"primaryImageOfPage":{"@id":"https:\/\/huayuansh.com\/industry-segments\/rfid-for-eyewear\/#primaryimage"},"image":{"@id":"https:\/\/huayuansh.com\/industry-segments\/rfid-for-eyewear\/#primaryimage"},"thumbnailUrl":"https:\/\/huayuansh.com\/wp-content\/uploads\/2025\/05\/RFID-for-Eyewear.webp","datePublished":"2025-05-13T06:28:54+00:00","dateModified":"2025-05-13T06:28:56+00:00","description":"Steigern Sie die Effizienz im optischen Einzelhandel mit HUAYUANs RFID-Tags f\u00fcr Brillen. Verfolgen Sie den Bestand in Echtzeit, reduzieren Sie den Warenschwund und verbessern Sie das Kundenerlebnis mit traditionellen und integrierten Optionen.","breadcrumb":{"@id":"https:\/\/huayuansh.com\/industry-segments\/rfid-for-eyewear\/#breadcrumb"},"inLanguage":"de","potentialAction":[{"@type":"ReadAction","target":["https:\/\/huayuansh.com\/industry-segments\/rfid-for-eyewear\/"]}]},{"@type":"ImageObject","inLanguage":"de","@id":"https:\/\/huayuansh.com\/industry-segments\/rfid-for-eyewear\/#primaryimage","url":"https:\/\/huayuansh.com\/wp-content\/uploads\/2025\/05\/RFID-for-Eyewear.webp","contentUrl":"https:\/\/huayuansh.com\/wp-content\/uploads\/2025\/05\/RFID-for-Eyewear.webp","width":1920,"height":1080,"caption":"RFID for Eyewear"},{"@type":"BreadcrumbList","@id":"https:\/\/huayuansh.com\/industry-segments\/rfid-for-eyewear\/#breadcrumb","itemListElement":[{"@type":"ListItem","position":1,"name":"Home","item":"https:\/\/huayuansh.com\/"},{"@type":"ListItem","position":2,"name":"Industry Segments","item":"https:\/\/huayuansh.com\/industry-segments\/"},{"@type":"ListItem","position":3,"name":"RFID for Eyewear"}]},{"@type":"WebSite","@id":"https:\/\/huayuansh.com\/#website","url":"https:\/\/huayuansh.com\/","name":"HUAYUAN RFID Tag Hersteller","description":"HUAYUAN RFID Tag Hersteller","publisher":{"@id":"https:\/\/huayuansh.com\/#organization"},"potentialAction":[{"@type":"SearchAction","target":{"@type":"EntryPoint","urlTemplate":"https:\/\/huayuansh.com\/?s={search_term_string}"},"query-input":{"@type":"PropertyValueSpecification","valueRequired":true,"valueName":"search_term_string"}}],"inLanguage":"de"},{"@type":"Organization","@id":"https:\/\/huayuansh.com\/#organization","name":"HUAYUAN RFID Tag Hersteller","url":"https:\/\/huayuansh.com\/","logo":{"@type":"ImageObject","inLanguage":"de","@id":"https:\/\/huayuansh.com\/#\/schema\/logo\/image\/","url":"https:\/\/huayuansh.com\/wp-content\/uploads\/2024\/09\/cropped-HUAYUAN.webp","contentUrl":"https:\/\/huayuansh.com\/wp-content\/uploads\/2024\/09\/cropped-HUAYUAN.webp","width":895,"height":279,"caption":"HUAYUAN RFID Tag Manufacturer"},"image":{"@id":"https:\/\/huayuansh.com\/#\/schema\/logo\/image\/"}}]}},"taxonomy_info":[],"featured_image_src_large":["https:\/\/huayuansh.com\/wp-content\/uploads\/2025\/05\/RFID-for-Eyewear-1024x576.webp",1024,576,true],"author_info":{"display_name":"HUAYUAN","author_link":"https:\/\/huayuansh.com\/de\/author\/shyec2024\/"},"comment_info":0,"_links":{"self":[{"href":"https:\/\/huayuansh.com\/de\/wp-json\/wp\/v2\/pages\/4205","targetHints":{"allow":["GET"]}}],"collection":[{"href":"https:\/\/huayuansh.com\/de\/wp-json\/wp\/v2\/pages"}],"about":[{"href":"https:\/\/huayuansh.com\/de\/wp-json\/wp\/v2\/types\/page"}],"author":[{"embeddable":true,"href":"https:\/\/huayuansh.com\/de\/wp-json\/wp\/v2\/users\/1"}],"replies":[{"embeddable":true,"href":"https:\/\/huayuansh.com\/de\/wp-json\/wp\/v2\/comments?post=4205"}],"version-history":[{"count":1,"href":"https:\/\/huayuansh.com\/de\/wp-json\/wp\/v2\/pages\/4205\/revisions"}],"predecessor-version":[{"id":4207,"href":"https:\/\/huayuansh.com\/de\/wp-json\/wp\/v2\/pages\/4205\/revisions\/4207"}],"up":[{"embeddable":true,"href":"https:\/\/huayuansh.com\/de\/wp-json\/wp\/v2\/pages\/731"}],"wp:featuredmedia":[{"embeddable":true,"href":"https:\/\/huayuansh.com\/de\/wp-json\/wp\/v2\/media\/4206"}],"wp:attachment":[{"href":"https:\/\/huayuansh.com\/de\/wp-json\/wp\/v2\/media?parent=4205"}],"curies":[{"name":"wp","href":"https:\/\/api.w.org\/{rel}","templated":true}]}}