{"id":4208,"date":"2025-05-14T14:57:19","date_gmt":"2025-05-14T06:57:19","guid":{"rendered":"https:\/\/huayuansh.com\/?page_id=4208"},"modified":"2025-05-14T14:57:22","modified_gmt":"2025-05-14T06:57:22","slug":"rfid-fur-schuhe","status":"publish","type":"page","link":"https:\/\/huayuansh.com\/de\/branchensegmente\/rfid-fur-schuhe\/","title":{"rendered":"RFID f\u00fcr Schuhwerk"},"content":{"rendered":"<p>Die Schuhindustrie stellt besondere Herausforderungen an die RFID-Integration. Anders als bei Kleidungsst\u00fccken ist bei Schuhen h\u00e4ufig eine doppelte Kennzeichnung erforderlich - sowohl im Schuh als auch auf der Verpackung -, um die R\u00fcckverfolgbarkeit in der gesamten Lieferkette zu gew\u00e4hrleisten. <strong>RFID-Etiketten<\/strong> m\u00fcssen Druck, Biegung und Umwelteinfl\u00fcssen w\u00e4hrend der Produktion, des Vertriebs und des Einzelhandels standhalten. Dar\u00fcber hinaus k\u00f6nnen Materialien wie Leder, Gummi und Metallkomponenten die Signal\u00fcbertragung st\u00f6ren, so dass spezielle Etikettendesigns und Platzierungsstrategien erforderlich sind.<\/p>\n\n\n\n<h2 class=\"wp-block-heading\" id=\"h-why-rfid-for-footwear\">Warum RFID f\u00fcr Schuhe<\/h2>\n\n\n\n<p>RFID erm\u00f6glicht eine unvergleichliche Bestandstransparenz und betriebliche Effizienz. In der Schuhindustrie, in der Gr\u00f6\u00dfengenauigkeit, Einhaltung von Vorschriften und Bestandsdaten in Echtzeit entscheidend sind, bringt RFID greifbare Vorteile:<\/p>\n\n\n\n<ul class=\"wp-block-list\">\n<li><strong>Inventargenauigkeit<\/strong>: Erreichen Sie eine Genauigkeit von bis zu 99% bei minimalem manuellem Eingriff.<\/li>\n\n\n\n<li><strong>Anzeige Konformit\u00e4t<\/strong>: Stellen Sie sicher, dass die richtigen Modelle und Gr\u00f6\u00dfen ausgestellt werden, um das Verkaufspotenzial zu erh\u00f6hen.<\/li>\n\n\n\n<li><strong>Transparenz der Lieferkette: <\/strong>Verfolgen Sie einzelne Produkte in den Bereichen Fertigung, Logistik und Einzelhandel.<\/li>\n\n\n\n<li><strong>F\u00e4lschungssichere Authentifizierung<\/strong>: Eingebettete RFID (mit NFC-F\u00e4higkeit) unterst\u00fctzt die Produktlegitimation und den Markenschutz.<\/li>\n\n\n\n<li><strong>Omnikanal-Fulfillment<\/strong>: F\u00fchren Sie Bestellungen schnell und pr\u00e4zise aus, ob online oder im Gesch\u00e4ft.<\/li>\n<\/ul>\n\n\n\n<div class=\"wp-block-columns are-vertically-aligned-center is-layout-flex wp-container-core-columns-is-layout-9d6595d7 wp-block-columns-is-layout-flex\">\n<div class=\"wp-block-column is-vertically-aligned-center is-layout-flow wp-block-column-is-layout-flow\" style=\"flex-basis:50%\">\n<h2 class=\"wp-block-heading\" id=\"h-rfid-in-footwear-applications\"><strong>RFID in Schuhwerk-Anwendungen<\/strong><\/h2>\n\n\n\n<p>Die Anwendung von RFID in der Schuhindustrie umfasst mehrere Stufen:<\/p>\n\n\n\n<ul class=\"wp-block-list\">\n<li><strong>Herstellung: <\/strong>RFID-Etiketten werden an der Quelle eingebettet oder angebracht und erm\u00f6glichen eine l\u00fcckenlose Verfolgung der Artikel ab der Produktion.<\/li>\n\n\n\n<li><strong>Lagerbetrieb<\/strong>: Automatisiertes Scannen von markierten Schuhen und Kartons beschleunigt den Wareneingang und die Auftragspr\u00fcfung.<\/li>\n\n\n\n<li><strong>In-Store-Management<\/strong>: Mit Hilfe von RFID-Handleseger\u00e4ten k\u00f6nnen die Mitarbeiter Artikel innerhalb von Sekunden lokalisieren und so sicherstellen, dass die Kunden die richtige Gr\u00f6\u00dfe rechtzeitig erhalten.<\/li>\n\n\n\n<li><strong>Engagement f\u00fcr Kunden<\/strong>: RFID\/NFC-Etiketten k\u00f6nnen die Authentifizierung nach dem Kauf oder Markenerlebnisse direkt von einem mobilen Ger\u00e4t aus erm\u00f6glichen.<\/li>\n<\/ul>\n<\/div>\n\n\n\n<div class=\"wp-block-column is-vertically-aligned-center is-layout-flow wp-block-column-is-layout-flow\" style=\"flex-basis:50%\">\n<figure class=\"wp-block-image\"><img loading=\"lazy\" decoding=\"async\" width=\"600\" height=\"600\" src=\"https:\/\/huayuansh.com\/wp-content\/uploads\/2025\/05\/RFID-Tags-for-Footwear-Inventory-Management.webp\" alt=\"RFID-Etiketten f\u00fcr die Bestandsverwaltung von Schuhen\" class=\"wp-image-4209\" style=\"aspect-ratio:4\/3;object-fit:cover\" srcset=\"https:\/\/huayuansh.com\/wp-content\/uploads\/2025\/05\/RFID-Tags-for-Footwear-Inventory-Management.webp 600w, https:\/\/huayuansh.com\/wp-content\/uploads\/2025\/05\/RFID-Tags-for-Footwear-Inventory-Management-300x300.webp 300w, https:\/\/huayuansh.com\/wp-content\/uploads\/2025\/05\/RFID-Tags-for-Footwear-Inventory-Management-150x150.webp 150w\" sizes=\"auto, (max-width: 600px) 100vw, 600px\" \/><\/figure>\n<\/div>\n<\/div>\n\n\n\n<h2 class=\"wp-block-heading\" id=\"h-label-quality-a-critical-factor-in-rfid-success\"><strong>Qualit\u00e4t der Etiketten: Ein entscheidender Faktor f\u00fcr den RFID-Erfolg<\/strong><\/h2>\n\n\n\n<p>Systemintegratoren und Markeninhaber konzentrieren sich oft auf Software und Leseger\u00e4te - aber ohne den richtigen Tag sind selbst die fortschrittlichsten RFID-Systeme unzureichend. In Schuhen m\u00fcssen die Tags:<\/p>\n\n\n\n<ul class=\"wp-block-list\">\n<li><strong>Widersteht Kompression und Biegung<\/strong>: Schuhe werden getragen, gebogen und gestapelt - das erfordert Einlagen, die auch bei k\u00f6rperlicher Belastung funktionsf\u00e4hig bleiben.<\/li>\n\n\n\n<li><strong>Sicherstellung der Lesbarkeit unter allen Bedingungen<\/strong>: Ob in Sohlen eingebettet oder in Schachteln versteckt, die Etiketten m\u00fcssen eine starke und konstante Leseleistung bieten.<\/li>\n\n\n\n<li><strong>Unterst\u00fctzung der Identifizierung auf Paarebene<\/strong>: Die Kennzeichnung von Schuhen und Karton gew\u00e4hrleistet eine vollst\u00e4ndige Bestandskontrolle und die Integrit\u00e4t der Paare.<\/li>\n\n\n\n<li><strong>Interferenzen widerstehen<\/strong>: Materialien wie Metallsch\u00e4fte oder Klebstoffe k\u00f6nnen die Signalst\u00e4rke st\u00f6ren. Das Design der Schilder muss diese Effekte abmildern.<\/li>\n<\/ul>\n\n\n\n<p>Die Herausforderungen beim Einsatz - von der Platzierung der Tags bis hin zur Auswahl der Inlays - erfordern gr\u00fcndliche Tests vor der Markierung, ma\u00dfgeschneiderte Konfigurationen und eine pr\u00e4zise Fertigung.<\/p>\n\n\n\n<figure class=\"wp-block-gallery has-nested-images columns-default is-cropped wp-block-gallery-1 is-layout-flex wp-block-gallery-is-layout-flex\">\n<figure class=\"wp-block-image size-large\"><img loading=\"lazy\" decoding=\"async\" width=\"600\" height=\"600\" data-id=\"4210\" src=\"https:\/\/huayuansh.com\/wp-content\/uploads\/2025\/05\/RFID-Tag-for-Shoes-Boxes.webp\" alt=\"RFID-Tag f\u00fcr Schuhkartons\" class=\"wp-image-4210\" srcset=\"https:\/\/huayuansh.com\/wp-content\/uploads\/2025\/05\/RFID-Tag-for-Shoes-Boxes.webp 600w, https:\/\/huayuansh.com\/wp-content\/uploads\/2025\/05\/RFID-Tag-for-Shoes-Boxes-300x300.webp 300w, https:\/\/huayuansh.com\/wp-content\/uploads\/2025\/05\/RFID-Tag-for-Shoes-Boxes-150x150.webp 150w\" sizes=\"auto, (max-width: 600px) 100vw, 600px\" \/><\/figure>\n\n\n\n<figure class=\"wp-block-image size-large\"><img loading=\"lazy\" decoding=\"async\" width=\"600\" height=\"600\" data-id=\"4212\" src=\"https:\/\/huayuansh.com\/wp-content\/uploads\/2025\/05\/RFID-Tags-for-Shoes.webp\" alt=\"RFID-Etiketten f\u00fcr Schuhe\" class=\"wp-image-4212\" srcset=\"https:\/\/huayuansh.com\/wp-content\/uploads\/2025\/05\/RFID-Tags-for-Shoes.webp 600w, https:\/\/huayuansh.com\/wp-content\/uploads\/2025\/05\/RFID-Tags-for-Shoes-300x300.webp 300w, https:\/\/huayuansh.com\/wp-content\/uploads\/2025\/05\/RFID-Tags-for-Shoes-150x150.webp 150w\" sizes=\"auto, (max-width: 600px) 100vw, 600px\" \/><\/figure>\n\n\n\n<figure class=\"wp-block-image size-large\"><img loading=\"lazy\" decoding=\"async\" width=\"600\" height=\"600\" data-id=\"4211\" src=\"https:\/\/huayuansh.com\/wp-content\/uploads\/2025\/05\/RFID-Tagging-for-Footwear.webp\" alt=\"RFID-Etikettierung f\u00fcr Schuhe\" class=\"wp-image-4211\" srcset=\"https:\/\/huayuansh.com\/wp-content\/uploads\/2025\/05\/RFID-Tagging-for-Footwear.webp 600w, https:\/\/huayuansh.com\/wp-content\/uploads\/2025\/05\/RFID-Tagging-for-Footwear-300x300.webp 300w, https:\/\/huayuansh.com\/wp-content\/uploads\/2025\/05\/RFID-Tagging-for-Footwear-150x150.webp 150w\" sizes=\"auto, (max-width: 600px) 100vw, 600px\" \/><\/figure>\n<\/figure>\n\n\n\n<h2 class=\"wp-block-heading\" id=\"h-huayuan-rfid-labels-for-footwear\"><strong>HUAYUAN RFID-Etiketten f\u00fcr Schuhe<\/strong><\/h2>\n\n\n\n<p>Als engagierter <a href=\"https:\/\/huayuansh.com\/products\/\">Hersteller von <strong>RFID-Etiketten<\/strong><\/a>Wir haben uns auf RFID-Etiketten spezialisiert, die den besonderen Anforderungen der Schuhindustrie gerecht werden. Wir sind ein wichtiger Partner f\u00fcr Integratoren und Marken, die zuverl\u00e4ssige, langlebige und pr\u00e4zise entwickelte RFID-Etiketten suchen.<\/p>\n\n\n\n<p>Was uns auszeichnet:<\/p>\n\n\n\n<ul class=\"wp-block-list\">\n<li><strong>Ma\u00dfgeschneidertes Inlay-Design<\/strong>: Unser Team arbeitet eng mit Systemanbietern zusammen, um Einlagen auszuw\u00e4hlen oder zu entwickeln, die f\u00fcr jeden Schuhtyp, jede Konstruktion und jeden Anwendungsfall geeignet sind.<\/li>\n\n\n\n<li><strong>Biege- und druckbest\u00e4ndige Anh\u00e4nger<\/strong>: Unsere Etiketten sind so konzipiert, dass sie in den Schuhen verbleiben und dem Verschlei\u00df, der Biegung und der Druckbelastung in der Praxis standhalten.<\/li>\n\n\n\n<li><strong>L\u00f6sungen zur doppelten Kennzeichnung<\/strong>: Wir bieten koordinierte Schachtel- und Schuhetikettens\u00e4tze f\u00fcr vollst\u00e4ndige Sichtbarkeit von Verpackungen und einzelnen Artikeln.<\/li>\n\n\n\n<li><strong>Materialkenntnisse<\/strong>: Dank unserer langj\u00e4hrigen Erfahrung in der Etikettenproduktion wissen wir, wie wir Leistungseinbu\u00dfen bei Klebstoffen, Veredelungen und Schuhkomponenten vermeiden k\u00f6nnen.<\/li>\n<\/ul>\n\n\n\n<h3 class=\"wp-block-heading\" id=\"h-ready-to-partner-with-an-rfid-label-specialist\"><strong>Bereit f\u00fcr eine Partnerschaft mit einem RFID-Etikettenspezialisten<\/strong><\/h3>\n\n\n\n<p>Ganz gleich, ob Sie ein Systemintegrator sind, der robuste RFID-Komponenten sucht, oder eine Schuhmarke, die einen besseren Einblick in die Lieferkette erhalten m\u00f6chte - wir k\u00f6nnen Ihnen helfen.<\/p>\n\n\n\n<p><strong>Kontakt HUAYUAN<\/strong> heute, um zu erfahren, wie unser <strong>RFID-Etikettenl\u00f6sungen<\/strong> mit Ihren Gesch\u00e4ftszielen \u00fcbereinstimmen und diese verbessern k\u00f6nnen.<\/p>\n\n\n<style>.wp-block-kadence-advancedbtn.kb-btns4208_ee7601-34{gap:var(--global-kb-gap-xs, 0.5rem );justify-content:flex-start;align-items:center;}.kt-btns4208_ee7601-34 .kt-button{font-weight:normal;font-style:normal;}.kt-btns4208_ee7601-34 .kt-btn-wrap-0{margin-right:5px;}.wp-block-kadence-advancedbtn.kt-btns4208_ee7601-34 .kt-btn-wrap-0 .kt-button{color:#555555;border-color:#555555;}.wp-block-kadence-advancedbtn.kt-btns4208_ee7601-34 .kt-btn-wrap-0 .kt-button:hover, .wp-block-kadence-advancedbtn.kt-btns4208_ee7601-34 .kt-btn-wrap-0 .kt-button:focus{color:#ffffff;border-color:#444444;}.wp-block-kadence-advancedbtn.kt-btns4208_ee7601-34 .kt-btn-wrap-0 .kt-button::before{display:none;}.wp-block-kadence-advancedbtn.kt-btns4208_ee7601-34 .kt-btn-wrap-0 .kt-button:hover, .wp-block-kadence-advancedbtn.kt-btns4208_ee7601-34 .kt-btn-wrap-0 .kt-button:focus{background:#444444;}<\/style>\n<div class=\"wp-block-kadence-advancedbtn kb-buttons-wrap kb-btns4208_ee7601-34\"><style>.wp-block-kadence-advancedbtn .kb-btn4208_047095-6b.kb-button, ul.menu .wp-block-kadence-advancedbtn .kb-btn4208_047095-6b.kb-button{width:200px;}<\/style><a class=\"kb-button kt-button button kb-btn4208_047095-6b kt-btn-size-small kt-btn-width-type-fixed kb-btn-global-inherit  kt-btn-has-text-true kt-btn-has-svg-false  wp-block-button__link wp-block-kadence-singlebtn\" href=\"https:\/\/huayuansh.com\/contact-us\/\"><span class=\"kt-btn-inner-text\">Kontakt<\/span><\/a><\/div>","protected":false},"excerpt":{"rendered":"<p>Die Schuhindustrie stellt besondere Herausforderungen an die RFID-Integration. Anders als bei Kleidungsst\u00fccken ist bei Schuhen oft eine doppelte Kennzeichnung erforderlich - sowohl im Schuh als auch auf der Verpackung -, um die R\u00fcckverfolgbarkeit \u00fcber die gesamte Lieferkette zu gew\u00e4hrleisten. RFID-Tags m\u00fcssen Druck, Biegung und Umwelteinfl\u00fcssen w\u00e4hrend der Produktion, des Vertriebs und des Einzelhandels standhalten. Au\u00dferdem k\u00f6nnen Materialien wie Leder, Gummi und Metallteile die Signal\u00fcbertragung st\u00f6ren...<\/p>","protected":false},"author":1,"featured_media":4213,"parent":731,"menu_order":0,"comment_status":"closed","ping_status":"closed","template":"","meta":{"_kad_blocks_custom_css":"","_kad_blocks_head_custom_js":"","_kad_blocks_body_custom_js":"","_kad_blocks_footer_custom_js":"","_kadence_starter_templates_imported_post":false,"_kad_post_transparent":"","_kad_post_title":"","_kad_post_layout":"","_kad_post_sidebar_id":"","_kad_post_content_style":"","_kad_post_vertical_padding":"","_kad_post_feature":"","_kad_post_feature_position":"","_kad_post_header":false,"_kad_post_footer":false,"footnotes":""},"class_list":["post-4208","page","type-page","status-publish","has-post-thumbnail","hentry"],"yoast_head":"<!-- This site is optimized with the Yoast SEO Premium plugin v23.0 (Yoast SEO v26.3) - https:\/\/yoast.com\/wordpress\/plugins\/seo\/ -->\n<title>RFID for Footwear | HUAYUAN RFID Tag Manufacturer<\/title>\n<meta name=\"description\" content=\"Discover how HUAYUAN&#039;s RFID labels optimize footwear tracking from production to retail. Our durable, custom-designed tags enhance inventory accuracy, anti-counterfeiting, and omnichannel fulfillment across the supply chain.\" \/>\n<meta name=\"robots\" content=\"index, follow, max-snippet:-1, max-image-preview:large, max-video-preview:-1\" \/>\n<link rel=\"canonical\" href=\"https:\/\/huayuansh.com\/de\/branchensegmente\/rfid-fur-schuhe\/\" \/>\n<meta property=\"og:locale\" content=\"de_DE\" \/>\n<meta property=\"og:type\" content=\"article\" \/>\n<meta property=\"og:title\" content=\"RFID for Footwear\" \/>\n<meta property=\"og:description\" content=\"Discover how HUAYUAN&#039;s RFID labels optimize footwear tracking from production to retail. Our durable, custom-designed tags enhance inventory accuracy, anti-counterfeiting, and omnichannel fulfillment across the supply chain.\" \/>\n<meta property=\"og:url\" content=\"https:\/\/huayuansh.com\/de\/branchensegmente\/rfid-fur-schuhe\/\" \/>\n<meta property=\"og:site_name\" content=\"HUAYUAN RFID Tag Manufacturer\" \/>\n<meta property=\"article:modified_time\" content=\"2025-05-14T06:57:22+00:00\" \/>\n<meta property=\"og:image\" content=\"https:\/\/huayuansh.com\/wp-content\/uploads\/2025\/05\/RFID-for-Footwear.webp\" \/>\n\t<meta property=\"og:image:width\" content=\"1920\" \/>\n\t<meta property=\"og:image:height\" content=\"1080\" \/>\n\t<meta property=\"og:image:type\" content=\"image\/webp\" \/>\n<meta name=\"twitter:card\" content=\"summary_large_image\" \/>\n<meta name=\"twitter:label1\" content=\"Gesch\u00e4tzte Lesezeit\" \/>\n\t<meta name=\"twitter:data1\" content=\"4\u00a0Minuten\" \/>\n<script type=\"application\/ld+json\" class=\"yoast-schema-graph\">{\"@context\":\"https:\/\/schema.org\",\"@graph\":[{\"@type\":\"WebPage\",\"@id\":\"https:\/\/huayuansh.com\/industry-segments\/rfid-for-footwear\/\",\"url\":\"https:\/\/huayuansh.com\/industry-segments\/rfid-for-footwear\/\",\"name\":\"RFID for Footwear | HUAYUAN RFID Tag Manufacturer\",\"isPartOf\":{\"@id\":\"https:\/\/huayuansh.com\/#website\"},\"primaryImageOfPage\":{\"@id\":\"https:\/\/huayuansh.com\/industry-segments\/rfid-for-footwear\/#primaryimage\"},\"image\":{\"@id\":\"https:\/\/huayuansh.com\/industry-segments\/rfid-for-footwear\/#primaryimage\"},\"thumbnailUrl\":\"https:\/\/huayuansh.com\/wp-content\/uploads\/2025\/05\/RFID-for-Footwear.webp\",\"datePublished\":\"2025-05-14T06:57:19+00:00\",\"dateModified\":\"2025-05-14T06:57:22+00:00\",\"description\":\"Discover how HUAYUAN's RFID labels optimize footwear tracking from production to retail. Our durable, custom-designed tags enhance inventory accuracy, anti-counterfeiting, and omnichannel fulfillment across the supply chain.\",\"breadcrumb\":{\"@id\":\"https:\/\/huayuansh.com\/industry-segments\/rfid-for-footwear\/#breadcrumb\"},\"inLanguage\":\"de\",\"potentialAction\":[{\"@type\":\"ReadAction\",\"target\":[\"https:\/\/huayuansh.com\/industry-segments\/rfid-for-footwear\/\"]}]},{\"@type\":\"ImageObject\",\"inLanguage\":\"de\",\"@id\":\"https:\/\/huayuansh.com\/industry-segments\/rfid-for-footwear\/#primaryimage\",\"url\":\"https:\/\/huayuansh.com\/wp-content\/uploads\/2025\/05\/RFID-for-Footwear.webp\",\"contentUrl\":\"https:\/\/huayuansh.com\/wp-content\/uploads\/2025\/05\/RFID-for-Footwear.webp\",\"width\":1920,\"height\":1080,\"caption\":\"RFID for Footwear\"},{\"@type\":\"BreadcrumbList\",\"@id\":\"https:\/\/huayuansh.com\/industry-segments\/rfid-for-footwear\/#breadcrumb\",\"itemListElement\":[{\"@type\":\"ListItem\",\"position\":1,\"name\":\"Home\",\"item\":\"https:\/\/huayuansh.com\/\"},{\"@type\":\"ListItem\",\"position\":2,\"name\":\"Industry Segments\",\"item\":\"https:\/\/huayuansh.com\/industry-segments\/\"},{\"@type\":\"ListItem\",\"position\":3,\"name\":\"RFID for Footwear\"}]},{\"@type\":\"WebSite\",\"@id\":\"https:\/\/huayuansh.com\/#website\",\"url\":\"https:\/\/huayuansh.com\/\",\"name\":\"HUAYUAN RFID Tag Manufacturer\",\"description\":\"HUAYUAN RFID Tag Manufacturer\",\"publisher\":{\"@id\":\"https:\/\/huayuansh.com\/#organization\"},\"potentialAction\":[{\"@type\":\"SearchAction\",\"target\":{\"@type\":\"EntryPoint\",\"urlTemplate\":\"https:\/\/huayuansh.com\/?s={search_term_string}\"},\"query-input\":{\"@type\":\"PropertyValueSpecification\",\"valueRequired\":true,\"valueName\":\"search_term_string\"}}],\"inLanguage\":\"de\"},{\"@type\":\"Organization\",\"@id\":\"https:\/\/huayuansh.com\/#organization\",\"name\":\"HUAYUAN RFID Tag Manufacturer\",\"url\":\"https:\/\/huayuansh.com\/\",\"logo\":{\"@type\":\"ImageObject\",\"inLanguage\":\"de\",\"@id\":\"https:\/\/huayuansh.com\/#\/schema\/logo\/image\/\",\"url\":\"https:\/\/huayuansh.com\/wp-content\/uploads\/2024\/09\/cropped-HUAYUAN.webp\",\"contentUrl\":\"https:\/\/huayuansh.com\/wp-content\/uploads\/2024\/09\/cropped-HUAYUAN.webp\",\"width\":895,\"height\":279,\"caption\":\"HUAYUAN RFID Tag Manufacturer\"},\"image\":{\"@id\":\"https:\/\/huayuansh.com\/#\/schema\/logo\/image\/\"}}]}<\/script>\n<!-- \/ Yoast SEO Premium plugin. -->","yoast_head_json":{"title":"RFID f\u00fcr Schuhe | HUAYUAN RFID Tag Hersteller","description":"Entdecken Sie, wie die RFID-Etiketten von HUAYUAN die Verfolgung von Schuhen von der Produktion bis zum Einzelhandel optimieren. Unsere langlebigen, individuell gestalteten Etiketten verbessern die Bestandsgenauigkeit, den F\u00e4lschungsschutz und die Omnichannel-Erf\u00fcllung in der gesamten Lieferkette.","robots":{"index":"index","follow":"follow","max-snippet":"max-snippet:-1","max-image-preview":"max-image-preview:large","max-video-preview":"max-video-preview:-1"},"canonical":"https:\/\/huayuansh.com\/de\/branchensegmente\/rfid-fur-schuhe\/","og_locale":"de_DE","og_type":"article","og_title":"RFID for Footwear","og_description":"Discover how HUAYUAN's RFID labels optimize footwear tracking from production to retail. Our durable, custom-designed tags enhance inventory accuracy, anti-counterfeiting, and omnichannel fulfillment across the supply chain.","og_url":"https:\/\/huayuansh.com\/de\/branchensegmente\/rfid-fur-schuhe\/","og_site_name":"HUAYUAN RFID Tag Manufacturer","article_modified_time":"2025-05-14T06:57:22+00:00","og_image":[{"width":1920,"height":1080,"url":"https:\/\/huayuansh.com\/wp-content\/uploads\/2025\/05\/RFID-for-Footwear.webp","type":"image\/webp"}],"twitter_card":"summary_large_image","twitter_misc":{"Gesch\u00e4tzte Lesezeit":"4\u00a0Minuten"},"schema":{"@context":"https:\/\/schema.org","@graph":[{"@type":"WebPage","@id":"https:\/\/huayuansh.com\/industry-segments\/rfid-for-footwear\/","url":"https:\/\/huayuansh.com\/industry-segments\/rfid-for-footwear\/","name":"RFID f\u00fcr Schuhe | HUAYUAN RFID Tag Hersteller","isPartOf":{"@id":"https:\/\/huayuansh.com\/#website"},"primaryImageOfPage":{"@id":"https:\/\/huayuansh.com\/industry-segments\/rfid-for-footwear\/#primaryimage"},"image":{"@id":"https:\/\/huayuansh.com\/industry-segments\/rfid-for-footwear\/#primaryimage"},"thumbnailUrl":"https:\/\/huayuansh.com\/wp-content\/uploads\/2025\/05\/RFID-for-Footwear.webp","datePublished":"2025-05-14T06:57:19+00:00","dateModified":"2025-05-14T06:57:22+00:00","description":"Entdecken Sie, wie die RFID-Etiketten von HUAYUAN die Verfolgung von Schuhen von der Produktion bis zum Einzelhandel optimieren. Unsere langlebigen, individuell gestalteten Etiketten verbessern die Bestandsgenauigkeit, den F\u00e4lschungsschutz und die Omnichannel-Erf\u00fcllung in der gesamten Lieferkette.","breadcrumb":{"@id":"https:\/\/huayuansh.com\/industry-segments\/rfid-for-footwear\/#breadcrumb"},"inLanguage":"de","potentialAction":[{"@type":"ReadAction","target":["https:\/\/huayuansh.com\/industry-segments\/rfid-for-footwear\/"]}]},{"@type":"ImageObject","inLanguage":"de","@id":"https:\/\/huayuansh.com\/industry-segments\/rfid-for-footwear\/#primaryimage","url":"https:\/\/huayuansh.com\/wp-content\/uploads\/2025\/05\/RFID-for-Footwear.webp","contentUrl":"https:\/\/huayuansh.com\/wp-content\/uploads\/2025\/05\/RFID-for-Footwear.webp","width":1920,"height":1080,"caption":"RFID for Footwear"},{"@type":"BreadcrumbList","@id":"https:\/\/huayuansh.com\/industry-segments\/rfid-for-footwear\/#breadcrumb","itemListElement":[{"@type":"ListItem","position":1,"name":"Home","item":"https:\/\/huayuansh.com\/"},{"@type":"ListItem","position":2,"name":"Industry Segments","item":"https:\/\/huayuansh.com\/industry-segments\/"},{"@type":"ListItem","position":3,"name":"RFID for Footwear"}]},{"@type":"WebSite","@id":"https:\/\/huayuansh.com\/#website","url":"https:\/\/huayuansh.com\/","name":"HUAYUAN RFID Tag Hersteller","description":"HUAYUAN RFID Tag Hersteller","publisher":{"@id":"https:\/\/huayuansh.com\/#organization"},"potentialAction":[{"@type":"SearchAction","target":{"@type":"EntryPoint","urlTemplate":"https:\/\/huayuansh.com\/?s={search_term_string}"},"query-input":{"@type":"PropertyValueSpecification","valueRequired":true,"valueName":"search_term_string"}}],"inLanguage":"de"},{"@type":"Organization","@id":"https:\/\/huayuansh.com\/#organization","name":"HUAYUAN RFID Tag Hersteller","url":"https:\/\/huayuansh.com\/","logo":{"@type":"ImageObject","inLanguage":"de","@id":"https:\/\/huayuansh.com\/#\/schema\/logo\/image\/","url":"https:\/\/huayuansh.com\/wp-content\/uploads\/2024\/09\/cropped-HUAYUAN.webp","contentUrl":"https:\/\/huayuansh.com\/wp-content\/uploads\/2024\/09\/cropped-HUAYUAN.webp","width":895,"height":279,"caption":"HUAYUAN RFID Tag Manufacturer"},"image":{"@id":"https:\/\/huayuansh.com\/#\/schema\/logo\/image\/"}}]}},"taxonomy_info":[],"featured_image_src_large":["https:\/\/huayuansh.com\/wp-content\/uploads\/2025\/05\/RFID-for-Footwear-1024x576.webp",1024,576,true],"author_info":{"display_name":"HUAYUAN","author_link":"https:\/\/huayuansh.com\/de\/author\/shyec2024\/"},"comment_info":0,"_links":{"self":[{"href":"https:\/\/huayuansh.com\/de\/wp-json\/wp\/v2\/pages\/4208","targetHints":{"allow":["GET"]}}],"collection":[{"href":"https:\/\/huayuansh.com\/de\/wp-json\/wp\/v2\/pages"}],"about":[{"href":"https:\/\/huayuansh.com\/de\/wp-json\/wp\/v2\/types\/page"}],"author":[{"embeddable":true,"href":"https:\/\/huayuansh.com\/de\/wp-json\/wp\/v2\/users\/1"}],"replies":[{"embeddable":true,"href":"https:\/\/huayuansh.com\/de\/wp-json\/wp\/v2\/comments?post=4208"}],"version-history":[{"count":1,"href":"https:\/\/huayuansh.com\/de\/wp-json\/wp\/v2\/pages\/4208\/revisions"}],"predecessor-version":[{"id":4214,"href":"https:\/\/huayuansh.com\/de\/wp-json\/wp\/v2\/pages\/4208\/revisions\/4214"}],"up":[{"embeddable":true,"href":"https:\/\/huayuansh.com\/de\/wp-json\/wp\/v2\/pages\/731"}],"wp:featuredmedia":[{"embeddable":true,"href":"https:\/\/huayuansh.com\/de\/wp-json\/wp\/v2\/media\/4213"}],"wp:attachment":[{"href":"https:\/\/huayuansh.com\/de\/wp-json\/wp\/v2\/media?parent=4208"}],"curies":[{"name":"wp","href":"https:\/\/api.w.org\/{rel}","templated":true}]}}