{"id":1003,"date":"2024-06-28T16:30:02","date_gmt":"2024-06-28T08:30:02","guid":{"rendered":"https:\/\/test.huayuansh.com\/?page_id=1003"},"modified":"2024-08-21T10:29:56","modified_gmt":"2024-08-21T02:29:56","slug":"etiquetas-de-lavanderia-rfid","status":"publish","type":"page","link":"https:\/\/huayuansh.com\/es\/productos\/etiquetas-de-lavanderia-rfid\/","title":{"rendered":"Etiquetas RFID para lavander\u00eda"},"content":{"rendered":"<p>En el mundo de la gesti\u00f3n textil, la tecnolog\u00eda RFID est\u00e1 transformando la forma en que las empresas rastrean y gestionan su ropa blanca y prendas de vestir. Tanto si gestiona un hotel, un centro sanitario o un servicio de lavander\u00eda, las etiquetas RFID para lavander\u00eda ofrecen una soluci\u00f3n eficaz y sin fisuras para supervisar los activos, minimizar las p\u00e9rdidas y agilizar las operaciones.<\/p>\n\n\n\n<p>Desde 2008, HUAYUAN se ha centrado en mejorar la etiqueta RFID para ropa blanca. A medida que evolucionan los sectores de la ropa blanca, el alquiler y la lavander\u00eda, m\u00e1s empresas adoptan la tecnolog\u00eda RFID para modernizar sus operaciones. HUAYUAN ofrece una amplia gama de etiquetas RFID dise\u00f1adas para integrarse perfectamente en la ropa blanca utilizada en hoteles, instalaciones sanitarias y ropa de trabajo. En la actualidad, millones de nuestras etiquetas RFID para lavander\u00eda est\u00e1n implantadas en todo el mundo, proporcionando un seguimiento permanente de la ropa blanca y las prendas de vestir.<\/p>\n\n\n\n<h2 class=\"wp-block-heading\" id=\"h-hlt-rfid-linen-tag\"><a href=\"https:\/\/huayuansh.com\/products\/rfid-laundry-tags\/hlt-uhf-rfid-laundry-tag\/\">Etiqueta de ropa HLT RFID<\/a><\/h2>\n\n\n\n<div class=\"wp-block-columns are-vertically-aligned-center is-layout-flex wp-container-core-columns-is-layout-9d6595d7 wp-block-columns-is-layout-flex\">\n<div class=\"wp-block-column is-vertically-aligned-center is-layout-flow wp-block-column-is-layout-flow\" style=\"flex-basis:60%\">\n<p>Desde 2018, HUAYUAN se ha centrado en el avance de la etiqueta de lavander\u00eda RFID HLT RAIN. Hemos realizado mejoras significativas en los materiales y los procesos de producci\u00f3n, incorporando dise\u00f1os patentados que garantizan que la antena y el chip sigan siendo robustos, incluso en los entornos industriales m\u00e1s duros. La etiqueta para lavander\u00eda HLT RAIN incorpora un transpondedor flexible, duradero y resistente al calor incrustado en una tira textil. Ofrece un seguimiento fiable de una amplia gama de activos textiles, como ropa plana, prendas de vestir y uniformes. La etiqueta permite la transparencia digital y la gesti\u00f3n de la ropa sin contacto a lo largo de todo el proceso, desde la recogida de la suciedad hasta el lavado y la distribuci\u00f3n. Su dise\u00f1o fino, estrecho y suave permite insertarla incluso en los tejidos m\u00e1s finos sin comprometer la comodidad ni la est\u00e9tica.<\/p>\n<\/div>\n\n\n\n<div class=\"wp-block-column is-vertically-aligned-center is-layout-flow wp-block-column-is-layout-flow\" style=\"flex-basis:40%\"><div class=\"wp-block-image\">\n<figure class=\"aligncenter size-large\"><a href=\"https:\/\/huayuansh.com\/products\/rfid-laundry-tags\/hlt-uhf-rfid-laundry-tag\/\"><img loading=\"lazy\" decoding=\"async\" width=\"1024\" height=\"576\" src=\"https:\/\/huayuansh.com\/wp-content\/uploads\/2024\/08\/HLT-UHF-RFID-Laundry-Tag-1024x576.webp\" alt=\"\" class=\"wp-image-3699\" srcset=\"https:\/\/huayuansh.com\/wp-content\/uploads\/2024\/08\/HLT-UHF-RFID-Laundry-Tag-1024x576.webp 1024w, https:\/\/huayuansh.com\/wp-content\/uploads\/2024\/08\/HLT-UHF-RFID-Laundry-Tag-300x169.webp 300w, https:\/\/huayuansh.com\/wp-content\/uploads\/2024\/08\/HLT-UHF-RFID-Laundry-Tag-768x432.webp 768w, https:\/\/huayuansh.com\/wp-content\/uploads\/2024\/08\/HLT-UHF-RFID-Laundry-Tag-1536x864.webp 1536w, https:\/\/huayuansh.com\/wp-content\/uploads\/2024\/08\/HLT-UHF-RFID-Laundry-Tag.webp 1920w\" sizes=\"auto, (max-width: 1024px) 100vw, 1024px\" \/><\/a><\/figure><\/div><\/div>\n<\/div>\n\n\n\n<h2 class=\"wp-block-heading\" id=\"h-hst-silicone-rfid-laundry-tag\"><a href=\"https:\/\/huayuansh.com\/products\/rfid-laundry-tags\/hst-silicone-uhf-laundry-tag\/\">Etiqueta RFID de silicona HST para lavander\u00eda<\/a><\/h2>\n\n\n\n<div class=\"wp-block-columns are-vertically-aligned-center is-layout-flex wp-container-core-columns-is-layout-9d6595d7 wp-block-columns-is-layout-flex\">\n<div class=\"wp-block-column is-vertically-aligned-center is-layout-flow wp-block-column-is-layout-flow\" style=\"flex-basis:60%\">\n<p>Las etiquetas RFID de silicona HST para lavander\u00eda est\u00e1n dise\u00f1adas por expertos para su uso en entornos de lavander\u00eda industrial exigentes. Estas etiquetas peque\u00f1as y flexibles pueden integrarse perfectamente en diversos tejidos, como blusas, toallas y uniformes m\u00e9dicos, proporcionando soluciones de seguimiento duraderas. Envueltas en silicona suave y resistente, soportan m\u00e1s de 200 ciclos de lavado industrial, resisten detergentes agresivos, esterilizaci\u00f3n, altas temperaturas de hasta 200 \u00b0C y presiones de hasta 3 bares. Con un robusto transpondedor RFID alojado en su interior, estas etiquetas garantizan un rendimiento fiable durante toda la vida \u00fatil del textil.<\/p>\n<\/div>\n\n\n\n<div class=\"wp-block-column is-vertically-aligned-center is-layout-flow wp-block-column-is-layout-flow\" style=\"flex-basis:40%\"><div class=\"wp-block-image\">\n<figure class=\"aligncenter size-large\"><a href=\"https:\/\/huayuansh.com\/products\/rfid-laundry-tags\/hst-silicone-uhf-laundry-tag\/\"><img loading=\"lazy\" decoding=\"async\" width=\"1024\" height=\"576\" src=\"https:\/\/huayuansh.com\/wp-content\/uploads\/2024\/08\/HST-Silicone-UHF-Laundry-Tag-1024x576.webp\" alt=\"\" class=\"wp-image-3692\" srcset=\"https:\/\/huayuansh.com\/wp-content\/uploads\/2024\/08\/HST-Silicone-UHF-Laundry-Tag-1024x576.webp 1024w, https:\/\/huayuansh.com\/wp-content\/uploads\/2024\/08\/HST-Silicone-UHF-Laundry-Tag-300x169.webp 300w, https:\/\/huayuansh.com\/wp-content\/uploads\/2024\/08\/HST-Silicone-UHF-Laundry-Tag-768x432.webp 768w, https:\/\/huayuansh.com\/wp-content\/uploads\/2024\/08\/HST-Silicone-UHF-Laundry-Tag-1536x864.webp 1536w, https:\/\/huayuansh.com\/wp-content\/uploads\/2024\/08\/HST-Silicone-UHF-Laundry-Tag.webp 1920w\" sizes=\"auto, (max-width: 1024px) 100vw, 1024px\" \/><\/a><\/figure><\/div><\/div>\n<\/div>\n\n\n\n<h2 class=\"wp-block-heading\" id=\"h-hlb-rfid-laundry-button\"><a href=\"https:\/\/huayuansh.com\/products\/rfid-laundry-tags\/hlb-rfid-laundry-button\/\">Bot\u00f3n RFID HLB para lavander\u00eda<\/a><\/h2>\n\n\n\n<div class=\"wp-block-columns are-vertically-aligned-center is-layout-flex wp-container-core-columns-is-layout-9d6595d7 wp-block-columns-is-layout-flex\">\n<div class=\"wp-block-column is-vertically-aligned-center is-layout-flow wp-block-column-is-layout-flow\" style=\"flex-basis:60%\">\n<p>El HLB RFID Laundry Button es una robusta etiqueta NFC fabricada mediante un proceso de moldeo por doble inyecci\u00f3n. Esta etiqueta es impermeable, muy resistente a l\u00edquidos agresivos y funciona de forma fiable en una amplia gama de temperaturas. Aunque los transpondedores UHF para lavander\u00edas dominan el mercado, hay situaciones en las que las etiquetas NFC son necesarias, sobre todo para aplicaciones de telefon\u00eda m\u00f3vil. El bot\u00f3n RFID para lavander\u00eda HLB PPS satisface estas necesidades, por lo que es una opci\u00f3n ideal para identificar y rastrear textiles en lavander\u00edas industriales, hoteles, hospitales y servicios de alquiler de ropa.<\/p>\n<\/div>\n\n\n\n<div class=\"wp-block-column is-vertically-aligned-center is-layout-flow wp-block-column-is-layout-flow\" style=\"flex-basis:40%\"><div class=\"wp-block-image\">\n<figure class=\"aligncenter size-large\"><a href=\"https:\/\/huayuansh.com\/products\/rfid-laundry-tags\/hlb-rfid-laundry-button\/\"><img loading=\"lazy\" decoding=\"async\" width=\"1024\" height=\"576\" src=\"https:\/\/huayuansh.com\/wp-content\/uploads\/2024\/08\/HLB-RFID-Laundry-Button-1024x576.webp\" alt=\"\" class=\"wp-image-3689\" srcset=\"https:\/\/huayuansh.com\/wp-content\/uploads\/2024\/08\/HLB-RFID-Laundry-Button-1024x576.webp 1024w, https:\/\/huayuansh.com\/wp-content\/uploads\/2024\/08\/HLB-RFID-Laundry-Button-300x169.webp 300w, https:\/\/huayuansh.com\/wp-content\/uploads\/2024\/08\/HLB-RFID-Laundry-Button-768x432.webp 768w, https:\/\/huayuansh.com\/wp-content\/uploads\/2024\/08\/HLB-RFID-Laundry-Button-1536x864.webp 1536w, https:\/\/huayuansh.com\/wp-content\/uploads\/2024\/08\/HLB-RFID-Laundry-Button.webp 1920w\" sizes=\"auto, (max-width: 1024px) 100vw, 1024px\" \/><\/a><\/figure><\/div><\/div>\n<\/div>\n\n\n\n<h3 class=\"wp-block-heading\" id=\"h-get-in-touch\">Ponte en contacto<\/h3>\n\n\n\n<p>\u00bfEst\u00e1 preparado para mejorar sus operaciones de gesti\u00f3n textil? Descubra las etiquetas RFID para lavander\u00eda de HUAYUAN y encuentre la soluci\u00f3n perfecta para sus necesidades empresariales.<\/p>\n\n\n<style>.wp-block-kadence-advancedbtn.kb-btns1003_de222f-e4{gap:var(--global-kb-gap-xs, 0.5rem );justify-content:flex-start;align-items:center;}.kt-btns1003_de222f-e4 .kt-button{font-weight:normal;font-style:normal;}.kt-btns1003_de222f-e4 .kt-btn-wrap-0{margin-right:5px;}.wp-block-kadence-advancedbtn.kt-btns1003_de222f-e4 .kt-btn-wrap-0 .kt-button{color:#555555;border-color:#555555;}.wp-block-kadence-advancedbtn.kt-btns1003_de222f-e4 .kt-btn-wrap-0 .kt-button:hover, .wp-block-kadence-advancedbtn.kt-btns1003_de222f-e4 .kt-btn-wrap-0 .kt-button:focus{color:#ffffff;border-color:#444444;}.wp-block-kadence-advancedbtn.kt-btns1003_de222f-e4 .kt-btn-wrap-0 .kt-button::before{display:none;}.wp-block-kadence-advancedbtn.kt-btns1003_de222f-e4 .kt-btn-wrap-0 .kt-button:hover, .wp-block-kadence-advancedbtn.kt-btns1003_de222f-e4 .kt-btn-wrap-0 .kt-button:focus{background:#444444;}<\/style>\n<div class=\"wp-block-kadence-advancedbtn kb-buttons-wrap kb-btns1003_de222f-e4\"><style>ul.menu .wp-block-kadence-advancedbtn .kb-btn1003_8828c4-07.kb-button{width:initial;}<\/style><a class=\"kb-button kt-button button kb-btn1003_8828c4-07 kt-btn-size-standard kt-btn-width-type-auto kb-btn-global-inherit  kt-btn-has-text-true kt-btn-has-svg-false  wp-block-button__link wp-block-kadence-singlebtn\" href=\"https:\/\/huayuansh.com\/contact-us\/\"><span class=\"kt-btn-inner-text\">Contacte con nosotros<\/span><\/a><\/div>","protected":false},"excerpt":{"rendered":"<p>En el mundo de la gesti\u00f3n textil, la tecnolog\u00eda RFID est\u00e1 transformando la forma en que las empresas rastrean y gestionan su ropa blanca y prendas de vestir. Tanto si gestiona un hotel, un centro sanitario o un servicio de lavander\u00eda, las etiquetas RFID para lavander\u00eda ofrecen una soluci\u00f3n eficaz y sin fisuras para supervisar los activos, minimizar las p\u00e9rdidas y agilizar las operaciones. Desde 2008, HUAYUAN se ha centrado en mejorar...<\/p>","protected":false},"author":1,"featured_media":3706,"parent":2104,"menu_order":34,"comment_status":"closed","ping_status":"closed","template":"","meta":{"_kad_blocks_custom_css":"","_kad_blocks_head_custom_js":"","_kad_blocks_body_custom_js":"","_kad_blocks_footer_custom_js":"","_kadence_starter_templates_imported_post":false,"_kad_post_transparent":"","_kad_post_title":"","_kad_post_layout":"","_kad_post_sidebar_id":"","_kad_post_content_style":"","_kad_post_vertical_padding":"","_kad_post_feature":"","_kad_post_feature_position":"","_kad_post_header":false,"_kad_post_footer":false,"footnotes":""},"class_list":["post-1003","page","type-page","status-publish","has-post-thumbnail","hentry"],"yoast_head":"<!-- This site is optimized with the Yoast SEO Premium plugin v23.0 (Yoast SEO v26.3) - https:\/\/yoast.com\/wordpress\/plugins\/seo\/ -->\n<title>RFID Laundry Tags | HUAYUAN RFID Tag Manufacturer<\/title>\n<meta name=\"robots\" content=\"index, follow, max-snippet:-1, max-image-preview:large, max-video-preview:-1\" \/>\n<link rel=\"canonical\" href=\"https:\/\/huayuansh.com\/es\/productos\/etiquetas-de-lavanderia-rfid\/\" \/>\n<meta property=\"og:locale\" content=\"es_ES\" \/>\n<meta property=\"og:type\" content=\"article\" \/>\n<meta property=\"og:title\" content=\"RFID Laundry Tags\" \/>\n<meta property=\"og:description\" content=\"In the world of textile management, RFID technology is transforming the way businesses track and manage their linens and garments. Whether you operate a hotel, healthcare facility, or laundry service, RFID laundry tags offer a seamless and efficient solution to monitor assets, minimize losses, and streamline operations. Since 2008, HUAYUAN has focused on enhancing the...\" \/>\n<meta property=\"og:url\" content=\"https:\/\/huayuansh.com\/es\/productos\/etiquetas-de-lavanderia-rfid\/\" \/>\n<meta property=\"og:site_name\" content=\"HUAYUAN RFID Tag Manufacturer\" \/>\n<meta property=\"article:modified_time\" content=\"2024-08-21T02:29:56+00:00\" \/>\n<meta property=\"og:image\" content=\"https:\/\/huayuansh.com\/wp-content\/uploads\/2024\/08\/HUAYUAN-RFID-Laundry-Tag-Product-Collection.webp\" \/>\n\t<meta property=\"og:image:width\" content=\"1920\" \/>\n\t<meta property=\"og:image:height\" content=\"1080\" \/>\n\t<meta property=\"og:image:type\" content=\"image\/webp\" \/>\n<meta name=\"twitter:card\" content=\"summary_large_image\" \/>\n<meta name=\"twitter:label1\" content=\"Tiempo de lectura\" \/>\n\t<meta name=\"twitter:data1\" content=\"3 minutos\" \/>\n<script type=\"application\/ld+json\" class=\"yoast-schema-graph\">{\"@context\":\"https:\/\/schema.org\",\"@graph\":[{\"@type\":\"WebPage\",\"@id\":\"https:\/\/huayuansh.com\/products\/rfid-laundry-tags\/\",\"url\":\"https:\/\/huayuansh.com\/products\/rfid-laundry-tags\/\",\"name\":\"RFID Laundry Tags | HUAYUAN RFID Tag Manufacturer\",\"isPartOf\":{\"@id\":\"https:\/\/huayuansh.com\/#website\"},\"primaryImageOfPage\":{\"@id\":\"https:\/\/huayuansh.com\/products\/rfid-laundry-tags\/#primaryimage\"},\"image\":{\"@id\":\"https:\/\/huayuansh.com\/products\/rfid-laundry-tags\/#primaryimage\"},\"thumbnailUrl\":\"https:\/\/huayuansh.com\/wp-content\/uploads\/2024\/08\/HUAYUAN-RFID-Laundry-Tag-Product-Collection.webp\",\"datePublished\":\"2024-06-28T08:30:02+00:00\",\"dateModified\":\"2024-08-21T02:29:56+00:00\",\"breadcrumb\":{\"@id\":\"https:\/\/huayuansh.com\/products\/rfid-laundry-tags\/#breadcrumb\"},\"inLanguage\":\"es\",\"potentialAction\":[{\"@type\":\"ReadAction\",\"target\":[\"https:\/\/huayuansh.com\/products\/rfid-laundry-tags\/\"]}]},{\"@type\":\"ImageObject\",\"inLanguage\":\"es\",\"@id\":\"https:\/\/huayuansh.com\/products\/rfid-laundry-tags\/#primaryimage\",\"url\":\"https:\/\/huayuansh.com\/wp-content\/uploads\/2024\/08\/HUAYUAN-RFID-Laundry-Tag-Product-Collection.webp\",\"contentUrl\":\"https:\/\/huayuansh.com\/wp-content\/uploads\/2024\/08\/HUAYUAN-RFID-Laundry-Tag-Product-Collection.webp\",\"width\":1920,\"height\":1080},{\"@type\":\"BreadcrumbList\",\"@id\":\"https:\/\/huayuansh.com\/products\/rfid-laundry-tags\/#breadcrumb\",\"itemListElement\":[{\"@type\":\"ListItem\",\"position\":1,\"name\":\"Home\",\"item\":\"https:\/\/huayuansh.com\/\"},{\"@type\":\"ListItem\",\"position\":2,\"name\":\"RFID Products\",\"item\":\"https:\/\/huayuansh.com\/products\/\"},{\"@type\":\"ListItem\",\"position\":3,\"name\":\"RFID Laundry Tags\"}]},{\"@type\":\"WebSite\",\"@id\":\"https:\/\/huayuansh.com\/#website\",\"url\":\"https:\/\/huayuansh.com\/\",\"name\":\"HUAYUAN RFID Tag Manufacturer\",\"description\":\"HUAYUAN RFID Tag Manufacturer\",\"publisher\":{\"@id\":\"https:\/\/huayuansh.com\/#organization\"},\"potentialAction\":[{\"@type\":\"SearchAction\",\"target\":{\"@type\":\"EntryPoint\",\"urlTemplate\":\"https:\/\/huayuansh.com\/?s={search_term_string}\"},\"query-input\":{\"@type\":\"PropertyValueSpecification\",\"valueRequired\":true,\"valueName\":\"search_term_string\"}}],\"inLanguage\":\"es\"},{\"@type\":\"Organization\",\"@id\":\"https:\/\/huayuansh.com\/#organization\",\"name\":\"HUAYUAN RFID Tag Manufacturer\",\"url\":\"https:\/\/huayuansh.com\/\",\"logo\":{\"@type\":\"ImageObject\",\"inLanguage\":\"es\",\"@id\":\"https:\/\/huayuansh.com\/#\/schema\/logo\/image\/\",\"url\":\"https:\/\/huayuansh.com\/wp-content\/uploads\/2024\/09\/cropped-HUAYUAN.webp\",\"contentUrl\":\"https:\/\/huayuansh.com\/wp-content\/uploads\/2024\/09\/cropped-HUAYUAN.webp\",\"width\":895,\"height\":279,\"caption\":\"HUAYUAN RFID Tag Manufacturer\"},\"image\":{\"@id\":\"https:\/\/huayuansh.com\/#\/schema\/logo\/image\/\"}}]}<\/script>\n<!-- \/ Yoast SEO Premium plugin. -->","yoast_head_json":{"title":"Etiquetas RFID para lavander\u00eda | HUAYUAN RFID Tag Manufacturer","robots":{"index":"index","follow":"follow","max-snippet":"max-snippet:-1","max-image-preview":"max-image-preview:large","max-video-preview":"max-video-preview:-1"},"canonical":"https:\/\/huayuansh.com\/es\/productos\/etiquetas-de-lavanderia-rfid\/","og_locale":"es_ES","og_type":"article","og_title":"RFID Laundry Tags","og_description":"In the world of textile management, RFID technology is transforming the way businesses track and manage their linens and garments. Whether you operate a hotel, healthcare facility, or laundry service, RFID laundry tags offer a seamless and efficient solution to monitor assets, minimize losses, and streamline operations. Since 2008, HUAYUAN has focused on enhancing the...","og_url":"https:\/\/huayuansh.com\/es\/productos\/etiquetas-de-lavanderia-rfid\/","og_site_name":"HUAYUAN RFID Tag Manufacturer","article_modified_time":"2024-08-21T02:29:56+00:00","og_image":[{"width":1920,"height":1080,"url":"https:\/\/huayuansh.com\/wp-content\/uploads\/2024\/08\/HUAYUAN-RFID-Laundry-Tag-Product-Collection.webp","type":"image\/webp"}],"twitter_card":"summary_large_image","twitter_misc":{"Tiempo de lectura":"3 minutos"},"schema":{"@context":"https:\/\/schema.org","@graph":[{"@type":"WebPage","@id":"https:\/\/huayuansh.com\/products\/rfid-laundry-tags\/","url":"https:\/\/huayuansh.com\/products\/rfid-laundry-tags\/","name":"Etiquetas RFID para lavander\u00eda | HUAYUAN RFID Tag Manufacturer","isPartOf":{"@id":"https:\/\/huayuansh.com\/#website"},"primaryImageOfPage":{"@id":"https:\/\/huayuansh.com\/products\/rfid-laundry-tags\/#primaryimage"},"image":{"@id":"https:\/\/huayuansh.com\/products\/rfid-laundry-tags\/#primaryimage"},"thumbnailUrl":"https:\/\/huayuansh.com\/wp-content\/uploads\/2024\/08\/HUAYUAN-RFID-Laundry-Tag-Product-Collection.webp","datePublished":"2024-06-28T08:30:02+00:00","dateModified":"2024-08-21T02:29:56+00:00","breadcrumb":{"@id":"https:\/\/huayuansh.com\/products\/rfid-laundry-tags\/#breadcrumb"},"inLanguage":"es","potentialAction":[{"@type":"ReadAction","target":["https:\/\/huayuansh.com\/products\/rfid-laundry-tags\/"]}]},{"@type":"ImageObject","inLanguage":"es","@id":"https:\/\/huayuansh.com\/products\/rfid-laundry-tags\/#primaryimage","url":"https:\/\/huayuansh.com\/wp-content\/uploads\/2024\/08\/HUAYUAN-RFID-Laundry-Tag-Product-Collection.webp","contentUrl":"https:\/\/huayuansh.com\/wp-content\/uploads\/2024\/08\/HUAYUAN-RFID-Laundry-Tag-Product-Collection.webp","width":1920,"height":1080},{"@type":"BreadcrumbList","@id":"https:\/\/huayuansh.com\/products\/rfid-laundry-tags\/#breadcrumb","itemListElement":[{"@type":"ListItem","position":1,"name":"Home","item":"https:\/\/huayuansh.com\/"},{"@type":"ListItem","position":2,"name":"RFID Products","item":"https:\/\/huayuansh.com\/products\/"},{"@type":"ListItem","position":3,"name":"RFID Laundry Tags"}]},{"@type":"WebSite","@id":"https:\/\/huayuansh.com\/#website","url":"https:\/\/huayuansh.com\/","name":"Fabricante de etiquetas RFID HUAYUAN","description":"Fabricante de etiquetas RFID HUAYUAN","publisher":{"@id":"https:\/\/huayuansh.com\/#organization"},"potentialAction":[{"@type":"SearchAction","target":{"@type":"EntryPoint","urlTemplate":"https:\/\/huayuansh.com\/?s={search_term_string}"},"query-input":{"@type":"PropertyValueSpecification","valueRequired":true,"valueName":"search_term_string"}}],"inLanguage":"es"},{"@type":"Organization","@id":"https:\/\/huayuansh.com\/#organization","name":"Fabricante de etiquetas RFID HUAYUAN","url":"https:\/\/huayuansh.com\/","logo":{"@type":"ImageObject","inLanguage":"es","@id":"https:\/\/huayuansh.com\/#\/schema\/logo\/image\/","url":"https:\/\/huayuansh.com\/wp-content\/uploads\/2024\/09\/cropped-HUAYUAN.webp","contentUrl":"https:\/\/huayuansh.com\/wp-content\/uploads\/2024\/09\/cropped-HUAYUAN.webp","width":895,"height":279,"caption":"HUAYUAN RFID Tag Manufacturer"},"image":{"@id":"https:\/\/huayuansh.com\/#\/schema\/logo\/image\/"}}]}},"taxonomy_info":[],"featured_image_src_large":["https:\/\/huayuansh.com\/wp-content\/uploads\/2024\/08\/HUAYUAN-RFID-Laundry-Tag-Product-Collection-1024x576.webp",1024,576,true],"author_info":{"display_name":"HUAYUAN","author_link":"https:\/\/huayuansh.com\/es\/author\/shyec2024\/"},"comment_info":0,"_links":{"self":[{"href":"https:\/\/huayuansh.com\/es\/wp-json\/wp\/v2\/pages\/1003","targetHints":{"allow":["GET"]}}],"collection":[{"href":"https:\/\/huayuansh.com\/es\/wp-json\/wp\/v2\/pages"}],"about":[{"href":"https:\/\/huayuansh.com\/es\/wp-json\/wp\/v2\/types\/page"}],"author":[{"embeddable":true,"href":"https:\/\/huayuansh.com\/es\/wp-json\/wp\/v2\/users\/1"}],"replies":[{"embeddable":true,"href":"https:\/\/huayuansh.com\/es\/wp-json\/wp\/v2\/comments?post=1003"}],"version-history":[{"count":5,"href":"https:\/\/huayuansh.com\/es\/wp-json\/wp\/v2\/pages\/1003\/revisions"}],"predecessor-version":[{"id":3708,"href":"https:\/\/huayuansh.com\/es\/wp-json\/wp\/v2\/pages\/1003\/revisions\/3708"}],"up":[{"embeddable":true,"href":"https:\/\/huayuansh.com\/es\/wp-json\/wp\/v2\/pages\/2104"}],"wp:featuredmedia":[{"embeddable":true,"href":"https:\/\/huayuansh.com\/es\/wp-json\/wp\/v2\/media\/3706"}],"wp:attachment":[{"href":"https:\/\/huayuansh.com\/es\/wp-json\/wp\/v2\/media?parent=1003"}],"curies":[{"name":"wp","href":"https:\/\/api.w.org\/{rel}","templated":true}]}}