{"id":3343,"date":"2024-07-30T19:47:11","date_gmt":"2024-07-30T11:47:11","guid":{"rendered":"https:\/\/huayuansh.com\/?page_id=3343"},"modified":"2024-10-30T15:24:05","modified_gmt":"2024-10-30T07:24:05","slug":"linea-de-negocio","status":"publish","type":"page","link":"https:\/\/huayuansh.com\/es\/productos\/linea-de-negocio\/","title":{"rendered":"Sector de actividad"},"content":{"rendered":"<div class=\"wp-block-cover alignwide has-aspect-ratio wp-duotone-unset-1\" style=\"padding-top:0;padding-bottom:0;aspect-ratio:16\/9;min-height:unset;\"><span aria-hidden=\"true\" class=\"wp-block-cover__background has-background-dim\"><\/span><img loading=\"lazy\" decoding=\"async\" width=\"1024\" height=\"576\" class=\"wp-block-cover__image-background wp-image-3520\" alt=\"Centro de etiquetas RFID HUAYUAN\" src=\"https:\/\/huayuansh.com\/wp-content\/uploads\/2024\/07\/HUAYUAN-RFID-Tag-Hub-1024x576.webp\" data-object-fit=\"cover\" srcset=\"https:\/\/huayuansh.com\/wp-content\/uploads\/2024\/07\/HUAYUAN-RFID-Tag-Hub-1024x576.webp 1024w, https:\/\/huayuansh.com\/wp-content\/uploads\/2024\/07\/HUAYUAN-RFID-Tag-Hub-300x169.webp 300w, https:\/\/huayuansh.com\/wp-content\/uploads\/2024\/07\/HUAYUAN-RFID-Tag-Hub-768x432.webp 768w, https:\/\/huayuansh.com\/wp-content\/uploads\/2024\/07\/HUAYUAN-RFID-Tag-Hub-1536x864.webp 1536w, https:\/\/huayuansh.com\/wp-content\/uploads\/2024\/07\/HUAYUAN-RFID-Tag-Hub.webp 1920w\" sizes=\"auto, (max-width: 1024px) 100vw, 1024px\" \/><div class=\"wp-block-cover__inner-container is-layout-flow wp-block-cover-is-layout-flow\">\n<h2 class=\"wp-block-heading has-text-align-center\" id=\"h-rfid-tags\">Etiquetas RFID<\/h2>\n\n\n\n<p class=\"has-text-align-center\">Con una amplia experiencia en I+D de RFID, hemos desarrollado una completa gama de etiquetas RFID dise\u00f1adas para los sectores de automatizaci\u00f3n industrial, minorista, m\u00e9dico y de protecci\u00f3n medioambiental. Nuestros proyectos abarcan casi todos los sectores, lo que demuestra nuestra versatilidad y experiencia. En la era de la Industria 4.0, nuestras etiquetas RFID son fundamentales para impulsar la transformaci\u00f3n digital y la fabricaci\u00f3n inteligente. Estas etiquetas avanzadas ofrecen captura de datos y automatizaci\u00f3n en tiempo real, mejorando significativamente la eficiencia de la cadena de suministro, reduciendo las p\u00e9rdidas y permitiendo operaciones inteligentes y conectadas. Al integrar nuestras etiquetas RFID con sistemas IoT, las empresas pueden alcanzar niveles sin precedentes de transparencia y control de sus procesos. Descubra c\u00f3mo nuestras etiquetas RFID pueden revolucionar sus operaciones industriales e impulsar su negocio hacia un futuro m\u00e1s inteligente.<\/p>\n\n\n<style>.wp-block-kadence-advancedbtn.kb-btns3343_3834dc-c4{gap:var(--global-kb-gap-xs, 0.5rem );justify-content:center;align-items:center;}.kt-btns3343_3834dc-c4 .kt-button{font-weight:normal;font-style:normal;}.kt-btns3343_3834dc-c4 .kt-btn-wrap-0{margin-right:5px;}.wp-block-kadence-advancedbtn.kt-btns3343_3834dc-c4 .kt-btn-wrap-0 .kt-button{color:#555555;border-color:#555555;}.wp-block-kadence-advancedbtn.kt-btns3343_3834dc-c4 .kt-btn-wrap-0 .kt-button:hover, .wp-block-kadence-advancedbtn.kt-btns3343_3834dc-c4 .kt-btn-wrap-0 .kt-button:focus{color:#ffffff;border-color:#444444;}.wp-block-kadence-advancedbtn.kt-btns3343_3834dc-c4 .kt-btn-wrap-0 .kt-button::before{display:none;}.wp-block-kadence-advancedbtn.kt-btns3343_3834dc-c4 .kt-btn-wrap-0 .kt-button:hover, .wp-block-kadence-advancedbtn.kt-btns3343_3834dc-c4 .kt-btn-wrap-0 .kt-button:focus{background:#444444;}<\/style>\n<div class=\"wp-block-kadence-advancedbtn kb-buttons-wrap kb-btns3343_3834dc-c4\"><style>ul.menu .wp-block-kadence-advancedbtn .kb-btn3343_4c2c2f-84.kb-button{width:initial;}<\/style><a class=\"kb-button kt-button button kb-btn3343_4c2c2f-84 kt-btn-size-standard kt-btn-width-type-auto kb-btn-global-inherit  kt-btn-has-text-true kt-btn-has-svg-false  wp-block-button__link wp-block-kadence-singlebtn\" href=\"https:\/\/huayuansh.com\/\" target=\"_blank\" rel=\"noreferrer noopener\"><span class=\"kt-btn-inner-text\">M\u00e1s informaci\u00f3n<\/span><\/a><\/div>\n<\/div><\/div>\n\n\n\n<div style=\"aspect-ratio:16\/9;min-height:unset;\" class=\"wp-block-cover alignwide has-aspect-ratio\"><span aria-hidden=\"true\" class=\"wp-block-cover__background has-background-dim\"><\/span><img loading=\"lazy\" decoding=\"async\" width=\"1024\" height=\"576\" class=\"wp-block-cover__image-background wp-image-3522\" alt=\"\" src=\"https:\/\/huayuansh.com\/wp-content\/uploads\/2024\/07\/RFID-Textile-Solutions-TEXBIT-1024x576.webp\" data-object-fit=\"cover\" srcset=\"https:\/\/huayuansh.com\/wp-content\/uploads\/2024\/07\/RFID-Textile-Solutions-TEXBIT-1024x576.webp 1024w, https:\/\/huayuansh.com\/wp-content\/uploads\/2024\/07\/RFID-Textile-Solutions-TEXBIT-300x169.webp 300w, https:\/\/huayuansh.com\/wp-content\/uploads\/2024\/07\/RFID-Textile-Solutions-TEXBIT-768x432.webp 768w, https:\/\/huayuansh.com\/wp-content\/uploads\/2024\/07\/RFID-Textile-Solutions-TEXBIT-1536x864.webp 1536w, https:\/\/huayuansh.com\/wp-content\/uploads\/2024\/07\/RFID-Textile-Solutions-TEXBIT.webp 1920w\" sizes=\"auto, (max-width: 1024px) 100vw, 1024px\" \/><div class=\"wp-block-cover__inner-container is-layout-flow wp-block-cover-is-layout-flow\">\n<h2 class=\"wp-block-heading has-text-align-center\" id=\"h-rfid-textile-solutions\">Soluciones textiles RFID<\/h2>\n\n\n\n<p class=\"has-text-align-center\">Nuestras etiquetas RFID est\u00e1n revolucionando la gesti\u00f3n textil en todo su ciclo de vida. Desarrollamos y producimos continuamente etiquetas RFID para lavander\u00eda fiables y duraderas que cumplen los estrictos requisitos de los sistemas transparentes de trazabilidad y seguimiento en el sector de la lavander\u00eda textil y el seguimiento del ciclo de vida de las prendas. Nuestra amplia gama de productos textiles RFID se utiliza en todo el mundo, con millones de etiquetas aplicadas mensualmente en diversas aplicaciones, como prendas de vestir, calzado, uniformes, EPI, sanidad, hosteler\u00eda y limpieza. Nuestras soluciones garantizan un seguimiento eficaz y preciso, mejorando la eficiencia operativa y reduciendo las p\u00e9rdidas.<\/p>\n\n\n<style>.wp-block-kadence-advancedbtn.kb-btns3343_c97642-8b{gap:var(--global-kb-gap-xs, 0.5rem );justify-content:center;align-items:center;}.kt-btns3343_c97642-8b .kt-button{font-weight:normal;font-style:normal;}.kt-btns3343_c97642-8b .kt-btn-wrap-0{margin-right:5px;}.wp-block-kadence-advancedbtn.kt-btns3343_c97642-8b .kt-btn-wrap-0 .kt-button{color:#555555;border-color:#555555;}.wp-block-kadence-advancedbtn.kt-btns3343_c97642-8b .kt-btn-wrap-0 .kt-button:hover, .wp-block-kadence-advancedbtn.kt-btns3343_c97642-8b .kt-btn-wrap-0 .kt-button:focus{color:#ffffff;border-color:#444444;}.wp-block-kadence-advancedbtn.kt-btns3343_c97642-8b .kt-btn-wrap-0 .kt-button::before{display:none;}.wp-block-kadence-advancedbtn.kt-btns3343_c97642-8b .kt-btn-wrap-0 .kt-button:hover, .wp-block-kadence-advancedbtn.kt-btns3343_c97642-8b .kt-btn-wrap-0 .kt-button:focus{background:#444444;}<\/style>\n<div class=\"wp-block-kadence-advancedbtn kb-buttons-wrap kb-btns3343_c97642-8b\"><style>ul.menu .wp-block-kadence-advancedbtn .kb-btn3343_4ac188-4a.kb-button{width:initial;}<\/style><a class=\"kb-button kt-button button kb-btn3343_4ac188-4a kt-btn-size-standard kt-btn-width-type-auto kb-btn-global-inherit  kt-btn-has-text-true kt-btn-has-svg-false  wp-block-button__link wp-block-kadence-singlebtn\" href=\"https:\/\/www.tex-bit.com\/\" target=\"_blank\" rel=\"noreferrer noopener\"><span class=\"kt-btn-inner-text\">M\u00e1s informaci\u00f3n<\/span><\/a><\/div>\n<\/div><\/div>\n\n\n\n<div style=\"aspect-ratio:16\/9;min-height:unset;\" class=\"wp-block-cover alignwide has-aspect-ratio\"><span aria-hidden=\"true\" class=\"wp-block-cover__background has-background-dim\"><\/span><img loading=\"lazy\" decoding=\"async\" width=\"1024\" height=\"576\" class=\"wp-block-cover__image-background wp-image-3521\" alt=\"HUAYUAN Pulseras RFID Hub\" src=\"https:\/\/huayuansh.com\/wp-content\/uploads\/2024\/07\/HUAYUAN-RFID-Wristbands-Hub-1024x576.webp\" data-object-fit=\"cover\" srcset=\"https:\/\/huayuansh.com\/wp-content\/uploads\/2024\/07\/HUAYUAN-RFID-Wristbands-Hub-1024x576.webp 1024w, https:\/\/huayuansh.com\/wp-content\/uploads\/2024\/07\/HUAYUAN-RFID-Wristbands-Hub-300x169.webp 300w, https:\/\/huayuansh.com\/wp-content\/uploads\/2024\/07\/HUAYUAN-RFID-Wristbands-Hub-768x432.webp 768w, https:\/\/huayuansh.com\/wp-content\/uploads\/2024\/07\/HUAYUAN-RFID-Wristbands-Hub-1536x864.webp 1536w, https:\/\/huayuansh.com\/wp-content\/uploads\/2024\/07\/HUAYUAN-RFID-Wristbands-Hub.webp 1920w\" sizes=\"auto, (max-width: 1024px) 100vw, 1024px\" \/><div class=\"wp-block-cover__inner-container is-layout-flow wp-block-cover-is-layout-flow\">\n<h2 class=\"wp-block-heading has-text-align-center\" id=\"h-rfid-wristbands-amp-cards\">Pulseras y tarjetas RFID<\/h2>\n\n\n\n<p class=\"has-text-align-center\">Las pulseras, tarjetas y llaveros RFID est\u00e1n transformando los sistemas de seguridad, control de acceso e identificaci\u00f3n. Estos dispositivos proporcionan soluciones sin contacto y sin fisuras en diversos sectores, mejorando tanto la comodidad como la seguridad. A medida que evoluciona el mercado, nuestra innovadora tecnolog\u00eda RFID impulsa una mayor adopci\u00f3n e integraci\u00f3n en las aplicaciones cotidianas, garantizando una gesti\u00f3n de identidad segura y sin esfuerzo. Descubra c\u00f3mo nuestras pulseras, tarjetas y llaveros RFID pueden transformar las operaciones de su empresa, proporcion\u00e1ndole una soluci\u00f3n segura y eficaz para todas sus necesidades de identificaci\u00f3n.<\/p>\n\n\n<style>.wp-block-kadence-advancedbtn.kb-btns3343_3d0e76-05{gap:var(--global-kb-gap-xs, 0.5rem );justify-content:center;align-items:center;}.kt-btns3343_3d0e76-05 .kt-button{font-weight:normal;font-style:normal;}.kt-btns3343_3d0e76-05 .kt-btn-wrap-0{margin-right:5px;}.wp-block-kadence-advancedbtn.kt-btns3343_3d0e76-05 .kt-btn-wrap-0 .kt-button{color:#555555;border-color:#555555;}.wp-block-kadence-advancedbtn.kt-btns3343_3d0e76-05 .kt-btn-wrap-0 .kt-button:hover, .wp-block-kadence-advancedbtn.kt-btns3343_3d0e76-05 .kt-btn-wrap-0 .kt-button:focus{color:#ffffff;border-color:#444444;}.wp-block-kadence-advancedbtn.kt-btns3343_3d0e76-05 .kt-btn-wrap-0 .kt-button::before{display:none;}.wp-block-kadence-advancedbtn.kt-btns3343_3d0e76-05 .kt-btn-wrap-0 .kt-button:hover, .wp-block-kadence-advancedbtn.kt-btns3343_3d0e76-05 .kt-btn-wrap-0 .kt-button:focus{background:#444444;}<\/style>\n<div class=\"wp-block-kadence-advancedbtn kb-buttons-wrap kb-btns3343_3d0e76-05\"><style>ul.menu .wp-block-kadence-advancedbtn .kb-btn3343_f7bed5-71.kb-button{width:initial;}<\/style><a class=\"kb-button kt-button button kb-btn3343_f7bed5-71 kt-btn-size-standard kt-btn-width-type-auto kb-btn-global-inherit  kt-btn-has-text-true kt-btn-has-svg-false  wp-block-button__link wp-block-kadence-singlebtn\" href=\"https:\/\/yourfid.top\/\" target=\"_blank\" rel=\"noreferrer noopener\"><span class=\"kt-btn-inner-text\">M\u00e1s informaci\u00f3n<\/span><\/a><\/div>\n<\/div><\/div>","protected":false},"excerpt":{"rendered":"","protected":false},"author":1,"featured_media":0,"parent":2104,"menu_order":0,"comment_status":"closed","ping_status":"closed","template":"","meta":{"_kad_blocks_custom_css":"","_kad_blocks_head_custom_js":"","_kad_blocks_body_custom_js":"","_kad_blocks_footer_custom_js":"","_kadence_starter_templates_imported_post":false,"_kad_post_transparent":"","_kad_post_title":"","_kad_post_layout":"default","_kad_post_sidebar_id":"","_kad_post_content_style":"default","_kad_post_vertical_padding":"default","_kad_post_feature":"","_kad_post_feature_position":"","_kad_post_header":false,"_kad_post_footer":false,"footnotes":""},"class_list":["post-3343","page","type-page","status-publish","hentry"],"yoast_head":"<!-- This site is optimized with the Yoast SEO Premium plugin v23.0 (Yoast SEO v26.3) - https:\/\/yoast.com\/wordpress\/plugins\/seo\/ -->\n<title>Line of Business | HUAYUAN RFID Tag Manufacturer<\/title>\n<meta name=\"description\" content=\"Discover our line of business, offering RFID technology for industrial, textile, and access control, driving automation and smart operations.\" \/>\n<meta name=\"robots\" content=\"index, follow, max-snippet:-1, max-image-preview:large, max-video-preview:-1\" \/>\n<link rel=\"canonical\" href=\"https:\/\/huayuansh.com\/es\/productos\/linea-de-negocio\/\" \/>\n<meta property=\"og:locale\" content=\"es_ES\" \/>\n<meta property=\"og:type\" content=\"article\" \/>\n<meta property=\"og:title\" content=\"Line of Business\" \/>\n<meta property=\"og:description\" content=\"Discover our line of business, offering RFID technology for industrial, textile, and access control, driving automation and smart operations.\" \/>\n<meta property=\"og:url\" content=\"https:\/\/huayuansh.com\/es\/productos\/linea-de-negocio\/\" \/>\n<meta property=\"og:site_name\" content=\"HUAYUAN RFID Tag Manufacturer\" \/>\n<meta property=\"article:modified_time\" content=\"2024-10-30T07:24:05+00:00\" \/>\n<meta property=\"og:image\" content=\"https:\/\/huayuansh.com\/wp-content\/uploads\/2024\/07\/HUAYUAN-RFID-Tag-Hub-1024x576.webp\" \/>\n<meta name=\"twitter:card\" content=\"summary_large_image\" \/>\n<meta name=\"twitter:label1\" content=\"Tiempo de lectura\" \/>\n\t<meta name=\"twitter:data1\" content=\"2 minutos\" \/>\n<script type=\"application\/ld+json\" class=\"yoast-schema-graph\">{\"@context\":\"https:\/\/schema.org\",\"@graph\":[{\"@type\":\"WebPage\",\"@id\":\"https:\/\/huayuansh.com\/products\/line-of-business\/\",\"url\":\"https:\/\/huayuansh.com\/products\/line-of-business\/\",\"name\":\"Line of Business | HUAYUAN RFID Tag Manufacturer\",\"isPartOf\":{\"@id\":\"https:\/\/huayuansh.com\/#website\"},\"primaryImageOfPage\":{\"@id\":\"https:\/\/huayuansh.com\/products\/line-of-business\/#primaryimage\"},\"image\":{\"@id\":\"https:\/\/huayuansh.com\/products\/line-of-business\/#primaryimage\"},\"thumbnailUrl\":\"https:\/\/huayuansh.com\/wp-content\/uploads\/2024\/07\/HUAYUAN-RFID-Tag-Hub-1024x576.webp\",\"datePublished\":\"2024-07-30T11:47:11+00:00\",\"dateModified\":\"2024-10-30T07:24:05+00:00\",\"description\":\"Discover our line of business, offering RFID technology for industrial, textile, and access control, driving automation and smart operations.\",\"breadcrumb\":{\"@id\":\"https:\/\/huayuansh.com\/products\/line-of-business\/#breadcrumb\"},\"inLanguage\":\"es\",\"potentialAction\":[{\"@type\":\"ReadAction\",\"target\":[\"https:\/\/huayuansh.com\/products\/line-of-business\/\"]}]},{\"@type\":\"ImageObject\",\"inLanguage\":\"es\",\"@id\":\"https:\/\/huayuansh.com\/products\/line-of-business\/#primaryimage\",\"url\":\"https:\/\/huayuansh.com\/wp-content\/uploads\/2024\/07\/HUAYUAN-RFID-Tag-Hub-1024x576.webp\",\"contentUrl\":\"https:\/\/huayuansh.com\/wp-content\/uploads\/2024\/07\/HUAYUAN-RFID-Tag-Hub-1024x576.webp\"},{\"@type\":\"BreadcrumbList\",\"@id\":\"https:\/\/huayuansh.com\/products\/line-of-business\/#breadcrumb\",\"itemListElement\":[{\"@type\":\"ListItem\",\"position\":1,\"name\":\"Home\",\"item\":\"https:\/\/huayuansh.com\/\"},{\"@type\":\"ListItem\",\"position\":2,\"name\":\"RFID Products\",\"item\":\"https:\/\/huayuansh.com\/products\/\"},{\"@type\":\"ListItem\",\"position\":3,\"name\":\"Line of Business\"}]},{\"@type\":\"WebSite\",\"@id\":\"https:\/\/huayuansh.com\/#website\",\"url\":\"https:\/\/huayuansh.com\/\",\"name\":\"HUAYUAN RFID Tag Manufacturer\",\"description\":\"HUAYUAN RFID Tag Manufacturer\",\"publisher\":{\"@id\":\"https:\/\/huayuansh.com\/#organization\"},\"potentialAction\":[{\"@type\":\"SearchAction\",\"target\":{\"@type\":\"EntryPoint\",\"urlTemplate\":\"https:\/\/huayuansh.com\/?s={search_term_string}\"},\"query-input\":{\"@type\":\"PropertyValueSpecification\",\"valueRequired\":true,\"valueName\":\"search_term_string\"}}],\"inLanguage\":\"es\"},{\"@type\":\"Organization\",\"@id\":\"https:\/\/huayuansh.com\/#organization\",\"name\":\"HUAYUAN RFID Tag Manufacturer\",\"url\":\"https:\/\/huayuansh.com\/\",\"logo\":{\"@type\":\"ImageObject\",\"inLanguage\":\"es\",\"@id\":\"https:\/\/huayuansh.com\/#\/schema\/logo\/image\/\",\"url\":\"https:\/\/huayuansh.com\/wp-content\/uploads\/2024\/09\/cropped-HUAYUAN.webp\",\"contentUrl\":\"https:\/\/huayuansh.com\/wp-content\/uploads\/2024\/09\/cropped-HUAYUAN.webp\",\"width\":895,\"height\":279,\"caption\":\"HUAYUAN RFID Tag Manufacturer\"},\"image\":{\"@id\":\"https:\/\/huayuansh.com\/#\/schema\/logo\/image\/\"}}]}<\/script>\n<!-- \/ Yoast SEO Premium plugin. -->","yoast_head_json":{"title":"L\u00ednea de negocio | HUAYUAN Fabricante de etiquetas RFID","description":"Descubra nuestra l\u00ednea de negocio, que ofrece tecnolog\u00eda RFID para control industrial, textil y de accesos, impulsando la automatizaci\u00f3n y las operaciones inteligentes.","robots":{"index":"index","follow":"follow","max-snippet":"max-snippet:-1","max-image-preview":"max-image-preview:large","max-video-preview":"max-video-preview:-1"},"canonical":"https:\/\/huayuansh.com\/es\/productos\/linea-de-negocio\/","og_locale":"es_ES","og_type":"article","og_title":"Line of Business","og_description":"Discover our line of business, offering RFID technology for industrial, textile, and access control, driving automation and smart operations.","og_url":"https:\/\/huayuansh.com\/es\/productos\/linea-de-negocio\/","og_site_name":"HUAYUAN RFID Tag Manufacturer","article_modified_time":"2024-10-30T07:24:05+00:00","og_image":[{"url":"https:\/\/huayuansh.com\/wp-content\/uploads\/2024\/07\/HUAYUAN-RFID-Tag-Hub-1024x576.webp","type":"","width":"","height":""}],"twitter_card":"summary_large_image","twitter_misc":{"Tiempo de lectura":"2 minutos"},"schema":{"@context":"https:\/\/schema.org","@graph":[{"@type":"WebPage","@id":"https:\/\/huayuansh.com\/products\/line-of-business\/","url":"https:\/\/huayuansh.com\/products\/line-of-business\/","name":"L\u00ednea de negocio | HUAYUAN Fabricante de etiquetas RFID","isPartOf":{"@id":"https:\/\/huayuansh.com\/#website"},"primaryImageOfPage":{"@id":"https:\/\/huayuansh.com\/products\/line-of-business\/#primaryimage"},"image":{"@id":"https:\/\/huayuansh.com\/products\/line-of-business\/#primaryimage"},"thumbnailUrl":"https:\/\/huayuansh.com\/wp-content\/uploads\/2024\/07\/HUAYUAN-RFID-Tag-Hub-1024x576.webp","datePublished":"2024-07-30T11:47:11+00:00","dateModified":"2024-10-30T07:24:05+00:00","description":"Descubra nuestra l\u00ednea de negocio, que ofrece tecnolog\u00eda RFID para control industrial, textil y de accesos, impulsando la automatizaci\u00f3n y las operaciones inteligentes.","breadcrumb":{"@id":"https:\/\/huayuansh.com\/products\/line-of-business\/#breadcrumb"},"inLanguage":"es","potentialAction":[{"@type":"ReadAction","target":["https:\/\/huayuansh.com\/products\/line-of-business\/"]}]},{"@type":"ImageObject","inLanguage":"es","@id":"https:\/\/huayuansh.com\/products\/line-of-business\/#primaryimage","url":"https:\/\/huayuansh.com\/wp-content\/uploads\/2024\/07\/HUAYUAN-RFID-Tag-Hub-1024x576.webp","contentUrl":"https:\/\/huayuansh.com\/wp-content\/uploads\/2024\/07\/HUAYUAN-RFID-Tag-Hub-1024x576.webp"},{"@type":"BreadcrumbList","@id":"https:\/\/huayuansh.com\/products\/line-of-business\/#breadcrumb","itemListElement":[{"@type":"ListItem","position":1,"name":"Home","item":"https:\/\/huayuansh.com\/"},{"@type":"ListItem","position":2,"name":"RFID Products","item":"https:\/\/huayuansh.com\/products\/"},{"@type":"ListItem","position":3,"name":"Line of Business"}]},{"@type":"WebSite","@id":"https:\/\/huayuansh.com\/#website","url":"https:\/\/huayuansh.com\/","name":"Fabricante de etiquetas RFID HUAYUAN","description":"Fabricante de etiquetas RFID HUAYUAN","publisher":{"@id":"https:\/\/huayuansh.com\/#organization"},"potentialAction":[{"@type":"SearchAction","target":{"@type":"EntryPoint","urlTemplate":"https:\/\/huayuansh.com\/?s={search_term_string}"},"query-input":{"@type":"PropertyValueSpecification","valueRequired":true,"valueName":"search_term_string"}}],"inLanguage":"es"},{"@type":"Organization","@id":"https:\/\/huayuansh.com\/#organization","name":"Fabricante de etiquetas RFID HUAYUAN","url":"https:\/\/huayuansh.com\/","logo":{"@type":"ImageObject","inLanguage":"es","@id":"https:\/\/huayuansh.com\/#\/schema\/logo\/image\/","url":"https:\/\/huayuansh.com\/wp-content\/uploads\/2024\/09\/cropped-HUAYUAN.webp","contentUrl":"https:\/\/huayuansh.com\/wp-content\/uploads\/2024\/09\/cropped-HUAYUAN.webp","width":895,"height":279,"caption":"HUAYUAN RFID Tag Manufacturer"},"image":{"@id":"https:\/\/huayuansh.com\/#\/schema\/logo\/image\/"}}]}},"taxonomy_info":[],"featured_image_src_large":false,"author_info":{"display_name":"HUAYUAN","author_link":"https:\/\/huayuansh.com\/es\/author\/shyec2024\/"},"comment_info":0,"_links":{"self":[{"href":"https:\/\/huayuansh.com\/es\/wp-json\/wp\/v2\/pages\/3343","targetHints":{"allow":["GET"]}}],"collection":[{"href":"https:\/\/huayuansh.com\/es\/wp-json\/wp\/v2\/pages"}],"about":[{"href":"https:\/\/huayuansh.com\/es\/wp-json\/wp\/v2\/types\/page"}],"author":[{"embeddable":true,"href":"https:\/\/huayuansh.com\/es\/wp-json\/wp\/v2\/users\/1"}],"replies":[{"embeddable":true,"href":"https:\/\/huayuansh.com\/es\/wp-json\/wp\/v2\/comments?post=3343"}],"version-history":[{"count":7,"href":"https:\/\/huayuansh.com\/es\/wp-json\/wp\/v2\/pages\/3343\/revisions"}],"predecessor-version":[{"id":4057,"href":"https:\/\/huayuansh.com\/es\/wp-json\/wp\/v2\/pages\/3343\/revisions\/4057"}],"up":[{"embeddable":true,"href":"https:\/\/huayuansh.com\/es\/wp-json\/wp\/v2\/pages\/2104"}],"wp:attachment":[{"href":"https:\/\/huayuansh.com\/es\/wp-json\/wp\/v2\/media?parent=3343"}],"curies":[{"name":"wp","href":"https:\/\/api.w.org\/{rel}","templated":true}]}}