{"id":3364,"date":"2024-07-15T10:41:18","date_gmt":"2024-07-15T02:41:18","guid":{"rendered":"https:\/\/huayuansh.com\/?page_id=3364"},"modified":"2024-08-02T14:35:53","modified_gmt":"2024-08-02T06:35:53","slug":"terminal-de-datos-lector-uhf-portatil","status":"publish","type":"page","link":"https:\/\/huayuansh.com\/es\/productos\/modulos-lectores-rfid\/terminal-de-datos-lector-uhf-portatil\/","title":{"rendered":"Terminal de datos lector de mano UHF"},"content":{"rendered":"<p><strong>ORCA-50 RAIN Lector port\u00e1til RFID UHF<\/strong>&nbsp;<strong>Terminal de datos<\/strong>&nbsp;es adoptar m\u00f3dulo de desarrollo propio basado en Impinj Indy R2000 chip, con una excelente estabilidad y extremadamente fuerte rendimiento de identificaci\u00f3n multi-tag. Es a partir de la orca inspirado en el dise\u00f1o, la aparici\u00f3n de diestro y elegante, sencillo y bien proporcionado, cada detalle se ha repetido el escrutinio, sentido de la proporci\u00f3n para manejar adecuadamente, para crear una tensi\u00f3n muy visual del fuselaje.ORCA-50 UHF terminal de mano lector de datos es una configuraci\u00f3n de hardware de gran alcance para garantizar el buen funcionamiento de las operaciones masivas de datos, visualizaci\u00f3n 3D en tiempo real y as\u00ed sucesivamente. Es 6000mAh bater\u00eda de pol\u00edmero de litio de alta capacidad, la bater\u00eda de tipo cartucho sistema intercambiable en caliente, f\u00e1cil de reemplazar, est\u00e1ndar de dos bater\u00edas. El tiempo de vida ya no es limitado.<\/p>\n\n\n\n<p>El Terminal de Datos Lector Port\u00e1til ORCA-50 UHF resiste el impacto de la ca\u00edda sobre una superficie de hormig\u00f3n a una altura de 2 metros. Protecci\u00f3n IP64, puede resistir eficazmente el polvo y las salpicaduras de l\u00edquidos.<\/p>\n\n\n\n<h2 class=\"wp-block-heading\" id=\"h-uhf-rfid-handheld-reader-products-advantages\">Ventajas de los productos lectores port\u00e1tiles RFID UHF<\/h2>\n\n\n\n<ul class=\"wp-block-list\">\n<li>Utilizaci\u00f3n del chip Impinj Indy R2000<\/li>\n\n\n\n<li>Utilizando aluminio de aviaci\u00f3n CNC + material de nylon Bayer alem\u00e1n<\/li>\n\n\n\n<li>Potente configuraci\u00f3n de hardware<\/li>\n\n\n\n<li>Bater\u00eda recargable de pol\u00edmero de litio de 6000 mAh<\/li>\n\n\n\n<li>Soportar el impacto de una ca\u00edda sobre una superficie de hormig\u00f3n a una altura de 2 metros<\/li>\n\n\n\n<li>Muestra gratis en la zona euro<\/li>\n<\/ul>\n\n\n\n<h3 class=\"wp-block-heading\" id=\"h-huayuan-uhf-rfid-handheld-reader-features\">HUAYUAN UHF RFID Lector de mano Caracter\u00edsticas<\/h3>\n\n\n\n<ul class=\"wp-block-list\">\n<li>Plataforma inform\u00e1tica de alto rendimiento<br>Aplicaciones pesadas como la recogida masiva de datos. La visualizaci\u00f3n 3D en tiempo real puede funcionar sin problemas.<\/li>\n\n\n\n<li>Android 6.0<br>El sistema Android 6.0 est\u00e1 instalado, la versi\u00f3n optimizada se actualiza continuamente.<\/li>\n\n\n\n<li>Materiales de primera clase<br>El aluminio CNC, el nylon (Bayer) y el cristal templado de 1,1 mm de grosor ofrecen una excelente resistencia + disipaci\u00f3n del calor + blindaje electromagn\u00e9tico. El material suave alrededor del mango ofrece comodidad.<\/li>\n\n\n\n<li>Componentes industriales<br>Los componentes de calidad industrial y militar garantizan la estabilidad y resistencia en entornos dif\u00edciles.<\/li>\n\n\n\n<li>Tiempo de funcionamiento ultralargo<br>El sistema de bater\u00eda de intercambio en caliente estilo pistola hace que la bater\u00eda de reserva sea m\u00e1s c\u00f3moda de restaurar. El tiempo de funcionamiento es ilimitado. Un paquete est\u00e1ndar del producto tiene dos bater\u00edas de 6000mAh incluidas.<\/li>\n\n\n\n<li>Motor RFID UHF de gama alta<br>El m\u00f3dulo M-2600 se basa en el chip Impinj Indy R2000. Ofrece el mejor rendimiento y una excelente capacidad de identificaci\u00f3n multietiqueta del sector.<\/li>\n\n\n\n<li>Dise\u00f1o industrial sobresaliente<br>La idea se inspir\u00f3 en las orcas, y cada detalle ha sido bien refinado. El aspecto es compacto, elegante y equilibrado, lo que hace que el producto sea llamativo e impresionante.<\/li>\n\n\n\n<li>Excelente protecci\u00f3n mec\u00e1nica, IP64<br>La altura de ca\u00edda de seguridad es de 2 m. El grado de protecci\u00f3n IP64 puede resistir eficazmente el polvo y las salpicaduras.<\/li>\n<\/ul>\n\n\n\n<h4 class=\"wp-block-heading\" id=\"h-uhf-handheld-reader-data-terminal-specifications\">Especificaciones del terminal de datos lector de mano UHF<\/h4>\n\n\n\n<figure class=\"wp-block-table\"><table><tbody><tr><td colspan=\"2\"><strong>Par\u00e1metros mec\u00e1nicos<\/strong><\/td><\/tr><tr><td>Materiales<\/td><td>CNC aluminio + nylon(Bayer)<\/td><\/tr><tr><td>Dimensiones<\/td><td>Perfil 160x82x129mm<\/td><\/tr><tr><td>&nbsp;<\/td><td>Empu\u00f1adura 111*38*47mm<\/td><\/tr><tr><td>Peso<\/td><td>640g( Incluye bater\u00eda \/ Versi\u00f3n est\u00e1ndar)<\/td><\/tr><tr><td colspan=\"2\"><strong>Caracter\u00edsticas del sistema<\/strong><\/td><\/tr><tr><td>Sistema operativo<\/td><td>Android 6.0<\/td><\/tr><tr><td>CPU<\/td><td>Cuatro n\u00facleos Cortex-A17\/1,8 GHz<\/td><\/tr><tr><td>GPU<\/td><td>ARM Mali-T764\/ Motor 3D de alto rendimiento<\/td><\/tr><tr><td>Chip<\/td><td>Impinj INDY R2000<\/td><\/tr><tr><td>RAM<\/td><td>2G\/4G LPDDR3<\/td><\/tr><tr><td>ROM<\/td><td>32G\/64G EMMC 5.0<\/td><\/tr><tr><td>LCD<\/td><td>5,0 pulgadas \/1280\u00b0720\/ IPS \/180 \u00e1ngulo de visi\u00f3n<\/td><\/tr><tr><td>Pantalla t\u00e1ctil<\/td><td>Cristal templado de 1,1 mm de grosor \/ lO-dot touch \/ Se puede manejar con guante<\/td><\/tr><tr><td>Bater\u00eda intercambiable<\/td><td>Sistema de bater\u00eda intercambiable estilo pistola<\/td><\/tr><tr><td>PSAM<\/td><td>PSAM02 \/ TI TCA5013 (Opcional)<\/td><\/tr><tr><td>Botones<\/td><td>&nbsp;<\/td><\/tr><tr><td>Potencia I Volumen*2<\/td><td>3 pulsadores ALPS\/ Fuerza de accionamiento 2,2N\/Vida \u00fatil 600.000 ciclos<\/td><\/tr><tr><td>Teclas de funci\u00f3n<\/td><td>3 pulsadores ALPS\/ Fuerza de accionamiento 2,2N\/Vida \u00fatil 600.000 ciclos<\/td><\/tr><tr><td>ScanTrigger<\/td><td>Bot\u00f3n OMRON\/0fuerza de funcionamiento 127N \/Vida \u00fatil 10.000.000 de ciclos<\/td><\/tr><tr><td>Potencia<\/td><td>Bater\u00eda Ii-pol\u00edmero recargable de 6.000 mAh<\/td><\/tr><tr><td>Ranuras para tarjetas<\/td><td>Ranura para tarjeta micro SIMI Ranura para tarjeta PSAM-z<\/td><\/tr><tr><td>Interfaz USB<\/td><td>Conector micro USB \/ MOlEX\/Vida \u00fatil 10.000 ciclos<\/td><\/tr><tr><td>Audio<\/td><td>Sistema estereosc\u00f3pico de altavoces grandes<\/td><\/tr><tr><td>Vibrador<\/td><td>Bot\u00f3n\/10 mm de di\u00e1metro<\/td><\/tr><tr><td>Indicador de carga<\/td><td>BicolorLED<\/td><\/tr><tr><td colspan=\"2\"><strong>Comunicaciones inal\u00e1mbricas<\/strong><\/td><\/tr><tr><td>WIFI<\/td><td>IEEE 802.11 b\/g\/n<\/td><\/tr><tr><td>Bluetooth<\/td><td>61uetooth 4.0<\/td><\/tr><tr><td>3G<\/td><td>Huawei MU609\/ Grado de veh\u00edculo (Opcional)<\/td><\/tr><tr><td>4G<\/td><td>Huawei ME 909s \/Para veh\u00edculos (Opcional)<\/td><\/tr><tr><td colspan=\"2\"><strong>Entorno de aplicaci\u00f3n<\/strong><\/td><\/tr><tr><td>Temp. de funcionamiento<\/td><td>-20\u00b0C a 60\u00b0C<\/td><\/tr><tr><td>Temp. almacenamiento<\/td><td>-40\u00b0C a 70\u00b0C<\/td><\/tr><tr><td>Humedad<\/td><td>5%RH a 95%RH(sin condensaci\u00f3n)<\/td><\/tr><tr><td>Grado de protecci\u00f3n<\/td><td>IP64<\/td><\/tr><tr><td>Altura de ca\u00edda de seguridad<\/td><td>2m \/6.56ft.<\/td><\/tr><tr><td colspan=\"2\"><strong>Recogida de datos<\/strong><\/td><\/tr><tr><td colspan=\"2\">C\u00f3digo de barras 1D (opcional)<\/td><\/tr><tr><td>Motor<\/td><td>S\u00edmbolo SE955<\/td><\/tr><tr><td>Ayuda<\/td><td>S\u00edmbolo UPC\/EA SE955N \/ Code128 \/ Code39 \/ Cadell \/ Intercalado 2 de 5 \/ Discreto 2 de 5 \/ Chino 2 de 5 \/ Codabar \/ MSI \/ RSS. etc.<\/td><\/tr><tr><td colspan=\"2\">C\u00f3digo de barras 2D (opcional)<\/td><\/tr><tr><td>Motor<\/td><td>S\u00edmbolo SE4750<\/td><\/tr><tr><td>Ayuda<\/td><td>Matriz de datos\/C\u00f3digo QR\/PDF417\/US Planet\/Correo brit\u00e1nico, etc.<\/td><\/tr><tr><td>RFID UHF<\/td><td>&nbsp;<\/td><\/tr><tr><td>Motor<\/td><td>M\u00f3dulo Rodinbell M-2600 basado en el chip Impinj Indy R2000<\/td><\/tr><tr><td>Zumbador<\/td><td>112\u00b09,5mm 12300\u00b1300Hz<\/td><\/tr><tr><td>Protocolo<\/td><td>EPC Global UHF Clase 1Gen2 \/ISO 18000-6C\/ ISO16000-66<\/td><\/tr><tr><td>Frecuencia de trabajo<\/td><td>840-960 MHz<\/td><\/tr><tr><td>Potencia de salida<\/td><td>0-33d6m<\/td><\/tr><tr><td>Velocidad m\u00e1xima de inventario<\/td><td>&gt; 500 etiquetas\/s<\/td><\/tr><tr><td>UHFAntenna<\/td><td>Antena de polarizaci\u00f3n circular de 3dBi<\/td><\/tr><tr><td>Leer a distancia<\/td><td>6-7m(Etiqueta probada: Impinj E41b)<\/td><\/tr><tr><td>Regiones admitidas<\/td><td>EE.UU., Canad\u00e1 y otras regiones que nos siguen. FCC Europa y otras regiones siguiendo ETSI \/EN 302 208\/China \/Jap\u00f3n\/ Corea \/ Malasia.<\/td><\/tr><tr><td>C\u00e1mara (opcional)<\/td><td>13 megap\u00edxeles\/enfoque autom\u00e1tico\/luz de flash<\/td><\/tr><tr><td>Sistema de posicionamiento global<\/td><td>GPS Y GLONASS<\/td><\/tr><tr><td colspan=\"2\"><strong>Accesorios<\/strong><\/td><\/tr><tr><td colspan=\"2\">Dos bater\u00edas Cargador de bater\u00eda y cable de datos USB Cord\u00f3n para colgar<\/td><\/tr><\/tbody><\/table><\/figure>\n\n\n\n<h5 class=\"wp-block-heading\" id=\"h-get-in-touch\"><strong>P\u00f3ngase en contacto<\/strong><\/h5>\n\n\n\n<p>Para m\u00e1s informaci\u00f3n sobre la RFID de Huayuan <a href=\"https:\/\/huayuansh.com\/products\/\">productos<\/a>\u00a0e IoT\u00a0<a href=\"https:\/\/huayuansh.com\/applications\/\">aplicaciones<\/a>.<\/p>\n\n\n<style>.wp-block-kadence-advancedbtn.kb-btns3364_819742-9e{gap:var(--global-kb-gap-xs, 0.5rem );justify-content:flex-start;align-items:center;}.kt-btns3364_819742-9e .kt-button{font-weight:normal;font-style:normal;}.kt-btns3364_819742-9e .kt-btn-wrap-0{margin-right:5px;}.wp-block-kadence-advancedbtn.kt-btns3364_819742-9e .kt-btn-wrap-0 .kt-button{color:#555555;border-color:#555555;}.wp-block-kadence-advancedbtn.kt-btns3364_819742-9e .kt-btn-wrap-0 .kt-button:hover, .wp-block-kadence-advancedbtn.kt-btns3364_819742-9e .kt-btn-wrap-0 .kt-button:focus{color:#ffffff;border-color:#444444;}.wp-block-kadence-advancedbtn.kt-btns3364_819742-9e .kt-btn-wrap-0 .kt-button::before{display:none;}.wp-block-kadence-advancedbtn.kt-btns3364_819742-9e .kt-btn-wrap-0 .kt-button:hover, .wp-block-kadence-advancedbtn.kt-btns3364_819742-9e .kt-btn-wrap-0 .kt-button:focus{background:#444444;}<\/style>\n<div class=\"wp-block-kadence-advancedbtn kb-buttons-wrap kb-btns3364_819742-9e\"><style>ul.menu .wp-block-kadence-advancedbtn .kb-btn3364_048a49-80.kb-button{width:initial;}<\/style><a class=\"kb-button kt-button button kb-btn3364_048a49-80 kt-btn-size-standard kt-btn-width-type-auto kb-btn-global-inherit  kt-btn-has-text-true kt-btn-has-svg-false  wp-block-button__link wp-block-kadence-singlebtn\" href=\"https:\/\/huayuansh.com\/contact-us\/\"><span class=\"kt-btn-inner-text\">Contacte con nosotros<\/span><\/a><\/div>","protected":false},"excerpt":{"rendered":"<p>ORCA-50 RAIN UHF RFID Handheld Reader Terminal de datos es adoptar m\u00f3dulo de desarrollo propio basado en Impinj Indy R2000 chip, con una excelente estabilidad y extremadamente fuerte rendimiento de identificaci\u00f3n multi-tag. Es de la orca inspirado en el dise\u00f1o, la apariencia de diestro y elegante, sencillo y bien proporcionado, cada detalle se ha repetido el escrutinio, sentido de la proporci\u00f3n para manejar adecuadamente, para crear...<\/p>","protected":false},"author":1,"featured_media":3548,"parent":991,"menu_order":0,"comment_status":"closed","ping_status":"closed","template":"","meta":{"_kad_blocks_custom_css":"","_kad_blocks_head_custom_js":"","_kad_blocks_body_custom_js":"","_kad_blocks_footer_custom_js":"","_kadence_starter_templates_imported_post":false,"_kad_post_transparent":"","_kad_post_title":"","_kad_post_layout":"","_kad_post_sidebar_id":"","_kad_post_content_style":"","_kad_post_vertical_padding":"","_kad_post_feature":"","_kad_post_feature_position":"","_kad_post_header":false,"_kad_post_footer":false,"footnotes":""},"class_list":["post-3364","page","type-page","status-publish","has-post-thumbnail","hentry"],"yoast_head":"<!-- This site is optimized with the Yoast SEO Premium plugin v23.0 (Yoast SEO v26.3) - https:\/\/yoast.com\/wordpress\/plugins\/seo\/ -->\n<title>UHF Handheld Reader Data Terminal | HUAYUAN RFID Tag Manufacturer<\/title>\n<meta name=\"description\" content=\"ORCA-50 RAIN UHF Handheld Reader is adopt self-developed module based on Impinj Indy R2000 chip, with excellent stability and extremely strong multi-tag.\" \/>\n<meta name=\"robots\" content=\"index, follow, max-snippet:-1, max-image-preview:large, max-video-preview:-1\" \/>\n<link rel=\"canonical\" href=\"https:\/\/huayuansh.com\/es\/productos\/modulos-lectores-rfid\/terminal-de-datos-lector-uhf-portatil\/\" \/>\n<meta property=\"og:locale\" content=\"es_ES\" \/>\n<meta property=\"og:type\" content=\"article\" \/>\n<meta property=\"og:title\" content=\"UHF Handheld Reader Data Terminal\" \/>\n<meta property=\"og:description\" content=\"ORCA-50 RAIN UHF Handheld Reader is adopt self-developed module based on Impinj Indy R2000 chip, with excellent stability and extremely strong multi-tag.\" \/>\n<meta property=\"og:url\" content=\"https:\/\/huayuansh.com\/es\/productos\/modulos-lectores-rfid\/terminal-de-datos-lector-uhf-portatil\/\" \/>\n<meta property=\"og:site_name\" content=\"HUAYUAN RFID Tag Manufacturer\" \/>\n<meta property=\"article:modified_time\" content=\"2024-08-02T06:35:53+00:00\" \/>\n<meta property=\"og:image\" content=\"https:\/\/huayuansh.com\/wp-content\/uploads\/2024\/08\/UHF-Handheld-Reader-Data-Terminal.webp\" \/>\n\t<meta property=\"og:image:width\" content=\"1920\" \/>\n\t<meta property=\"og:image:height\" content=\"1080\" \/>\n\t<meta property=\"og:image:type\" content=\"image\/webp\" \/>\n<meta name=\"twitter:card\" content=\"summary_large_image\" \/>\n<meta name=\"twitter:label1\" content=\"Tiempo de lectura\" \/>\n\t<meta name=\"twitter:data1\" content=\"4 minutos\" \/>\n<script type=\"application\/ld+json\" class=\"yoast-schema-graph\">{\"@context\":\"https:\/\/schema.org\",\"@graph\":[{\"@type\":\"WebPage\",\"@id\":\"https:\/\/huayuansh.com\/products\/rfid-readers-modules\/uhf-handheld-reader-data-terminal\/\",\"url\":\"https:\/\/huayuansh.com\/products\/rfid-readers-modules\/uhf-handheld-reader-data-terminal\/\",\"name\":\"UHF Handheld Reader Data Terminal | HUAYUAN RFID Tag Manufacturer\",\"isPartOf\":{\"@id\":\"https:\/\/huayuansh.com\/#website\"},\"primaryImageOfPage\":{\"@id\":\"https:\/\/huayuansh.com\/products\/rfid-readers-modules\/uhf-handheld-reader-data-terminal\/#primaryimage\"},\"image\":{\"@id\":\"https:\/\/huayuansh.com\/products\/rfid-readers-modules\/uhf-handheld-reader-data-terminal\/#primaryimage\"},\"thumbnailUrl\":\"https:\/\/huayuansh.com\/wp-content\/uploads\/2024\/08\/UHF-Handheld-Reader-Data-Terminal.webp\",\"datePublished\":\"2024-07-15T02:41:18+00:00\",\"dateModified\":\"2024-08-02T06:35:53+00:00\",\"description\":\"ORCA-50 RAIN UHF Handheld Reader is adopt self-developed module based on Impinj Indy R2000 chip, with excellent stability and extremely strong multi-tag.\",\"breadcrumb\":{\"@id\":\"https:\/\/huayuansh.com\/products\/rfid-readers-modules\/uhf-handheld-reader-data-terminal\/#breadcrumb\"},\"inLanguage\":\"es\",\"potentialAction\":[{\"@type\":\"ReadAction\",\"target\":[\"https:\/\/huayuansh.com\/products\/rfid-readers-modules\/uhf-handheld-reader-data-terminal\/\"]}]},{\"@type\":\"ImageObject\",\"inLanguage\":\"es\",\"@id\":\"https:\/\/huayuansh.com\/products\/rfid-readers-modules\/uhf-handheld-reader-data-terminal\/#primaryimage\",\"url\":\"https:\/\/huayuansh.com\/wp-content\/uploads\/2024\/08\/UHF-Handheld-Reader-Data-Terminal.webp\",\"contentUrl\":\"https:\/\/huayuansh.com\/wp-content\/uploads\/2024\/08\/UHF-Handheld-Reader-Data-Terminal.webp\",\"width\":1920,\"height\":1080,\"caption\":\"UHF Handheld Reader Data Terminal\"},{\"@type\":\"BreadcrumbList\",\"@id\":\"https:\/\/huayuansh.com\/products\/rfid-readers-modules\/uhf-handheld-reader-data-terminal\/#breadcrumb\",\"itemListElement\":[{\"@type\":\"ListItem\",\"position\":1,\"name\":\"Home\",\"item\":\"https:\/\/huayuansh.com\/\"},{\"@type\":\"ListItem\",\"position\":2,\"name\":\"RFID Products\",\"item\":\"https:\/\/huayuansh.com\/products\/\"},{\"@type\":\"ListItem\",\"position\":3,\"name\":\"RFID Reader Devices\",\"item\":\"https:\/\/huayuansh.com\/products\/rfid-readers-modules\/\"},{\"@type\":\"ListItem\",\"position\":4,\"name\":\"UHF Handheld Reader Data Terminal\"}]},{\"@type\":\"WebSite\",\"@id\":\"https:\/\/huayuansh.com\/#website\",\"url\":\"https:\/\/huayuansh.com\/\",\"name\":\"HUAYUAN RFID Tag Manufacturer\",\"description\":\"HUAYUAN RFID Tag Manufacturer\",\"publisher\":{\"@id\":\"https:\/\/huayuansh.com\/#organization\"},\"potentialAction\":[{\"@type\":\"SearchAction\",\"target\":{\"@type\":\"EntryPoint\",\"urlTemplate\":\"https:\/\/huayuansh.com\/?s={search_term_string}\"},\"query-input\":{\"@type\":\"PropertyValueSpecification\",\"valueRequired\":true,\"valueName\":\"search_term_string\"}}],\"inLanguage\":\"es\"},{\"@type\":\"Organization\",\"@id\":\"https:\/\/huayuansh.com\/#organization\",\"name\":\"HUAYUAN RFID Tag Manufacturer\",\"url\":\"https:\/\/huayuansh.com\/\",\"logo\":{\"@type\":\"ImageObject\",\"inLanguage\":\"es\",\"@id\":\"https:\/\/huayuansh.com\/#\/schema\/logo\/image\/\",\"url\":\"https:\/\/huayuansh.com\/wp-content\/uploads\/2024\/09\/cropped-HUAYUAN.webp\",\"contentUrl\":\"https:\/\/huayuansh.com\/wp-content\/uploads\/2024\/09\/cropped-HUAYUAN.webp\",\"width\":895,\"height\":279,\"caption\":\"HUAYUAN RFID Tag Manufacturer\"},\"image\":{\"@id\":\"https:\/\/huayuansh.com\/#\/schema\/logo\/image\/\"}}]}<\/script>\n<!-- \/ Yoast SEO Premium plugin. -->","yoast_head_json":{"title":"Terminal de datos con lector de mano UHF | HUAYUAN Fabricante de etiquetas RFID","description":"ORCA-50 RAIN UHF Handheld Reader es adoptar m\u00f3dulo de desarrollo propio basado en Impinj Indy R2000 chip, con una excelente estabilidad y extremadamente fuerte multi-tag.","robots":{"index":"index","follow":"follow","max-snippet":"max-snippet:-1","max-image-preview":"max-image-preview:large","max-video-preview":"max-video-preview:-1"},"canonical":"https:\/\/huayuansh.com\/es\/productos\/modulos-lectores-rfid\/terminal-de-datos-lector-uhf-portatil\/","og_locale":"es_ES","og_type":"article","og_title":"UHF Handheld Reader Data Terminal","og_description":"ORCA-50 RAIN UHF Handheld Reader is adopt self-developed module based on Impinj Indy R2000 chip, with excellent stability and extremely strong multi-tag.","og_url":"https:\/\/huayuansh.com\/es\/productos\/modulos-lectores-rfid\/terminal-de-datos-lector-uhf-portatil\/","og_site_name":"HUAYUAN RFID Tag Manufacturer","article_modified_time":"2024-08-02T06:35:53+00:00","og_image":[{"width":1920,"height":1080,"url":"https:\/\/huayuansh.com\/wp-content\/uploads\/2024\/08\/UHF-Handheld-Reader-Data-Terminal.webp","type":"image\/webp"}],"twitter_card":"summary_large_image","twitter_misc":{"Tiempo de lectura":"4 minutos"},"schema":{"@context":"https:\/\/schema.org","@graph":[{"@type":"WebPage","@id":"https:\/\/huayuansh.com\/products\/rfid-readers-modules\/uhf-handheld-reader-data-terminal\/","url":"https:\/\/huayuansh.com\/products\/rfid-readers-modules\/uhf-handheld-reader-data-terminal\/","name":"Terminal de datos con lector de mano UHF | HUAYUAN Fabricante de etiquetas RFID","isPartOf":{"@id":"https:\/\/huayuansh.com\/#website"},"primaryImageOfPage":{"@id":"https:\/\/huayuansh.com\/products\/rfid-readers-modules\/uhf-handheld-reader-data-terminal\/#primaryimage"},"image":{"@id":"https:\/\/huayuansh.com\/products\/rfid-readers-modules\/uhf-handheld-reader-data-terminal\/#primaryimage"},"thumbnailUrl":"https:\/\/huayuansh.com\/wp-content\/uploads\/2024\/08\/UHF-Handheld-Reader-Data-Terminal.webp","datePublished":"2024-07-15T02:41:18+00:00","dateModified":"2024-08-02T06:35:53+00:00","description":"ORCA-50 RAIN UHF Handheld Reader es adoptar m\u00f3dulo de desarrollo propio basado en Impinj Indy R2000 chip, con una excelente estabilidad y extremadamente fuerte multi-tag.","breadcrumb":{"@id":"https:\/\/huayuansh.com\/products\/rfid-readers-modules\/uhf-handheld-reader-data-terminal\/#breadcrumb"},"inLanguage":"es","potentialAction":[{"@type":"ReadAction","target":["https:\/\/huayuansh.com\/products\/rfid-readers-modules\/uhf-handheld-reader-data-terminal\/"]}]},{"@type":"ImageObject","inLanguage":"es","@id":"https:\/\/huayuansh.com\/products\/rfid-readers-modules\/uhf-handheld-reader-data-terminal\/#primaryimage","url":"https:\/\/huayuansh.com\/wp-content\/uploads\/2024\/08\/UHF-Handheld-Reader-Data-Terminal.webp","contentUrl":"https:\/\/huayuansh.com\/wp-content\/uploads\/2024\/08\/UHF-Handheld-Reader-Data-Terminal.webp","width":1920,"height":1080,"caption":"UHF Handheld Reader Data Terminal"},{"@type":"BreadcrumbList","@id":"https:\/\/huayuansh.com\/products\/rfid-readers-modules\/uhf-handheld-reader-data-terminal\/#breadcrumb","itemListElement":[{"@type":"ListItem","position":1,"name":"Home","item":"https:\/\/huayuansh.com\/"},{"@type":"ListItem","position":2,"name":"RFID Products","item":"https:\/\/huayuansh.com\/products\/"},{"@type":"ListItem","position":3,"name":"RFID Reader Devices","item":"https:\/\/huayuansh.com\/products\/rfid-readers-modules\/"},{"@type":"ListItem","position":4,"name":"UHF Handheld Reader Data Terminal"}]},{"@type":"WebSite","@id":"https:\/\/huayuansh.com\/#website","url":"https:\/\/huayuansh.com\/","name":"Fabricante de etiquetas RFID HUAYUAN","description":"Fabricante de etiquetas RFID HUAYUAN","publisher":{"@id":"https:\/\/huayuansh.com\/#organization"},"potentialAction":[{"@type":"SearchAction","target":{"@type":"EntryPoint","urlTemplate":"https:\/\/huayuansh.com\/?s={search_term_string}"},"query-input":{"@type":"PropertyValueSpecification","valueRequired":true,"valueName":"search_term_string"}}],"inLanguage":"es"},{"@type":"Organization","@id":"https:\/\/huayuansh.com\/#organization","name":"Fabricante de etiquetas RFID HUAYUAN","url":"https:\/\/huayuansh.com\/","logo":{"@type":"ImageObject","inLanguage":"es","@id":"https:\/\/huayuansh.com\/#\/schema\/logo\/image\/","url":"https:\/\/huayuansh.com\/wp-content\/uploads\/2024\/09\/cropped-HUAYUAN.webp","contentUrl":"https:\/\/huayuansh.com\/wp-content\/uploads\/2024\/09\/cropped-HUAYUAN.webp","width":895,"height":279,"caption":"HUAYUAN RFID Tag Manufacturer"},"image":{"@id":"https:\/\/huayuansh.com\/#\/schema\/logo\/image\/"}}]}},"taxonomy_info":[],"featured_image_src_large":["https:\/\/huayuansh.com\/wp-content\/uploads\/2024\/08\/UHF-Handheld-Reader-Data-Terminal-1024x576.webp",1024,576,true],"author_info":{"display_name":"HUAYUAN","author_link":"https:\/\/huayuansh.com\/es\/author\/shyec2024\/"},"comment_info":0,"_links":{"self":[{"href":"https:\/\/huayuansh.com\/es\/wp-json\/wp\/v2\/pages\/3364","targetHints":{"allow":["GET"]}}],"collection":[{"href":"https:\/\/huayuansh.com\/es\/wp-json\/wp\/v2\/pages"}],"about":[{"href":"https:\/\/huayuansh.com\/es\/wp-json\/wp\/v2\/types\/page"}],"author":[{"embeddable":true,"href":"https:\/\/huayuansh.com\/es\/wp-json\/wp\/v2\/users\/1"}],"replies":[{"embeddable":true,"href":"https:\/\/huayuansh.com\/es\/wp-json\/wp\/v2\/comments?post=3364"}],"version-history":[{"count":2,"href":"https:\/\/huayuansh.com\/es\/wp-json\/wp\/v2\/pages\/3364\/revisions"}],"predecessor-version":[{"id":3546,"href":"https:\/\/huayuansh.com\/es\/wp-json\/wp\/v2\/pages\/3364\/revisions\/3546"}],"up":[{"embeddable":true,"href":"https:\/\/huayuansh.com\/es\/wp-json\/wp\/v2\/pages\/991"}],"wp:featuredmedia":[{"embeddable":true,"href":"https:\/\/huayuansh.com\/es\/wp-json\/wp\/v2\/media\/3548"}],"wp:attachment":[{"href":"https:\/\/huayuansh.com\/es\/wp-json\/wp\/v2\/media?parent=3364"}],"curies":[{"name":"wp","href":"https:\/\/api.w.org\/{rel}","templated":true}]}}