{"id":3368,"date":"2024-07-15T11:07:50","date_gmt":"2024-07-15T03:07:50","guid":{"rendered":"https:\/\/huayuansh.com\/?page_id=3368"},"modified":"2024-08-02T16:18:26","modified_gmt":"2024-08-02T08:18:26","slug":"antena-de-lector-rain-rfid","status":"publish","type":"page","link":"https:\/\/huayuansh.com\/es\/productos\/modulos-lectores-rfid\/antena-de-lector-rain-rfid\/","title":{"rendered":"RAIN Antena de lectura RFID"},"content":{"rendered":"<p><strong>HUAYUAN RAIN RFID Antena Lector UHF&nbsp;<\/strong>transmite una onda que tiene propiedades el\u00e9ctricas y magn\u00e9ticas y que se conoce como onda electromagn\u00e9tica. Existen 2 tipos diferentes de antenas RFID<strong>Polarizaci\u00f3n circular<\/strong>&nbsp;o<strong>&nbsp;Polarizaci\u00f3n lineal<\/strong>:<\/p>\n\n\n\n<p><strong>Polarizaci\u00f3n lineal (antenas dipolo)<\/strong>\u00a0- la onda electromagn\u00e9tica se propaga totalmente en un plano (Vertical u Horizontal) en la direcci\u00f3n de propagaci\u00f3n de la se\u00f1al. \u00c9sta es la mejor propagaci\u00f3n de ondas cuando la orientaci\u00f3n de la etiqueta es conocida y fija. La antena RFID y\u00a0<a href=\"https:\/\/huayuansh.com\/products\/industrial-rfid-tags\/\">Etiqueta RFID<\/a>\u00a0deben coincidir en polarizaci\u00f3n para obtener las mejores velocidades de lectura.<\/p>\n\n\n\n<p><strong>Polarizaci\u00f3n circular (h\u00e9lice, dipolos cruzados y parche )<\/strong>&nbsp;- la onda electromagn\u00e9tica se propaga en dos planos creando un efecto circular (como un sacacorchos) dando una vuelta completa en un marco temporal de una sola longitud de onda. Dado que la antena RFID emite continuamente una longitud de onda, el campo rotacional acabar\u00e1 cubriendo cualquier etiqueta que se encuentre en su camino. Es la mejor opci\u00f3n cuando se desconoce la orientaci\u00f3n de la etiqueta, pero se pierden al menos 3 dB en comparaci\u00f3n con una antena de polarizaci\u00f3n lineal. La polarizaci\u00f3n circular puede ser derecha o izquierda, de ah\u00ed las opciones RHCP y LHCP para antenas de polarizaci\u00f3n circular.<\/p>\n\n\n\n<p>HUAYUAN RAIN UHF RFID Reader Antena est\u00e1 dise\u00f1ado de gama alta UHF RFID Antena, de alta ganancia, pero baja relaci\u00f3n de onda estacionaria trae el mejor rendimiento. Ingenier\u00eda carcasa de pl\u00e1stico, IP66 construcci\u00f3n robusta, de alto nivel de protecci\u00f3n para el uso de ancho con nuestro S-8600, S-8800 <a href=\"https:\/\/huayuansh.com\/products\/rfid-readers-modules\/fixed-rfid-readers\/\">Lector fijo UHF<\/a>como el seguimiento de activos,\u00a0<a href=\"https:\/\/huayuansh.com\/the-reasons-for-rfid-technology-in-warehouse-management\/\">gesti\u00f3n de almacenes<\/a>gesti\u00f3n inteligente del tr\u00e1fico, seguimiento de veh\u00edculos, gesti\u00f3n de l\u00edneas de producci\u00f3n, medici\u00f3n inteligente del peso, etc.<\/p>\n\n\n\n<h2 class=\"wp-block-heading\" id=\"h-uhf-rfid-reader-antenna-features\">Caracter\u00edsticas de la antena lectora RFID UHF<\/h2>\n\n\n\n<p>- Potente: M\u00e1ximo rendimiento RFID, distancia de lectura de hasta 15 m(9dBi) \/ 20 m(12dBi) (m\u00e1x. 10-30 m)<br>- Avanzado: Excelente funci\u00f3n de lectura multietiqueta, &gt;400 veces por segundo<br>- Industrial: IP66 robusto, aplicable a todo tipo de entornos severos<br>- Amplio uso: Ideal para aplicaciones de lectura a larga distancia, como almacenes, log\u00edstica, producci\u00f3n, patios, etc.<\/p>\n\n\n<div class=\"wp-block-image\">\n<figure class=\"aligncenter size-large\"><img loading=\"lazy\" decoding=\"async\" width=\"1024\" height=\"576\" src=\"https:\/\/huayuansh.com\/wp-content\/uploads\/2024\/08\/RAIN-RFID-Reader-Antenna-Features-1024x576.webp\" alt=\"Caracter\u00edsticas de la antena del lector RAIN RFID\" class=\"wp-image-3550\" srcset=\"https:\/\/huayuansh.com\/wp-content\/uploads\/2024\/08\/RAIN-RFID-Reader-Antenna-Features-1024x576.webp 1024w, https:\/\/huayuansh.com\/wp-content\/uploads\/2024\/08\/RAIN-RFID-Reader-Antenna-Features-300x169.webp 300w, https:\/\/huayuansh.com\/wp-content\/uploads\/2024\/08\/RAIN-RFID-Reader-Antenna-Features-768x432.webp 768w, https:\/\/huayuansh.com\/wp-content\/uploads\/2024\/08\/RAIN-RFID-Reader-Antenna-Features.webp 1280w\" sizes=\"auto, (max-width: 1024px) 100vw, 1024px\" \/><\/figure><\/div>\n\n\n<h2 class=\"wp-block-heading\" id=\"h-rain-rfid-reader-antenna-specification\">Especificaci\u00f3n de la antena del lector RAIN RFID<strong><\/strong><\/h2>\n\n\n\n<figure class=\"wp-block-table\"><table><tbody><tr><td colspan=\"3\"><strong>Par\u00e1metros t\u00e9cnicos<\/strong><\/td><\/tr><tr><td>Frecuencia<\/td><td>860~928MHz<\/td><td>860~928MHz<\/td><\/tr><tr><td>Gane<\/td><td><strong>9dBi<\/strong><\/td><td><strong>12dBi<\/strong><\/td><\/tr><tr><td>Anchura del haz<\/td><td>Hor: 70\u00b0 Ver: 70\u00b0<\/td><td>Hor: 45 Ver: 45\u00b0<\/td><\/tr><tr><td>Polarizaci\u00f3n<\/td><td>Circular<\/td><td>Circular<\/td><\/tr><tr><td>VSWR<\/td><td>\u22641.4<\/td><td>\u22641.3<\/td><\/tr><tr><td>Relaci\u00f3n F\/B<\/td><td>\u226520<\/td><td>\u226525<\/td><\/tr><tr><td>Impedancia<\/td><td>50\u03a9<\/td><td>50\u03a9<\/td><\/tr><tr><td>Potencia m\u00e1xima<\/td><td>50W<\/td><td>100W<\/td><\/tr><tr><td>Protecci\u00f3n contra el rayo<\/td><td>DC Tierra<\/td><td>DC Tierra<\/td><\/tr><tr><td>Conector<\/td><td>SMA-Hembra<\/td><td>SMA-Hembra<\/td><\/tr><tr><td colspan=\"3\"><strong>Especificaciones f\u00edsicas<\/strong><\/td><\/tr><tr><td>Dimensi\u00f3n<\/td><td>260*260*45mm<\/td><td>445*445*40mm<\/td><\/tr><tr><td>Peso neto<\/td><td>1,75 kg<\/td><td>2,3 kg<\/td><\/tr><tr><td>Tama\u00f1o del embalaje<\/td><td>45*35*14,5 cm<\/td><td>60*48*11cm<\/td><\/tr><tr><td>Peso bruto<\/td><td>2kg<\/td><td>4,25 kg<\/td><\/tr><tr><td>Material del radomo<\/td><td>ABS<\/td><td>ABS<\/td><\/tr><tr><td>Color del radomo<\/td><td>Blanco<\/td><td>Blanco<\/td><\/tr><tr><td>Di\u00e1metro del poste<\/td><td>\u03a640-60mm<\/td><td>\u03a640-80mm<\/td><\/tr><tr><td>Velocidad del viento<\/td><td>60 m\/s<\/td><td>60 m\/s<\/td><\/tr><tr><td>Temperatura de funcionamiento<\/td><td>-40~70\u00b0C<\/td><td>-40~70\u00b0C<\/td><\/tr><\/tbody><\/table><\/figure>\n\n\n\n<h5 class=\"wp-block-heading\" id=\"h-get-in-touch\"><strong>P\u00f3ngase en contacto<\/strong><\/h5>\n\n\n\n<p>Para m\u00e1s informaci\u00f3n sobre los lectores y etiquetas RFID de Huayuan y las aplicaciones IoT.<\/p>\n\n\n<style>.wp-block-kadence-advancedbtn.kb-btns3368_881ca8-b1{gap:var(--global-kb-gap-xs, 0.5rem );justify-content:flex-start;align-items:center;}.kt-btns3368_881ca8-b1 .kt-button{font-weight:normal;font-style:normal;}.kt-btns3368_881ca8-b1 .kt-btn-wrap-0{margin-right:5px;}.wp-block-kadence-advancedbtn.kt-btns3368_881ca8-b1 .kt-btn-wrap-0 .kt-button{color:#555555;border-color:#555555;}.wp-block-kadence-advancedbtn.kt-btns3368_881ca8-b1 .kt-btn-wrap-0 .kt-button:hover, .wp-block-kadence-advancedbtn.kt-btns3368_881ca8-b1 .kt-btn-wrap-0 .kt-button:focus{color:#ffffff;border-color:#444444;}.wp-block-kadence-advancedbtn.kt-btns3368_881ca8-b1 .kt-btn-wrap-0 .kt-button::before{display:none;}.wp-block-kadence-advancedbtn.kt-btns3368_881ca8-b1 .kt-btn-wrap-0 .kt-button:hover, .wp-block-kadence-advancedbtn.kt-btns3368_881ca8-b1 .kt-btn-wrap-0 .kt-button:focus{background:#444444;}<\/style>\n<div class=\"wp-block-kadence-advancedbtn kb-buttons-wrap kb-btns3368_881ca8-b1\"><style>ul.menu .wp-block-kadence-advancedbtn .kb-btn3368_565bef-99.kb-button{width:initial;}<\/style><a class=\"kb-button kt-button button kb-btn3368_565bef-99 kt-btn-size-standard kt-btn-width-type-auto kb-btn-global-inherit  kt-btn-has-text-true kt-btn-has-svg-false  wp-block-button__link wp-block-kadence-singlebtn\" href=\"https:\/\/huayuansh.com\/contact-us\/\"><span class=\"kt-btn-inner-text\">Contacte con nosotros<\/span><\/a><\/div>","protected":false},"excerpt":{"rendered":"<p>HUAYUAN RAIN RFID UHF Reader Antenna transmite una onda que tiene propiedades el\u00e9ctricas y magn\u00e9ticas y se conoce como una onda electromagn\u00e9tica. Hay 2 tipos diferentes de antenas RFID, Polarizaci\u00f3n Circular o Polarizaci\u00f3n Lineal: Polarizaci\u00f3n Lineal (antenas dipolo) - la onda electromagn\u00e9tica se propaga enteramente en un plano (Vertical u Horizontal) en la direcci\u00f3n de propagaci\u00f3n de la se\u00f1al. Esta es la...<\/p>","protected":false},"author":1,"featured_media":3568,"parent":991,"menu_order":0,"comment_status":"closed","ping_status":"closed","template":"","meta":{"_kad_blocks_custom_css":"","_kad_blocks_head_custom_js":"","_kad_blocks_body_custom_js":"","_kad_blocks_footer_custom_js":"","_kadence_starter_templates_imported_post":false,"_kad_post_transparent":"","_kad_post_title":"","_kad_post_layout":"","_kad_post_sidebar_id":"","_kad_post_content_style":"","_kad_post_vertical_padding":"","_kad_post_feature":"","_kad_post_feature_position":"","_kad_post_header":false,"_kad_post_footer":false,"footnotes":""},"class_list":["post-3368","page","type-page","status-publish","has-post-thumbnail","hentry"],"yoast_head":"<!-- This site is optimized with the Yoast SEO Premium plugin v23.0 (Yoast SEO v26.3) - https:\/\/yoast.com\/wordpress\/plugins\/seo\/ -->\n<title>RAIN RFID Reader Antenna | HUAYUAN RFID Tag Manufacturer<\/title>\n<meta name=\"description\" content=\"HUAYUAN RAIN UHF Reader Antenna is designed high-end UHF RFID Antenna, high gain but low standing-wave ratio brings best performance.\" \/>\n<meta name=\"robots\" content=\"index, follow, max-snippet:-1, max-image-preview:large, max-video-preview:-1\" \/>\n<link rel=\"canonical\" href=\"https:\/\/huayuansh.com\/es\/productos\/modulos-lectores-rfid\/antena-de-lector-rain-rfid\/\" \/>\n<meta property=\"og:locale\" content=\"es_ES\" \/>\n<meta property=\"og:type\" content=\"article\" \/>\n<meta property=\"og:title\" content=\"RAIN RFID Reader Antenna\" \/>\n<meta property=\"og:description\" content=\"HUAYUAN RAIN UHF Reader Antenna is designed high-end UHF RFID Antenna, high gain but low standing-wave ratio brings best performance.\" \/>\n<meta property=\"og:url\" content=\"https:\/\/huayuansh.com\/es\/productos\/modulos-lectores-rfid\/antena-de-lector-rain-rfid\/\" \/>\n<meta property=\"og:site_name\" content=\"HUAYUAN RFID Tag Manufacturer\" \/>\n<meta property=\"article:modified_time\" content=\"2024-08-02T08:18:26+00:00\" \/>\n<meta property=\"og:image\" content=\"https:\/\/huayuansh.com\/wp-content\/uploads\/2024\/08\/RFID-Reader-Antenna.webp\" \/>\n\t<meta property=\"og:image:width\" content=\"1920\" \/>\n\t<meta property=\"og:image:height\" content=\"1080\" \/>\n\t<meta property=\"og:image:type\" content=\"image\/webp\" \/>\n<meta name=\"twitter:card\" content=\"summary_large_image\" \/>\n<meta name=\"twitter:label1\" content=\"Tiempo de lectura\" \/>\n\t<meta name=\"twitter:data1\" content=\"3 minutos\" \/>\n<script type=\"application\/ld+json\" class=\"yoast-schema-graph\">{\"@context\":\"https:\/\/schema.org\",\"@graph\":[{\"@type\":\"WebPage\",\"@id\":\"https:\/\/huayuansh.com\/products\/rfid-readers-modules\/rain-rfid-reader-antenna\/\",\"url\":\"https:\/\/huayuansh.com\/products\/rfid-readers-modules\/rain-rfid-reader-antenna\/\",\"name\":\"RAIN RFID Reader Antenna | HUAYUAN RFID Tag Manufacturer\",\"isPartOf\":{\"@id\":\"https:\/\/huayuansh.com\/#website\"},\"primaryImageOfPage\":{\"@id\":\"https:\/\/huayuansh.com\/products\/rfid-readers-modules\/rain-rfid-reader-antenna\/#primaryimage\"},\"image\":{\"@id\":\"https:\/\/huayuansh.com\/products\/rfid-readers-modules\/rain-rfid-reader-antenna\/#primaryimage\"},\"thumbnailUrl\":\"https:\/\/huayuansh.com\/wp-content\/uploads\/2024\/08\/RFID-Reader-Antenna.webp\",\"datePublished\":\"2024-07-15T03:07:50+00:00\",\"dateModified\":\"2024-08-02T08:18:26+00:00\",\"description\":\"HUAYUAN RAIN UHF Reader Antenna is designed high-end UHF RFID Antenna, high gain but low standing-wave ratio brings best performance.\",\"breadcrumb\":{\"@id\":\"https:\/\/huayuansh.com\/products\/rfid-readers-modules\/rain-rfid-reader-antenna\/#breadcrumb\"},\"inLanguage\":\"es\",\"potentialAction\":[{\"@type\":\"ReadAction\",\"target\":[\"https:\/\/huayuansh.com\/products\/rfid-readers-modules\/rain-rfid-reader-antenna\/\"]}]},{\"@type\":\"ImageObject\",\"inLanguage\":\"es\",\"@id\":\"https:\/\/huayuansh.com\/products\/rfid-readers-modules\/rain-rfid-reader-antenna\/#primaryimage\",\"url\":\"https:\/\/huayuansh.com\/wp-content\/uploads\/2024\/08\/RFID-Reader-Antenna.webp\",\"contentUrl\":\"https:\/\/huayuansh.com\/wp-content\/uploads\/2024\/08\/RFID-Reader-Antenna.webp\",\"width\":1920,\"height\":1080,\"caption\":\"RFID Reader Antenna\"},{\"@type\":\"BreadcrumbList\",\"@id\":\"https:\/\/huayuansh.com\/products\/rfid-readers-modules\/rain-rfid-reader-antenna\/#breadcrumb\",\"itemListElement\":[{\"@type\":\"ListItem\",\"position\":1,\"name\":\"Home\",\"item\":\"https:\/\/huayuansh.com\/\"},{\"@type\":\"ListItem\",\"position\":2,\"name\":\"RFID Products\",\"item\":\"https:\/\/huayuansh.com\/products\/\"},{\"@type\":\"ListItem\",\"position\":3,\"name\":\"RFID Reader Devices\",\"item\":\"https:\/\/huayuansh.com\/products\/rfid-readers-modules\/\"},{\"@type\":\"ListItem\",\"position\":4,\"name\":\"RAIN RFID Reader Antenna\"}]},{\"@type\":\"WebSite\",\"@id\":\"https:\/\/huayuansh.com\/#website\",\"url\":\"https:\/\/huayuansh.com\/\",\"name\":\"HUAYUAN RFID Tag Manufacturer\",\"description\":\"HUAYUAN RFID Tag Manufacturer\",\"publisher\":{\"@id\":\"https:\/\/huayuansh.com\/#organization\"},\"potentialAction\":[{\"@type\":\"SearchAction\",\"target\":{\"@type\":\"EntryPoint\",\"urlTemplate\":\"https:\/\/huayuansh.com\/?s={search_term_string}\"},\"query-input\":{\"@type\":\"PropertyValueSpecification\",\"valueRequired\":true,\"valueName\":\"search_term_string\"}}],\"inLanguage\":\"es\"},{\"@type\":\"Organization\",\"@id\":\"https:\/\/huayuansh.com\/#organization\",\"name\":\"HUAYUAN RFID Tag Manufacturer\",\"url\":\"https:\/\/huayuansh.com\/\",\"logo\":{\"@type\":\"ImageObject\",\"inLanguage\":\"es\",\"@id\":\"https:\/\/huayuansh.com\/#\/schema\/logo\/image\/\",\"url\":\"https:\/\/huayuansh.com\/wp-content\/uploads\/2024\/09\/cropped-HUAYUAN.webp\",\"contentUrl\":\"https:\/\/huayuansh.com\/wp-content\/uploads\/2024\/09\/cropped-HUAYUAN.webp\",\"width\":895,\"height\":279,\"caption\":\"HUAYUAN RFID Tag Manufacturer\"},\"image\":{\"@id\":\"https:\/\/huayuansh.com\/#\/schema\/logo\/image\/\"}}]}<\/script>\n<!-- \/ Yoast SEO Premium plugin. -->","yoast_head_json":{"title":"RAIN RFID Reader Antenna | HUAYUAN Fabricante de etiquetas RFID","description":"HUAYUAN RAIN UHF Reader Antena est\u00e1 dise\u00f1ado de gama alta UHF RFID Antena, de alta ganancia, pero baja relaci\u00f3n de onda estacionaria trae el mejor rendimiento.","robots":{"index":"index","follow":"follow","max-snippet":"max-snippet:-1","max-image-preview":"max-image-preview:large","max-video-preview":"max-video-preview:-1"},"canonical":"https:\/\/huayuansh.com\/es\/productos\/modulos-lectores-rfid\/antena-de-lector-rain-rfid\/","og_locale":"es_ES","og_type":"article","og_title":"RAIN RFID Reader Antenna","og_description":"HUAYUAN RAIN UHF Reader Antenna is designed high-end UHF RFID Antenna, high gain but low standing-wave ratio brings best performance.","og_url":"https:\/\/huayuansh.com\/es\/productos\/modulos-lectores-rfid\/antena-de-lector-rain-rfid\/","og_site_name":"HUAYUAN RFID Tag Manufacturer","article_modified_time":"2024-08-02T08:18:26+00:00","og_image":[{"width":1920,"height":1080,"url":"https:\/\/huayuansh.com\/wp-content\/uploads\/2024\/08\/RFID-Reader-Antenna.webp","type":"image\/webp"}],"twitter_card":"summary_large_image","twitter_misc":{"Tiempo de lectura":"3 minutos"},"schema":{"@context":"https:\/\/schema.org","@graph":[{"@type":"WebPage","@id":"https:\/\/huayuansh.com\/products\/rfid-readers-modules\/rain-rfid-reader-antenna\/","url":"https:\/\/huayuansh.com\/products\/rfid-readers-modules\/rain-rfid-reader-antenna\/","name":"RAIN RFID Reader Antenna | HUAYUAN Fabricante de etiquetas RFID","isPartOf":{"@id":"https:\/\/huayuansh.com\/#website"},"primaryImageOfPage":{"@id":"https:\/\/huayuansh.com\/products\/rfid-readers-modules\/rain-rfid-reader-antenna\/#primaryimage"},"image":{"@id":"https:\/\/huayuansh.com\/products\/rfid-readers-modules\/rain-rfid-reader-antenna\/#primaryimage"},"thumbnailUrl":"https:\/\/huayuansh.com\/wp-content\/uploads\/2024\/08\/RFID-Reader-Antenna.webp","datePublished":"2024-07-15T03:07:50+00:00","dateModified":"2024-08-02T08:18:26+00:00","description":"HUAYUAN RAIN UHF Reader Antena est\u00e1 dise\u00f1ado de gama alta UHF RFID Antena, de alta ganancia, pero baja relaci\u00f3n de onda estacionaria trae el mejor rendimiento.","breadcrumb":{"@id":"https:\/\/huayuansh.com\/products\/rfid-readers-modules\/rain-rfid-reader-antenna\/#breadcrumb"},"inLanguage":"es","potentialAction":[{"@type":"ReadAction","target":["https:\/\/huayuansh.com\/products\/rfid-readers-modules\/rain-rfid-reader-antenna\/"]}]},{"@type":"ImageObject","inLanguage":"es","@id":"https:\/\/huayuansh.com\/products\/rfid-readers-modules\/rain-rfid-reader-antenna\/#primaryimage","url":"https:\/\/huayuansh.com\/wp-content\/uploads\/2024\/08\/RFID-Reader-Antenna.webp","contentUrl":"https:\/\/huayuansh.com\/wp-content\/uploads\/2024\/08\/RFID-Reader-Antenna.webp","width":1920,"height":1080,"caption":"RFID Reader Antenna"},{"@type":"BreadcrumbList","@id":"https:\/\/huayuansh.com\/products\/rfid-readers-modules\/rain-rfid-reader-antenna\/#breadcrumb","itemListElement":[{"@type":"ListItem","position":1,"name":"Home","item":"https:\/\/huayuansh.com\/"},{"@type":"ListItem","position":2,"name":"RFID Products","item":"https:\/\/huayuansh.com\/products\/"},{"@type":"ListItem","position":3,"name":"RFID Reader Devices","item":"https:\/\/huayuansh.com\/products\/rfid-readers-modules\/"},{"@type":"ListItem","position":4,"name":"RAIN RFID Reader Antenna"}]},{"@type":"WebSite","@id":"https:\/\/huayuansh.com\/#website","url":"https:\/\/huayuansh.com\/","name":"Fabricante de etiquetas RFID HUAYUAN","description":"Fabricante de etiquetas RFID HUAYUAN","publisher":{"@id":"https:\/\/huayuansh.com\/#organization"},"potentialAction":[{"@type":"SearchAction","target":{"@type":"EntryPoint","urlTemplate":"https:\/\/huayuansh.com\/?s={search_term_string}"},"query-input":{"@type":"PropertyValueSpecification","valueRequired":true,"valueName":"search_term_string"}}],"inLanguage":"es"},{"@type":"Organization","@id":"https:\/\/huayuansh.com\/#organization","name":"Fabricante de etiquetas RFID HUAYUAN","url":"https:\/\/huayuansh.com\/","logo":{"@type":"ImageObject","inLanguage":"es","@id":"https:\/\/huayuansh.com\/#\/schema\/logo\/image\/","url":"https:\/\/huayuansh.com\/wp-content\/uploads\/2024\/09\/cropped-HUAYUAN.webp","contentUrl":"https:\/\/huayuansh.com\/wp-content\/uploads\/2024\/09\/cropped-HUAYUAN.webp","width":895,"height":279,"caption":"HUAYUAN RFID Tag Manufacturer"},"image":{"@id":"https:\/\/huayuansh.com\/#\/schema\/logo\/image\/"}}]}},"taxonomy_info":[],"featured_image_src_large":["https:\/\/huayuansh.com\/wp-content\/uploads\/2024\/08\/RFID-Reader-Antenna-1024x576.webp",1024,576,true],"author_info":{"display_name":"HUAYUAN","author_link":"https:\/\/huayuansh.com\/es\/author\/shyec2024\/"},"comment_info":0,"_links":{"self":[{"href":"https:\/\/huayuansh.com\/es\/wp-json\/wp\/v2\/pages\/3368","targetHints":{"allow":["GET"]}}],"collection":[{"href":"https:\/\/huayuansh.com\/es\/wp-json\/wp\/v2\/pages"}],"about":[{"href":"https:\/\/huayuansh.com\/es\/wp-json\/wp\/v2\/types\/page"}],"author":[{"embeddable":true,"href":"https:\/\/huayuansh.com\/es\/wp-json\/wp\/v2\/users\/1"}],"replies":[{"embeddable":true,"href":"https:\/\/huayuansh.com\/es\/wp-json\/wp\/v2\/comments?post=3368"}],"version-history":[{"count":2,"href":"https:\/\/huayuansh.com\/es\/wp-json\/wp\/v2\/pages\/3368\/revisions"}],"predecessor-version":[{"id":3552,"href":"https:\/\/huayuansh.com\/es\/wp-json\/wp\/v2\/pages\/3368\/revisions\/3552"}],"up":[{"embeddable":true,"href":"https:\/\/huayuansh.com\/es\/wp-json\/wp\/v2\/pages\/991"}],"wp:featuredmedia":[{"embeddable":true,"href":"https:\/\/huayuansh.com\/es\/wp-json\/wp\/v2\/media\/3568"}],"wp:attachment":[{"href":"https:\/\/huayuansh.com\/es\/wp-json\/wp\/v2\/media?parent=3368"}],"curies":[{"name":"wp","href":"https:\/\/api.w.org\/{rel}","templated":true}]}}