{"id":3380,"date":"2024-07-15T13:42:10","date_gmt":"2024-07-15T05:42:10","guid":{"rendered":"https:\/\/huayuansh.com\/?page_id=3380"},"modified":"2024-08-07T09:13:12","modified_gmt":"2024-08-07T01:13:12","slug":"etiqueta-inteligente-ecotrack-para-contenedores","status":"publish","type":"page","link":"https:\/\/huayuansh.com\/es\/productos\/etiquetas-rfid-industriales\/etiqueta-inteligente-ecotrack-para-contenedores\/","title":{"rendered":"Etiqueta contenedor inteligente EcoTrack"},"content":{"rendered":"<p>La etiqueta inteligente para contenedores EcoTrack est\u00e1 dise\u00f1ada para ofrecer una soluci\u00f3n flexible e inteligente para la gesti\u00f3n de residuos. Fabricada en pl\u00e1stico resistente, esta etiqueta est\u00e1 dise\u00f1ada para soportar las condiciones m\u00e1s duras, lo que garantiza su longevidad y fiabilidad. Puede fijarse f\u00e1cilmente a las papeleras mediante cinta adhesiva 3M o remaches de seguridad, lo que proporciona flexibilidad en la instalaci\u00f3n.<\/p>\n\n\n\n<p>Nuestra etiqueta inteligente para papeleras est\u00e1 equipada con tecnolog\u00eda RFID (UHF), lo que permite una verificaci\u00f3n del servicio precisa y sin esfuerzo. Cuando un lector RFID est\u00e1 cerca, la papelera se reconoce inmediatamente, lo que facilita una recuperaci\u00f3n de datos eficaz. Esto incluye n\u00fameros de identificaci\u00f3n, informaci\u00f3n sobre el propietario, ubicaci\u00f3n de la papelera y horarios de recogida, todo ello gestionado mediante un sistema RFID inteligente de gesti\u00f3n de residuos.<\/p>\n\n\n\n<p>Para que el p\u00fablico pueda escanearlas r\u00e1pidamente y acceder c\u00f3modamente a informaci\u00f3n importante sobre los contenedores, las etiquetas pueden preimprimirse con c\u00f3digos num\u00e9ricos, de barras y QR. Tenemos amplia experiencia en el procesamiento de datos, lo que garantiza que los datos impresos coincidan con precisi\u00f3n y sean f\u00e1ciles de leer.<\/p>\n\n\n\n<h2 class=\"wp-block-heading\" id=\"h-key-features\">Caracter\u00edsticas principales<\/h2>\n\n\n\n<ul class=\"wp-block-list\">\n<li><strong>Construcci\u00f3n duradera<\/strong>: Fabricado en pl\u00e1stico resistente y duradero para soportar entornos dif\u00edciles.<\/li>\n\n\n\n<li><strong>Instalaci\u00f3n flexible<\/strong>: Opciones de fijaci\u00f3n mediante cinta adhesiva 3M o remaches para una colocaci\u00f3n segura.<\/li>\n\n\n\n<li><strong>Verificaci\u00f3n RFID fiable<\/strong>: Tecnolog\u00eda RFID (UHF) integrada para una verificaci\u00f3n fiable del servicio.<\/li>\n\n\n\n<li><strong>Identificaci\u00f3n visible<\/strong>: C\u00f3digos num\u00e9ricos, de barras y QR de alta visibilidad para una identificaci\u00f3n r\u00e1pida y sencilla.<\/li>\n<\/ul>\n\n\n\n<h2 class=\"wp-block-heading\" id=\"h-specifications\">Especificaciones<\/h2>\n\n\n\n<ul class=\"wp-block-list\">\n<li>Material: PVC laminado<\/li>\n\n\n\n<li>Dimensiones: 65 mm x 25 mm; 100 mm x 25 mm, o personalizadas<\/li>\n\n\n\n<li>Grosor: 1 mm ~ 1,5 mm<\/li>\n\n\n\n<li>Di\u00e1metro del orificio: 3,5 mm<\/li>\n\n\n\n<li>Clase IP: IP67<\/li>\n\n\n\n<li>Distancia de lectura: 2 m ~ 3 m (UHF)<\/li>\n<\/ul>\n\n\n\n<h3 class=\"wp-block-heading\" id=\"h-get-in-touch\">P\u00f3ngase en contacto<\/h3>\n\n\n\n<p>Elija nuestra etiqueta inteligente para contenedores EcoTrack para mejorar su <a href=\"https:\/\/huayuansh.com\/applications\/waste-management\/\">gesti\u00f3n de residuos<\/a> con una soluci\u00f3n duradera, inteligente y eficiente. P\u00f3ngase en contacto con nosotros hoy mismo para obtener m\u00e1s informaci\u00f3n sobre c\u00f3mo nuestros productos pueden satisfacer sus necesidades.<\/p>\n\n\n<style>.wp-block-kadence-advancedbtn.kb-btns3380_fff710-40{gap:var(--global-kb-gap-xs, 0.5rem );justify-content:flex-start;align-items:center;}.kt-btns3380_fff710-40 .kt-button{font-weight:normal;font-style:normal;}.kt-btns3380_fff710-40 .kt-btn-wrap-0{margin-right:5px;}.wp-block-kadence-advancedbtn.kt-btns3380_fff710-40 .kt-btn-wrap-0 .kt-button{color:#555555;border-color:#555555;}.wp-block-kadence-advancedbtn.kt-btns3380_fff710-40 .kt-btn-wrap-0 .kt-button:hover, .wp-block-kadence-advancedbtn.kt-btns3380_fff710-40 .kt-btn-wrap-0 .kt-button:focus{color:#ffffff;border-color:#444444;}.wp-block-kadence-advancedbtn.kt-btns3380_fff710-40 .kt-btn-wrap-0 .kt-button::before{display:none;}.wp-block-kadence-advancedbtn.kt-btns3380_fff710-40 .kt-btn-wrap-0 .kt-button:hover, .wp-block-kadence-advancedbtn.kt-btns3380_fff710-40 .kt-btn-wrap-0 .kt-button:focus{background:#444444;}<\/style>\n<div class=\"wp-block-kadence-advancedbtn kb-buttons-wrap kb-btns3380_fff710-40\"><style>ul.menu .wp-block-kadence-advancedbtn .kb-btn3380_1be6bf-44.kb-button{width:initial;}<\/style><a class=\"kb-button kt-button button kb-btn3380_1be6bf-44 kt-btn-size-standard kt-btn-width-type-auto kb-btn-global-inherit  kt-btn-has-text-true kt-btn-has-svg-false  wp-block-button__link wp-block-kadence-singlebtn\" href=\"https:\/\/huayuansh.com\/contact-us\/\"><span class=\"kt-btn-inner-text\">Contacte con nosotros<\/span><\/a><\/div>","protected":false},"excerpt":{"rendered":"<p>La etiqueta inteligente para contenedores EcoTrack est\u00e1 dise\u00f1ada para ofrecer una soluci\u00f3n flexible e inteligente para la gesti\u00f3n de residuos. Fabricada en pl\u00e1stico resistente, esta etiqueta est\u00e1 dise\u00f1ada para soportar las condiciones m\u00e1s duras, lo que garantiza su longevidad y fiabilidad. Puede fijarse f\u00e1cilmente a las papeleras mediante cinta adhesiva 3M o remaches de seguridad, lo que proporciona flexibilidad en la instalaci\u00f3n. Nuestra etiqueta Smart...<\/p>","protected":false},"author":1,"featured_media":3585,"parent":854,"menu_order":0,"comment_status":"closed","ping_status":"closed","template":"","meta":{"_kad_blocks_custom_css":"","_kad_blocks_head_custom_js":"","_kad_blocks_body_custom_js":"","_kad_blocks_footer_custom_js":"","_kadence_starter_templates_imported_post":false,"_kad_post_transparent":"","_kad_post_title":"","_kad_post_layout":"","_kad_post_sidebar_id":"","_kad_post_content_style":"","_kad_post_vertical_padding":"","_kad_post_feature":"","_kad_post_feature_position":"","_kad_post_header":false,"_kad_post_footer":false,"footnotes":""},"class_list":["post-3380","page","type-page","status-publish","has-post-thumbnail","hentry"],"yoast_head":"<!-- This site is optimized with the Yoast SEO Premium plugin v23.0 (Yoast SEO v26.3) - https:\/\/yoast.com\/wordpress\/plugins\/seo\/ -->\n<title>EcoTrack Smart Bin Tag | HUAYUAN RFID Tag Manufacturer<\/title>\n<meta name=\"robots\" content=\"index, follow, max-snippet:-1, max-image-preview:large, max-video-preview:-1\" \/>\n<link rel=\"canonical\" href=\"https:\/\/huayuansh.com\/es\/productos\/etiquetas-rfid-industriales\/etiqueta-inteligente-ecotrack-para-contenedores\/\" \/>\n<meta property=\"og:locale\" content=\"es_ES\" \/>\n<meta property=\"og:type\" content=\"article\" \/>\n<meta property=\"og:title\" content=\"EcoTrack Smart Bin Tag\" \/>\n<meta property=\"og:description\" content=\"The EcoTrack Smart Bin Tag is designed to offer a flexible and intelligent solution for waste management. Constructed from durable plastic, this tag is engineered to withstand the toughest conditions, ensuring longevity and reliability. It can be easily affixed to waste bins using 3M adhesive tape or secure rivets, providing flexibility in installation. Our Smart...\" \/>\n<meta property=\"og:url\" content=\"https:\/\/huayuansh.com\/es\/productos\/etiquetas-rfid-industriales\/etiqueta-inteligente-ecotrack-para-contenedores\/\" \/>\n<meta property=\"og:site_name\" content=\"HUAYUAN RFID Tag Manufacturer\" \/>\n<meta property=\"article:modified_time\" content=\"2024-08-07T01:13:12+00:00\" \/>\n<meta property=\"og:image\" content=\"https:\/\/huayuansh.com\/wp-content\/uploads\/2024\/08\/EcoTrack-Smart-Bin-Tag.webp\" \/>\n\t<meta property=\"og:image:width\" content=\"1920\" \/>\n\t<meta property=\"og:image:height\" content=\"1080\" \/>\n\t<meta property=\"og:image:type\" content=\"image\/webp\" \/>\n<meta name=\"twitter:card\" content=\"summary_large_image\" \/>\n<meta name=\"twitter:label1\" content=\"Tiempo de lectura\" \/>\n\t<meta name=\"twitter:data1\" content=\"2 minutos\" \/>\n<script type=\"application\/ld+json\" class=\"yoast-schema-graph\">{\"@context\":\"https:\/\/schema.org\",\"@graph\":[{\"@type\":\"WebPage\",\"@id\":\"https:\/\/huayuansh.com\/products\/industrial-rfid-tags\/ecotrack-smart-bin-tag\/\",\"url\":\"https:\/\/huayuansh.com\/products\/industrial-rfid-tags\/ecotrack-smart-bin-tag\/\",\"name\":\"EcoTrack Smart Bin Tag | HUAYUAN RFID Tag Manufacturer\",\"isPartOf\":{\"@id\":\"https:\/\/huayuansh.com\/#website\"},\"primaryImageOfPage\":{\"@id\":\"https:\/\/huayuansh.com\/products\/industrial-rfid-tags\/ecotrack-smart-bin-tag\/#primaryimage\"},\"image\":{\"@id\":\"https:\/\/huayuansh.com\/products\/industrial-rfid-tags\/ecotrack-smart-bin-tag\/#primaryimage\"},\"thumbnailUrl\":\"https:\/\/huayuansh.com\/wp-content\/uploads\/2024\/08\/EcoTrack-Smart-Bin-Tag.webp\",\"datePublished\":\"2024-07-15T05:42:10+00:00\",\"dateModified\":\"2024-08-07T01:13:12+00:00\",\"breadcrumb\":{\"@id\":\"https:\/\/huayuansh.com\/products\/industrial-rfid-tags\/ecotrack-smart-bin-tag\/#breadcrumb\"},\"inLanguage\":\"es\",\"potentialAction\":[{\"@type\":\"ReadAction\",\"target\":[\"https:\/\/huayuansh.com\/products\/industrial-rfid-tags\/ecotrack-smart-bin-tag\/\"]}]},{\"@type\":\"ImageObject\",\"inLanguage\":\"es\",\"@id\":\"https:\/\/huayuansh.com\/products\/industrial-rfid-tags\/ecotrack-smart-bin-tag\/#primaryimage\",\"url\":\"https:\/\/huayuansh.com\/wp-content\/uploads\/2024\/08\/EcoTrack-Smart-Bin-Tag.webp\",\"contentUrl\":\"https:\/\/huayuansh.com\/wp-content\/uploads\/2024\/08\/EcoTrack-Smart-Bin-Tag.webp\",\"width\":1920,\"height\":1080},{\"@type\":\"BreadcrumbList\",\"@id\":\"https:\/\/huayuansh.com\/products\/industrial-rfid-tags\/ecotrack-smart-bin-tag\/#breadcrumb\",\"itemListElement\":[{\"@type\":\"ListItem\",\"position\":1,\"name\":\"Home\",\"item\":\"https:\/\/huayuansh.com\/\"},{\"@type\":\"ListItem\",\"position\":2,\"name\":\"RFID Products\",\"item\":\"https:\/\/huayuansh.com\/products\/\"},{\"@type\":\"ListItem\",\"position\":3,\"name\":\"Industrial RFID Tags\",\"item\":\"https:\/\/huayuansh.com\/products\/industrial-rfid-tags\/\"},{\"@type\":\"ListItem\",\"position\":4,\"name\":\"EcoTrack Smart Bin Tag\"}]},{\"@type\":\"WebSite\",\"@id\":\"https:\/\/huayuansh.com\/#website\",\"url\":\"https:\/\/huayuansh.com\/\",\"name\":\"HUAYUAN RFID Tag Manufacturer\",\"description\":\"HUAYUAN RFID Tag Manufacturer\",\"publisher\":{\"@id\":\"https:\/\/huayuansh.com\/#organization\"},\"potentialAction\":[{\"@type\":\"SearchAction\",\"target\":{\"@type\":\"EntryPoint\",\"urlTemplate\":\"https:\/\/huayuansh.com\/?s={search_term_string}\"},\"query-input\":{\"@type\":\"PropertyValueSpecification\",\"valueRequired\":true,\"valueName\":\"search_term_string\"}}],\"inLanguage\":\"es\"},{\"@type\":\"Organization\",\"@id\":\"https:\/\/huayuansh.com\/#organization\",\"name\":\"HUAYUAN RFID Tag Manufacturer\",\"url\":\"https:\/\/huayuansh.com\/\",\"logo\":{\"@type\":\"ImageObject\",\"inLanguage\":\"es\",\"@id\":\"https:\/\/huayuansh.com\/#\/schema\/logo\/image\/\",\"url\":\"https:\/\/huayuansh.com\/wp-content\/uploads\/2024\/09\/cropped-HUAYUAN.webp\",\"contentUrl\":\"https:\/\/huayuansh.com\/wp-content\/uploads\/2024\/09\/cropped-HUAYUAN.webp\",\"width\":895,\"height\":279,\"caption\":\"HUAYUAN RFID Tag Manufacturer\"},\"image\":{\"@id\":\"https:\/\/huayuansh.com\/#\/schema\/logo\/image\/\"}}]}<\/script>\n<!-- \/ Yoast SEO Premium plugin. -->","yoast_head_json":{"title":"EcoTrack Smart Bin Tag | HUAYUAN Fabricante de etiquetas RFID","robots":{"index":"index","follow":"follow","max-snippet":"max-snippet:-1","max-image-preview":"max-image-preview:large","max-video-preview":"max-video-preview:-1"},"canonical":"https:\/\/huayuansh.com\/es\/productos\/etiquetas-rfid-industriales\/etiqueta-inteligente-ecotrack-para-contenedores\/","og_locale":"es_ES","og_type":"article","og_title":"EcoTrack Smart Bin Tag","og_description":"The EcoTrack Smart Bin Tag is designed to offer a flexible and intelligent solution for waste management. Constructed from durable plastic, this tag is engineered to withstand the toughest conditions, ensuring longevity and reliability. It can be easily affixed to waste bins using 3M adhesive tape or secure rivets, providing flexibility in installation. Our Smart...","og_url":"https:\/\/huayuansh.com\/es\/productos\/etiquetas-rfid-industriales\/etiqueta-inteligente-ecotrack-para-contenedores\/","og_site_name":"HUAYUAN RFID Tag Manufacturer","article_modified_time":"2024-08-07T01:13:12+00:00","og_image":[{"width":1920,"height":1080,"url":"https:\/\/huayuansh.com\/wp-content\/uploads\/2024\/08\/EcoTrack-Smart-Bin-Tag.webp","type":"image\/webp"}],"twitter_card":"summary_large_image","twitter_misc":{"Tiempo de lectura":"2 minutos"},"schema":{"@context":"https:\/\/schema.org","@graph":[{"@type":"WebPage","@id":"https:\/\/huayuansh.com\/products\/industrial-rfid-tags\/ecotrack-smart-bin-tag\/","url":"https:\/\/huayuansh.com\/products\/industrial-rfid-tags\/ecotrack-smart-bin-tag\/","name":"EcoTrack Smart Bin Tag | HUAYUAN Fabricante de etiquetas RFID","isPartOf":{"@id":"https:\/\/huayuansh.com\/#website"},"primaryImageOfPage":{"@id":"https:\/\/huayuansh.com\/products\/industrial-rfid-tags\/ecotrack-smart-bin-tag\/#primaryimage"},"image":{"@id":"https:\/\/huayuansh.com\/products\/industrial-rfid-tags\/ecotrack-smart-bin-tag\/#primaryimage"},"thumbnailUrl":"https:\/\/huayuansh.com\/wp-content\/uploads\/2024\/08\/EcoTrack-Smart-Bin-Tag.webp","datePublished":"2024-07-15T05:42:10+00:00","dateModified":"2024-08-07T01:13:12+00:00","breadcrumb":{"@id":"https:\/\/huayuansh.com\/products\/industrial-rfid-tags\/ecotrack-smart-bin-tag\/#breadcrumb"},"inLanguage":"es","potentialAction":[{"@type":"ReadAction","target":["https:\/\/huayuansh.com\/products\/industrial-rfid-tags\/ecotrack-smart-bin-tag\/"]}]},{"@type":"ImageObject","inLanguage":"es","@id":"https:\/\/huayuansh.com\/products\/industrial-rfid-tags\/ecotrack-smart-bin-tag\/#primaryimage","url":"https:\/\/huayuansh.com\/wp-content\/uploads\/2024\/08\/EcoTrack-Smart-Bin-Tag.webp","contentUrl":"https:\/\/huayuansh.com\/wp-content\/uploads\/2024\/08\/EcoTrack-Smart-Bin-Tag.webp","width":1920,"height":1080},{"@type":"BreadcrumbList","@id":"https:\/\/huayuansh.com\/products\/industrial-rfid-tags\/ecotrack-smart-bin-tag\/#breadcrumb","itemListElement":[{"@type":"ListItem","position":1,"name":"Home","item":"https:\/\/huayuansh.com\/"},{"@type":"ListItem","position":2,"name":"RFID Products","item":"https:\/\/huayuansh.com\/products\/"},{"@type":"ListItem","position":3,"name":"Industrial RFID Tags","item":"https:\/\/huayuansh.com\/products\/industrial-rfid-tags\/"},{"@type":"ListItem","position":4,"name":"EcoTrack Smart Bin Tag"}]},{"@type":"WebSite","@id":"https:\/\/huayuansh.com\/#website","url":"https:\/\/huayuansh.com\/","name":"Fabricante de etiquetas RFID HUAYUAN","description":"Fabricante de etiquetas RFID HUAYUAN","publisher":{"@id":"https:\/\/huayuansh.com\/#organization"},"potentialAction":[{"@type":"SearchAction","target":{"@type":"EntryPoint","urlTemplate":"https:\/\/huayuansh.com\/?s={search_term_string}"},"query-input":{"@type":"PropertyValueSpecification","valueRequired":true,"valueName":"search_term_string"}}],"inLanguage":"es"},{"@type":"Organization","@id":"https:\/\/huayuansh.com\/#organization","name":"Fabricante de etiquetas RFID HUAYUAN","url":"https:\/\/huayuansh.com\/","logo":{"@type":"ImageObject","inLanguage":"es","@id":"https:\/\/huayuansh.com\/#\/schema\/logo\/image\/","url":"https:\/\/huayuansh.com\/wp-content\/uploads\/2024\/09\/cropped-HUAYUAN.webp","contentUrl":"https:\/\/huayuansh.com\/wp-content\/uploads\/2024\/09\/cropped-HUAYUAN.webp","width":895,"height":279,"caption":"HUAYUAN RFID Tag Manufacturer"},"image":{"@id":"https:\/\/huayuansh.com\/#\/schema\/logo\/image\/"}}]}},"taxonomy_info":[],"featured_image_src_large":["https:\/\/huayuansh.com\/wp-content\/uploads\/2024\/08\/EcoTrack-Smart-Bin-Tag-1024x576.webp",1024,576,true],"author_info":{"display_name":"HUAYUAN","author_link":"https:\/\/huayuansh.com\/es\/author\/shyec2024\/"},"comment_info":0,"_links":{"self":[{"href":"https:\/\/huayuansh.com\/es\/wp-json\/wp\/v2\/pages\/3380","targetHints":{"allow":["GET"]}}],"collection":[{"href":"https:\/\/huayuansh.com\/es\/wp-json\/wp\/v2\/pages"}],"about":[{"href":"https:\/\/huayuansh.com\/es\/wp-json\/wp\/v2\/types\/page"}],"author":[{"embeddable":true,"href":"https:\/\/huayuansh.com\/es\/wp-json\/wp\/v2\/users\/1"}],"replies":[{"embeddable":true,"href":"https:\/\/huayuansh.com\/es\/wp-json\/wp\/v2\/comments?post=3380"}],"version-history":[{"count":3,"href":"https:\/\/huayuansh.com\/es\/wp-json\/wp\/v2\/pages\/3380\/revisions"}],"predecessor-version":[{"id":3588,"href":"https:\/\/huayuansh.com\/es\/wp-json\/wp\/v2\/pages\/3380\/revisions\/3588"}],"up":[{"embeddable":true,"href":"https:\/\/huayuansh.com\/es\/wp-json\/wp\/v2\/pages\/854"}],"wp:featuredmedia":[{"embeddable":true,"href":"https:\/\/huayuansh.com\/es\/wp-json\/wp\/v2\/media\/3585"}],"wp:attachment":[{"href":"https:\/\/huayuansh.com\/es\/wp-json\/wp\/v2\/media?parent=3380"}],"curies":[{"name":"wp","href":"https:\/\/api.w.org\/{rel}","templated":true}]}}