{"id":3384,"date":"2024-07-15T13:47:33","date_gmt":"2024-07-15T05:47:33","guid":{"rendered":"https:\/\/huayuansh.com\/?page_id=3384"},"modified":"2024-08-19T13:46:43","modified_gmt":"2024-08-19T05:46:43","slug":"etiqueta-rfid-flexible-para-metal","status":"publish","type":"page","link":"https:\/\/huayuansh.com\/es\/productos\/etiquetas-rfid-industriales\/etiqueta-rfid-flexible-para-metal\/","title":{"rendered":"Etiqueta RFID flexible sobre metal"},"content":{"rendered":"<p>Dado que la RFID es sensible al entorno met\u00e1lico, la distancia de lectura de las etiquetas RFID normales es muy corta o incluso ilegible una vez adheridas a superficies met\u00e1licas, por lo que la recopilaci\u00f3n de datos se enfrenta a grandes retos. La etiqueta RFID flexible sobre metal de HUAYUAN est\u00e1 dise\u00f1ada para etiquetar objetos y superficies met\u00e1licas, as\u00ed como objetos no met\u00e1licos. Su capa flexible de ferrita anti-metal y el dise\u00f1o optimizado de la antena de un rendimiento excepcional utilizado en muchas \u00e1reas de aplicaci\u00f3n, y las distancias de lectura equilibrada para dentro y fuera de la consistencia del metal.<\/p>\n\n\n\n<p>La etiqueta UHF anti-metal flexible es muy delgada, el espesor es de 1,2 mm, proporcionando una soluci\u00f3n fiable para las necesidades de impresi\u00f3n in situ de etiquetas RFID de activos, la etiqueta podr\u00eda ser f\u00e1cilmente impresa y codificada utilizando la impresora RFID (como SATO CL4NX,Toshiba SX-5).<\/p>\n\n\n\n<p>La etiqueta RFID sobre metal es suave y flexible, adecuada para superficies met\u00e1licas planas o ligeramente curvadas, como activos inform\u00e1ticos, dispositivos m\u00e9dicos, tuber\u00edas met\u00e1licas, contenedores met\u00e1licos, etc. Se trata de una etiqueta RFID antimetal de alto rendimiento y rentabilidad, ligera, flexible, imprimible y vers\u00e1til, y con un coste inferior al de la mayor\u00eda de las etiquetas de este tipo.&nbsp;<a href=\"https:\/\/huayuansh.com\/products\/rfid-labels-tags\/metal-mount-rfid-tags\/\">Etiquetas RFID de metal duro<\/a>. Hasta ahora, HUAYUAN ha lanzado una serie de etiquetas RFID antimetal flexibles y rentables.<\/p>\n\n\n\n<h2 class=\"wp-block-heading\" id=\"h-features-of-printable-flexible-on-metal-rfid-tag\">Caracter\u00edsticas de la etiqueta RFID imprimible flexible sobre metal<\/h2>\n\n\n\n<ul class=\"wp-block-list\">\n<li>Rendimiento RFID ideal en superficies met\u00e1licas<\/li>\n\n\n\n<li>Dise\u00f1o ultrapeque\u00f1o y ultrafino, s\u00f3lo 1,2 mm, apto para impresi\u00f3n por transferencia t\u00e9rmica<\/li>\n\n\n\n<li>La etiqueta flexible puede adaptarse a superficies curvas<\/li>\n\n\n\n<li>Admite frecuencias FCC y ETSI<\/li>\n<\/ul>\n\n\n\n<h2 class=\"wp-block-heading\" id=\"h-browse-our-printable-flexible-on-metal-rfid-tags\">Examine nuestras etiquetas RFID imprimibles flexibles sobre metal<\/h2>\n\n\n\n<figure class=\"wp-block-table\"><table><tbody><tr><td>Producto<\/td><td>Modelo de producto<\/td><td>Dimensi\u00f3n<\/td><td>Frecuencia<\/td><td>Chip<\/td><td>Rango de lectura (en metal)<br>FCC \/ ETSI<\/td><\/tr><tr><td><img loading=\"lazy\" decoding=\"async\" width=\"150\" height=\"113\" class=\"wp-image-3659\" style=\"width: 150px;\" src=\"https:\/\/huayuansh.com\/wp-content\/uploads\/2024\/08\/HFM-3015R6.webp\" alt=\"\" srcset=\"https:\/\/huayuansh.com\/wp-content\/uploads\/2024\/08\/HFM-3015R6.webp 400w, https:\/\/huayuansh.com\/wp-content\/uploads\/2024\/08\/HFM-3015R6-300x225.webp 300w\" sizes=\"auto, (max-width: 150px) 100vw, 150px\" \/><\/td><td>HFM-3015R6<\/td><td>30 x 15 x 1,2 mm<\/td><td>FCC: 902-928MHz<br>ETSI: 866-868MHz<\/td><td>R6<\/td><td>0,5~1M \/ 0,5~1M <\/td><\/tr><tr><td><img loading=\"lazy\" decoding=\"async\" width=\"150\" height=\"113\" class=\"wp-image-3658\" style=\"width: 150px;\" src=\"https:\/\/huayuansh.com\/wp-content\/uploads\/2024\/08\/HFM-4518U8.webp\" alt=\"\" srcset=\"https:\/\/huayuansh.com\/wp-content\/uploads\/2024\/08\/HFM-4518U8.webp 400w, https:\/\/huayuansh.com\/wp-content\/uploads\/2024\/08\/HFM-4518U8-300x225.webp 300w\" sizes=\"auto, (max-width: 150px) 100vw, 150px\" \/><\/td><td>HFM-4518U8<\/td><td>45 x 18 x 1,2 mm<\/td><td>FCC: 902-928MHz<br>ETSI: 866-868MHz<\/td><td>U8<\/td><td>1,5~2,5M \/ 1~2M<\/td><\/tr><tr><td><img loading=\"lazy\" decoding=\"async\" width=\"150\" height=\"113\" class=\"wp-image-3657\" style=\"width: 150px;\" src=\"https:\/\/huayuansh.com\/wp-content\/uploads\/2024\/08\/HFM-5015U8.webp\" alt=\"\" srcset=\"https:\/\/huayuansh.com\/wp-content\/uploads\/2024\/08\/HFM-5015U8.webp 400w, https:\/\/huayuansh.com\/wp-content\/uploads\/2024\/08\/HFM-5015U8-300x225.webp 300w\" sizes=\"auto, (max-width: 150px) 100vw, 150px\" \/><\/td><td>HFM-5015U8<\/td><td>50 x 15 x 1,2 mm<\/td><td>FCC: 902-928MHz<br>ETSI: 866-868MHz<\/td><td>U8<\/td><td>3,5~5M \/ 3~4M<\/td><\/tr><tr><td><img loading=\"lazy\" decoding=\"async\" width=\"150\" height=\"113\" class=\"wp-image-3656\" style=\"width: 150px;\" src=\"https:\/\/huayuansh.com\/wp-content\/uploads\/2024\/08\/HFM-6025R6.webp\" alt=\"\" srcset=\"https:\/\/huayuansh.com\/wp-content\/uploads\/2024\/08\/HFM-6025R6.webp 400w, https:\/\/huayuansh.com\/wp-content\/uploads\/2024\/08\/HFM-6025R6-300x225.webp 300w\" sizes=\"auto, (max-width: 150px) 100vw, 150px\" \/><\/td><td>HFM-6025R6<\/td><td>60 x 25 x 1,2 mm<\/td><td>FCC: 902-928MHz<br>ETSI: 866-868MHz<\/td><td>R6<\/td><td>5~6M \/ 4~5M<\/td><\/tr><tr><td><img loading=\"lazy\" decoding=\"async\" width=\"150\" height=\"113\" class=\"wp-image-3655\" style=\"width: 150px;\" src=\"https:\/\/huayuansh.com\/wp-content\/uploads\/2024\/08\/HFM-7018U8.webp\" alt=\"\" srcset=\"https:\/\/huayuansh.com\/wp-content\/uploads\/2024\/08\/HFM-7018U8.webp 400w, https:\/\/huayuansh.com\/wp-content\/uploads\/2024\/08\/HFM-7018U8-300x225.webp 300w\" sizes=\"auto, (max-width: 150px) 100vw, 150px\" \/><\/td><td>HFM-7018U8<\/td><td>70 x 18 x 1,2 mm<\/td><td>FCC: 902-928MHz<br>ETSI: 866-868MHz<\/td><td>U8<\/td><td>6~7M \/ 5~6M<\/td><\/tr><tr><td><img loading=\"lazy\" decoding=\"async\" width=\"150\" height=\"113\" class=\"wp-image-3654\" style=\"width: 150px;\" src=\"https:\/\/huayuansh.com\/wp-content\/uploads\/2024\/08\/HFM-8025R6.webp\" alt=\"\" srcset=\"https:\/\/huayuansh.com\/wp-content\/uploads\/2024\/08\/HFM-8025R6.webp 400w, https:\/\/huayuansh.com\/wp-content\/uploads\/2024\/08\/HFM-8025R6-300x225.webp 300w\" sizes=\"auto, (max-width: 150px) 100vw, 150px\" \/><\/td><td>HFM-8025R6<\/td><td>80 x 25 x 1,2 mm<\/td><td>FCC: 902-928MHz<br>ETSI: 866-868MHz<\/td><td>R6<\/td><td>6~7M \/ 5~6M<\/td><\/tr><\/tbody><\/table><\/figure>\n\n\n\n<h3 class=\"wp-block-heading\" id=\"h-applications-of-flexible-on-metal-rfid-tag\">Aplicaciones de la etiqueta RFID flexible sobre metal<\/h3>\n\n\n\n<ul class=\"wp-block-list\">\n<li>Gesti\u00f3n de activos inform\u00e1ticos, instalaciones m\u00e9dicas<\/li>\n\n\n\n<li>Identificaci\u00f3n de la gesti\u00f3n de existencias en art\u00edculos met\u00e1licos<\/li>\n\n\n\n<li>Identidad para la fabricaci\u00f3n de tuber\u00edas industriales y piezas met\u00e1licas<\/li>\n\n\n\n<li>Gesti\u00f3n de la cadena de suministro y log\u00edstica<\/li>\n\n\n\n<li>Extintores, andamios, bandejas de acero, carros, barriles de cerveza, bombonas de gas, piezas mec\u00e1nicas, dep\u00f3sitos de l\u00edquidos, cubos de pinturagesti\u00f3n<\/li>\n<\/ul>\n\n\n\n<h4 class=\"wp-block-heading\" id=\"h-get-in-touch\">P\u00f3ngase en contacto<\/h4>\n\n\n\n<p>Para m\u00e1s informaci\u00f3n sobre las etiquetas RFID imprimibles flexibles sobre metal de Huayuan, p\u00f3ngase en contacto con nuestro equipo de ventas.<\/p>\n\n\n<style>.wp-block-kadence-advancedbtn.kb-btns3384_d9980c-d8{gap:var(--global-kb-gap-xs, 0.5rem );justify-content:flex-start;align-items:center;}.kt-btns3384_d9980c-d8 .kt-button{font-weight:normal;font-style:normal;}.kt-btns3384_d9980c-d8 .kt-btn-wrap-0{margin-right:5px;}.wp-block-kadence-advancedbtn.kt-btns3384_d9980c-d8 .kt-btn-wrap-0 .kt-button{color:#555555;border-color:#555555;}.wp-block-kadence-advancedbtn.kt-btns3384_d9980c-d8 .kt-btn-wrap-0 .kt-button:hover, .wp-block-kadence-advancedbtn.kt-btns3384_d9980c-d8 .kt-btn-wrap-0 .kt-button:focus{color:#ffffff;border-color:#444444;}.wp-block-kadence-advancedbtn.kt-btns3384_d9980c-d8 .kt-btn-wrap-0 .kt-button::before{display:none;}.wp-block-kadence-advancedbtn.kt-btns3384_d9980c-d8 .kt-btn-wrap-0 .kt-button:hover, .wp-block-kadence-advancedbtn.kt-btns3384_d9980c-d8 .kt-btn-wrap-0 .kt-button:focus{background:#444444;}<\/style>\n<div class=\"wp-block-kadence-advancedbtn kb-buttons-wrap kb-btns3384_d9980c-d8\"><style>ul.menu .wp-block-kadence-advancedbtn .kb-btn3384_be194d-a1.kb-button{width:initial;}<\/style><a class=\"kb-button kt-button button kb-btn3384_be194d-a1 kt-btn-size-standard kt-btn-width-type-auto kb-btn-global-inherit  kt-btn-has-text-true kt-btn-has-svg-false  wp-block-button__link wp-block-kadence-singlebtn\" href=\"https:\/\/huayuansh.com\/contact-us\/\"><span class=\"kt-btn-inner-text\">Contacte con nosotros<\/span><\/a><\/div>","protected":false},"excerpt":{"rendered":"<p>Dado que la RFID es sensible al entorno met\u00e1lico, la distancia de lectura de las etiquetas RFID normales es muy corta o incluso ilegible una vez adheridas a superficies met\u00e1licas, por lo que la recopilaci\u00f3n de datos se enfrenta a grandes retos. La etiqueta RFID flexible sobre metal de HUAYUAN est\u00e1 dise\u00f1ada para etiquetar objetos y superficies met\u00e1licas, as\u00ed como objetos no met\u00e1licos. Su capa flexible de ferrita antimetal...<\/p>","protected":false},"author":1,"featured_media":3660,"parent":854,"menu_order":0,"comment_status":"closed","ping_status":"closed","template":"","meta":{"_kad_blocks_custom_css":"","_kad_blocks_head_custom_js":"","_kad_blocks_body_custom_js":"","_kad_blocks_footer_custom_js":"","_kadence_starter_templates_imported_post":false,"_kad_post_transparent":"","_kad_post_title":"","_kad_post_layout":"","_kad_post_sidebar_id":"","_kad_post_content_style":"","_kad_post_vertical_padding":"","_kad_post_feature":"","_kad_post_feature_position":"","_kad_post_header":false,"_kad_post_footer":false,"footnotes":""},"class_list":["post-3384","page","type-page","status-publish","has-post-thumbnail","hentry"],"yoast_head":"<!-- This site is optimized with the Yoast SEO Premium plugin v23.0 (Yoast SEO v26.3) - https:\/\/yoast.com\/wordpress\/plugins\/seo\/ -->\n<title>Flexible On Metal RFID Tag | HUAYUAN RFID Tag Manufacturer<\/title>\n<meta name=\"description\" content=\"UHF EPC GEN2 passive flexible waterproof on metal RFID tag, long-range up to 6 meters, designed especially for harsh metal environment.\" \/>\n<meta name=\"robots\" content=\"index, follow, max-snippet:-1, max-image-preview:large, max-video-preview:-1\" \/>\n<link rel=\"canonical\" href=\"https:\/\/huayuansh.com\/es\/productos\/etiquetas-rfid-industriales\/etiqueta-rfid-flexible-para-metal\/\" \/>\n<meta property=\"og:locale\" content=\"es_ES\" \/>\n<meta property=\"og:type\" content=\"article\" \/>\n<meta property=\"og:title\" content=\"Flexible On Metal RFID Tag\" \/>\n<meta property=\"og:description\" content=\"UHF EPC GEN2 passive flexible waterproof on metal RFID tag, long-range up to 6 meters, designed especially for harsh metal environment.\" \/>\n<meta property=\"og:url\" content=\"https:\/\/huayuansh.com\/es\/productos\/etiquetas-rfid-industriales\/etiqueta-rfid-flexible-para-metal\/\" \/>\n<meta property=\"og:site_name\" content=\"HUAYUAN RFID Tag Manufacturer\" \/>\n<meta property=\"article:modified_time\" content=\"2024-08-19T05:46:43+00:00\" \/>\n<meta property=\"og:image\" content=\"https:\/\/huayuansh.com\/wp-content\/uploads\/2024\/08\/Printable-Flexible-On-Metal-RFID-Tag.webp\" \/>\n\t<meta property=\"og:image:width\" content=\"1920\" \/>\n\t<meta property=\"og:image:height\" content=\"1080\" \/>\n\t<meta property=\"og:image:type\" content=\"image\/webp\" \/>\n<meta name=\"twitter:card\" content=\"summary_large_image\" \/>\n<meta name=\"twitter:label1\" content=\"Tiempo de lectura\" \/>\n\t<meta name=\"twitter:data1\" content=\"4 minutos\" \/>\n<script type=\"application\/ld+json\" class=\"yoast-schema-graph\">{\"@context\":\"https:\/\/schema.org\",\"@graph\":[{\"@type\":\"WebPage\",\"@id\":\"https:\/\/huayuansh.com\/products\/industrial-rfid-tags\/flexible-on-metal-rfid-tag\/\",\"url\":\"https:\/\/huayuansh.com\/products\/industrial-rfid-tags\/flexible-on-metal-rfid-tag\/\",\"name\":\"Flexible On Metal RFID Tag | HUAYUAN RFID Tag Manufacturer\",\"isPartOf\":{\"@id\":\"https:\/\/huayuansh.com\/#website\"},\"primaryImageOfPage\":{\"@id\":\"https:\/\/huayuansh.com\/products\/industrial-rfid-tags\/flexible-on-metal-rfid-tag\/#primaryimage\"},\"image\":{\"@id\":\"https:\/\/huayuansh.com\/products\/industrial-rfid-tags\/flexible-on-metal-rfid-tag\/#primaryimage\"},\"thumbnailUrl\":\"https:\/\/huayuansh.com\/wp-content\/uploads\/2024\/08\/Printable-Flexible-On-Metal-RFID-Tag.webp\",\"datePublished\":\"2024-07-15T05:47:33+00:00\",\"dateModified\":\"2024-08-19T05:46:43+00:00\",\"description\":\"UHF EPC GEN2 passive flexible waterproof on metal RFID tag, long-range up to 6 meters, designed especially for harsh metal environment.\",\"breadcrumb\":{\"@id\":\"https:\/\/huayuansh.com\/products\/industrial-rfid-tags\/flexible-on-metal-rfid-tag\/#breadcrumb\"},\"inLanguage\":\"es\",\"potentialAction\":[{\"@type\":\"ReadAction\",\"target\":[\"https:\/\/huayuansh.com\/products\/industrial-rfid-tags\/flexible-on-metal-rfid-tag\/\"]}]},{\"@type\":\"ImageObject\",\"inLanguage\":\"es\",\"@id\":\"https:\/\/huayuansh.com\/products\/industrial-rfid-tags\/flexible-on-metal-rfid-tag\/#primaryimage\",\"url\":\"https:\/\/huayuansh.com\/wp-content\/uploads\/2024\/08\/Printable-Flexible-On-Metal-RFID-Tag.webp\",\"contentUrl\":\"https:\/\/huayuansh.com\/wp-content\/uploads\/2024\/08\/Printable-Flexible-On-Metal-RFID-Tag.webp\",\"width\":1920,\"height\":1080},{\"@type\":\"BreadcrumbList\",\"@id\":\"https:\/\/huayuansh.com\/products\/industrial-rfid-tags\/flexible-on-metal-rfid-tag\/#breadcrumb\",\"itemListElement\":[{\"@type\":\"ListItem\",\"position\":1,\"name\":\"Home\",\"item\":\"https:\/\/huayuansh.com\/\"},{\"@type\":\"ListItem\",\"position\":2,\"name\":\"RFID Products\",\"item\":\"https:\/\/huayuansh.com\/products\/\"},{\"@type\":\"ListItem\",\"position\":3,\"name\":\"Industrial RFID Tags\",\"item\":\"https:\/\/huayuansh.com\/products\/industrial-rfid-tags\/\"},{\"@type\":\"ListItem\",\"position\":4,\"name\":\"Flexible On Metal RFID Tag\"}]},{\"@type\":\"WebSite\",\"@id\":\"https:\/\/huayuansh.com\/#website\",\"url\":\"https:\/\/huayuansh.com\/\",\"name\":\"HUAYUAN RFID Tag Manufacturer\",\"description\":\"HUAYUAN RFID Tag Manufacturer\",\"publisher\":{\"@id\":\"https:\/\/huayuansh.com\/#organization\"},\"potentialAction\":[{\"@type\":\"SearchAction\",\"target\":{\"@type\":\"EntryPoint\",\"urlTemplate\":\"https:\/\/huayuansh.com\/?s={search_term_string}\"},\"query-input\":{\"@type\":\"PropertyValueSpecification\",\"valueRequired\":true,\"valueName\":\"search_term_string\"}}],\"inLanguage\":\"es\"},{\"@type\":\"Organization\",\"@id\":\"https:\/\/huayuansh.com\/#organization\",\"name\":\"HUAYUAN RFID Tag Manufacturer\",\"url\":\"https:\/\/huayuansh.com\/\",\"logo\":{\"@type\":\"ImageObject\",\"inLanguage\":\"es\",\"@id\":\"https:\/\/huayuansh.com\/#\/schema\/logo\/image\/\",\"url\":\"https:\/\/huayuansh.com\/wp-content\/uploads\/2024\/09\/cropped-HUAYUAN.webp\",\"contentUrl\":\"https:\/\/huayuansh.com\/wp-content\/uploads\/2024\/09\/cropped-HUAYUAN.webp\",\"width\":895,\"height\":279,\"caption\":\"HUAYUAN RFID Tag Manufacturer\"},\"image\":{\"@id\":\"https:\/\/huayuansh.com\/#\/schema\/logo\/image\/\"}}]}<\/script>\n<!-- \/ Yoast SEO Premium plugin. -->","yoast_head_json":{"title":"Etiqueta RFID flexible sobre metal | HUAYUAN RFID Tag Manufacturer","description":"Etiqueta RFID UHF EPC GEN2 pasiva flexible resistente al agua sobre metal, de largo alcance de hasta 6 metros, dise\u00f1ada especialmente para entornos met\u00e1licos agresivos.","robots":{"index":"index","follow":"follow","max-snippet":"max-snippet:-1","max-image-preview":"max-image-preview:large","max-video-preview":"max-video-preview:-1"},"canonical":"https:\/\/huayuansh.com\/es\/productos\/etiquetas-rfid-industriales\/etiqueta-rfid-flexible-para-metal\/","og_locale":"es_ES","og_type":"article","og_title":"Flexible On Metal RFID Tag","og_description":"UHF EPC GEN2 passive flexible waterproof on metal RFID tag, long-range up to 6 meters, designed especially for harsh metal environment.","og_url":"https:\/\/huayuansh.com\/es\/productos\/etiquetas-rfid-industriales\/etiqueta-rfid-flexible-para-metal\/","og_site_name":"HUAYUAN RFID Tag Manufacturer","article_modified_time":"2024-08-19T05:46:43+00:00","og_image":[{"width":1920,"height":1080,"url":"https:\/\/huayuansh.com\/wp-content\/uploads\/2024\/08\/Printable-Flexible-On-Metal-RFID-Tag.webp","type":"image\/webp"}],"twitter_card":"summary_large_image","twitter_misc":{"Tiempo de lectura":"4 minutos"},"schema":{"@context":"https:\/\/schema.org","@graph":[{"@type":"WebPage","@id":"https:\/\/huayuansh.com\/products\/industrial-rfid-tags\/flexible-on-metal-rfid-tag\/","url":"https:\/\/huayuansh.com\/products\/industrial-rfid-tags\/flexible-on-metal-rfid-tag\/","name":"Etiqueta RFID flexible sobre metal | HUAYUAN RFID Tag Manufacturer","isPartOf":{"@id":"https:\/\/huayuansh.com\/#website"},"primaryImageOfPage":{"@id":"https:\/\/huayuansh.com\/products\/industrial-rfid-tags\/flexible-on-metal-rfid-tag\/#primaryimage"},"image":{"@id":"https:\/\/huayuansh.com\/products\/industrial-rfid-tags\/flexible-on-metal-rfid-tag\/#primaryimage"},"thumbnailUrl":"https:\/\/huayuansh.com\/wp-content\/uploads\/2024\/08\/Printable-Flexible-On-Metal-RFID-Tag.webp","datePublished":"2024-07-15T05:47:33+00:00","dateModified":"2024-08-19T05:46:43+00:00","description":"Etiqueta RFID UHF EPC GEN2 pasiva flexible resistente al agua sobre metal, de largo alcance de hasta 6 metros, dise\u00f1ada especialmente para entornos met\u00e1licos agresivos.","breadcrumb":{"@id":"https:\/\/huayuansh.com\/products\/industrial-rfid-tags\/flexible-on-metal-rfid-tag\/#breadcrumb"},"inLanguage":"es","potentialAction":[{"@type":"ReadAction","target":["https:\/\/huayuansh.com\/products\/industrial-rfid-tags\/flexible-on-metal-rfid-tag\/"]}]},{"@type":"ImageObject","inLanguage":"es","@id":"https:\/\/huayuansh.com\/products\/industrial-rfid-tags\/flexible-on-metal-rfid-tag\/#primaryimage","url":"https:\/\/huayuansh.com\/wp-content\/uploads\/2024\/08\/Printable-Flexible-On-Metal-RFID-Tag.webp","contentUrl":"https:\/\/huayuansh.com\/wp-content\/uploads\/2024\/08\/Printable-Flexible-On-Metal-RFID-Tag.webp","width":1920,"height":1080},{"@type":"BreadcrumbList","@id":"https:\/\/huayuansh.com\/products\/industrial-rfid-tags\/flexible-on-metal-rfid-tag\/#breadcrumb","itemListElement":[{"@type":"ListItem","position":1,"name":"Home","item":"https:\/\/huayuansh.com\/"},{"@type":"ListItem","position":2,"name":"RFID Products","item":"https:\/\/huayuansh.com\/products\/"},{"@type":"ListItem","position":3,"name":"Industrial RFID Tags","item":"https:\/\/huayuansh.com\/products\/industrial-rfid-tags\/"},{"@type":"ListItem","position":4,"name":"Flexible On Metal RFID Tag"}]},{"@type":"WebSite","@id":"https:\/\/huayuansh.com\/#website","url":"https:\/\/huayuansh.com\/","name":"Fabricante de etiquetas RFID HUAYUAN","description":"Fabricante de etiquetas RFID HUAYUAN","publisher":{"@id":"https:\/\/huayuansh.com\/#organization"},"potentialAction":[{"@type":"SearchAction","target":{"@type":"EntryPoint","urlTemplate":"https:\/\/huayuansh.com\/?s={search_term_string}"},"query-input":{"@type":"PropertyValueSpecification","valueRequired":true,"valueName":"search_term_string"}}],"inLanguage":"es"},{"@type":"Organization","@id":"https:\/\/huayuansh.com\/#organization","name":"Fabricante de etiquetas RFID HUAYUAN","url":"https:\/\/huayuansh.com\/","logo":{"@type":"ImageObject","inLanguage":"es","@id":"https:\/\/huayuansh.com\/#\/schema\/logo\/image\/","url":"https:\/\/huayuansh.com\/wp-content\/uploads\/2024\/09\/cropped-HUAYUAN.webp","contentUrl":"https:\/\/huayuansh.com\/wp-content\/uploads\/2024\/09\/cropped-HUAYUAN.webp","width":895,"height":279,"caption":"HUAYUAN RFID Tag Manufacturer"},"image":{"@id":"https:\/\/huayuansh.com\/#\/schema\/logo\/image\/"}}]}},"taxonomy_info":[],"featured_image_src_large":["https:\/\/huayuansh.com\/wp-content\/uploads\/2024\/08\/Printable-Flexible-On-Metal-RFID-Tag-1024x576.webp",1024,576,true],"author_info":{"display_name":"HUAYUAN","author_link":"https:\/\/huayuansh.com\/es\/author\/shyec2024\/"},"comment_info":0,"_links":{"self":[{"href":"https:\/\/huayuansh.com\/es\/wp-json\/wp\/v2\/pages\/3384","targetHints":{"allow":["GET"]}}],"collection":[{"href":"https:\/\/huayuansh.com\/es\/wp-json\/wp\/v2\/pages"}],"about":[{"href":"https:\/\/huayuansh.com\/es\/wp-json\/wp\/v2\/types\/page"}],"author":[{"embeddable":true,"href":"https:\/\/huayuansh.com\/es\/wp-json\/wp\/v2\/users\/1"}],"replies":[{"embeddable":true,"href":"https:\/\/huayuansh.com\/es\/wp-json\/wp\/v2\/comments?post=3384"}],"version-history":[{"count":3,"href":"https:\/\/huayuansh.com\/es\/wp-json\/wp\/v2\/pages\/3384\/revisions"}],"predecessor-version":[{"id":3680,"href":"https:\/\/huayuansh.com\/es\/wp-json\/wp\/v2\/pages\/3384\/revisions\/3680"}],"up":[{"embeddable":true,"href":"https:\/\/huayuansh.com\/es\/wp-json\/wp\/v2\/pages\/854"}],"wp:featuredmedia":[{"embeddable":true,"href":"https:\/\/huayuansh.com\/es\/wp-json\/wp\/v2\/media\/3660"}],"wp:attachment":[{"href":"https:\/\/huayuansh.com\/es\/wp-json\/wp\/v2\/media?parent=3384"}],"curies":[{"name":"wp","href":"https:\/\/api.w.org\/{rel}","templated":true}]}}