{"id":3390,"date":"2024-07-15T13:57:34","date_gmt":"2024-07-15T05:57:34","guid":{"rendered":"https:\/\/huayuansh.com\/?page_id=3390"},"modified":"2025-02-26T11:11:09","modified_gmt":"2025-02-26T03:11:09","slug":"etiqueta-adhesiva-micro-rfid-fpc","status":"publish","type":"page","link":"https:\/\/huayuansh.com\/es\/productos\/etiquetas-rfid-industriales\/etiqueta-adhesiva-micro-rfid-fpc\/","title":{"rendered":"Etiqueta adhesiva micro RFID FPC"},"content":{"rendered":"<p>La etiqueta Micro NFC de HUAYUAN es la soluci\u00f3n definitiva para proyectos que requieren una etiqueta RFID peque\u00f1a, eficiente y fiable. A diferencia de las etiquetas tradicionales de PVC laminado o antenas de aluminio, nuestra etiqueta micro NFC utiliza un material de vanguardia FPC (Flexible Printed Circuit Board) con una antena de cobre duradera, que ofrece una estabilidad superior, resistencia al grabado, y un tama\u00f1o significativamente m\u00e1s peque\u00f1o. Dise\u00f1ada para satisfacer la creciente demanda de etiquetas NFC y RFID miniaturizadas, esta etiqueta es perfecta para diversos sectores, como la verificaci\u00f3n de identidad, el seguimiento electr\u00f3nico, la gesti\u00f3n de inventarios y la autenticaci\u00f3n de productos.<\/p>\n\n\n\n<p>Tanto si integra esta microetiqueta en un sistema de gesti\u00f3n de inventario como si la incrusta en un producto inteligente para mejorar la interacci\u00f3n con el usuario, nuestra microetiqueta NFC ofrece una soluci\u00f3n eficaz, personalizable y robusta. Explore c\u00f3mo nuestra innovadora tecnolog\u00eda puede satisfacer las necesidades espec\u00edficas de su pr\u00f3ximo proyecto.<\/p>\n\n\n\n<h2 class=\"wp-block-heading\" id=\"h-features-of-micro-rfid-tag\"><strong>Caracter\u00edsticas<\/strong> de la microetiqueta RFID<\/h2>\n\n\n\n<p><strong>Dise\u00f1o ultrafino y flexible<\/strong><br>El adhesivo Micro RFID FPC tiene un grosor de s\u00f3lo una fracci\u00f3n de mil\u00edmetro, lo que lo hace ideal para aplicaciones en las que el espacio es escaso. Su flexibilidad le permite adaptarse a superficies no planas, garantizando un funcionamiento fiable incluso en entornos dif\u00edciles.<\/p>\n\n\n\n<p><strong>Tecnolog\u00eda RFID de alto rendimiento<\/strong><br>A pesar de su peque\u00f1o tama\u00f1o, el adhesivo ofrece un s\u00f3lido rendimiento RFID con un amplio rango de lectura. Funciona eficazmente en toda una gama de frecuencias, por lo que es compatible con varios lectores y sistemas RFID.<\/p>\n\n\n\n<p><strong>Duradero y de larga duraci\u00f3n<\/strong><br>Fabricado con materiales de alta calidad, este adhesivo es resistente al desgaste, la humedad y las fluctuaciones de temperatura. Esta durabilidad garantiza una larga vida \u00fatil, incluso en entornos dif\u00edciles.<\/p>\n\n\n\n<p><strong>F\u00e1cil integraci\u00f3n<\/strong><br>La pegatina Micro RFID FPC est\u00e1 dise\u00f1ada para integrarse perfectamente en los sistemas existentes. Tanto si necesita realizar un seguimiento de activos, gestionar inventarios o implementar un etiquetado inteligente, esta pegatina puede incrustarse sin esfuerzo en sus productos o embalajes.<\/p>\n\n\n\n<h2 class=\"wp-block-heading\" id=\"h-enhance-your-projects-with-micro-nfc-tag\">Mejore sus proyectos con la etiqueta Micro NFC<\/h2>\n\n\n\n<p>La etiqueta Micro RFID es una soluci\u00f3n ideal para una amplia gama de sectores que requieren una tecnolog\u00eda NFC\/RFID compacta, duradera y de alto rendimiento. Su peque\u00f1o tama\u00f1o, flexibilidad y dise\u00f1o robusto la hacen especialmente adecuada para las siguientes aplicaciones:<\/p>\n\n\n\n<ul class=\"wp-block-list\">\n<li><strong>Venta al por menor de moda de gama alta<\/strong>: Integraci\u00f3n perfecta en prendas de vestir, calzado y accesorios de lujo para la autenticaci\u00f3n de marcas, la lucha contra la falsificaci\u00f3n y la mejora del compromiso del cliente a trav\u00e9s de experiencias interactivas.<\/li>\n\n\n\n<li><strong>Electr\u00f3nica de consumo<\/strong>: Incrustar en dispositivos para la identificaci\u00f3n de productos, la gesti\u00f3n de garant\u00edas y la interacci\u00f3n con el usuario, permitiendo un acceso r\u00e1pido a la informaci\u00f3n del producto o a los servicios de asistencia.<\/li>\n\n\n\n<li><strong>Gafas<\/strong>: Incorp\u00f3relo a gafas o gafas de sol para la protecci\u00f3n de la marca, la lucha contra la falsificaci\u00f3n y los programas de fidelizaci\u00f3n de clientes.<\/li>\n\n\n\n<li><strong>Juguetes y juegos<\/strong>: Mejore las experiencias de juego incrustando etiquetas en los juguetes para obtener funciones interactivas.<\/li>\n\n\n\n<li><strong>Productos sanitarios<\/strong>: Garantice la trazabilidad y autenticidad de los dispositivos m\u00e9dicos y la tecnolog\u00eda sanitaria port\u00e1til, al tiempo que permite la interacci\u00f3n con los datos de los pacientes o la gesti\u00f3n de inventarios.<\/li>\n<\/ul>\n\n\n\n<h3 class=\"wp-block-heading\" id=\"h-specifications\"><strong>Especificaciones<\/strong><\/h3>\n\n\n\n<figure class=\"wp-block-table\"><table><tbody><tr><td>Art\u00edculo<\/td><td>Etiqueta FPC Micro NFC, etiqueta FPC RFID<\/td><\/tr><tr><td>Frecuencia<\/td><td>13.56MHz(HF)\/860-960MHz(UHF)<\/td><\/tr><tr><td>Protocal<\/td><td>ISO 14443A\/ ISO15693(HF)\/ISO18000-6C(UHF)<\/td><\/tr><tr><td rowspan=\"2\">Chip<\/td><td>HF: NTAG\u00ae213, NTAG\u00ae215, NTAG\u00ae216 etc. (NTAG\u00ae es una marca registrada de NXP B.V.)<\/td><\/tr><tr><td>UHF<\/td><\/tr><tr><td><strong>Dimensi\u00f3n<\/strong><\/td><td>Dia.5mm, 10mm, 20mm, 25mm<br>5x5mm, 10x10mm, 15x15mm, 25x25mm<br>o personalizado<\/td><\/tr><tr><td>Espesor<\/td><td>Aproximadamente 0,8 mm<\/td><\/tr><tr><td>Impresi\u00f3n<\/td><td>Impresi\u00f3n de logotipos<\/td><\/tr><tr><td>Artesan\u00eda<\/td><td>- Capa anti metal<br>- Impresi\u00f3n de n\u00fameros de serie, c\u00f3digos de barras, QR y UID<br>- Codificaci\u00f3n \/ Programable<\/td><\/tr><tr><td>Muestra<\/td><td>Muestra gratuita disponible<\/td><\/tr><\/tbody><\/table><\/figure>\n\n\n\n<p><\/p>\n\n\n\n<figure class=\"wp-block-table\"><table class=\"has-fixed-layout\"><tbody><tr><td colspan=\"4\"><strong>Micro etiquetas NFC tama\u00f1o existente para opcional<\/strong><\/td><\/tr><tr><td>Dimensi\u00f3n<\/td><td>Chip<\/td><td>Leer a distancia<\/td><td>Nota<\/td><\/tr><tr><td>5x5mm<\/td><td>NFC<\/td><td>10 mm<\/td><td><\/td><\/tr><tr><td>10x10mm<\/td><td>NFC<\/td><td>20 mm<\/td><td><\/td><\/tr><tr><td>15x15mm<\/td><td>NFC<\/td><td>35 mm<\/td><td><\/td><\/tr><tr><td>Dia. 5mm<\/td><td>NFC<\/td><td>10 mm<\/td><td><\/td><\/tr><tr><td>Dia. 10 mm<\/td><td>NFC<\/td><td>17 mm<\/td><td><\/td><\/tr><tr><td>Dia. 20 mm<\/td><td>NFC<\/td><td>20 mm<\/td><td>Anti-Metal<\/td><\/tr><tr><td>Dia. 25 mm<\/td><td>NFC<\/td><td>40 mm<\/td><td><\/td><\/tr><\/tbody><\/table><\/figure>\n\n\n\n<h4 class=\"wp-block-heading\" id=\"h-get-in-touch\">P\u00f3ngase en contacto<\/h4>\n\n\n\n<p>Para m\u00e1s informaci\u00f3n sobre las etiquetas Micro RFID de Huayuan, p\u00f3ngase en contacto con nuestro equipo de ventas.<\/p>\n\n\n<style>.wp-block-kadence-advancedbtn.kb-btns3390_bce32f-cd{gap:var(--global-kb-gap-xs, 0.5rem );justify-content:flex-start;align-items:center;}.kt-btns3390_bce32f-cd .kt-button{font-weight:normal;font-style:normal;}.kt-btns3390_bce32f-cd .kt-btn-wrap-0{margin-right:5px;}.wp-block-kadence-advancedbtn.kt-btns3390_bce32f-cd .kt-btn-wrap-0 .kt-button{color:#555555;border-color:#555555;}.wp-block-kadence-advancedbtn.kt-btns3390_bce32f-cd .kt-btn-wrap-0 .kt-button:hover, .wp-block-kadence-advancedbtn.kt-btns3390_bce32f-cd .kt-btn-wrap-0 .kt-button:focus{color:#ffffff;border-color:#444444;}.wp-block-kadence-advancedbtn.kt-btns3390_bce32f-cd .kt-btn-wrap-0 .kt-button::before{display:none;}.wp-block-kadence-advancedbtn.kt-btns3390_bce32f-cd .kt-btn-wrap-0 .kt-button:hover, .wp-block-kadence-advancedbtn.kt-btns3390_bce32f-cd .kt-btn-wrap-0 .kt-button:focus{background:#444444;}<\/style>\n<div class=\"wp-block-kadence-advancedbtn kb-buttons-wrap kb-btns3390_bce32f-cd\"><style>ul.menu .wp-block-kadence-advancedbtn .kb-btn3390_63f98d-42.kb-button{width:initial;}<\/style><a class=\"kb-button kt-button button kb-btn3390_63f98d-42 kt-btn-size-standard kt-btn-width-type-auto kb-btn-global-inherit  kt-btn-has-text-true kt-btn-has-svg-false  wp-block-button__link wp-block-kadence-singlebtn\" href=\"https:\/\/huayuansh.com\/contact-us\/\"><span class=\"kt-btn-inner-text\">Contacte con nosotros<\/span><\/a><\/div>\n\n\n\n<p><\/p>","protected":false},"excerpt":{"rendered":"<p>La etiqueta Micro NFC de HUAYUAN es la soluci\u00f3n definitiva para proyectos que requieren una etiqueta RFID peque\u00f1a, eficiente y fiable. A diferencia de las etiquetas laminadas de PVC tradicionales o antenas de aluminio, nuestra etiqueta micro NFC utiliza un material de vanguardia FPC (Flexible Printed Circuit Board) con una antena de cobre duradera, que ofrece una estabilidad superior, resistencia a la...<\/p>","protected":false},"author":1,"featured_media":3651,"parent":854,"menu_order":0,"comment_status":"closed","ping_status":"closed","template":"","meta":{"_kad_blocks_custom_css":"","_kad_blocks_head_custom_js":"","_kad_blocks_body_custom_js":"","_kad_blocks_footer_custom_js":"","_kadence_starter_templates_imported_post":false,"_kad_post_transparent":"","_kad_post_title":"","_kad_post_layout":"","_kad_post_sidebar_id":"","_kad_post_content_style":"","_kad_post_vertical_padding":"","_kad_post_feature":"","_kad_post_feature_position":"","_kad_post_header":false,"_kad_post_footer":false,"footnotes":""},"class_list":["post-3390","page","type-page","status-publish","has-post-thumbnail","hentry"],"yoast_head":"<!-- This site is optimized with the Yoast SEO Premium plugin v23.0 (Yoast SEO v26.3) - https:\/\/yoast.com\/wordpress\/plugins\/seo\/ -->\n<title>Micro RFID FPC Sticker Tag | HUAYUAN RFID Tag Manufacturer<\/title>\n<meta name=\"description\" content=\"Micro RFID Tag FPC Sticker is flexible, ultra-small available with high performance which is an ideal solution to be installed in limited space or tiny items.\" \/>\n<meta name=\"robots\" content=\"index, follow, max-snippet:-1, max-image-preview:large, max-video-preview:-1\" \/>\n<link rel=\"canonical\" href=\"https:\/\/huayuansh.com\/es\/productos\/etiquetas-rfid-industriales\/etiqueta-adhesiva-micro-rfid-fpc\/\" \/>\n<meta property=\"og:locale\" content=\"es_ES\" \/>\n<meta property=\"og:type\" content=\"article\" \/>\n<meta property=\"og:title\" content=\"Micro RFID FPC Sticker Tag\" \/>\n<meta property=\"og:description\" content=\"Micro RFID Tag FPC Sticker is flexible, ultra-small available with high performance which is an ideal solution to be installed in limited space or tiny items.\" \/>\n<meta property=\"og:url\" content=\"https:\/\/huayuansh.com\/es\/productos\/etiquetas-rfid-industriales\/etiqueta-adhesiva-micro-rfid-fpc\/\" \/>\n<meta property=\"og:site_name\" content=\"HUAYUAN RFID Tag Manufacturer\" \/>\n<meta property=\"article:modified_time\" content=\"2025-02-26T03:11:09+00:00\" \/>\n<meta property=\"og:image\" content=\"https:\/\/huayuansh.com\/wp-content\/uploads\/2024\/08\/Micro-RFID-FPC-Sticker-Tag.webp\" \/>\n\t<meta property=\"og:image:width\" content=\"1920\" \/>\n\t<meta property=\"og:image:height\" content=\"1080\" \/>\n\t<meta property=\"og:image:type\" content=\"image\/webp\" \/>\n<meta name=\"twitter:card\" content=\"summary_large_image\" \/>\n<meta name=\"twitter:label1\" content=\"Tiempo de lectura\" \/>\n\t<meta name=\"twitter:data1\" content=\"3 minutos\" \/>\n<script type=\"application\/ld+json\" class=\"yoast-schema-graph\">{\"@context\":\"https:\/\/schema.org\",\"@graph\":[{\"@type\":\"WebPage\",\"@id\":\"https:\/\/huayuansh.com\/products\/industrial-rfid-tags\/micro-rfid-fpc-sticker-tag\/\",\"url\":\"https:\/\/huayuansh.com\/products\/industrial-rfid-tags\/micro-rfid-fpc-sticker-tag\/\",\"name\":\"Micro RFID FPC Sticker Tag | HUAYUAN RFID Tag Manufacturer\",\"isPartOf\":{\"@id\":\"https:\/\/huayuansh.com\/#website\"},\"primaryImageOfPage\":{\"@id\":\"https:\/\/huayuansh.com\/products\/industrial-rfid-tags\/micro-rfid-fpc-sticker-tag\/#primaryimage\"},\"image\":{\"@id\":\"https:\/\/huayuansh.com\/products\/industrial-rfid-tags\/micro-rfid-fpc-sticker-tag\/#primaryimage\"},\"thumbnailUrl\":\"https:\/\/huayuansh.com\/wp-content\/uploads\/2024\/08\/Micro-RFID-FPC-Sticker-Tag.webp\",\"datePublished\":\"2024-07-15T05:57:34+00:00\",\"dateModified\":\"2025-02-26T03:11:09+00:00\",\"description\":\"Micro RFID Tag FPC Sticker is flexible, ultra-small available with high performance which is an ideal solution to be installed in limited space or tiny items.\",\"breadcrumb\":{\"@id\":\"https:\/\/huayuansh.com\/products\/industrial-rfid-tags\/micro-rfid-fpc-sticker-tag\/#breadcrumb\"},\"inLanguage\":\"es\",\"potentialAction\":[{\"@type\":\"ReadAction\",\"target\":[\"https:\/\/huayuansh.com\/products\/industrial-rfid-tags\/micro-rfid-fpc-sticker-tag\/\"]}]},{\"@type\":\"ImageObject\",\"inLanguage\":\"es\",\"@id\":\"https:\/\/huayuansh.com\/products\/industrial-rfid-tags\/micro-rfid-fpc-sticker-tag\/#primaryimage\",\"url\":\"https:\/\/huayuansh.com\/wp-content\/uploads\/2024\/08\/Micro-RFID-FPC-Sticker-Tag.webp\",\"contentUrl\":\"https:\/\/huayuansh.com\/wp-content\/uploads\/2024\/08\/Micro-RFID-FPC-Sticker-Tag.webp\",\"width\":1920,\"height\":1080},{\"@type\":\"BreadcrumbList\",\"@id\":\"https:\/\/huayuansh.com\/products\/industrial-rfid-tags\/micro-rfid-fpc-sticker-tag\/#breadcrumb\",\"itemListElement\":[{\"@type\":\"ListItem\",\"position\":1,\"name\":\"Home\",\"item\":\"https:\/\/huayuansh.com\/\"},{\"@type\":\"ListItem\",\"position\":2,\"name\":\"RFID Products\",\"item\":\"https:\/\/huayuansh.com\/products\/\"},{\"@type\":\"ListItem\",\"position\":3,\"name\":\"Industrial RFID Tags\",\"item\":\"https:\/\/huayuansh.com\/products\/industrial-rfid-tags\/\"},{\"@type\":\"ListItem\",\"position\":4,\"name\":\"Micro RFID FPC Sticker Tag\"}]},{\"@type\":\"WebSite\",\"@id\":\"https:\/\/huayuansh.com\/#website\",\"url\":\"https:\/\/huayuansh.com\/\",\"name\":\"HUAYUAN RFID Tag Manufacturer\",\"description\":\"HUAYUAN RFID Tag Manufacturer\",\"publisher\":{\"@id\":\"https:\/\/huayuansh.com\/#organization\"},\"potentialAction\":[{\"@type\":\"SearchAction\",\"target\":{\"@type\":\"EntryPoint\",\"urlTemplate\":\"https:\/\/huayuansh.com\/?s={search_term_string}\"},\"query-input\":{\"@type\":\"PropertyValueSpecification\",\"valueRequired\":true,\"valueName\":\"search_term_string\"}}],\"inLanguage\":\"es\"},{\"@type\":\"Organization\",\"@id\":\"https:\/\/huayuansh.com\/#organization\",\"name\":\"HUAYUAN RFID Tag Manufacturer\",\"url\":\"https:\/\/huayuansh.com\/\",\"logo\":{\"@type\":\"ImageObject\",\"inLanguage\":\"es\",\"@id\":\"https:\/\/huayuansh.com\/#\/schema\/logo\/image\/\",\"url\":\"https:\/\/huayuansh.com\/wp-content\/uploads\/2024\/09\/cropped-HUAYUAN.webp\",\"contentUrl\":\"https:\/\/huayuansh.com\/wp-content\/uploads\/2024\/09\/cropped-HUAYUAN.webp\",\"width\":895,\"height\":279,\"caption\":\"HUAYUAN RFID Tag Manufacturer\"},\"image\":{\"@id\":\"https:\/\/huayuansh.com\/#\/schema\/logo\/image\/\"}}]}<\/script>\n<!-- \/ Yoast SEO Premium plugin. -->","yoast_head_json":{"title":"Etiqueta adhesiva micro RFID FPC | HUAYUAN RFID Tag Manufacturer","description":"Micro RFID Tag FPC Sticker es flexible, ultra-peque\u00f1o disponible con un alto rendimiento que es una soluci\u00f3n ideal para ser instalado en un espacio limitado o art\u00edculos peque\u00f1os.","robots":{"index":"index","follow":"follow","max-snippet":"max-snippet:-1","max-image-preview":"max-image-preview:large","max-video-preview":"max-video-preview:-1"},"canonical":"https:\/\/huayuansh.com\/es\/productos\/etiquetas-rfid-industriales\/etiqueta-adhesiva-micro-rfid-fpc\/","og_locale":"es_ES","og_type":"article","og_title":"Micro RFID FPC Sticker Tag","og_description":"Micro RFID Tag FPC Sticker is flexible, ultra-small available with high performance which is an ideal solution to be installed in limited space or tiny items.","og_url":"https:\/\/huayuansh.com\/es\/productos\/etiquetas-rfid-industriales\/etiqueta-adhesiva-micro-rfid-fpc\/","og_site_name":"HUAYUAN RFID Tag Manufacturer","article_modified_time":"2025-02-26T03:11:09+00:00","og_image":[{"width":1920,"height":1080,"url":"https:\/\/huayuansh.com\/wp-content\/uploads\/2024\/08\/Micro-RFID-FPC-Sticker-Tag.webp","type":"image\/webp"}],"twitter_card":"summary_large_image","twitter_misc":{"Tiempo de lectura":"3 minutos"},"schema":{"@context":"https:\/\/schema.org","@graph":[{"@type":"WebPage","@id":"https:\/\/huayuansh.com\/products\/industrial-rfid-tags\/micro-rfid-fpc-sticker-tag\/","url":"https:\/\/huayuansh.com\/products\/industrial-rfid-tags\/micro-rfid-fpc-sticker-tag\/","name":"Etiqueta adhesiva micro RFID FPC | HUAYUAN RFID Tag Manufacturer","isPartOf":{"@id":"https:\/\/huayuansh.com\/#website"},"primaryImageOfPage":{"@id":"https:\/\/huayuansh.com\/products\/industrial-rfid-tags\/micro-rfid-fpc-sticker-tag\/#primaryimage"},"image":{"@id":"https:\/\/huayuansh.com\/products\/industrial-rfid-tags\/micro-rfid-fpc-sticker-tag\/#primaryimage"},"thumbnailUrl":"https:\/\/huayuansh.com\/wp-content\/uploads\/2024\/08\/Micro-RFID-FPC-Sticker-Tag.webp","datePublished":"2024-07-15T05:57:34+00:00","dateModified":"2025-02-26T03:11:09+00:00","description":"Micro RFID Tag FPC Sticker es flexible, ultra-peque\u00f1o disponible con un alto rendimiento que es una soluci\u00f3n ideal para ser instalado en un espacio limitado o art\u00edculos peque\u00f1os.","breadcrumb":{"@id":"https:\/\/huayuansh.com\/products\/industrial-rfid-tags\/micro-rfid-fpc-sticker-tag\/#breadcrumb"},"inLanguage":"es","potentialAction":[{"@type":"ReadAction","target":["https:\/\/huayuansh.com\/products\/industrial-rfid-tags\/micro-rfid-fpc-sticker-tag\/"]}]},{"@type":"ImageObject","inLanguage":"es","@id":"https:\/\/huayuansh.com\/products\/industrial-rfid-tags\/micro-rfid-fpc-sticker-tag\/#primaryimage","url":"https:\/\/huayuansh.com\/wp-content\/uploads\/2024\/08\/Micro-RFID-FPC-Sticker-Tag.webp","contentUrl":"https:\/\/huayuansh.com\/wp-content\/uploads\/2024\/08\/Micro-RFID-FPC-Sticker-Tag.webp","width":1920,"height":1080},{"@type":"BreadcrumbList","@id":"https:\/\/huayuansh.com\/products\/industrial-rfid-tags\/micro-rfid-fpc-sticker-tag\/#breadcrumb","itemListElement":[{"@type":"ListItem","position":1,"name":"Home","item":"https:\/\/huayuansh.com\/"},{"@type":"ListItem","position":2,"name":"RFID Products","item":"https:\/\/huayuansh.com\/products\/"},{"@type":"ListItem","position":3,"name":"Industrial RFID Tags","item":"https:\/\/huayuansh.com\/products\/industrial-rfid-tags\/"},{"@type":"ListItem","position":4,"name":"Micro RFID FPC Sticker Tag"}]},{"@type":"WebSite","@id":"https:\/\/huayuansh.com\/#website","url":"https:\/\/huayuansh.com\/","name":"Fabricante de etiquetas RFID HUAYUAN","description":"Fabricante de etiquetas RFID HUAYUAN","publisher":{"@id":"https:\/\/huayuansh.com\/#organization"},"potentialAction":[{"@type":"SearchAction","target":{"@type":"EntryPoint","urlTemplate":"https:\/\/huayuansh.com\/?s={search_term_string}"},"query-input":{"@type":"PropertyValueSpecification","valueRequired":true,"valueName":"search_term_string"}}],"inLanguage":"es"},{"@type":"Organization","@id":"https:\/\/huayuansh.com\/#organization","name":"Fabricante de etiquetas RFID HUAYUAN","url":"https:\/\/huayuansh.com\/","logo":{"@type":"ImageObject","inLanguage":"es","@id":"https:\/\/huayuansh.com\/#\/schema\/logo\/image\/","url":"https:\/\/huayuansh.com\/wp-content\/uploads\/2024\/09\/cropped-HUAYUAN.webp","contentUrl":"https:\/\/huayuansh.com\/wp-content\/uploads\/2024\/09\/cropped-HUAYUAN.webp","width":895,"height":279,"caption":"HUAYUAN RFID Tag Manufacturer"},"image":{"@id":"https:\/\/huayuansh.com\/#\/schema\/logo\/image\/"}}]}},"taxonomy_info":[],"featured_image_src_large":["https:\/\/huayuansh.com\/wp-content\/uploads\/2024\/08\/Micro-RFID-FPC-Sticker-Tag-1024x576.webp",1024,576,true],"author_info":{"display_name":"HUAYUAN","author_link":"https:\/\/huayuansh.com\/es\/author\/shyec2024\/"},"comment_info":0,"_links":{"self":[{"href":"https:\/\/huayuansh.com\/es\/wp-json\/wp\/v2\/pages\/3390","targetHints":{"allow":["GET"]}}],"collection":[{"href":"https:\/\/huayuansh.com\/es\/wp-json\/wp\/v2\/pages"}],"about":[{"href":"https:\/\/huayuansh.com\/es\/wp-json\/wp\/v2\/types\/page"}],"author":[{"embeddable":true,"href":"https:\/\/huayuansh.com\/es\/wp-json\/wp\/v2\/users\/1"}],"replies":[{"embeddable":true,"href":"https:\/\/huayuansh.com\/es\/wp-json\/wp\/v2\/comments?post=3390"}],"version-history":[{"count":4,"href":"https:\/\/huayuansh.com\/es\/wp-json\/wp\/v2\/pages\/3390\/revisions"}],"predecessor-version":[{"id":4120,"href":"https:\/\/huayuansh.com\/es\/wp-json\/wp\/v2\/pages\/3390\/revisions\/4120"}],"up":[{"embeddable":true,"href":"https:\/\/huayuansh.com\/es\/wp-json\/wp\/v2\/pages\/854"}],"wp:featuredmedia":[{"embeddable":true,"href":"https:\/\/huayuansh.com\/es\/wp-json\/wp\/v2\/media\/3651"}],"wp:attachment":[{"href":"https:\/\/huayuansh.com\/es\/wp-json\/wp\/v2\/media?parent=3390"}],"curies":[{"name":"wp","href":"https:\/\/api.w.org\/{rel}","templated":true}]}}