{"id":3392,"date":"2024-07-15T14:02:23","date_gmt":"2024-07-15T06:02:23","guid":{"rendered":"https:\/\/huayuansh.com\/?page_id=3392"},"modified":"2024-08-08T15:26:09","modified_gmt":"2024-08-08T07:26:09","slug":"etiqueta-rfid-de-posicion-de-navegacion-para-agv","status":"publish","type":"page","link":"https:\/\/huayuansh.com\/es\/productos\/etiquetas-rfid-industriales\/etiqueta-rfid-de-posicion-de-navegacion-para-agv\/","title":{"rendered":"Etiqueta de posici\u00f3n de navegaci\u00f3n RFID AGV"},"content":{"rendered":"<p>El veh\u00edculo de guiado autom\u00e1tico (AGV) puede conducir con precisi\u00f3n por una trayectoria determinada para evitar obst\u00e1culos en un entorno no tripulado mediante navegaci\u00f3n y localizaci\u00f3n aut\u00f3nomas. Hoy en d\u00eda, la etiqueta RFID AGV se aplica ampliamente en almacenes automatizados, sistemas de transferencia de materiales en f\u00e1bricas, sistemas log\u00edsticos de picking, sistemas de ensamblaje flexible y otras instalaciones de transporte inteligente.<\/p>\n\n\n\n<p>La idea es utilizar una etiqueta de navegaci\u00f3n RFID colocada en una cuadr\u00edcula en el suelo. El robot contiene un \"mapa\" de los n\u00fameros de identificaci\u00f3n de la etiqueta RFID Modex. y el uso de este n\u00famero sabe d\u00f3nde est\u00e1 en el mapa.<\/p>\n\n\n\n<figure class=\"wp-block-embed is-type-video is-provider-youtube wp-block-embed-youtube wp-embed-aspect-16-9 wp-has-aspect-ratio\"><div class=\"wp-block-embed__wrapper\">\n<iframe loading=\"lazy\" title=\"HUAYUAN HDX Automated Guided Vehicle AGV Etiquetas RFID para localizaci\u00f3n y seguimiento de posici\u00f3n\" width=\"720\" height=\"405\" src=\"https:\/\/www.youtube.com\/embed\/MV2LNbdswjU?feature=oembed\" frameborder=\"0\" allow=\"accelerometer; autoplay; clipboard-write; encrypted-media; gyroscope; picture-in-picture; web-share\" referrerpolicy=\"strict-origin-when-cross-origin\" allowfullscreen><\/iframe>\n<\/div><\/figure>\n\n\n\n<div class=\"wp-block-columns is-layout-flex wp-container-core-columns-is-layout-9d6595d7 wp-block-columns-is-layout-flex\">\n<div class=\"wp-block-column is-layout-flow wp-block-column-is-layout-flow\" style=\"flex-basis:70%\">\n<h2 class=\"wp-block-heading\" id=\"h-key-feature-of-rfid-hdx-glass-tag\">Caracter\u00edsticas principales de la etiqueta RFID HDX Glass<\/h2>\n\n\n\n<ul class=\"wp-block-list\">\n<li>Rendimiento excepcional en entornos dif\u00edciles<\/li>\n\n\n\n<li>Precisi\u00f3n, repetibilidad, flexibilidad, apilamiento de bloques, subestructura del suelo, patr\u00f3n de tr\u00e1fico<\/li>\n\n\n\n<li>Datos de identificaci\u00f3n completos ISO 11784\/11785 programables, formato BDE<\/li>\n\n\n\n<li>2 kHz, 192 bits, multiuso R\/W HDX RFID IC<\/li>\n\n\n\n<li>Etiquetas transpondedoras RFID R\/W est\u00e1ndar y avanzadas para animales<\/li>\n\n\n\n<li>Transpondedor de largo alcance de lectura<\/li>\n\n\n\n<li>Semid\u00faplex (HDX) 134,2 kHz datos de lectura\/escritura sin contacto<\/li>\n\n\n\n<li>Compatible con lector TI RFID<\/li>\n\n\n\n<li>Escriba el ID est\u00e1ndar del animal o escriba el valor hexadecimal de 64 bits (a trav\u00e9s de nuestro lector con firmware y software espec\u00edficos)<\/li>\n\n\n\n<li>Condensador resonante sintonizable en chip controlado por interruptor de memoria no vol\u00e1til<\/li>\n\n\n\n<li>Disponible en encapsulado HDFN, totalmente compatible con su predecesor<\/li>\n<\/ul>\n<\/div>\n\n\n\n<div class=\"wp-block-column is-layout-flow wp-block-column-is-layout-flow\" style=\"flex-basis:30%\">\n<figure class=\"wp-block-image size-full\"><img loading=\"lazy\" decoding=\"async\" width=\"600\" height=\"840\" src=\"https:\/\/huayuansh.com\/wp-content\/uploads\/2024\/08\/HUAYUAN-AGV-RFID-Tags.webp\" alt=\"\" class=\"wp-image-3620\" srcset=\"https:\/\/huayuansh.com\/wp-content\/uploads\/2024\/08\/HUAYUAN-AGV-RFID-Tags.webp 600w, https:\/\/huayuansh.com\/wp-content\/uploads\/2024\/08\/HUAYUAN-AGV-RFID-Tags-214x300.webp 214w\" sizes=\"auto, (max-width: 600px) 100vw, 600px\" \/><\/figure>\n<\/div>\n<\/div>\n\n\n\n<div class=\"wp-block-columns is-layout-flex wp-container-core-columns-is-layout-9d6595d7 wp-block-columns-is-layout-flex\">\n<div class=\"wp-block-column is-layout-flow wp-block-column-is-layout-flow\" style=\"flex-basis:70%\">\n<h2 class=\"wp-block-heading\" id=\"h-applications-of-rfid-agv-tag\">Aplicaciones de la etiqueta RFID AGV<\/h2>\n\n\n\n<ul class=\"wp-block-list\">\n<li>Elevador robotizado, seguimiento de la trayectoria del elevador de contenedores<\/li>\n\n\n\n<li>Almacenamiento automatizado<\/li>\n\n\n\n<li>Sistemas de transferencia de materiales en f\u00e1brica<\/li>\n\n\n\n<li>Sistemas log\u00edsticos de picking y montaje flexible<\/li>\n\n\n\n<li>Sitios de transporte inteligente<\/li>\n<\/ul>\n<\/div>\n\n\n\n<div class=\"wp-block-column is-layout-flow wp-block-column-is-layout-flow\" style=\"flex-basis:30%\">\n<figure class=\"wp-block-image size-full\"><img loading=\"lazy\" decoding=\"async\" width=\"352\" height=\"228\" src=\"https:\/\/huayuansh.com\/wp-content\/uploads\/2024\/08\/Robust-HDX-RFID-AGV-Navigation-Position-Tag-HUAYUAN-RFID.webp\" alt=\"\" class=\"wp-image-3621\" srcset=\"https:\/\/huayuansh.com\/wp-content\/uploads\/2024\/08\/Robust-HDX-RFID-AGV-Navigation-Position-Tag-HUAYUAN-RFID.webp 352w, https:\/\/huayuansh.com\/wp-content\/uploads\/2024\/08\/Robust-HDX-RFID-AGV-Navigation-Position-Tag-HUAYUAN-RFID-300x194.webp 300w\" sizes=\"auto, (max-width: 352px) 100vw, 352px\" \/><\/figure>\n<\/div>\n<\/div>\n\n\n\n<h2 class=\"wp-block-heading\" id=\"h-specification-of-robust-agv-rfid-tag\">Especificaci\u00f3n de la etiqueta RFID AGV robusta<\/h2>\n\n\n\n<figure class=\"wp-block-table\"><table><tbody><tr><td>Nombre del art\u00edculo<\/td><td>Etiqueta RFID AGV<\/td><\/tr><tr><td>Protocolo est\u00e1ndar<\/td><td>HDX ISO 11784\/11785, conformidad ICAR<\/td><\/tr><tr><td>Memoria<\/td><td>192 bits<\/td><\/tr><tr><td>Funcionalidad<\/td><td>lectura\/escritura<\/td><\/tr><tr><td>Frecuencia<\/td><td>134,2 kHz<\/td><\/tr><tr><td>Rango de lectura t\u00edpico<\/td><td>90 mm - 120 mm (lector de sobremesa)<br>&gt; 30 cm (lector con antena grande)<\/td><\/tr><tr><td>Peso<\/td><td>aprox. 19 g<\/td><\/tr><tr><td>Clase IP<\/td><td>IP68<\/td><\/tr><tr><td>Temperatura de funcionamiento<\/td><td>-25\u00b0C a 85\u00b0C<\/td><\/tr><tr><td>Resistencia a la escritura<\/td><td>&gt; 100.000 ciclos R\/W<\/td><\/tr><tr><td>Retenci\u00f3n de la memoria<\/td><td>20 a\u00f1os<\/td><\/tr><\/tbody><\/table><\/figure>\n\n\n\n<p><strong><br>Protocolos compatibles con la etiqueta de navegaci\u00f3n RFID<\/strong><\/p>\n\n\n\n<ul class=\"wp-block-list\">\n<li>Compatible con el formato BDE (para aplicaciones de gesti\u00f3n de residuos)<\/li>\n\n\n\n<li>Totalmente conforme con la norma ISO 11784\/11785 HDX R\/O Etiqueta para animales<\/li>\n\n\n\n<li>Protocolo\/estructura de los datos de identificaci\u00f3n<\/li>\n\n\n\n<li>Totalmente compatible con el formato HDX R\/W ID de la corriente principal<\/li>\n<\/ul>\n\n\n\n<p><strong>Memoria robusta de etiquetas RFID AGV<\/strong><\/p>\n\n\n\n<ul class=\"wp-block-list\">\n<li>R\/W memoria de usuario de 6X32 (192 bits)<\/li>\n\n\n\n<li>Permite el acceso del usuario a la ROM ID (UID) exclusiva de f\u00e1brica para evitar la clonaci\u00f3n de chips.<\/li>\n\n\n\n<li>Acceso directo\/Modo de escritura<\/li>\n\n\n\n<li>Acceso directo protegido\/Modo de escritura<\/li>\n\n\n\n<li>Configuraci\u00f3n de programaci\u00f3n de un solo uso (OTP)<\/li>\n<\/ul>\n\n\n\n<p><strong>AGV RFID&nbsp;<\/strong><strong>T<\/strong><strong>ag<\/strong><strong>&nbsp;<\/strong><strong>Comandos<\/strong><\/p>\n\n\n\n<ul class=\"wp-block-list\">\n<li>Protocolo de mando propietario<\/li>\n\n\n\n<li>Completos informes de registro de errores<\/li>\n\n\n\n<li>Comandos en cascada<\/li>\n<\/ul>\n\n\n\n<p><strong>Descripci\u00f3n general del sistema de etiquetas RFID AGV HUAYUAN<\/strong><\/p>\n\n\n\n<figure class=\"wp-block-image size-large\"><img loading=\"lazy\" decoding=\"async\" width=\"1024\" height=\"277\" src=\"https:\/\/huayuansh.com\/wp-content\/uploads\/2024\/08\/System-Overview-of-RFID-AGV-Tag-Device-1024x277.webp\" alt=\"\" class=\"wp-image-3622\" srcset=\"https:\/\/huayuansh.com\/wp-content\/uploads\/2024\/08\/System-Overview-of-RFID-AGV-Tag-Device-1024x277.webp 1024w, https:\/\/huayuansh.com\/wp-content\/uploads\/2024\/08\/System-Overview-of-RFID-AGV-Tag-Device-300x81.webp 300w, https:\/\/huayuansh.com\/wp-content\/uploads\/2024\/08\/System-Overview-of-RFID-AGV-Tag-Device-768x208.webp 768w, https:\/\/huayuansh.com\/wp-content\/uploads\/2024\/08\/System-Overview-of-RFID-AGV-Tag-Device.webp 1317w\" sizes=\"auto, (max-width: 1024px) 100vw, 1024px\" \/><\/figure>\n\n\n\n<p><strong>Diagrama de bloques detallado del chip<\/strong><\/p>\n\n\n\n<figure class=\"wp-block-image size-large\"><img loading=\"lazy\" decoding=\"async\" width=\"1024\" height=\"467\" src=\"https:\/\/huayuansh.com\/wp-content\/uploads\/2024\/08\/Chip-Detailed-Block-Diagram-1024x467.webp\" alt=\"\" class=\"wp-image-3623\" srcset=\"https:\/\/huayuansh.com\/wp-content\/uploads\/2024\/08\/Chip-Detailed-Block-Diagram-1024x467.webp 1024w, https:\/\/huayuansh.com\/wp-content\/uploads\/2024\/08\/Chip-Detailed-Block-Diagram-300x137.webp 300w, https:\/\/huayuansh.com\/wp-content\/uploads\/2024\/08\/Chip-Detailed-Block-Diagram-768x350.webp 768w, https:\/\/huayuansh.com\/wp-content\/uploads\/2024\/08\/Chip-Detailed-Block-Diagram.webp 1178w\" sizes=\"auto, (max-width: 1024px) 100vw, 1024px\" \/><\/figure>\n\n\n\n<p><strong>Estructura de datos de identificaci\u00f3n HDX ISO11784\/5<\/strong><\/p>\n\n\n\n<figure class=\"wp-block-image size-full\"><img loading=\"lazy\" decoding=\"async\" width=\"1024\" height=\"291\" src=\"https:\/\/huayuansh.com\/wp-content\/uploads\/2024\/08\/HDX-ISO117845-ID-Data-Structure.webp\" alt=\"\" class=\"wp-image-3624\" srcset=\"https:\/\/huayuansh.com\/wp-content\/uploads\/2024\/08\/HDX-ISO117845-ID-Data-Structure.webp 1024w, https:\/\/huayuansh.com\/wp-content\/uploads\/2024\/08\/HDX-ISO117845-ID-Data-Structure-300x85.webp 300w, https:\/\/huayuansh.com\/wp-content\/uploads\/2024\/08\/HDX-ISO117845-ID-Data-Structure-768x218.webp 768w\" sizes=\"auto, (max-width: 1024px) 100vw, 1024px\" \/><\/figure>\n\n\n<style>.wp-block-kadence-advancedbtn.kb-btns3392_aaf86d-af{gap:var(--global-kb-gap-xs, 0.5rem );justify-content:flex-start;align-items:center;}.kt-btns3392_aaf86d-af .kt-button{font-weight:normal;font-style:normal;}.kt-btns3392_aaf86d-af .kt-btn-wrap-0{margin-right:5px;}.wp-block-kadence-advancedbtn.kt-btns3392_aaf86d-af .kt-btn-wrap-0 .kt-button{color:#555555;border-color:#555555;}.wp-block-kadence-advancedbtn.kt-btns3392_aaf86d-af .kt-btn-wrap-0 .kt-button:hover, .wp-block-kadence-advancedbtn.kt-btns3392_aaf86d-af .kt-btn-wrap-0 .kt-button:focus{color:#ffffff;border-color:#444444;}.wp-block-kadence-advancedbtn.kt-btns3392_aaf86d-af .kt-btn-wrap-0 .kt-button::before{display:none;}.wp-block-kadence-advancedbtn.kt-btns3392_aaf86d-af .kt-btn-wrap-0 .kt-button:hover, .wp-block-kadence-advancedbtn.kt-btns3392_aaf86d-af .kt-btn-wrap-0 .kt-button:focus{background:#444444;}<\/style>\n<div class=\"wp-block-kadence-advancedbtn kb-buttons-wrap kb-btns3392_aaf86d-af\"><style>ul.menu .wp-block-kadence-advancedbtn .kb-btn3392_13e73c-40.kb-button{width:initial;}<\/style><a class=\"kb-button kt-button button kb-btn3392_13e73c-40 kt-btn-size-standard kt-btn-width-type-auto kb-btn-global-inherit  kt-btn-has-text-true kt-btn-has-svg-false  wp-block-button__link wp-block-kadence-singlebtn\" href=\"https:\/\/huayuansh.com\/contact-us\/\"><span class=\"kt-btn-inner-text\">Contacte con nosotros<\/span><\/a><\/div>","protected":false},"excerpt":{"rendered":"<p>El veh\u00edculo de guiado autom\u00e1tico (AGV) puede conducir con precisi\u00f3n por una trayectoria determinada para evitar obst\u00e1culos en un entorno no tripulado mediante navegaci\u00f3n y localizaci\u00f3n aut\u00f3nomas. Hoy en d\u00eda, la etiqueta RFID AGV se aplica ampliamente en almacenes automatizados, sistemas de transferencia de materiales de f\u00e1brica, sistemas log\u00edsticos de picking, sistemas de ensamblaje \ufb02exible y otros sitios de transporte inteligente. La idea es utilizar Robot...<\/p>","protected":false},"author":1,"featured_media":3625,"parent":854,"menu_order":0,"comment_status":"closed","ping_status":"closed","template":"","meta":{"_kad_blocks_custom_css":"","_kad_blocks_head_custom_js":"","_kad_blocks_body_custom_js":"","_kad_blocks_footer_custom_js":"","_kadence_starter_templates_imported_post":false,"_kad_post_transparent":"","_kad_post_title":"","_kad_post_layout":"","_kad_post_sidebar_id":"","_kad_post_content_style":"","_kad_post_vertical_padding":"","_kad_post_feature":"","_kad_post_feature_position":"","_kad_post_header":false,"_kad_post_footer":false,"footnotes":""},"class_list":["post-3392","page","type-page","status-publish","has-post-thumbnail","hentry"],"yoast_head":"<!-- This site is optimized with the Yoast SEO Premium plugin v23.0 (Yoast SEO v26.3) - https:\/\/yoast.com\/wordpress\/plugins\/seo\/ -->\n<title>RFID AGV Navigation Position Tag | HUAYUAN RFID Tag Manufacturer<\/title>\n<meta name=\"description\" content=\"HUAYUAN RFID AGV tags are ideal for automated warehousing, logistics, supply chain, \ufb02exible assembly systems, and other intelligent transportation sites.\" \/>\n<meta name=\"robots\" content=\"index, follow, max-snippet:-1, max-image-preview:large, max-video-preview:-1\" \/>\n<link rel=\"canonical\" href=\"https:\/\/huayuansh.com\/es\/productos\/etiquetas-rfid-industriales\/etiqueta-rfid-de-posicion-de-navegacion-para-agv\/\" \/>\n<meta property=\"og:locale\" content=\"es_ES\" \/>\n<meta property=\"og:type\" content=\"article\" \/>\n<meta property=\"og:title\" content=\"RFID AGV Navigation Position Tag\" \/>\n<meta property=\"og:description\" content=\"HUAYUAN RFID AGV tags are ideal for automated warehousing, logistics, supply chain, \ufb02exible assembly systems, and other intelligent transportation sites.\" \/>\n<meta property=\"og:url\" content=\"https:\/\/huayuansh.com\/es\/productos\/etiquetas-rfid-industriales\/etiqueta-rfid-de-posicion-de-navegacion-para-agv\/\" \/>\n<meta property=\"og:site_name\" content=\"HUAYUAN RFID Tag Manufacturer\" \/>\n<meta property=\"article:modified_time\" content=\"2024-08-08T07:26:09+00:00\" \/>\n<meta property=\"og:image\" content=\"https:\/\/huayuansh.com\/wp-content\/uploads\/2024\/08\/RFID-AGV-Navigation-Position-Tag.webp\" \/>\n\t<meta property=\"og:image:width\" content=\"1920\" \/>\n\t<meta property=\"og:image:height\" content=\"1080\" \/>\n\t<meta property=\"og:image:type\" content=\"image\/webp\" \/>\n<meta name=\"twitter:card\" content=\"summary_large_image\" \/>\n<meta name=\"twitter:label1\" content=\"Tiempo de lectura\" \/>\n\t<meta name=\"twitter:data1\" content=\"3 minutos\" \/>\n<script type=\"application\/ld+json\" class=\"yoast-schema-graph\">{\"@context\":\"https:\/\/schema.org\",\"@graph\":[{\"@type\":\"WebPage\",\"@id\":\"https:\/\/huayuansh.com\/products\/industrial-rfid-tags\/rfid-agv-navigation-position-tag\/\",\"url\":\"https:\/\/huayuansh.com\/products\/industrial-rfid-tags\/rfid-agv-navigation-position-tag\/\",\"name\":\"RFID AGV Navigation Position Tag | HUAYUAN RFID Tag Manufacturer\",\"isPartOf\":{\"@id\":\"https:\/\/huayuansh.com\/#website\"},\"primaryImageOfPage\":{\"@id\":\"https:\/\/huayuansh.com\/products\/industrial-rfid-tags\/rfid-agv-navigation-position-tag\/#primaryimage\"},\"image\":{\"@id\":\"https:\/\/huayuansh.com\/products\/industrial-rfid-tags\/rfid-agv-navigation-position-tag\/#primaryimage\"},\"thumbnailUrl\":\"https:\/\/huayuansh.com\/wp-content\/uploads\/2024\/08\/RFID-AGV-Navigation-Position-Tag.webp\",\"datePublished\":\"2024-07-15T06:02:23+00:00\",\"dateModified\":\"2024-08-08T07:26:09+00:00\",\"description\":\"HUAYUAN RFID AGV tags are ideal for automated warehousing, logistics, supply chain, \ufb02exible assembly systems, and other intelligent transportation sites.\",\"breadcrumb\":{\"@id\":\"https:\/\/huayuansh.com\/products\/industrial-rfid-tags\/rfid-agv-navigation-position-tag\/#breadcrumb\"},\"inLanguage\":\"es\",\"potentialAction\":[{\"@type\":\"ReadAction\",\"target\":[\"https:\/\/huayuansh.com\/products\/industrial-rfid-tags\/rfid-agv-navigation-position-tag\/\"]}]},{\"@type\":\"ImageObject\",\"inLanguage\":\"es\",\"@id\":\"https:\/\/huayuansh.com\/products\/industrial-rfid-tags\/rfid-agv-navigation-position-tag\/#primaryimage\",\"url\":\"https:\/\/huayuansh.com\/wp-content\/uploads\/2024\/08\/RFID-AGV-Navigation-Position-Tag.webp\",\"contentUrl\":\"https:\/\/huayuansh.com\/wp-content\/uploads\/2024\/08\/RFID-AGV-Navigation-Position-Tag.webp\",\"width\":1920,\"height\":1080},{\"@type\":\"BreadcrumbList\",\"@id\":\"https:\/\/huayuansh.com\/products\/industrial-rfid-tags\/rfid-agv-navigation-position-tag\/#breadcrumb\",\"itemListElement\":[{\"@type\":\"ListItem\",\"position\":1,\"name\":\"Home\",\"item\":\"https:\/\/huayuansh.com\/\"},{\"@type\":\"ListItem\",\"position\":2,\"name\":\"RFID Products\",\"item\":\"https:\/\/huayuansh.com\/products\/\"},{\"@type\":\"ListItem\",\"position\":3,\"name\":\"Industrial RFID Tags\",\"item\":\"https:\/\/huayuansh.com\/products\/industrial-rfid-tags\/\"},{\"@type\":\"ListItem\",\"position\":4,\"name\":\"RFID AGV Navigation Position Tag\"}]},{\"@type\":\"WebSite\",\"@id\":\"https:\/\/huayuansh.com\/#website\",\"url\":\"https:\/\/huayuansh.com\/\",\"name\":\"HUAYUAN RFID Tag Manufacturer\",\"description\":\"HUAYUAN RFID Tag Manufacturer\",\"publisher\":{\"@id\":\"https:\/\/huayuansh.com\/#organization\"},\"potentialAction\":[{\"@type\":\"SearchAction\",\"target\":{\"@type\":\"EntryPoint\",\"urlTemplate\":\"https:\/\/huayuansh.com\/?s={search_term_string}\"},\"query-input\":{\"@type\":\"PropertyValueSpecification\",\"valueRequired\":true,\"valueName\":\"search_term_string\"}}],\"inLanguage\":\"es\"},{\"@type\":\"Organization\",\"@id\":\"https:\/\/huayuansh.com\/#organization\",\"name\":\"HUAYUAN RFID Tag Manufacturer\",\"url\":\"https:\/\/huayuansh.com\/\",\"logo\":{\"@type\":\"ImageObject\",\"inLanguage\":\"es\",\"@id\":\"https:\/\/huayuansh.com\/#\/schema\/logo\/image\/\",\"url\":\"https:\/\/huayuansh.com\/wp-content\/uploads\/2024\/09\/cropped-HUAYUAN.webp\",\"contentUrl\":\"https:\/\/huayuansh.com\/wp-content\/uploads\/2024\/09\/cropped-HUAYUAN.webp\",\"width\":895,\"height\":279,\"caption\":\"HUAYUAN RFID Tag Manufacturer\"},\"image\":{\"@id\":\"https:\/\/huayuansh.com\/#\/schema\/logo\/image\/\"}}]}<\/script>\n<!-- \/ Yoast SEO Premium plugin. -->","yoast_head_json":{"title":"Etiqueta de posici\u00f3n de navegaci\u00f3n RFID AGV | HUAYUAN RFID Tag Manufacturer","description":"Las etiquetas RFID AGV de HUAYUAN son ideales para almacenes automatizados, log\u00edstica, cadena de suministro, sistemas de montaje \ufb02exible y otros sitios de transporte inteligente.","robots":{"index":"index","follow":"follow","max-snippet":"max-snippet:-1","max-image-preview":"max-image-preview:large","max-video-preview":"max-video-preview:-1"},"canonical":"https:\/\/huayuansh.com\/es\/productos\/etiquetas-rfid-industriales\/etiqueta-rfid-de-posicion-de-navegacion-para-agv\/","og_locale":"es_ES","og_type":"article","og_title":"RFID AGV Navigation Position Tag","og_description":"HUAYUAN RFID AGV tags are ideal for automated warehousing, logistics, supply chain, \ufb02exible assembly systems, and other intelligent transportation sites.","og_url":"https:\/\/huayuansh.com\/es\/productos\/etiquetas-rfid-industriales\/etiqueta-rfid-de-posicion-de-navegacion-para-agv\/","og_site_name":"HUAYUAN RFID Tag Manufacturer","article_modified_time":"2024-08-08T07:26:09+00:00","og_image":[{"width":1920,"height":1080,"url":"https:\/\/huayuansh.com\/wp-content\/uploads\/2024\/08\/RFID-AGV-Navigation-Position-Tag.webp","type":"image\/webp"}],"twitter_card":"summary_large_image","twitter_misc":{"Tiempo de lectura":"3 minutos"},"schema":{"@context":"https:\/\/schema.org","@graph":[{"@type":"WebPage","@id":"https:\/\/huayuansh.com\/products\/industrial-rfid-tags\/rfid-agv-navigation-position-tag\/","url":"https:\/\/huayuansh.com\/products\/industrial-rfid-tags\/rfid-agv-navigation-position-tag\/","name":"Etiqueta de posici\u00f3n de navegaci\u00f3n RFID AGV | HUAYUAN RFID Tag Manufacturer","isPartOf":{"@id":"https:\/\/huayuansh.com\/#website"},"primaryImageOfPage":{"@id":"https:\/\/huayuansh.com\/products\/industrial-rfid-tags\/rfid-agv-navigation-position-tag\/#primaryimage"},"image":{"@id":"https:\/\/huayuansh.com\/products\/industrial-rfid-tags\/rfid-agv-navigation-position-tag\/#primaryimage"},"thumbnailUrl":"https:\/\/huayuansh.com\/wp-content\/uploads\/2024\/08\/RFID-AGV-Navigation-Position-Tag.webp","datePublished":"2024-07-15T06:02:23+00:00","dateModified":"2024-08-08T07:26:09+00:00","description":"Las etiquetas RFID AGV de HUAYUAN son ideales para almacenes automatizados, log\u00edstica, cadena de suministro, sistemas de montaje \ufb02exible y otros sitios de transporte inteligente.","breadcrumb":{"@id":"https:\/\/huayuansh.com\/products\/industrial-rfid-tags\/rfid-agv-navigation-position-tag\/#breadcrumb"},"inLanguage":"es","potentialAction":[{"@type":"ReadAction","target":["https:\/\/huayuansh.com\/products\/industrial-rfid-tags\/rfid-agv-navigation-position-tag\/"]}]},{"@type":"ImageObject","inLanguage":"es","@id":"https:\/\/huayuansh.com\/products\/industrial-rfid-tags\/rfid-agv-navigation-position-tag\/#primaryimage","url":"https:\/\/huayuansh.com\/wp-content\/uploads\/2024\/08\/RFID-AGV-Navigation-Position-Tag.webp","contentUrl":"https:\/\/huayuansh.com\/wp-content\/uploads\/2024\/08\/RFID-AGV-Navigation-Position-Tag.webp","width":1920,"height":1080},{"@type":"BreadcrumbList","@id":"https:\/\/huayuansh.com\/products\/industrial-rfid-tags\/rfid-agv-navigation-position-tag\/#breadcrumb","itemListElement":[{"@type":"ListItem","position":1,"name":"Home","item":"https:\/\/huayuansh.com\/"},{"@type":"ListItem","position":2,"name":"RFID Products","item":"https:\/\/huayuansh.com\/products\/"},{"@type":"ListItem","position":3,"name":"Industrial RFID Tags","item":"https:\/\/huayuansh.com\/products\/industrial-rfid-tags\/"},{"@type":"ListItem","position":4,"name":"RFID AGV Navigation Position Tag"}]},{"@type":"WebSite","@id":"https:\/\/huayuansh.com\/#website","url":"https:\/\/huayuansh.com\/","name":"Fabricante de etiquetas RFID HUAYUAN","description":"Fabricante de etiquetas RFID HUAYUAN","publisher":{"@id":"https:\/\/huayuansh.com\/#organization"},"potentialAction":[{"@type":"SearchAction","target":{"@type":"EntryPoint","urlTemplate":"https:\/\/huayuansh.com\/?s={search_term_string}"},"query-input":{"@type":"PropertyValueSpecification","valueRequired":true,"valueName":"search_term_string"}}],"inLanguage":"es"},{"@type":"Organization","@id":"https:\/\/huayuansh.com\/#organization","name":"Fabricante de etiquetas RFID HUAYUAN","url":"https:\/\/huayuansh.com\/","logo":{"@type":"ImageObject","inLanguage":"es","@id":"https:\/\/huayuansh.com\/#\/schema\/logo\/image\/","url":"https:\/\/huayuansh.com\/wp-content\/uploads\/2024\/09\/cropped-HUAYUAN.webp","contentUrl":"https:\/\/huayuansh.com\/wp-content\/uploads\/2024\/09\/cropped-HUAYUAN.webp","width":895,"height":279,"caption":"HUAYUAN RFID Tag Manufacturer"},"image":{"@id":"https:\/\/huayuansh.com\/#\/schema\/logo\/image\/"}}]}},"taxonomy_info":[],"featured_image_src_large":["https:\/\/huayuansh.com\/wp-content\/uploads\/2024\/08\/RFID-AGV-Navigation-Position-Tag-1024x576.webp",1024,576,true],"author_info":{"display_name":"HUAYUAN","author_link":"https:\/\/huayuansh.com\/es\/author\/shyec2024\/"},"comment_info":0,"_links":{"self":[{"href":"https:\/\/huayuansh.com\/es\/wp-json\/wp\/v2\/pages\/3392","targetHints":{"allow":["GET"]}}],"collection":[{"href":"https:\/\/huayuansh.com\/es\/wp-json\/wp\/v2\/pages"}],"about":[{"href":"https:\/\/huayuansh.com\/es\/wp-json\/wp\/v2\/types\/page"}],"author":[{"embeddable":true,"href":"https:\/\/huayuansh.com\/es\/wp-json\/wp\/v2\/users\/1"}],"replies":[{"embeddable":true,"href":"https:\/\/huayuansh.com\/es\/wp-json\/wp\/v2\/comments?post=3392"}],"version-history":[{"count":3,"href":"https:\/\/huayuansh.com\/es\/wp-json\/wp\/v2\/pages\/3392\/revisions"}],"predecessor-version":[{"id":3627,"href":"https:\/\/huayuansh.com\/es\/wp-json\/wp\/v2\/pages\/3392\/revisions\/3627"}],"up":[{"embeddable":true,"href":"https:\/\/huayuansh.com\/es\/wp-json\/wp\/v2\/pages\/854"}],"wp:featuredmedia":[{"embeddable":true,"href":"https:\/\/huayuansh.com\/es\/wp-json\/wp\/v2\/media\/3625"}],"wp:attachment":[{"href":"https:\/\/huayuansh.com\/es\/wp-json\/wp\/v2\/media?parent=3392"}],"curies":[{"name":"wp","href":"https:\/\/api.w.org\/{rel}","templated":true}]}}