{"id":3400,"date":"2024-07-15T14:26:33","date_gmt":"2024-07-15T06:26:33","guid":{"rendered":"https:\/\/huayuansh.com\/?page_id=3400"},"modified":"2024-08-20T15:20:27","modified_gmt":"2024-08-20T07:20:27","slug":"etiqueta-rfid-uhf-de-silicona-lavanderia-hst","status":"publish","type":"page","link":"https:\/\/huayuansh.com\/es\/productos\/etiquetas-de-lavanderia-rfid\/etiqueta-rfid-uhf-de-silicona-lavanderia-hst\/","title":{"rendered":"Etiqueta UHF de silicona HST para lavander\u00eda"},"content":{"rendered":"<p>HUAYUAN HST RAIN RFID Silicone Laundry Tag es un invento de \u00faltima generaci\u00f3n para el seguimiento autom\u00e1tico y el inventario en aplicaciones de lavander\u00eda. Las etiquetas RFID de serie HST son de tama\u00f1o delgado, flexibles, suaves y lisas, a prueba de productos qu\u00edmicos l\u00edquidos, resistentes al calor y a la fuerza, con un robusto transpondedor RFID integrado para soportar 200 lavados de tambor y secado por calor, limpieza y planchado. Las etiquetas RFID de silicona para lavander\u00eda HST-5512 se emplean normalmente en el seguimiento de lavander\u00edas industriales, y pueden integrarse f\u00e1cilmente en&nbsp;<strong>ropa de cama<\/strong>,&nbsp;<strong>blusas<\/strong>,&nbsp;<strong>toallas<\/strong>,&nbsp;<strong>uniformes m\u00e9dicos<\/strong>&nbsp;otros materiales textiles.<\/p>\n\n\n\n<div class=\"wp-block-columns are-vertically-aligned-center is-layout-flex wp-container-core-columns-is-layout-9d6595d7 wp-block-columns-is-layout-flex\">\n<div class=\"wp-block-column is-vertically-aligned-center is-layout-flow wp-block-column-is-layout-flow\" style=\"flex-basis:60%\">\n<h2 class=\"wp-block-heading\" id=\"h-key-features\">Caracter\u00edsticas principales<\/h2>\n\n\n\n<ul class=\"wp-block-list\">\n<li>Delgado, suave y flexible<\/li>\n\n\n\n<li>Resistente al agua y a las soluciones qu\u00edmicas<\/li>\n\n\n\n<li>Resistente a 200 lavados, secados, limpiezas y planchados<\/li>\n\n\n\n<li>Excepcional resistencia al calor y a entornos adversos<\/li>\n<\/ul>\n<\/div>\n\n\n\n<div class=\"wp-block-column is-vertically-aligned-center is-layout-flow wp-block-column-is-layout-flow\" style=\"flex-basis:40%\">\n<figure class=\"wp-block-image size-full\"><img loading=\"lazy\" decoding=\"async\" width=\"600\" height=\"600\" src=\"https:\/\/huayuansh.com\/wp-content\/uploads\/2024\/08\/HST-5512-Silicone-RFID-Laundry-Tag.webp\" alt=\"\" class=\"wp-image-3703\" style=\"aspect-ratio:3\/2;object-fit:cover\" srcset=\"https:\/\/huayuansh.com\/wp-content\/uploads\/2024\/08\/HST-5512-Silicone-RFID-Laundry-Tag.webp 600w, https:\/\/huayuansh.com\/wp-content\/uploads\/2024\/08\/HST-5512-Silicone-RFID-Laundry-Tag-300x300.webp 300w, https:\/\/huayuansh.com\/wp-content\/uploads\/2024\/08\/HST-5512-Silicone-RFID-Laundry-Tag-150x150.webp 150w\" sizes=\"auto, (max-width: 600px) 100vw, 600px\" \/><\/figure>\n<\/div>\n<\/div>\n\n\n\n<h2 class=\"wp-block-heading\" id=\"h-specification-of-silicone-rfid-laundrychip\">Especificaciones del chip de silicona RFID para lavander\u00eda<\/h2>\n\n\n\n<figure class=\"wp-block-table\"><table><tbody><tr><td>Art\u00edculo<\/td><td>Etiqueta de silicona UHF RFID flexible y fina para lavander\u00eda<\/td><\/tr><tr><td>Material<\/td><td>Silicona<\/td><\/tr><tr><td>Dimensi\u00f3n<\/td><td>55x12X1,7mm<\/td><\/tr><tr><td>Frecuencia<\/td><td>860-960 MHz<\/td><\/tr><tr><td>Chip<\/td><td>Monza R6-P, UCODE 8, UCODE 9<\/td><\/tr><tr><td>Memoria EPC<\/td><td>96 bits, 128 bits<\/td><\/tr><tr><td>Utilizar Times<\/td><td>Al menos 200 veces<\/td><\/tr><tr><td>Clasificaci\u00f3n IP<\/td><td>IP68<\/td><\/tr><tr><td>Rango de lectura probado<\/td><td>Hasta 6 m<\/td><\/tr><tr><td>Rendimiento del ciclo de lavado<\/td><td>Lavado: +60\u00b0C \/ 10 minutos<br>Secado: +60\u00b0C \/ 30 minutos<br>Prensa extractora de agua: 60 bares<br>Proceso de esterilizaci\u00f3n: +121\u00b0C (250\u00b0F) \/ 15 minutos<\/td><\/tr><tr><td>Artesan\u00eda<\/td><td>Grabado l\u00e1ser de n\u00fameros o logotipos, codificaci\u00f3n por chip<\/td><\/tr><\/tbody><\/table><\/figure>\n\n\n\n<h3 class=\"wp-block-heading\" id=\"h-applications-of-washable-silicone-uhf-rfid-laundry-tag\">Aplicaciones de la etiqueta RFID UHF de silicona lavable para lavander\u00eda<\/h3>\n\n\n\n<ul class=\"wp-block-list\">\n<li>Seguimiento de la lavander\u00eda de ropa hospitalaria y sanitaria<\/li>\n\n\n\n<li>Industria de la ropa blanca, industria de los EPI, alquiler de ropa blanca, lavander\u00eda industrial<\/li>\n\n\n\n<li>Rastreo de ropa de hotel, toallas, ropa de trabajo, uniformes, batas, bayetas y fregonas<\/li>\n<\/ul>\n\n\n\n<h5 class=\"wp-block-heading\" id=\"h-get-in-touch\">P\u00f3ngase en contacto<\/h5>\n\n\n\n<p>En la actualidad, cooperamos con una gran cantidad de empresas de alquiler de suministros de hotel para proporcionar etiquetas de lavander\u00eda de silicona, principalmente gestionar el alquiler a las toallas de hotel, toallas de ba\u00f1o, mantas y otros productos, fabricantes de cuero de renombre internacional incrustar la etiqueta de lavander\u00eda RFID de silicona en sus productos como una aplicaci\u00f3n de seguimiento y localizaci\u00f3n de la fuente.<\/p>\n\n\n<style>.wp-block-kadence-advancedbtn.kb-btns3400_db6f55-8e{gap:var(--global-kb-gap-xs, 0.5rem );justify-content:flex-start;align-items:center;}.kt-btns3400_db6f55-8e .kt-button{font-weight:normal;font-style:normal;}.kt-btns3400_db6f55-8e .kt-btn-wrap-0{margin-right:5px;}.wp-block-kadence-advancedbtn.kt-btns3400_db6f55-8e .kt-btn-wrap-0 .kt-button{color:#555555;border-color:#555555;}.wp-block-kadence-advancedbtn.kt-btns3400_db6f55-8e .kt-btn-wrap-0 .kt-button:hover, .wp-block-kadence-advancedbtn.kt-btns3400_db6f55-8e .kt-btn-wrap-0 .kt-button:focus{color:#ffffff;border-color:#444444;}.wp-block-kadence-advancedbtn.kt-btns3400_db6f55-8e .kt-btn-wrap-0 .kt-button::before{display:none;}.wp-block-kadence-advancedbtn.kt-btns3400_db6f55-8e .kt-btn-wrap-0 .kt-button:hover, .wp-block-kadence-advancedbtn.kt-btns3400_db6f55-8e .kt-btn-wrap-0 .kt-button:focus{background:#444444;}<\/style>\n<div class=\"wp-block-kadence-advancedbtn kb-buttons-wrap kb-btns3400_db6f55-8e\"><style>ul.menu .wp-block-kadence-advancedbtn .kb-btn3400_8eff04-1f.kb-button{width:initial;}<\/style><a class=\"kb-button kt-button button kb-btn3400_8eff04-1f kt-btn-size-standard kt-btn-width-type-auto kb-btn-global-inherit  kt-btn-has-text-true kt-btn-has-svg-false  wp-block-button__link wp-block-kadence-singlebtn\" href=\"https:\/\/huayuansh.com\/contact-us\/\"><span class=\"kt-btn-inner-text\">Contacte con nosotros<\/span><\/a><\/div>","protected":false},"excerpt":{"rendered":"<p>HUAYUAN HST RAIN RFID Silicone Laundry Tag es un invento de \u00faltima generaci\u00f3n para el seguimiento autom\u00e1tico y el inventario en aplicaciones de lavander\u00eda. Las etiquetas RFID de serie HST son de tama\u00f1o fino, flexibles, suaves y lisas, a prueba de productos qu\u00edmicos y l\u00edquidos, resistentes al calor y a la fuerza, con un robusto transpondedor RFID incorporado para soportar 200 lavados de tambor y secado por calor, limpieza y planchado. HST-5512...<\/p>","protected":false},"author":1,"featured_media":3692,"parent":1003,"menu_order":0,"comment_status":"closed","ping_status":"closed","template":"","meta":{"_kad_blocks_custom_css":"","_kad_blocks_head_custom_js":"","_kad_blocks_body_custom_js":"","_kad_blocks_footer_custom_js":"","_kadence_starter_templates_imported_post":false,"_kad_post_transparent":"","_kad_post_title":"","_kad_post_layout":"","_kad_post_sidebar_id":"","_kad_post_content_style":"","_kad_post_vertical_padding":"","_kad_post_feature":"","_kad_post_feature_position":"","_kad_post_header":false,"_kad_post_footer":false,"footnotes":""},"class_list":["post-3400","page","type-page","status-publish","has-post-thumbnail","hentry"],"yoast_head":"<!-- This site is optimized with the Yoast SEO Premium plugin v23.0 (Yoast SEO v26.3) - https:\/\/yoast.com\/wordpress\/plugins\/seo\/ -->\n<title>HST Silicone UHF Laundry Tag | HUAYUAN RFID Tag Manufacturer<\/title>\n<meta name=\"description\" content=\"HUAYUAN washable UHF Silicone RFID Laundry Tag is suitable for use in any RFID hotel, spa, retirement home, sports club laundry and linen management\" \/>\n<meta name=\"robots\" content=\"index, follow, max-snippet:-1, max-image-preview:large, max-video-preview:-1\" \/>\n<link rel=\"canonical\" href=\"https:\/\/huayuansh.com\/es\/productos\/etiquetas-de-lavanderia-rfid\/etiqueta-rfid-uhf-de-silicona-lavanderia-hst\/\" \/>\n<meta property=\"og:locale\" content=\"es_ES\" \/>\n<meta property=\"og:type\" content=\"article\" \/>\n<meta property=\"og:title\" content=\"HST Silicone UHF Laundry Tag\" \/>\n<meta property=\"og:description\" content=\"HUAYUAN washable UHF Silicone RFID Laundry Tag is suitable for use in any RFID hotel, spa, retirement home, sports club laundry and linen management\" \/>\n<meta property=\"og:url\" content=\"https:\/\/huayuansh.com\/es\/productos\/etiquetas-de-lavanderia-rfid\/etiqueta-rfid-uhf-de-silicona-lavanderia-hst\/\" \/>\n<meta property=\"og:site_name\" content=\"HUAYUAN RFID Tag Manufacturer\" \/>\n<meta property=\"article:modified_time\" content=\"2024-08-20T07:20:27+00:00\" \/>\n<meta property=\"og:image\" content=\"https:\/\/huayuansh.com\/wp-content\/uploads\/2024\/08\/HST-Silicone-UHF-Laundry-Tag.webp\" \/>\n\t<meta property=\"og:image:width\" content=\"1920\" \/>\n\t<meta property=\"og:image:height\" content=\"1080\" \/>\n\t<meta property=\"og:image:type\" content=\"image\/webp\" \/>\n<meta name=\"twitter:card\" content=\"summary_large_image\" \/>\n<meta name=\"twitter:label1\" content=\"Tiempo de lectura\" \/>\n\t<meta name=\"twitter:data1\" content=\"2 minutos\" \/>\n<script type=\"application\/ld+json\" class=\"yoast-schema-graph\">{\"@context\":\"https:\/\/schema.org\",\"@graph\":[{\"@type\":\"WebPage\",\"@id\":\"https:\/\/huayuansh.com\/products\/rfid-laundry-tags\/hst-silicone-uhf-laundry-tag\/\",\"url\":\"https:\/\/huayuansh.com\/products\/rfid-laundry-tags\/hst-silicone-uhf-laundry-tag\/\",\"name\":\"HST Silicone UHF Laundry Tag | HUAYUAN RFID Tag Manufacturer\",\"isPartOf\":{\"@id\":\"https:\/\/huayuansh.com\/#website\"},\"primaryImageOfPage\":{\"@id\":\"https:\/\/huayuansh.com\/products\/rfid-laundry-tags\/hst-silicone-uhf-laundry-tag\/#primaryimage\"},\"image\":{\"@id\":\"https:\/\/huayuansh.com\/products\/rfid-laundry-tags\/hst-silicone-uhf-laundry-tag\/#primaryimage\"},\"thumbnailUrl\":\"https:\/\/huayuansh.com\/wp-content\/uploads\/2024\/08\/HST-Silicone-UHF-Laundry-Tag.webp\",\"datePublished\":\"2024-07-15T06:26:33+00:00\",\"dateModified\":\"2024-08-20T07:20:27+00:00\",\"description\":\"HUAYUAN washable UHF Silicone RFID Laundry Tag is suitable for use in any RFID hotel, spa, retirement home, sports club laundry and linen management\",\"breadcrumb\":{\"@id\":\"https:\/\/huayuansh.com\/products\/rfid-laundry-tags\/hst-silicone-uhf-laundry-tag\/#breadcrumb\"},\"inLanguage\":\"es\",\"potentialAction\":[{\"@type\":\"ReadAction\",\"target\":[\"https:\/\/huayuansh.com\/products\/rfid-laundry-tags\/hst-silicone-uhf-laundry-tag\/\"]}]},{\"@type\":\"ImageObject\",\"inLanguage\":\"es\",\"@id\":\"https:\/\/huayuansh.com\/products\/rfid-laundry-tags\/hst-silicone-uhf-laundry-tag\/#primaryimage\",\"url\":\"https:\/\/huayuansh.com\/wp-content\/uploads\/2024\/08\/HST-Silicone-UHF-Laundry-Tag.webp\",\"contentUrl\":\"https:\/\/huayuansh.com\/wp-content\/uploads\/2024\/08\/HST-Silicone-UHF-Laundry-Tag.webp\",\"width\":1920,\"height\":1080},{\"@type\":\"BreadcrumbList\",\"@id\":\"https:\/\/huayuansh.com\/products\/rfid-laundry-tags\/hst-silicone-uhf-laundry-tag\/#breadcrumb\",\"itemListElement\":[{\"@type\":\"ListItem\",\"position\":1,\"name\":\"Home\",\"item\":\"https:\/\/huayuansh.com\/\"},{\"@type\":\"ListItem\",\"position\":2,\"name\":\"RFID Products\",\"item\":\"https:\/\/huayuansh.com\/products\/\"},{\"@type\":\"ListItem\",\"position\":3,\"name\":\"RFID Laundry Tags\",\"item\":\"https:\/\/huayuansh.com\/products\/rfid-laundry-tags\/\"},{\"@type\":\"ListItem\",\"position\":4,\"name\":\"HST Silicone UHF Laundry Tag\"}]},{\"@type\":\"WebSite\",\"@id\":\"https:\/\/huayuansh.com\/#website\",\"url\":\"https:\/\/huayuansh.com\/\",\"name\":\"HUAYUAN RFID Tag Manufacturer\",\"description\":\"HUAYUAN RFID Tag Manufacturer\",\"publisher\":{\"@id\":\"https:\/\/huayuansh.com\/#organization\"},\"potentialAction\":[{\"@type\":\"SearchAction\",\"target\":{\"@type\":\"EntryPoint\",\"urlTemplate\":\"https:\/\/huayuansh.com\/?s={search_term_string}\"},\"query-input\":{\"@type\":\"PropertyValueSpecification\",\"valueRequired\":true,\"valueName\":\"search_term_string\"}}],\"inLanguage\":\"es\"},{\"@type\":\"Organization\",\"@id\":\"https:\/\/huayuansh.com\/#organization\",\"name\":\"HUAYUAN RFID Tag Manufacturer\",\"url\":\"https:\/\/huayuansh.com\/\",\"logo\":{\"@type\":\"ImageObject\",\"inLanguage\":\"es\",\"@id\":\"https:\/\/huayuansh.com\/#\/schema\/logo\/image\/\",\"url\":\"https:\/\/huayuansh.com\/wp-content\/uploads\/2024\/09\/cropped-HUAYUAN.webp\",\"contentUrl\":\"https:\/\/huayuansh.com\/wp-content\/uploads\/2024\/09\/cropped-HUAYUAN.webp\",\"width\":895,\"height\":279,\"caption\":\"HUAYUAN RFID Tag Manufacturer\"},\"image\":{\"@id\":\"https:\/\/huayuansh.com\/#\/schema\/logo\/image\/\"}}]}<\/script>\n<!-- \/ Yoast SEO Premium plugin. -->","yoast_head_json":{"title":"HST silicona UHF etiqueta de lavander\u00eda | HUAYUAN etiqueta RFID Fabricante","description":"HUAYUAN lavable UHF de silicona RFID etiqueta de lavander\u00eda es adecuado para su uso en cualquier hotel RFID, spa, hogar de ancianos, club deportivo de lavander\u00eda y gesti\u00f3n de lino","robots":{"index":"index","follow":"follow","max-snippet":"max-snippet:-1","max-image-preview":"max-image-preview:large","max-video-preview":"max-video-preview:-1"},"canonical":"https:\/\/huayuansh.com\/es\/productos\/etiquetas-de-lavanderia-rfid\/etiqueta-rfid-uhf-de-silicona-lavanderia-hst\/","og_locale":"es_ES","og_type":"article","og_title":"HST Silicone UHF Laundry Tag","og_description":"HUAYUAN washable UHF Silicone RFID Laundry Tag is suitable for use in any RFID hotel, spa, retirement home, sports club laundry and linen management","og_url":"https:\/\/huayuansh.com\/es\/productos\/etiquetas-de-lavanderia-rfid\/etiqueta-rfid-uhf-de-silicona-lavanderia-hst\/","og_site_name":"HUAYUAN RFID Tag Manufacturer","article_modified_time":"2024-08-20T07:20:27+00:00","og_image":[{"width":1920,"height":1080,"url":"https:\/\/huayuansh.com\/wp-content\/uploads\/2024\/08\/HST-Silicone-UHF-Laundry-Tag.webp","type":"image\/webp"}],"twitter_card":"summary_large_image","twitter_misc":{"Tiempo de lectura":"2 minutos"},"schema":{"@context":"https:\/\/schema.org","@graph":[{"@type":"WebPage","@id":"https:\/\/huayuansh.com\/products\/rfid-laundry-tags\/hst-silicone-uhf-laundry-tag\/","url":"https:\/\/huayuansh.com\/products\/rfid-laundry-tags\/hst-silicone-uhf-laundry-tag\/","name":"HST silicona UHF etiqueta de lavander\u00eda | HUAYUAN etiqueta RFID Fabricante","isPartOf":{"@id":"https:\/\/huayuansh.com\/#website"},"primaryImageOfPage":{"@id":"https:\/\/huayuansh.com\/products\/rfid-laundry-tags\/hst-silicone-uhf-laundry-tag\/#primaryimage"},"image":{"@id":"https:\/\/huayuansh.com\/products\/rfid-laundry-tags\/hst-silicone-uhf-laundry-tag\/#primaryimage"},"thumbnailUrl":"https:\/\/huayuansh.com\/wp-content\/uploads\/2024\/08\/HST-Silicone-UHF-Laundry-Tag.webp","datePublished":"2024-07-15T06:26:33+00:00","dateModified":"2024-08-20T07:20:27+00:00","description":"HUAYUAN lavable UHF de silicona RFID etiqueta de lavander\u00eda es adecuado para su uso en cualquier hotel RFID, spa, hogar de ancianos, club deportivo de lavander\u00eda y gesti\u00f3n de lino","breadcrumb":{"@id":"https:\/\/huayuansh.com\/products\/rfid-laundry-tags\/hst-silicone-uhf-laundry-tag\/#breadcrumb"},"inLanguage":"es","potentialAction":[{"@type":"ReadAction","target":["https:\/\/huayuansh.com\/products\/rfid-laundry-tags\/hst-silicone-uhf-laundry-tag\/"]}]},{"@type":"ImageObject","inLanguage":"es","@id":"https:\/\/huayuansh.com\/products\/rfid-laundry-tags\/hst-silicone-uhf-laundry-tag\/#primaryimage","url":"https:\/\/huayuansh.com\/wp-content\/uploads\/2024\/08\/HST-Silicone-UHF-Laundry-Tag.webp","contentUrl":"https:\/\/huayuansh.com\/wp-content\/uploads\/2024\/08\/HST-Silicone-UHF-Laundry-Tag.webp","width":1920,"height":1080},{"@type":"BreadcrumbList","@id":"https:\/\/huayuansh.com\/products\/rfid-laundry-tags\/hst-silicone-uhf-laundry-tag\/#breadcrumb","itemListElement":[{"@type":"ListItem","position":1,"name":"Home","item":"https:\/\/huayuansh.com\/"},{"@type":"ListItem","position":2,"name":"RFID Products","item":"https:\/\/huayuansh.com\/products\/"},{"@type":"ListItem","position":3,"name":"RFID Laundry Tags","item":"https:\/\/huayuansh.com\/products\/rfid-laundry-tags\/"},{"@type":"ListItem","position":4,"name":"HST Silicone UHF Laundry Tag"}]},{"@type":"WebSite","@id":"https:\/\/huayuansh.com\/#website","url":"https:\/\/huayuansh.com\/","name":"Fabricante de etiquetas RFID HUAYUAN","description":"Fabricante de etiquetas RFID HUAYUAN","publisher":{"@id":"https:\/\/huayuansh.com\/#organization"},"potentialAction":[{"@type":"SearchAction","target":{"@type":"EntryPoint","urlTemplate":"https:\/\/huayuansh.com\/?s={search_term_string}"},"query-input":{"@type":"PropertyValueSpecification","valueRequired":true,"valueName":"search_term_string"}}],"inLanguage":"es"},{"@type":"Organization","@id":"https:\/\/huayuansh.com\/#organization","name":"Fabricante de etiquetas RFID HUAYUAN","url":"https:\/\/huayuansh.com\/","logo":{"@type":"ImageObject","inLanguage":"es","@id":"https:\/\/huayuansh.com\/#\/schema\/logo\/image\/","url":"https:\/\/huayuansh.com\/wp-content\/uploads\/2024\/09\/cropped-HUAYUAN.webp","contentUrl":"https:\/\/huayuansh.com\/wp-content\/uploads\/2024\/09\/cropped-HUAYUAN.webp","width":895,"height":279,"caption":"HUAYUAN RFID Tag Manufacturer"},"image":{"@id":"https:\/\/huayuansh.com\/#\/schema\/logo\/image\/"}}]}},"taxonomy_info":[],"featured_image_src_large":["https:\/\/huayuansh.com\/wp-content\/uploads\/2024\/08\/HST-Silicone-UHF-Laundry-Tag-1024x576.webp",1024,576,true],"author_info":{"display_name":"HUAYUAN","author_link":"https:\/\/huayuansh.com\/es\/author\/shyec2024\/"},"comment_info":0,"_links":{"self":[{"href":"https:\/\/huayuansh.com\/es\/wp-json\/wp\/v2\/pages\/3400","targetHints":{"allow":["GET"]}}],"collection":[{"href":"https:\/\/huayuansh.com\/es\/wp-json\/wp\/v2\/pages"}],"about":[{"href":"https:\/\/huayuansh.com\/es\/wp-json\/wp\/v2\/types\/page"}],"author":[{"embeddable":true,"href":"https:\/\/huayuansh.com\/es\/wp-json\/wp\/v2\/users\/1"}],"replies":[{"embeddable":true,"href":"https:\/\/huayuansh.com\/es\/wp-json\/wp\/v2\/comments?post=3400"}],"version-history":[{"count":4,"href":"https:\/\/huayuansh.com\/es\/wp-json\/wp\/v2\/pages\/3400\/revisions"}],"predecessor-version":[{"id":3704,"href":"https:\/\/huayuansh.com\/es\/wp-json\/wp\/v2\/pages\/3400\/revisions\/3704"}],"up":[{"embeddable":true,"href":"https:\/\/huayuansh.com\/es\/wp-json\/wp\/v2\/pages\/1003"}],"wp:featuredmedia":[{"embeddable":true,"href":"https:\/\/huayuansh.com\/es\/wp-json\/wp\/v2\/media\/3692"}],"wp:attachment":[{"href":"https:\/\/huayuansh.com\/es\/wp-json\/wp\/v2\/media?parent=3400"}],"curies":[{"name":"wp","href":"https:\/\/api.w.org\/{rel}","templated":true}]}}