{"id":4200,"date":"2025-05-09T19:41:56","date_gmt":"2025-05-09T11:41:56","guid":{"rendered":"https:\/\/huayuansh.com\/?page_id=4200"},"modified":"2025-05-09T19:42:01","modified_gmt":"2025-05-09T11:42:01","slug":"rfid-para-joyeria","status":"publish","type":"page","link":"https:\/\/huayuansh.com\/es\/segmentos-industriales\/rfid-para-joyeria\/","title":{"rendered":"RFID para joyer\u00eda"},"content":{"rendered":"<p>Los minoristas de joyer\u00eda de lujo suelen gestionar colecciones de gran valor y dise\u00f1o delicado. Con miles de peque\u00f1os y valiosos art\u00edculos en producci\u00f3n, almacenamiento y exposici\u00f3n, mantener un inventario preciso y reducir las p\u00e9rdidas es un reto constante. <strong>RFID<\/strong> La tecnolog\u00eda de identificaci\u00f3n por radiofrecuencia (RFID) permite agilizar estos procesos sin que el cliente pierda su experiencia.<\/p>\n\n\n\n<div class=\"wp-block-columns are-vertically-aligned-center is-layout-flex wp-container-core-columns-is-layout-9d6595d7 wp-block-columns-is-layout-flex\">\n<div class=\"wp-block-column is-vertically-aligned-center is-layout-flow wp-block-column-is-layout-flow\" style=\"flex-basis:65%\">\n<h2 class=\"wp-block-heading\" id=\"h-rfid-technology-for-jewellery-management\"><strong>Tecnolog\u00eda RFID para la gesti\u00f3n de joyas<\/strong><\/h2>\n\n\n\n<p>Anillos, pendientes, relojes y otras piezas de joyer\u00eda fina requieren una manipulaci\u00f3n cuidadosa y un seguimiento preciso. Los m\u00e9todos manuales, como el escaneado de c\u00f3digos de barras, pueden no proporcionar la velocidad o precisi\u00f3n necesarias. La RFID ofrece una soluci\u00f3n automatizada y sin contacto mediante la colocaci\u00f3n de etiquetas RFID en cada art\u00edculo. Esto permite una visibilidad del inventario en tiempo real en todas las fases de la cadena de suministro. Para las empresas de joyer\u00eda que desean reducir las p\u00e9rdidas y simplificar las operaciones diarias, la RFID ofrece una alternativa moderna que se adapta perfectamente a los entornos minoristas de lujo.<\/p>\n<\/div>\n\n\n\n<div class=\"wp-block-column is-vertically-aligned-center is-layout-flow wp-block-column-is-layout-flow\" style=\"flex-basis:35%\">\n<figure class=\"wp-block-image size-full\"><img loading=\"lazy\" decoding=\"async\" width=\"600\" height=\"600\" src=\"https:\/\/huayuansh.com\/wp-content\/uploads\/2025\/05\/RFID-for-Jewellery-Management.webp\" alt=\"RFID para la gesti\u00f3n de joyer\u00eda\" class=\"wp-image-4201\" style=\"aspect-ratio:4\/3;object-fit:cover\" srcset=\"https:\/\/huayuansh.com\/wp-content\/uploads\/2025\/05\/RFID-for-Jewellery-Management.webp 600w, https:\/\/huayuansh.com\/wp-content\/uploads\/2025\/05\/RFID-for-Jewellery-Management-300x300.webp 300w, https:\/\/huayuansh.com\/wp-content\/uploads\/2025\/05\/RFID-for-Jewellery-Management-150x150.webp 150w\" sizes=\"auto, (max-width: 600px) 100vw, 600px\" \/><\/figure>\n<\/div>\n<\/div>\n\n\n\n<div class=\"wp-block-columns are-vertically-aligned-top is-layout-flex wp-container-core-columns-is-layout-9d6595d7 wp-block-columns-is-layout-flex\">\n<div class=\"wp-block-column is-vertically-aligned-top is-layout-flow wp-block-column-is-layout-flow\" style=\"flex-basis:35%\">\n<figure class=\"wp-block-image\"><img loading=\"lazy\" decoding=\"async\" width=\"600\" height=\"600\" src=\"https:\/\/huayuansh.com\/wp-content\/uploads\/2025\/05\/RFID-Tag-for-Jewellery.webp\" alt=\"Etiquetas RFID para joyer\u00eda\" class=\"wp-image-4202\" srcset=\"https:\/\/huayuansh.com\/wp-content\/uploads\/2025\/05\/RFID-Tag-for-Jewellery.webp 600w, https:\/\/huayuansh.com\/wp-content\/uploads\/2025\/05\/RFID-Tag-for-Jewellery-300x300.webp 300w, https:\/\/huayuansh.com\/wp-content\/uploads\/2025\/05\/RFID-Tag-for-Jewellery-150x150.webp 150w\" sizes=\"auto, (max-width: 600px) 100vw, 600px\" \/><\/figure>\n<\/div>\n\n\n\n<div class=\"wp-block-column is-vertically-aligned-top is-layout-flow wp-block-column-is-layout-flow\" style=\"flex-basis:65%\">\n<h2 class=\"wp-block-heading\" id=\"h-rfid-tags-for-jewellery\"><strong>Etiquetas RFID para joyer\u00eda<\/strong><\/h2>\n\n\n\n<p>Las etiquetas RFID UHF para joyer\u00eda est\u00e1n adaptadas a las necesidades espec\u00edficas del seguimiento de joyas. Dise\u00f1adas para ser discretas y f\u00e1ciles de colocar, estas etiquetas funcionan con diversos tipos de art\u00edculos sin alterar la experiencia del cliente ni la presentaci\u00f3n de la marca.<br>Las caracter\u00edsticas clave incluyen:<\/p>\n\n\n\n<ul class=\"wp-block-list\">\n<li>Lecturas precisas y de alta velocidad, incluso en vitrinas muy pobladas.<\/li>\n\n\n\n<li>Rangos de lectura ampliados, que permiten un escaneado masivo eficaz durante las auditor\u00edas.<\/li>\n<\/ul>\n\n\n\n<p>Estas etiquetas est\u00e1n dise\u00f1adas para mejorar la visibilidad de las existencias y agilizar las tareas de inventario, sin alterar los expositores ni los formatos de envasado existentes.<\/p>\n<\/div>\n<\/div>\n\n\n\n<h2 class=\"wp-block-heading\" id=\"h-benefits-of-rfid-in-jewelry-retail\"><strong>Ventajas de la RFID en el comercio minorista de joyer\u00eda<\/strong><\/h2>\n\n\n\n<ol start=\"1\" class=\"wp-block-list\">\n<li><strong>Inventario preciso y en tiempo real<\/strong><br>La RFID permite realizar recuentos r\u00e1pidos de existencias y actualizaciones en tiempo real, lo que ayuda a las marcas a minimizar los errores y mantener un mejor control de los niveles de inventario.<\/li>\n\n\n\n<li><strong>Mayor seguridad y prevenci\u00f3n de p\u00e9rdidas<\/strong><br>Con el seguimiento de los art\u00edculos y la supervisi\u00f3n de los movimientos, la RFID ayuda a reducir las mermas internas y contribuye a mejorar los protocolos de prevenci\u00f3n de robos.<\/li>\n\n\n\n<li><strong>Racionalizaci\u00f3n operativa<\/strong><br>Procesos como devoluciones, transferencias de existencias y comprobaciones de env\u00edos se vuelven m\u00e1s r\u00e1pidos y fiables con la integraci\u00f3n de RFID.<\/li>\n\n\n\n<li><strong>Mejora de la experiencia del cliente<\/strong><br>La RFID facilita al personal la r\u00e1pida localizaci\u00f3n de los productos y la asistencia informada, lo que contribuye a mejorar el servicio y aumentar la satisfacci\u00f3n del cliente.<\/li>\n\n\n\n<li><strong>Imagen de marca reforzada<\/strong><br>La incorporaci\u00f3n de RFID refleja el compromiso de una marca con la innovaci\u00f3n, la eficacia y la transparencia, valores clave en el mercado del lujo actual.<\/li>\n<\/ol>\n\n\n\n<h3 class=\"wp-block-heading\" id=\"h-get-in-touch\"><strong>Ponte en contacto<\/strong><\/h3>\n\n\n\n<p>A medida que el sector de la joyer\u00eda sigue evolucionando, la integraci\u00f3n de la RFID ofrece un paso fiable hacia una mayor visibilidad y eficacia. Nuestras etiquetas RFID UHF para joyer\u00eda est\u00e1n dise\u00f1adas para satisfacer las necesidades espec\u00edficas de las marcas de joyer\u00eda: mejoran las operaciones diarias al tiempo que preservan la presentaci\u00f3n del producto y la imagen de marca.<br>\u00bfLe interesa saber c\u00f3mo la RFID puede ayudarle en su estrategia de crecimiento? P\u00f3ngase en contacto con nosotros hoy mismo para explorar una soluci\u00f3n de etiquetado adaptada a su empresa.<\/p>\n\n\n<style>.wp-block-kadence-advancedbtn.kb-btns4200_fbb456-73{gap:var(--global-kb-gap-xs, 0.5rem );justify-content:flex-start;align-items:center;}.kt-btns4200_fbb456-73 .kt-button{font-weight:normal;font-style:normal;}.kt-btns4200_fbb456-73 .kt-btn-wrap-0{margin-right:5px;}.wp-block-kadence-advancedbtn.kt-btns4200_fbb456-73 .kt-btn-wrap-0 .kt-button{color:#555555;border-color:#555555;}.wp-block-kadence-advancedbtn.kt-btns4200_fbb456-73 .kt-btn-wrap-0 .kt-button:hover, .wp-block-kadence-advancedbtn.kt-btns4200_fbb456-73 .kt-btn-wrap-0 .kt-button:focus{color:#ffffff;border-color:#444444;}.wp-block-kadence-advancedbtn.kt-btns4200_fbb456-73 .kt-btn-wrap-0 .kt-button::before{display:none;}.wp-block-kadence-advancedbtn.kt-btns4200_fbb456-73 .kt-btn-wrap-0 .kt-button:hover, .wp-block-kadence-advancedbtn.kt-btns4200_fbb456-73 .kt-btn-wrap-0 .kt-button:focus{background:#444444;}<\/style>\n<div class=\"wp-block-kadence-advancedbtn kb-buttons-wrap kb-btns4200_fbb456-73\"><style>.wp-block-kadence-advancedbtn .kb-btn4200_c491ef-b0.kb-button, ul.menu .wp-block-kadence-advancedbtn .kb-btn4200_c491ef-b0.kb-button{width:200px;}<\/style><a class=\"kb-button kt-button button kb-btn4200_c491ef-b0 kt-btn-size-small kt-btn-width-type-fixed kb-btn-global-inherit  kt-btn-has-text-true kt-btn-has-svg-false  wp-block-button__link wp-block-kadence-singlebtn\" href=\"https:\/\/huayuansh.com\/contact-us\/\"><span class=\"kt-btn-inner-text\">Contacte con nosotros<\/span><\/a><\/div>\n\n\n\n<p><\/p>","protected":false},"excerpt":{"rendered":"<p>Los minoristas de joyer\u00eda de lujo suelen gestionar colecciones de gran valor y dise\u00f1o delicado. Con miles de peque\u00f1os y preciosos art\u00edculos en producci\u00f3n, almacenamiento y exposici\u00f3n, mantener un inventario preciso y reducir las p\u00e9rdidas es un reto constante. La tecnolog\u00eda RFID (identificaci\u00f3n por radiofrecuencia) ofrece una forma de agilizar estos procesos y, al mismo tiempo,...<\/p>","protected":false},"author":1,"featured_media":4203,"parent":731,"menu_order":0,"comment_status":"closed","ping_status":"closed","template":"","meta":{"_kad_blocks_custom_css":"","_kad_blocks_head_custom_js":"","_kad_blocks_body_custom_js":"","_kad_blocks_footer_custom_js":"","_kadence_starter_templates_imported_post":false,"_kad_post_transparent":"","_kad_post_title":"","_kad_post_layout":"","_kad_post_sidebar_id":"","_kad_post_content_style":"","_kad_post_vertical_padding":"","_kad_post_feature":"","_kad_post_feature_position":"","_kad_post_header":false,"_kad_post_footer":false,"footnotes":""},"class_list":["post-4200","page","type-page","status-publish","has-post-thumbnail","hentry"],"yoast_head":"<!-- This site is optimized with the Yoast SEO Premium plugin v23.0 (Yoast SEO v26.3) - https:\/\/yoast.com\/wordpress\/plugins\/seo\/ -->\n<title>RFID for Jewellery | HUAYUAN RFID Tag Manufacturer<\/title>\n<meta name=\"description\" content=\"Enhance jewellery inventory management with UHF RFID jewellery tags. Improve tracking, reduce losses, and streamline operations without compromising aesthetics. Discover RFID solutions tailored for jewellery brands.\" \/>\n<meta name=\"robots\" content=\"index, follow, max-snippet:-1, max-image-preview:large, max-video-preview:-1\" \/>\n<link rel=\"canonical\" href=\"https:\/\/huayuansh.com\/es\/segmentos-industriales\/rfid-para-joyeria\/\" \/>\n<meta property=\"og:locale\" content=\"es_ES\" \/>\n<meta property=\"og:type\" content=\"article\" \/>\n<meta property=\"og:title\" content=\"RFID for Jewellery\" \/>\n<meta property=\"og:description\" content=\"Enhance jewellery inventory management with UHF RFID jewellery tags. Improve tracking, reduce losses, and streamline operations without compromising aesthetics. Discover RFID solutions tailored for jewellery brands.\" \/>\n<meta property=\"og:url\" content=\"https:\/\/huayuansh.com\/es\/segmentos-industriales\/rfid-para-joyeria\/\" \/>\n<meta property=\"og:site_name\" content=\"HUAYUAN RFID Tag Manufacturer\" \/>\n<meta property=\"article:modified_time\" content=\"2025-05-09T11:42:01+00:00\" \/>\n<meta property=\"og:image\" content=\"https:\/\/huayuansh.com\/wp-content\/uploads\/2025\/05\/RFID-Jewellery-Tags-for-Jewelry-Retail.webp\" \/>\n\t<meta property=\"og:image:width\" content=\"1920\" \/>\n\t<meta property=\"og:image:height\" content=\"1080\" \/>\n\t<meta property=\"og:image:type\" content=\"image\/webp\" \/>\n<meta name=\"twitter:card\" content=\"summary_large_image\" \/>\n<meta name=\"twitter:label1\" content=\"Tiempo de lectura\" \/>\n\t<meta name=\"twitter:data1\" content=\"3 minutos\" \/>\n<script type=\"application\/ld+json\" class=\"yoast-schema-graph\">{\"@context\":\"https:\/\/schema.org\",\"@graph\":[{\"@type\":\"WebPage\",\"@id\":\"https:\/\/huayuansh.com\/industry-segments\/rfid-for-jewellery\/\",\"url\":\"https:\/\/huayuansh.com\/industry-segments\/rfid-for-jewellery\/\",\"name\":\"RFID for Jewellery | HUAYUAN RFID Tag Manufacturer\",\"isPartOf\":{\"@id\":\"https:\/\/huayuansh.com\/#website\"},\"primaryImageOfPage\":{\"@id\":\"https:\/\/huayuansh.com\/industry-segments\/rfid-for-jewellery\/#primaryimage\"},\"image\":{\"@id\":\"https:\/\/huayuansh.com\/industry-segments\/rfid-for-jewellery\/#primaryimage\"},\"thumbnailUrl\":\"https:\/\/huayuansh.com\/wp-content\/uploads\/2025\/05\/RFID-Jewellery-Tags-for-Jewelry-Retail.webp\",\"datePublished\":\"2025-05-09T11:41:56+00:00\",\"dateModified\":\"2025-05-09T11:42:01+00:00\",\"description\":\"Enhance jewellery inventory management with UHF RFID jewellery tags. Improve tracking, reduce losses, and streamline operations without compromising aesthetics. Discover RFID solutions tailored for jewellery brands.\",\"breadcrumb\":{\"@id\":\"https:\/\/huayuansh.com\/industry-segments\/rfid-for-jewellery\/#breadcrumb\"},\"inLanguage\":\"es\",\"potentialAction\":[{\"@type\":\"ReadAction\",\"target\":[\"https:\/\/huayuansh.com\/industry-segments\/rfid-for-jewellery\/\"]}]},{\"@type\":\"ImageObject\",\"inLanguage\":\"es\",\"@id\":\"https:\/\/huayuansh.com\/industry-segments\/rfid-for-jewellery\/#primaryimage\",\"url\":\"https:\/\/huayuansh.com\/wp-content\/uploads\/2025\/05\/RFID-Jewellery-Tags-for-Jewelry-Retail.webp\",\"contentUrl\":\"https:\/\/huayuansh.com\/wp-content\/uploads\/2025\/05\/RFID-Jewellery-Tags-for-Jewelry-Retail.webp\",\"width\":1920,\"height\":1080,\"caption\":\"RFID Jewellery Tags for Jewelry Retail\"},{\"@type\":\"BreadcrumbList\",\"@id\":\"https:\/\/huayuansh.com\/industry-segments\/rfid-for-jewellery\/#breadcrumb\",\"itemListElement\":[{\"@type\":\"ListItem\",\"position\":1,\"name\":\"Home\",\"item\":\"https:\/\/huayuansh.com\/\"},{\"@type\":\"ListItem\",\"position\":2,\"name\":\"Industry Segments\",\"item\":\"https:\/\/huayuansh.com\/industry-segments\/\"},{\"@type\":\"ListItem\",\"position\":3,\"name\":\"RFID for Jewellery\"}]},{\"@type\":\"WebSite\",\"@id\":\"https:\/\/huayuansh.com\/#website\",\"url\":\"https:\/\/huayuansh.com\/\",\"name\":\"HUAYUAN RFID Tag Manufacturer\",\"description\":\"HUAYUAN RFID Tag Manufacturer\",\"publisher\":{\"@id\":\"https:\/\/huayuansh.com\/#organization\"},\"potentialAction\":[{\"@type\":\"SearchAction\",\"target\":{\"@type\":\"EntryPoint\",\"urlTemplate\":\"https:\/\/huayuansh.com\/?s={search_term_string}\"},\"query-input\":{\"@type\":\"PropertyValueSpecification\",\"valueRequired\":true,\"valueName\":\"search_term_string\"}}],\"inLanguage\":\"es\"},{\"@type\":\"Organization\",\"@id\":\"https:\/\/huayuansh.com\/#organization\",\"name\":\"HUAYUAN RFID Tag Manufacturer\",\"url\":\"https:\/\/huayuansh.com\/\",\"logo\":{\"@type\":\"ImageObject\",\"inLanguage\":\"es\",\"@id\":\"https:\/\/huayuansh.com\/#\/schema\/logo\/image\/\",\"url\":\"https:\/\/huayuansh.com\/wp-content\/uploads\/2024\/09\/cropped-HUAYUAN.webp\",\"contentUrl\":\"https:\/\/huayuansh.com\/wp-content\/uploads\/2024\/09\/cropped-HUAYUAN.webp\",\"width\":895,\"height\":279,\"caption\":\"HUAYUAN RFID Tag Manufacturer\"},\"image\":{\"@id\":\"https:\/\/huayuansh.com\/#\/schema\/logo\/image\/\"}}]}<\/script>\n<!-- \/ Yoast SEO Premium plugin. -->","yoast_head_json":{"title":"RFID para joyer\u00eda | HUAYUAN Fabricante de etiquetas RFID","description":"Mejore la gesti\u00f3n del inventario de joyas con etiquetas RFID UHF para joyas. Mejore el seguimiento, reduzca las p\u00e9rdidas y agilice las operaciones sin comprometer la est\u00e9tica. Descubra las soluciones RFID adaptadas a las marcas de joyer\u00eda.","robots":{"index":"index","follow":"follow","max-snippet":"max-snippet:-1","max-image-preview":"max-image-preview:large","max-video-preview":"max-video-preview:-1"},"canonical":"https:\/\/huayuansh.com\/es\/segmentos-industriales\/rfid-para-joyeria\/","og_locale":"es_ES","og_type":"article","og_title":"RFID for Jewellery","og_description":"Enhance jewellery inventory management with UHF RFID jewellery tags. Improve tracking, reduce losses, and streamline operations without compromising aesthetics. Discover RFID solutions tailored for jewellery brands.","og_url":"https:\/\/huayuansh.com\/es\/segmentos-industriales\/rfid-para-joyeria\/","og_site_name":"HUAYUAN RFID Tag Manufacturer","article_modified_time":"2025-05-09T11:42:01+00:00","og_image":[{"width":1920,"height":1080,"url":"https:\/\/huayuansh.com\/wp-content\/uploads\/2025\/05\/RFID-Jewellery-Tags-for-Jewelry-Retail.webp","type":"image\/webp"}],"twitter_card":"summary_large_image","twitter_misc":{"Tiempo de lectura":"3 minutos"},"schema":{"@context":"https:\/\/schema.org","@graph":[{"@type":"WebPage","@id":"https:\/\/huayuansh.com\/industry-segments\/rfid-for-jewellery\/","url":"https:\/\/huayuansh.com\/industry-segments\/rfid-for-jewellery\/","name":"RFID para joyer\u00eda | HUAYUAN Fabricante de etiquetas RFID","isPartOf":{"@id":"https:\/\/huayuansh.com\/#website"},"primaryImageOfPage":{"@id":"https:\/\/huayuansh.com\/industry-segments\/rfid-for-jewellery\/#primaryimage"},"image":{"@id":"https:\/\/huayuansh.com\/industry-segments\/rfid-for-jewellery\/#primaryimage"},"thumbnailUrl":"https:\/\/huayuansh.com\/wp-content\/uploads\/2025\/05\/RFID-Jewellery-Tags-for-Jewelry-Retail.webp","datePublished":"2025-05-09T11:41:56+00:00","dateModified":"2025-05-09T11:42:01+00:00","description":"Mejore la gesti\u00f3n del inventario de joyas con etiquetas RFID UHF para joyas. Mejore el seguimiento, reduzca las p\u00e9rdidas y agilice las operaciones sin comprometer la est\u00e9tica. Descubra las soluciones RFID adaptadas a las marcas de joyer\u00eda.","breadcrumb":{"@id":"https:\/\/huayuansh.com\/industry-segments\/rfid-for-jewellery\/#breadcrumb"},"inLanguage":"es","potentialAction":[{"@type":"ReadAction","target":["https:\/\/huayuansh.com\/industry-segments\/rfid-for-jewellery\/"]}]},{"@type":"ImageObject","inLanguage":"es","@id":"https:\/\/huayuansh.com\/industry-segments\/rfid-for-jewellery\/#primaryimage","url":"https:\/\/huayuansh.com\/wp-content\/uploads\/2025\/05\/RFID-Jewellery-Tags-for-Jewelry-Retail.webp","contentUrl":"https:\/\/huayuansh.com\/wp-content\/uploads\/2025\/05\/RFID-Jewellery-Tags-for-Jewelry-Retail.webp","width":1920,"height":1080,"caption":"RFID Jewellery Tags for Jewelry Retail"},{"@type":"BreadcrumbList","@id":"https:\/\/huayuansh.com\/industry-segments\/rfid-for-jewellery\/#breadcrumb","itemListElement":[{"@type":"ListItem","position":1,"name":"Home","item":"https:\/\/huayuansh.com\/"},{"@type":"ListItem","position":2,"name":"Industry Segments","item":"https:\/\/huayuansh.com\/industry-segments\/"},{"@type":"ListItem","position":3,"name":"RFID for Jewellery"}]},{"@type":"WebSite","@id":"https:\/\/huayuansh.com\/#website","url":"https:\/\/huayuansh.com\/","name":"Fabricante de etiquetas RFID HUAYUAN","description":"Fabricante de etiquetas RFID HUAYUAN","publisher":{"@id":"https:\/\/huayuansh.com\/#organization"},"potentialAction":[{"@type":"SearchAction","target":{"@type":"EntryPoint","urlTemplate":"https:\/\/huayuansh.com\/?s={search_term_string}"},"query-input":{"@type":"PropertyValueSpecification","valueRequired":true,"valueName":"search_term_string"}}],"inLanguage":"es"},{"@type":"Organization","@id":"https:\/\/huayuansh.com\/#organization","name":"Fabricante de etiquetas RFID HUAYUAN","url":"https:\/\/huayuansh.com\/","logo":{"@type":"ImageObject","inLanguage":"es","@id":"https:\/\/huayuansh.com\/#\/schema\/logo\/image\/","url":"https:\/\/huayuansh.com\/wp-content\/uploads\/2024\/09\/cropped-HUAYUAN.webp","contentUrl":"https:\/\/huayuansh.com\/wp-content\/uploads\/2024\/09\/cropped-HUAYUAN.webp","width":895,"height":279,"caption":"HUAYUAN RFID Tag Manufacturer"},"image":{"@id":"https:\/\/huayuansh.com\/#\/schema\/logo\/image\/"}}]}},"taxonomy_info":[],"featured_image_src_large":["https:\/\/huayuansh.com\/wp-content\/uploads\/2025\/05\/RFID-Jewellery-Tags-for-Jewelry-Retail-1024x576.webp",1024,576,true],"author_info":{"display_name":"HUAYUAN","author_link":"https:\/\/huayuansh.com\/es\/author\/shyec2024\/"},"comment_info":0,"_links":{"self":[{"href":"https:\/\/huayuansh.com\/es\/wp-json\/wp\/v2\/pages\/4200","targetHints":{"allow":["GET"]}}],"collection":[{"href":"https:\/\/huayuansh.com\/es\/wp-json\/wp\/v2\/pages"}],"about":[{"href":"https:\/\/huayuansh.com\/es\/wp-json\/wp\/v2\/types\/page"}],"author":[{"embeddable":true,"href":"https:\/\/huayuansh.com\/es\/wp-json\/wp\/v2\/users\/1"}],"replies":[{"embeddable":true,"href":"https:\/\/huayuansh.com\/es\/wp-json\/wp\/v2\/comments?post=4200"}],"version-history":[{"count":1,"href":"https:\/\/huayuansh.com\/es\/wp-json\/wp\/v2\/pages\/4200\/revisions"}],"predecessor-version":[{"id":4204,"href":"https:\/\/huayuansh.com\/es\/wp-json\/wp\/v2\/pages\/4200\/revisions\/4204"}],"up":[{"embeddable":true,"href":"https:\/\/huayuansh.com\/es\/wp-json\/wp\/v2\/pages\/731"}],"wp:featuredmedia":[{"embeddable":true,"href":"https:\/\/huayuansh.com\/es\/wp-json\/wp\/v2\/media\/4203"}],"wp:attachment":[{"href":"https:\/\/huayuansh.com\/es\/wp-json\/wp\/v2\/media?parent=4200"}],"curies":[{"name":"wp","href":"https:\/\/api.w.org\/{rel}","templated":true}]}}