{"id":4205,"date":"2025-05-13T14:28:54","date_gmt":"2025-05-13T06:28:54","guid":{"rendered":"https:\/\/huayuansh.com\/?page_id=4205"},"modified":"2025-05-13T14:28:56","modified_gmt":"2025-05-13T06:28:56","slug":"rfid-para-gafas","status":"publish","type":"page","link":"https:\/\/huayuansh.com\/es\/segmentos-industriales\/rfid-para-gafas\/","title":{"rendered":"RFID para gafas"},"content":{"rendered":"<p>El sector de las gafas, conocido por su gran variedad de productos y su r\u00e1pida rotaci\u00f3n, se enfrenta a retos \u00fanicos en el control de inventarios, la prevenci\u00f3n de p\u00e9rdidas y la eficiencia en la venta al por menor. La tecnolog\u00eda de identificaci\u00f3n por radiofrecuencia (RFID) ofrece una soluci\u00f3n innovadora y eficaz para gestionar los productos de gafas durante todo el ciclo de venta. Desde la mejora de la precisi\u00f3n del inventario hasta la racionalizaci\u00f3n de las operaciones, <strong>RFID<\/strong> est\u00e1 transformando el modo de operar de los minoristas \u00f3pticos.<\/p>\n\n\n\n<h2 class=\"wp-block-heading\" id=\"h-rfid-for-eyewear-management\">RFID para la gesti\u00f3n de gafas<\/h2>\n\n\n\n<p>Los minoristas de gafas y las cadenas \u00f3pticas manejan miles de referencias de monturas, gafas de sol y lentes. Los sistemas de inventario tradicionales dependen en gran medida de procesos manuales, que consumen mucho tiempo y son propensos a errores. Al integrar la RFID en la gesti\u00f3n de gafas, los minoristas obtienen la capacidad de realizar un seguimiento de cada art\u00edculo de forma individual y en tiempo real.<\/p>\n\n\n\n<p><strong>Etiquetas RFID<\/strong> fijados a las monturas de las gafas o a los envases permiten una identificaci\u00f3n y un seguimiento sin fisuras. Esto permite el acceso instant\u00e1neo a datos cr\u00edticos del producto, como su ubicaci\u00f3n, disponibilidad e historial de ventas, sin necesidad de escaneado en l\u00ednea directa ni recuento manual. Ya sea en la tienda, en el almac\u00e9n o en tr\u00e1nsito, el recorrido de cada producto es trazable, lo que reduce los errores de inventario y las ineficiencias operativas.<\/p>\n\n\n\n<h2 class=\"wp-block-heading\" id=\"h-benefits-of-rfid-technology-in-the-eyewear-industry\"><strong>Ventajas de la tecnolog\u00eda RFID en el sector de las gafas<\/strong><\/h2>\n\n\n\n<ol start=\"1\" class=\"wp-block-list\">\n<li><strong>Mayor precisi\u00f3n del inventario<\/strong><br>La tecnolog\u00eda RFID permite controlar las existencias en tiempo real, lo que ayuda a los minoristas a mantener niveles de inventario precisos y reducir las mermas. Permite realizar inventarios autom\u00e1ticos y evitar situaciones de exceso y falta de existencias.<\/li>\n\n\n\n<li><strong>Mejora de la prevenci\u00f3n de p\u00e9rdidas<\/strong><br>Mediante el seguimiento continuo de la ubicaci\u00f3n de cada art\u00edculo, la RFID ayuda a reducir las p\u00e9rdidas por robo o extrav\u00edo. Esto es especialmente valioso para los productos de gafas de lujo o de alto valor.<\/li>\n\n\n\n<li><strong>Autenticaci\u00f3n de productos<\/strong><br>Las etiquetas RFID pueden llevar datos de autenticaci\u00f3n de productos, lo que garantiza la venta de productos aut\u00e9nticos y protege a las marcas de gafas de primera calidad de los riesgos de falsificaci\u00f3n.<\/li>\n\n\n\n<li><strong>Operaciones de tienda m\u00e1s r\u00e1pidas<\/strong><br>Con RFID, tareas como la recepci\u00f3n de mercanc\u00edas, la realizaci\u00f3n de comprobaciones de inventario y la localizaci\u00f3n de productos espec\u00edficos pueden realizarse en cuesti\u00f3n de minutos en lugar de horas, liberando al personal para tareas centradas en el cliente.<\/li>\n\n\n\n<li><strong>Mejor experiencia del cliente<\/strong><br>Los clientes se benefician de informaci\u00f3n m\u00e1s precisa sobre las existencias, tiempos de espera reducidos y experiencias interactivas en el comercio minorista, como espejos inteligentes o estaciones de autopago con tecnolog\u00eda RFID.<\/li>\n<\/ol>\n\n\n\n<h2 class=\"wp-block-heading\" id=\"h-huayuan-rfid-tags-for-eyewear\">Etiquetas RFID HUAYUAN para gafas<\/h2>\n\n\n\n<p>HUAYUAN ofrece una gama vers\u00e1til de <a href=\"https:\/\/huayuansh.com\/products\/\">Soluciones de etiquetas RFID<\/a> adaptadas a las diversas necesidades del sector de las gafas, desde las etiquetas tradicionales en papel hasta las avanzadas etiquetas micro RFID.<\/p>\n\n\n\n<div class=\"wp-block-columns are-vertically-aligned-center is-layout-flex wp-container-core-columns-is-layout-9d6595d7 wp-block-columns-is-layout-flex\">\n<div class=\"wp-block-column is-vertically-aligned-center is-layout-flow wp-block-column-is-layout-flow\" style=\"flex-basis:65%\">\n<p><strong>Soluciones tradicionales de etiquetas RFID para gafas<\/strong><\/p>\n\n\n\n<p>Para muchos minoristas de gafas, las etiquetas RFID cl\u00e1sicas siguen siendo una opci\u00f3n pr\u00e1ctica. HUAYUAN proporciona etiquetas RFID est\u00e1ndar fabricadas en papel, PET o materiales sint\u00e9ticos que pueden adherirse f\u00e1cilmente a los envases o accesorios de las gafas. Estas etiquetas son ideales para el seguimiento de inventarios a granel, el almacenamiento y la gesti\u00f3n interna.<\/p>\n\n\n\n<p>Las etiquetas tradicionales ofrecen:<\/p>\n\n\n\n<ul class=\"wp-block-list\">\n<li>Control rentable del inventario de grandes vol\u00famenes de gafas<\/li>\n\n\n\n<li>Facilidad de aplicaci\u00f3n mediante adhesivos o etiquetas colgantes<\/li>\n<\/ul>\n\n\n\n<p>Estas soluciones se adaptan bien a las necesidades generales del comercio minorista, donde la integraci\u00f3n visual con el producto es menos cr\u00edtica.<\/p>\n<\/div>\n\n\n\n<div class=\"wp-block-column is-vertically-aligned-center is-layout-flow wp-block-column-is-layout-flow\" style=\"flex-basis:35%\">\n<figure class=\"wp-block-image\"><img loading=\"lazy\" decoding=\"async\" width=\"600\" height=\"600\" src=\"https:\/\/huayuansh.com\/wp-content\/uploads\/2025\/03\/RFID-Paper-Tag-for-Eyeglass-Frames.webp\" alt=\"Etiqueta de papel RFID para monturas de gafas\" class=\"wp-image-4134\" srcset=\"https:\/\/huayuansh.com\/wp-content\/uploads\/2025\/03\/RFID-Paper-Tag-for-Eyeglass-Frames.webp 600w, https:\/\/huayuansh.com\/wp-content\/uploads\/2025\/03\/RFID-Paper-Tag-for-Eyeglass-Frames-300x300.webp 300w, https:\/\/huayuansh.com\/wp-content\/uploads\/2025\/03\/RFID-Paper-Tag-for-Eyeglass-Frames-150x150.webp 150w\" sizes=\"auto, (max-width: 600px) 100vw, 600px\" \/><\/figure>\n<\/div>\n<\/div>\n\n\n\n<p><strong>Etiquetas RFID avanzadas ultrapeque\u00f1as para monturas de gafas<\/strong><\/p>\n\n\n\n<p>Para los minoristas y las marcas que buscan una soluci\u00f3n m\u00e1s discreta e integrada, HUAYUAN tambi\u00e9n ofrece ultrapeque\u00f1as <a href=\"https:\/\/huayuansh.com\/products\/industrial-rfid-tags\/tmc-uhf-micro-cube-tag\/\">Microetiquetas RFID UHF<\/a> (serie TMC) dise\u00f1adas espec\u00edficamente para su incrustaci\u00f3n en monturas de gafas. Estas etiquetas est\u00e1n dise\u00f1adas para un impacto visual m\u00ednimo y un alto rendimiento, ideal para dise\u00f1os de monturas modernos, de lujo o con limitaciones de espacio.<\/p>\n\n\n\n<p>Las principales ventajas son:<\/p>\n\n\n\n<ul class=\"wp-block-list\">\n<li>Extremadamente compacto y ligero<\/li>\n\n\n\n<li>Incrustado directamente en los marcos para evitar manipulaciones<\/li>\n\n\n\n<li>Mayor durabilidad y seguridad de los datos<\/li>\n\n\n\n<li>Integraci\u00f3n perfecta en los flujos de trabajo de fabricaci\u00f3n o envasado<\/li>\n<\/ul>\n\n\n<style>.kt-post-loop4205_65a0c4-5c .kadence-post-image{padding-top:0px;padding-right:30px;padding-bottom:10px;padding-left:0px;}.kt-post-loop4205_65a0c4-5c .kt-feat-image-align-left{grid-template-columns:40% auto;}.kt-post-loop4205_65a0c4-5c .kt-post-grid-wrap{gap:30px 30px;}.kt-post-loop4205_65a0c4-5c .kt-blocks-post-grid-item{border-top-left-radius:0px;border-top-right-radius:0px;border-bottom-right-radius:0px;border-bottom-left-radius:0px;overflow:hidden;}.kt-post-loop4205_65a0c4-5c .kt-blocks-post-grid-item .kt-blocks-post-grid-item-inner{padding-top:0px;padding-right:0px;padding-bottom:0px;padding-left:0px;}.kt-post-loop4205_65a0c4-5c .kt-blocks-post-grid-item .kt-blocks-post-grid-item-inner{text-align:left;}.kt-post-loop4205_65a0c4-5c .kt-blocks-post-grid-item header{padding-top:0px;padding-right:0px;padding-bottom:10px;padding-left:0px;margin-top:0px;margin-right:0px;margin-bottom:0px;margin-left:0px;}.kt-post-loop4205_65a0c4-5c .kt-blocks-post-grid-item .kt-blocks-above-categories{font-size:13px;line-height:20px;text-transform:uppercase;}.kt-post-loop4205_65a0c4-5c .kt-blocks-post-grid-item .entry-title{padding-top:5px;padding-right:0px;padding-bottom:0px;padding-left:0px;margin-top:0px;margin-right:0px;margin-bottom:0px;margin-left:0px;font-size:24px;line-height:30px;}.kt-post-loop4205_65a0c4-5c .entry-content{padding-top:0px;padding-right:0px;padding-bottom:0px;padding-left:0px;margin-top:0px;margin-right:0px;margin-bottom:0px;margin-left:0px;font-size:16px;line-height:28px;}.kt-post-loop4205_65a0c4-5c .kt-blocks-post-footer{border-top-width:0px;border-right-width:0px;border-bottom-width:0px;border-left-width:0px;padding-top:0px;padding-right:0px;padding-bottom:0px;padding-left:0px;margin-top:0px;margin-right:0px;margin-bottom:0px;margin-left:0px;font-size:12px;line-height:20px;text-transform:uppercase;}.kt-post-loop4205_65a0c4-5c .entry-content:after{height:0px;}.kt-post-loop4205_65a0c4-5c .kb-filter-item{border-top-width:0px;border-right-width:0px;border-bottom-width:2px;border-left-width:0px;padding-top:5px;padding-right:8px;padding-bottom:5px;padding-left:8px;margin-top:0px;margin-right:10px;margin-bottom:0px;margin-left:0px;}<\/style><div class=\"wp-block-kadence-postgrid kt-blocks-post-loop-block alignnone kt-post-loop4205_65a0c4-5c kt-post-grid-layout-grid\"><div class=\"kt-post-grid-layout-grid-wrap kt-post-grid-wrap\" data-columns-xxl=\"1\" data-columns-xl=\"1\" data-columns-md=\"1\" data-columns-sm=\"1\" data-columns-xs=\"1\" data-columns-ss=\"1\"data-item-selector=\".kt-post-masonry-item\" aria-label=\"Post Carousel\"><article class=\"kt-blocks-post-grid-item post-4133 post type-post status-publish format-standard has-post-thumbnail hentry category-case-studies tag-eyewear tag-micro-rfid-tags\"><div class=\"kt-blocks-post-grid-item-inner-wrap kt-feat-image-align-left kt-feat-image-mobile-align-top\"><div class=\"kadence-post-image\"><div class=\"kadence-post-image-intrisic kt-image-ratio-56-25\" style=\"padding-bottom:56.25%;\"><div class=\"kadence-post-image-inner-intrisic\"><a aria-hidden=\"true\" tabindex=\"-1\" role=\"presentation\" href=\"https:\/\/huayuansh.com\/es\/estudio-de-caso-rfid-etiqueta-rfid-ultra-pequena-para-monturas-de-gafas\/\" aria-label=\"Caso pr\u00e1ctico de RFID: Etiqueta RFID ultrapeque\u00f1a para monturas de gafas\" class=\"kadence-post-image-inner-wrap\"><img loading=\"lazy\" decoding=\"async\" width=\"1024\" height=\"576\" src=\"https:\/\/huayuansh.com\/wp-content\/uploads\/2025\/03\/RFID-Case-Study-Ultra-Small-RFID-Tag-for-Eyeglass-Frames-1024x576.webp\" class=\"attachment-large size-large wp-post-image\" alt=\"Estudio de caso RFID Etiqueta RFID ultrapeque\u00f1a para monturas de gafas\" srcset=\"https:\/\/huayuansh.com\/wp-content\/uploads\/2025\/03\/RFID-Case-Study-Ultra-Small-RFID-Tag-for-Eyeglass-Frames-1024x576.webp 1024w, https:\/\/huayuansh.com\/wp-content\/uploads\/2025\/03\/RFID-Case-Study-Ultra-Small-RFID-Tag-for-Eyeglass-Frames-300x169.webp 300w, https:\/\/huayuansh.com\/wp-content\/uploads\/2025\/03\/RFID-Case-Study-Ultra-Small-RFID-Tag-for-Eyeglass-Frames-768x432.webp 768w, https:\/\/huayuansh.com\/wp-content\/uploads\/2025\/03\/RFID-Case-Study-Ultra-Small-RFID-Tag-for-Eyeglass-Frames-1536x864.webp 1536w, https:\/\/huayuansh.com\/wp-content\/uploads\/2025\/03\/RFID-Case-Study-Ultra-Small-RFID-Tag-for-Eyeglass-Frames.webp 1920w\" sizes=\"auto, (max-width: 1024px) 100vw, 1024px\" \/><\/a><\/div><\/div><\/div><div class=\"kt-blocks-post-grid-item-inner\"><header><h2 class=\"entry-title\"><a href=\"https:\/\/huayuansh.com\/es\/estudio-de-caso-rfid-etiqueta-rfid-ultra-pequena-para-monturas-de-gafas\/\">Caso pr\u00e1ctico de RFID: Etiqueta RFID ultrapeque\u00f1a para monturas de gafas<\/a><\/h2><div class=\"kt-blocks-post-top-meta\"><\/div><\/header><div class=\"entry-content\">Las etiquetas RFID para monturas de gafas se han convertido en una herramienta fundamental que ofrece una forma sencilla de rastrear y gestionar los productos \u00f3pticos. HUAYUAN, fabricante profesional de etiquetas RFID pasivas, dispone de etiquetas RFID ultrapeque\u00f1as ideales para la gesti\u00f3n de monturas de gafas. Este estudio de caso explora c\u00f3mo estas innovadoras etiquetas abordan los principales retos operativos al tiempo que mantienen la integridad est\u00e9tica de los modernos dise\u00f1os de gafas. Al integrarse perfectamente en las monturas, la soluci\u00f3n de HUAYUAN ofrece una forma pr\u00e1ctica y eficaz de mejorar la gesti\u00f3n del inventario y la experiencia general del cliente. Retos en el sector de las gafas El sector de las gafas se enfrenta a varios retos que ponen de manifiesto la necesidad de la RFID para...<\/div><footer class=\"kt-blocks-post-footer\"><div class=\"kt-blocks-post-footer-left\"><\/div><div class=\"kt-blocks-post-footer-right\"><\/div><\/footer><\/div><\/div><\/article><\/div><\/div><!-- .wp-block-kadence-postgrid -->\n\n\n<h3 class=\"wp-block-heading\" id=\"h-get-in-touch\"><strong>Ponte en contacto<\/strong><\/h3>\n\n\n\n<p>Si su prioridad es la rentabilidad, la durabilidad, la integraci\u00f3n del dise\u00f1o o la protecci\u00f3n de la marca, HUAYUAN tiene la soluci\u00f3n RFID adecuada. Nuestro experimentado equipo le ayudar\u00e1 a elegir y personalizar la etiqueta adecuada -tradicional o integrada- para adaptarla a su aplicaci\u00f3n, objetivos operativos e imagen de marca.<\/p>\n\n\n<style>.wp-block-kadence-advancedbtn.kb-btns4205_5cf21c-ef{gap:var(--global-kb-gap-xs, 0.5rem );justify-content:flex-start;align-items:center;}.kt-btns4205_5cf21c-ef .kt-button{font-weight:normal;font-style:normal;}.kt-btns4205_5cf21c-ef .kt-btn-wrap-0{margin-right:5px;}.wp-block-kadence-advancedbtn.kt-btns4205_5cf21c-ef .kt-btn-wrap-0 .kt-button{color:#555555;border-color:#555555;}.wp-block-kadence-advancedbtn.kt-btns4205_5cf21c-ef .kt-btn-wrap-0 .kt-button:hover, .wp-block-kadence-advancedbtn.kt-btns4205_5cf21c-ef .kt-btn-wrap-0 .kt-button:focus{color:#ffffff;border-color:#444444;}.wp-block-kadence-advancedbtn.kt-btns4205_5cf21c-ef .kt-btn-wrap-0 .kt-button::before{display:none;}.wp-block-kadence-advancedbtn.kt-btns4205_5cf21c-ef .kt-btn-wrap-0 .kt-button:hover, .wp-block-kadence-advancedbtn.kt-btns4205_5cf21c-ef .kt-btn-wrap-0 .kt-button:focus{background:#444444;}<\/style>\n<div class=\"wp-block-kadence-advancedbtn kb-buttons-wrap kb-btns4205_5cf21c-ef\"><style>.wp-block-kadence-advancedbtn .kb-btn4205_7beb95-25.kb-button, ul.menu .wp-block-kadence-advancedbtn .kb-btn4205_7beb95-25.kb-button{width:200px;}<\/style><a class=\"kb-button kt-button button kb-btn4205_7beb95-25 kt-btn-size-small kt-btn-width-type-fixed kb-btn-global-inherit  kt-btn-has-text-true kt-btn-has-svg-false  wp-block-button__link wp-block-kadence-singlebtn\" href=\"https:\/\/huayuansh.com\/contact-us\/\"><span class=\"kt-btn-inner-text\">Contacte con nosotros<\/span><\/a><\/div>\n\n\n\n<p><\/p>","protected":false},"excerpt":{"rendered":"<p>The eyewear industry, known for its vast product variety and rapid turnover, faces unique challenges in inventory control, loss prevention, and retail efficiency. Radio Frequency&#8230;<\/p>","protected":false},"author":1,"featured_media":4206,"parent":731,"menu_order":0,"comment_status":"closed","ping_status":"closed","template":"","meta":{"_kad_blocks_custom_css":"","_kad_blocks_head_custom_js":"","_kad_blocks_body_custom_js":"","_kad_blocks_footer_custom_js":"","_kadence_starter_templates_imported_post":false,"_kad_post_transparent":"","_kad_post_title":"","_kad_post_layout":"","_kad_post_sidebar_id":"","_kad_post_content_style":"","_kad_post_vertical_padding":"","_kad_post_feature":"","_kad_post_feature_position":"","_kad_post_header":false,"_kad_post_footer":false,"footnotes":""},"class_list":["post-4205","page","type-page","status-publish","has-post-thumbnail","hentry"],"yoast_head":"<!-- This site is optimized with the Yoast SEO Premium plugin v23.0 (Yoast SEO v26.3) - https:\/\/yoast.com\/wordpress\/plugins\/seo\/ -->\n<title>RFID for Eyewear | HUAYUAN RFID Tag Manufacturer<\/title>\n<meta name=\"description\" content=\"Boost efficiency in optical retail with HUAYUAN\u2019s RFID tags for eyewear. Track inventory in real time, reduce shrinkage, and enhance customer experiences with both traditional and embedded options.\" \/>\n<meta name=\"robots\" content=\"index, follow, max-snippet:-1, max-image-preview:large, max-video-preview:-1\" \/>\n<link rel=\"canonical\" href=\"https:\/\/huayuansh.com\/es\/segmentos-industriales\/rfid-para-gafas\/\" \/>\n<meta property=\"og:locale\" content=\"es_ES\" \/>\n<meta property=\"og:type\" content=\"article\" \/>\n<meta property=\"og:title\" content=\"RFID for Eyewear\" \/>\n<meta property=\"og:description\" content=\"Boost efficiency in optical retail with HUAYUAN\u2019s RFID tags for eyewear. Track inventory in real time, reduce shrinkage, and enhance customer experiences with both traditional and embedded options.\" \/>\n<meta property=\"og:url\" content=\"https:\/\/huayuansh.com\/es\/segmentos-industriales\/rfid-para-gafas\/\" \/>\n<meta property=\"og:site_name\" content=\"HUAYUAN RFID Tag Manufacturer\" \/>\n<meta property=\"article:modified_time\" content=\"2025-05-13T06:28:56+00:00\" \/>\n<meta property=\"og:image\" content=\"https:\/\/huayuansh.com\/wp-content\/uploads\/2025\/05\/RFID-for-Eyewear.webp\" \/>\n\t<meta property=\"og:image:width\" content=\"1920\" \/>\n\t<meta property=\"og:image:height\" content=\"1080\" \/>\n\t<meta property=\"og:image:type\" content=\"image\/webp\" \/>\n<meta name=\"twitter:card\" content=\"summary_large_image\" \/>\n<meta name=\"twitter:label1\" content=\"Tiempo de lectura\" \/>\n\t<meta name=\"twitter:data1\" content=\"3 minutos\" \/>\n<script type=\"application\/ld+json\" class=\"yoast-schema-graph\">{\"@context\":\"https:\/\/schema.org\",\"@graph\":[{\"@type\":\"WebPage\",\"@id\":\"https:\/\/huayuansh.com\/industry-segments\/rfid-for-eyewear\/\",\"url\":\"https:\/\/huayuansh.com\/industry-segments\/rfid-for-eyewear\/\",\"name\":\"RFID for Eyewear | HUAYUAN RFID Tag Manufacturer\",\"isPartOf\":{\"@id\":\"https:\/\/huayuansh.com\/#website\"},\"primaryImageOfPage\":{\"@id\":\"https:\/\/huayuansh.com\/industry-segments\/rfid-for-eyewear\/#primaryimage\"},\"image\":{\"@id\":\"https:\/\/huayuansh.com\/industry-segments\/rfid-for-eyewear\/#primaryimage\"},\"thumbnailUrl\":\"https:\/\/huayuansh.com\/wp-content\/uploads\/2025\/05\/RFID-for-Eyewear.webp\",\"datePublished\":\"2025-05-13T06:28:54+00:00\",\"dateModified\":\"2025-05-13T06:28:56+00:00\",\"description\":\"Boost efficiency in optical retail with HUAYUAN\u2019s RFID tags for eyewear. Track inventory in real time, reduce shrinkage, and enhance customer experiences with both traditional and embedded options.\",\"breadcrumb\":{\"@id\":\"https:\/\/huayuansh.com\/industry-segments\/rfid-for-eyewear\/#breadcrumb\"},\"inLanguage\":\"es\",\"potentialAction\":[{\"@type\":\"ReadAction\",\"target\":[\"https:\/\/huayuansh.com\/industry-segments\/rfid-for-eyewear\/\"]}]},{\"@type\":\"ImageObject\",\"inLanguage\":\"es\",\"@id\":\"https:\/\/huayuansh.com\/industry-segments\/rfid-for-eyewear\/#primaryimage\",\"url\":\"https:\/\/huayuansh.com\/wp-content\/uploads\/2025\/05\/RFID-for-Eyewear.webp\",\"contentUrl\":\"https:\/\/huayuansh.com\/wp-content\/uploads\/2025\/05\/RFID-for-Eyewear.webp\",\"width\":1920,\"height\":1080,\"caption\":\"RFID for Eyewear\"},{\"@type\":\"BreadcrumbList\",\"@id\":\"https:\/\/huayuansh.com\/industry-segments\/rfid-for-eyewear\/#breadcrumb\",\"itemListElement\":[{\"@type\":\"ListItem\",\"position\":1,\"name\":\"Home\",\"item\":\"https:\/\/huayuansh.com\/\"},{\"@type\":\"ListItem\",\"position\":2,\"name\":\"Industry Segments\",\"item\":\"https:\/\/huayuansh.com\/industry-segments\/\"},{\"@type\":\"ListItem\",\"position\":3,\"name\":\"RFID for Eyewear\"}]},{\"@type\":\"WebSite\",\"@id\":\"https:\/\/huayuansh.com\/#website\",\"url\":\"https:\/\/huayuansh.com\/\",\"name\":\"HUAYUAN RFID Tag Manufacturer\",\"description\":\"HUAYUAN RFID Tag Manufacturer\",\"publisher\":{\"@id\":\"https:\/\/huayuansh.com\/#organization\"},\"potentialAction\":[{\"@type\":\"SearchAction\",\"target\":{\"@type\":\"EntryPoint\",\"urlTemplate\":\"https:\/\/huayuansh.com\/?s={search_term_string}\"},\"query-input\":{\"@type\":\"PropertyValueSpecification\",\"valueRequired\":true,\"valueName\":\"search_term_string\"}}],\"inLanguage\":\"es\"},{\"@type\":\"Organization\",\"@id\":\"https:\/\/huayuansh.com\/#organization\",\"name\":\"HUAYUAN RFID Tag Manufacturer\",\"url\":\"https:\/\/huayuansh.com\/\",\"logo\":{\"@type\":\"ImageObject\",\"inLanguage\":\"es\",\"@id\":\"https:\/\/huayuansh.com\/#\/schema\/logo\/image\/\",\"url\":\"https:\/\/huayuansh.com\/wp-content\/uploads\/2024\/09\/cropped-HUAYUAN.webp\",\"contentUrl\":\"https:\/\/huayuansh.com\/wp-content\/uploads\/2024\/09\/cropped-HUAYUAN.webp\",\"width\":895,\"height\":279,\"caption\":\"HUAYUAN RFID Tag Manufacturer\"},\"image\":{\"@id\":\"https:\/\/huayuansh.com\/#\/schema\/logo\/image\/\"}}]}<\/script>\n<!-- \/ Yoast SEO Premium plugin. -->","yoast_head_json":{"title":"RFID para gafas | HUAYUAN Fabricante de etiquetas RFID","description":"Aumente la eficiencia en el comercio \u00f3ptico con las etiquetas RFID de HUAYUAN para gafas. Realice un seguimiento del inventario en tiempo real, reduzca la p\u00e9rdida desconocida y mejore la experiencia del cliente con opciones tanto tradicionales como integradas.","robots":{"index":"index","follow":"follow","max-snippet":"max-snippet:-1","max-image-preview":"max-image-preview:large","max-video-preview":"max-video-preview:-1"},"canonical":"https:\/\/huayuansh.com\/es\/segmentos-industriales\/rfid-para-gafas\/","og_locale":"es_ES","og_type":"article","og_title":"RFID for Eyewear","og_description":"Boost efficiency in optical retail with HUAYUAN\u2019s RFID tags for eyewear. Track inventory in real time, reduce shrinkage, and enhance customer experiences with both traditional and embedded options.","og_url":"https:\/\/huayuansh.com\/es\/segmentos-industriales\/rfid-para-gafas\/","og_site_name":"HUAYUAN RFID Tag Manufacturer","article_modified_time":"2025-05-13T06:28:56+00:00","og_image":[{"width":1920,"height":1080,"url":"https:\/\/huayuansh.com\/wp-content\/uploads\/2025\/05\/RFID-for-Eyewear.webp","type":"image\/webp"}],"twitter_card":"summary_large_image","twitter_misc":{"Tiempo de lectura":"3 minutos"},"schema":{"@context":"https:\/\/schema.org","@graph":[{"@type":"WebPage","@id":"https:\/\/huayuansh.com\/industry-segments\/rfid-for-eyewear\/","url":"https:\/\/huayuansh.com\/industry-segments\/rfid-for-eyewear\/","name":"RFID para gafas | HUAYUAN Fabricante de etiquetas RFID","isPartOf":{"@id":"https:\/\/huayuansh.com\/#website"},"primaryImageOfPage":{"@id":"https:\/\/huayuansh.com\/industry-segments\/rfid-for-eyewear\/#primaryimage"},"image":{"@id":"https:\/\/huayuansh.com\/industry-segments\/rfid-for-eyewear\/#primaryimage"},"thumbnailUrl":"https:\/\/huayuansh.com\/wp-content\/uploads\/2025\/05\/RFID-for-Eyewear.webp","datePublished":"2025-05-13T06:28:54+00:00","dateModified":"2025-05-13T06:28:56+00:00","description":"Aumente la eficiencia en el comercio \u00f3ptico con las etiquetas RFID de HUAYUAN para gafas. Realice un seguimiento del inventario en tiempo real, reduzca la p\u00e9rdida desconocida y mejore la experiencia del cliente con opciones tanto tradicionales como integradas.","breadcrumb":{"@id":"https:\/\/huayuansh.com\/industry-segments\/rfid-for-eyewear\/#breadcrumb"},"inLanguage":"es","potentialAction":[{"@type":"ReadAction","target":["https:\/\/huayuansh.com\/industry-segments\/rfid-for-eyewear\/"]}]},{"@type":"ImageObject","inLanguage":"es","@id":"https:\/\/huayuansh.com\/industry-segments\/rfid-for-eyewear\/#primaryimage","url":"https:\/\/huayuansh.com\/wp-content\/uploads\/2025\/05\/RFID-for-Eyewear.webp","contentUrl":"https:\/\/huayuansh.com\/wp-content\/uploads\/2025\/05\/RFID-for-Eyewear.webp","width":1920,"height":1080,"caption":"RFID for Eyewear"},{"@type":"BreadcrumbList","@id":"https:\/\/huayuansh.com\/industry-segments\/rfid-for-eyewear\/#breadcrumb","itemListElement":[{"@type":"ListItem","position":1,"name":"Home","item":"https:\/\/huayuansh.com\/"},{"@type":"ListItem","position":2,"name":"Industry Segments","item":"https:\/\/huayuansh.com\/industry-segments\/"},{"@type":"ListItem","position":3,"name":"RFID for Eyewear"}]},{"@type":"WebSite","@id":"https:\/\/huayuansh.com\/#website","url":"https:\/\/huayuansh.com\/","name":"Fabricante de etiquetas RFID HUAYUAN","description":"Fabricante de etiquetas RFID HUAYUAN","publisher":{"@id":"https:\/\/huayuansh.com\/#organization"},"potentialAction":[{"@type":"SearchAction","target":{"@type":"EntryPoint","urlTemplate":"https:\/\/huayuansh.com\/?s={search_term_string}"},"query-input":{"@type":"PropertyValueSpecification","valueRequired":true,"valueName":"search_term_string"}}],"inLanguage":"es"},{"@type":"Organization","@id":"https:\/\/huayuansh.com\/#organization","name":"Fabricante de etiquetas RFID HUAYUAN","url":"https:\/\/huayuansh.com\/","logo":{"@type":"ImageObject","inLanguage":"es","@id":"https:\/\/huayuansh.com\/#\/schema\/logo\/image\/","url":"https:\/\/huayuansh.com\/wp-content\/uploads\/2024\/09\/cropped-HUAYUAN.webp","contentUrl":"https:\/\/huayuansh.com\/wp-content\/uploads\/2024\/09\/cropped-HUAYUAN.webp","width":895,"height":279,"caption":"HUAYUAN RFID Tag Manufacturer"},"image":{"@id":"https:\/\/huayuansh.com\/#\/schema\/logo\/image\/"}}]}},"taxonomy_info":[],"featured_image_src_large":["https:\/\/huayuansh.com\/wp-content\/uploads\/2025\/05\/RFID-for-Eyewear-1024x576.webp",1024,576,true],"author_info":{"display_name":"HUAYUAN","author_link":"https:\/\/huayuansh.com\/es\/author\/shyec2024\/"},"comment_info":0,"_links":{"self":[{"href":"https:\/\/huayuansh.com\/es\/wp-json\/wp\/v2\/pages\/4205","targetHints":{"allow":["GET"]}}],"collection":[{"href":"https:\/\/huayuansh.com\/es\/wp-json\/wp\/v2\/pages"}],"about":[{"href":"https:\/\/huayuansh.com\/es\/wp-json\/wp\/v2\/types\/page"}],"author":[{"embeddable":true,"href":"https:\/\/huayuansh.com\/es\/wp-json\/wp\/v2\/users\/1"}],"replies":[{"embeddable":true,"href":"https:\/\/huayuansh.com\/es\/wp-json\/wp\/v2\/comments?post=4205"}],"version-history":[{"count":1,"href":"https:\/\/huayuansh.com\/es\/wp-json\/wp\/v2\/pages\/4205\/revisions"}],"predecessor-version":[{"id":4207,"href":"https:\/\/huayuansh.com\/es\/wp-json\/wp\/v2\/pages\/4205\/revisions\/4207"}],"up":[{"embeddable":true,"href":"https:\/\/huayuansh.com\/es\/wp-json\/wp\/v2\/pages\/731"}],"wp:featuredmedia":[{"embeddable":true,"href":"https:\/\/huayuansh.com\/es\/wp-json\/wp\/v2\/media\/4206"}],"wp:attachment":[{"href":"https:\/\/huayuansh.com\/es\/wp-json\/wp\/v2\/media?parent=4205"}],"curies":[{"name":"wp","href":"https:\/\/api.w.org\/{rel}","templated":true}]}}