{"id":4208,"date":"2025-05-14T14:57:19","date_gmt":"2025-05-14T06:57:19","guid":{"rendered":"https:\/\/huayuansh.com\/?page_id=4208"},"modified":"2025-05-14T14:57:22","modified_gmt":"2025-05-14T06:57:22","slug":"rfid-para-calzado","status":"publish","type":"page","link":"https:\/\/huayuansh.com\/es\/segmentos-industriales\/rfid-para-calzado\/","title":{"rendered":"RFID para calzado"},"content":{"rendered":"<p>La industria del calzado presenta retos distintos para la integraci\u00f3n de la RFID. A diferencia de las prendas de vestir, el calzado suele requerir un doble etiquetado, en el interior del zapato y en la caja, para garantizar la trazabilidad en toda la cadena de suministro. <strong>Etiquetas RFID<\/strong> deben soportar la compresi\u00f3n, la flexi\u00f3n y las tensiones ambientales durante la producci\u00f3n, la distribuci\u00f3n y la venta al por menor. Adem\u00e1s, materiales como el cuero, el caucho y los componentes met\u00e1licos pueden interferir en la transmisi\u00f3n de la se\u00f1al, lo que requiere dise\u00f1os y estrategias de colocaci\u00f3n de etiquetas especializados.<\/p>\n\n\n\n<h2 class=\"wp-block-heading\" id=\"h-why-rfid-for-footwear\">Por qu\u00e9 RFID para el calzado<\/h2>\n\n\n\n<p>La RFID permite una visibilidad del inventario y una eficacia operativa sin precedentes. En el sector del calzado, donde la precisi\u00f3n de las tallas, el cumplimiento de las normativas de exposici\u00f3n y los datos de inventario en tiempo real son cruciales, la RFID aporta ventajas tangibles:<\/p>\n\n\n\n<ul class=\"wp-block-list\">\n<li><strong>Exactitud del inventario<\/strong>: Consiga una precisi\u00f3n de hasta 99% con una intervenci\u00f3n manual m\u00ednima.<\/li>\n\n\n\n<li><strong>Mostrar conformidad<\/strong>: Garantizar que se exponen los estilos y tallas correctos, aumentando as\u00ed el potencial de ventas.<\/li>\n\n\n\n<li><strong>Transparencia de la cadena de suministro: <\/strong>Seguimiento de productos individuales en los entornos de fabricaci\u00f3n, log\u00edstica y venta al por menor.<\/li>\n\n\n\n<li><strong>Autenticaci\u00f3n contra falsificaciones<\/strong>: La RFID integrada (con capacidad NFC) favorece la legitimidad del producto y la protecci\u00f3n de la marca.<\/li>\n\n\n\n<li><strong>Cumplimiento omnicanal<\/strong>: Cumpla los pedidos con rapidez y precisi\u00f3n, ya sea en l\u00ednea o en la tienda.<\/li>\n<\/ul>\n\n\n\n<div class=\"wp-block-columns are-vertically-aligned-center is-layout-flex wp-container-core-columns-is-layout-9d6595d7 wp-block-columns-is-layout-flex\">\n<div class=\"wp-block-column is-vertically-aligned-center is-layout-flow wp-block-column-is-layout-flow\" style=\"flex-basis:50%\">\n<h2 class=\"wp-block-heading\" id=\"h-rfid-in-footwear-applications\"><strong>RFID en aplicaciones de calzado<\/strong><\/h2>\n\n\n\n<p>La aplicaci\u00f3n de la RFID en el calzado abarca m\u00faltiples etapas:<\/p>\n\n\n\n<ul class=\"wp-block-list\">\n<li><strong>Fabricaci\u00f3n: <\/strong>Las etiquetas RFID se incrustan o aplican en origen, lo que permite un seguimiento perfecto de los art\u00edculos desde su producci\u00f3n.<\/li>\n\n\n\n<li><strong>Operaciones de almac\u00e9n<\/strong>: El escaneado automatizado de zapatos y cajas etiquetados acelera la recepci\u00f3n y la verificaci\u00f3n de pedidos.<\/li>\n\n\n\n<li><strong>Gesti\u00f3n en tienda<\/strong>: El personal puede localizar los art\u00edculos en cuesti\u00f3n de segundos mediante lectores RFID port\u00e1tiles, lo que garantiza que los clientes reciban la talla correcta a tiempo.<\/li>\n\n\n\n<li><strong>Compromiso de los clientes<\/strong>: Las etiquetas RFID\/NFC pueden ofrecer autenticaci\u00f3n posterior a la compra o experiencias de marca, directamente desde un dispositivo m\u00f3vil.<\/li>\n<\/ul>\n<\/div>\n\n\n\n<div class=\"wp-block-column is-vertically-aligned-center is-layout-flow wp-block-column-is-layout-flow\" style=\"flex-basis:50%\">\n<figure class=\"wp-block-image\"><img loading=\"lazy\" decoding=\"async\" width=\"600\" height=\"600\" src=\"https:\/\/huayuansh.com\/wp-content\/uploads\/2025\/05\/RFID-Tags-for-Footwear-Inventory-Management.webp\" alt=\"Etiquetas RFID para la gesti\u00f3n de inventarios de calzado\" class=\"wp-image-4209\" style=\"aspect-ratio:4\/3;object-fit:cover\" srcset=\"https:\/\/huayuansh.com\/wp-content\/uploads\/2025\/05\/RFID-Tags-for-Footwear-Inventory-Management.webp 600w, https:\/\/huayuansh.com\/wp-content\/uploads\/2025\/05\/RFID-Tags-for-Footwear-Inventory-Management-300x300.webp 300w, https:\/\/huayuansh.com\/wp-content\/uploads\/2025\/05\/RFID-Tags-for-Footwear-Inventory-Management-150x150.webp 150w\" sizes=\"auto, (max-width: 600px) 100vw, 600px\" \/><\/figure>\n<\/div>\n<\/div>\n\n\n\n<h2 class=\"wp-block-heading\" id=\"h-label-quality-a-critical-factor-in-rfid-success\"><strong>Calidad de las etiquetas: Un factor cr\u00edtico para el \u00e9xito de la RFID<\/strong><\/h2>\n\n\n\n<p>Los integradores de sistemas y los propietarios de marcas suelen centrarse en el software y los lectores, pero sin la etiqueta adecuada, incluso los sistemas RFID m\u00e1s avanzados se quedan cortos. En el calzado, las etiquetas deben:<\/p>\n\n\n\n<ul class=\"wp-block-list\">\n<li><strong>Soporta la compresi\u00f3n y la flexi\u00f3n<\/strong>: Los zapatos se usan, se doblan y se apilan, por lo que requieren incrustaciones que sigan siendo funcionales bajo tensi\u00f3n f\u00edsica.<\/li>\n\n\n\n<li><strong>Garantizar la legibilidad en todas las condiciones<\/strong>: Tanto si est\u00e1n incrustadas en las suelas como ocultas en el interior de las cajas, las etiquetas deben ofrecer un rendimiento de lectura s\u00f3lido y constante.<\/li>\n\n\n\n<li><strong>Apoyo a la identificaci\u00f3n por pares<\/strong>: Etiquetar tanto los zapatos como la caja garantiza un control total del inventario y la integridad de los pares.<\/li>\n\n\n\n<li><strong>Resistir las interferencias<\/strong>: Materiales como las espigas met\u00e1licas o los adhesivos pueden alterar la intensidad de la se\u00f1al. El dise\u00f1o de las etiquetas debe mitigar estos efectos.<\/li>\n<\/ul>\n\n\n\n<p>Los retos de la implantaci\u00f3n, desde la colocaci\u00f3n de etiquetas hasta la selecci\u00f3n de incrustaciones, exigen pruebas exhaustivas previas al etiquetado, configuraciones personalizadas y una fabricaci\u00f3n de precisi\u00f3n.<\/p>\n\n\n\n<figure class=\"wp-block-gallery has-nested-images columns-default is-cropped wp-block-gallery-1 is-layout-flex wp-block-gallery-is-layout-flex\">\n<figure class=\"wp-block-image size-large\"><img loading=\"lazy\" decoding=\"async\" width=\"600\" height=\"600\" data-id=\"4210\" src=\"https:\/\/huayuansh.com\/wp-content\/uploads\/2025\/05\/RFID-Tag-for-Shoes-Boxes.webp\" alt=\"Etiqueta RFID para cajas de zapatos\" class=\"wp-image-4210\" srcset=\"https:\/\/huayuansh.com\/wp-content\/uploads\/2025\/05\/RFID-Tag-for-Shoes-Boxes.webp 600w, https:\/\/huayuansh.com\/wp-content\/uploads\/2025\/05\/RFID-Tag-for-Shoes-Boxes-300x300.webp 300w, https:\/\/huayuansh.com\/wp-content\/uploads\/2025\/05\/RFID-Tag-for-Shoes-Boxes-150x150.webp 150w\" sizes=\"auto, (max-width: 600px) 100vw, 600px\" \/><\/figure>\n\n\n\n<figure class=\"wp-block-image size-large\"><img loading=\"lazy\" decoding=\"async\" width=\"600\" height=\"600\" data-id=\"4212\" src=\"https:\/\/huayuansh.com\/wp-content\/uploads\/2025\/05\/RFID-Tags-for-Shoes.webp\" alt=\"Etiquetas RFID para calzado\" class=\"wp-image-4212\" srcset=\"https:\/\/huayuansh.com\/wp-content\/uploads\/2025\/05\/RFID-Tags-for-Shoes.webp 600w, https:\/\/huayuansh.com\/wp-content\/uploads\/2025\/05\/RFID-Tags-for-Shoes-300x300.webp 300w, https:\/\/huayuansh.com\/wp-content\/uploads\/2025\/05\/RFID-Tags-for-Shoes-150x150.webp 150w\" sizes=\"auto, (max-width: 600px) 100vw, 600px\" \/><\/figure>\n\n\n\n<figure class=\"wp-block-image size-large\"><img loading=\"lazy\" decoding=\"async\" width=\"600\" height=\"600\" data-id=\"4211\" src=\"https:\/\/huayuansh.com\/wp-content\/uploads\/2025\/05\/RFID-Tagging-for-Footwear.webp\" alt=\"Etiquetado RFID para calzado\" class=\"wp-image-4211\" srcset=\"https:\/\/huayuansh.com\/wp-content\/uploads\/2025\/05\/RFID-Tagging-for-Footwear.webp 600w, https:\/\/huayuansh.com\/wp-content\/uploads\/2025\/05\/RFID-Tagging-for-Footwear-300x300.webp 300w, https:\/\/huayuansh.com\/wp-content\/uploads\/2025\/05\/RFID-Tagging-for-Footwear-150x150.webp 150w\" sizes=\"auto, (max-width: 600px) 100vw, 600px\" \/><\/figure>\n<\/figure>\n\n\n\n<h2 class=\"wp-block-heading\" id=\"h-huayuan-rfid-labels-for-footwear\"><strong>Etiquetas RFID HUAYUAN para calzado<\/strong><\/h2>\n\n\n\n<p>Como <a href=\"https:\/\/huayuansh.com\/products\/\">fabricante de <strong>Etiquetas RFID<\/strong><\/a>Estamos especializados en etiquetas RFID para satisfacer los requisitos exclusivos de la industria del calzado. Somos un socio vital para integradores y marcas que buscan etiquetas RFID fiables, duraderas y dise\u00f1adas con precisi\u00f3n.<\/p>\n\n\n\n<p>Lo que nos diferencia:<\/p>\n\n\n\n<ul class=\"wp-block-list\">\n<li><strong>Dise\u00f1o de incrustaciones a medida<\/strong>: Nuestro equipo colabora estrechamente con los proveedores de sistemas para seleccionar o desarrollar incrustaciones adaptadas a cada estilo de calzado, construcci\u00f3n y caso de uso.<\/li>\n\n\n\n<li><strong>Etiquetas resistentes a la flexi\u00f3n y a la presi\u00f3n<\/strong>: Dise\u00f1adas para resistir la incrustaci\u00f3n en el zapato, nuestras etiquetas soportan el desgaste, la flexi\u00f3n y las cargas de presi\u00f3n del mundo real.<\/li>\n\n\n\n<li><strong>Soluciones de etiquetado doble<\/strong>: Ofrecemos conjuntos coordinados de etiquetas para cajas y zapatos para una visibilidad total de los envases y los art\u00edculos individuales.<\/li>\n\n\n\n<li><strong>Experiencia en materiales<\/strong>: Con a\u00f1os de experiencia en la producci\u00f3n de etiquetas, sabemos c\u00f3mo evitar la degradaci\u00f3n del rendimiento de los adhesivos, los acabados y los componentes del calzado.<\/li>\n<\/ul>\n\n\n\n<h3 class=\"wp-block-heading\" id=\"h-ready-to-partner-with-an-rfid-label-specialist\"><strong>Listo para asociarse con un especialista en etiquetas RFID<\/strong><\/h3>\n\n\n\n<p>Tanto si es un integrador de sistemas que busca componentes RFID robustos, como si es una marca de calzado que busca mejorar el conocimiento de la cadena de suministro, podemos ayudarle.<\/p>\n\n\n\n<p><strong>Contactar con HUAYUAN<\/strong> para descubrir c\u00f3mo nuestros <strong>Soluciones de etiquetas RFID<\/strong> puede alinearse con sus objetivos empresariales y elevarlos.<\/p>\n\n\n<style>.wp-block-kadence-advancedbtn.kb-btns4208_ee7601-34{gap:var(--global-kb-gap-xs, 0.5rem );justify-content:flex-start;align-items:center;}.kt-btns4208_ee7601-34 .kt-button{font-weight:normal;font-style:normal;}.kt-btns4208_ee7601-34 .kt-btn-wrap-0{margin-right:5px;}.wp-block-kadence-advancedbtn.kt-btns4208_ee7601-34 .kt-btn-wrap-0 .kt-button{color:#555555;border-color:#555555;}.wp-block-kadence-advancedbtn.kt-btns4208_ee7601-34 .kt-btn-wrap-0 .kt-button:hover, .wp-block-kadence-advancedbtn.kt-btns4208_ee7601-34 .kt-btn-wrap-0 .kt-button:focus{color:#ffffff;border-color:#444444;}.wp-block-kadence-advancedbtn.kt-btns4208_ee7601-34 .kt-btn-wrap-0 .kt-button::before{display:none;}.wp-block-kadence-advancedbtn.kt-btns4208_ee7601-34 .kt-btn-wrap-0 .kt-button:hover, .wp-block-kadence-advancedbtn.kt-btns4208_ee7601-34 .kt-btn-wrap-0 .kt-button:focus{background:#444444;}<\/style>\n<div class=\"wp-block-kadence-advancedbtn kb-buttons-wrap kb-btns4208_ee7601-34\"><style>.wp-block-kadence-advancedbtn .kb-btn4208_047095-6b.kb-button, ul.menu .wp-block-kadence-advancedbtn .kb-btn4208_047095-6b.kb-button{width:200px;}<\/style><a class=\"kb-button kt-button button kb-btn4208_047095-6b kt-btn-size-small kt-btn-width-type-fixed kb-btn-global-inherit  kt-btn-has-text-true kt-btn-has-svg-false  wp-block-button__link wp-block-kadence-singlebtn\" href=\"https:\/\/huayuansh.com\/contact-us\/\"><span class=\"kt-btn-inner-text\">Contacte con nosotros<\/span><\/a><\/div>","protected":false},"excerpt":{"rendered":"<p>La industria del calzado presenta retos distintos para la integraci\u00f3n de la RFID. A diferencia de las prendas de vestir, el calzado suele requerir un doble etiquetado, en el interior del zapato y en la caja, para garantizar la trazabilidad en toda la cadena de suministro. Las etiquetas RFID deben soportar la compresi\u00f3n, la flexi\u00f3n y las tensiones ambientales durante la producci\u00f3n, la distribuci\u00f3n y la venta al por menor. Adem\u00e1s, materiales como el cuero, la goma y los componentes met\u00e1licos pueden interferir con la se\u00f1al...<\/p>","protected":false},"author":1,"featured_media":4213,"parent":731,"menu_order":0,"comment_status":"closed","ping_status":"closed","template":"","meta":{"_kad_blocks_custom_css":"","_kad_blocks_head_custom_js":"","_kad_blocks_body_custom_js":"","_kad_blocks_footer_custom_js":"","_kadence_starter_templates_imported_post":false,"_kad_post_transparent":"","_kad_post_title":"","_kad_post_layout":"","_kad_post_sidebar_id":"","_kad_post_content_style":"","_kad_post_vertical_padding":"","_kad_post_feature":"","_kad_post_feature_position":"","_kad_post_header":false,"_kad_post_footer":false,"footnotes":""},"class_list":["post-4208","page","type-page","status-publish","has-post-thumbnail","hentry"],"yoast_head":"<!-- This site is optimized with the Yoast SEO Premium plugin v23.0 (Yoast SEO v26.3) - https:\/\/yoast.com\/wordpress\/plugins\/seo\/ -->\n<title>RFID for Footwear | HUAYUAN RFID Tag Manufacturer<\/title>\n<meta name=\"description\" content=\"Discover how HUAYUAN&#039;s RFID labels optimize footwear tracking from production to retail. Our durable, custom-designed tags enhance inventory accuracy, anti-counterfeiting, and omnichannel fulfillment across the supply chain.\" \/>\n<meta name=\"robots\" content=\"index, follow, max-snippet:-1, max-image-preview:large, max-video-preview:-1\" \/>\n<link rel=\"canonical\" href=\"https:\/\/huayuansh.com\/es\/segmentos-industriales\/rfid-para-calzado\/\" \/>\n<meta property=\"og:locale\" content=\"es_ES\" \/>\n<meta property=\"og:type\" content=\"article\" \/>\n<meta property=\"og:title\" content=\"RFID for Footwear\" \/>\n<meta property=\"og:description\" content=\"Discover how HUAYUAN&#039;s RFID labels optimize footwear tracking from production to retail. Our durable, custom-designed tags enhance inventory accuracy, anti-counterfeiting, and omnichannel fulfillment across the supply chain.\" \/>\n<meta property=\"og:url\" content=\"https:\/\/huayuansh.com\/es\/segmentos-industriales\/rfid-para-calzado\/\" \/>\n<meta property=\"og:site_name\" content=\"HUAYUAN RFID Tag Manufacturer\" \/>\n<meta property=\"article:modified_time\" content=\"2025-05-14T06:57:22+00:00\" \/>\n<meta property=\"og:image\" content=\"https:\/\/huayuansh.com\/wp-content\/uploads\/2025\/05\/RFID-for-Footwear.webp\" \/>\n\t<meta property=\"og:image:width\" content=\"1920\" \/>\n\t<meta property=\"og:image:height\" content=\"1080\" \/>\n\t<meta property=\"og:image:type\" content=\"image\/webp\" \/>\n<meta name=\"twitter:card\" content=\"summary_large_image\" \/>\n<meta name=\"twitter:label1\" content=\"Tiempo de lectura\" \/>\n\t<meta name=\"twitter:data1\" content=\"4 minutos\" \/>\n<script type=\"application\/ld+json\" class=\"yoast-schema-graph\">{\"@context\":\"https:\/\/schema.org\",\"@graph\":[{\"@type\":\"WebPage\",\"@id\":\"https:\/\/huayuansh.com\/industry-segments\/rfid-for-footwear\/\",\"url\":\"https:\/\/huayuansh.com\/industry-segments\/rfid-for-footwear\/\",\"name\":\"RFID for Footwear | HUAYUAN RFID Tag Manufacturer\",\"isPartOf\":{\"@id\":\"https:\/\/huayuansh.com\/#website\"},\"primaryImageOfPage\":{\"@id\":\"https:\/\/huayuansh.com\/industry-segments\/rfid-for-footwear\/#primaryimage\"},\"image\":{\"@id\":\"https:\/\/huayuansh.com\/industry-segments\/rfid-for-footwear\/#primaryimage\"},\"thumbnailUrl\":\"https:\/\/huayuansh.com\/wp-content\/uploads\/2025\/05\/RFID-for-Footwear.webp\",\"datePublished\":\"2025-05-14T06:57:19+00:00\",\"dateModified\":\"2025-05-14T06:57:22+00:00\",\"description\":\"Discover how HUAYUAN's RFID labels optimize footwear tracking from production to retail. Our durable, custom-designed tags enhance inventory accuracy, anti-counterfeiting, and omnichannel fulfillment across the supply chain.\",\"breadcrumb\":{\"@id\":\"https:\/\/huayuansh.com\/industry-segments\/rfid-for-footwear\/#breadcrumb\"},\"inLanguage\":\"es\",\"potentialAction\":[{\"@type\":\"ReadAction\",\"target\":[\"https:\/\/huayuansh.com\/industry-segments\/rfid-for-footwear\/\"]}]},{\"@type\":\"ImageObject\",\"inLanguage\":\"es\",\"@id\":\"https:\/\/huayuansh.com\/industry-segments\/rfid-for-footwear\/#primaryimage\",\"url\":\"https:\/\/huayuansh.com\/wp-content\/uploads\/2025\/05\/RFID-for-Footwear.webp\",\"contentUrl\":\"https:\/\/huayuansh.com\/wp-content\/uploads\/2025\/05\/RFID-for-Footwear.webp\",\"width\":1920,\"height\":1080,\"caption\":\"RFID for Footwear\"},{\"@type\":\"BreadcrumbList\",\"@id\":\"https:\/\/huayuansh.com\/industry-segments\/rfid-for-footwear\/#breadcrumb\",\"itemListElement\":[{\"@type\":\"ListItem\",\"position\":1,\"name\":\"Home\",\"item\":\"https:\/\/huayuansh.com\/\"},{\"@type\":\"ListItem\",\"position\":2,\"name\":\"Industry Segments\",\"item\":\"https:\/\/huayuansh.com\/industry-segments\/\"},{\"@type\":\"ListItem\",\"position\":3,\"name\":\"RFID for Footwear\"}]},{\"@type\":\"WebSite\",\"@id\":\"https:\/\/huayuansh.com\/#website\",\"url\":\"https:\/\/huayuansh.com\/\",\"name\":\"HUAYUAN RFID Tag Manufacturer\",\"description\":\"HUAYUAN RFID Tag Manufacturer\",\"publisher\":{\"@id\":\"https:\/\/huayuansh.com\/#organization\"},\"potentialAction\":[{\"@type\":\"SearchAction\",\"target\":{\"@type\":\"EntryPoint\",\"urlTemplate\":\"https:\/\/huayuansh.com\/?s={search_term_string}\"},\"query-input\":{\"@type\":\"PropertyValueSpecification\",\"valueRequired\":true,\"valueName\":\"search_term_string\"}}],\"inLanguage\":\"es\"},{\"@type\":\"Organization\",\"@id\":\"https:\/\/huayuansh.com\/#organization\",\"name\":\"HUAYUAN RFID Tag Manufacturer\",\"url\":\"https:\/\/huayuansh.com\/\",\"logo\":{\"@type\":\"ImageObject\",\"inLanguage\":\"es\",\"@id\":\"https:\/\/huayuansh.com\/#\/schema\/logo\/image\/\",\"url\":\"https:\/\/huayuansh.com\/wp-content\/uploads\/2024\/09\/cropped-HUAYUAN.webp\",\"contentUrl\":\"https:\/\/huayuansh.com\/wp-content\/uploads\/2024\/09\/cropped-HUAYUAN.webp\",\"width\":895,\"height\":279,\"caption\":\"HUAYUAN RFID Tag Manufacturer\"},\"image\":{\"@id\":\"https:\/\/huayuansh.com\/#\/schema\/logo\/image\/\"}}]}<\/script>\n<!-- \/ Yoast SEO Premium plugin. -->","yoast_head_json":{"title":"RFID para calzado | HUAYUAN Fabricante de etiquetas RFID","description":"Descubra c\u00f3mo las etiquetas RFID de HUAYUAN optimizan el seguimiento del calzado desde la producci\u00f3n hasta la venta al por menor. Nuestras etiquetas duraderas y de dise\u00f1o personalizado mejoran la precisi\u00f3n del inventario, la lucha contra la falsificaci\u00f3n y el cumplimiento omnicanal en toda la cadena de suministro.","robots":{"index":"index","follow":"follow","max-snippet":"max-snippet:-1","max-image-preview":"max-image-preview:large","max-video-preview":"max-video-preview:-1"},"canonical":"https:\/\/huayuansh.com\/es\/segmentos-industriales\/rfid-para-calzado\/","og_locale":"es_ES","og_type":"article","og_title":"RFID for Footwear","og_description":"Discover how HUAYUAN's RFID labels optimize footwear tracking from production to retail. Our durable, custom-designed tags enhance inventory accuracy, anti-counterfeiting, and omnichannel fulfillment across the supply chain.","og_url":"https:\/\/huayuansh.com\/es\/segmentos-industriales\/rfid-para-calzado\/","og_site_name":"HUAYUAN RFID Tag Manufacturer","article_modified_time":"2025-05-14T06:57:22+00:00","og_image":[{"width":1920,"height":1080,"url":"https:\/\/huayuansh.com\/wp-content\/uploads\/2025\/05\/RFID-for-Footwear.webp","type":"image\/webp"}],"twitter_card":"summary_large_image","twitter_misc":{"Tiempo de lectura":"4 minutos"},"schema":{"@context":"https:\/\/schema.org","@graph":[{"@type":"WebPage","@id":"https:\/\/huayuansh.com\/industry-segments\/rfid-for-footwear\/","url":"https:\/\/huayuansh.com\/industry-segments\/rfid-for-footwear\/","name":"RFID para calzado | HUAYUAN Fabricante de etiquetas RFID","isPartOf":{"@id":"https:\/\/huayuansh.com\/#website"},"primaryImageOfPage":{"@id":"https:\/\/huayuansh.com\/industry-segments\/rfid-for-footwear\/#primaryimage"},"image":{"@id":"https:\/\/huayuansh.com\/industry-segments\/rfid-for-footwear\/#primaryimage"},"thumbnailUrl":"https:\/\/huayuansh.com\/wp-content\/uploads\/2025\/05\/RFID-for-Footwear.webp","datePublished":"2025-05-14T06:57:19+00:00","dateModified":"2025-05-14T06:57:22+00:00","description":"Descubra c\u00f3mo las etiquetas RFID de HUAYUAN optimizan el seguimiento del calzado desde la producci\u00f3n hasta la venta al por menor. Nuestras etiquetas duraderas y de dise\u00f1o personalizado mejoran la precisi\u00f3n del inventario, la lucha contra la falsificaci\u00f3n y el cumplimiento omnicanal en toda la cadena de suministro.","breadcrumb":{"@id":"https:\/\/huayuansh.com\/industry-segments\/rfid-for-footwear\/#breadcrumb"},"inLanguage":"es","potentialAction":[{"@type":"ReadAction","target":["https:\/\/huayuansh.com\/industry-segments\/rfid-for-footwear\/"]}]},{"@type":"ImageObject","inLanguage":"es","@id":"https:\/\/huayuansh.com\/industry-segments\/rfid-for-footwear\/#primaryimage","url":"https:\/\/huayuansh.com\/wp-content\/uploads\/2025\/05\/RFID-for-Footwear.webp","contentUrl":"https:\/\/huayuansh.com\/wp-content\/uploads\/2025\/05\/RFID-for-Footwear.webp","width":1920,"height":1080,"caption":"RFID for Footwear"},{"@type":"BreadcrumbList","@id":"https:\/\/huayuansh.com\/industry-segments\/rfid-for-footwear\/#breadcrumb","itemListElement":[{"@type":"ListItem","position":1,"name":"Home","item":"https:\/\/huayuansh.com\/"},{"@type":"ListItem","position":2,"name":"Industry Segments","item":"https:\/\/huayuansh.com\/industry-segments\/"},{"@type":"ListItem","position":3,"name":"RFID for Footwear"}]},{"@type":"WebSite","@id":"https:\/\/huayuansh.com\/#website","url":"https:\/\/huayuansh.com\/","name":"Fabricante de etiquetas RFID HUAYUAN","description":"Fabricante de etiquetas RFID HUAYUAN","publisher":{"@id":"https:\/\/huayuansh.com\/#organization"},"potentialAction":[{"@type":"SearchAction","target":{"@type":"EntryPoint","urlTemplate":"https:\/\/huayuansh.com\/?s={search_term_string}"},"query-input":{"@type":"PropertyValueSpecification","valueRequired":true,"valueName":"search_term_string"}}],"inLanguage":"es"},{"@type":"Organization","@id":"https:\/\/huayuansh.com\/#organization","name":"Fabricante de etiquetas RFID HUAYUAN","url":"https:\/\/huayuansh.com\/","logo":{"@type":"ImageObject","inLanguage":"es","@id":"https:\/\/huayuansh.com\/#\/schema\/logo\/image\/","url":"https:\/\/huayuansh.com\/wp-content\/uploads\/2024\/09\/cropped-HUAYUAN.webp","contentUrl":"https:\/\/huayuansh.com\/wp-content\/uploads\/2024\/09\/cropped-HUAYUAN.webp","width":895,"height":279,"caption":"HUAYUAN RFID Tag Manufacturer"},"image":{"@id":"https:\/\/huayuansh.com\/#\/schema\/logo\/image\/"}}]}},"taxonomy_info":[],"featured_image_src_large":["https:\/\/huayuansh.com\/wp-content\/uploads\/2025\/05\/RFID-for-Footwear-1024x576.webp",1024,576,true],"author_info":{"display_name":"HUAYUAN","author_link":"https:\/\/huayuansh.com\/es\/author\/shyec2024\/"},"comment_info":0,"_links":{"self":[{"href":"https:\/\/huayuansh.com\/es\/wp-json\/wp\/v2\/pages\/4208","targetHints":{"allow":["GET"]}}],"collection":[{"href":"https:\/\/huayuansh.com\/es\/wp-json\/wp\/v2\/pages"}],"about":[{"href":"https:\/\/huayuansh.com\/es\/wp-json\/wp\/v2\/types\/page"}],"author":[{"embeddable":true,"href":"https:\/\/huayuansh.com\/es\/wp-json\/wp\/v2\/users\/1"}],"replies":[{"embeddable":true,"href":"https:\/\/huayuansh.com\/es\/wp-json\/wp\/v2\/comments?post=4208"}],"version-history":[{"count":1,"href":"https:\/\/huayuansh.com\/es\/wp-json\/wp\/v2\/pages\/4208\/revisions"}],"predecessor-version":[{"id":4214,"href":"https:\/\/huayuansh.com\/es\/wp-json\/wp\/v2\/pages\/4208\/revisions\/4214"}],"up":[{"embeddable":true,"href":"https:\/\/huayuansh.com\/es\/wp-json\/wp\/v2\/pages\/731"}],"wp:featuredmedia":[{"embeddable":true,"href":"https:\/\/huayuansh.com\/es\/wp-json\/wp\/v2\/media\/4213"}],"wp:attachment":[{"href":"https:\/\/huayuansh.com\/es\/wp-json\/wp\/v2\/media?parent=4208"}],"curies":[{"name":"wp","href":"https:\/\/api.w.org\/{rel}","templated":true}]}}