{"id":965,"date":"2024-06-26T14:46:51","date_gmt":"2024-06-26T06:46:51","guid":{"rendered":"https:\/\/test.huayuansh.com\/?page_id=965"},"modified":"2025-05-08T14:55:41","modified_gmt":"2025-05-08T06:55:41","slug":"gestion-de-documentos-y-archivos","status":"publish","type":"page","link":"https:\/\/huayuansh.com\/es\/segmentos-industriales\/gestion-de-documentos-y-archivos\/","title":{"rendered":"RFID en la gesti\u00f3n de documentos y archivos"},"content":{"rendered":"<p>Tradicionalmente, las bibliotecas han utilizado diversos modelos para la gesti\u00f3n de libros, como la identificaci\u00f3n por banda magn\u00e9tica y por c\u00f3digo de barras. Las bandas magn\u00e9ticas se utilizan con fines de seguridad y antirrobo, mientras que los c\u00f3digos de barras facilitan la identificaci\u00f3n de las colecciones. A pesar de incorporar tecnolog\u00eda moderna como redes inform\u00e1ticas y software, las bibliotecas siguen enfrent\u00e1ndose a importantes retos, como los bajos niveles de automatizaci\u00f3n y los procesos manuales de pr\u00e9stamo y devoluci\u00f3n de libros. Esta manipulaci\u00f3n manual hace perder tiempo y reduce la eficacia del trabajo.<\/p>\n\n\n\n<p>La llegada de la tecnolog\u00eda RFID (identificaci\u00f3n por radiofrecuencia) ha revolucionado la gesti\u00f3n de documentos al mejorar enormemente la velocidad de recopilaci\u00f3n de datos. La RFID garantiza una lectura y almacenamiento de la informaci\u00f3n r\u00e1pidos, eficaces y seguros, mejorando as\u00ed la eficiencia general del trabajo.<\/p>\n\n\n\n<p>Al automatizar la emisi\u00f3n y devoluci\u00f3n de libros, CD\/DVD y otros soportes mediante RFID, las bibliotecas y sus usuarios se benefician de una mayor circulaci\u00f3n y una menor manipulaci\u00f3n manual. Esta tecnolog\u00eda tambi\u00e9n permite la autofacturaci\u00f3n y el registro automatizado de varios art\u00edculos, lo que agiliza las operaciones.<\/p>\n\n\n\n<h2 class=\"wp-block-heading\" id=\"h-rfid-vs-barcode-key-differences\">RFID frente a c\u00f3digo de barras: Principales diferencias<\/h2>\n\n\n\n<p>La tecnolog\u00eda RFID sustituye a los c\u00f3digos de barras para la identificaci\u00f3n de art\u00edculos en las bibliotecas. Las principales diferencias son:<\/p>\n\n\n\n<ul class=\"wp-block-list\">\n<li><strong>L\u00ednea de visi\u00f3n<\/strong>: Los c\u00f3digos de barras requieren una l\u00ednea de visi\u00f3n directa para leer una etiqueta, mientras que la RFID puede leer varios art\u00edculos dentro de la zona de lectura simult\u00e1neamente.<\/li>\n\n\n\n<li><strong>Velocidad de procesamiento<\/strong>: La RFID permite procesar varios art\u00edculos a la vez, a diferencia del procesamiento individual de los c\u00f3digos de barras.<\/li>\n<\/ul>\n\n\n\n<p>Como resultado, la automatizaci\u00f3n basada en RFID permite al personal de la biblioteca centrarse m\u00e1s en el servicio y la orientaci\u00f3n al cliente, mejorando significativamente la experiencia de los usuarios.<\/p>\n\n\n\n<h2 class=\"wp-block-heading\" id=\"h-how-rfid-tags-work-in-books\">C\u00f3mo funcionan las etiquetas RFID en los libros<\/h2>\n\n\n\n<p>Las etiquetas RFID de los libros utilizan se\u00f1ales de radiofrecuencia para almacenar y comunicar informaci\u00f3n como el t\u00edtulo, el autor y el n\u00famero ISBN del libro. Cuando un libro etiquetado entra en el radio de acci\u00f3n de un lector RFID, la etiqueta se activa y transmite los datos almacenados. Este sistema no s\u00f3lo lee los datos, sino que tambi\u00e9n puede escribir actualizaciones en las etiquetas, ofreciendo una herramienta flexible para gestionar los inventarios de libros de forma din\u00e1mica y precisa.<\/p>\n\n\n\n<h2 class=\"wp-block-heading\" id=\"h-advantages-of-rfid-in-documents\">Ventajas de la RFID en los documentos<\/h2>\n\n\n\n<p>La implantaci\u00f3n de etiquetas RFID en documentos y bibliotecas ofrece numerosas ventajas:<\/p>\n\n\n\n<p><strong>1, Mejora de la gesti\u00f3n de existencias<\/strong>: Las etiquetas RFID permiten el escaneado simult\u00e1neo de varios libros, lo que reduce el tiempo y las posibilidades de error humano. Las bibliotecas y librer\u00edas pueden controlar f\u00e1cilmente los niveles de existencias y garantizar la disponibilidad de los t\u00edtulos m\u00e1s populares.<\/p>\n\n\n\n<p><strong>2, Seguimiento de libros<\/strong>: La tecnolog\u00eda RFID permite un seguimiento preciso de la ubicaci\u00f3n de cada libro, lo que facilita su clasificaci\u00f3n, localizaci\u00f3n y devoluci\u00f3n. Ayuda a localizar libros extraviados y proporciona datos para tomar decisiones estrat\u00e9gicas basadas en las tendencias de pr\u00e9stamo.<\/p>\n\n\n\n<p><strong>3, Experiencia de compra mejorada<\/strong>: La tecnolog\u00eda RFID responde a las expectativas de los consumidores de realizar sus compras de forma \u00e1gil y sin complicaciones, garantizando la disponibilidad de los libros y la facilidad de localizaci\u00f3n, mejorando as\u00ed la satisfacci\u00f3n y fidelidad de los clientes.<\/p>\n\n\n\n<p><strong>4, Mejora de la gesti\u00f3n de los pr\u00e9stamos<\/strong>: RFID simplifica los procesos de pr\u00e9stamo y devoluci\u00f3n, reduciendo las p\u00e9rdidas y mejorando la experiencia del usuario.<\/p>\n\n\n\n<p><strong>5, Prevenci\u00f3n de robos<\/strong>: Los sistemas de seguridad basados en RFID reducen significativamente el riesgo de robo de libros.<\/p>\n\n\n\n<h2 class=\"wp-block-heading\" id=\"h-huayuan-rfid-products-for-documents-management\">Productos RFID HUAYUAN para la gesti\u00f3n de documentos<\/h2>\n\n\n\n<p>HUAYUAN ofrece una gama de productos RFID adaptados a la gesti\u00f3n de soportes y documentos en diversos entornos bibliotecarios, como aplicaciones acad\u00e9micas, p\u00fablicas, corporativas y especializadas. Estos productos mejoran la experiencia del usuario y agilizan las operaciones con funciones como autofacturaci\u00f3n, puertas RFID, devoluci\u00f3n de art\u00edculos, clasificaci\u00f3n de productos y prevenci\u00f3n de robos. Las etiquetas RFID de HUAYUAN vienen en encapsulados de chip HF y UHF.<\/p>\n\n\n\n<div class=\"wp-block-media-text has-media-on-the-right is-stacked-on-mobile\" style=\"grid-template-columns:auto 35%\"><div class=\"wp-block-media-text__content\">\n<h3 class=\"wp-block-heading\" id=\"h-hf-rfid-book-tag-icode-slix\">Etiqueta RFID HF para libros (ICODE SLIX)<\/h3>\n\n\n\n<ul class=\"wp-block-list\">\n<li>Buena coherencia, lectura en grupo, direcci\u00f3n<\/li>\n\n\n\n<li>Tratamiento de datos variables<\/li>\n\n\n\n<li>Tama\u00f1o de la antena: 45x<em>45mm, 45<\/em>x76mm<\/li>\n\n\n\n<li>Protocolo: ISO15693, 13,56 MHz<\/li>\n<\/ul>\n<\/div><figure class=\"wp-block-media-text__media\"><img loading=\"lazy\" decoding=\"async\" width=\"600\" height=\"600\" src=\"https:\/\/huayuansh.com\/wp-content\/uploads\/2024\/07\/HF-RFID-Book-Tag-ICODE-SLIX.webp\" alt=\"Etiqueta RFID HF para libros (ICODE SLIX)\" class=\"wp-image-3527 size-full\" srcset=\"https:\/\/huayuansh.com\/wp-content\/uploads\/2024\/07\/HF-RFID-Book-Tag-ICODE-SLIX.webp 600w, https:\/\/huayuansh.com\/wp-content\/uploads\/2024\/07\/HF-RFID-Book-Tag-ICODE-SLIX-300x300.webp 300w, https:\/\/huayuansh.com\/wp-content\/uploads\/2024\/07\/HF-RFID-Book-Tag-ICODE-SLIX-150x150.webp 150w\" sizes=\"auto, (max-width: 600px) 100vw, 600px\" \/><\/figure><\/div>\n\n\n\n<div class=\"wp-block-media-text has-media-on-the-right is-stacked-on-mobile\" style=\"grid-template-columns:auto 35%\"><div class=\"wp-block-media-text__content\">\n<h3 class=\"wp-block-heading\" id=\"h-rain-rfid-library-tag\">Etiqueta RFID RAIN para bibliotecas<\/h3>\n\n\n\n<ul class=\"wp-block-list\">\n<li>Personalizar la capacidad de dise\u00f1o RFID<\/li>\n\n\n\n<li>Tratamiento de datos variables<\/li>\n\n\n\n<li>Largo alcance de lectura de hasta 8 m (27 dBm, polarizaci\u00f3n redonda lineal)<\/li>\n\n\n\n<li>Protocolo: IS018000-6C, EPC GEN2, UHF(860-960MHz)<\/li>\n<\/ul>\n<\/div><figure class=\"wp-block-media-text__media\"><img loading=\"lazy\" decoding=\"async\" width=\"500\" height=\"500\" src=\"https:\/\/huayuansh.com\/wp-content\/uploads\/2024\/07\/RAIN-RFID-Library-Tag.webp\" alt=\"Etiqueta RFID RAIN para bibliotecas\" class=\"wp-image-3528 size-full\" srcset=\"https:\/\/huayuansh.com\/wp-content\/uploads\/2024\/07\/RAIN-RFID-Library-Tag.webp 500w, https:\/\/huayuansh.com\/wp-content\/uploads\/2024\/07\/RAIN-RFID-Library-Tag-300x300.webp 300w, https:\/\/huayuansh.com\/wp-content\/uploads\/2024\/07\/RAIN-RFID-Library-Tag-150x150.webp 150w\" sizes=\"auto, (max-width: 500px) 100vw, 500px\" \/><\/figure><\/div>\n\n\n\n<div class=\"wp-block-media-text has-media-on-the-right is-stacked-on-mobile\" style=\"grid-template-columns:auto 35%\"><div class=\"wp-block-media-text__content\">\n<h3 class=\"wp-block-heading\" id=\"h-rain-near-field-uhf-reader-pad\">Almohadilla lectora UHF de campo cercano RAIN<\/h3>\n\n\n\n<ul class=\"wp-block-list\">\n<li>M\u00f3dulo de lectura IMPINJ R2000<\/li>\n\n\n\n<li>Dise\u00f1o de sobremesa integrado de f\u00e1cil aplicaci\u00f3n y aspecto agradable<\/li>\n\n\n\n<li>S\u00f3lo unos segundos para registrar la entrada y salida de documentos y archivos<\/li>\n\n\n\n<li>Protocolo: UHF, IS018000-6C, EPC Clase1 Gen2<\/li>\n<\/ul>\n\n\n<style>.wp-block-kadence-advancedbtn.kb-btns965_0290fd-5b{gap:var(--global-kb-gap-xs, 0.5rem );justify-content:flex-start;align-items:center;}.kt-btns965_0290fd-5b .kt-button{font-weight:normal;font-style:normal;}.kt-btns965_0290fd-5b .kt-btn-wrap-0{margin-right:5px;}.wp-block-kadence-advancedbtn.kt-btns965_0290fd-5b .kt-btn-wrap-0 .kt-button{color:#555555;border-color:#555555;}.wp-block-kadence-advancedbtn.kt-btns965_0290fd-5b .kt-btn-wrap-0 .kt-button:hover, .wp-block-kadence-advancedbtn.kt-btns965_0290fd-5b .kt-btn-wrap-0 .kt-button:focus{color:#ffffff;border-color:#444444;}.wp-block-kadence-advancedbtn.kt-btns965_0290fd-5b .kt-btn-wrap-0 .kt-button::before{display:none;}.wp-block-kadence-advancedbtn.kt-btns965_0290fd-5b .kt-btn-wrap-0 .kt-button:hover, .wp-block-kadence-advancedbtn.kt-btns965_0290fd-5b .kt-btn-wrap-0 .kt-button:focus{background:#444444;}<\/style>\n<div class=\"wp-block-kadence-advancedbtn kb-buttons-wrap kb-btns965_0290fd-5b\"><style>ul.menu .wp-block-kadence-advancedbtn .kb-btn965_7b7dbd-2a.kb-button{width:initial;}<\/style><a class=\"kb-button kt-button button kb-btn965_7b7dbd-2a kt-btn-size-standard kt-btn-width-type-auto kb-btn-global-inherit  kt-btn-has-text-true kt-btn-has-svg-false  wp-block-button__link wp-block-kadence-singlebtn\" href=\"https:\/\/huayuansh.com\/products\/rfid-readers-modules\/desktop-near-field-uhf-rfid-reader\/\"><span class=\"kt-btn-inner-text\">Seguir leyendo<\/span><\/a><\/div>\n<\/div><figure class=\"wp-block-media-text__media\"><img loading=\"lazy\" decoding=\"async\" width=\"1024\" height=\"1024\" src=\"https:\/\/huayuansh.com\/wp-content\/uploads\/2024\/07\/Desktop-Near-Field-UHF-RFID-Reader-1024x1024.webp\" alt=\"\" class=\"wp-image-3529 size-full\" srcset=\"https:\/\/huayuansh.com\/wp-content\/uploads\/2024\/07\/Desktop-Near-Field-UHF-RFID-Reader-1024x1024.webp 1024w, https:\/\/huayuansh.com\/wp-content\/uploads\/2024\/07\/Desktop-Near-Field-UHF-RFID-Reader-300x300.webp 300w, https:\/\/huayuansh.com\/wp-content\/uploads\/2024\/07\/Desktop-Near-Field-UHF-RFID-Reader-150x150.webp 150w, https:\/\/huayuansh.com\/wp-content\/uploads\/2024\/07\/Desktop-Near-Field-UHF-RFID-Reader-768x768.webp 768w, https:\/\/huayuansh.com\/wp-content\/uploads\/2024\/07\/Desktop-Near-Field-UHF-RFID-Reader.webp 1125w\" sizes=\"auto, (max-width: 1024px) 100vw, 1024px\" \/><\/figure><\/div>\n\n\n\n<p>La tecnolog\u00eda RFID ha transformado la gesti\u00f3n de bibliotecas y la industria editorial al proporcionar un m\u00e9todo eficaz y preciso de seguimiento y gesti\u00f3n de libros. A trav\u00e9s de la comunicaci\u00f3n inal\u00e1mbrica, los sistemas RFID permiten operaciones din\u00e1micas, haciendo posible la lectura y escritura de informaci\u00f3n en etiquetas, mejorando significativamente la eficiencia operativa y la experiencia del usuario.<\/p>\n\n\n<style>.wp-block-kadence-advancedbtn.kb-btns965_f770a4-2c{gap:var(--global-kb-gap-xs, 0.5rem );justify-content:center;align-items:center;}.kt-btns965_f770a4-2c .kt-button{font-weight:normal;font-style:normal;}.kt-btns965_f770a4-2c .kt-btn-wrap-0{margin-right:5px;}.wp-block-kadence-advancedbtn.kt-btns965_f770a4-2c .kt-btn-wrap-0 .kt-button{color:#555555;border-color:#555555;}.wp-block-kadence-advancedbtn.kt-btns965_f770a4-2c .kt-btn-wrap-0 .kt-button:hover, .wp-block-kadence-advancedbtn.kt-btns965_f770a4-2c .kt-btn-wrap-0 .kt-button:focus{color:#ffffff;border-color:#444444;}.wp-block-kadence-advancedbtn.kt-btns965_f770a4-2c .kt-btn-wrap-0 .kt-button::before{display:none;}.wp-block-kadence-advancedbtn.kt-btns965_f770a4-2c .kt-btn-wrap-0 .kt-button:hover, .wp-block-kadence-advancedbtn.kt-btns965_f770a4-2c .kt-btn-wrap-0 .kt-button:focus{background:#444444;}<\/style>\n<div class=\"wp-block-kadence-advancedbtn kb-buttons-wrap kb-btns965_f770a4-2c\"><style>ul.menu .wp-block-kadence-advancedbtn .kb-btn965_cba0e2-05.kb-button{width:initial;}<\/style><a class=\"kb-button kt-button button kb-btn965_cba0e2-05 kt-btn-size-standard kt-btn-width-type-auto kb-btn-global-inherit  kt-btn-has-text-true kt-btn-has-svg-false  wp-block-button__link wp-block-kadence-singlebtn\" href=\"https:\/\/huayuansh.com\/contact-us\/\"><span class=\"kt-btn-inner-text\">Contacte con nosotros<\/span><\/a><\/div>","protected":false},"excerpt":{"rendered":"<p>Tradicionalmente, las bibliotecas han utilizado diversos modelos para la gesti\u00f3n de libros, como la identificaci\u00f3n por banda magn\u00e9tica y por c\u00f3digo de barras. Las bandas magn\u00e9ticas se utilizan con fines de seguridad y antirrobo, mientras que los c\u00f3digos de barras facilitan la identificaci\u00f3n de las colecciones. A pesar de incorporar tecnolog\u00eda moderna como redes inform\u00e1ticas y software, las bibliotecas siguen enfrent\u00e1ndose a importantes retos, como los bajos niveles de automatizaci\u00f3n y los procesos manuales de pr\u00e9stamo y devoluci\u00f3n de...<\/p>","protected":false},"author":1,"featured_media":3530,"parent":731,"menu_order":28,"comment_status":"closed","ping_status":"closed","template":"","meta":{"_kad_blocks_custom_css":"","_kad_blocks_head_custom_js":"","_kad_blocks_body_custom_js":"","_kad_blocks_footer_custom_js":"","_kadence_starter_templates_imported_post":false,"_kad_post_transparent":"","_kad_post_title":"","_kad_post_layout":"","_kad_post_sidebar_id":"","_kad_post_content_style":"","_kad_post_vertical_padding":"","_kad_post_feature":"","_kad_post_feature_position":"","_kad_post_header":false,"_kad_post_footer":false,"footnotes":""},"class_list":["post-965","page","type-page","status-publish","has-post-thumbnail","hentry"],"yoast_head":"<!-- This site is optimized with the Yoast SEO Premium plugin v23.0 (Yoast SEO v26.3) - https:\/\/yoast.com\/wordpress\/plugins\/seo\/ -->\n<title>RFID in Documents and Files Management | HUAYUAN RFID Tag Manufacturer<\/title>\n<meta name=\"description\" content=\"HUAYUAN has developed RFID tags which are perfectly designed for Library, Media Document Management, document stock and comprehensive tracking of documents.\" \/>\n<meta name=\"robots\" content=\"index, follow, max-snippet:-1, max-image-preview:large, max-video-preview:-1\" \/>\n<link rel=\"canonical\" href=\"https:\/\/huayuansh.com\/es\/segmentos-industriales\/gestion-de-documentos-y-archivos\/\" \/>\n<meta property=\"og:locale\" content=\"es_ES\" \/>\n<meta property=\"og:type\" content=\"article\" \/>\n<meta property=\"og:title\" content=\"RFID in Documents and Files Management\" \/>\n<meta property=\"og:description\" content=\"HUAYUAN has developed RFID tags which are perfectly designed for Library, Media Document Management, document stock and comprehensive tracking of documents.\" \/>\n<meta property=\"og:url\" content=\"https:\/\/huayuansh.com\/es\/segmentos-industriales\/gestion-de-documentos-y-archivos\/\" \/>\n<meta property=\"og:site_name\" content=\"HUAYUAN RFID Tag Manufacturer\" \/>\n<meta property=\"article:modified_time\" content=\"2025-05-08T06:55:41+00:00\" \/>\n<meta property=\"og:image\" content=\"https:\/\/huayuansh.com\/wp-content\/uploads\/2024\/07\/RFID-Technology-in-Library-HUAYUAN.webp\" \/>\n\t<meta property=\"og:image:width\" content=\"1920\" \/>\n\t<meta property=\"og:image:height\" content=\"1080\" \/>\n\t<meta property=\"og:image:type\" content=\"image\/webp\" \/>\n<meta name=\"twitter:card\" content=\"summary_large_image\" \/>\n<meta name=\"twitter:label1\" content=\"Tiempo de lectura\" \/>\n\t<meta name=\"twitter:data1\" content=\"4 minutos\" \/>\n<script type=\"application\/ld+json\" class=\"yoast-schema-graph\">{\"@context\":\"https:\/\/schema.org\",\"@graph\":[{\"@type\":\"WebPage\",\"@id\":\"https:\/\/huayuansh.com\/industry-segments\/documents-and-files-management\/\",\"url\":\"https:\/\/huayuansh.com\/industry-segments\/documents-and-files-management\/\",\"name\":\"RFID in Documents and Files Management | HUAYUAN RFID Tag Manufacturer\",\"isPartOf\":{\"@id\":\"https:\/\/huayuansh.com\/#website\"},\"primaryImageOfPage\":{\"@id\":\"https:\/\/huayuansh.com\/industry-segments\/documents-and-files-management\/#primaryimage\"},\"image\":{\"@id\":\"https:\/\/huayuansh.com\/industry-segments\/documents-and-files-management\/#primaryimage\"},\"thumbnailUrl\":\"https:\/\/huayuansh.com\/wp-content\/uploads\/2024\/07\/RFID-Technology-in-Library-HUAYUAN.webp\",\"datePublished\":\"2024-06-26T06:46:51+00:00\",\"dateModified\":\"2025-05-08T06:55:41+00:00\",\"description\":\"HUAYUAN has developed RFID tags which are perfectly designed for Library, Media Document Management, document stock and comprehensive tracking of documents.\",\"breadcrumb\":{\"@id\":\"https:\/\/huayuansh.com\/industry-segments\/documents-and-files-management\/#breadcrumb\"},\"inLanguage\":\"es\",\"potentialAction\":[{\"@type\":\"ReadAction\",\"target\":[\"https:\/\/huayuansh.com\/industry-segments\/documents-and-files-management\/\"]}]},{\"@type\":\"ImageObject\",\"inLanguage\":\"es\",\"@id\":\"https:\/\/huayuansh.com\/industry-segments\/documents-and-files-management\/#primaryimage\",\"url\":\"https:\/\/huayuansh.com\/wp-content\/uploads\/2024\/07\/RFID-Technology-in-Library-HUAYUAN.webp\",\"contentUrl\":\"https:\/\/huayuansh.com\/wp-content\/uploads\/2024\/07\/RFID-Technology-in-Library-HUAYUAN.webp\",\"width\":1920,\"height\":1080,\"caption\":\"RFID Technology in Library - HUAYUAN\"},{\"@type\":\"BreadcrumbList\",\"@id\":\"https:\/\/huayuansh.com\/industry-segments\/documents-and-files-management\/#breadcrumb\",\"itemListElement\":[{\"@type\":\"ListItem\",\"position\":1,\"name\":\"Home\",\"item\":\"https:\/\/huayuansh.com\/\"},{\"@type\":\"ListItem\",\"position\":2,\"name\":\"Industry Segments\",\"item\":\"https:\/\/huayuansh.com\/industry-segments\/\"},{\"@type\":\"ListItem\",\"position\":3,\"name\":\"RFID in Documents and Files Management\"}]},{\"@type\":\"WebSite\",\"@id\":\"https:\/\/huayuansh.com\/#website\",\"url\":\"https:\/\/huayuansh.com\/\",\"name\":\"HUAYUAN RFID Tag Manufacturer\",\"description\":\"HUAYUAN RFID Tag Manufacturer\",\"publisher\":{\"@id\":\"https:\/\/huayuansh.com\/#organization\"},\"potentialAction\":[{\"@type\":\"SearchAction\",\"target\":{\"@type\":\"EntryPoint\",\"urlTemplate\":\"https:\/\/huayuansh.com\/?s={search_term_string}\"},\"query-input\":{\"@type\":\"PropertyValueSpecification\",\"valueRequired\":true,\"valueName\":\"search_term_string\"}}],\"inLanguage\":\"es\"},{\"@type\":\"Organization\",\"@id\":\"https:\/\/huayuansh.com\/#organization\",\"name\":\"HUAYUAN RFID Tag Manufacturer\",\"url\":\"https:\/\/huayuansh.com\/\",\"logo\":{\"@type\":\"ImageObject\",\"inLanguage\":\"es\",\"@id\":\"https:\/\/huayuansh.com\/#\/schema\/logo\/image\/\",\"url\":\"https:\/\/huayuansh.com\/wp-content\/uploads\/2024\/09\/cropped-HUAYUAN.webp\",\"contentUrl\":\"https:\/\/huayuansh.com\/wp-content\/uploads\/2024\/09\/cropped-HUAYUAN.webp\",\"width\":895,\"height\":279,\"caption\":\"HUAYUAN RFID Tag Manufacturer\"},\"image\":{\"@id\":\"https:\/\/huayuansh.com\/#\/schema\/logo\/image\/\"}}]}<\/script>\n<!-- \/ Yoast SEO Premium plugin. -->","yoast_head_json":{"title":"RFID en la gesti\u00f3n de documentos y archivos | HUAYUAN RFID Tag Manufacturer","description":"HUAYUAN ha desarrollado etiquetas RFID perfectamente dise\u00f1adas para bibliotecas, gesti\u00f3n de documentos multimedia, stock de documentos y seguimiento exhaustivo de documentos.","robots":{"index":"index","follow":"follow","max-snippet":"max-snippet:-1","max-image-preview":"max-image-preview:large","max-video-preview":"max-video-preview:-1"},"canonical":"https:\/\/huayuansh.com\/es\/segmentos-industriales\/gestion-de-documentos-y-archivos\/","og_locale":"es_ES","og_type":"article","og_title":"RFID in Documents and Files Management","og_description":"HUAYUAN has developed RFID tags which are perfectly designed for Library, Media Document Management, document stock and comprehensive tracking of documents.","og_url":"https:\/\/huayuansh.com\/es\/segmentos-industriales\/gestion-de-documentos-y-archivos\/","og_site_name":"HUAYUAN RFID Tag Manufacturer","article_modified_time":"2025-05-08T06:55:41+00:00","og_image":[{"width":1920,"height":1080,"url":"https:\/\/huayuansh.com\/wp-content\/uploads\/2024\/07\/RFID-Technology-in-Library-HUAYUAN.webp","type":"image\/webp"}],"twitter_card":"summary_large_image","twitter_misc":{"Tiempo de lectura":"4 minutos"},"schema":{"@context":"https:\/\/schema.org","@graph":[{"@type":"WebPage","@id":"https:\/\/huayuansh.com\/industry-segments\/documents-and-files-management\/","url":"https:\/\/huayuansh.com\/industry-segments\/documents-and-files-management\/","name":"RFID en la gesti\u00f3n de documentos y archivos | HUAYUAN RFID Tag Manufacturer","isPartOf":{"@id":"https:\/\/huayuansh.com\/#website"},"primaryImageOfPage":{"@id":"https:\/\/huayuansh.com\/industry-segments\/documents-and-files-management\/#primaryimage"},"image":{"@id":"https:\/\/huayuansh.com\/industry-segments\/documents-and-files-management\/#primaryimage"},"thumbnailUrl":"https:\/\/huayuansh.com\/wp-content\/uploads\/2024\/07\/RFID-Technology-in-Library-HUAYUAN.webp","datePublished":"2024-06-26T06:46:51+00:00","dateModified":"2025-05-08T06:55:41+00:00","description":"HUAYUAN ha desarrollado etiquetas RFID perfectamente dise\u00f1adas para bibliotecas, gesti\u00f3n de documentos multimedia, stock de documentos y seguimiento exhaustivo de documentos.","breadcrumb":{"@id":"https:\/\/huayuansh.com\/industry-segments\/documents-and-files-management\/#breadcrumb"},"inLanguage":"es","potentialAction":[{"@type":"ReadAction","target":["https:\/\/huayuansh.com\/industry-segments\/documents-and-files-management\/"]}]},{"@type":"ImageObject","inLanguage":"es","@id":"https:\/\/huayuansh.com\/industry-segments\/documents-and-files-management\/#primaryimage","url":"https:\/\/huayuansh.com\/wp-content\/uploads\/2024\/07\/RFID-Technology-in-Library-HUAYUAN.webp","contentUrl":"https:\/\/huayuansh.com\/wp-content\/uploads\/2024\/07\/RFID-Technology-in-Library-HUAYUAN.webp","width":1920,"height":1080,"caption":"RFID Technology in Library - HUAYUAN"},{"@type":"BreadcrumbList","@id":"https:\/\/huayuansh.com\/industry-segments\/documents-and-files-management\/#breadcrumb","itemListElement":[{"@type":"ListItem","position":1,"name":"Home","item":"https:\/\/huayuansh.com\/"},{"@type":"ListItem","position":2,"name":"Industry Segments","item":"https:\/\/huayuansh.com\/industry-segments\/"},{"@type":"ListItem","position":3,"name":"RFID in Documents and Files Management"}]},{"@type":"WebSite","@id":"https:\/\/huayuansh.com\/#website","url":"https:\/\/huayuansh.com\/","name":"Fabricante de etiquetas RFID HUAYUAN","description":"Fabricante de etiquetas RFID HUAYUAN","publisher":{"@id":"https:\/\/huayuansh.com\/#organization"},"potentialAction":[{"@type":"SearchAction","target":{"@type":"EntryPoint","urlTemplate":"https:\/\/huayuansh.com\/?s={search_term_string}"},"query-input":{"@type":"PropertyValueSpecification","valueRequired":true,"valueName":"search_term_string"}}],"inLanguage":"es"},{"@type":"Organization","@id":"https:\/\/huayuansh.com\/#organization","name":"Fabricante de etiquetas RFID HUAYUAN","url":"https:\/\/huayuansh.com\/","logo":{"@type":"ImageObject","inLanguage":"es","@id":"https:\/\/huayuansh.com\/#\/schema\/logo\/image\/","url":"https:\/\/huayuansh.com\/wp-content\/uploads\/2024\/09\/cropped-HUAYUAN.webp","contentUrl":"https:\/\/huayuansh.com\/wp-content\/uploads\/2024\/09\/cropped-HUAYUAN.webp","width":895,"height":279,"caption":"HUAYUAN RFID Tag Manufacturer"},"image":{"@id":"https:\/\/huayuansh.com\/#\/schema\/logo\/image\/"}}]}},"taxonomy_info":[],"featured_image_src_large":["https:\/\/huayuansh.com\/wp-content\/uploads\/2024\/07\/RFID-Technology-in-Library-HUAYUAN-1024x576.webp",1024,576,true],"author_info":{"display_name":"HUAYUAN","author_link":"https:\/\/huayuansh.com\/es\/author\/shyec2024\/"},"comment_info":0,"_links":{"self":[{"href":"https:\/\/huayuansh.com\/es\/wp-json\/wp\/v2\/pages\/965","targetHints":{"allow":["GET"]}}],"collection":[{"href":"https:\/\/huayuansh.com\/es\/wp-json\/wp\/v2\/pages"}],"about":[{"href":"https:\/\/huayuansh.com\/es\/wp-json\/wp\/v2\/types\/page"}],"author":[{"embeddable":true,"href":"https:\/\/huayuansh.com\/es\/wp-json\/wp\/v2\/users\/1"}],"replies":[{"embeddable":true,"href":"https:\/\/huayuansh.com\/es\/wp-json\/wp\/v2\/comments?post=965"}],"version-history":[{"count":5,"href":"https:\/\/huayuansh.com\/es\/wp-json\/wp\/v2\/pages\/965\/revisions"}],"predecessor-version":[{"id":3598,"href":"https:\/\/huayuansh.com\/es\/wp-json\/wp\/v2\/pages\/965\/revisions\/3598"}],"up":[{"embeddable":true,"href":"https:\/\/huayuansh.com\/es\/wp-json\/wp\/v2\/pages\/731"}],"wp:featuredmedia":[{"embeddable":true,"href":"https:\/\/huayuansh.com\/es\/wp-json\/wp\/v2\/media\/3530"}],"wp:attachment":[{"href":"https:\/\/huayuansh.com\/es\/wp-json\/wp\/v2\/media?parent=965"}],"curies":[{"name":"wp","href":"https:\/\/api.w.org\/{rel}","templated":true}]}}