{"id":989,"date":"2024-08-21T18:25:27","date_gmt":"2024-08-21T10:25:27","guid":{"rendered":"https:\/\/test.huayuansh.com\/?page_id=989"},"modified":"2024-10-31T17:47:37","modified_gmt":"2024-10-31T09:47:37","slug":"inlays-rfid","status":"publish","type":"page","link":"https:\/\/huayuansh.com\/es\/productos\/inlays-rfid\/","title":{"rendered":"Incrustaciones RFID"},"content":{"rendered":"<div class=\"wp-block-columns are-vertically-aligned-center is-layout-flex wp-container-core-columns-is-layout-9d6595d7 wp-block-columns-is-layout-flex\">\n<div class=\"wp-block-column is-vertically-aligned-center is-layout-flow wp-block-column-is-layout-flow\" style=\"flex-basis:60%\">\n<p>Nuestra cartera de tecnolog\u00eda RFID abarca una amplia gama de dise\u00f1os de incrustaciones y capacidades de producci\u00f3n, compatibles con las bandas de frecuencia UHF, HF, NFC y Dual. Estas soluciones se utilizan ampliamente en diversos sectores, como la confecci\u00f3n, la automatizaci\u00f3n, la industria farmac\u00e9utica, la sanidad, el transporte, la log\u00edstica y la fabricaci\u00f3n, entre otros. Nuestras incrustaciones, que se ofrecen en m\u00faltiples formatos de entrega, se recomiendan para innumerables aplicaciones que exigen un rendimiento excepcional.<\/p>\n\n\n\n<p>En colaboraci\u00f3n con los principales proveedores de circuitos integrados, desarrollamos productos RFID de vanguardia que integran la \u00faltima tecnolog\u00eda de chips. Acelere la adopci\u00f3n de RFID a nivel de art\u00edculo con las incrustaciones y etiquetas RFID l\u00edderes del sector de HUAYUAN.<\/p>\n<\/div>\n\n\n\n<div class=\"wp-block-column is-vertically-aligned-center is-layout-flow wp-block-column-is-layout-flow\" style=\"flex-basis:40%\"><div class=\"wp-block-image\">\n<figure class=\"aligncenter size-full\"><img loading=\"lazy\" decoding=\"async\" width=\"1000\" height=\"1000\" src=\"https:\/\/huayuansh.com\/wp-content\/uploads\/2024\/08\/UHF-RFID-Inlay.webp\" alt=\"\" class=\"wp-image-3711\" style=\"aspect-ratio:3\/2;object-fit:cover\" srcset=\"https:\/\/huayuansh.com\/wp-content\/uploads\/2024\/08\/UHF-RFID-Inlay.webp 1000w, https:\/\/huayuansh.com\/wp-content\/uploads\/2024\/08\/UHF-RFID-Inlay-300x300.webp 300w, https:\/\/huayuansh.com\/wp-content\/uploads\/2024\/08\/UHF-RFID-Inlay-150x150.webp 150w, https:\/\/huayuansh.com\/wp-content\/uploads\/2024\/08\/UHF-RFID-Inlay-768x768.webp 768w\" sizes=\"auto, (max-width: 1000px) 100vw, 1000px\" \/><\/figure><\/div><\/div>\n<\/div>\n\n\n\n<h2 class=\"wp-block-heading\" id=\"h-expertly-designed-manufactured-and-encoded\">Dise\u00f1ado, fabricado y codificado por expertos<\/h2>\n\n\n\n<p>Con a\u00f1os de I+D dedicada, hemos adquirido una profunda experiencia en todos los aspectos de la producci\u00f3n masiva de RFID. Nuestro compromiso con la innovaci\u00f3n se refleja en nuestros dise\u00f1os propios de etiquetas RFID, que abarcan desde la producci\u00f3n de antenas de aluminio hasta la conversi\u00f3n, el troquelado y la programaci\u00f3n de datos.<\/p>\n\n\n\n<p>Nuestras instalaciones de producci\u00f3n de antenas de aluminio en China ocupan 60 millones de metros cuadrados, con una producci\u00f3n anual de aproximadamente 30.000 millones de antenas RFID. Nos dedicamos a avanzar en la tecnolog\u00eda de antenas RFID de precisi\u00f3n para apoyar la miniaturizaci\u00f3n de los chips RFID. Adem\u00e1s, nuestro vanguardista sistema de protecci\u00f3n medioambiental, desarrollado en colaboraci\u00f3n con un instituto cient\u00edfico l\u00edder, garantiza que los residuos de fabricaci\u00f3n de nuestra nueva planta se reduzcan en 98%. Nuestros exhaustivos procesos de producci\u00f3n incluyen el grabado, el troquelado mec\u00e1nico y el troquelado por l\u00e1ser de antenas de aluminio, utilizando sustratos como papel, tela y PET.<\/p>\n\n\n\n<h2 class=\"wp-block-heading\" id=\"h-browse-our-high-performing-rfid-inlays\">Examine nuestras incrustaciones RFID de alto rendimiento<\/h2>\n\n\n\n<figure class=\"wp-block-table\"><table class=\"has-fixed-layout\"><tbody><tr><td><\/td><td>Modelo de incrustaci\u00f3n<\/td><td>Chip<\/td><td>Dimensiones de la antena<br>(en mm)<\/td><td>Aplicaciones<\/td><\/tr><tr><td><img loading=\"lazy\" decoding=\"async\" width=\"150\" height=\"48\" class=\"wp-image-3723\" style=\"width: 150px;\" src=\"https:\/\/huayuansh.com\/wp-content\/uploads\/2024\/08\/HY141u9.webp\" alt=\"\" srcset=\"https:\/\/huayuansh.com\/wp-content\/uploads\/2024\/08\/HY141u9.webp 310w, https:\/\/huayuansh.com\/wp-content\/uploads\/2024\/08\/HY141u9-300x97.webp 300w\" sizes=\"auto, (max-width: 150px) 100vw, 150px\" \/><\/td><td>HY141u9<\/td><td>NXP U9<\/td><td>70 x 14<\/td><td>Confecci\u00f3n, Log\u00edstica, Aplicaciones industriales<\/td><\/tr><tr><td><img loading=\"lazy\" decoding=\"async\" width=\"150\" height=\"48\" class=\"wp-image-3722\" style=\"width: 150px;\" src=\"https:\/\/huayuansh.com\/wp-content\/uploads\/2024\/08\/HY142r6.webp\" alt=\"\" srcset=\"https:\/\/huayuansh.com\/wp-content\/uploads\/2024\/08\/HY142r6.webp 310w, https:\/\/huayuansh.com\/wp-content\/uploads\/2024\/08\/HY142r6-300x97.webp 300w\" sizes=\"auto, (max-width: 150px) 100vw, 150px\" \/><\/td><td>HY142r6<\/td><td>Impinj MR6 \/ MR6-P<\/td><td>70 x 14<\/td><td>Ropa, Log\u00edstica<\/td><\/tr><tr><td><img loading=\"lazy\" decoding=\"async\" width=\"150\" height=\"48\" class=\"wp-image-3716\" style=\"width: 150px;\" src=\"https:\/\/huayuansh.com\/wp-content\/uploads\/2024\/08\/HY171h9.webp\" alt=\"\" srcset=\"https:\/\/huayuansh.com\/wp-content\/uploads\/2024\/08\/HY171h9.webp 310w, https:\/\/huayuansh.com\/wp-content\/uploads\/2024\/08\/HY171h9-300x97.webp 300w\" sizes=\"auto, (max-width: 150px) 100vw, 150px\" \/><\/td><td>HY171h9<\/td><td>Alien H9<\/td><td>70 x 17<\/td><td>Log\u00edstica, aplicaciones industriales<\/td><\/tr><tr><td><img loading=\"lazy\" decoding=\"async\" width=\"150\" height=\"48\" class=\"wp-image-3715\" style=\"width: 150px;\" src=\"https:\/\/huayuansh.com\/wp-content\/uploads\/2024\/08\/HY301m7.webp\" alt=\"\" srcset=\"https:\/\/huayuansh.com\/wp-content\/uploads\/2024\/08\/HY301m7.webp 310w, https:\/\/huayuansh.com\/wp-content\/uploads\/2024\/08\/HY301m7-300x97.webp 300w\" sizes=\"auto, (max-width: 150px) 100vw, 150px\" \/><img loading=\"lazy\" decoding=\"async\" width=\"50\" height=\"50\" class=\"wp-image-3730\" style=\"width: 50px;\" src=\"https:\/\/huayuansh.com\/wp-content\/uploads\/2024\/08\/Eco.webp\" alt=\"\" srcset=\"https:\/\/huayuansh.com\/wp-content\/uploads\/2024\/08\/Eco.webp 200w, https:\/\/huayuansh.com\/wp-content\/uploads\/2024\/08\/Eco-150x150.webp 150w\" sizes=\"auto, (max-width: 50px) 100vw, 50px\" \/><\/td><td>HY301m7<\/td><td>Impinj M730 \/ M750<\/td><td>50 x 30<\/td><td>Log\u00edstica, aplicaciones industriales<\/td><\/tr><tr><td><img loading=\"lazy\" decoding=\"async\" width=\"150\" height=\"48\" class=\"wp-image-3714\" style=\"width: 150px;\" src=\"https:\/\/huayuansh.com\/wp-content\/uploads\/2024\/08\/HY302u9.webp\" alt=\"\" srcset=\"https:\/\/huayuansh.com\/wp-content\/uploads\/2024\/08\/HY302u9.webp 310w, https:\/\/huayuansh.com\/wp-content\/uploads\/2024\/08\/HY302u9-300x97.webp 300w\" sizes=\"auto, (max-width: 150px) 100vw, 150px\" \/><\/td><td>HY302u9<\/td><td>NXP U9<\/td><td>50 x 30<\/td><td>Ropa, Log\u00edstica<\/td><\/tr><tr><td><img loading=\"lazy\" decoding=\"async\" width=\"150\" height=\"48\" class=\"wp-image-3720\" style=\"width: 150px;\" src=\"https:\/\/huayuansh.com\/wp-content\/uploads\/2024\/08\/HY154r6.webp\" alt=\"\" srcset=\"https:\/\/huayuansh.com\/wp-content\/uploads\/2024\/08\/HY154r6.webp 310w, https:\/\/huayuansh.com\/wp-content\/uploads\/2024\/08\/HY154r6-300x97.webp 300w\" sizes=\"auto, (max-width: 150px) 100vw, 150px\" \/><\/td><td>HY154r6<\/td><td>Impinj MR6 \/ MR6-P<\/td><td>40 x 15<\/td><td>Ropa, Log\u00edstica<\/td><\/tr><tr><td><img loading=\"lazy\" decoding=\"async\" width=\"150\" height=\"48\" class=\"wp-image-3721\" style=\"width: 150px;\" src=\"https:\/\/huayuansh.com\/wp-content\/uploads\/2024\/08\/HY153u9.webp\" alt=\"\" srcset=\"https:\/\/huayuansh.com\/wp-content\/uploads\/2024\/08\/HY153u9.webp 310w, https:\/\/huayuansh.com\/wp-content\/uploads\/2024\/08\/HY153u9-300x97.webp 300w\" sizes=\"auto, (max-width: 150px) 100vw, 150px\" \/><\/td><td>HY153u9<\/td><td>NXP U9<\/td><td>30 x 15<\/td><td>Venta al por menor, Log\u00edstica<\/td><\/tr><tr><td><img loading=\"lazy\" decoding=\"async\" width=\"150\" height=\"48\" class=\"wp-image-3719\" style=\"width: 150px;\" src=\"https:\/\/huayuansh.com\/wp-content\/uploads\/2024\/08\/HY161m7.webp\" alt=\"\" srcset=\"https:\/\/huayuansh.com\/wp-content\/uploads\/2024\/08\/HY161m7.webp 310w, https:\/\/huayuansh.com\/wp-content\/uploads\/2024\/08\/HY161m7-300x97.webp 300w\" sizes=\"auto, (max-width: 150px) 100vw, 150px\" \/><img loading=\"lazy\" decoding=\"async\" width=\"50\" height=\"50\" class=\"wp-image-3730\" style=\"width: 50px;\" src=\"https:\/\/huayuansh.com\/wp-content\/uploads\/2024\/08\/Eco.webp\" alt=\"\" srcset=\"https:\/\/huayuansh.com\/wp-content\/uploads\/2024\/08\/Eco.webp 200w, https:\/\/huayuansh.com\/wp-content\/uploads\/2024\/08\/Eco-150x150.webp 150w\" sizes=\"auto, (max-width: 50px) 100vw, 50px\" \/><\/td><td>HY161m7<\/td><td>Impinj M730 \/ M750<\/td><td>42 x 16<\/td><td>Ropa, Log\u00edstica<\/td><\/tr><tr><td><img loading=\"lazy\" decoding=\"async\" width=\"150\" height=\"48\" class=\"wp-image-3718\" style=\"width: 150px;\" src=\"https:\/\/huayuansh.com\/wp-content\/uploads\/2024\/08\/HY162u9.webp\" alt=\"\" srcset=\"https:\/\/huayuansh.com\/wp-content\/uploads\/2024\/08\/HY162u9.webp 310w, https:\/\/huayuansh.com\/wp-content\/uploads\/2024\/08\/HY162u9-300x97.webp 300w\" sizes=\"auto, (max-width: 150px) 100vw, 150px\" \/><\/td><td>HY162u9<\/td><td>NXP U9<\/td><td>42 x 16<\/td><td>Ropa, Log\u00edstica<\/td><\/tr><tr><td><img loading=\"lazy\" decoding=\"async\" width=\"150\" height=\"48\" class=\"wp-image-3717\" style=\"width: 150px;\" src=\"https:\/\/huayuansh.com\/wp-content\/uploads\/2024\/08\/HY163m7.webp\" alt=\"\" srcset=\"https:\/\/huayuansh.com\/wp-content\/uploads\/2024\/08\/HY163m7.webp 310w, https:\/\/huayuansh.com\/wp-content\/uploads\/2024\/08\/HY163m7-300x97.webp 300w\" sizes=\"auto, (max-width: 150px) 100vw, 150px\" \/><\/td><td>HY163m7<\/td><td>Impinj M730 \/ M750<\/td><td>42 x 16<\/td><td>Ropa, Log\u00edstica<\/td><\/tr><tr><td><img loading=\"lazy\" decoding=\"async\" width=\"150\" height=\"48\" class=\"wp-image-3713\" style=\"width: 150px;\" src=\"https:\/\/huayuansh.com\/wp-content\/uploads\/2024\/08\/HY470m4.webp\" alt=\"\" srcset=\"https:\/\/huayuansh.com\/wp-content\/uploads\/2024\/08\/HY470m4.webp 310w, https:\/\/huayuansh.com\/wp-content\/uploads\/2024\/08\/HY470m4-300x97.webp 300w\" sizes=\"auto, (max-width: 150px) 100vw, 150px\" \/><\/td><td>HY470m4<\/td><td>Impinj M4E \/ M4QT<\/td><td>44 x 44<\/td><td>Log\u00edstica<\/td><\/tr><tr><td><img loading=\"lazy\" decoding=\"async\" width=\"150\" height=\"48\" class=\"wp-image-3724\" style=\"width: 150px;\" src=\"https:\/\/huayuansh.com\/wp-content\/uploads\/2024\/08\/HY-XCl3D.webp\" alt=\"\" srcset=\"https:\/\/huayuansh.com\/wp-content\/uploads\/2024\/08\/HY-XCl3D.webp 310w, https:\/\/huayuansh.com\/wp-content\/uploads\/2024\/08\/HY-XCl3D-300x97.webp 300w\" sizes=\"auto, (max-width: 150px) 100vw, 150px\" \/><\/td><td>HY XCl3D<\/td><td>Impinj M4E<\/td><td>73 x 41<\/td><td>On-Liquid, Cadena de suministro<\/td><\/tr><tr><td><img loading=\"lazy\" decoding=\"async\" width=\"150\" height=\"48\" class=\"wp-image-3725\" style=\"width: 150px;\" src=\"https:\/\/huayuansh.com\/wp-content\/uploads\/2024\/08\/HY-WebRN.webp\" alt=\"\" srcset=\"https:\/\/huayuansh.com\/wp-content\/uploads\/2024\/08\/HY-WebRN.webp 310w, https:\/\/huayuansh.com\/wp-content\/uploads\/2024\/08\/HY-WebRN-300x97.webp 300w\" sizes=\"auto, (max-width: 150px) 100vw, 150px\" \/><\/td><td>HY WebRN<\/td><td>EM4425<\/td><td>50 x 30<\/td><td>Comercio minorista, Cadena de suministro<\/td><\/tr><tr><td><img loading=\"lazy\" decoding=\"async\" width=\"150\" height=\"48\" class=\"wp-image-3712\" style=\"width: 150px;\" src=\"https:\/\/huayuansh.com\/wp-content\/uploads\/2024\/08\/HY-AccRN.webp\" alt=\"\" srcset=\"https:\/\/huayuansh.com\/wp-content\/uploads\/2024\/08\/HY-AccRN.webp 310w, https:\/\/huayuansh.com\/wp-content\/uploads\/2024\/08\/HY-AccRN-300x97.webp 300w\" sizes=\"auto, (max-width: 150px) 100vw, 150px\" \/><\/td><td>HY AccRN<\/td><td>Quanray Qstar-7U<\/td><td>20 x 30<\/td><td><\/td><\/tr><tr><td><img loading=\"lazy\" decoding=\"async\" width=\"150\" height=\"48\" class=\"wp-image-3727\" style=\"width: 150px;\" src=\"https:\/\/huayuansh.com\/wp-content\/uploads\/2024\/08\/HY-SCirRN.webp\" alt=\"\" srcset=\"https:\/\/huayuansh.com\/wp-content\/uploads\/2024\/08\/HY-SCirRN.webp 310w, https:\/\/huayuansh.com\/wp-content\/uploads\/2024\/08\/HY-SCirRN-300x97.webp 300w\" sizes=\"auto, (max-width: 150px) 100vw, 150px\" \/><\/td><td>HY SCirRN<\/td><td>EM4425<\/td><td>\u03c636<\/td><td>Venta al por menor<\/td><\/tr><tr><td><img loading=\"lazy\" decoding=\"async\" width=\"150\" height=\"48\" class=\"wp-image-3726\" style=\"width: 150px;\" src=\"https:\/\/huayuansh.com\/wp-content\/uploads\/2024\/08\/HY-WCirRN.webp\" alt=\"\" srcset=\"https:\/\/huayuansh.com\/wp-content\/uploads\/2024\/08\/HY-WCirRN.webp 310w, https:\/\/huayuansh.com\/wp-content\/uploads\/2024\/08\/HY-WCirRN-300x97.webp 300w\" sizes=\"auto, (max-width: 150px) 100vw, 150px\" \/><\/td><td>HY WCirRN<\/td><td>Quanray Qstar-7U<\/td><td>\u03c625<\/td><td><\/td><\/tr><\/tbody><\/table><\/figure>\n\n\n\n<h3 class=\"wp-block-heading\" id=\"h-get-in-touch\">Ponte en contacto<\/h3>\n\n\n\n<p>Experimente el futuro de la tecnolog\u00eda RFID con HUAYUAN. Tanto si necesita incrustaciones de alto rendimiento como soluciones de fabricaci\u00f3n sostenibles, somos su socio de confianza. Eleve su negocio, agilice sus operaciones y mant\u00e9ngase a la cabeza del panorama competitivo con nuestros innovadores productos RFID. Elija HUAYUAN, donde la precisi\u00f3n se une a la innovaci\u00f3n.<\/p>\n\n\n<style>.wp-block-kadence-advancedbtn.kb-btns989_2961fa-9b{gap:var(--global-kb-gap-xs, 0.5rem );justify-content:flex-start;align-items:center;}.kt-btns989_2961fa-9b .kt-button{font-weight:normal;font-style:normal;}.kt-btns989_2961fa-9b .kt-btn-wrap-0{margin-right:5px;}.wp-block-kadence-advancedbtn.kt-btns989_2961fa-9b .kt-btn-wrap-0 .kt-button{color:#555555;border-color:#555555;}.wp-block-kadence-advancedbtn.kt-btns989_2961fa-9b .kt-btn-wrap-0 .kt-button:hover, .wp-block-kadence-advancedbtn.kt-btns989_2961fa-9b .kt-btn-wrap-0 .kt-button:focus{color:#ffffff;border-color:#444444;}.wp-block-kadence-advancedbtn.kt-btns989_2961fa-9b .kt-btn-wrap-0 .kt-button::before{display:none;}.wp-block-kadence-advancedbtn.kt-btns989_2961fa-9b .kt-btn-wrap-0 .kt-button:hover, .wp-block-kadence-advancedbtn.kt-btns989_2961fa-9b .kt-btn-wrap-0 .kt-button:focus{background:#444444;}<\/style>\n<div class=\"wp-block-kadence-advancedbtn kb-buttons-wrap kb-btns989_2961fa-9b\"><style>ul.menu .wp-block-kadence-advancedbtn .kb-btn989_e2ea9d-65.kb-button{width:initial;}<\/style><a class=\"kb-button kt-button button kb-btn989_e2ea9d-65 kt-btn-size-standard kt-btn-width-type-auto kb-btn-global-inherit  kt-btn-has-text-true kt-btn-has-svg-false  wp-block-button__link wp-block-kadence-singlebtn\" href=\"https:\/\/huayuansh.com\/contact-us\/\"><span class=\"kt-btn-inner-text\">Contacte con nosotros<\/span><\/a><\/div>","protected":false},"excerpt":{"rendered":"<p>Nuestra cartera de tecnolog\u00eda RFID abarca una amplia gama de dise\u00f1os de incrustaciones y capacidades de producci\u00f3n, compatibles con las bandas de frecuencia UHF, HF, NFC y Dual. Estas soluciones se utilizan ampliamente en diversos sectores, como la confecci\u00f3n, la automatizaci\u00f3n, la industria farmac\u00e9utica, la sanidad, el transporte, la log\u00edstica y la fabricaci\u00f3n, entre otros. Nuestras incrustaciones, que se ofrecen en m\u00faltiples formatos de entrega, se recomiendan para innumerables aplicaciones que exigen...<\/p>","protected":false},"author":1,"featured_media":3710,"parent":2104,"menu_order":32,"comment_status":"closed","ping_status":"closed","template":"","meta":{"_kad_blocks_custom_css":"","_kad_blocks_head_custom_js":"","_kad_blocks_body_custom_js":"","_kad_blocks_footer_custom_js":"","_kadence_starter_templates_imported_post":false,"_kad_post_transparent":"","_kad_post_title":"","_kad_post_layout":"","_kad_post_sidebar_id":"","_kad_post_content_style":"","_kad_post_vertical_padding":"","_kad_post_feature":"","_kad_post_feature_position":"","_kad_post_header":false,"_kad_post_footer":false,"footnotes":""},"class_list":["post-989","page","type-page","status-publish","has-post-thumbnail","hentry"],"yoast_head":"<!-- This site is optimized with the Yoast SEO Premium plugin v23.0 (Yoast SEO v26.3) - https:\/\/yoast.com\/wordpress\/plugins\/seo\/ -->\n<title>RFID Inlays | HUAYUAN RFID Tag Manufacturer<\/title>\n<meta name=\"description\" content=\"Explore HUAYUAN&#039;s RFID inlays and tags, optimized for various industries with cutting-edge technology, precision manufacturing, and eco-friendly production processes.\" \/>\n<meta name=\"robots\" content=\"index, follow, max-snippet:-1, max-image-preview:large, max-video-preview:-1\" \/>\n<link rel=\"canonical\" href=\"https:\/\/huayuansh.com\/es\/productos\/inlays-rfid\/\" \/>\n<meta property=\"og:locale\" content=\"es_ES\" \/>\n<meta property=\"og:type\" content=\"article\" \/>\n<meta property=\"og:title\" content=\"RFID Inlays\" \/>\n<meta property=\"og:description\" content=\"Explore HUAYUAN&#039;s RFID inlays and tags, optimized for various industries with cutting-edge technology, precision manufacturing, and eco-friendly production processes.\" \/>\n<meta property=\"og:url\" content=\"https:\/\/huayuansh.com\/es\/productos\/inlays-rfid\/\" \/>\n<meta property=\"og:site_name\" content=\"HUAYUAN RFID Tag Manufacturer\" \/>\n<meta property=\"article:modified_time\" content=\"2024-10-31T09:47:37+00:00\" \/>\n<meta property=\"og:image\" content=\"https:\/\/huayuansh.com\/wp-content\/uploads\/2024\/08\/RFID-Inlays.webp\" \/>\n\t<meta property=\"og:image:width\" content=\"1920\" \/>\n\t<meta property=\"og:image:height\" content=\"1080\" \/>\n\t<meta property=\"og:image:type\" content=\"image\/webp\" \/>\n<meta name=\"twitter:card\" content=\"summary_large_image\" \/>\n<meta name=\"twitter:label1\" content=\"Tiempo de lectura\" \/>\n\t<meta name=\"twitter:data1\" content=\"6 minutos\" \/>\n<script type=\"application\/ld+json\" class=\"yoast-schema-graph\">{\"@context\":\"https:\/\/schema.org\",\"@graph\":[{\"@type\":\"WebPage\",\"@id\":\"https:\/\/huayuansh.com\/products\/rfid-inlays\/\",\"url\":\"https:\/\/huayuansh.com\/products\/rfid-inlays\/\",\"name\":\"RFID Inlays | HUAYUAN RFID Tag Manufacturer\",\"isPartOf\":{\"@id\":\"https:\/\/huayuansh.com\/#website\"},\"primaryImageOfPage\":{\"@id\":\"https:\/\/huayuansh.com\/products\/rfid-inlays\/#primaryimage\"},\"image\":{\"@id\":\"https:\/\/huayuansh.com\/products\/rfid-inlays\/#primaryimage\"},\"thumbnailUrl\":\"https:\/\/huayuansh.com\/wp-content\/uploads\/2024\/08\/RFID-Inlays.webp\",\"datePublished\":\"2024-08-21T10:25:27+00:00\",\"dateModified\":\"2024-10-31T09:47:37+00:00\",\"description\":\"Explore HUAYUAN's RFID inlays and tags, optimized for various industries with cutting-edge technology, precision manufacturing, and eco-friendly production processes.\",\"breadcrumb\":{\"@id\":\"https:\/\/huayuansh.com\/products\/rfid-inlays\/#breadcrumb\"},\"inLanguage\":\"es\",\"potentialAction\":[{\"@type\":\"ReadAction\",\"target\":[\"https:\/\/huayuansh.com\/products\/rfid-inlays\/\"]}]},{\"@type\":\"ImageObject\",\"inLanguage\":\"es\",\"@id\":\"https:\/\/huayuansh.com\/products\/rfid-inlays\/#primaryimage\",\"url\":\"https:\/\/huayuansh.com\/wp-content\/uploads\/2024\/08\/RFID-Inlays.webp\",\"contentUrl\":\"https:\/\/huayuansh.com\/wp-content\/uploads\/2024\/08\/RFID-Inlays.webp\",\"width\":1920,\"height\":1080},{\"@type\":\"BreadcrumbList\",\"@id\":\"https:\/\/huayuansh.com\/products\/rfid-inlays\/#breadcrumb\",\"itemListElement\":[{\"@type\":\"ListItem\",\"position\":1,\"name\":\"Home\",\"item\":\"https:\/\/huayuansh.com\/\"},{\"@type\":\"ListItem\",\"position\":2,\"name\":\"RFID Products\",\"item\":\"https:\/\/huayuansh.com\/products\/\"},{\"@type\":\"ListItem\",\"position\":3,\"name\":\"RFID Inlays\"}]},{\"@type\":\"WebSite\",\"@id\":\"https:\/\/huayuansh.com\/#website\",\"url\":\"https:\/\/huayuansh.com\/\",\"name\":\"HUAYUAN RFID Tag Manufacturer\",\"description\":\"HUAYUAN RFID Tag Manufacturer\",\"publisher\":{\"@id\":\"https:\/\/huayuansh.com\/#organization\"},\"potentialAction\":[{\"@type\":\"SearchAction\",\"target\":{\"@type\":\"EntryPoint\",\"urlTemplate\":\"https:\/\/huayuansh.com\/?s={search_term_string}\"},\"query-input\":{\"@type\":\"PropertyValueSpecification\",\"valueRequired\":true,\"valueName\":\"search_term_string\"}}],\"inLanguage\":\"es\"},{\"@type\":\"Organization\",\"@id\":\"https:\/\/huayuansh.com\/#organization\",\"name\":\"HUAYUAN RFID Tag Manufacturer\",\"url\":\"https:\/\/huayuansh.com\/\",\"logo\":{\"@type\":\"ImageObject\",\"inLanguage\":\"es\",\"@id\":\"https:\/\/huayuansh.com\/#\/schema\/logo\/image\/\",\"url\":\"https:\/\/huayuansh.com\/wp-content\/uploads\/2024\/09\/cropped-HUAYUAN.webp\",\"contentUrl\":\"https:\/\/huayuansh.com\/wp-content\/uploads\/2024\/09\/cropped-HUAYUAN.webp\",\"width\":895,\"height\":279,\"caption\":\"HUAYUAN RFID Tag Manufacturer\"},\"image\":{\"@id\":\"https:\/\/huayuansh.com\/#\/schema\/logo\/image\/\"}}]}<\/script>\n<!-- \/ Yoast SEO Premium plugin. -->","yoast_head_json":{"title":"Incrustaciones RFID | HUAYUAN Fabricante de etiquetas RFID","description":"Explore las incrustaciones y etiquetas RFID de HUAYUAN, optimizadas para diversos sectores con tecnolog\u00eda de vanguardia, fabricaci\u00f3n de precisi\u00f3n y procesos de producci\u00f3n respetuosos con el medio ambiente.","robots":{"index":"index","follow":"follow","max-snippet":"max-snippet:-1","max-image-preview":"max-image-preview:large","max-video-preview":"max-video-preview:-1"},"canonical":"https:\/\/huayuansh.com\/es\/productos\/inlays-rfid\/","og_locale":"es_ES","og_type":"article","og_title":"RFID Inlays","og_description":"Explore HUAYUAN's RFID inlays and tags, optimized for various industries with cutting-edge technology, precision manufacturing, and eco-friendly production processes.","og_url":"https:\/\/huayuansh.com\/es\/productos\/inlays-rfid\/","og_site_name":"HUAYUAN RFID Tag Manufacturer","article_modified_time":"2024-10-31T09:47:37+00:00","og_image":[{"width":1920,"height":1080,"url":"https:\/\/huayuansh.com\/wp-content\/uploads\/2024\/08\/RFID-Inlays.webp","type":"image\/webp"}],"twitter_card":"summary_large_image","twitter_misc":{"Tiempo de lectura":"6 minutos"},"schema":{"@context":"https:\/\/schema.org","@graph":[{"@type":"WebPage","@id":"https:\/\/huayuansh.com\/products\/rfid-inlays\/","url":"https:\/\/huayuansh.com\/products\/rfid-inlays\/","name":"Incrustaciones RFID | HUAYUAN Fabricante de etiquetas RFID","isPartOf":{"@id":"https:\/\/huayuansh.com\/#website"},"primaryImageOfPage":{"@id":"https:\/\/huayuansh.com\/products\/rfid-inlays\/#primaryimage"},"image":{"@id":"https:\/\/huayuansh.com\/products\/rfid-inlays\/#primaryimage"},"thumbnailUrl":"https:\/\/huayuansh.com\/wp-content\/uploads\/2024\/08\/RFID-Inlays.webp","datePublished":"2024-08-21T10:25:27+00:00","dateModified":"2024-10-31T09:47:37+00:00","description":"Explore las incrustaciones y etiquetas RFID de HUAYUAN, optimizadas para diversos sectores con tecnolog\u00eda de vanguardia, fabricaci\u00f3n de precisi\u00f3n y procesos de producci\u00f3n respetuosos con el medio ambiente.","breadcrumb":{"@id":"https:\/\/huayuansh.com\/products\/rfid-inlays\/#breadcrumb"},"inLanguage":"es","potentialAction":[{"@type":"ReadAction","target":["https:\/\/huayuansh.com\/products\/rfid-inlays\/"]}]},{"@type":"ImageObject","inLanguage":"es","@id":"https:\/\/huayuansh.com\/products\/rfid-inlays\/#primaryimage","url":"https:\/\/huayuansh.com\/wp-content\/uploads\/2024\/08\/RFID-Inlays.webp","contentUrl":"https:\/\/huayuansh.com\/wp-content\/uploads\/2024\/08\/RFID-Inlays.webp","width":1920,"height":1080},{"@type":"BreadcrumbList","@id":"https:\/\/huayuansh.com\/products\/rfid-inlays\/#breadcrumb","itemListElement":[{"@type":"ListItem","position":1,"name":"Home","item":"https:\/\/huayuansh.com\/"},{"@type":"ListItem","position":2,"name":"RFID Products","item":"https:\/\/huayuansh.com\/products\/"},{"@type":"ListItem","position":3,"name":"RFID Inlays"}]},{"@type":"WebSite","@id":"https:\/\/huayuansh.com\/#website","url":"https:\/\/huayuansh.com\/","name":"Fabricante de etiquetas RFID HUAYUAN","description":"Fabricante de etiquetas RFID HUAYUAN","publisher":{"@id":"https:\/\/huayuansh.com\/#organization"},"potentialAction":[{"@type":"SearchAction","target":{"@type":"EntryPoint","urlTemplate":"https:\/\/huayuansh.com\/?s={search_term_string}"},"query-input":{"@type":"PropertyValueSpecification","valueRequired":true,"valueName":"search_term_string"}}],"inLanguage":"es"},{"@type":"Organization","@id":"https:\/\/huayuansh.com\/#organization","name":"Fabricante de etiquetas RFID HUAYUAN","url":"https:\/\/huayuansh.com\/","logo":{"@type":"ImageObject","inLanguage":"es","@id":"https:\/\/huayuansh.com\/#\/schema\/logo\/image\/","url":"https:\/\/huayuansh.com\/wp-content\/uploads\/2024\/09\/cropped-HUAYUAN.webp","contentUrl":"https:\/\/huayuansh.com\/wp-content\/uploads\/2024\/09\/cropped-HUAYUAN.webp","width":895,"height":279,"caption":"HUAYUAN RFID Tag Manufacturer"},"image":{"@id":"https:\/\/huayuansh.com\/#\/schema\/logo\/image\/"}}]}},"taxonomy_info":[],"featured_image_src_large":["https:\/\/huayuansh.com\/wp-content\/uploads\/2024\/08\/RFID-Inlays-1024x576.webp",1024,576,true],"author_info":{"display_name":"HUAYUAN","author_link":"https:\/\/huayuansh.com\/es\/author\/shyec2024\/"},"comment_info":0,"_links":{"self":[{"href":"https:\/\/huayuansh.com\/es\/wp-json\/wp\/v2\/pages\/989","targetHints":{"allow":["GET"]}}],"collection":[{"href":"https:\/\/huayuansh.com\/es\/wp-json\/wp\/v2\/pages"}],"about":[{"href":"https:\/\/huayuansh.com\/es\/wp-json\/wp\/v2\/types\/page"}],"author":[{"embeddable":true,"href":"https:\/\/huayuansh.com\/es\/wp-json\/wp\/v2\/users\/1"}],"replies":[{"embeddable":true,"href":"https:\/\/huayuansh.com\/es\/wp-json\/wp\/v2\/comments?post=989"}],"version-history":[{"count":10,"href":"https:\/\/huayuansh.com\/es\/wp-json\/wp\/v2\/pages\/989\/revisions"}],"predecessor-version":[{"id":4076,"href":"https:\/\/huayuansh.com\/es\/wp-json\/wp\/v2\/pages\/989\/revisions\/4076"}],"up":[{"embeddable":true,"href":"https:\/\/huayuansh.com\/es\/wp-json\/wp\/v2\/pages\/2104"}],"wp:featuredmedia":[{"embeddable":true,"href":"https:\/\/huayuansh.com\/es\/wp-json\/wp\/v2\/media\/3710"}],"wp:attachment":[{"href":"https:\/\/huayuansh.com\/es\/wp-json\/wp\/v2\/media?parent=989"}],"curies":[{"name":"wp","href":"https:\/\/api.w.org\/{rel}","templated":true}]}}