{"id":991,"date":"2024-06-28T16:18:48","date_gmt":"2024-06-28T08:18:48","guid":{"rendered":"https:\/\/test.huayuansh.com\/?page_id=991"},"modified":"2025-12-23T10:39:12","modified_gmt":"2025-12-23T02:39:12","slug":"modulos-lectores-rfid","status":"publish","type":"page","link":"https:\/\/huayuansh.com\/es\/productos\/modulos-lectores-rfid\/","title":{"rendered":"Dispositivos lectores RFID"},"content":{"rendered":"<p>HUAYUAN ofrece una amplia gama de dispositivos lectores RFID UHF para satisfacer sus demandas de identificaci\u00f3n de sus art\u00edculos etiquetados. Nuestros lectores RFID est\u00e1n dise\u00f1ados para cumplir con los est\u00e1ndares de frecuencia global de hoy y est\u00e1n disponibles con diferentes caracter\u00edsticas, haci\u00e9ndolos f\u00e1cilmente compatibles con muchos. <a href=\"https:\/\/huayuansh.com\/products\/industrial-rfid-tags\/\">Etiquetas RFID<\/a>. Estos lectores se aplican ampliamente en la gesti\u00f3n de inventarios, la gesti\u00f3n log\u00edstica, el sistema de aparcamiento, la gesti\u00f3n autom\u00e1tica de la producci\u00f3n, el sistema de bibliotecas, etc.<\/p>\n\n\n\n<p>Disponemos de lectores RFID con las diferentes caracter\u00edsticas ideales para su <a href=\"https:\/\/huayuansh.com\/applications\/\">aplicaci\u00f3n diferente<\/a>. Un sistema RFID puede requerir lectores de sobremesa, lectores integrados e incluso dispositivos port\u00e1tiles con Bluetooth. Muchos sistemas tambi\u00e9n necesitan utilizar el mismo lector para identificar tanto etiquetas RFID como c\u00f3digos de barras.<\/p>\n\n\n\n<div class=\"wp-block-columns are-vertically-aligned-center is-layout-flex wp-container-core-columns-is-layout-9d6595d7 wp-block-columns-is-layout-flex\">\n<div class=\"wp-block-column is-vertically-aligned-center is-layout-flow wp-block-column-is-layout-flow\" style=\"flex-basis:60%\">\n<h2 class=\"wp-block-heading\" id=\"h-uhf-handheld-reader-data-terminal\"><a href=\"https:\/\/huayuansh.com\/products\/rfid-readers-modules\/uhf-handheld-reader-data-terminal\/\">Terminal de datos lector de mano UHF<\/a><\/h2>\n\n\n\n<p>El HUAYUAN ORCA-50 es un lector RFID port\u00e1til UHF de alto rendimiento que incorpora el chip Impinj Indy R2000. Su dise\u00f1o robusto y su protecci\u00f3n IP64 garantizan su durabilidad en entornos industriales. Funciona con Android 6.0 y admite numerosas operaciones de datos con una bater\u00eda de 6000 mAh intercambiable en caliente para un uso continuo. Ideal para gesti\u00f3n de inventarios y log\u00edstica, destaca en identificaci\u00f3n multietiqueta.<\/p>\n\n\n<style>.wp-block-kadence-advancedbtn.kb-btns991_267175-fe{gap:var(--global-kb-gap-xs, 0.5rem );justify-content:flex-end;align-items:center;}.kt-btns991_267175-fe .kt-button{font-weight:normal;font-style:normal;}.kt-btns991_267175-fe .kt-btn-wrap-0{margin-right:5px;}.wp-block-kadence-advancedbtn.kt-btns991_267175-fe .kt-btn-wrap-0 .kt-button{color:#555555;border-color:#555555;}.wp-block-kadence-advancedbtn.kt-btns991_267175-fe .kt-btn-wrap-0 .kt-button:hover, .wp-block-kadence-advancedbtn.kt-btns991_267175-fe .kt-btn-wrap-0 .kt-button:focus{color:#ffffff;border-color:#444444;}.wp-block-kadence-advancedbtn.kt-btns991_267175-fe .kt-btn-wrap-0 .kt-button::before{display:none;}.wp-block-kadence-advancedbtn.kt-btns991_267175-fe .kt-btn-wrap-0 .kt-button:hover, .wp-block-kadence-advancedbtn.kt-btns991_267175-fe .kt-btn-wrap-0 .kt-button:focus{background:#444444;}<\/style>\n<div class=\"wp-block-kadence-advancedbtn kb-buttons-wrap kb-btns991_267175-fe\"><style>ul.menu .wp-block-kadence-advancedbtn .kb-btn991_ee86ca-68.kb-button{width:initial;}<\/style><a class=\"kb-button kt-button button kb-btn991_ee86ca-68 kt-btn-size-small kt-btn-width-type-auto kb-btn-global-inherit  kt-btn-has-text-true kt-btn-has-svg-false  wp-block-button__link wp-block-kadence-singlebtn\" href=\"https:\/\/huayuansh.com\/products\/rfid-readers-modules\/uhf-handheld-reader-data-terminal\/\"><span class=\"kt-btn-inner-text\">SABER M\u00c1S<\/span><\/a><\/div>\n<\/div>\n\n\n\n<div class=\"wp-block-column is-vertically-aligned-center is-layout-flow wp-block-column-is-layout-flow\" style=\"flex-basis:40%\">\n<figure class=\"wp-block-image size-large\"><a href=\"https:\/\/huayuansh.com\/products\/rfid-readers-modules\/uhf-handheld-reader-data-terminal\/\"><img loading=\"lazy\" decoding=\"async\" width=\"1024\" height=\"576\" src=\"https:\/\/huayuansh.com\/wp-content\/uploads\/2024\/08\/UHF-Handheld-Reader-Data-Terminal-1024x576.webp\" alt=\"Terminal de datos lector de mano UHF\" class=\"wp-image-3548\" srcset=\"https:\/\/huayuansh.com\/wp-content\/uploads\/2024\/08\/UHF-Handheld-Reader-Data-Terminal-1024x576.webp 1024w, https:\/\/huayuansh.com\/wp-content\/uploads\/2024\/08\/UHF-Handheld-Reader-Data-Terminal-300x169.webp 300w, https:\/\/huayuansh.com\/wp-content\/uploads\/2024\/08\/UHF-Handheld-Reader-Data-Terminal-768x432.webp 768w, https:\/\/huayuansh.com\/wp-content\/uploads\/2024\/08\/UHF-Handheld-Reader-Data-Terminal-1536x864.webp 1536w, https:\/\/huayuansh.com\/wp-content\/uploads\/2024\/08\/UHF-Handheld-Reader-Data-Terminal.webp 1920w\" sizes=\"auto, (max-width: 1024px) 100vw, 1024px\" \/><\/a><\/figure>\n<\/div>\n<\/div>\n\n\n\n<div class=\"wp-block-columns are-vertically-aligned-center is-layout-flex wp-container-core-columns-is-layout-9d6595d7 wp-block-columns-is-layout-flex\">\n<div class=\"wp-block-column is-vertically-aligned-center is-layout-flow wp-block-column-is-layout-flow\" style=\"flex-basis:60%\">\n<h2 class=\"wp-block-heading\" id=\"h-uhf-rfid-fixed-reader\"><a href=\"https:\/\/huayuansh.com\/products\/rfid-readers-modules\/uhf-rfid-fixed-reader\/\">Lector fijo UHF RFID<\/a><\/h2>\n\n\n\n<p>El lector fijo RFID UHF de HUAYUAN est\u00e1 dise\u00f1ado para ofrecer un rendimiento fiable y robusto en entornos industriales. Con funciones avanzadas de lectura de varias etiquetas, es compatible con varios protocolos y ofrece opciones de configuraci\u00f3n flexibles. El lector es id\u00f3neo para aplicaciones como la gesti\u00f3n de almacenes, la supervisi\u00f3n de l\u00edneas de producci\u00f3n y el seguimiento de activos, garantizando una captura de datos eficaz y precisa.<\/p>\n\n\n<style>.wp-block-kadence-advancedbtn.kb-btns991_7ec2d4-30{gap:var(--global-kb-gap-xs, 0.5rem );justify-content:flex-end;align-items:center;}.kt-btns991_7ec2d4-30 .kt-button{font-weight:normal;font-style:normal;}.kt-btns991_7ec2d4-30 .kt-btn-wrap-0{margin-right:5px;}.wp-block-kadence-advancedbtn.kt-btns991_7ec2d4-30 .kt-btn-wrap-0 .kt-button{color:#555555;border-color:#555555;}.wp-block-kadence-advancedbtn.kt-btns991_7ec2d4-30 .kt-btn-wrap-0 .kt-button:hover, .wp-block-kadence-advancedbtn.kt-btns991_7ec2d4-30 .kt-btn-wrap-0 .kt-button:focus{color:#ffffff;border-color:#444444;}.wp-block-kadence-advancedbtn.kt-btns991_7ec2d4-30 .kt-btn-wrap-0 .kt-button::before{display:none;}.wp-block-kadence-advancedbtn.kt-btns991_7ec2d4-30 .kt-btn-wrap-0 .kt-button:hover, .wp-block-kadence-advancedbtn.kt-btns991_7ec2d4-30 .kt-btn-wrap-0 .kt-button:focus{background:#444444;}<\/style>\n<div class=\"wp-block-kadence-advancedbtn kb-buttons-wrap kb-btns991_7ec2d4-30\"><style>ul.menu .wp-block-kadence-advancedbtn .kb-btn991_3e2851-5f.kb-button{width:initial;}<\/style><a class=\"kb-button kt-button button kb-btn991_3e2851-5f kt-btn-size-small kt-btn-width-type-auto kb-btn-global-inherit  kt-btn-has-text-true kt-btn-has-svg-false  wp-block-button__link wp-block-kadence-singlebtn\" href=\"https:\/\/huayuansh.com\/products\/rfid-readers-modules\/uhf-rfid-fixed-reader\/\"><span class=\"kt-btn-inner-text\">SABER M\u00c1S<\/span><\/a><\/div>\n<\/div>\n\n\n\n<div class=\"wp-block-column is-vertically-aligned-center is-layout-flow wp-block-column-is-layout-flow\" style=\"flex-basis:40%\">\n<figure class=\"wp-block-image size-large\"><a href=\"https:\/\/huayuansh.com\/products\/rfid-readers-modules\/uhf-rfid-fixed-reader\/\"><img loading=\"lazy\" decoding=\"async\" width=\"1024\" height=\"576\" src=\"https:\/\/huayuansh.com\/wp-content\/uploads\/2024\/08\/HUAYUAN-UHF-RFID-Fixed-Readers-1024x576.webp\" alt=\"Lectores fijos RFID UHF HUAYUAN\" class=\"wp-image-3566\" srcset=\"https:\/\/huayuansh.com\/wp-content\/uploads\/2024\/08\/HUAYUAN-UHF-RFID-Fixed-Readers-1024x576.webp 1024w, https:\/\/huayuansh.com\/wp-content\/uploads\/2024\/08\/HUAYUAN-UHF-RFID-Fixed-Readers-300x169.webp 300w, https:\/\/huayuansh.com\/wp-content\/uploads\/2024\/08\/HUAYUAN-UHF-RFID-Fixed-Readers-768x432.webp 768w, https:\/\/huayuansh.com\/wp-content\/uploads\/2024\/08\/HUAYUAN-UHF-RFID-Fixed-Readers-1536x864.webp 1536w, https:\/\/huayuansh.com\/wp-content\/uploads\/2024\/08\/HUAYUAN-UHF-RFID-Fixed-Readers.webp 1920w\" sizes=\"auto, (max-width: 1024px) 100vw, 1024px\" \/><\/a><\/figure>\n<\/div>\n<\/div>\n\n\n\n<div class=\"wp-block-columns are-vertically-aligned-center is-layout-flex wp-container-core-columns-is-layout-9d6595d7 wp-block-columns-is-layout-flex\">\n<div class=\"wp-block-column is-vertically-aligned-center is-layout-flow wp-block-column-is-layout-flow\" style=\"flex-basis:60%\">\n<h2 class=\"wp-block-heading\" id=\"h-rain-rfid-reader-antenna\"><a href=\"https:\/\/huayuansh.com\/products\/rfid-readers-modules\/rain-rfid-reader-antenna\/\">RAIN Antena de lectura RFID<\/a><\/h2>\n\n\n\n<p>La antena lectora RFID HUAYUAN RAIN ofrece alta ganancia y baja relaci\u00f3n de onda estacionaria para un rendimiento superior en entornos dif\u00edciles. Disponible en opciones de polarizaci\u00f3n circular y lineal, admite aplicaciones de largo alcance de hasta 20 metros. Su construcci\u00f3n con clasificaci\u00f3n IP66 la hace adecuada para condiciones duras, ideal para inventario, log\u00edstica, seguimiento de veh\u00edculos y gesti\u00f3n inteligente del tr\u00e1fico.<\/p>\n\n\n<style>.wp-block-kadence-advancedbtn.kb-btns991_c863e7-33{gap:var(--global-kb-gap-xs, 0.5rem );justify-content:flex-end;align-items:center;}.kt-btns991_c863e7-33 .kt-button{font-weight:normal;font-style:normal;}.kt-btns991_c863e7-33 .kt-btn-wrap-0{margin-right:5px;}.wp-block-kadence-advancedbtn.kt-btns991_c863e7-33 .kt-btn-wrap-0 .kt-button{color:#555555;border-color:#555555;}.wp-block-kadence-advancedbtn.kt-btns991_c863e7-33 .kt-btn-wrap-0 .kt-button:hover, .wp-block-kadence-advancedbtn.kt-btns991_c863e7-33 .kt-btn-wrap-0 .kt-button:focus{color:#ffffff;border-color:#444444;}.wp-block-kadence-advancedbtn.kt-btns991_c863e7-33 .kt-btn-wrap-0 .kt-button::before{display:none;}.wp-block-kadence-advancedbtn.kt-btns991_c863e7-33 .kt-btn-wrap-0 .kt-button:hover, .wp-block-kadence-advancedbtn.kt-btns991_c863e7-33 .kt-btn-wrap-0 .kt-button:focus{background:#444444;}<\/style>\n<div class=\"wp-block-kadence-advancedbtn kb-buttons-wrap kb-btns991_c863e7-33\"><style>ul.menu .wp-block-kadence-advancedbtn .kb-btn991_7418f3-e9.kb-button{width:initial;}<\/style><a class=\"kb-button kt-button button kb-btn991_7418f3-e9 kt-btn-size-small kt-btn-width-type-auto kb-btn-global-inherit  kt-btn-has-text-true kt-btn-has-svg-false  wp-block-button__link wp-block-kadence-singlebtn\" href=\"https:\/\/huayuansh.com\/products\/rfid-readers-modules\/rain-rfid-reader-antenna\/\"><span class=\"kt-btn-inner-text\">SABER M\u00c1S<\/span><\/a><\/div>\n<\/div>\n\n\n\n<div class=\"wp-block-column is-vertically-aligned-center is-layout-flow wp-block-column-is-layout-flow\" style=\"flex-basis:40%\">\n<figure class=\"wp-block-image size-large\"><a href=\"https:\/\/huayuansh.com\/products\/rfid-readers-modules\/rain-rfid-reader-antenna\/\"><img loading=\"lazy\" decoding=\"async\" width=\"1024\" height=\"576\" src=\"https:\/\/huayuansh.com\/wp-content\/uploads\/2024\/08\/RFID-Reader-Antenna-1024x576.webp\" alt=\"Antena de lectura RFID\" class=\"wp-image-3568\" srcset=\"https:\/\/huayuansh.com\/wp-content\/uploads\/2024\/08\/RFID-Reader-Antenna-1024x576.webp 1024w, https:\/\/huayuansh.com\/wp-content\/uploads\/2024\/08\/RFID-Reader-Antenna-300x169.webp 300w, https:\/\/huayuansh.com\/wp-content\/uploads\/2024\/08\/RFID-Reader-Antenna-768x432.webp 768w, https:\/\/huayuansh.com\/wp-content\/uploads\/2024\/08\/RFID-Reader-Antenna-1536x864.webp 1536w, https:\/\/huayuansh.com\/wp-content\/uploads\/2024\/08\/RFID-Reader-Antenna.webp 1920w\" sizes=\"auto, (max-width: 1024px) 100vw, 1024px\" \/><\/a><\/figure>\n<\/div>\n<\/div>\n\n\n\n<h3 class=\"wp-block-heading\" id=\"h-get-in-touch\">Ponte en contacto<\/h3>\n\n\n\n<p>Estos dispositivos lectores de RFID de HUAYUAN satisfacen la mayor\u00eda de las necesidades del sector, garantizando un rendimiento fiable y un procesamiento eficaz de los datos en diversos entornos operativos.<\/p>\n\n\n<style>.wp-block-kadence-advancedbtn.kb-btns991_e6a928-b5{gap:var(--global-kb-gap-xs, 0.5rem );justify-content:flex-start;align-items:center;}.kt-btns991_e6a928-b5 .kt-button{font-weight:normal;font-style:normal;}.kt-btns991_e6a928-b5 .kt-btn-wrap-0{margin-right:5px;}.wp-block-kadence-advancedbtn.kt-btns991_e6a928-b5 .kt-btn-wrap-0 .kt-button{color:#555555;border-color:#555555;}.wp-block-kadence-advancedbtn.kt-btns991_e6a928-b5 .kt-btn-wrap-0 .kt-button:hover, .wp-block-kadence-advancedbtn.kt-btns991_e6a928-b5 .kt-btn-wrap-0 .kt-button:focus{color:#ffffff;border-color:#444444;}.wp-block-kadence-advancedbtn.kt-btns991_e6a928-b5 .kt-btn-wrap-0 .kt-button::before{display:none;}.wp-block-kadence-advancedbtn.kt-btns991_e6a928-b5 .kt-btn-wrap-0 .kt-button:hover, .wp-block-kadence-advancedbtn.kt-btns991_e6a928-b5 .kt-btn-wrap-0 .kt-button:focus{background:#444444;}<\/style>\n<div class=\"wp-block-kadence-advancedbtn kb-buttons-wrap kb-btns991_e6a928-b5\"><style>ul.menu .wp-block-kadence-advancedbtn .kb-btn991_71dddd-30.kb-button{width:initial;}<\/style><a class=\"kb-button kt-button button kb-btn991_71dddd-30 kt-btn-size-standard kt-btn-width-type-auto kb-btn-global-inherit  kt-btn-has-text-true kt-btn-has-svg-false  wp-block-button__link wp-block-kadence-singlebtn\" href=\"https:\/\/huayuansh.com\/contact-us\/\"><span class=\"kt-btn-inner-text\">P\u00f3ngase en contacto con nosotros<\/span><\/a><\/div>","protected":false},"excerpt":{"rendered":"<p>HUAYUAN ofrece una amplia gama de dispositivos lectores RFID UHF para satisfacer sus demandas de identificaci\u00f3n de sus art\u00edculos etiquetados. Nuestros lectores RFID est\u00e1n dise\u00f1ados para cumplir con los est\u00e1ndares de frecuencia globales de hoy en d\u00eda y est\u00e1n disponibles con diferentes caracter\u00edsticas, haci\u00e9ndolos f\u00e1cilmente compatibles con muchas etiquetas RFID. Estos lectores se aplican ampliamente en la gesti\u00f3n de inventarios,...<\/p>","protected":false},"author":1,"featured_media":4298,"parent":2104,"menu_order":36,"comment_status":"closed","ping_status":"closed","template":"","meta":{"_kad_blocks_custom_css":"","_kad_blocks_head_custom_js":"","_kad_blocks_body_custom_js":"","_kad_blocks_footer_custom_js":"","_kadence_starter_templates_imported_post":false,"_kad_post_transparent":"","_kad_post_title":"","_kad_post_layout":"","_kad_post_sidebar_id":"","_kad_post_content_style":"","_kad_post_vertical_padding":"","_kad_post_feature":"","_kad_post_feature_position":"","_kad_post_header":false,"_kad_post_footer":false,"footnotes":""},"class_list":["post-991","page","type-page","status-publish","has-post-thumbnail","hentry"],"yoast_head":"<!-- This site is optimized with the Yoast SEO Premium plugin v23.0 (Yoast SEO v26.3) - https:\/\/yoast.com\/wordpress\/plugins\/seo\/ -->\n<title>RFID Reader Devices | HUAYUAN RFID Tag Manufacturer<\/title>\n<meta name=\"robots\" content=\"index, follow, max-snippet:-1, max-image-preview:large, max-video-preview:-1\" \/>\n<link rel=\"canonical\" href=\"https:\/\/huayuansh.com\/es\/productos\/modulos-lectores-rfid\/\" \/>\n<meta property=\"og:locale\" content=\"es_ES\" \/>\n<meta property=\"og:type\" content=\"article\" \/>\n<meta property=\"og:title\" content=\"RFID Reader Devices\" \/>\n<meta property=\"og:description\" content=\"HUAYUAN offers an extensive range of UHF RFID reader device to meet your demands to identify your tagged items. Our RFID readers are designed to comply with today\u2019s global frequency standards and are available with different features, making them easily compatible with many RFID tags. These readers are widely applied in inventory management, logistic management,...\" \/>\n<meta property=\"og:url\" content=\"https:\/\/huayuansh.com\/es\/productos\/modulos-lectores-rfid\/\" \/>\n<meta property=\"og:site_name\" content=\"HUAYUAN RFID Tag Manufacturer\" \/>\n<meta property=\"article:modified_time\" content=\"2025-12-23T02:39:12+00:00\" \/>\n<meta property=\"og:image\" content=\"https:\/\/huayuansh.com\/wp-content\/uploads\/2025\/12\/HUAYUAN-RFID-Reader-Devices.webp\" \/>\n\t<meta property=\"og:image:width\" content=\"1920\" \/>\n\t<meta property=\"og:image:height\" content=\"1080\" \/>\n\t<meta property=\"og:image:type\" content=\"image\/webp\" \/>\n<meta name=\"twitter:card\" content=\"summary_large_image\" \/>\n<meta name=\"twitter:label1\" content=\"Tiempo de lectura\" \/>\n\t<meta name=\"twitter:data1\" content=\"3 minutos\" \/>\n<script type=\"application\/ld+json\" class=\"yoast-schema-graph\">{\"@context\":\"https:\/\/schema.org\",\"@graph\":[{\"@type\":\"WebPage\",\"@id\":\"https:\/\/huayuansh.com\/products\/rfid-readers-modules\/\",\"url\":\"https:\/\/huayuansh.com\/products\/rfid-readers-modules\/\",\"name\":\"RFID Reader Devices | HUAYUAN RFID Tag Manufacturer\",\"isPartOf\":{\"@id\":\"https:\/\/huayuansh.com\/#website\"},\"primaryImageOfPage\":{\"@id\":\"https:\/\/huayuansh.com\/products\/rfid-readers-modules\/#primaryimage\"},\"image\":{\"@id\":\"https:\/\/huayuansh.com\/products\/rfid-readers-modules\/#primaryimage\"},\"thumbnailUrl\":\"https:\/\/huayuansh.com\/wp-content\/uploads\/2025\/12\/HUAYUAN-RFID-Reader-Devices.webp\",\"datePublished\":\"2024-06-28T08:18:48+00:00\",\"dateModified\":\"2025-12-23T02:39:12+00:00\",\"breadcrumb\":{\"@id\":\"https:\/\/huayuansh.com\/products\/rfid-readers-modules\/#breadcrumb\"},\"inLanguage\":\"es\",\"potentialAction\":[{\"@type\":\"ReadAction\",\"target\":[\"https:\/\/huayuansh.com\/products\/rfid-readers-modules\/\"]}]},{\"@type\":\"ImageObject\",\"inLanguage\":\"es\",\"@id\":\"https:\/\/huayuansh.com\/products\/rfid-readers-modules\/#primaryimage\",\"url\":\"https:\/\/huayuansh.com\/wp-content\/uploads\/2025\/12\/HUAYUAN-RFID-Reader-Devices.webp\",\"contentUrl\":\"https:\/\/huayuansh.com\/wp-content\/uploads\/2025\/12\/HUAYUAN-RFID-Reader-Devices.webp\",\"width\":1920,\"height\":1080,\"caption\":\"HUAYUAN RFID Reader Devices\"},{\"@type\":\"BreadcrumbList\",\"@id\":\"https:\/\/huayuansh.com\/products\/rfid-readers-modules\/#breadcrumb\",\"itemListElement\":[{\"@type\":\"ListItem\",\"position\":1,\"name\":\"Home\",\"item\":\"https:\/\/huayuansh.com\/\"},{\"@type\":\"ListItem\",\"position\":2,\"name\":\"RFID Products\",\"item\":\"https:\/\/huayuansh.com\/products\/\"},{\"@type\":\"ListItem\",\"position\":3,\"name\":\"RFID Reader Devices\"}]},{\"@type\":\"WebSite\",\"@id\":\"https:\/\/huayuansh.com\/#website\",\"url\":\"https:\/\/huayuansh.com\/\",\"name\":\"HUAYUAN RFID Tag Manufacturer\",\"description\":\"HUAYUAN RFID Tag Manufacturer\",\"publisher\":{\"@id\":\"https:\/\/huayuansh.com\/#organization\"},\"potentialAction\":[{\"@type\":\"SearchAction\",\"target\":{\"@type\":\"EntryPoint\",\"urlTemplate\":\"https:\/\/huayuansh.com\/?s={search_term_string}\"},\"query-input\":{\"@type\":\"PropertyValueSpecification\",\"valueRequired\":true,\"valueName\":\"search_term_string\"}}],\"inLanguage\":\"es\"},{\"@type\":\"Organization\",\"@id\":\"https:\/\/huayuansh.com\/#organization\",\"name\":\"HUAYUAN RFID Tag Manufacturer\",\"url\":\"https:\/\/huayuansh.com\/\",\"logo\":{\"@type\":\"ImageObject\",\"inLanguage\":\"es\",\"@id\":\"https:\/\/huayuansh.com\/#\/schema\/logo\/image\/\",\"url\":\"https:\/\/huayuansh.com\/wp-content\/uploads\/2024\/09\/cropped-HUAYUAN.webp\",\"contentUrl\":\"https:\/\/huayuansh.com\/wp-content\/uploads\/2024\/09\/cropped-HUAYUAN.webp\",\"width\":895,\"height\":279,\"caption\":\"HUAYUAN RFID Tag Manufacturer\"},\"image\":{\"@id\":\"https:\/\/huayuansh.com\/#\/schema\/logo\/image\/\"}}]}<\/script>\n<!-- \/ Yoast SEO Premium plugin. -->","yoast_head_json":{"title":"Dispositivos lectores RFID | HUAYUAN Fabricante de etiquetas RFID","robots":{"index":"index","follow":"follow","max-snippet":"max-snippet:-1","max-image-preview":"max-image-preview:large","max-video-preview":"max-video-preview:-1"},"canonical":"https:\/\/huayuansh.com\/es\/productos\/modulos-lectores-rfid\/","og_locale":"es_ES","og_type":"article","og_title":"RFID Reader Devices","og_description":"HUAYUAN offers an extensive range of UHF RFID reader device to meet your demands to identify your tagged items. Our RFID readers are designed to comply with today\u2019s global frequency standards and are available with different features, making them easily compatible with many RFID tags. These readers are widely applied in inventory management, logistic management,...","og_url":"https:\/\/huayuansh.com\/es\/productos\/modulos-lectores-rfid\/","og_site_name":"HUAYUAN RFID Tag Manufacturer","article_modified_time":"2025-12-23T02:39:12+00:00","og_image":[{"width":1920,"height":1080,"url":"https:\/\/huayuansh.com\/wp-content\/uploads\/2025\/12\/HUAYUAN-RFID-Reader-Devices.webp","type":"image\/webp"}],"twitter_card":"summary_large_image","twitter_misc":{"Tiempo de lectura":"3 minutos"},"schema":{"@context":"https:\/\/schema.org","@graph":[{"@type":"WebPage","@id":"https:\/\/huayuansh.com\/products\/rfid-readers-modules\/","url":"https:\/\/huayuansh.com\/products\/rfid-readers-modules\/","name":"Dispositivos lectores RFID | HUAYUAN Fabricante de etiquetas RFID","isPartOf":{"@id":"https:\/\/huayuansh.com\/#website"},"primaryImageOfPage":{"@id":"https:\/\/huayuansh.com\/products\/rfid-readers-modules\/#primaryimage"},"image":{"@id":"https:\/\/huayuansh.com\/products\/rfid-readers-modules\/#primaryimage"},"thumbnailUrl":"https:\/\/huayuansh.com\/wp-content\/uploads\/2025\/12\/HUAYUAN-RFID-Reader-Devices.webp","datePublished":"2024-06-28T08:18:48+00:00","dateModified":"2025-12-23T02:39:12+00:00","breadcrumb":{"@id":"https:\/\/huayuansh.com\/products\/rfid-readers-modules\/#breadcrumb"},"inLanguage":"es","potentialAction":[{"@type":"ReadAction","target":["https:\/\/huayuansh.com\/products\/rfid-readers-modules\/"]}]},{"@type":"ImageObject","inLanguage":"es","@id":"https:\/\/huayuansh.com\/products\/rfid-readers-modules\/#primaryimage","url":"https:\/\/huayuansh.com\/wp-content\/uploads\/2025\/12\/HUAYUAN-RFID-Reader-Devices.webp","contentUrl":"https:\/\/huayuansh.com\/wp-content\/uploads\/2025\/12\/HUAYUAN-RFID-Reader-Devices.webp","width":1920,"height":1080,"caption":"HUAYUAN RFID Reader Devices"},{"@type":"BreadcrumbList","@id":"https:\/\/huayuansh.com\/products\/rfid-readers-modules\/#breadcrumb","itemListElement":[{"@type":"ListItem","position":1,"name":"Home","item":"https:\/\/huayuansh.com\/"},{"@type":"ListItem","position":2,"name":"RFID Products","item":"https:\/\/huayuansh.com\/products\/"},{"@type":"ListItem","position":3,"name":"RFID Reader Devices"}]},{"@type":"WebSite","@id":"https:\/\/huayuansh.com\/#website","url":"https:\/\/huayuansh.com\/","name":"Fabricante de etiquetas RFID HUAYUAN","description":"Fabricante de etiquetas RFID HUAYUAN","publisher":{"@id":"https:\/\/huayuansh.com\/#organization"},"potentialAction":[{"@type":"SearchAction","target":{"@type":"EntryPoint","urlTemplate":"https:\/\/huayuansh.com\/?s={search_term_string}"},"query-input":{"@type":"PropertyValueSpecification","valueRequired":true,"valueName":"search_term_string"}}],"inLanguage":"es"},{"@type":"Organization","@id":"https:\/\/huayuansh.com\/#organization","name":"Fabricante de etiquetas RFID HUAYUAN","url":"https:\/\/huayuansh.com\/","logo":{"@type":"ImageObject","inLanguage":"es","@id":"https:\/\/huayuansh.com\/#\/schema\/logo\/image\/","url":"https:\/\/huayuansh.com\/wp-content\/uploads\/2024\/09\/cropped-HUAYUAN.webp","contentUrl":"https:\/\/huayuansh.com\/wp-content\/uploads\/2024\/09\/cropped-HUAYUAN.webp","width":895,"height":279,"caption":"HUAYUAN RFID Tag Manufacturer"},"image":{"@id":"https:\/\/huayuansh.com\/#\/schema\/logo\/image\/"}}]}},"taxonomy_info":[],"featured_image_src_large":["https:\/\/huayuansh.com\/wp-content\/uploads\/2025\/12\/HUAYUAN-RFID-Reader-Devices-1024x576.webp",1024,576,true],"author_info":{"display_name":"HUAYUAN","author_link":"https:\/\/huayuansh.com\/es\/author\/shyec2024\/"},"comment_info":0,"_links":{"self":[{"href":"https:\/\/huayuansh.com\/es\/wp-json\/wp\/v2\/pages\/991","targetHints":{"allow":["GET"]}}],"collection":[{"href":"https:\/\/huayuansh.com\/es\/wp-json\/wp\/v2\/pages"}],"about":[{"href":"https:\/\/huayuansh.com\/es\/wp-json\/wp\/v2\/types\/page"}],"author":[{"embeddable":true,"href":"https:\/\/huayuansh.com\/es\/wp-json\/wp\/v2\/users\/1"}],"replies":[{"embeddable":true,"href":"https:\/\/huayuansh.com\/es\/wp-json\/wp\/v2\/comments?post=991"}],"version-history":[{"count":5,"href":"https:\/\/huayuansh.com\/es\/wp-json\/wp\/v2\/pages\/991\/revisions"}],"predecessor-version":[{"id":4297,"href":"https:\/\/huayuansh.com\/es\/wp-json\/wp\/v2\/pages\/991\/revisions\/4297"}],"up":[{"embeddable":true,"href":"https:\/\/huayuansh.com\/es\/wp-json\/wp\/v2\/pages\/2104"}],"wp:featuredmedia":[{"embeddable":true,"href":"https:\/\/huayuansh.com\/es\/wp-json\/wp\/v2\/media\/4298"}],"wp:attachment":[{"href":"https:\/\/huayuansh.com\/es\/wp-json\/wp\/v2\/media?parent=991"}],"curies":[{"name":"wp","href":"https:\/\/api.w.org\/{rel}","templated":true}]}}