{"id":993,"date":"2024-08-22T18:22:28","date_gmt":"2024-08-22T10:22:28","guid":{"rendered":"https:\/\/test.huayuansh.com\/?page_id=993"},"modified":"2024-08-22T18:36:40","modified_gmt":"2024-08-22T10:36:40","slug":"etiquetas-rfid-ecologicas-sostenibles","status":"publish","type":"page","link":"https:\/\/huayuansh.com\/es\/productos\/etiquetas-rfid-ecologicas-sostenibles\/","title":{"rendered":"Etiquetas ecol\u00f3gicas RFID sostenibles"},"content":{"rendered":"<p>Las etiquetas RFID tradicionales suelen estar compuestas por antenas de aluminio (AL) grabadas sobre sustratos de PET, la mayor\u00eda de los cuales son de un solo uso y contribuyen a la contaminaci\u00f3n ambiental. El PET, un tipo de pl\u00e1stico, tarda cientos de a\u00f1os en degradarse de forma natural, lo que supone una importante amenaza para el medio ambiente. Solo en 2019, el uso mundial de etiquetas RFID alcanz\u00f3 aproximadamente 15 mil millones de unidades, lo que provoc\u00f3 un da\u00f1o ambiental considerable. A medida que aumenta la conciencia p\u00fablica sobre la sostenibilidad y los gobiernos aplican regulaciones ambientales m\u00e1s estrictas, la demanda de etiquetas RFID ecol\u00f3gicas ha aumentado entre las marcas que buscan reducir su huella de pl\u00e1stico.<\/p>\n\n\n\n<h2 class=\"wp-block-heading\" id=\"h-huayuan-s-breakthrough-in-eco-friendly-rfid-tags\">Gran avance de HUAYUAN en etiquetas RFID ecol\u00f3gicas<\/h2>\n\n\n\n<div class=\"wp-block-columns are-vertically-aligned-center is-layout-flex wp-container-core-columns-is-layout-9d6595d7 wp-block-columns-is-layout-flex\">\n<div class=\"wp-block-column is-vertically-aligned-center is-layout-flow wp-block-column-is-layout-flow\" style=\"flex-basis:60%\">\n<p>En respuesta a esta creciente demanda, HUAYUAN ha desarrollado un innovador <strong>Etiqueta RFID ecol\u00f3gica<\/strong> para aplicaciones minoristas e industriales. Esta nueva generaci\u00f3n de etiquetas RFID elimina la necesidad de componentes de pl\u00e1stico y materiales nocivos, lo que la convierte en una alternativa verdaderamente sostenible. La incrustaci\u00f3n RFID sin pl\u00e1stico presenta un dise\u00f1o sin disolventes ni efluentes, y no emite compuestos org\u00e1nicos vol\u00e1tiles (COV) durante su producci\u00f3n. La antena se moldea con precisi\u00f3n mediante t\u00e9cnicas de troquelado, garantizando curvas y bordes suaves, lo que mejora la seguridad y reduce el impacto ambiental. HUAYUAN cree que esta tecnolog\u00eda establecer\u00e1 un nuevo est\u00e1ndar para la industria de la RFID en los pr\u00f3ximos a\u00f1os.<\/p>\n<\/div>\n\n\n\n<div class=\"wp-block-column is-vertically-aligned-center is-layout-flow wp-block-column-is-layout-flow\" style=\"flex-basis:40%\">\n<figure class=\"wp-block-image size-large\"><img loading=\"lazy\" decoding=\"async\" width=\"1024\" height=\"683\" src=\"https:\/\/huayuansh.com\/wp-content\/uploads\/2024\/08\/HY301m7-Eco-RFID-Tag-1024x683.webp\" alt=\"\" class=\"wp-image-3733\" srcset=\"https:\/\/huayuansh.com\/wp-content\/uploads\/2024\/08\/HY301m7-Eco-RFID-Tag-1024x683.webp 1024w, https:\/\/huayuansh.com\/wp-content\/uploads\/2024\/08\/HY301m7-Eco-RFID-Tag-300x200.webp 300w, https:\/\/huayuansh.com\/wp-content\/uploads\/2024\/08\/HY301m7-Eco-RFID-Tag-768x512.webp 768w, https:\/\/huayuansh.com\/wp-content\/uploads\/2024\/08\/HY301m7-Eco-RFID-Tag.webp 1200w\" sizes=\"auto, (max-width: 1024px) 100vw, 1024px\" \/><\/figure>\n<\/div>\n<\/div>\n\n\n\n<h2 class=\"wp-block-heading\" id=\"h-key-features\">Caracter\u00edsticas principales<\/h2>\n\n\n\n<ul class=\"wp-block-list\">\n<li>Construcci\u00f3n sin pl\u00e1stico: Las etiquetas Eco RFID est\u00e1n completamente libres de componentes pl\u00e1sticos, lo que reduce significativamente la contaminaci\u00f3n ambiental. Todos los materiales utilizados est\u00e1n aprobados por la FDA, lo que garantiza su seguridad y sostenibilidad.<\/li>\n\n\n\n<li>Estructura simplificada: El tradicional sustrato de pl\u00e1stico se sustituye por papel, que sirve de soporte para el transpondedor RFID, reduciendo as\u00ed la complejidad de la etiqueta y su impacto medioambiental.<\/li>\n\n\n\n<li>Alto rendimiento: A pesar de su dise\u00f1o ecol\u00f3gico, las etiquetas RFID sostenibles ofrecen un rendimiento superior sin un aumento significativo del coste, lo que las convierte en una opci\u00f3n pr\u00e1ctica para las empresas.<\/li>\n<\/ul>\n\n\n\n<h2 class=\"wp-block-heading\" id=\"h-eco-rfid-tags-for-retail\">Etiquetas RFID ecol\u00f3gicas para minoristas<\/h2>\n\n\n\n<p>Las etiquetas RFID ecol\u00f3gicas son especialmente ventajosas para el sector minorista, donde la sostenibilidad se est\u00e1 convirtiendo en un elemento diferenciador clave para las marcas. Al adoptar estas etiquetas RFID ecol\u00f3gicas, los minoristas no s\u00f3lo pueden mejorar la eficiencia de su cadena de suministro, sino tambi\u00e9n demostrar su compromiso con la responsabilidad medioambiental. La durabilidad, el alto rendimiento y la rentabilidad de las etiquetas las convierten en la opci\u00f3n ideal para diversas aplicaciones minoristas, desde la gesti\u00f3n de inventarios hasta la prevenci\u00f3n de p\u00e9rdidas.<\/p>\n\n\n\n<h3 class=\"wp-block-heading\" id=\"h-get-in-touch\">Ponte en contacto<\/h3>\n\n\n\n<p>A medida que el mundo se orienta hacia pr\u00e1cticas m\u00e1s sostenibles, la tecnolog\u00eda Eco RFID representa un importante avance en la reducci\u00f3n del impacto medioambiental de las etiquetas RFID. Las etiquetas Eco RFID de HUAYUAN ofrecen una soluci\u00f3n pr\u00e1ctica y escalable que se ajusta a los objetivos mundiales de sostenibilidad. Al eliminar materiales nocivos y racionalizar el proceso de producci\u00f3n, estas etiquetas allanan el camino hacia un futuro m\u00e1s sostenible en la tecnolog\u00eda RFID.<\/p>\n\n\n<style>.wp-block-kadence-advancedbtn.kb-btns993_1e0761-d9{gap:var(--global-kb-gap-xs, 0.5rem );justify-content:flex-start;align-items:center;}.kt-btns993_1e0761-d9 .kt-button{font-weight:normal;font-style:normal;}.kt-btns993_1e0761-d9 .kt-btn-wrap-0{margin-right:5px;}.wp-block-kadence-advancedbtn.kt-btns993_1e0761-d9 .kt-btn-wrap-0 .kt-button{color:#555555;border-color:#555555;}.wp-block-kadence-advancedbtn.kt-btns993_1e0761-d9 .kt-btn-wrap-0 .kt-button:hover, .wp-block-kadence-advancedbtn.kt-btns993_1e0761-d9 .kt-btn-wrap-0 .kt-button:focus{color:#ffffff;border-color:#444444;}.wp-block-kadence-advancedbtn.kt-btns993_1e0761-d9 .kt-btn-wrap-0 .kt-button::before{display:none;}.wp-block-kadence-advancedbtn.kt-btns993_1e0761-d9 .kt-btn-wrap-0 .kt-button:hover, .wp-block-kadence-advancedbtn.kt-btns993_1e0761-d9 .kt-btn-wrap-0 .kt-button:focus{background:#444444;}<\/style>\n<div class=\"wp-block-kadence-advancedbtn kb-buttons-wrap kb-btns993_1e0761-d9\"><style>ul.menu .wp-block-kadence-advancedbtn .kb-btn993_014686-80.kb-button{width:initial;}<\/style><a class=\"kb-button kt-button button kb-btn993_014686-80 kt-btn-size-standard kt-btn-width-type-auto kb-btn-global-inherit  kt-btn-has-text-true kt-btn-has-svg-false  wp-block-button__link wp-block-kadence-singlebtn\" href=\"https:\/\/huayuansh.com\/contact-us\/\"><span class=\"kt-btn-inner-text\">Contacte con nosotros<\/span><\/a><\/div>","protected":false},"excerpt":{"rendered":"<p>Las etiquetas RFID tradicionales suelen estar compuestas por antenas grabadas de aluminio (AL) sobre sustratos de PET, la mayor\u00eda de los cuales son de un solo uso y contribuyen a la contaminaci\u00f3n ambiental. El PET, un tipo de pl\u00e1stico, tarda cientos de a\u00f1os en degradarse de forma natural, lo que supone una importante amenaza para el medio ambiente. Solo en 2019, el uso mundial de etiquetas RFID alcanz\u00f3 aproximadamente los 15.000 millones de...<\/p>","protected":false},"author":1,"featured_media":3734,"parent":2104,"menu_order":31,"comment_status":"closed","ping_status":"closed","template":"","meta":{"_kad_blocks_custom_css":"","_kad_blocks_head_custom_js":"","_kad_blocks_body_custom_js":"","_kad_blocks_footer_custom_js":"","_kadence_starter_templates_imported_post":false,"_kad_post_transparent":"","_kad_post_title":"","_kad_post_layout":"","_kad_post_sidebar_id":"","_kad_post_content_style":"","_kad_post_vertical_padding":"","_kad_post_feature":"","_kad_post_feature_position":"","_kad_post_header":false,"_kad_post_footer":false,"footnotes":""},"class_list":["post-993","page","type-page","status-publish","has-post-thumbnail","hentry"],"yoast_head":"<!-- This site is optimized with the Yoast SEO Premium plugin v23.0 (Yoast SEO v26.3) - https:\/\/yoast.com\/wordpress\/plugins\/seo\/ -->\n<title>Eco RFID Sustainable Tags | HUAYUAN RFID Tag Manufacturer<\/title>\n<meta name=\"description\" content=\"Discover Eco RFID technology: sustainable, plastic-free tags with high performance for retail. Learn how eco-friendly RFID solutions are revolutionizing the industry.\" \/>\n<meta name=\"robots\" content=\"index, follow, max-snippet:-1, max-image-preview:large, max-video-preview:-1\" \/>\n<link rel=\"canonical\" href=\"https:\/\/huayuansh.com\/es\/productos\/etiquetas-rfid-ecologicas-sostenibles\/\" \/>\n<meta property=\"og:locale\" content=\"es_ES\" \/>\n<meta property=\"og:type\" content=\"article\" \/>\n<meta property=\"og:title\" content=\"Eco RFID Sustainable Tags\" \/>\n<meta property=\"og:description\" content=\"Discover Eco RFID technology: sustainable, plastic-free tags with high performance for retail. Learn how eco-friendly RFID solutions are revolutionizing the industry.\" \/>\n<meta property=\"og:url\" content=\"https:\/\/huayuansh.com\/es\/productos\/etiquetas-rfid-ecologicas-sostenibles\/\" \/>\n<meta property=\"og:site_name\" content=\"HUAYUAN RFID Tag Manufacturer\" \/>\n<meta property=\"article:modified_time\" content=\"2024-08-22T10:36:40+00:00\" \/>\n<meta property=\"og:image\" content=\"https:\/\/huayuansh.com\/wp-content\/uploads\/2024\/08\/Eco-RFID-Technology-Sustainable-Tags.webp\" \/>\n\t<meta property=\"og:image:width\" content=\"1920\" \/>\n\t<meta property=\"og:image:height\" content=\"1080\" \/>\n\t<meta property=\"og:image:type\" content=\"image\/webp\" \/>\n<meta name=\"twitter:card\" content=\"summary_large_image\" \/>\n<meta name=\"twitter:label1\" content=\"Tiempo de lectura\" \/>\n\t<meta name=\"twitter:data1\" content=\"3 minutos\" \/>\n<script type=\"application\/ld+json\" class=\"yoast-schema-graph\">{\"@context\":\"https:\/\/schema.org\",\"@graph\":[{\"@type\":\"WebPage\",\"@id\":\"https:\/\/huayuansh.com\/products\/eco-rfid-sustainable-tags\/\",\"url\":\"https:\/\/huayuansh.com\/products\/eco-rfid-sustainable-tags\/\",\"name\":\"Eco RFID Sustainable Tags | HUAYUAN RFID Tag Manufacturer\",\"isPartOf\":{\"@id\":\"https:\/\/huayuansh.com\/#website\"},\"primaryImageOfPage\":{\"@id\":\"https:\/\/huayuansh.com\/products\/eco-rfid-sustainable-tags\/#primaryimage\"},\"image\":{\"@id\":\"https:\/\/huayuansh.com\/products\/eco-rfid-sustainable-tags\/#primaryimage\"},\"thumbnailUrl\":\"https:\/\/huayuansh.com\/wp-content\/uploads\/2024\/08\/Eco-RFID-Technology-Sustainable-Tags.webp\",\"datePublished\":\"2024-08-22T10:22:28+00:00\",\"dateModified\":\"2024-08-22T10:36:40+00:00\",\"description\":\"Discover Eco RFID technology: sustainable, plastic-free tags with high performance for retail. Learn how eco-friendly RFID solutions are revolutionizing the industry.\",\"breadcrumb\":{\"@id\":\"https:\/\/huayuansh.com\/products\/eco-rfid-sustainable-tags\/#breadcrumb\"},\"inLanguage\":\"es\",\"potentialAction\":[{\"@type\":\"ReadAction\",\"target\":[\"https:\/\/huayuansh.com\/products\/eco-rfid-sustainable-tags\/\"]}]},{\"@type\":\"ImageObject\",\"inLanguage\":\"es\",\"@id\":\"https:\/\/huayuansh.com\/products\/eco-rfid-sustainable-tags\/#primaryimage\",\"url\":\"https:\/\/huayuansh.com\/wp-content\/uploads\/2024\/08\/Eco-RFID-Technology-Sustainable-Tags.webp\",\"contentUrl\":\"https:\/\/huayuansh.com\/wp-content\/uploads\/2024\/08\/Eco-RFID-Technology-Sustainable-Tags.webp\",\"width\":1920,\"height\":1080},{\"@type\":\"BreadcrumbList\",\"@id\":\"https:\/\/huayuansh.com\/products\/eco-rfid-sustainable-tags\/#breadcrumb\",\"itemListElement\":[{\"@type\":\"ListItem\",\"position\":1,\"name\":\"Home\",\"item\":\"https:\/\/huayuansh.com\/\"},{\"@type\":\"ListItem\",\"position\":2,\"name\":\"RFID Products\",\"item\":\"https:\/\/huayuansh.com\/products\/\"},{\"@type\":\"ListItem\",\"position\":3,\"name\":\"Eco RFID Sustainable Tags\"}]},{\"@type\":\"WebSite\",\"@id\":\"https:\/\/huayuansh.com\/#website\",\"url\":\"https:\/\/huayuansh.com\/\",\"name\":\"HUAYUAN RFID Tag Manufacturer\",\"description\":\"HUAYUAN RFID Tag Manufacturer\",\"publisher\":{\"@id\":\"https:\/\/huayuansh.com\/#organization\"},\"potentialAction\":[{\"@type\":\"SearchAction\",\"target\":{\"@type\":\"EntryPoint\",\"urlTemplate\":\"https:\/\/huayuansh.com\/?s={search_term_string}\"},\"query-input\":{\"@type\":\"PropertyValueSpecification\",\"valueRequired\":true,\"valueName\":\"search_term_string\"}}],\"inLanguage\":\"es\"},{\"@type\":\"Organization\",\"@id\":\"https:\/\/huayuansh.com\/#organization\",\"name\":\"HUAYUAN RFID Tag Manufacturer\",\"url\":\"https:\/\/huayuansh.com\/\",\"logo\":{\"@type\":\"ImageObject\",\"inLanguage\":\"es\",\"@id\":\"https:\/\/huayuansh.com\/#\/schema\/logo\/image\/\",\"url\":\"https:\/\/huayuansh.com\/wp-content\/uploads\/2024\/09\/cropped-HUAYUAN.webp\",\"contentUrl\":\"https:\/\/huayuansh.com\/wp-content\/uploads\/2024\/09\/cropped-HUAYUAN.webp\",\"width\":895,\"height\":279,\"caption\":\"HUAYUAN RFID Tag Manufacturer\"},\"image\":{\"@id\":\"https:\/\/huayuansh.com\/#\/schema\/logo\/image\/\"}}]}<\/script>\n<!-- \/ Yoast SEO Premium plugin. -->","yoast_head_json":{"title":"Etiquetas ecol\u00f3gicas RFID sostenibles | HUAYUAN Fabricante de etiquetas RFID","description":"Descubra la tecnolog\u00eda Eco RFID: etiquetas sostenibles, sin pl\u00e1stico y de alto rendimiento para el comercio minorista. Descubra c\u00f3mo las soluciones RFID ecol\u00f3gicas est\u00e1n revolucionando el sector.","robots":{"index":"index","follow":"follow","max-snippet":"max-snippet:-1","max-image-preview":"max-image-preview:large","max-video-preview":"max-video-preview:-1"},"canonical":"https:\/\/huayuansh.com\/es\/productos\/etiquetas-rfid-ecologicas-sostenibles\/","og_locale":"es_ES","og_type":"article","og_title":"Eco RFID Sustainable Tags","og_description":"Discover Eco RFID technology: sustainable, plastic-free tags with high performance for retail. Learn how eco-friendly RFID solutions are revolutionizing the industry.","og_url":"https:\/\/huayuansh.com\/es\/productos\/etiquetas-rfid-ecologicas-sostenibles\/","og_site_name":"HUAYUAN RFID Tag Manufacturer","article_modified_time":"2024-08-22T10:36:40+00:00","og_image":[{"width":1920,"height":1080,"url":"https:\/\/huayuansh.com\/wp-content\/uploads\/2024\/08\/Eco-RFID-Technology-Sustainable-Tags.webp","type":"image\/webp"}],"twitter_card":"summary_large_image","twitter_misc":{"Tiempo de lectura":"3 minutos"},"schema":{"@context":"https:\/\/schema.org","@graph":[{"@type":"WebPage","@id":"https:\/\/huayuansh.com\/products\/eco-rfid-sustainable-tags\/","url":"https:\/\/huayuansh.com\/products\/eco-rfid-sustainable-tags\/","name":"Etiquetas ecol\u00f3gicas RFID sostenibles | HUAYUAN Fabricante de etiquetas RFID","isPartOf":{"@id":"https:\/\/huayuansh.com\/#website"},"primaryImageOfPage":{"@id":"https:\/\/huayuansh.com\/products\/eco-rfid-sustainable-tags\/#primaryimage"},"image":{"@id":"https:\/\/huayuansh.com\/products\/eco-rfid-sustainable-tags\/#primaryimage"},"thumbnailUrl":"https:\/\/huayuansh.com\/wp-content\/uploads\/2024\/08\/Eco-RFID-Technology-Sustainable-Tags.webp","datePublished":"2024-08-22T10:22:28+00:00","dateModified":"2024-08-22T10:36:40+00:00","description":"Descubra la tecnolog\u00eda Eco RFID: etiquetas sostenibles, sin pl\u00e1stico y de alto rendimiento para el comercio minorista. Descubra c\u00f3mo las soluciones RFID ecol\u00f3gicas est\u00e1n revolucionando el sector.","breadcrumb":{"@id":"https:\/\/huayuansh.com\/products\/eco-rfid-sustainable-tags\/#breadcrumb"},"inLanguage":"es","potentialAction":[{"@type":"ReadAction","target":["https:\/\/huayuansh.com\/products\/eco-rfid-sustainable-tags\/"]}]},{"@type":"ImageObject","inLanguage":"es","@id":"https:\/\/huayuansh.com\/products\/eco-rfid-sustainable-tags\/#primaryimage","url":"https:\/\/huayuansh.com\/wp-content\/uploads\/2024\/08\/Eco-RFID-Technology-Sustainable-Tags.webp","contentUrl":"https:\/\/huayuansh.com\/wp-content\/uploads\/2024\/08\/Eco-RFID-Technology-Sustainable-Tags.webp","width":1920,"height":1080},{"@type":"BreadcrumbList","@id":"https:\/\/huayuansh.com\/products\/eco-rfid-sustainable-tags\/#breadcrumb","itemListElement":[{"@type":"ListItem","position":1,"name":"Home","item":"https:\/\/huayuansh.com\/"},{"@type":"ListItem","position":2,"name":"RFID Products","item":"https:\/\/huayuansh.com\/products\/"},{"@type":"ListItem","position":3,"name":"Eco RFID Sustainable Tags"}]},{"@type":"WebSite","@id":"https:\/\/huayuansh.com\/#website","url":"https:\/\/huayuansh.com\/","name":"Fabricante de etiquetas RFID HUAYUAN","description":"Fabricante de etiquetas RFID HUAYUAN","publisher":{"@id":"https:\/\/huayuansh.com\/#organization"},"potentialAction":[{"@type":"SearchAction","target":{"@type":"EntryPoint","urlTemplate":"https:\/\/huayuansh.com\/?s={search_term_string}"},"query-input":{"@type":"PropertyValueSpecification","valueRequired":true,"valueName":"search_term_string"}}],"inLanguage":"es"},{"@type":"Organization","@id":"https:\/\/huayuansh.com\/#organization","name":"Fabricante de etiquetas RFID HUAYUAN","url":"https:\/\/huayuansh.com\/","logo":{"@type":"ImageObject","inLanguage":"es","@id":"https:\/\/huayuansh.com\/#\/schema\/logo\/image\/","url":"https:\/\/huayuansh.com\/wp-content\/uploads\/2024\/09\/cropped-HUAYUAN.webp","contentUrl":"https:\/\/huayuansh.com\/wp-content\/uploads\/2024\/09\/cropped-HUAYUAN.webp","width":895,"height":279,"caption":"HUAYUAN RFID Tag Manufacturer"},"image":{"@id":"https:\/\/huayuansh.com\/#\/schema\/logo\/image\/"}}]}},"taxonomy_info":[],"featured_image_src_large":["https:\/\/huayuansh.com\/wp-content\/uploads\/2024\/08\/Eco-RFID-Technology-Sustainable-Tags-1024x576.webp",1024,576,true],"author_info":{"display_name":"HUAYUAN","author_link":"https:\/\/huayuansh.com\/es\/author\/shyec2024\/"},"comment_info":0,"_links":{"self":[{"href":"https:\/\/huayuansh.com\/es\/wp-json\/wp\/v2\/pages\/993","targetHints":{"allow":["GET"]}}],"collection":[{"href":"https:\/\/huayuansh.com\/es\/wp-json\/wp\/v2\/pages"}],"about":[{"href":"https:\/\/huayuansh.com\/es\/wp-json\/wp\/v2\/types\/page"}],"author":[{"embeddable":true,"href":"https:\/\/huayuansh.com\/es\/wp-json\/wp\/v2\/users\/1"}],"replies":[{"embeddable":true,"href":"https:\/\/huayuansh.com\/es\/wp-json\/wp\/v2\/comments?post=993"}],"version-history":[{"count":5,"href":"https:\/\/huayuansh.com\/es\/wp-json\/wp\/v2\/pages\/993\/revisions"}],"predecessor-version":[{"id":3737,"href":"https:\/\/huayuansh.com\/es\/wp-json\/wp\/v2\/pages\/993\/revisions\/3737"}],"up":[{"embeddable":true,"href":"https:\/\/huayuansh.com\/es\/wp-json\/wp\/v2\/pages\/2104"}],"wp:featuredmedia":[{"embeddable":true,"href":"https:\/\/huayuansh.com\/es\/wp-json\/wp\/v2\/media\/3734"}],"wp:attachment":[{"href":"https:\/\/huayuansh.com\/es\/wp-json\/wp\/v2\/media?parent=993"}],"curies":[{"name":"wp","href":"https:\/\/api.w.org\/{rel}","templated":true}]}}