{"id":1003,"date":"2024-06-28T16:30:02","date_gmt":"2024-06-28T08:30:02","guid":{"rendered":"https:\/\/test.huayuansh.com\/?page_id=1003"},"modified":"2024-08-21T10:29:56","modified_gmt":"2024-08-21T02:29:56","slug":"etiquettes-linge-rfid","status":"publish","type":"page","link":"https:\/\/huayuansh.com\/fr\/produits\/etiquettes-linge-rfid\/","title":{"rendered":"\u00c9tiquettes RFID pour le linge"},"content":{"rendered":"<p>Dans le monde de la gestion des textiles, la technologie RFID transforme la fa\u00e7on dont les entreprises suivent et g\u00e8rent leur linge et leurs v\u00eatements. Qu'il s'agisse d'un h\u00f4tel, d'un \u00e9tablissement de sant\u00e9 ou d'un service de blanchisserie, les \u00e9tiquettes de blanchisserie RFID offrent une solution transparente et efficace pour contr\u00f4ler les biens, minimiser les pertes et rationaliser les op\u00e9rations.<\/p>\n\n\n\n<p>Depuis 2008, HUAYUAN se concentre sur l'am\u00e9lioration de l'\u00e9tiquette RFID pour le linge. \u00c0 mesure que les secteurs du linge, de la location et de la blanchisserie \u00e9voluent, de plus en plus d'entreprises adoptent la technologie RFID pour moderniser leurs op\u00e9rations. HUAYUAN propose une gamme compl\u00e8te d'\u00e9tiquettes RFID con\u00e7ues pour s'int\u00e9grer parfaitement au linge utilis\u00e9 dans les h\u00f4tels, les \u00e9tablissements de sant\u00e9 et les v\u00eatements de travail. Actuellement, des millions de nos \u00e9tiquettes RFID pour blanchisserie sont d\u00e9ploy\u00e9es dans le monde entier, assurant un suivi permanent du linge et des v\u00eatements.<\/p>\n\n\n\n<h2 class=\"wp-block-heading\" id=\"h-hlt-rfid-linen-tag\"><a href=\"https:\/\/huayuansh.com\/products\/rfid-laundry-tags\/hlt-uhf-rfid-laundry-tag\/\">HLT RFID Linen Tag<\/a><\/h2>\n\n\n\n<div class=\"wp-block-columns are-vertically-aligned-center is-layout-flex wp-container-core-columns-is-layout-9d6595d7 wp-block-columns-is-layout-flex\">\n<div class=\"wp-block-column is-vertically-aligned-center is-layout-flow wp-block-column-is-layout-flow\" style=\"flex-basis:60%\">\n<p>Depuis 2018, HUAYUAN se concentre sur l'avancement de l'\u00e9tiquette de blanchisserie RFID HLT RAIN. Nous avons apport\u00e9 des am\u00e9liorations significatives aux mat\u00e9riaux et aux processus de production, en int\u00e9grant des conceptions exclusives qui garantissent que l'antenne et la puce restent robustes, m\u00eame dans les environnements industriels les plus difficiles. L'\u00e9tiquette de blanchisserie HLT RAIN est dot\u00e9e d'un transpondeur flexible, durable et r\u00e9sistant \u00e0 la chaleur, int\u00e9gr\u00e9 dans une bande textile. Il offre un suivi fiable pour une large gamme de biens textiles, y compris le linge plat, les v\u00eatements et les uniformes. L'\u00e9tiquette permet une transparence num\u00e9rique et une gestion sans contact du linge tout au long du processus, de la collecte des salissures au blanchiment et \u00e0 la distribution. Son design fin, \u00e9troit et souple permet de l'ins\u00e9rer dans les textiles les plus fins sans compromettre le confort ou l'esth\u00e9tique.<\/p>\n<\/div>\n\n\n\n<div class=\"wp-block-column is-vertically-aligned-center is-layout-flow wp-block-column-is-layout-flow\" style=\"flex-basis:40%\"><div class=\"wp-block-image\">\n<figure class=\"aligncenter size-large\"><a href=\"https:\/\/huayuansh.com\/products\/rfid-laundry-tags\/hlt-uhf-rfid-laundry-tag\/\"><img loading=\"lazy\" decoding=\"async\" width=\"1024\" height=\"576\" src=\"https:\/\/huayuansh.com\/wp-content\/uploads\/2024\/08\/HLT-UHF-RFID-Laundry-Tag-1024x576.webp\" alt=\"\" class=\"wp-image-3699\" srcset=\"https:\/\/huayuansh.com\/wp-content\/uploads\/2024\/08\/HLT-UHF-RFID-Laundry-Tag-1024x576.webp 1024w, https:\/\/huayuansh.com\/wp-content\/uploads\/2024\/08\/HLT-UHF-RFID-Laundry-Tag-300x169.webp 300w, https:\/\/huayuansh.com\/wp-content\/uploads\/2024\/08\/HLT-UHF-RFID-Laundry-Tag-768x432.webp 768w, https:\/\/huayuansh.com\/wp-content\/uploads\/2024\/08\/HLT-UHF-RFID-Laundry-Tag-1536x864.webp 1536w, https:\/\/huayuansh.com\/wp-content\/uploads\/2024\/08\/HLT-UHF-RFID-Laundry-Tag.webp 1920w\" sizes=\"auto, (max-width: 1024px) 100vw, 1024px\" \/><\/a><\/figure><\/div><\/div>\n<\/div>\n\n\n\n<h2 class=\"wp-block-heading\" id=\"h-hst-silicone-rfid-laundry-tag\"><a href=\"https:\/\/huayuansh.com\/products\/rfid-laundry-tags\/hst-silicone-uhf-laundry-tag\/\">HST Silicone RFID Laundry Tag<\/a><\/h2>\n\n\n\n<div class=\"wp-block-columns are-vertically-aligned-center is-layout-flex wp-container-core-columns-is-layout-9d6595d7 wp-block-columns-is-layout-flex\">\n<div class=\"wp-block-column is-vertically-aligned-center is-layout-flow wp-block-column-is-layout-flow\" style=\"flex-basis:60%\">\n<p>Les \u00e9tiquettes de blanchisserie RFID en silicone HST sont con\u00e7ues pour \u00eatre utilis\u00e9es dans des environnements de blanchisserie industrielle exigeants. Ces petites \u00e9tiquettes flexibles peuvent \u00eatre int\u00e9gr\u00e9es de mani\u00e8re transparente dans divers textiles, notamment les blouses, les serviettes et les uniformes m\u00e9dicaux, offrant ainsi des solutions de suivi durables. Envelopp\u00e9es dans un silicone lisse et souple, elles r\u00e9sistent \u00e0 plus de 200 cycles de blanchisserie industrielle, aux d\u00e9tergents agressifs, \u00e0 la st\u00e9rilisation, aux temp\u00e9ratures \u00e9lev\u00e9es (jusqu'\u00e0 200 \u00b0C) et \u00e0 la pression (jusqu'\u00e0 3 bars). Avec un transpondeur RFID robuste log\u00e9 en toute s\u00e9curit\u00e9 \u00e0 l'int\u00e9rieur, ces \u00e9tiquettes garantissent des performances fiables tout au long de la dur\u00e9e de vie du textile.<\/p>\n<\/div>\n\n\n\n<div class=\"wp-block-column is-vertically-aligned-center is-layout-flow wp-block-column-is-layout-flow\" style=\"flex-basis:40%\"><div class=\"wp-block-image\">\n<figure class=\"aligncenter size-large\"><a href=\"https:\/\/huayuansh.com\/products\/rfid-laundry-tags\/hst-silicone-uhf-laundry-tag\/\"><img loading=\"lazy\" decoding=\"async\" width=\"1024\" height=\"576\" src=\"https:\/\/huayuansh.com\/wp-content\/uploads\/2024\/08\/HST-Silicone-UHF-Laundry-Tag-1024x576.webp\" alt=\"\" class=\"wp-image-3692\" srcset=\"https:\/\/huayuansh.com\/wp-content\/uploads\/2024\/08\/HST-Silicone-UHF-Laundry-Tag-1024x576.webp 1024w, https:\/\/huayuansh.com\/wp-content\/uploads\/2024\/08\/HST-Silicone-UHF-Laundry-Tag-300x169.webp 300w, https:\/\/huayuansh.com\/wp-content\/uploads\/2024\/08\/HST-Silicone-UHF-Laundry-Tag-768x432.webp 768w, https:\/\/huayuansh.com\/wp-content\/uploads\/2024\/08\/HST-Silicone-UHF-Laundry-Tag-1536x864.webp 1536w, https:\/\/huayuansh.com\/wp-content\/uploads\/2024\/08\/HST-Silicone-UHF-Laundry-Tag.webp 1920w\" sizes=\"auto, (max-width: 1024px) 100vw, 1024px\" \/><\/a><\/figure><\/div><\/div>\n<\/div>\n\n\n\n<h2 class=\"wp-block-heading\" id=\"h-hlb-rfid-laundry-button\"><a href=\"https:\/\/huayuansh.com\/products\/rfid-laundry-tags\/hlb-rfid-laundry-button\/\">Bouton de lavage RFID HLB<\/a><\/h2>\n\n\n\n<div class=\"wp-block-columns are-vertically-aligned-center is-layout-flex wp-container-core-columns-is-layout-9d6595d7 wp-block-columns-is-layout-flex\">\n<div class=\"wp-block-column is-vertically-aligned-center is-layout-flow wp-block-column-is-layout-flow\" style=\"flex-basis:60%\">\n<p>Le bouton de lavage RFID HLB est une \u00e9tiquette NFC robuste fabriqu\u00e9e \u00e0 l'aide d'un processus de moulage par double injection. Ce tag est \u00e9tanche, tr\u00e8s r\u00e9sistant aux liquides agressifs et fonctionne de mani\u00e8re fiable dans une large gamme de temp\u00e9ratures. Bien que les transpondeurs de blanchisserie UHF dominent le march\u00e9, il existe des sc\u00e9narios o\u00f9 les \u00e9tiquettes NFC sont n\u00e9cessaires, en particulier pour les applications de t\u00e9l\u00e9phonie mobile. Le bouton de blanchisserie RFID HLB PPS r\u00e9pond \u00e0 ces besoins, ce qui en fait un choix id\u00e9al pour l'identification et le suivi des textiles dans les blanchisseries industrielles, les h\u00f4tels, les h\u00f4pitaux et les services de location de linge.<\/p>\n<\/div>\n\n\n\n<div class=\"wp-block-column is-vertically-aligned-center is-layout-flow wp-block-column-is-layout-flow\" style=\"flex-basis:40%\"><div class=\"wp-block-image\">\n<figure class=\"aligncenter size-large\"><a href=\"https:\/\/huayuansh.com\/products\/rfid-laundry-tags\/hlb-rfid-laundry-button\/\"><img loading=\"lazy\" decoding=\"async\" width=\"1024\" height=\"576\" src=\"https:\/\/huayuansh.com\/wp-content\/uploads\/2024\/08\/HLB-RFID-Laundry-Button-1024x576.webp\" alt=\"\" class=\"wp-image-3689\" srcset=\"https:\/\/huayuansh.com\/wp-content\/uploads\/2024\/08\/HLB-RFID-Laundry-Button-1024x576.webp 1024w, https:\/\/huayuansh.com\/wp-content\/uploads\/2024\/08\/HLB-RFID-Laundry-Button-300x169.webp 300w, https:\/\/huayuansh.com\/wp-content\/uploads\/2024\/08\/HLB-RFID-Laundry-Button-768x432.webp 768w, https:\/\/huayuansh.com\/wp-content\/uploads\/2024\/08\/HLB-RFID-Laundry-Button-1536x864.webp 1536w, https:\/\/huayuansh.com\/wp-content\/uploads\/2024\/08\/HLB-RFID-Laundry-Button.webp 1920w\" sizes=\"auto, (max-width: 1024px) 100vw, 1024px\" \/><\/a><\/figure><\/div><\/div>\n<\/div>\n\n\n\n<h3 class=\"wp-block-heading\" id=\"h-get-in-touch\">Prendre contact<\/h3>\n\n\n\n<p>Pr\u00eat \u00e0 am\u00e9liorer vos op\u00e9rations de gestion des textiles ? D\u00e9couvrez les \u00e9tiquettes de blanchisserie RFID de HUAYUAN et trouvez la solution parfaite pour vos besoins professionnels.<\/p>\n\n\n<style>.wp-block-kadence-advancedbtn.kb-btns1003_de222f-e4{gap:var(--global-kb-gap-xs, 0.5rem );justify-content:flex-start;align-items:center;}.kt-btns1003_de222f-e4 .kt-button{font-weight:normal;font-style:normal;}.kt-btns1003_de222f-e4 .kt-btn-wrap-0{margin-right:5px;}.wp-block-kadence-advancedbtn.kt-btns1003_de222f-e4 .kt-btn-wrap-0 .kt-button{color:#555555;border-color:#555555;}.wp-block-kadence-advancedbtn.kt-btns1003_de222f-e4 .kt-btn-wrap-0 .kt-button:hover, .wp-block-kadence-advancedbtn.kt-btns1003_de222f-e4 .kt-btn-wrap-0 .kt-button:focus{color:#ffffff;border-color:#444444;}.wp-block-kadence-advancedbtn.kt-btns1003_de222f-e4 .kt-btn-wrap-0 .kt-button::before{display:none;}.wp-block-kadence-advancedbtn.kt-btns1003_de222f-e4 .kt-btn-wrap-0 .kt-button:hover, .wp-block-kadence-advancedbtn.kt-btns1003_de222f-e4 .kt-btn-wrap-0 .kt-button:focus{background:#444444;}<\/style>\n<div class=\"wp-block-kadence-advancedbtn kb-buttons-wrap kb-btns1003_de222f-e4\"><style>ul.menu .wp-block-kadence-advancedbtn .kb-btn1003_8828c4-07.kb-button{width:initial;}<\/style><a class=\"kb-button kt-button button kb-btn1003_8828c4-07 kt-btn-size-standard kt-btn-width-type-auto kb-btn-global-inherit  kt-btn-has-text-true kt-btn-has-svg-false  wp-block-button__link wp-block-kadence-singlebtn\" href=\"https:\/\/huayuansh.com\/contact-us\/\"><span class=\"kt-btn-inner-text\">Nous contacter<\/span><\/a><\/div>","protected":false},"excerpt":{"rendered":"<p>Dans le monde de la gestion des textiles, la technologie RFID transforme la fa\u00e7on dont les entreprises suivent et g\u00e8rent leur linge et leurs v\u00eatements. Qu'il s'agisse d'un h\u00f4tel, d'un \u00e9tablissement de sant\u00e9 ou d'un service de blanchisserie, les \u00e9tiquettes de blanchisserie RFID offrent une solution transparente et efficace pour contr\u00f4ler les biens, minimiser les pertes et rationaliser les op\u00e9rations. Depuis 2008, HUAYUAN se concentre sur l'am\u00e9lioration...<\/p>","protected":false},"author":1,"featured_media":3706,"parent":2104,"menu_order":34,"comment_status":"closed","ping_status":"closed","template":"","meta":{"_kad_blocks_custom_css":"","_kad_blocks_head_custom_js":"","_kad_blocks_body_custom_js":"","_kad_blocks_footer_custom_js":"","_kadence_starter_templates_imported_post":false,"_kad_post_transparent":"","_kad_post_title":"","_kad_post_layout":"","_kad_post_sidebar_id":"","_kad_post_content_style":"","_kad_post_vertical_padding":"","_kad_post_feature":"","_kad_post_feature_position":"","_kad_post_header":false,"_kad_post_footer":false,"footnotes":""},"class_list":["post-1003","page","type-page","status-publish","has-post-thumbnail","hentry"],"yoast_head":"<!-- This site is optimized with the Yoast SEO Premium plugin v23.0 (Yoast SEO v26.3) - https:\/\/yoast.com\/wordpress\/plugins\/seo\/ -->\n<title>RFID Laundry Tags | HUAYUAN RFID Tag Manufacturer<\/title>\n<meta name=\"robots\" content=\"index, follow, max-snippet:-1, max-image-preview:large, max-video-preview:-1\" \/>\n<link rel=\"canonical\" href=\"https:\/\/huayuansh.com\/fr\/produits\/etiquettes-linge-rfid\/\" \/>\n<meta property=\"og:locale\" content=\"fr_FR\" \/>\n<meta property=\"og:type\" content=\"article\" \/>\n<meta property=\"og:title\" content=\"RFID Laundry Tags\" \/>\n<meta property=\"og:description\" content=\"In the world of textile management, RFID technology is transforming the way businesses track and manage their linens and garments. Whether you operate a hotel, healthcare facility, or laundry service, RFID laundry tags offer a seamless and efficient solution to monitor assets, minimize losses, and streamline operations. Since 2008, HUAYUAN has focused on enhancing the...\" \/>\n<meta property=\"og:url\" content=\"https:\/\/huayuansh.com\/fr\/produits\/etiquettes-linge-rfid\/\" \/>\n<meta property=\"og:site_name\" content=\"HUAYUAN RFID Tag Manufacturer\" \/>\n<meta property=\"article:modified_time\" content=\"2024-08-21T02:29:56+00:00\" \/>\n<meta property=\"og:image\" content=\"https:\/\/huayuansh.com\/wp-content\/uploads\/2024\/08\/HUAYUAN-RFID-Laundry-Tag-Product-Collection.webp\" \/>\n\t<meta property=\"og:image:width\" content=\"1920\" \/>\n\t<meta property=\"og:image:height\" content=\"1080\" \/>\n\t<meta property=\"og:image:type\" content=\"image\/webp\" \/>\n<meta name=\"twitter:card\" content=\"summary_large_image\" \/>\n<meta name=\"twitter:label1\" content=\"Dur\u00e9e de lecture estim\u00e9e\" \/>\n\t<meta name=\"twitter:data1\" content=\"3 minutes\" \/>\n<script type=\"application\/ld+json\" class=\"yoast-schema-graph\">{\"@context\":\"https:\/\/schema.org\",\"@graph\":[{\"@type\":\"WebPage\",\"@id\":\"https:\/\/huayuansh.com\/products\/rfid-laundry-tags\/\",\"url\":\"https:\/\/huayuansh.com\/products\/rfid-laundry-tags\/\",\"name\":\"RFID Laundry Tags | HUAYUAN RFID Tag Manufacturer\",\"isPartOf\":{\"@id\":\"https:\/\/huayuansh.com\/#website\"},\"primaryImageOfPage\":{\"@id\":\"https:\/\/huayuansh.com\/products\/rfid-laundry-tags\/#primaryimage\"},\"image\":{\"@id\":\"https:\/\/huayuansh.com\/products\/rfid-laundry-tags\/#primaryimage\"},\"thumbnailUrl\":\"https:\/\/huayuansh.com\/wp-content\/uploads\/2024\/08\/HUAYUAN-RFID-Laundry-Tag-Product-Collection.webp\",\"datePublished\":\"2024-06-28T08:30:02+00:00\",\"dateModified\":\"2024-08-21T02:29:56+00:00\",\"breadcrumb\":{\"@id\":\"https:\/\/huayuansh.com\/products\/rfid-laundry-tags\/#breadcrumb\"},\"inLanguage\":\"fr-FR\",\"potentialAction\":[{\"@type\":\"ReadAction\",\"target\":[\"https:\/\/huayuansh.com\/products\/rfid-laundry-tags\/\"]}]},{\"@type\":\"ImageObject\",\"inLanguage\":\"fr-FR\",\"@id\":\"https:\/\/huayuansh.com\/products\/rfid-laundry-tags\/#primaryimage\",\"url\":\"https:\/\/huayuansh.com\/wp-content\/uploads\/2024\/08\/HUAYUAN-RFID-Laundry-Tag-Product-Collection.webp\",\"contentUrl\":\"https:\/\/huayuansh.com\/wp-content\/uploads\/2024\/08\/HUAYUAN-RFID-Laundry-Tag-Product-Collection.webp\",\"width\":1920,\"height\":1080},{\"@type\":\"BreadcrumbList\",\"@id\":\"https:\/\/huayuansh.com\/products\/rfid-laundry-tags\/#breadcrumb\",\"itemListElement\":[{\"@type\":\"ListItem\",\"position\":1,\"name\":\"Home\",\"item\":\"https:\/\/huayuansh.com\/\"},{\"@type\":\"ListItem\",\"position\":2,\"name\":\"RFID Products\",\"item\":\"https:\/\/huayuansh.com\/products\/\"},{\"@type\":\"ListItem\",\"position\":3,\"name\":\"RFID Laundry Tags\"}]},{\"@type\":\"WebSite\",\"@id\":\"https:\/\/huayuansh.com\/#website\",\"url\":\"https:\/\/huayuansh.com\/\",\"name\":\"HUAYUAN RFID Tag Manufacturer\",\"description\":\"HUAYUAN RFID Tag Manufacturer\",\"publisher\":{\"@id\":\"https:\/\/huayuansh.com\/#organization\"},\"potentialAction\":[{\"@type\":\"SearchAction\",\"target\":{\"@type\":\"EntryPoint\",\"urlTemplate\":\"https:\/\/huayuansh.com\/?s={search_term_string}\"},\"query-input\":{\"@type\":\"PropertyValueSpecification\",\"valueRequired\":true,\"valueName\":\"search_term_string\"}}],\"inLanguage\":\"fr-FR\"},{\"@type\":\"Organization\",\"@id\":\"https:\/\/huayuansh.com\/#organization\",\"name\":\"HUAYUAN RFID Tag Manufacturer\",\"url\":\"https:\/\/huayuansh.com\/\",\"logo\":{\"@type\":\"ImageObject\",\"inLanguage\":\"fr-FR\",\"@id\":\"https:\/\/huayuansh.com\/#\/schema\/logo\/image\/\",\"url\":\"https:\/\/huayuansh.com\/wp-content\/uploads\/2024\/09\/cropped-HUAYUAN.webp\",\"contentUrl\":\"https:\/\/huayuansh.com\/wp-content\/uploads\/2024\/09\/cropped-HUAYUAN.webp\",\"width\":895,\"height\":279,\"caption\":\"HUAYUAN RFID Tag Manufacturer\"},\"image\":{\"@id\":\"https:\/\/huayuansh.com\/#\/schema\/logo\/image\/\"}}]}<\/script>\n<!-- \/ Yoast SEO Premium plugin. -->","yoast_head_json":{"title":"Etiquettes RFID pour le linge | Fabricant d'\u00e9tiquettes RFID HUAYUAN","robots":{"index":"index","follow":"follow","max-snippet":"max-snippet:-1","max-image-preview":"max-image-preview:large","max-video-preview":"max-video-preview:-1"},"canonical":"https:\/\/huayuansh.com\/fr\/produits\/etiquettes-linge-rfid\/","og_locale":"fr_FR","og_type":"article","og_title":"RFID Laundry Tags","og_description":"In the world of textile management, RFID technology is transforming the way businesses track and manage their linens and garments. Whether you operate a hotel, healthcare facility, or laundry service, RFID laundry tags offer a seamless and efficient solution to monitor assets, minimize losses, and streamline operations. Since 2008, HUAYUAN has focused on enhancing the...","og_url":"https:\/\/huayuansh.com\/fr\/produits\/etiquettes-linge-rfid\/","og_site_name":"HUAYUAN RFID Tag Manufacturer","article_modified_time":"2024-08-21T02:29:56+00:00","og_image":[{"width":1920,"height":1080,"url":"https:\/\/huayuansh.com\/wp-content\/uploads\/2024\/08\/HUAYUAN-RFID-Laundry-Tag-Product-Collection.webp","type":"image\/webp"}],"twitter_card":"summary_large_image","twitter_misc":{"Dur\u00e9e de lecture estim\u00e9e":"3 minutes"},"schema":{"@context":"https:\/\/schema.org","@graph":[{"@type":"WebPage","@id":"https:\/\/huayuansh.com\/products\/rfid-laundry-tags\/","url":"https:\/\/huayuansh.com\/products\/rfid-laundry-tags\/","name":"Etiquettes RFID pour le linge | Fabricant d'\u00e9tiquettes RFID HUAYUAN","isPartOf":{"@id":"https:\/\/huayuansh.com\/#website"},"primaryImageOfPage":{"@id":"https:\/\/huayuansh.com\/products\/rfid-laundry-tags\/#primaryimage"},"image":{"@id":"https:\/\/huayuansh.com\/products\/rfid-laundry-tags\/#primaryimage"},"thumbnailUrl":"https:\/\/huayuansh.com\/wp-content\/uploads\/2024\/08\/HUAYUAN-RFID-Laundry-Tag-Product-Collection.webp","datePublished":"2024-06-28T08:30:02+00:00","dateModified":"2024-08-21T02:29:56+00:00","breadcrumb":{"@id":"https:\/\/huayuansh.com\/products\/rfid-laundry-tags\/#breadcrumb"},"inLanguage":"fr-FR","potentialAction":[{"@type":"ReadAction","target":["https:\/\/huayuansh.com\/products\/rfid-laundry-tags\/"]}]},{"@type":"ImageObject","inLanguage":"fr-FR","@id":"https:\/\/huayuansh.com\/products\/rfid-laundry-tags\/#primaryimage","url":"https:\/\/huayuansh.com\/wp-content\/uploads\/2024\/08\/HUAYUAN-RFID-Laundry-Tag-Product-Collection.webp","contentUrl":"https:\/\/huayuansh.com\/wp-content\/uploads\/2024\/08\/HUAYUAN-RFID-Laundry-Tag-Product-Collection.webp","width":1920,"height":1080},{"@type":"BreadcrumbList","@id":"https:\/\/huayuansh.com\/products\/rfid-laundry-tags\/#breadcrumb","itemListElement":[{"@type":"ListItem","position":1,"name":"Home","item":"https:\/\/huayuansh.com\/"},{"@type":"ListItem","position":2,"name":"RFID Products","item":"https:\/\/huayuansh.com\/products\/"},{"@type":"ListItem","position":3,"name":"RFID Laundry Tags"}]},{"@type":"WebSite","@id":"https:\/\/huayuansh.com\/#website","url":"https:\/\/huayuansh.com\/","name":"Fabricant d'\u00e9tiquettes RFID HUAYUAN","description":"Fabricant d'\u00e9tiquettes RFID HUAYUAN","publisher":{"@id":"https:\/\/huayuansh.com\/#organization"},"potentialAction":[{"@type":"SearchAction","target":{"@type":"EntryPoint","urlTemplate":"https:\/\/huayuansh.com\/?s={search_term_string}"},"query-input":{"@type":"PropertyValueSpecification","valueRequired":true,"valueName":"search_term_string"}}],"inLanguage":"fr-FR"},{"@type":"Organization","@id":"https:\/\/huayuansh.com\/#organization","name":"Fabricant d'\u00e9tiquettes RFID HUAYUAN","url":"https:\/\/huayuansh.com\/","logo":{"@type":"ImageObject","inLanguage":"fr-FR","@id":"https:\/\/huayuansh.com\/#\/schema\/logo\/image\/","url":"https:\/\/huayuansh.com\/wp-content\/uploads\/2024\/09\/cropped-HUAYUAN.webp","contentUrl":"https:\/\/huayuansh.com\/wp-content\/uploads\/2024\/09\/cropped-HUAYUAN.webp","width":895,"height":279,"caption":"HUAYUAN RFID Tag Manufacturer"},"image":{"@id":"https:\/\/huayuansh.com\/#\/schema\/logo\/image\/"}}]}},"taxonomy_info":[],"featured_image_src_large":["https:\/\/huayuansh.com\/wp-content\/uploads\/2024\/08\/HUAYUAN-RFID-Laundry-Tag-Product-Collection-1024x576.webp",1024,576,true],"author_info":{"display_name":"HUAYUAN","author_link":"https:\/\/huayuansh.com\/fr\/author\/shyec2024\/"},"comment_info":0,"_links":{"self":[{"href":"https:\/\/huayuansh.com\/fr\/wp-json\/wp\/v2\/pages\/1003","targetHints":{"allow":["GET"]}}],"collection":[{"href":"https:\/\/huayuansh.com\/fr\/wp-json\/wp\/v2\/pages"}],"about":[{"href":"https:\/\/huayuansh.com\/fr\/wp-json\/wp\/v2\/types\/page"}],"author":[{"embeddable":true,"href":"https:\/\/huayuansh.com\/fr\/wp-json\/wp\/v2\/users\/1"}],"replies":[{"embeddable":true,"href":"https:\/\/huayuansh.com\/fr\/wp-json\/wp\/v2\/comments?post=1003"}],"version-history":[{"count":5,"href":"https:\/\/huayuansh.com\/fr\/wp-json\/wp\/v2\/pages\/1003\/revisions"}],"predecessor-version":[{"id":3708,"href":"https:\/\/huayuansh.com\/fr\/wp-json\/wp\/v2\/pages\/1003\/revisions\/3708"}],"up":[{"embeddable":true,"href":"https:\/\/huayuansh.com\/fr\/wp-json\/wp\/v2\/pages\/2104"}],"wp:featuredmedia":[{"embeddable":true,"href":"https:\/\/huayuansh.com\/fr\/wp-json\/wp\/v2\/media\/3706"}],"wp:attachment":[{"href":"https:\/\/huayuansh.com\/fr\/wp-json\/wp\/v2\/media?parent=1003"}],"curies":[{"name":"wp","href":"https:\/\/api.w.org\/{rel}","templated":true}]}}