{"id":3343,"date":"2024-07-30T19:47:11","date_gmt":"2024-07-30T11:47:11","guid":{"rendered":"https:\/\/huayuansh.com\/?page_id=3343"},"modified":"2024-10-30T15:24:05","modified_gmt":"2024-10-30T07:24:05","slug":"secteur-dactivite","status":"publish","type":"page","link":"https:\/\/huayuansh.com\/fr\/produits\/secteur-dactivite\/","title":{"rendered":"Secteur d'activit\u00e9"},"content":{"rendered":"<div class=\"wp-block-cover alignwide has-aspect-ratio wp-duotone-unset-1\" style=\"padding-top:0;padding-bottom:0;aspect-ratio:16\/9;min-height:unset;\"><span aria-hidden=\"true\" class=\"wp-block-cover__background has-background-dim\"><\/span><img loading=\"lazy\" decoding=\"async\" width=\"1024\" height=\"576\" class=\"wp-block-cover__image-background wp-image-3520\" alt=\"Hub d&#039;\u00e9tiquettes RFID HUAYUAN\" src=\"https:\/\/huayuansh.com\/wp-content\/uploads\/2024\/07\/HUAYUAN-RFID-Tag-Hub-1024x576.webp\" data-object-fit=\"cover\" srcset=\"https:\/\/huayuansh.com\/wp-content\/uploads\/2024\/07\/HUAYUAN-RFID-Tag-Hub-1024x576.webp 1024w, https:\/\/huayuansh.com\/wp-content\/uploads\/2024\/07\/HUAYUAN-RFID-Tag-Hub-300x169.webp 300w, https:\/\/huayuansh.com\/wp-content\/uploads\/2024\/07\/HUAYUAN-RFID-Tag-Hub-768x432.webp 768w, https:\/\/huayuansh.com\/wp-content\/uploads\/2024\/07\/HUAYUAN-RFID-Tag-Hub-1536x864.webp 1536w, https:\/\/huayuansh.com\/wp-content\/uploads\/2024\/07\/HUAYUAN-RFID-Tag-Hub.webp 1920w\" sizes=\"auto, (max-width: 1024px) 100vw, 1024px\" \/><div class=\"wp-block-cover__inner-container is-layout-flow wp-block-cover-is-layout-flow\">\n<h2 class=\"wp-block-heading has-text-align-center\" id=\"h-rfid-tags\">\u00c9tiquettes RFID<\/h2>\n\n\n\n<p class=\"has-text-align-center\">Forts d'une vaste exp\u00e9rience en recherche et d\u00e9veloppement dans le domaine de la RFID, nous avons mis au point une gamme compl\u00e8te d'\u00e9tiquettes RFID con\u00e7ues pour les secteurs de l'industrie, de la vente au d\u00e9tail, de la m\u00e9decine et de l'automatisation de la protection de l'environnement. Nos projets couvrent presque tous les secteurs d'activit\u00e9, ce qui t\u00e9moigne de notre polyvalence et de notre expertise. \u00c0 l'\u00e8re de l'industrie 4.0, nos \u00e9tiquettes RFID jouent un r\u00f4le central dans la conduite de la transformation num\u00e9rique et de la fabrication intelligente. Ces \u00e9tiquettes avanc\u00e9es offrent une capture de donn\u00e9es et une automatisation en temps r\u00e9el, am\u00e9liorant consid\u00e9rablement l'efficacit\u00e9 de la cha\u00eene d'approvisionnement, r\u00e9duisant les pertes et permettant des op\u00e9rations intelligentes et connect\u00e9es. En int\u00e9grant nos \u00e9tiquettes RFID aux syst\u00e8mes IoT, les entreprises peuvent atteindre des niveaux de transparence et de contr\u00f4le sans pr\u00e9c\u00e9dent sur leurs processus. D\u00e9couvrez comment nos \u00e9tiquettes RFID peuvent r\u00e9volutionner vos op\u00e9rations industrielles et propulser votre entreprise vers un avenir plus intelligent.<\/p>\n\n\n<style>.wp-block-kadence-advancedbtn.kb-btns3343_3834dc-c4{gap:var(--global-kb-gap-xs, 0.5rem );justify-content:center;align-items:center;}.kt-btns3343_3834dc-c4 .kt-button{font-weight:normal;font-style:normal;}.kt-btns3343_3834dc-c4 .kt-btn-wrap-0{margin-right:5px;}.wp-block-kadence-advancedbtn.kt-btns3343_3834dc-c4 .kt-btn-wrap-0 .kt-button{color:#555555;border-color:#555555;}.wp-block-kadence-advancedbtn.kt-btns3343_3834dc-c4 .kt-btn-wrap-0 .kt-button:hover, .wp-block-kadence-advancedbtn.kt-btns3343_3834dc-c4 .kt-btn-wrap-0 .kt-button:focus{color:#ffffff;border-color:#444444;}.wp-block-kadence-advancedbtn.kt-btns3343_3834dc-c4 .kt-btn-wrap-0 .kt-button::before{display:none;}.wp-block-kadence-advancedbtn.kt-btns3343_3834dc-c4 .kt-btn-wrap-0 .kt-button:hover, .wp-block-kadence-advancedbtn.kt-btns3343_3834dc-c4 .kt-btn-wrap-0 .kt-button:focus{background:#444444;}<\/style>\n<div class=\"wp-block-kadence-advancedbtn kb-buttons-wrap kb-btns3343_3834dc-c4\"><style>ul.menu .wp-block-kadence-advancedbtn .kb-btn3343_4c2c2f-84.kb-button{width:initial;}<\/style><a class=\"kb-button kt-button button kb-btn3343_4c2c2f-84 kt-btn-size-standard kt-btn-width-type-auto kb-btn-global-inherit  kt-btn-has-text-true kt-btn-has-svg-false  wp-block-button__link wp-block-kadence-singlebtn\" href=\"https:\/\/huayuansh.com\/\" target=\"_blank\" rel=\"noreferrer noopener\"><span class=\"kt-btn-inner-text\">En savoir plus<\/span><\/a><\/div>\n<\/div><\/div>\n\n\n\n<div style=\"aspect-ratio:16\/9;min-height:unset;\" class=\"wp-block-cover alignwide has-aspect-ratio\"><span aria-hidden=\"true\" class=\"wp-block-cover__background has-background-dim\"><\/span><img loading=\"lazy\" decoding=\"async\" width=\"1024\" height=\"576\" class=\"wp-block-cover__image-background wp-image-3522\" alt=\"\" src=\"https:\/\/huayuansh.com\/wp-content\/uploads\/2024\/07\/RFID-Textile-Solutions-TEXBIT-1024x576.webp\" data-object-fit=\"cover\" srcset=\"https:\/\/huayuansh.com\/wp-content\/uploads\/2024\/07\/RFID-Textile-Solutions-TEXBIT-1024x576.webp 1024w, https:\/\/huayuansh.com\/wp-content\/uploads\/2024\/07\/RFID-Textile-Solutions-TEXBIT-300x169.webp 300w, https:\/\/huayuansh.com\/wp-content\/uploads\/2024\/07\/RFID-Textile-Solutions-TEXBIT-768x432.webp 768w, https:\/\/huayuansh.com\/wp-content\/uploads\/2024\/07\/RFID-Textile-Solutions-TEXBIT-1536x864.webp 1536w, https:\/\/huayuansh.com\/wp-content\/uploads\/2024\/07\/RFID-Textile-Solutions-TEXBIT.webp 1920w\" sizes=\"auto, (max-width: 1024px) 100vw, 1024px\" \/><div class=\"wp-block-cover__inner-container is-layout-flow wp-block-cover-is-layout-flow\">\n<h2 class=\"wp-block-heading has-text-align-center\" id=\"h-rfid-textile-solutions\">Solutions textiles RFID<\/h2>\n\n\n\n<p class=\"has-text-align-center\">Nos \u00e9tiquettes RFID r\u00e9volutionnent la gestion des textiles tout au long de leur cycle de vie. Nous d\u00e9veloppons et produisons en permanence des \u00e9tiquettes de blanchisserie RFID fiables et durables qui r\u00e9pondent aux exigences rigoureuses des syst\u00e8mes de tra\u00e7age et de suivi transparents dans l'industrie de la blanchisserie textile et du suivi du cycle de vie des v\u00eatements. Notre vaste gamme de produits textiles RFID est utilis\u00e9e dans le monde entier, avec des millions d'\u00e9tiquettes appos\u00e9es chaque mois dans diverses applications, notamment dans l'habillement, les chaussures, les uniformes, les EPI, les soins de sant\u00e9, l'h\u00f4tellerie et le nettoyage. Nos solutions garantissent un suivi efficace et pr\u00e9cis, am\u00e9liorant l'efficacit\u00e9 op\u00e9rationnelle et r\u00e9duisant les pertes.<\/p>\n\n\n<style>.wp-block-kadence-advancedbtn.kb-btns3343_c97642-8b{gap:var(--global-kb-gap-xs, 0.5rem );justify-content:center;align-items:center;}.kt-btns3343_c97642-8b .kt-button{font-weight:normal;font-style:normal;}.kt-btns3343_c97642-8b .kt-btn-wrap-0{margin-right:5px;}.wp-block-kadence-advancedbtn.kt-btns3343_c97642-8b .kt-btn-wrap-0 .kt-button{color:#555555;border-color:#555555;}.wp-block-kadence-advancedbtn.kt-btns3343_c97642-8b .kt-btn-wrap-0 .kt-button:hover, .wp-block-kadence-advancedbtn.kt-btns3343_c97642-8b .kt-btn-wrap-0 .kt-button:focus{color:#ffffff;border-color:#444444;}.wp-block-kadence-advancedbtn.kt-btns3343_c97642-8b .kt-btn-wrap-0 .kt-button::before{display:none;}.wp-block-kadence-advancedbtn.kt-btns3343_c97642-8b .kt-btn-wrap-0 .kt-button:hover, .wp-block-kadence-advancedbtn.kt-btns3343_c97642-8b .kt-btn-wrap-0 .kt-button:focus{background:#444444;}<\/style>\n<div class=\"wp-block-kadence-advancedbtn kb-buttons-wrap kb-btns3343_c97642-8b\"><style>ul.menu .wp-block-kadence-advancedbtn .kb-btn3343_4ac188-4a.kb-button{width:initial;}<\/style><a class=\"kb-button kt-button button kb-btn3343_4ac188-4a kt-btn-size-standard kt-btn-width-type-auto kb-btn-global-inherit  kt-btn-has-text-true kt-btn-has-svg-false  wp-block-button__link wp-block-kadence-singlebtn\" href=\"https:\/\/www.tex-bit.com\/\" target=\"_blank\" rel=\"noreferrer noopener\"><span class=\"kt-btn-inner-text\">En savoir plus<\/span><\/a><\/div>\n<\/div><\/div>\n\n\n\n<div style=\"aspect-ratio:16\/9;min-height:unset;\" class=\"wp-block-cover alignwide has-aspect-ratio\"><span aria-hidden=\"true\" class=\"wp-block-cover__background has-background-dim\"><\/span><img loading=\"lazy\" decoding=\"async\" width=\"1024\" height=\"576\" class=\"wp-block-cover__image-background wp-image-3521\" alt=\"Poignets RFID HUAYUAN Hub\" src=\"https:\/\/huayuansh.com\/wp-content\/uploads\/2024\/07\/HUAYUAN-RFID-Wristbands-Hub-1024x576.webp\" data-object-fit=\"cover\" srcset=\"https:\/\/huayuansh.com\/wp-content\/uploads\/2024\/07\/HUAYUAN-RFID-Wristbands-Hub-1024x576.webp 1024w, https:\/\/huayuansh.com\/wp-content\/uploads\/2024\/07\/HUAYUAN-RFID-Wristbands-Hub-300x169.webp 300w, https:\/\/huayuansh.com\/wp-content\/uploads\/2024\/07\/HUAYUAN-RFID-Wristbands-Hub-768x432.webp 768w, https:\/\/huayuansh.com\/wp-content\/uploads\/2024\/07\/HUAYUAN-RFID-Wristbands-Hub-1536x864.webp 1536w, https:\/\/huayuansh.com\/wp-content\/uploads\/2024\/07\/HUAYUAN-RFID-Wristbands-Hub.webp 1920w\" sizes=\"auto, (max-width: 1024px) 100vw, 1024px\" \/><div class=\"wp-block-cover__inner-container is-layout-flow wp-block-cover-is-layout-flow\">\n<h2 class=\"wp-block-heading has-text-align-center\" id=\"h-rfid-wristbands-amp-cards\">Bracelets et cartes RFID<\/h2>\n\n\n\n<p class=\"has-text-align-center\">Les bracelets, cartes et porte-cl\u00e9s RFID transforment les syst\u00e8mes de s\u00e9curit\u00e9, de contr\u00f4le d'acc\u00e8s et d'identification. Ces dispositifs offrent des solutions transparentes et sans contact dans divers secteurs, am\u00e9liorant \u00e0 la fois la commodit\u00e9 et la s\u00e9curit\u00e9. \u00c0 mesure que le march\u00e9 \u00e9volue, notre technologie RFID innovante favorise une adoption et une int\u00e9gration plus larges dans les applications quotidiennes, garantissant ainsi une gestion de l'identit\u00e9 s\u00fbre et sans effort. D\u00e9couvrez comment nos bracelets, cartes et porte-cl\u00e9s RFID peuvent transformer vos op\u00e9rations commerciales, en vous fournissant une solution s\u00fbre et efficace pour tous vos besoins d'identification.<\/p>\n\n\n<style>.wp-block-kadence-advancedbtn.kb-btns3343_3d0e76-05{gap:var(--global-kb-gap-xs, 0.5rem );justify-content:center;align-items:center;}.kt-btns3343_3d0e76-05 .kt-button{font-weight:normal;font-style:normal;}.kt-btns3343_3d0e76-05 .kt-btn-wrap-0{margin-right:5px;}.wp-block-kadence-advancedbtn.kt-btns3343_3d0e76-05 .kt-btn-wrap-0 .kt-button{color:#555555;border-color:#555555;}.wp-block-kadence-advancedbtn.kt-btns3343_3d0e76-05 .kt-btn-wrap-0 .kt-button:hover, .wp-block-kadence-advancedbtn.kt-btns3343_3d0e76-05 .kt-btn-wrap-0 .kt-button:focus{color:#ffffff;border-color:#444444;}.wp-block-kadence-advancedbtn.kt-btns3343_3d0e76-05 .kt-btn-wrap-0 .kt-button::before{display:none;}.wp-block-kadence-advancedbtn.kt-btns3343_3d0e76-05 .kt-btn-wrap-0 .kt-button:hover, .wp-block-kadence-advancedbtn.kt-btns3343_3d0e76-05 .kt-btn-wrap-0 .kt-button:focus{background:#444444;}<\/style>\n<div class=\"wp-block-kadence-advancedbtn kb-buttons-wrap kb-btns3343_3d0e76-05\"><style>ul.menu .wp-block-kadence-advancedbtn .kb-btn3343_f7bed5-71.kb-button{width:initial;}<\/style><a class=\"kb-button kt-button button kb-btn3343_f7bed5-71 kt-btn-size-standard kt-btn-width-type-auto kb-btn-global-inherit  kt-btn-has-text-true kt-btn-has-svg-false  wp-block-button__link wp-block-kadence-singlebtn\" href=\"https:\/\/yourfid.top\/\" target=\"_blank\" rel=\"noreferrer noopener\"><span class=\"kt-btn-inner-text\">En savoir plus<\/span><\/a><\/div>\n<\/div><\/div>","protected":false},"excerpt":{"rendered":"","protected":false},"author":1,"featured_media":0,"parent":2104,"menu_order":0,"comment_status":"closed","ping_status":"closed","template":"","meta":{"_kad_blocks_custom_css":"","_kad_blocks_head_custom_js":"","_kad_blocks_body_custom_js":"","_kad_blocks_footer_custom_js":"","_kadence_starter_templates_imported_post":false,"_kad_post_transparent":"","_kad_post_title":"","_kad_post_layout":"default","_kad_post_sidebar_id":"","_kad_post_content_style":"default","_kad_post_vertical_padding":"default","_kad_post_feature":"","_kad_post_feature_position":"","_kad_post_header":false,"_kad_post_footer":false,"footnotes":""},"class_list":["post-3343","page","type-page","status-publish","hentry"],"yoast_head":"<!-- This site is optimized with the Yoast SEO Premium plugin v23.0 (Yoast SEO v26.3) - https:\/\/yoast.com\/wordpress\/plugins\/seo\/ -->\n<title>Line of Business | HUAYUAN RFID Tag Manufacturer<\/title>\n<meta name=\"description\" content=\"Discover our line of business, offering RFID technology for industrial, textile, and access control, driving automation and smart operations.\" \/>\n<meta name=\"robots\" content=\"index, follow, max-snippet:-1, max-image-preview:large, max-video-preview:-1\" \/>\n<link rel=\"canonical\" href=\"https:\/\/huayuansh.com\/fr\/produits\/secteur-dactivite\/\" \/>\n<meta property=\"og:locale\" content=\"fr_FR\" \/>\n<meta property=\"og:type\" content=\"article\" \/>\n<meta property=\"og:title\" content=\"Line of Business\" \/>\n<meta property=\"og:description\" content=\"Discover our line of business, offering RFID technology for industrial, textile, and access control, driving automation and smart operations.\" \/>\n<meta property=\"og:url\" content=\"https:\/\/huayuansh.com\/fr\/produits\/secteur-dactivite\/\" \/>\n<meta property=\"og:site_name\" content=\"HUAYUAN RFID Tag Manufacturer\" \/>\n<meta property=\"article:modified_time\" content=\"2024-10-30T07:24:05+00:00\" \/>\n<meta property=\"og:image\" content=\"https:\/\/huayuansh.com\/wp-content\/uploads\/2024\/07\/HUAYUAN-RFID-Tag-Hub-1024x576.webp\" \/>\n<meta name=\"twitter:card\" content=\"summary_large_image\" \/>\n<meta name=\"twitter:label1\" content=\"Dur\u00e9e de lecture estim\u00e9e\" \/>\n\t<meta name=\"twitter:data1\" content=\"2 minutes\" \/>\n<script type=\"application\/ld+json\" class=\"yoast-schema-graph\">{\"@context\":\"https:\/\/schema.org\",\"@graph\":[{\"@type\":\"WebPage\",\"@id\":\"https:\/\/huayuansh.com\/products\/line-of-business\/\",\"url\":\"https:\/\/huayuansh.com\/products\/line-of-business\/\",\"name\":\"Line of Business | HUAYUAN RFID Tag Manufacturer\",\"isPartOf\":{\"@id\":\"https:\/\/huayuansh.com\/#website\"},\"primaryImageOfPage\":{\"@id\":\"https:\/\/huayuansh.com\/products\/line-of-business\/#primaryimage\"},\"image\":{\"@id\":\"https:\/\/huayuansh.com\/products\/line-of-business\/#primaryimage\"},\"thumbnailUrl\":\"https:\/\/huayuansh.com\/wp-content\/uploads\/2024\/07\/HUAYUAN-RFID-Tag-Hub-1024x576.webp\",\"datePublished\":\"2024-07-30T11:47:11+00:00\",\"dateModified\":\"2024-10-30T07:24:05+00:00\",\"description\":\"Discover our line of business, offering RFID technology for industrial, textile, and access control, driving automation and smart operations.\",\"breadcrumb\":{\"@id\":\"https:\/\/huayuansh.com\/products\/line-of-business\/#breadcrumb\"},\"inLanguage\":\"fr-FR\",\"potentialAction\":[{\"@type\":\"ReadAction\",\"target\":[\"https:\/\/huayuansh.com\/products\/line-of-business\/\"]}]},{\"@type\":\"ImageObject\",\"inLanguage\":\"fr-FR\",\"@id\":\"https:\/\/huayuansh.com\/products\/line-of-business\/#primaryimage\",\"url\":\"https:\/\/huayuansh.com\/wp-content\/uploads\/2024\/07\/HUAYUAN-RFID-Tag-Hub-1024x576.webp\",\"contentUrl\":\"https:\/\/huayuansh.com\/wp-content\/uploads\/2024\/07\/HUAYUAN-RFID-Tag-Hub-1024x576.webp\"},{\"@type\":\"BreadcrumbList\",\"@id\":\"https:\/\/huayuansh.com\/products\/line-of-business\/#breadcrumb\",\"itemListElement\":[{\"@type\":\"ListItem\",\"position\":1,\"name\":\"Home\",\"item\":\"https:\/\/huayuansh.com\/\"},{\"@type\":\"ListItem\",\"position\":2,\"name\":\"RFID Products\",\"item\":\"https:\/\/huayuansh.com\/products\/\"},{\"@type\":\"ListItem\",\"position\":3,\"name\":\"Line of Business\"}]},{\"@type\":\"WebSite\",\"@id\":\"https:\/\/huayuansh.com\/#website\",\"url\":\"https:\/\/huayuansh.com\/\",\"name\":\"HUAYUAN RFID Tag Manufacturer\",\"description\":\"HUAYUAN RFID Tag Manufacturer\",\"publisher\":{\"@id\":\"https:\/\/huayuansh.com\/#organization\"},\"potentialAction\":[{\"@type\":\"SearchAction\",\"target\":{\"@type\":\"EntryPoint\",\"urlTemplate\":\"https:\/\/huayuansh.com\/?s={search_term_string}\"},\"query-input\":{\"@type\":\"PropertyValueSpecification\",\"valueRequired\":true,\"valueName\":\"search_term_string\"}}],\"inLanguage\":\"fr-FR\"},{\"@type\":\"Organization\",\"@id\":\"https:\/\/huayuansh.com\/#organization\",\"name\":\"HUAYUAN RFID Tag Manufacturer\",\"url\":\"https:\/\/huayuansh.com\/\",\"logo\":{\"@type\":\"ImageObject\",\"inLanguage\":\"fr-FR\",\"@id\":\"https:\/\/huayuansh.com\/#\/schema\/logo\/image\/\",\"url\":\"https:\/\/huayuansh.com\/wp-content\/uploads\/2024\/09\/cropped-HUAYUAN.webp\",\"contentUrl\":\"https:\/\/huayuansh.com\/wp-content\/uploads\/2024\/09\/cropped-HUAYUAN.webp\",\"width\":895,\"height\":279,\"caption\":\"HUAYUAN RFID Tag Manufacturer\"},\"image\":{\"@id\":\"https:\/\/huayuansh.com\/#\/schema\/logo\/image\/\"}}]}<\/script>\n<!-- \/ Yoast SEO Premium plugin. -->","yoast_head_json":{"title":"Secteur d'activit\u00e9 | HUAYUAN Fabricant d'\u00e9tiquettes RFID","description":"D\u00e9couvrez notre secteur d'activit\u00e9, qui propose la technologie RFID pour l'industrie, le textile et le contr\u00f4le d'acc\u00e8s, favorisant l'automatisation et les op\u00e9rations intelligentes.","robots":{"index":"index","follow":"follow","max-snippet":"max-snippet:-1","max-image-preview":"max-image-preview:large","max-video-preview":"max-video-preview:-1"},"canonical":"https:\/\/huayuansh.com\/fr\/produits\/secteur-dactivite\/","og_locale":"fr_FR","og_type":"article","og_title":"Line of Business","og_description":"Discover our line of business, offering RFID technology for industrial, textile, and access control, driving automation and smart operations.","og_url":"https:\/\/huayuansh.com\/fr\/produits\/secteur-dactivite\/","og_site_name":"HUAYUAN RFID Tag Manufacturer","article_modified_time":"2024-10-30T07:24:05+00:00","og_image":[{"url":"https:\/\/huayuansh.com\/wp-content\/uploads\/2024\/07\/HUAYUAN-RFID-Tag-Hub-1024x576.webp","type":"","width":"","height":""}],"twitter_card":"summary_large_image","twitter_misc":{"Dur\u00e9e de lecture estim\u00e9e":"2 minutes"},"schema":{"@context":"https:\/\/schema.org","@graph":[{"@type":"WebPage","@id":"https:\/\/huayuansh.com\/products\/line-of-business\/","url":"https:\/\/huayuansh.com\/products\/line-of-business\/","name":"Secteur d'activit\u00e9 | HUAYUAN Fabricant d'\u00e9tiquettes RFID","isPartOf":{"@id":"https:\/\/huayuansh.com\/#website"},"primaryImageOfPage":{"@id":"https:\/\/huayuansh.com\/products\/line-of-business\/#primaryimage"},"image":{"@id":"https:\/\/huayuansh.com\/products\/line-of-business\/#primaryimage"},"thumbnailUrl":"https:\/\/huayuansh.com\/wp-content\/uploads\/2024\/07\/HUAYUAN-RFID-Tag-Hub-1024x576.webp","datePublished":"2024-07-30T11:47:11+00:00","dateModified":"2024-10-30T07:24:05+00:00","description":"D\u00e9couvrez notre secteur d'activit\u00e9, qui propose la technologie RFID pour l'industrie, le textile et le contr\u00f4le d'acc\u00e8s, favorisant l'automatisation et les op\u00e9rations intelligentes.","breadcrumb":{"@id":"https:\/\/huayuansh.com\/products\/line-of-business\/#breadcrumb"},"inLanguage":"fr-FR","potentialAction":[{"@type":"ReadAction","target":["https:\/\/huayuansh.com\/products\/line-of-business\/"]}]},{"@type":"ImageObject","inLanguage":"fr-FR","@id":"https:\/\/huayuansh.com\/products\/line-of-business\/#primaryimage","url":"https:\/\/huayuansh.com\/wp-content\/uploads\/2024\/07\/HUAYUAN-RFID-Tag-Hub-1024x576.webp","contentUrl":"https:\/\/huayuansh.com\/wp-content\/uploads\/2024\/07\/HUAYUAN-RFID-Tag-Hub-1024x576.webp"},{"@type":"BreadcrumbList","@id":"https:\/\/huayuansh.com\/products\/line-of-business\/#breadcrumb","itemListElement":[{"@type":"ListItem","position":1,"name":"Home","item":"https:\/\/huayuansh.com\/"},{"@type":"ListItem","position":2,"name":"RFID Products","item":"https:\/\/huayuansh.com\/products\/"},{"@type":"ListItem","position":3,"name":"Line of Business"}]},{"@type":"WebSite","@id":"https:\/\/huayuansh.com\/#website","url":"https:\/\/huayuansh.com\/","name":"Fabricant d'\u00e9tiquettes RFID HUAYUAN","description":"Fabricant d'\u00e9tiquettes RFID HUAYUAN","publisher":{"@id":"https:\/\/huayuansh.com\/#organization"},"potentialAction":[{"@type":"SearchAction","target":{"@type":"EntryPoint","urlTemplate":"https:\/\/huayuansh.com\/?s={search_term_string}"},"query-input":{"@type":"PropertyValueSpecification","valueRequired":true,"valueName":"search_term_string"}}],"inLanguage":"fr-FR"},{"@type":"Organization","@id":"https:\/\/huayuansh.com\/#organization","name":"Fabricant d'\u00e9tiquettes RFID HUAYUAN","url":"https:\/\/huayuansh.com\/","logo":{"@type":"ImageObject","inLanguage":"fr-FR","@id":"https:\/\/huayuansh.com\/#\/schema\/logo\/image\/","url":"https:\/\/huayuansh.com\/wp-content\/uploads\/2024\/09\/cropped-HUAYUAN.webp","contentUrl":"https:\/\/huayuansh.com\/wp-content\/uploads\/2024\/09\/cropped-HUAYUAN.webp","width":895,"height":279,"caption":"HUAYUAN RFID Tag Manufacturer"},"image":{"@id":"https:\/\/huayuansh.com\/#\/schema\/logo\/image\/"}}]}},"taxonomy_info":[],"featured_image_src_large":false,"author_info":{"display_name":"HUAYUAN","author_link":"https:\/\/huayuansh.com\/fr\/author\/shyec2024\/"},"comment_info":0,"_links":{"self":[{"href":"https:\/\/huayuansh.com\/fr\/wp-json\/wp\/v2\/pages\/3343","targetHints":{"allow":["GET"]}}],"collection":[{"href":"https:\/\/huayuansh.com\/fr\/wp-json\/wp\/v2\/pages"}],"about":[{"href":"https:\/\/huayuansh.com\/fr\/wp-json\/wp\/v2\/types\/page"}],"author":[{"embeddable":true,"href":"https:\/\/huayuansh.com\/fr\/wp-json\/wp\/v2\/users\/1"}],"replies":[{"embeddable":true,"href":"https:\/\/huayuansh.com\/fr\/wp-json\/wp\/v2\/comments?post=3343"}],"version-history":[{"count":7,"href":"https:\/\/huayuansh.com\/fr\/wp-json\/wp\/v2\/pages\/3343\/revisions"}],"predecessor-version":[{"id":4057,"href":"https:\/\/huayuansh.com\/fr\/wp-json\/wp\/v2\/pages\/3343\/revisions\/4057"}],"up":[{"embeddable":true,"href":"https:\/\/huayuansh.com\/fr\/wp-json\/wp\/v2\/pages\/2104"}],"wp:attachment":[{"href":"https:\/\/huayuansh.com\/fr\/wp-json\/wp\/v2\/media?parent=3343"}],"curies":[{"name":"wp","href":"https:\/\/api.w.org\/{rel}","templated":true}]}}