{"id":3364,"date":"2024-07-15T10:41:18","date_gmt":"2024-07-15T02:41:18","guid":{"rendered":"https:\/\/huayuansh.com\/?page_id=3364"},"modified":"2024-08-02T14:35:53","modified_gmt":"2024-08-02T06:35:53","slug":"terminal-de-donnees-lecture-uhf","status":"publish","type":"page","link":"https:\/\/huayuansh.com\/fr\/produits\/modules-lecteurs-rfid\/terminal-de-donnees-lecture-uhf\/","title":{"rendered":"Terminal de donn\u00e9es de lecture portatif UHF"},"content":{"rendered":"<p><strong>ORCA-50 RAIN Lecteur RFID UHF portable<\/strong>&nbsp;<strong>Terminal de donn\u00e9es<\/strong>&nbsp;est un module auto-d\u00e9velopp\u00e9 bas\u00e9 sur la puce Impinj Indy R2000, avec une excellente stabilit\u00e9 et une performance d'identification multi-tag extr\u00eamement forte. Il est inspir\u00e9 du design de l'orque, l'apparence de dext\u00e9rit\u00e9 et d'\u00e9l\u00e9gance, simple et bien proportionn\u00e9e, chaque d\u00e9tail a \u00e9t\u00e9 examin\u00e9 \u00e0 la loupe, le sens des proportions pour manipuler correctement, pour cr\u00e9er une tension visuelle du fuselage.ORCA-50 UHF Handheld Data Reader Terminal est une configuration mat\u00e9rielle puissante pour assurer un fonctionnement sans heurts des op\u00e9rations de donn\u00e9es massives, l'affichage 3D en temps r\u00e9el et ainsi de suite. Il est \u00e9quip\u00e9 d'une batterie lithium-polym\u00e8re haute capacit\u00e9 de 6000mAh, d'un syst\u00e8me de remplacement \u00e0 chaud de la batterie de type cartouche, facile \u00e0 remplacer, et de deux batteries standard. La dur\u00e9e de vie n'est plus limit\u00e9e.<\/p>\n\n\n\n<p>Le terminal de donn\u00e9es du lecteur portable ORCA-50 UHF r\u00e9siste \u00e0 l'impact d'une chute sur une surface en b\u00e9ton \u00e0 une hauteur de 2 m\u00e8tres. Protection IP64, peut r\u00e9sister efficacement \u00e0 la poussi\u00e8re et aux \u00e9claboussures de liquide.<\/p>\n\n\n\n<h2 class=\"wp-block-heading\" id=\"h-uhf-rfid-handheld-reader-products-advantages\">Avantages des lecteurs portables UHF RFID<\/h2>\n\n\n\n<ul class=\"wp-block-list\">\n<li>Utilisation de la puce Impinj Indy R2000<\/li>\n\n\n\n<li>Utilisation d'aluminium aviation CNC + nylon allemand Bayer<\/li>\n\n\n\n<li>Configuration puissante du mat\u00e9riel<\/li>\n\n\n\n<li>Batterie rechargeable au lithium-polym\u00e8re 6000mAh<\/li>\n\n\n\n<li>R\u00e9sister \u00e0 l'impact d'une chute sur une surface en b\u00e9ton \u00e0 une hauteur de 2 m\u00e8tres.<\/li>\n\n\n\n<li>\u00c9chantillon gratuit dans la zone euro<\/li>\n<\/ul>\n\n\n\n<h3 class=\"wp-block-heading\" id=\"h-huayuan-uhf-rfid-handheld-reader-features\">Caract\u00e9ristiques du lecteur portable RFID UHF HUAYUAN<\/h3>\n\n\n\n<ul class=\"wp-block-list\">\n<li>Plate-forme de calcul \u00e0 haute performance<br>Applications lourdes telles que la collecte massive de donn\u00e9es. L'affichage 3D en temps r\u00e9el peut \u00eatre utilis\u00e9 sans probl\u00e8me.<\/li>\n\n\n\n<li>Android 6.0<br>Le syst\u00e8me Android 6.0 est install\u00e9, la version optimis\u00e9e est continuellement mise \u00e0 jour.<\/li>\n\n\n\n<li>Mat\u00e9riaux de premi\u00e8re qualit\u00e9<br>L'aluminium CNC, le nylon (Bayer) et le verre tremp\u00e9 de 1,1 mm d'\u00e9paisseur offrent une excellente r\u00e9sistance, une dissipation de la chaleur et un blindage \u00e9lectromagn\u00e9tique. Le mat\u00e9riau souple autour de la poign\u00e9e offre un grand confort.<\/li>\n\n\n\n<li>Composants de qualit\u00e9 industrielle<br>Des composants de qualit\u00e9 industrielle et militaire garantissent la stabilit\u00e9 et l'endurance dans des environnements difficiles.<\/li>\n\n\n\n<li>Dur\u00e9e de fonctionnement ultra longue<br>Le syst\u00e8me de remplacement \u00e0 chaud de la batterie, de type pistolet, permet de restaurer plus facilement la batterie de secours. L'autonomie est donc illimit\u00e9e. L'emballage standard du produit comprend deux batteries 6000mAh.<\/li>\n\n\n\n<li>Moteur RFID UHF haut de gamme<br>Le module M-2600 est bas\u00e9 sur la puce Impinj Indy R2000. Il offre les meilleures performances et une excellente capacit\u00e9 d'identification multi-\u00e9tiquettes dans l'industrie.<\/li>\n\n\n\n<li>Conception industrielle exceptionnelle<br>L'id\u00e9e a \u00e9t\u00e9 inspir\u00e9e par l'orque, et chaque d\u00e9tail a \u00e9t\u00e9 soigneusement peaufin\u00e9. L'apparence est compacte, \u00e9l\u00e9gante et \u00e9quilibr\u00e9e, ce qui rend le produit accrocheur et impressionnant.<\/li>\n\n\n\n<li>Excellente protection m\u00e9canique, IP64<br>La hauteur de chute de s\u00e9curit\u00e9 est de 2 m, le degr\u00e9 de protection IP64 permet de r\u00e9sister efficacement aux poussi\u00e8res et aux \u00e9claboussures.<\/li>\n<\/ul>\n\n\n\n<h4 class=\"wp-block-heading\" id=\"h-uhf-handheld-reader-data-terminal-specifications\">Terminal de donn\u00e9es pour lecteur portatif UHF Sp\u00e9cifications<\/h4>\n\n\n\n<figure class=\"wp-block-table\"><table><tbody><tr><td colspan=\"2\"><strong>Param\u00e8tres m\u00e9caniques<\/strong><\/td><\/tr><tr><td>Mat\u00e9riaux<\/td><td>Aluminium CNC + nylon (Bayer)<\/td><\/tr><tr><td>Dimensions<\/td><td>Profil 160x82x129mm<\/td><\/tr><tr><td>&nbsp;<\/td><td>Poign\u00e9e 111*38*47mm<\/td><\/tr><tr><td>Poids<\/td><td>640g( batterie incluse \/ version standard)<\/td><\/tr><tr><td colspan=\"2\"><strong>Caract\u00e9ristiques du syst\u00e8me<\/strong><\/td><\/tr><tr><td>Syst\u00e8me d'exploitation<\/td><td>Android 6.0<\/td><\/tr><tr><td>UNIT\u00c9 CENTRALE<\/td><td>Quadruple c\u0153ur Cortex-A17\/1,8 GHz<\/td><\/tr><tr><td>GPU<\/td><td>ARM Mali-T764\/ Moteur 3D haute performance<\/td><\/tr><tr><td>Puce<\/td><td>Impinj INDY R2000<\/td><\/tr><tr><td>RAM<\/td><td>2G\/4G LPDDR3<\/td><\/tr><tr><td>ROM<\/td><td>32G\/64G EMMC 5.0<\/td><\/tr><tr><td>LCD<\/td><td>5,0 pouces \/1280\u00b0720\/ IPS \/180 angle de vue<\/td><\/tr><tr><td>\u00c9cran tactile<\/td><td>Verre tremp\u00e9 d'une \u00e9paisseur de 1,1 mm \/ touche O-dot \/ peut \u00eatre utilis\u00e9 avec un gant<\/td><\/tr><tr><td>Remplacement de la batterie<\/td><td>Syst\u00e8me de batterie \u00e0 changement rapide de type pistolet<\/td><\/tr><tr><td>PSAM<\/td><td>PSAM02 \/ TI TCA5013 (en option)<\/td><\/tr><tr><td>Boutons<\/td><td>&nbsp;<\/td><\/tr><tr><td>Puissance I Volume*2<\/td><td>3 boutons ALPS\/ Force d'actionnement 2,2N\/Dur\u00e9e de vie 600 000 cycles<\/td><\/tr><tr><td>Touches de fonction<\/td><td>3 boutons ALPS\/ Force d'actionnement 2,2N\/Dur\u00e9e de vie 600 000 cycles<\/td><\/tr><tr><td>D\u00e9clencheur de balayage<\/td><td>Bouton OMRON \/ force de fonctionnement 127N \/ dur\u00e9e de vie 10.000.000 cycles<\/td><\/tr><tr><td>Puissance<\/td><td>Batterie Ii-polym\u00e8re rechargeable de 6 000 mAh<\/td><\/tr><tr><td>Emplacements de cartes<\/td><td>Emplacement pour carte micro SIMI Emplacement pour carte PSAM-z<\/td><\/tr><tr><td>Interface USB<\/td><td>Micro USB \/ connecteur MOlEX \/ Dur\u00e9e de vie de 10 000 cycles<\/td><\/tr><tr><td>Audio<\/td><td>Syst\u00e8me st\u00e9r\u00e9o \u00e0 haut-parleurs<\/td><\/tr><tr><td>Vibrateur<\/td><td>Bouton de 10 mm de diam\u00e8tre<\/td><\/tr><tr><td>Indicateur de charge<\/td><td>BicolorLED<\/td><\/tr><tr><td colspan=\"2\"><strong>Communications sans fil<\/strong><\/td><\/tr><tr><td>WIFI<\/td><td>IEEE 802.11 b\/g\/n<\/td><\/tr><tr><td>Bluetooth<\/td><td>61 Bluetooth 4.0<\/td><\/tr><tr><td>3G<\/td><td>Huawei MU609\/ Grade de v\u00e9hicule (en option)<\/td><\/tr><tr><td>4G<\/td><td>Huawei ME 909s \/V\u00e9hicule (en option)<\/td><\/tr><tr><td colspan=\"2\"><strong>Environnement de l'application<\/strong><\/td><\/tr><tr><td>Temp. de fonctionnement<\/td><td>De -20\u00b0C \u00e0 60\u00b0C<\/td><\/tr><tr><td>Temp\u00e9rature de stockage<\/td><td>-40\u00b0C \u00e0 70\u00b0C<\/td><\/tr><tr><td>Humidit\u00e9<\/td><td>5%RH \u00e0 95%RH (sans condensation)<\/td><\/tr><tr><td>Niveau de protection<\/td><td>IP64<\/td><\/tr><tr><td>Hauteur de chute de s\u00e9curit\u00e9<\/td><td>2m \/6.56ft.<\/td><\/tr><tr><td colspan=\"2\"><strong>Collections de donn\u00e9es<\/strong><\/td><\/tr><tr><td colspan=\"2\">Code \u00e0 barres 1D (en option)<\/td><\/tr><tr><td>Moteur<\/td><td>Symbole SE955<\/td><\/tr><tr><td>Soutien<\/td><td>Symbole UPC\/EA SE955N \/ Code128 \/ Code39 \/ Cadell \/ Entrelac\u00e9 2 de 5 \/ Discret 2 de 5 \/ Chinois 2 de 5 \/ Codabar \/ MSI \/ RSS. etc.<\/td><\/tr><tr><td colspan=\"2\">Code \u00e0 barres 2D (en option)<\/td><\/tr><tr><td>Moteur<\/td><td>Symbole SE4750<\/td><\/tr><tr><td>Soutien<\/td><td>Data matrix\/code QR\/PDF417\/US Planet\/UK Postal, etc.<\/td><\/tr><tr><td>RFID UHF<\/td><td>&nbsp;<\/td><\/tr><tr><td>Moteur<\/td><td>Module Rodinbell M-2600 bas\u00e9 sur la puce Impinj Indy R2000<\/td><\/tr><tr><td>Buzzer<\/td><td>112\u00b09,5mm 12300\u00b1300Hz<\/td><\/tr><tr><td>Protocole<\/td><td>EPC Global UHF Class 1Gen2 \/ISO 18000-6C\/ ISO16000-66<\/td><\/tr><tr><td>Fr\u00e9quence de travail<\/td><td>840-960 MHz<\/td><\/tr><tr><td>Puissance de sortie<\/td><td>0-33d6m<\/td><\/tr><tr><td>Vitesse de pointe de l'inventaire<\/td><td>&gt; 500tags\/s<\/td><\/tr><tr><td>UHFAntenna<\/td><td>Antenne \u00e0 polarisation circulaire 3dBi<\/td><\/tr><tr><td>Distance de lecture<\/td><td>6-7m(Balise test\u00e9e : Impinj E41b)<\/td><\/tr><tr><td>R\u00e9gions prises en charge<\/td><td>\u00c9tats-Unis, Canada et autres r\u00e9gions qui nous suivent. FCC Europe et autres r\u00e9gions suivant ETSI \/EN 302 208\/Chine \/Japon\/ Cor\u00e9e \/ Malaisie.<\/td><\/tr><tr><td>Cam\u00e9ra (en option)<\/td><td>13 m\u00e9gapixels\/autofocus\/lampe de poche<\/td><\/tr><tr><td>Syst\u00e8me de positionnement global<\/td><td>GPS&amp;GLONASS<\/td><\/tr><tr><td colspan=\"2\"><strong>Accessoires<\/strong><\/td><\/tr><tr><td colspan=\"2\">Deux batteries Chargeur de batterie et c\u00e2ble de donn\u00e9es USB Lacet de suspension<\/td><\/tr><\/tbody><\/table><\/figure>\n\n\n\n<h5 class=\"wp-block-heading\" id=\"h-get-in-touch\"><strong>Prendre contact<\/strong><\/h5>\n\n\n\n<p>Pour plus d'informations sur les produits RFID de Huayuan <a href=\"https:\/\/huayuansh.com\/products\/\">produits<\/a>\u00a0et l'IdO\u00a0<a href=\"https:\/\/huayuansh.com\/applications\/\">applications<\/a>.<\/p>\n\n\n<style>.wp-block-kadence-advancedbtn.kb-btns3364_819742-9e{gap:var(--global-kb-gap-xs, 0.5rem );justify-content:flex-start;align-items:center;}.kt-btns3364_819742-9e .kt-button{font-weight:normal;font-style:normal;}.kt-btns3364_819742-9e .kt-btn-wrap-0{margin-right:5px;}.wp-block-kadence-advancedbtn.kt-btns3364_819742-9e .kt-btn-wrap-0 .kt-button{color:#555555;border-color:#555555;}.wp-block-kadence-advancedbtn.kt-btns3364_819742-9e .kt-btn-wrap-0 .kt-button:hover, .wp-block-kadence-advancedbtn.kt-btns3364_819742-9e .kt-btn-wrap-0 .kt-button:focus{color:#ffffff;border-color:#444444;}.wp-block-kadence-advancedbtn.kt-btns3364_819742-9e .kt-btn-wrap-0 .kt-button::before{display:none;}.wp-block-kadence-advancedbtn.kt-btns3364_819742-9e .kt-btn-wrap-0 .kt-button:hover, .wp-block-kadence-advancedbtn.kt-btns3364_819742-9e .kt-btn-wrap-0 .kt-button:focus{background:#444444;}<\/style>\n<div class=\"wp-block-kadence-advancedbtn kb-buttons-wrap kb-btns3364_819742-9e\"><style>ul.menu .wp-block-kadence-advancedbtn .kb-btn3364_048a49-80.kb-button{width:initial;}<\/style><a class=\"kb-button kt-button button kb-btn3364_048a49-80 kt-btn-size-standard kt-btn-width-type-auto kb-btn-global-inherit  kt-btn-has-text-true kt-btn-has-svg-false  wp-block-button__link wp-block-kadence-singlebtn\" href=\"https:\/\/huayuansh.com\/contact-us\/\"><span class=\"kt-btn-inner-text\">Nous contacter<\/span><\/a><\/div>","protected":false},"excerpt":{"rendered":"<p>ORCA-50 RAIN UHF RFID Handheld Reader&nbsp;Data Terminal&nbsp;is adopt self-developed module based on Impinj Indy R2000 chip, with excellent stability and extremely strong multi-tag identification performance. It\u2019s from the killer whale inspired design, the appearance of dexterous and elegant, simple and well-proportioned, every detail has been repeated scrutiny, sense of proportion to handle properly, to create&#8230;<\/p>","protected":false},"author":1,"featured_media":3548,"parent":991,"menu_order":0,"comment_status":"closed","ping_status":"closed","template":"","meta":{"_kad_blocks_custom_css":"","_kad_blocks_head_custom_js":"","_kad_blocks_body_custom_js":"","_kad_blocks_footer_custom_js":"","_kadence_starter_templates_imported_post":false,"_kad_post_transparent":"","_kad_post_title":"","_kad_post_layout":"","_kad_post_sidebar_id":"","_kad_post_content_style":"","_kad_post_vertical_padding":"","_kad_post_feature":"","_kad_post_feature_position":"","_kad_post_header":false,"_kad_post_footer":false,"footnotes":""},"class_list":["post-3364","page","type-page","status-publish","has-post-thumbnail","hentry"],"yoast_head":"<!-- This site is optimized with the Yoast SEO Premium plugin v23.0 (Yoast SEO v26.3) - https:\/\/yoast.com\/wordpress\/plugins\/seo\/ -->\n<title>UHF Handheld Reader Data Terminal | HUAYUAN RFID Tag Manufacturer<\/title>\n<meta name=\"description\" content=\"ORCA-50 RAIN UHF Handheld Reader is adopt self-developed module based on Impinj Indy R2000 chip, with excellent stability and extremely strong multi-tag.\" \/>\n<meta name=\"robots\" content=\"index, follow, max-snippet:-1, max-image-preview:large, max-video-preview:-1\" \/>\n<link rel=\"canonical\" href=\"https:\/\/huayuansh.com\/fr\/produits\/modules-lecteurs-rfid\/terminal-de-donnees-lecture-uhf\/\" \/>\n<meta property=\"og:locale\" content=\"fr_FR\" \/>\n<meta property=\"og:type\" content=\"article\" \/>\n<meta property=\"og:title\" content=\"UHF Handheld Reader Data Terminal\" \/>\n<meta property=\"og:description\" content=\"ORCA-50 RAIN UHF Handheld Reader is adopt self-developed module based on Impinj Indy R2000 chip, with excellent stability and extremely strong multi-tag.\" \/>\n<meta property=\"og:url\" content=\"https:\/\/huayuansh.com\/fr\/produits\/modules-lecteurs-rfid\/terminal-de-donnees-lecture-uhf\/\" \/>\n<meta property=\"og:site_name\" content=\"HUAYUAN RFID Tag Manufacturer\" \/>\n<meta property=\"article:modified_time\" content=\"2024-08-02T06:35:53+00:00\" \/>\n<meta property=\"og:image\" content=\"https:\/\/huayuansh.com\/wp-content\/uploads\/2024\/08\/UHF-Handheld-Reader-Data-Terminal.webp\" \/>\n\t<meta property=\"og:image:width\" content=\"1920\" \/>\n\t<meta property=\"og:image:height\" content=\"1080\" \/>\n\t<meta property=\"og:image:type\" content=\"image\/webp\" \/>\n<meta name=\"twitter:card\" content=\"summary_large_image\" \/>\n<meta name=\"twitter:label1\" content=\"Dur\u00e9e de lecture estim\u00e9e\" \/>\n\t<meta name=\"twitter:data1\" content=\"4 minutes\" \/>\n<script type=\"application\/ld+json\" class=\"yoast-schema-graph\">{\"@context\":\"https:\/\/schema.org\",\"@graph\":[{\"@type\":\"WebPage\",\"@id\":\"https:\/\/huayuansh.com\/products\/rfid-readers-modules\/uhf-handheld-reader-data-terminal\/\",\"url\":\"https:\/\/huayuansh.com\/products\/rfid-readers-modules\/uhf-handheld-reader-data-terminal\/\",\"name\":\"UHF Handheld Reader Data Terminal | HUAYUAN RFID Tag Manufacturer\",\"isPartOf\":{\"@id\":\"https:\/\/huayuansh.com\/#website\"},\"primaryImageOfPage\":{\"@id\":\"https:\/\/huayuansh.com\/products\/rfid-readers-modules\/uhf-handheld-reader-data-terminal\/#primaryimage\"},\"image\":{\"@id\":\"https:\/\/huayuansh.com\/products\/rfid-readers-modules\/uhf-handheld-reader-data-terminal\/#primaryimage\"},\"thumbnailUrl\":\"https:\/\/huayuansh.com\/wp-content\/uploads\/2024\/08\/UHF-Handheld-Reader-Data-Terminal.webp\",\"datePublished\":\"2024-07-15T02:41:18+00:00\",\"dateModified\":\"2024-08-02T06:35:53+00:00\",\"description\":\"ORCA-50 RAIN UHF Handheld Reader is adopt self-developed module based on Impinj Indy R2000 chip, with excellent stability and extremely strong multi-tag.\",\"breadcrumb\":{\"@id\":\"https:\/\/huayuansh.com\/products\/rfid-readers-modules\/uhf-handheld-reader-data-terminal\/#breadcrumb\"},\"inLanguage\":\"fr-FR\",\"potentialAction\":[{\"@type\":\"ReadAction\",\"target\":[\"https:\/\/huayuansh.com\/products\/rfid-readers-modules\/uhf-handheld-reader-data-terminal\/\"]}]},{\"@type\":\"ImageObject\",\"inLanguage\":\"fr-FR\",\"@id\":\"https:\/\/huayuansh.com\/products\/rfid-readers-modules\/uhf-handheld-reader-data-terminal\/#primaryimage\",\"url\":\"https:\/\/huayuansh.com\/wp-content\/uploads\/2024\/08\/UHF-Handheld-Reader-Data-Terminal.webp\",\"contentUrl\":\"https:\/\/huayuansh.com\/wp-content\/uploads\/2024\/08\/UHF-Handheld-Reader-Data-Terminal.webp\",\"width\":1920,\"height\":1080,\"caption\":\"UHF Handheld Reader Data Terminal\"},{\"@type\":\"BreadcrumbList\",\"@id\":\"https:\/\/huayuansh.com\/products\/rfid-readers-modules\/uhf-handheld-reader-data-terminal\/#breadcrumb\",\"itemListElement\":[{\"@type\":\"ListItem\",\"position\":1,\"name\":\"Home\",\"item\":\"https:\/\/huayuansh.com\/\"},{\"@type\":\"ListItem\",\"position\":2,\"name\":\"RFID Products\",\"item\":\"https:\/\/huayuansh.com\/products\/\"},{\"@type\":\"ListItem\",\"position\":3,\"name\":\"RFID Reader Devices\",\"item\":\"https:\/\/huayuansh.com\/products\/rfid-readers-modules\/\"},{\"@type\":\"ListItem\",\"position\":4,\"name\":\"UHF Handheld Reader Data Terminal\"}]},{\"@type\":\"WebSite\",\"@id\":\"https:\/\/huayuansh.com\/#website\",\"url\":\"https:\/\/huayuansh.com\/\",\"name\":\"HUAYUAN RFID Tag Manufacturer\",\"description\":\"HUAYUAN RFID Tag Manufacturer\",\"publisher\":{\"@id\":\"https:\/\/huayuansh.com\/#organization\"},\"potentialAction\":[{\"@type\":\"SearchAction\",\"target\":{\"@type\":\"EntryPoint\",\"urlTemplate\":\"https:\/\/huayuansh.com\/?s={search_term_string}\"},\"query-input\":{\"@type\":\"PropertyValueSpecification\",\"valueRequired\":true,\"valueName\":\"search_term_string\"}}],\"inLanguage\":\"fr-FR\"},{\"@type\":\"Organization\",\"@id\":\"https:\/\/huayuansh.com\/#organization\",\"name\":\"HUAYUAN RFID Tag Manufacturer\",\"url\":\"https:\/\/huayuansh.com\/\",\"logo\":{\"@type\":\"ImageObject\",\"inLanguage\":\"fr-FR\",\"@id\":\"https:\/\/huayuansh.com\/#\/schema\/logo\/image\/\",\"url\":\"https:\/\/huayuansh.com\/wp-content\/uploads\/2024\/09\/cropped-HUAYUAN.webp\",\"contentUrl\":\"https:\/\/huayuansh.com\/wp-content\/uploads\/2024\/09\/cropped-HUAYUAN.webp\",\"width\":895,\"height\":279,\"caption\":\"HUAYUAN RFID Tag Manufacturer\"},\"image\":{\"@id\":\"https:\/\/huayuansh.com\/#\/schema\/logo\/image\/\"}}]}<\/script>\n<!-- \/ Yoast SEO Premium plugin. -->","yoast_head_json":{"title":"UHF Handheld Reader Data Terminal | HUAYUAN RFID Tag Manufacturer","description":"Le lecteur portable ORCA-50 RAIN UHF est un module auto-d\u00e9velopp\u00e9 bas\u00e9 sur la puce Impinj Indy R2000, avec une excellente stabilit\u00e9 et un multi-tag extr\u00eamement puissant.","robots":{"index":"index","follow":"follow","max-snippet":"max-snippet:-1","max-image-preview":"max-image-preview:large","max-video-preview":"max-video-preview:-1"},"canonical":"https:\/\/huayuansh.com\/fr\/produits\/modules-lecteurs-rfid\/terminal-de-donnees-lecture-uhf\/","og_locale":"fr_FR","og_type":"article","og_title":"UHF Handheld Reader Data Terminal","og_description":"ORCA-50 RAIN UHF Handheld Reader is adopt self-developed module based on Impinj Indy R2000 chip, with excellent stability and extremely strong multi-tag.","og_url":"https:\/\/huayuansh.com\/fr\/produits\/modules-lecteurs-rfid\/terminal-de-donnees-lecture-uhf\/","og_site_name":"HUAYUAN RFID Tag Manufacturer","article_modified_time":"2024-08-02T06:35:53+00:00","og_image":[{"width":1920,"height":1080,"url":"https:\/\/huayuansh.com\/wp-content\/uploads\/2024\/08\/UHF-Handheld-Reader-Data-Terminal.webp","type":"image\/webp"}],"twitter_card":"summary_large_image","twitter_misc":{"Dur\u00e9e de lecture estim\u00e9e":"4 minutes"},"schema":{"@context":"https:\/\/schema.org","@graph":[{"@type":"WebPage","@id":"https:\/\/huayuansh.com\/products\/rfid-readers-modules\/uhf-handheld-reader-data-terminal\/","url":"https:\/\/huayuansh.com\/products\/rfid-readers-modules\/uhf-handheld-reader-data-terminal\/","name":"UHF Handheld Reader Data Terminal | HUAYUAN RFID Tag Manufacturer","isPartOf":{"@id":"https:\/\/huayuansh.com\/#website"},"primaryImageOfPage":{"@id":"https:\/\/huayuansh.com\/products\/rfid-readers-modules\/uhf-handheld-reader-data-terminal\/#primaryimage"},"image":{"@id":"https:\/\/huayuansh.com\/products\/rfid-readers-modules\/uhf-handheld-reader-data-terminal\/#primaryimage"},"thumbnailUrl":"https:\/\/huayuansh.com\/wp-content\/uploads\/2024\/08\/UHF-Handheld-Reader-Data-Terminal.webp","datePublished":"2024-07-15T02:41:18+00:00","dateModified":"2024-08-02T06:35:53+00:00","description":"Le lecteur portable ORCA-50 RAIN UHF est un module auto-d\u00e9velopp\u00e9 bas\u00e9 sur la puce Impinj Indy R2000, avec une excellente stabilit\u00e9 et un multi-tag extr\u00eamement puissant.","breadcrumb":{"@id":"https:\/\/huayuansh.com\/products\/rfid-readers-modules\/uhf-handheld-reader-data-terminal\/#breadcrumb"},"inLanguage":"fr-FR","potentialAction":[{"@type":"ReadAction","target":["https:\/\/huayuansh.com\/products\/rfid-readers-modules\/uhf-handheld-reader-data-terminal\/"]}]},{"@type":"ImageObject","inLanguage":"fr-FR","@id":"https:\/\/huayuansh.com\/products\/rfid-readers-modules\/uhf-handheld-reader-data-terminal\/#primaryimage","url":"https:\/\/huayuansh.com\/wp-content\/uploads\/2024\/08\/UHF-Handheld-Reader-Data-Terminal.webp","contentUrl":"https:\/\/huayuansh.com\/wp-content\/uploads\/2024\/08\/UHF-Handheld-Reader-Data-Terminal.webp","width":1920,"height":1080,"caption":"UHF Handheld Reader Data Terminal"},{"@type":"BreadcrumbList","@id":"https:\/\/huayuansh.com\/products\/rfid-readers-modules\/uhf-handheld-reader-data-terminal\/#breadcrumb","itemListElement":[{"@type":"ListItem","position":1,"name":"Home","item":"https:\/\/huayuansh.com\/"},{"@type":"ListItem","position":2,"name":"RFID Products","item":"https:\/\/huayuansh.com\/products\/"},{"@type":"ListItem","position":3,"name":"RFID Reader Devices","item":"https:\/\/huayuansh.com\/products\/rfid-readers-modules\/"},{"@type":"ListItem","position":4,"name":"UHF Handheld Reader Data Terminal"}]},{"@type":"WebSite","@id":"https:\/\/huayuansh.com\/#website","url":"https:\/\/huayuansh.com\/","name":"Fabricant d'\u00e9tiquettes RFID HUAYUAN","description":"Fabricant d'\u00e9tiquettes RFID HUAYUAN","publisher":{"@id":"https:\/\/huayuansh.com\/#organization"},"potentialAction":[{"@type":"SearchAction","target":{"@type":"EntryPoint","urlTemplate":"https:\/\/huayuansh.com\/?s={search_term_string}"},"query-input":{"@type":"PropertyValueSpecification","valueRequired":true,"valueName":"search_term_string"}}],"inLanguage":"fr-FR"},{"@type":"Organization","@id":"https:\/\/huayuansh.com\/#organization","name":"Fabricant d'\u00e9tiquettes RFID HUAYUAN","url":"https:\/\/huayuansh.com\/","logo":{"@type":"ImageObject","inLanguage":"fr-FR","@id":"https:\/\/huayuansh.com\/#\/schema\/logo\/image\/","url":"https:\/\/huayuansh.com\/wp-content\/uploads\/2024\/09\/cropped-HUAYUAN.webp","contentUrl":"https:\/\/huayuansh.com\/wp-content\/uploads\/2024\/09\/cropped-HUAYUAN.webp","width":895,"height":279,"caption":"HUAYUAN RFID Tag Manufacturer"},"image":{"@id":"https:\/\/huayuansh.com\/#\/schema\/logo\/image\/"}}]}},"taxonomy_info":[],"featured_image_src_large":["https:\/\/huayuansh.com\/wp-content\/uploads\/2024\/08\/UHF-Handheld-Reader-Data-Terminal-1024x576.webp",1024,576,true],"author_info":{"display_name":"HUAYUAN","author_link":"https:\/\/huayuansh.com\/fr\/author\/shyec2024\/"},"comment_info":0,"_links":{"self":[{"href":"https:\/\/huayuansh.com\/fr\/wp-json\/wp\/v2\/pages\/3364","targetHints":{"allow":["GET"]}}],"collection":[{"href":"https:\/\/huayuansh.com\/fr\/wp-json\/wp\/v2\/pages"}],"about":[{"href":"https:\/\/huayuansh.com\/fr\/wp-json\/wp\/v2\/types\/page"}],"author":[{"embeddable":true,"href":"https:\/\/huayuansh.com\/fr\/wp-json\/wp\/v2\/users\/1"}],"replies":[{"embeddable":true,"href":"https:\/\/huayuansh.com\/fr\/wp-json\/wp\/v2\/comments?post=3364"}],"version-history":[{"count":2,"href":"https:\/\/huayuansh.com\/fr\/wp-json\/wp\/v2\/pages\/3364\/revisions"}],"predecessor-version":[{"id":3546,"href":"https:\/\/huayuansh.com\/fr\/wp-json\/wp\/v2\/pages\/3364\/revisions\/3546"}],"up":[{"embeddable":true,"href":"https:\/\/huayuansh.com\/fr\/wp-json\/wp\/v2\/pages\/991"}],"wp:featuredmedia":[{"embeddable":true,"href":"https:\/\/huayuansh.com\/fr\/wp-json\/wp\/v2\/media\/3548"}],"wp:attachment":[{"href":"https:\/\/huayuansh.com\/fr\/wp-json\/wp\/v2\/media?parent=3364"}],"curies":[{"name":"wp","href":"https:\/\/api.w.org\/{rel}","templated":true}]}}