{"id":3368,"date":"2024-07-15T11:07:50","date_gmt":"2024-07-15T03:07:50","guid":{"rendered":"https:\/\/huayuansh.com\/?page_id=3368"},"modified":"2024-08-02T16:18:26","modified_gmt":"2024-08-02T08:18:26","slug":"antenne-de-lecteur-rain-rfid","status":"publish","type":"page","link":"https:\/\/huayuansh.com\/fr\/produits\/modules-lecteurs-rfid\/antenne-de-lecteur-rain-rfid\/","title":{"rendered":"Antenne de lecteur RFID RAIN"},"content":{"rendered":"<p><strong>Antenne de lecteur UHF HUAYUAN RAIN RFID&nbsp;<\/strong>transmet une onde qui poss\u00e8de \u00e0 la fois des propri\u00e9t\u00e9s \u00e9lectriques et magn\u00e9tiques et qui est connue sous le nom d'onde \u00e9lectromagn\u00e9tique. Il existe deux types diff\u00e9rents d'antennes RFID<strong>Polarisation circulaire<\/strong>&nbsp;ou<strong>&nbsp;Polarisation lin\u00e9aire<\/strong>:<\/p>\n\n\n\n<p><strong>Polarisation lin\u00e9aire (antennes dip\u00f4les)<\/strong>\u00a0- l'onde \u00e9lectromagn\u00e9tique se propage enti\u00e8rement dans un plan (vertical ou horizontal) dans la direction de la propagation du signal. Il s'agit de la meilleure propagation de l'onde lorsque l'orientation de l'\u00e9tiquette est connue et fixe. L'antenne RFID et\u00a0<a href=\"https:\/\/huayuansh.com\/products\/industrial-rfid-tags\/\">\u00c9tiquette RFID<\/a>\u00a0doivent \u00eatre adapt\u00e9s en termes de polarisation afin d'obtenir les meilleurs taux de lecture.<\/p>\n\n\n\n<p><strong>Polarisation circulaire (h\u00e9lice, dip\u00f4les crois\u00e9s et patch)<\/strong>&nbsp;- l'onde \u00e9lectromagn\u00e9tique se propage dans deux plans, cr\u00e9ant un effet circulaire (comme un tire-bouchon) et effectuant une r\u00e9volution compl\u00e8te en une seule longueur d'onde. \u00c9tant donn\u00e9 que l'antenne RFID \u00e9met continuellement une longueur d'onde, le champ de rotation finira par couvrir toute \u00e9tiquette se trouvant sur son chemin. C'est la meilleure solution lorsque l'orientation de l'\u00e9tiquette est inconnue, mais vous perdez au moins 3 dB par rapport \u00e0 une antenne \u00e0 polarisation lin\u00e9aire. La polarisation circulaire peut \u00eatre \u00e0 droite ou \u00e0 gauche, d'o\u00f9 les options RHCP et LHCP pour les antennes \u00e0 polarisation circulaire.<\/p>\n\n\n\n<p>L'antenne de lecture RFID UHF HUAYUAN RAIN est une antenne RFID UHF haut de gamme, avec un gain \u00e9lev\u00e9 et un faible rapport d'ondes stationnaires, ce qui permet d'obtenir les meilleures performances. Bo\u00eetier en plastique technique, construction robuste IP66, niveau de protection \u00e9lev\u00e9 pour une large utilisation avec nos S-8600, S-8800. <a href=\"https:\/\/huayuansh.com\/products\/rfid-readers-modules\/fixed-rfid-readers\/\">Lecteur fixe UHF<\/a>comme le suivi des actifs,\u00a0<a href=\"https:\/\/huayuansh.com\/the-reasons-for-rfid-technology-in-warehouse-management\/\">gestion d'entrep\u00f4t<\/a>La gestion intelligente du trafic, le suivi des v\u00e9hicules, la gestion des cha\u00eenes de production, la mesure intelligente du poids, etc.<\/p>\n\n\n\n<h2 class=\"wp-block-heading\" id=\"h-uhf-rfid-reader-antenna-features\">Caract\u00e9ristiques de l'antenne du lecteur RFID UHF<\/h2>\n\n\n\n<p>- Puissant : Performance RFID maximale, distance de lecture jusqu'\u00e0 15m (9dBi) \/ 20m (12dBi) (max 10-30m)<br>- Avanc\u00e9e : Excellente fonction de lecture de plusieurs \u00e9tiquettes, &gt;400 fois par seconde<br>- Industriel : IP66 robuste, s'appliquant \u00e0 des types d'environnements s\u00e9v\u00e8res<br>- Large utilisation : Id\u00e9al pour les applications \u00e0 longue distance de lecture telles que l'entreposage, la logistique, la production, la cour...<\/p>\n\n\n<div class=\"wp-block-image\">\n<figure class=\"aligncenter size-large\"><img loading=\"lazy\" decoding=\"async\" width=\"1024\" height=\"576\" src=\"https:\/\/huayuansh.com\/wp-content\/uploads\/2024\/08\/RAIN-RFID-Reader-Antenna-Features-1024x576.webp\" alt=\"Caract\u00e9ristiques de l&#039;antenne du lecteur RFID RAIN\" class=\"wp-image-3550\" srcset=\"https:\/\/huayuansh.com\/wp-content\/uploads\/2024\/08\/RAIN-RFID-Reader-Antenna-Features-1024x576.webp 1024w, https:\/\/huayuansh.com\/wp-content\/uploads\/2024\/08\/RAIN-RFID-Reader-Antenna-Features-300x169.webp 300w, https:\/\/huayuansh.com\/wp-content\/uploads\/2024\/08\/RAIN-RFID-Reader-Antenna-Features-768x432.webp 768w, https:\/\/huayuansh.com\/wp-content\/uploads\/2024\/08\/RAIN-RFID-Reader-Antenna-Features.webp 1280w\" sizes=\"auto, (max-width: 1024px) 100vw, 1024px\" \/><\/figure><\/div>\n\n\n<h2 class=\"wp-block-heading\" id=\"h-rain-rfid-reader-antenna-specification\">Sp\u00e9cification de l'antenne du lecteur RFID RAIN<strong><\/strong><\/h2>\n\n\n\n<figure class=\"wp-block-table\"><table><tbody><tr><td colspan=\"3\"><strong>Param\u00e8tres techniques<\/strong><\/td><\/tr><tr><td>Fr\u00e9quence<\/td><td>860~928MHz<\/td><td>860~928MHz<\/td><\/tr><tr><td>Gain<\/td><td><strong>9dBi<\/strong><\/td><td><strong>12dBi<\/strong><\/td><\/tr><tr><td>Largeur du faisceau<\/td><td>Hor : 70\u00b0 Ver : 70\u00b0<\/td><td>Hor : 45 Ver : 45\u00b0<\/td><\/tr><tr><td>Polarisation<\/td><td>Circulaire<\/td><td>Circulaire<\/td><\/tr><tr><td>TOS<\/td><td>\u22641.4<\/td><td>\u22641.3<\/td><\/tr><tr><td>Rapport F\/B<\/td><td>\u226520<\/td><td>\u226525<\/td><\/tr><tr><td>Imp\u00e9dance<\/td><td>50\u03a9<\/td><td>50\u03a9<\/td><\/tr><tr><td>Puissance maximale<\/td><td>50W<\/td><td>100W<\/td><\/tr><tr><td>Protection contre la foudre<\/td><td>Terre DC<\/td><td>Terre DC<\/td><\/tr><tr><td>Connecteur<\/td><td>SMA-Femelle<\/td><td>SMA-Femelle<\/td><\/tr><tr><td colspan=\"3\"><strong>Sp\u00e9cifications physiques<\/strong><\/td><\/tr><tr><td>Dimension<\/td><td>260*260*45mm<\/td><td>445*445*40mm<\/td><\/tr><tr><td>Poids net<\/td><td>1,75 kg<\/td><td>2,3 kg<\/td><\/tr><tr><td>Taille de l'emballage<\/td><td>45*35*14.5cm<\/td><td>60*48*11cm<\/td><\/tr><tr><td>Poids brut<\/td><td>2kg<\/td><td>4,25 kg<\/td><\/tr><tr><td>Mat\u00e9riau du rad\u00f4me<\/td><td>ABS<\/td><td>ABS<\/td><\/tr><tr><td>Couleur du rad\u00f4me<\/td><td>Blanc<\/td><td>Blanc<\/td><\/tr><tr><td>Diam\u00e8tre du poteau<\/td><td>\u03a640-60mm<\/td><td>\u03a640-80mm<\/td><\/tr><tr><td>Vitesse du vent<\/td><td>60m\/s<\/td><td>60m\/s<\/td><\/tr><tr><td>Temp\u00e9rature de fonctionnement<\/td><td>-40~70\u00b0C<\/td><td>-40~70\u00b0C<\/td><\/tr><\/tbody><\/table><\/figure>\n\n\n\n<h5 class=\"wp-block-heading\" id=\"h-get-in-touch\"><strong>Prendre contact<\/strong><\/h5>\n\n\n\n<p>Pour plus d'informations sur les lecteurs et \u00e9tiquettes RFID et les applications IoT de Huayuan.<\/p>\n\n\n<style>.wp-block-kadence-advancedbtn.kb-btns3368_881ca8-b1{gap:var(--global-kb-gap-xs, 0.5rem );justify-content:flex-start;align-items:center;}.kt-btns3368_881ca8-b1 .kt-button{font-weight:normal;font-style:normal;}.kt-btns3368_881ca8-b1 .kt-btn-wrap-0{margin-right:5px;}.wp-block-kadence-advancedbtn.kt-btns3368_881ca8-b1 .kt-btn-wrap-0 .kt-button{color:#555555;border-color:#555555;}.wp-block-kadence-advancedbtn.kt-btns3368_881ca8-b1 .kt-btn-wrap-0 .kt-button:hover, .wp-block-kadence-advancedbtn.kt-btns3368_881ca8-b1 .kt-btn-wrap-0 .kt-button:focus{color:#ffffff;border-color:#444444;}.wp-block-kadence-advancedbtn.kt-btns3368_881ca8-b1 .kt-btn-wrap-0 .kt-button::before{display:none;}.wp-block-kadence-advancedbtn.kt-btns3368_881ca8-b1 .kt-btn-wrap-0 .kt-button:hover, .wp-block-kadence-advancedbtn.kt-btns3368_881ca8-b1 .kt-btn-wrap-0 .kt-button:focus{background:#444444;}<\/style>\n<div class=\"wp-block-kadence-advancedbtn kb-buttons-wrap kb-btns3368_881ca8-b1\"><style>ul.menu .wp-block-kadence-advancedbtn .kb-btn3368_565bef-99.kb-button{width:initial;}<\/style><a class=\"kb-button kt-button button kb-btn3368_565bef-99 kt-btn-size-standard kt-btn-width-type-auto kb-btn-global-inherit  kt-btn-has-text-true kt-btn-has-svg-false  wp-block-button__link wp-block-kadence-singlebtn\" href=\"https:\/\/huayuansh.com\/contact-us\/\"><span class=\"kt-btn-inner-text\">Nous contacter<\/span><\/a><\/div>","protected":false},"excerpt":{"rendered":"<p>HUAYUAN RAIN RFID&nbsp;UHF&nbsp;Reader Antenna&nbsp;transmits a wave that has both electrical and magnetic properties and is known as an electromagnetic wave. There are 2 different types of&nbsp;RFID antennas, Circular Polarization&nbsp;or&nbsp;Linear Polarization: Linear Polarization (dipole antennas)\u00a0\u2013 the electromagnetic wave propagates entirely in one plane (Vertical or Horizontal) in the direction of the signal propagation. This is the&#8230;<\/p>","protected":false},"author":1,"featured_media":3568,"parent":991,"menu_order":0,"comment_status":"closed","ping_status":"closed","template":"","meta":{"_kad_blocks_custom_css":"","_kad_blocks_head_custom_js":"","_kad_blocks_body_custom_js":"","_kad_blocks_footer_custom_js":"","_kadence_starter_templates_imported_post":false,"_kad_post_transparent":"","_kad_post_title":"","_kad_post_layout":"","_kad_post_sidebar_id":"","_kad_post_content_style":"","_kad_post_vertical_padding":"","_kad_post_feature":"","_kad_post_feature_position":"","_kad_post_header":false,"_kad_post_footer":false,"footnotes":""},"class_list":["post-3368","page","type-page","status-publish","has-post-thumbnail","hentry"],"yoast_head":"<!-- This site is optimized with the Yoast SEO Premium plugin v23.0 (Yoast SEO v26.3) - https:\/\/yoast.com\/wordpress\/plugins\/seo\/ -->\n<title>RAIN RFID Reader Antenna | HUAYUAN RFID Tag Manufacturer<\/title>\n<meta name=\"description\" content=\"HUAYUAN RAIN UHF Reader Antenna is designed high-end UHF RFID Antenna, high gain but low standing-wave ratio brings best performance.\" \/>\n<meta name=\"robots\" content=\"index, follow, max-snippet:-1, max-image-preview:large, max-video-preview:-1\" \/>\n<link rel=\"canonical\" href=\"https:\/\/huayuansh.com\/fr\/produits\/modules-lecteurs-rfid\/antenne-de-lecteur-rain-rfid\/\" \/>\n<meta property=\"og:locale\" content=\"fr_FR\" \/>\n<meta property=\"og:type\" content=\"article\" \/>\n<meta property=\"og:title\" content=\"RAIN RFID Reader Antenna\" \/>\n<meta property=\"og:description\" content=\"HUAYUAN RAIN UHF Reader Antenna is designed high-end UHF RFID Antenna, high gain but low standing-wave ratio brings best performance.\" \/>\n<meta property=\"og:url\" content=\"https:\/\/huayuansh.com\/fr\/produits\/modules-lecteurs-rfid\/antenne-de-lecteur-rain-rfid\/\" \/>\n<meta property=\"og:site_name\" content=\"HUAYUAN RFID Tag Manufacturer\" \/>\n<meta property=\"article:modified_time\" content=\"2024-08-02T08:18:26+00:00\" \/>\n<meta property=\"og:image\" content=\"https:\/\/huayuansh.com\/wp-content\/uploads\/2024\/08\/RFID-Reader-Antenna.webp\" \/>\n\t<meta property=\"og:image:width\" content=\"1920\" \/>\n\t<meta property=\"og:image:height\" content=\"1080\" \/>\n\t<meta property=\"og:image:type\" content=\"image\/webp\" \/>\n<meta name=\"twitter:card\" content=\"summary_large_image\" \/>\n<meta name=\"twitter:label1\" content=\"Dur\u00e9e de lecture estim\u00e9e\" \/>\n\t<meta name=\"twitter:data1\" content=\"3 minutes\" \/>\n<script type=\"application\/ld+json\" class=\"yoast-schema-graph\">{\"@context\":\"https:\/\/schema.org\",\"@graph\":[{\"@type\":\"WebPage\",\"@id\":\"https:\/\/huayuansh.com\/products\/rfid-readers-modules\/rain-rfid-reader-antenna\/\",\"url\":\"https:\/\/huayuansh.com\/products\/rfid-readers-modules\/rain-rfid-reader-antenna\/\",\"name\":\"RAIN RFID Reader Antenna | HUAYUAN RFID Tag Manufacturer\",\"isPartOf\":{\"@id\":\"https:\/\/huayuansh.com\/#website\"},\"primaryImageOfPage\":{\"@id\":\"https:\/\/huayuansh.com\/products\/rfid-readers-modules\/rain-rfid-reader-antenna\/#primaryimage\"},\"image\":{\"@id\":\"https:\/\/huayuansh.com\/products\/rfid-readers-modules\/rain-rfid-reader-antenna\/#primaryimage\"},\"thumbnailUrl\":\"https:\/\/huayuansh.com\/wp-content\/uploads\/2024\/08\/RFID-Reader-Antenna.webp\",\"datePublished\":\"2024-07-15T03:07:50+00:00\",\"dateModified\":\"2024-08-02T08:18:26+00:00\",\"description\":\"HUAYUAN RAIN UHF Reader Antenna is designed high-end UHF RFID Antenna, high gain but low standing-wave ratio brings best performance.\",\"breadcrumb\":{\"@id\":\"https:\/\/huayuansh.com\/products\/rfid-readers-modules\/rain-rfid-reader-antenna\/#breadcrumb\"},\"inLanguage\":\"fr-FR\",\"potentialAction\":[{\"@type\":\"ReadAction\",\"target\":[\"https:\/\/huayuansh.com\/products\/rfid-readers-modules\/rain-rfid-reader-antenna\/\"]}]},{\"@type\":\"ImageObject\",\"inLanguage\":\"fr-FR\",\"@id\":\"https:\/\/huayuansh.com\/products\/rfid-readers-modules\/rain-rfid-reader-antenna\/#primaryimage\",\"url\":\"https:\/\/huayuansh.com\/wp-content\/uploads\/2024\/08\/RFID-Reader-Antenna.webp\",\"contentUrl\":\"https:\/\/huayuansh.com\/wp-content\/uploads\/2024\/08\/RFID-Reader-Antenna.webp\",\"width\":1920,\"height\":1080,\"caption\":\"RFID Reader Antenna\"},{\"@type\":\"BreadcrumbList\",\"@id\":\"https:\/\/huayuansh.com\/products\/rfid-readers-modules\/rain-rfid-reader-antenna\/#breadcrumb\",\"itemListElement\":[{\"@type\":\"ListItem\",\"position\":1,\"name\":\"Home\",\"item\":\"https:\/\/huayuansh.com\/\"},{\"@type\":\"ListItem\",\"position\":2,\"name\":\"RFID Products\",\"item\":\"https:\/\/huayuansh.com\/products\/\"},{\"@type\":\"ListItem\",\"position\":3,\"name\":\"RFID Reader Devices\",\"item\":\"https:\/\/huayuansh.com\/products\/rfid-readers-modules\/\"},{\"@type\":\"ListItem\",\"position\":4,\"name\":\"RAIN RFID Reader Antenna\"}]},{\"@type\":\"WebSite\",\"@id\":\"https:\/\/huayuansh.com\/#website\",\"url\":\"https:\/\/huayuansh.com\/\",\"name\":\"HUAYUAN RFID Tag Manufacturer\",\"description\":\"HUAYUAN RFID Tag Manufacturer\",\"publisher\":{\"@id\":\"https:\/\/huayuansh.com\/#organization\"},\"potentialAction\":[{\"@type\":\"SearchAction\",\"target\":{\"@type\":\"EntryPoint\",\"urlTemplate\":\"https:\/\/huayuansh.com\/?s={search_term_string}\"},\"query-input\":{\"@type\":\"PropertyValueSpecification\",\"valueRequired\":true,\"valueName\":\"search_term_string\"}}],\"inLanguage\":\"fr-FR\"},{\"@type\":\"Organization\",\"@id\":\"https:\/\/huayuansh.com\/#organization\",\"name\":\"HUAYUAN RFID Tag Manufacturer\",\"url\":\"https:\/\/huayuansh.com\/\",\"logo\":{\"@type\":\"ImageObject\",\"inLanguage\":\"fr-FR\",\"@id\":\"https:\/\/huayuansh.com\/#\/schema\/logo\/image\/\",\"url\":\"https:\/\/huayuansh.com\/wp-content\/uploads\/2024\/09\/cropped-HUAYUAN.webp\",\"contentUrl\":\"https:\/\/huayuansh.com\/wp-content\/uploads\/2024\/09\/cropped-HUAYUAN.webp\",\"width\":895,\"height\":279,\"caption\":\"HUAYUAN RFID Tag Manufacturer\"},\"image\":{\"@id\":\"https:\/\/huayuansh.com\/#\/schema\/logo\/image\/\"}}]}<\/script>\n<!-- \/ Yoast SEO Premium plugin. -->","yoast_head_json":{"title":"Antenne de lecteur RFID RAIN | Fabricant d'\u00e9tiquettes RFID HUAYUAN","description":"L'antenne de lecture UHF RAIN de HUAYUAN est une antenne RFID UHF haut de gamme. Son gain \u00e9lev\u00e9 et son faible rapport d'ondes stationnaires lui conf\u00e8rent les meilleures performances.","robots":{"index":"index","follow":"follow","max-snippet":"max-snippet:-1","max-image-preview":"max-image-preview:large","max-video-preview":"max-video-preview:-1"},"canonical":"https:\/\/huayuansh.com\/fr\/produits\/modules-lecteurs-rfid\/antenne-de-lecteur-rain-rfid\/","og_locale":"fr_FR","og_type":"article","og_title":"RAIN RFID Reader Antenna","og_description":"HUAYUAN RAIN UHF Reader Antenna is designed high-end UHF RFID Antenna, high gain but low standing-wave ratio brings best performance.","og_url":"https:\/\/huayuansh.com\/fr\/produits\/modules-lecteurs-rfid\/antenne-de-lecteur-rain-rfid\/","og_site_name":"HUAYUAN RFID Tag Manufacturer","article_modified_time":"2024-08-02T08:18:26+00:00","og_image":[{"width":1920,"height":1080,"url":"https:\/\/huayuansh.com\/wp-content\/uploads\/2024\/08\/RFID-Reader-Antenna.webp","type":"image\/webp"}],"twitter_card":"summary_large_image","twitter_misc":{"Dur\u00e9e de lecture estim\u00e9e":"3 minutes"},"schema":{"@context":"https:\/\/schema.org","@graph":[{"@type":"WebPage","@id":"https:\/\/huayuansh.com\/products\/rfid-readers-modules\/rain-rfid-reader-antenna\/","url":"https:\/\/huayuansh.com\/products\/rfid-readers-modules\/rain-rfid-reader-antenna\/","name":"Antenne de lecteur RFID RAIN | Fabricant d'\u00e9tiquettes RFID HUAYUAN","isPartOf":{"@id":"https:\/\/huayuansh.com\/#website"},"primaryImageOfPage":{"@id":"https:\/\/huayuansh.com\/products\/rfid-readers-modules\/rain-rfid-reader-antenna\/#primaryimage"},"image":{"@id":"https:\/\/huayuansh.com\/products\/rfid-readers-modules\/rain-rfid-reader-antenna\/#primaryimage"},"thumbnailUrl":"https:\/\/huayuansh.com\/wp-content\/uploads\/2024\/08\/RFID-Reader-Antenna.webp","datePublished":"2024-07-15T03:07:50+00:00","dateModified":"2024-08-02T08:18:26+00:00","description":"L'antenne de lecture UHF RAIN de HUAYUAN est une antenne RFID UHF haut de gamme. Son gain \u00e9lev\u00e9 et son faible rapport d'ondes stationnaires lui conf\u00e8rent les meilleures performances.","breadcrumb":{"@id":"https:\/\/huayuansh.com\/products\/rfid-readers-modules\/rain-rfid-reader-antenna\/#breadcrumb"},"inLanguage":"fr-FR","potentialAction":[{"@type":"ReadAction","target":["https:\/\/huayuansh.com\/products\/rfid-readers-modules\/rain-rfid-reader-antenna\/"]}]},{"@type":"ImageObject","inLanguage":"fr-FR","@id":"https:\/\/huayuansh.com\/products\/rfid-readers-modules\/rain-rfid-reader-antenna\/#primaryimage","url":"https:\/\/huayuansh.com\/wp-content\/uploads\/2024\/08\/RFID-Reader-Antenna.webp","contentUrl":"https:\/\/huayuansh.com\/wp-content\/uploads\/2024\/08\/RFID-Reader-Antenna.webp","width":1920,"height":1080,"caption":"RFID Reader Antenna"},{"@type":"BreadcrumbList","@id":"https:\/\/huayuansh.com\/products\/rfid-readers-modules\/rain-rfid-reader-antenna\/#breadcrumb","itemListElement":[{"@type":"ListItem","position":1,"name":"Home","item":"https:\/\/huayuansh.com\/"},{"@type":"ListItem","position":2,"name":"RFID Products","item":"https:\/\/huayuansh.com\/products\/"},{"@type":"ListItem","position":3,"name":"RFID Reader Devices","item":"https:\/\/huayuansh.com\/products\/rfid-readers-modules\/"},{"@type":"ListItem","position":4,"name":"RAIN RFID Reader Antenna"}]},{"@type":"WebSite","@id":"https:\/\/huayuansh.com\/#website","url":"https:\/\/huayuansh.com\/","name":"Fabricant d'\u00e9tiquettes RFID HUAYUAN","description":"Fabricant d'\u00e9tiquettes RFID HUAYUAN","publisher":{"@id":"https:\/\/huayuansh.com\/#organization"},"potentialAction":[{"@type":"SearchAction","target":{"@type":"EntryPoint","urlTemplate":"https:\/\/huayuansh.com\/?s={search_term_string}"},"query-input":{"@type":"PropertyValueSpecification","valueRequired":true,"valueName":"search_term_string"}}],"inLanguage":"fr-FR"},{"@type":"Organization","@id":"https:\/\/huayuansh.com\/#organization","name":"Fabricant d'\u00e9tiquettes RFID HUAYUAN","url":"https:\/\/huayuansh.com\/","logo":{"@type":"ImageObject","inLanguage":"fr-FR","@id":"https:\/\/huayuansh.com\/#\/schema\/logo\/image\/","url":"https:\/\/huayuansh.com\/wp-content\/uploads\/2024\/09\/cropped-HUAYUAN.webp","contentUrl":"https:\/\/huayuansh.com\/wp-content\/uploads\/2024\/09\/cropped-HUAYUAN.webp","width":895,"height":279,"caption":"HUAYUAN RFID Tag Manufacturer"},"image":{"@id":"https:\/\/huayuansh.com\/#\/schema\/logo\/image\/"}}]}},"taxonomy_info":[],"featured_image_src_large":["https:\/\/huayuansh.com\/wp-content\/uploads\/2024\/08\/RFID-Reader-Antenna-1024x576.webp",1024,576,true],"author_info":{"display_name":"HUAYUAN","author_link":"https:\/\/huayuansh.com\/fr\/author\/shyec2024\/"},"comment_info":0,"_links":{"self":[{"href":"https:\/\/huayuansh.com\/fr\/wp-json\/wp\/v2\/pages\/3368","targetHints":{"allow":["GET"]}}],"collection":[{"href":"https:\/\/huayuansh.com\/fr\/wp-json\/wp\/v2\/pages"}],"about":[{"href":"https:\/\/huayuansh.com\/fr\/wp-json\/wp\/v2\/types\/page"}],"author":[{"embeddable":true,"href":"https:\/\/huayuansh.com\/fr\/wp-json\/wp\/v2\/users\/1"}],"replies":[{"embeddable":true,"href":"https:\/\/huayuansh.com\/fr\/wp-json\/wp\/v2\/comments?post=3368"}],"version-history":[{"count":2,"href":"https:\/\/huayuansh.com\/fr\/wp-json\/wp\/v2\/pages\/3368\/revisions"}],"predecessor-version":[{"id":3552,"href":"https:\/\/huayuansh.com\/fr\/wp-json\/wp\/v2\/pages\/3368\/revisions\/3552"}],"up":[{"embeddable":true,"href":"https:\/\/huayuansh.com\/fr\/wp-json\/wp\/v2\/pages\/991"}],"wp:featuredmedia":[{"embeddable":true,"href":"https:\/\/huayuansh.com\/fr\/wp-json\/wp\/v2\/media\/3568"}],"wp:attachment":[{"href":"https:\/\/huayuansh.com\/fr\/wp-json\/wp\/v2\/media?parent=3368"}],"curies":[{"name":"wp","href":"https:\/\/api.w.org\/{rel}","templated":true}]}}