{"id":3372,"date":"2024-07-15T13:25:43","date_gmt":"2024-07-15T05:25:43","guid":{"rendered":"https:\/\/huayuansh.com\/?page_id=3372"},"modified":"2024-08-08T15:03:28","modified_gmt":"2024-08-08T07:03:28","slug":"etiquette-rfid-en-ceramique-uhf","status":"publish","type":"page","link":"https:\/\/huayuansh.com\/fr\/produits\/etiquettes-rfid-industrielles\/etiquette-rfid-en-ceramique-uhf\/","title":{"rendered":"\u00c9tiquette c\u00e9ramique RFID UHF"},"content":{"rendered":"<p>Les \u00e9tiquettes c\u00e9ramiques UHF sont sp\u00e9cialement con\u00e7ues pour le suivi des actifs dans des environnements complexes tels que les m\u00e9taux. L'\u00e9tiquette RFID c\u00e9ramique anti-m\u00e9tal pr\u00e9sente les caract\u00e9ristiques suivantes : anti-d\u00e9montage, fragilit\u00e9, super anti-interf\u00e9rence, r\u00e9sistance aux temp\u00e9ratures \u00e9lev\u00e9es, r\u00e9sistance \u00e0 la corrosion, \u00e9tanch\u00e9it\u00e9 \u00e0 l'eau et \u00e0 la poussi\u00e8re, haute sensibilit\u00e9, qualit\u00e9 stable de l'\u00e9tiquette mini RFID, etc. L'\u00e9tiquette RFID en c\u00e9ramique peut \u00eatre incorpor\u00e9e dans divers biens m\u00e9talliques, offrant ainsi une large gamme de solutions de gestion intelligente des biens pour les appareils m\u00e9dicaux, la fabrication industrielle, l'a\u00e9rospatiale et le d\u00e9veloppement de l'\u00e9nergie.<\/p>\n\n\n\n<div class=\"wp-block-columns are-vertically-aligned-center is-layout-flex wp-container-core-columns-is-layout-9d6595d7 wp-block-columns-is-layout-flex\">\n<div class=\"wp-block-column is-vertically-aligned-center is-layout-flow wp-block-column-is-layout-flow\" style=\"flex-basis:60%\">\n<h2 class=\"wp-block-heading\" id=\"h-key-features\">Caract\u00e9ristiques principales<\/h2>\n\n\n\n<div class=\"wp-block-group is-nowrap is-layout-flex wp-container-core-group-is-layout-ad2f72ca wp-block-group-is-layout-flex\">\n<ul class=\"wp-block-list\">\n<li>Anti-d\u00e9molition, fragile, super anti-interf\u00e9rence, r\u00e9siste \u00e0 une temp\u00e9rature \u00e9lev\u00e9e de 160\u2103.<\/li>\n\n\n\n<li>La meilleure solution pour les petites \u00e9tiquettes RFID miniatures \u00e0 longue distance de lecture.<\/li>\n\n\n\n<li>Prise en charge de plusieurs m\u00e9thodes d'installation, telles que l'installation encastr\u00e9e et l'installation adh\u00e9sive.<\/li>\n\n\n\n<li>Fr\u00e9quence personnalis\u00e9e avec les meilleures performances pour soutenir le projet.<\/li>\n<\/ul>\n<\/div>\n<\/div>\n\n\n\n<div class=\"wp-block-column is-vertically-aligned-center is-layout-flow wp-block-column-is-layout-flow\" style=\"flex-basis:40%\">\n<figure class=\"wp-block-image size-full\"><img loading=\"lazy\" decoding=\"async\" width=\"600\" height=\"600\" src=\"https:\/\/huayuansh.com\/wp-content\/uploads\/2024\/08\/UHF-RFID-Ceramic-Tag.webp\" alt=\"\" class=\"wp-image-3616\" style=\"aspect-ratio:3\/2;object-fit:cover\" srcset=\"https:\/\/huayuansh.com\/wp-content\/uploads\/2024\/08\/UHF-RFID-Ceramic-Tag.webp 600w, https:\/\/huayuansh.com\/wp-content\/uploads\/2024\/08\/UHF-RFID-Ceramic-Tag-300x300.webp 300w, https:\/\/huayuansh.com\/wp-content\/uploads\/2024\/08\/UHF-RFID-Ceramic-Tag-150x150.webp 150w\" sizes=\"auto, (max-width: 600px) 100vw, 600px\" \/><\/figure>\n<\/div>\n<\/div>\n\n\n\n<h2 class=\"wp-block-heading\" id=\"h-specifications\">Sp\u00e9cifications<\/h2>\n\n\n\n<p>HUAYUAN peut fournir une vari\u00e9t\u00e9 de mini-\u00e9tiquettes RFID en c\u00e9ramique de petite taille et \u00e0 longue distance de lecture. En m\u00eame temps, elle peut \u00e9galement personnaliser les meilleures performances en fonction de l'objet incorpor\u00e9.<\/p>\n\n\n\n<p>Vous trouverez ci-dessous cinq mod\u00e8les d'\u00e9tiquettes RFID c\u00e9ramiques anti-m\u00e9tal :<\/p>\n\n\n\n<figure class=\"wp-block-table\"><table><tbody><tr><td>Objet<\/td><td>MinTag-1005<\/td><td>UltraTag-1313<\/td><td>AllTag-2525<\/td><td>MinTag-1005<\/td><td>MinTag-0505<\/td><\/tr><tr><td>Couleur<\/td><td colspan=\"2\">Noir ou personnalis\u00e9<\/td><td colspan=\"3\">Blanc ou personnalis\u00e9<\/td><\/tr><tr><td>Dimension<\/td><td>10*5*3mm<\/td><td>13*13*3mm<\/td><td>25*25*2.7mm<\/td><td>10*5*3mm<\/td><td>5*5*3mm<\/td><\/tr><tr><td>Attach\u00e9 \u00e0<\/td><td>Sur m\u00e9tal<\/td><td>On\/ Embedded Metal<\/td><td>Sur m\u00e9tal<\/td><td>Sur m\u00e9tal<\/td><td>On\/ Off M\u00e9tal<\/td><\/tr><tr><td>Fr\u00e9quence<\/td><td>920~925MHz<br>Sur mesure<\/td><td>865-867MHz<br>Sur mesure<\/td><td>920~925MHz<br>Sur mesure<\/td><td>920~925MHz<br>Sur mesure<\/td><td>920~925MHz<br>Sur mesure<\/td><\/tr><tr><td>Distance de lecture<\/td><td><strong>Lecteur portable<\/strong>:<br>\u2265 0,6m \u00e0 28dBm.<br><strong>Lecteur corrig\u00e9 :<\/strong><br>\u22651,2m \u00e0 30dBm<\/td><td><strong>Lecteur portable :<\/strong><br>\u22651,8m \u00e0 28dBm.<br><strong>Lecteur corrig\u00e9 :<\/strong><br>\u22653m \u00e0 30dBm<\/td><td><strong>Lecteur portable :<\/strong><br>\u22653m \u00e0 28dBm.<br><strong>Lecteur corrig\u00e9 :<\/strong><br>\u22654,5m \u00e0 30dBm<\/td><td><strong>Lecteur portable :<\/strong><br>\u2265 0,6m \u00e0 28dBm.<br><strong>Lecteur corrig\u00e9 :<\/strong><br>\u22651,2m \u00e0 30dBm<\/td><td><strong>Lecteur portable :<\/strong><br>\u22650,3m \u00e0 28dBm.<br><strong>Lecteur corrig\u00e9 :<\/strong><br>\u22650,6m \u00e0 30dBm<\/td><\/tr><tr><td>Application<\/td><td>Arme, outil, gestion des actifs informatiques ;<br>Instruments m\u00e9dicaux<\/td><td>Arme, outil, gestion des actifs informatiques ;<br>Instruments m\u00e9dicaux<\/td><td>Suivi des pi\u00e8ces ;<br>Gestion des marchandises dangereuses ;<br>Gestion des grands \u00e9quipements et des actifs ;<\/td><td>Arme, outil, gestion des actifs informatiques ;<br>Instruments m\u00e9dicaux<\/td><td>Arme, outil, gestion des actifs informatiques ;<br>Instruments m\u00e9dicaux<\/td><\/tr><tr><td>Protocole<\/td><td colspan=\"5\">UHF EPC Global Class1 Gen2, ISO 18000-6C<\/td><\/tr><tr><td>M\u00e9moire<\/td><td colspan=\"5\">EPC 96bits, m\u00e9moire \u00e9tendue 512bits<\/td><\/tr><tr><td>Installation<\/td><td colspan=\"5\">Incorpor\u00e9, autocollant<\/td><\/tr><tr><td>Fonctionnement<\/td><td colspan=\"5\">-30~85\u2103 \/ -22~185\u2109<\/td><\/tr><tr><td>Stockage<\/td><td colspan=\"5\">-40~160\u2103 \/ -40~320\u2109<\/td><\/tr><tr><td>Lecture\/\u00e9criture<\/td><td colspan=\"5\">100 000 cycles<\/td><\/tr><tr><td>IP<\/td><td colspan=\"5\">IP65~IP68<\/td><\/tr><\/tbody><\/table><\/figure>\n\n\n\n<h3 class=\"wp-block-heading\" id=\"h-get-in-touch\">Prendre contact<\/h3>\n\n\n\n<p>Outre l'\u00e9tiquette RFID en m\u00e9tal c\u00e9ramique mentionn\u00e9e ci-dessus, HUAYUAN dispose de plusieurs dizaines d'\u00e9tiquettes RFID anti-m\u00e9tal pour votre s\u00e9lection. En outre, la fr\u00e9quence de l'\u00e9tiquette offrant les meilleures performances peut \u00eatre personnalis\u00e9e pour soutenir le projet.<\/p>\n\n\n<style>.wp-block-kadence-advancedbtn.kb-btns3372_0738cf-d3{gap:var(--global-kb-gap-xs, 0.5rem );justify-content:flex-start;align-items:center;}.kt-btns3372_0738cf-d3 .kt-button{font-weight:normal;font-style:normal;}.kt-btns3372_0738cf-d3 .kt-btn-wrap-0{margin-right:5px;}.wp-block-kadence-advancedbtn.kt-btns3372_0738cf-d3 .kt-btn-wrap-0 .kt-button{color:#555555;border-color:#555555;}.wp-block-kadence-advancedbtn.kt-btns3372_0738cf-d3 .kt-btn-wrap-0 .kt-button:hover, .wp-block-kadence-advancedbtn.kt-btns3372_0738cf-d3 .kt-btn-wrap-0 .kt-button:focus{color:#ffffff;border-color:#444444;}.wp-block-kadence-advancedbtn.kt-btns3372_0738cf-d3 .kt-btn-wrap-0 .kt-button::before{display:none;}.wp-block-kadence-advancedbtn.kt-btns3372_0738cf-d3 .kt-btn-wrap-0 .kt-button:hover, .wp-block-kadence-advancedbtn.kt-btns3372_0738cf-d3 .kt-btn-wrap-0 .kt-button:focus{background:#444444;}<\/style>\n<div class=\"wp-block-kadence-advancedbtn kb-buttons-wrap kb-btns3372_0738cf-d3\"><style>ul.menu .wp-block-kadence-advancedbtn .kb-btn3372_1617df-44.kb-button{width:initial;}<\/style><a class=\"kb-button kt-button button kb-btn3372_1617df-44 kt-btn-size-standard kt-btn-width-type-auto kb-btn-global-inherit  kt-btn-has-text-true kt-btn-has-svg-false  wp-block-button__link wp-block-kadence-singlebtn\" href=\"https:\/\/huayuansh.com\/contact-us\/\"><span class=\"kt-btn-inner-text\">Nous contacter<\/span><\/a><\/div>","protected":false},"excerpt":{"rendered":"<p>Les \u00e9tiquettes c\u00e9ramiques UHF sont sp\u00e9cialement con\u00e7ues pour le suivi des actifs dans des environnements complexes tels que les m\u00e9taux. L'\u00e9tiquette RFID c\u00e9ramique anti-m\u00e9tal pr\u00e9sente les caract\u00e9ristiques suivantes : anti-d\u00e9montage, fragilit\u00e9, super anti-interf\u00e9rence, r\u00e9sistance aux temp\u00e9ratures \u00e9lev\u00e9es, r\u00e9sistance \u00e0 la corrosion, \u00e9tanch\u00e9it\u00e9 \u00e0 l'eau et \u00e0 la poussi\u00e8re, haute sensibilit\u00e9, qualit\u00e9 stable de l'\u00e9tiquette mini RFID, etc. L'\u00e9tiquette RFID en c\u00e9ramique peut \u00eatre incorpor\u00e9e dans divers...<\/p>","protected":false},"author":1,"featured_media":3617,"parent":854,"menu_order":0,"comment_status":"closed","ping_status":"closed","template":"","meta":{"_kad_blocks_custom_css":"","_kad_blocks_head_custom_js":"","_kad_blocks_body_custom_js":"","_kad_blocks_footer_custom_js":"","_kadence_starter_templates_imported_post":false,"_kad_post_transparent":"","_kad_post_title":"","_kad_post_layout":"","_kad_post_sidebar_id":"","_kad_post_content_style":"","_kad_post_vertical_padding":"","_kad_post_feature":"","_kad_post_feature_position":"","_kad_post_header":false,"_kad_post_footer":false,"footnotes":""},"class_list":["post-3372","page","type-page","status-publish","has-post-thumbnail","hentry"],"yoast_head":"<!-- This site is optimized with the Yoast SEO Premium plugin v23.0 (Yoast SEO v26.3) - https:\/\/yoast.com\/wordpress\/plugins\/seo\/ -->\n<title>UHF RFID Ceramic Tag | HUAYUAN RFID Tag Manufacturer<\/title>\n<meta name=\"description\" content=\"UHF RFID Ceramic Tag is specialized for complex metallic environment, whose dimension could be ultra-small and perfect performance.\" \/>\n<meta name=\"robots\" content=\"index, follow, max-snippet:-1, max-image-preview:large, max-video-preview:-1\" \/>\n<link rel=\"canonical\" href=\"https:\/\/huayuansh.com\/fr\/produits\/etiquettes-rfid-industrielles\/etiquette-rfid-en-ceramique-uhf\/\" \/>\n<meta property=\"og:locale\" content=\"fr_FR\" \/>\n<meta property=\"og:type\" content=\"article\" \/>\n<meta property=\"og:title\" content=\"UHF RFID Ceramic Tag\" \/>\n<meta property=\"og:description\" content=\"UHF RFID Ceramic Tag is specialized for complex metallic environment, whose dimension could be ultra-small and perfect performance.\" \/>\n<meta property=\"og:url\" content=\"https:\/\/huayuansh.com\/fr\/produits\/etiquettes-rfid-industrielles\/etiquette-rfid-en-ceramique-uhf\/\" \/>\n<meta property=\"og:site_name\" content=\"HUAYUAN RFID Tag Manufacturer\" \/>\n<meta property=\"article:modified_time\" content=\"2024-08-08T07:03:28+00:00\" \/>\n<meta property=\"og:image\" content=\"https:\/\/huayuansh.com\/wp-content\/uploads\/2024\/08\/UHF-RFID-Ceramic-Tag-for-Identification.webp\" \/>\n\t<meta property=\"og:image:width\" content=\"1920\" \/>\n\t<meta property=\"og:image:height\" content=\"1080\" \/>\n\t<meta property=\"og:image:type\" content=\"image\/webp\" \/>\n<meta name=\"twitter:card\" content=\"summary_large_image\" \/>\n<meta name=\"twitter:label1\" content=\"Dur\u00e9e de lecture estim\u00e9e\" \/>\n\t<meta name=\"twitter:data1\" content=\"3 minutes\" \/>\n<script type=\"application\/ld+json\" class=\"yoast-schema-graph\">{\"@context\":\"https:\/\/schema.org\",\"@graph\":[{\"@type\":\"WebPage\",\"@id\":\"https:\/\/huayuansh.com\/products\/industrial-rfid-tags\/uhf-rfid-ceramic-tag\/\",\"url\":\"https:\/\/huayuansh.com\/products\/industrial-rfid-tags\/uhf-rfid-ceramic-tag\/\",\"name\":\"UHF RFID Ceramic Tag | HUAYUAN RFID Tag Manufacturer\",\"isPartOf\":{\"@id\":\"https:\/\/huayuansh.com\/#website\"},\"primaryImageOfPage\":{\"@id\":\"https:\/\/huayuansh.com\/products\/industrial-rfid-tags\/uhf-rfid-ceramic-tag\/#primaryimage\"},\"image\":{\"@id\":\"https:\/\/huayuansh.com\/products\/industrial-rfid-tags\/uhf-rfid-ceramic-tag\/#primaryimage\"},\"thumbnailUrl\":\"https:\/\/huayuansh.com\/wp-content\/uploads\/2024\/08\/UHF-RFID-Ceramic-Tag-for-Identification.webp\",\"datePublished\":\"2024-07-15T05:25:43+00:00\",\"dateModified\":\"2024-08-08T07:03:28+00:00\",\"description\":\"UHF RFID Ceramic Tag is specialized for complex metallic environment, whose dimension could be ultra-small and perfect performance.\",\"breadcrumb\":{\"@id\":\"https:\/\/huayuansh.com\/products\/industrial-rfid-tags\/uhf-rfid-ceramic-tag\/#breadcrumb\"},\"inLanguage\":\"fr-FR\",\"potentialAction\":[{\"@type\":\"ReadAction\",\"target\":[\"https:\/\/huayuansh.com\/products\/industrial-rfid-tags\/uhf-rfid-ceramic-tag\/\"]}]},{\"@type\":\"ImageObject\",\"inLanguage\":\"fr-FR\",\"@id\":\"https:\/\/huayuansh.com\/products\/industrial-rfid-tags\/uhf-rfid-ceramic-tag\/#primaryimage\",\"url\":\"https:\/\/huayuansh.com\/wp-content\/uploads\/2024\/08\/UHF-RFID-Ceramic-Tag-for-Identification.webp\",\"contentUrl\":\"https:\/\/huayuansh.com\/wp-content\/uploads\/2024\/08\/UHF-RFID-Ceramic-Tag-for-Identification.webp\",\"width\":1920,\"height\":1080},{\"@type\":\"BreadcrumbList\",\"@id\":\"https:\/\/huayuansh.com\/products\/industrial-rfid-tags\/uhf-rfid-ceramic-tag\/#breadcrumb\",\"itemListElement\":[{\"@type\":\"ListItem\",\"position\":1,\"name\":\"Home\",\"item\":\"https:\/\/huayuansh.com\/\"},{\"@type\":\"ListItem\",\"position\":2,\"name\":\"RFID Products\",\"item\":\"https:\/\/huayuansh.com\/products\/\"},{\"@type\":\"ListItem\",\"position\":3,\"name\":\"Industrial RFID Tags\",\"item\":\"https:\/\/huayuansh.com\/products\/industrial-rfid-tags\/\"},{\"@type\":\"ListItem\",\"position\":4,\"name\":\"UHF RFID Ceramic Tag\"}]},{\"@type\":\"WebSite\",\"@id\":\"https:\/\/huayuansh.com\/#website\",\"url\":\"https:\/\/huayuansh.com\/\",\"name\":\"HUAYUAN RFID Tag Manufacturer\",\"description\":\"HUAYUAN RFID Tag Manufacturer\",\"publisher\":{\"@id\":\"https:\/\/huayuansh.com\/#organization\"},\"potentialAction\":[{\"@type\":\"SearchAction\",\"target\":{\"@type\":\"EntryPoint\",\"urlTemplate\":\"https:\/\/huayuansh.com\/?s={search_term_string}\"},\"query-input\":{\"@type\":\"PropertyValueSpecification\",\"valueRequired\":true,\"valueName\":\"search_term_string\"}}],\"inLanguage\":\"fr-FR\"},{\"@type\":\"Organization\",\"@id\":\"https:\/\/huayuansh.com\/#organization\",\"name\":\"HUAYUAN RFID Tag Manufacturer\",\"url\":\"https:\/\/huayuansh.com\/\",\"logo\":{\"@type\":\"ImageObject\",\"inLanguage\":\"fr-FR\",\"@id\":\"https:\/\/huayuansh.com\/#\/schema\/logo\/image\/\",\"url\":\"https:\/\/huayuansh.com\/wp-content\/uploads\/2024\/09\/cropped-HUAYUAN.webp\",\"contentUrl\":\"https:\/\/huayuansh.com\/wp-content\/uploads\/2024\/09\/cropped-HUAYUAN.webp\",\"width\":895,\"height\":279,\"caption\":\"HUAYUAN RFID Tag Manufacturer\"},\"image\":{\"@id\":\"https:\/\/huayuansh.com\/#\/schema\/logo\/image\/\"}}]}<\/script>\n<!-- \/ Yoast SEO Premium plugin. -->","yoast_head_json":{"title":"Tag c\u00e9ramique RFID UHF | Fabricant de tags RFID HUAYUAN","description":"L'\u00e9tiquette c\u00e9ramique UHF RFID est sp\u00e9cialis\u00e9e dans les environnements m\u00e9talliques complexes, dont les dimensions peuvent \u00eatre ultra-petites et les performances parfaites.","robots":{"index":"index","follow":"follow","max-snippet":"max-snippet:-1","max-image-preview":"max-image-preview:large","max-video-preview":"max-video-preview:-1"},"canonical":"https:\/\/huayuansh.com\/fr\/produits\/etiquettes-rfid-industrielles\/etiquette-rfid-en-ceramique-uhf\/","og_locale":"fr_FR","og_type":"article","og_title":"UHF RFID Ceramic Tag","og_description":"UHF RFID Ceramic Tag is specialized for complex metallic environment, whose dimension could be ultra-small and perfect performance.","og_url":"https:\/\/huayuansh.com\/fr\/produits\/etiquettes-rfid-industrielles\/etiquette-rfid-en-ceramique-uhf\/","og_site_name":"HUAYUAN RFID Tag Manufacturer","article_modified_time":"2024-08-08T07:03:28+00:00","og_image":[{"width":1920,"height":1080,"url":"https:\/\/huayuansh.com\/wp-content\/uploads\/2024\/08\/UHF-RFID-Ceramic-Tag-for-Identification.webp","type":"image\/webp"}],"twitter_card":"summary_large_image","twitter_misc":{"Dur\u00e9e de lecture estim\u00e9e":"3 minutes"},"schema":{"@context":"https:\/\/schema.org","@graph":[{"@type":"WebPage","@id":"https:\/\/huayuansh.com\/products\/industrial-rfid-tags\/uhf-rfid-ceramic-tag\/","url":"https:\/\/huayuansh.com\/products\/industrial-rfid-tags\/uhf-rfid-ceramic-tag\/","name":"Tag c\u00e9ramique RFID UHF | Fabricant de tags RFID HUAYUAN","isPartOf":{"@id":"https:\/\/huayuansh.com\/#website"},"primaryImageOfPage":{"@id":"https:\/\/huayuansh.com\/products\/industrial-rfid-tags\/uhf-rfid-ceramic-tag\/#primaryimage"},"image":{"@id":"https:\/\/huayuansh.com\/products\/industrial-rfid-tags\/uhf-rfid-ceramic-tag\/#primaryimage"},"thumbnailUrl":"https:\/\/huayuansh.com\/wp-content\/uploads\/2024\/08\/UHF-RFID-Ceramic-Tag-for-Identification.webp","datePublished":"2024-07-15T05:25:43+00:00","dateModified":"2024-08-08T07:03:28+00:00","description":"L'\u00e9tiquette c\u00e9ramique UHF RFID est sp\u00e9cialis\u00e9e dans les environnements m\u00e9talliques complexes, dont les dimensions peuvent \u00eatre ultra-petites et les performances parfaites.","breadcrumb":{"@id":"https:\/\/huayuansh.com\/products\/industrial-rfid-tags\/uhf-rfid-ceramic-tag\/#breadcrumb"},"inLanguage":"fr-FR","potentialAction":[{"@type":"ReadAction","target":["https:\/\/huayuansh.com\/products\/industrial-rfid-tags\/uhf-rfid-ceramic-tag\/"]}]},{"@type":"ImageObject","inLanguage":"fr-FR","@id":"https:\/\/huayuansh.com\/products\/industrial-rfid-tags\/uhf-rfid-ceramic-tag\/#primaryimage","url":"https:\/\/huayuansh.com\/wp-content\/uploads\/2024\/08\/UHF-RFID-Ceramic-Tag-for-Identification.webp","contentUrl":"https:\/\/huayuansh.com\/wp-content\/uploads\/2024\/08\/UHF-RFID-Ceramic-Tag-for-Identification.webp","width":1920,"height":1080},{"@type":"BreadcrumbList","@id":"https:\/\/huayuansh.com\/products\/industrial-rfid-tags\/uhf-rfid-ceramic-tag\/#breadcrumb","itemListElement":[{"@type":"ListItem","position":1,"name":"Home","item":"https:\/\/huayuansh.com\/"},{"@type":"ListItem","position":2,"name":"RFID Products","item":"https:\/\/huayuansh.com\/products\/"},{"@type":"ListItem","position":3,"name":"Industrial RFID Tags","item":"https:\/\/huayuansh.com\/products\/industrial-rfid-tags\/"},{"@type":"ListItem","position":4,"name":"UHF RFID Ceramic Tag"}]},{"@type":"WebSite","@id":"https:\/\/huayuansh.com\/#website","url":"https:\/\/huayuansh.com\/","name":"Fabricant d'\u00e9tiquettes RFID HUAYUAN","description":"Fabricant d'\u00e9tiquettes RFID HUAYUAN","publisher":{"@id":"https:\/\/huayuansh.com\/#organization"},"potentialAction":[{"@type":"SearchAction","target":{"@type":"EntryPoint","urlTemplate":"https:\/\/huayuansh.com\/?s={search_term_string}"},"query-input":{"@type":"PropertyValueSpecification","valueRequired":true,"valueName":"search_term_string"}}],"inLanguage":"fr-FR"},{"@type":"Organization","@id":"https:\/\/huayuansh.com\/#organization","name":"Fabricant d'\u00e9tiquettes RFID HUAYUAN","url":"https:\/\/huayuansh.com\/","logo":{"@type":"ImageObject","inLanguage":"fr-FR","@id":"https:\/\/huayuansh.com\/#\/schema\/logo\/image\/","url":"https:\/\/huayuansh.com\/wp-content\/uploads\/2024\/09\/cropped-HUAYUAN.webp","contentUrl":"https:\/\/huayuansh.com\/wp-content\/uploads\/2024\/09\/cropped-HUAYUAN.webp","width":895,"height":279,"caption":"HUAYUAN RFID Tag Manufacturer"},"image":{"@id":"https:\/\/huayuansh.com\/#\/schema\/logo\/image\/"}}]}},"taxonomy_info":[],"featured_image_src_large":["https:\/\/huayuansh.com\/wp-content\/uploads\/2024\/08\/UHF-RFID-Ceramic-Tag-for-Identification-1024x576.webp",1024,576,true],"author_info":{"display_name":"HUAYUAN","author_link":"https:\/\/huayuansh.com\/fr\/author\/shyec2024\/"},"comment_info":0,"_links":{"self":[{"href":"https:\/\/huayuansh.com\/fr\/wp-json\/wp\/v2\/pages\/3372","targetHints":{"allow":["GET"]}}],"collection":[{"href":"https:\/\/huayuansh.com\/fr\/wp-json\/wp\/v2\/pages"}],"about":[{"href":"https:\/\/huayuansh.com\/fr\/wp-json\/wp\/v2\/types\/page"}],"author":[{"embeddable":true,"href":"https:\/\/huayuansh.com\/fr\/wp-json\/wp\/v2\/users\/1"}],"replies":[{"embeddable":true,"href":"https:\/\/huayuansh.com\/fr\/wp-json\/wp\/v2\/comments?post=3372"}],"version-history":[{"count":2,"href":"https:\/\/huayuansh.com\/fr\/wp-json\/wp\/v2\/pages\/3372\/revisions"}],"predecessor-version":[{"id":3618,"href":"https:\/\/huayuansh.com\/fr\/wp-json\/wp\/v2\/pages\/3372\/revisions\/3618"}],"up":[{"embeddable":true,"href":"https:\/\/huayuansh.com\/fr\/wp-json\/wp\/v2\/pages\/854"}],"wp:featuredmedia":[{"embeddable":true,"href":"https:\/\/huayuansh.com\/fr\/wp-json\/wp\/v2\/media\/3617"}],"wp:attachment":[{"href":"https:\/\/huayuansh.com\/fr\/wp-json\/wp\/v2\/media?parent=3372"}],"curies":[{"name":"wp","href":"https:\/\/api.w.org\/{rel}","templated":true}]}}