{"id":3374,"date":"2024-07-15T13:29:37","date_gmt":"2024-07-15T05:29:37","guid":{"rendered":"https:\/\/huayuansh.com\/?page_id=3374"},"modified":"2024-08-16T19:11:15","modified_gmt":"2024-08-16T11:11:15","slug":"mini-etiquette-rfid-en-epoxy","status":"publish","type":"page","link":"https:\/\/huayuansh.com\/fr\/produits\/etiquettes-rfid-industrielles\/mini-etiquette-rfid-en-epoxy\/","title":{"rendered":"Mini-\u00e9tiquette RFID en \u00e9poxy"},"content":{"rendered":"<p>Dans la production automatis\u00e9e, le r\u00f4le des mini-\u00e9tiquettes RFID devient de plus en plus important et la demande augmente. Dans les applications industrielles, la RFID n\u00e9cessite de plus en plus de produits int\u00e9grables de petite taille et aux performances stables. Les \u00e9tiquettes passives \u00e0 haute fr\u00e9quence conformes \u00e0 la norme ISO 15693 constituent une solution de gestion industrielle courante pour la comparaison des prix. Elles s'adaptent mieux aux sc\u00e9narios liquides que les \u00e9tiquettes UHF. HUAYUAN propose une large s\u00e9lection de mini tags RFID de petite taille. Ces mini-\u00e9tiquettes RFID sont con\u00e7ues pour \u00eatre utilis\u00e9es dans de nombreuses applications o\u00f9 il est n\u00e9cessaire de s'adapter \u00e0 de petites surfaces pour suivre et contr\u00f4ler les actifs.<\/p>\n\n\n\n<p>Nos mini-\u00e9tiquettes RFID \u00e9poxy ressemblent \u00e0 un petit bouton, la taille de l'\u00e9tiquette micro RFID est de 15 mm \u00e0 18 mm de diam\u00e8tre, l'\u00e9paisseur peut \u00eatre contr\u00f4l\u00e9e \u00e0 2,8\u00b10,2 mm. Par ailleurs, notre minuscule \u00e9tiquette bouton RFID utilise une bobine optimis\u00e9e, qui maintient d'excellentes performances de lecture. De plus, l'impression en surface est disponible sur demande du client. Gr\u00e2ce \u00e0 la technologie de la colle \u00e9poxy, le niveau de protection peut atteindre IP67, ce qui convient \u00e0 diff\u00e9rents environnements industriels extr\u00eamement stricts.<\/p>\n\n\n\n<h2 class=\"wp-block-heading\" id=\"h-features-of-rfid-nfc-mini-tag\">Caract\u00e9ristiques du mini tag RFID NFC<\/h2>\n\n\n\n<ul class=\"wp-block-list\">\n<li>Robuste, \u00e9tanche \u00e0 l'eau et \u00e0 la poussi\u00e8re pour l'environnement industriel,<\/li>\n\n\n\n<li>Protocole RFID flexible, fr\u00e9quences \u00e0 performance r\u00e9glable<\/li>\n\n\n\n<li>Impression et encodage de codes personnalis\u00e9s<\/li>\n\n\n\n<li>Facilement int\u00e9grable pour les applications d'identification industrielle<\/li>\n<\/ul>\n\n\n\n<h2 class=\"wp-block-heading\" id=\"h-specification-of-rfid-mini-tag\">Sp\u00e9cification du mini tag RFID<\/h2>\n\n\n\n<figure class=\"wp-block-table\"><table><tbody><tr><td>Objet<\/td><td colspan=\"2\">Mini tag RFID NFC en \u00e9poxy<\/td><\/tr><tr><td>Mat\u00e9riau<\/td><td colspan=\"2\">Bo\u00eetier PPS + Epoxy<\/td><\/tr><tr><td>Puce disponible<\/td><td colspan=\"2\">HF : ICODE\u00ae SLIX, MIFARE Classic\u00ae, etc.<\/td><\/tr><tr><td rowspan=\"2\">Taille et \u00e9paisseur<\/td><td colspan=\"2\">Dia:15mm\/18mm ou personnalis\u00e9<\/td><\/tr><tr><td colspan=\"2\">\u00c9paisseur : 2,8\u00b10,2 mm<\/td><\/tr><tr><td>Classe IP<\/td><td colspan=\"2\">IP67<\/td><\/tr><tr><td>Gamme de lecture<\/td><td colspan=\"2\">10~50mm<\/td><\/tr><tr><td>Protocole<\/td><td colspan=\"2\">ISO 14443A \/ 15693 \/ 18092<\/td><\/tr><tr><td>Artisanat suppl\u00e9mentaire<\/td><td colspan=\"2\">Encodage de puces, gravure au laser, anti-m\u00e9tal, etc.<\/td><\/tr><\/tbody><\/table><\/figure>\n\n\n<style>.wp-block-kadence-advancedgallery .kb-gallery-type-grid.kb-gallery-id-3374_3b287c-c1{margin:-5px;}.kb-gallery-type-grid.kb-gallery-id-3374_3b287c-c1 .kadence-blocks-gallery-item{padding:5px;}.kb-gallery-id-3374_3b287c-c1 .kadence-blocks-gallery-item .kb-gal-image-radius, .kb-gallery-id-3374_3b287c-c1 .kb-slide-item .kb-gal-image-radius img{border-radius:0px 0px 0px 0px;;}<\/style><div class=\"kb-gallery-wrap-id-3374_3b287c-c1 alignnone wp-block-kadence-advancedgallery\"><ul class=\"kb-gallery-ul kb-gallery-non-static kb-gallery-type-grid kb-gallery-id-3374_3b287c-c1 kb-gallery-caption-style-bottom-hover kb-gallery-filter-none\" data-image-filter=\"none\" data-item-selector=\".kadence-blocks-gallery-item\" data-lightbox-caption=\"true\" data-columns-xxl=\"3\" data-columns-xl=\"3\" data-columns-md=\"3\" data-columns-sm=\"2\" data-columns-xs=\"1\" data-columns-ss=\"1\"><li class=\"kadence-blocks-gallery-item\"><div class=\"kadence-blocks-gallery-item-inner\"><figure class=\"kb-gallery-figure kadence-blocks-gallery-item-hide-caption\"><div class=\"kb-gal-image-radius\"><div class=\"kb-gallery-image-contain kadence-blocks-gallery-intrinsic kb-gallery-image-ratio-land32 kb-has-image-ratio-land32\" ><img loading=\"lazy\" decoding=\"async\" src=\"https:\/\/huayuansh.com\/wp-content\/uploads\/2024\/08\/Epoxy-RFID-NFC-Mini-Tags.webp\" width=\"600\" height=\"400\" alt=\"\" data-full-image=\"https:\/\/huayuansh.com\/wp-content\/uploads\/2024\/08\/Epoxy-RFID-NFC-Mini-Tags.webp\" data-light-image=\"https:\/\/huayuansh.com\/wp-content\/uploads\/2024\/08\/Epoxy-RFID-NFC-Mini-Tags.webp\" data-id=\"3662\" class=\"wp-image-3662\" srcset=\"https:\/\/huayuansh.com\/wp-content\/uploads\/2024\/08\/Epoxy-RFID-NFC-Mini-Tags.webp 600w, https:\/\/huayuansh.com\/wp-content\/uploads\/2024\/08\/Epoxy-RFID-NFC-Mini-Tags-300x200.webp 300w\" sizes=\"auto, (max-width: 600px) 100vw, 600px\" \/><\/div><\/div><\/figure><\/div><\/li><li class=\"kadence-blocks-gallery-item\"><div class=\"kadence-blocks-gallery-item-inner\"><figure class=\"kb-gallery-figure kadence-blocks-gallery-item-hide-caption\"><div class=\"kb-gal-image-radius\"><div class=\"kb-gallery-image-contain kadence-blocks-gallery-intrinsic kb-gallery-image-ratio-land32 kb-has-image-ratio-land32\" ><img loading=\"lazy\" decoding=\"async\" src=\"https:\/\/huayuansh.com\/wp-content\/uploads\/2024\/08\/Epoxy-RFID-Mini-Tag-with-Anti-metal-Layer.webp\" width=\"600\" height=\"400\" alt=\"\" data-full-image=\"https:\/\/huayuansh.com\/wp-content\/uploads\/2024\/08\/Epoxy-RFID-Mini-Tag-with-Anti-metal-Layer.webp\" data-light-image=\"https:\/\/huayuansh.com\/wp-content\/uploads\/2024\/08\/Epoxy-RFID-Mini-Tag-with-Anti-metal-Layer.webp\" data-id=\"3664\" class=\"wp-image-3664\" srcset=\"https:\/\/huayuansh.com\/wp-content\/uploads\/2024\/08\/Epoxy-RFID-Mini-Tag-with-Anti-metal-Layer.webp 600w, https:\/\/huayuansh.com\/wp-content\/uploads\/2024\/08\/Epoxy-RFID-Mini-Tag-with-Anti-metal-Layer-300x200.webp 300w\" sizes=\"auto, (max-width: 600px) 100vw, 600px\" \/><\/div><\/div><\/figure><\/div><\/li><li class=\"kadence-blocks-gallery-item\"><div class=\"kadence-blocks-gallery-item-inner\"><figure class=\"kb-gallery-figure kadence-blocks-gallery-item-hide-caption\"><div class=\"kb-gal-image-radius\"><div class=\"kb-gallery-image-contain kadence-blocks-gallery-intrinsic kb-gallery-image-ratio-land32 kb-has-image-ratio-land32\" ><img loading=\"lazy\" decoding=\"async\" src=\"https:\/\/huayuansh.com\/wp-content\/uploads\/2024\/08\/Epoxy-RFID-Mini-Tag-with-Laser-Engrave-Number.webp\" width=\"600\" height=\"400\" alt=\"\" data-full-image=\"https:\/\/huayuansh.com\/wp-content\/uploads\/2024\/08\/Epoxy-RFID-Mini-Tag-with-Laser-Engrave-Number.webp\" data-light-image=\"https:\/\/huayuansh.com\/wp-content\/uploads\/2024\/08\/Epoxy-RFID-Mini-Tag-with-Laser-Engrave-Number.webp\" data-id=\"3663\" class=\"wp-image-3663\" srcset=\"https:\/\/huayuansh.com\/wp-content\/uploads\/2024\/08\/Epoxy-RFID-Mini-Tag-with-Laser-Engrave-Number.webp 600w, https:\/\/huayuansh.com\/wp-content\/uploads\/2024\/08\/Epoxy-RFID-Mini-Tag-with-Laser-Engrave-Number-300x200.webp 300w\" sizes=\"auto, (max-width: 600px) 100vw, 600px\" \/><\/div><\/div><\/figure><\/div><\/li><\/ul><\/div>\n\n\n<h3 class=\"wp-block-heading\" id=\"h-applications-of-micro-rfid-tags\">Applications des micro-\u00e9tiquettes RFID<\/h3>\n\n\n\n<p>Les petites \u00e9tiquettes RFID en \u00e9poxy constituent une solution id\u00e9ale pour l'authentification des produits, l'identification des \u00e9quipements, la localisation des outils\/instruments et la gestion des actifs fixes, etc. \u00c0 l'heure actuelle, des millions de nos petites \u00e9tiquettes RFID sont utilis\u00e9es pour\u00a0<a href=\"https:\/\/huayuansh.com\/rfid-tag-for-mining-safe-secure-and-efficient\/\">suivi et identification dans l'industrie mini\u00e8re<\/a>ce qui am\u00e9liore consid\u00e9rablement l'efficacit\u00e9 et la pr\u00e9cision. Certains clients utilisent cette micro \u00e9tiquette RFID pour l'int\u00e9grer dans le produit en tant qu'\u00e9tiquette NFC.<\/p>\n\n\n\n<h4 class=\"wp-block-heading\" id=\"h-get-in-touch\">Prendre contact<\/h4>\n\n\n\n<p>En tant que sp\u00e9cialiste de la recherche et du d\u00e9veloppement dans le domaine de la RFID et de la NFC, HUAYUAN propose des solutions d'\u00e9tiquettes intelligentes \u00e0 de nombreuses industries intelligentes dans le monde entier. Pour plus d'informations sur le mini tag RFID en \u00e9poxy de Huayuan, veuillez contacter notre \u00e9quipe commerciale.<\/p>\n\n\n<style>.wp-block-kadence-advancedbtn.kb-btns3374_de49a5-26{gap:var(--global-kb-gap-xs, 0.5rem );justify-content:flex-start;align-items:center;}.kt-btns3374_de49a5-26 .kt-button{font-weight:normal;font-style:normal;}.kt-btns3374_de49a5-26 .kt-btn-wrap-0{margin-right:5px;}.wp-block-kadence-advancedbtn.kt-btns3374_de49a5-26 .kt-btn-wrap-0 .kt-button{color:#555555;border-color:#555555;}.wp-block-kadence-advancedbtn.kt-btns3374_de49a5-26 .kt-btn-wrap-0 .kt-button:hover, .wp-block-kadence-advancedbtn.kt-btns3374_de49a5-26 .kt-btn-wrap-0 .kt-button:focus{color:#ffffff;border-color:#444444;}.wp-block-kadence-advancedbtn.kt-btns3374_de49a5-26 .kt-btn-wrap-0 .kt-button::before{display:none;}.wp-block-kadence-advancedbtn.kt-btns3374_de49a5-26 .kt-btn-wrap-0 .kt-button:hover, .wp-block-kadence-advancedbtn.kt-btns3374_de49a5-26 .kt-btn-wrap-0 .kt-button:focus{background:#444444;}<\/style>\n<div class=\"wp-block-kadence-advancedbtn kb-buttons-wrap kb-btns3374_de49a5-26\"><style>ul.menu .wp-block-kadence-advancedbtn .kb-btn3374_7df5ab-a2.kb-button{width:initial;}<\/style><a class=\"kb-button kt-button button kb-btn3374_7df5ab-a2 kt-btn-size-standard kt-btn-width-type-auto kb-btn-global-inherit  kt-btn-has-text-true kt-btn-has-svg-false  wp-block-button__link wp-block-kadence-singlebtn\" href=\"https:\/\/huayuansh.com\/contact-us\/\"><span class=\"kt-btn-inner-text\">Nous contacter<\/span><\/a><\/div>","protected":false},"excerpt":{"rendered":"<p>Dans la production automatis\u00e9e, le r\u00f4le des mini-\u00e9tiquettes RFID devient de plus en plus important et la demande augmente. Dans les applications industrielles, la RFID exige de plus en plus des produits int\u00e9grables de petite taille et aux performances stables. Les \u00e9tiquettes passives \u00e0 haute fr\u00e9quence conformes \u00e0 la norme ISO15693 constituent une solution de gestion industrielle courante pour la comparaison des prix, et elles s'adaptent mieux...<\/p>","protected":false},"author":1,"featured_media":3666,"parent":854,"menu_order":0,"comment_status":"closed","ping_status":"closed","template":"","meta":{"_kad_blocks_custom_css":"","_kad_blocks_head_custom_js":"","_kad_blocks_body_custom_js":"","_kad_blocks_footer_custom_js":"","_kadence_starter_templates_imported_post":false,"_kad_post_transparent":"","_kad_post_title":"","_kad_post_layout":"","_kad_post_sidebar_id":"","_kad_post_content_style":"","_kad_post_vertical_padding":"","_kad_post_feature":"","_kad_post_feature_position":"","_kad_post_header":false,"_kad_post_footer":false,"footnotes":""},"class_list":["post-3374","page","type-page","status-publish","has-post-thumbnail","hentry"],"yoast_head":"<!-- This site is optimized with the Yoast SEO Premium plugin v23.0 (Yoast SEO v26.3) - https:\/\/yoast.com\/wordpress\/plugins\/seo\/ -->\n<title>Epoxy RFID Mini Tag | HUAYUAN RFID Tag Manufacturer<\/title>\n<meta name=\"description\" content=\"HUAYUAN epoxy RFID mini tag is an ideal for product identification, equipment identification, and fixed asset management etc.\" \/>\n<meta name=\"robots\" content=\"index, follow, max-snippet:-1, max-image-preview:large, max-video-preview:-1\" \/>\n<link rel=\"canonical\" href=\"https:\/\/huayuansh.com\/fr\/produits\/etiquettes-rfid-industrielles\/mini-etiquette-rfid-en-epoxy\/\" \/>\n<meta property=\"og:locale\" content=\"fr_FR\" \/>\n<meta property=\"og:type\" content=\"article\" \/>\n<meta property=\"og:title\" content=\"Epoxy RFID Mini Tag\" \/>\n<meta property=\"og:description\" content=\"HUAYUAN epoxy RFID mini tag is an ideal for product identification, equipment identification, and fixed asset management etc.\" \/>\n<meta property=\"og:url\" content=\"https:\/\/huayuansh.com\/fr\/produits\/etiquettes-rfid-industrielles\/mini-etiquette-rfid-en-epoxy\/\" \/>\n<meta property=\"og:site_name\" content=\"HUAYUAN RFID Tag Manufacturer\" \/>\n<meta property=\"article:modified_time\" content=\"2024-08-16T11:11:15+00:00\" \/>\n<meta property=\"og:image\" content=\"https:\/\/huayuansh.com\/wp-content\/uploads\/2024\/08\/Epoxy-RFID-Mini-Tag.webp\" \/>\n\t<meta property=\"og:image:width\" content=\"1920\" \/>\n\t<meta property=\"og:image:height\" content=\"1080\" \/>\n\t<meta property=\"og:image:type\" content=\"image\/webp\" \/>\n<meta name=\"twitter:card\" content=\"summary_large_image\" \/>\n<meta name=\"twitter:label1\" content=\"Dur\u00e9e de lecture estim\u00e9e\" \/>\n\t<meta name=\"twitter:data1\" content=\"2 minutes\" \/>\n<script type=\"application\/ld+json\" class=\"yoast-schema-graph\">{\"@context\":\"https:\/\/schema.org\",\"@graph\":[{\"@type\":\"WebPage\",\"@id\":\"https:\/\/huayuansh.com\/products\/industrial-rfid-tags\/epoxy-rfid-mini-tag\/\",\"url\":\"https:\/\/huayuansh.com\/products\/industrial-rfid-tags\/epoxy-rfid-mini-tag\/\",\"name\":\"Epoxy RFID Mini Tag | HUAYUAN RFID Tag Manufacturer\",\"isPartOf\":{\"@id\":\"https:\/\/huayuansh.com\/#website\"},\"primaryImageOfPage\":{\"@id\":\"https:\/\/huayuansh.com\/products\/industrial-rfid-tags\/epoxy-rfid-mini-tag\/#primaryimage\"},\"image\":{\"@id\":\"https:\/\/huayuansh.com\/products\/industrial-rfid-tags\/epoxy-rfid-mini-tag\/#primaryimage\"},\"thumbnailUrl\":\"https:\/\/huayuansh.com\/wp-content\/uploads\/2024\/08\/Epoxy-RFID-Mini-Tag.webp\",\"datePublished\":\"2024-07-15T05:29:37+00:00\",\"dateModified\":\"2024-08-16T11:11:15+00:00\",\"description\":\"HUAYUAN epoxy RFID mini tag is an ideal for product identification, equipment identification, and fixed asset management etc.\",\"breadcrumb\":{\"@id\":\"https:\/\/huayuansh.com\/products\/industrial-rfid-tags\/epoxy-rfid-mini-tag\/#breadcrumb\"},\"inLanguage\":\"fr-FR\",\"potentialAction\":[{\"@type\":\"ReadAction\",\"target\":[\"https:\/\/huayuansh.com\/products\/industrial-rfid-tags\/epoxy-rfid-mini-tag\/\"]}]},{\"@type\":\"ImageObject\",\"inLanguage\":\"fr-FR\",\"@id\":\"https:\/\/huayuansh.com\/products\/industrial-rfid-tags\/epoxy-rfid-mini-tag\/#primaryimage\",\"url\":\"https:\/\/huayuansh.com\/wp-content\/uploads\/2024\/08\/Epoxy-RFID-Mini-Tag.webp\",\"contentUrl\":\"https:\/\/huayuansh.com\/wp-content\/uploads\/2024\/08\/Epoxy-RFID-Mini-Tag.webp\",\"width\":1920,\"height\":1080},{\"@type\":\"BreadcrumbList\",\"@id\":\"https:\/\/huayuansh.com\/products\/industrial-rfid-tags\/epoxy-rfid-mini-tag\/#breadcrumb\",\"itemListElement\":[{\"@type\":\"ListItem\",\"position\":1,\"name\":\"Home\",\"item\":\"https:\/\/huayuansh.com\/\"},{\"@type\":\"ListItem\",\"position\":2,\"name\":\"RFID Products\",\"item\":\"https:\/\/huayuansh.com\/products\/\"},{\"@type\":\"ListItem\",\"position\":3,\"name\":\"Industrial RFID Tags\",\"item\":\"https:\/\/huayuansh.com\/products\/industrial-rfid-tags\/\"},{\"@type\":\"ListItem\",\"position\":4,\"name\":\"Epoxy RFID Mini Tag\"}]},{\"@type\":\"WebSite\",\"@id\":\"https:\/\/huayuansh.com\/#website\",\"url\":\"https:\/\/huayuansh.com\/\",\"name\":\"HUAYUAN RFID Tag Manufacturer\",\"description\":\"HUAYUAN RFID Tag Manufacturer\",\"publisher\":{\"@id\":\"https:\/\/huayuansh.com\/#organization\"},\"potentialAction\":[{\"@type\":\"SearchAction\",\"target\":{\"@type\":\"EntryPoint\",\"urlTemplate\":\"https:\/\/huayuansh.com\/?s={search_term_string}\"},\"query-input\":{\"@type\":\"PropertyValueSpecification\",\"valueRequired\":true,\"valueName\":\"search_term_string\"}}],\"inLanguage\":\"fr-FR\"},{\"@type\":\"Organization\",\"@id\":\"https:\/\/huayuansh.com\/#organization\",\"name\":\"HUAYUAN RFID Tag Manufacturer\",\"url\":\"https:\/\/huayuansh.com\/\",\"logo\":{\"@type\":\"ImageObject\",\"inLanguage\":\"fr-FR\",\"@id\":\"https:\/\/huayuansh.com\/#\/schema\/logo\/image\/\",\"url\":\"https:\/\/huayuansh.com\/wp-content\/uploads\/2024\/09\/cropped-HUAYUAN.webp\",\"contentUrl\":\"https:\/\/huayuansh.com\/wp-content\/uploads\/2024\/09\/cropped-HUAYUAN.webp\",\"width\":895,\"height\":279,\"caption\":\"HUAYUAN RFID Tag Manufacturer\"},\"image\":{\"@id\":\"https:\/\/huayuansh.com\/#\/schema\/logo\/image\/\"}}]}<\/script>\n<!-- \/ Yoast SEO Premium plugin. -->","yoast_head_json":{"title":"Mini tag RFID \u00e9poxy | Fabricant de tags RFID HUAYUAN","description":"Le mini tag RFID \u00e9poxy HUAYUAN est id\u00e9al pour l'identification des produits, l'identification des \u00e9quipements, la gestion des actifs fixes, etc.","robots":{"index":"index","follow":"follow","max-snippet":"max-snippet:-1","max-image-preview":"max-image-preview:large","max-video-preview":"max-video-preview:-1"},"canonical":"https:\/\/huayuansh.com\/fr\/produits\/etiquettes-rfid-industrielles\/mini-etiquette-rfid-en-epoxy\/","og_locale":"fr_FR","og_type":"article","og_title":"Epoxy RFID Mini Tag","og_description":"HUAYUAN epoxy RFID mini tag is an ideal for product identification, equipment identification, and fixed asset management etc.","og_url":"https:\/\/huayuansh.com\/fr\/produits\/etiquettes-rfid-industrielles\/mini-etiquette-rfid-en-epoxy\/","og_site_name":"HUAYUAN RFID Tag Manufacturer","article_modified_time":"2024-08-16T11:11:15+00:00","og_image":[{"width":1920,"height":1080,"url":"https:\/\/huayuansh.com\/wp-content\/uploads\/2024\/08\/Epoxy-RFID-Mini-Tag.webp","type":"image\/webp"}],"twitter_card":"summary_large_image","twitter_misc":{"Dur\u00e9e de lecture estim\u00e9e":"2 minutes"},"schema":{"@context":"https:\/\/schema.org","@graph":[{"@type":"WebPage","@id":"https:\/\/huayuansh.com\/products\/industrial-rfid-tags\/epoxy-rfid-mini-tag\/","url":"https:\/\/huayuansh.com\/products\/industrial-rfid-tags\/epoxy-rfid-mini-tag\/","name":"Mini tag RFID \u00e9poxy | Fabricant de tags RFID HUAYUAN","isPartOf":{"@id":"https:\/\/huayuansh.com\/#website"},"primaryImageOfPage":{"@id":"https:\/\/huayuansh.com\/products\/industrial-rfid-tags\/epoxy-rfid-mini-tag\/#primaryimage"},"image":{"@id":"https:\/\/huayuansh.com\/products\/industrial-rfid-tags\/epoxy-rfid-mini-tag\/#primaryimage"},"thumbnailUrl":"https:\/\/huayuansh.com\/wp-content\/uploads\/2024\/08\/Epoxy-RFID-Mini-Tag.webp","datePublished":"2024-07-15T05:29:37+00:00","dateModified":"2024-08-16T11:11:15+00:00","description":"Le mini tag RFID \u00e9poxy HUAYUAN est id\u00e9al pour l'identification des produits, l'identification des \u00e9quipements, la gestion des actifs fixes, etc.","breadcrumb":{"@id":"https:\/\/huayuansh.com\/products\/industrial-rfid-tags\/epoxy-rfid-mini-tag\/#breadcrumb"},"inLanguage":"fr-FR","potentialAction":[{"@type":"ReadAction","target":["https:\/\/huayuansh.com\/products\/industrial-rfid-tags\/epoxy-rfid-mini-tag\/"]}]},{"@type":"ImageObject","inLanguage":"fr-FR","@id":"https:\/\/huayuansh.com\/products\/industrial-rfid-tags\/epoxy-rfid-mini-tag\/#primaryimage","url":"https:\/\/huayuansh.com\/wp-content\/uploads\/2024\/08\/Epoxy-RFID-Mini-Tag.webp","contentUrl":"https:\/\/huayuansh.com\/wp-content\/uploads\/2024\/08\/Epoxy-RFID-Mini-Tag.webp","width":1920,"height":1080},{"@type":"BreadcrumbList","@id":"https:\/\/huayuansh.com\/products\/industrial-rfid-tags\/epoxy-rfid-mini-tag\/#breadcrumb","itemListElement":[{"@type":"ListItem","position":1,"name":"Home","item":"https:\/\/huayuansh.com\/"},{"@type":"ListItem","position":2,"name":"RFID Products","item":"https:\/\/huayuansh.com\/products\/"},{"@type":"ListItem","position":3,"name":"Industrial RFID Tags","item":"https:\/\/huayuansh.com\/products\/industrial-rfid-tags\/"},{"@type":"ListItem","position":4,"name":"Epoxy RFID Mini Tag"}]},{"@type":"WebSite","@id":"https:\/\/huayuansh.com\/#website","url":"https:\/\/huayuansh.com\/","name":"Fabricant d'\u00e9tiquettes RFID HUAYUAN","description":"Fabricant d'\u00e9tiquettes RFID HUAYUAN","publisher":{"@id":"https:\/\/huayuansh.com\/#organization"},"potentialAction":[{"@type":"SearchAction","target":{"@type":"EntryPoint","urlTemplate":"https:\/\/huayuansh.com\/?s={search_term_string}"},"query-input":{"@type":"PropertyValueSpecification","valueRequired":true,"valueName":"search_term_string"}}],"inLanguage":"fr-FR"},{"@type":"Organization","@id":"https:\/\/huayuansh.com\/#organization","name":"Fabricant d'\u00e9tiquettes RFID HUAYUAN","url":"https:\/\/huayuansh.com\/","logo":{"@type":"ImageObject","inLanguage":"fr-FR","@id":"https:\/\/huayuansh.com\/#\/schema\/logo\/image\/","url":"https:\/\/huayuansh.com\/wp-content\/uploads\/2024\/09\/cropped-HUAYUAN.webp","contentUrl":"https:\/\/huayuansh.com\/wp-content\/uploads\/2024\/09\/cropped-HUAYUAN.webp","width":895,"height":279,"caption":"HUAYUAN RFID Tag Manufacturer"},"image":{"@id":"https:\/\/huayuansh.com\/#\/schema\/logo\/image\/"}}]}},"taxonomy_info":[],"featured_image_src_large":["https:\/\/huayuansh.com\/wp-content\/uploads\/2024\/08\/Epoxy-RFID-Mini-Tag-1024x576.webp",1024,576,true],"author_info":{"display_name":"HUAYUAN","author_link":"https:\/\/huayuansh.com\/fr\/author\/shyec2024\/"},"comment_info":0,"_links":{"self":[{"href":"https:\/\/huayuansh.com\/fr\/wp-json\/wp\/v2\/pages\/3374","targetHints":{"allow":["GET"]}}],"collection":[{"href":"https:\/\/huayuansh.com\/fr\/wp-json\/wp\/v2\/pages"}],"about":[{"href":"https:\/\/huayuansh.com\/fr\/wp-json\/wp\/v2\/types\/page"}],"author":[{"embeddable":true,"href":"https:\/\/huayuansh.com\/fr\/wp-json\/wp\/v2\/users\/1"}],"replies":[{"embeddable":true,"href":"https:\/\/huayuansh.com\/fr\/wp-json\/wp\/v2\/comments?post=3374"}],"version-history":[{"count":2,"href":"https:\/\/huayuansh.com\/fr\/wp-json\/wp\/v2\/pages\/3374\/revisions"}],"predecessor-version":[{"id":3667,"href":"https:\/\/huayuansh.com\/fr\/wp-json\/wp\/v2\/pages\/3374\/revisions\/3667"}],"up":[{"embeddable":true,"href":"https:\/\/huayuansh.com\/fr\/wp-json\/wp\/v2\/pages\/854"}],"wp:featuredmedia":[{"embeddable":true,"href":"https:\/\/huayuansh.com\/fr\/wp-json\/wp\/v2\/media\/3666"}],"wp:attachment":[{"href":"https:\/\/huayuansh.com\/fr\/wp-json\/wp\/v2\/media?parent=3374"}],"curies":[{"name":"wp","href":"https:\/\/api.w.org\/{rel}","templated":true}]}}