{"id":3376,"date":"2024-07-15T13:36:35","date_gmt":"2024-07-15T05:36:35","guid":{"rendered":"https:\/\/huayuansh.com\/?page_id=3376"},"modified":"2024-08-16T19:55:38","modified_gmt":"2024-08-16T11:55:38","slug":"etiquette-jeton-en-abs-rfid","status":"publish","type":"page","link":"https:\/\/huayuansh.com\/fr\/produits\/etiquettes-rfid-industrielles\/etiquette-jeton-en-abs-rfid\/","title":{"rendered":"\u00c9tiquette RFID ABS pour jetons de monnaie"},"content":{"rendered":"<p>Le jeton RFID se compose d'une puce et d'une antenne fabriqu\u00e9es dans un mat\u00e9riau durable et peut \u00eatre fa\u00e7onn\u00e9 ou personnalis\u00e9 avec un trou central qui permet de le visser ou de le clouer sur une surface.<\/p>\n\n\n\n<p>HUAYUAN\u00a0<a href=\"https:\/\/huayuansh.com\/products\/industrial-rfid-tags\/\">Etiquette RFID industrielle<\/a>\u00a0est disponible avec une large gamme de technologies RFID : de la basse fr\u00e9quence 125KHz \u00e0 la haute fr\u00e9quence 13,56MHz ainsi qu'\u00e0 l'ultra-haute fr\u00e9quence. Il s'agit donc d'une solution optimale pour diff\u00e9rentes applications RFID telles que le suivi des biens, l'identification des mat\u00e9riaux, etc. L'\u00e9tiquette RFID est \u00e9tanche aux intemp\u00e9ries et n'est pas m\u00e9tallique. Elle peut donc \u00eatre utilis\u00e9e \u00e0 l'ext\u00e9rieur comme \u00e0 l'int\u00e9rieur et sur des surfaces m\u00e9talliques.<\/p>\n\n\n\n<h2 class=\"wp-block-heading\" id=\"h-rfid-token-features\">Caract\u00e9ristiques du jeton RFID<\/h2>\n\n\n\n<ul class=\"wp-block-list\">\n<li>Rentabilit\u00e9<\/li>\n\n\n\n<li>Bo\u00eetier ABS robuste<\/li>\n\n\n\n<li>Anti-collision et r\u00e9sistance aux chocs<\/li>\n\n\n\n<li>ABS\/PC suppl\u00e9mentaire + \u00e9poxy pour l'\u00e9tanch\u00e9it\u00e9<\/li>\n<\/ul>\n\n\n\n<h2 class=\"wp-block-heading\" id=\"h-specification-of-rfid-token\">Sp\u00e9cification du jeton RFID<\/h2>\n\n\n\n<div class=\"wp-block-columns are-vertically-aligned-center is-layout-flex wp-container-core-columns-is-layout-9d6595d7 wp-block-columns-is-layout-flex\">\n<div class=\"wp-block-column is-vertically-aligned-center is-layout-flow wp-block-column-is-layout-flow\" style=\"flex-basis:50%\">\n<ul class=\"wp-block-list\">\n<li>Mat\u00e9riau : Bo\u00eetier ABS\/PC<\/li>\n\n\n\n<li>Options de diam\u00e8tre :<\/li>\n\n\n\n<li>(LF) 12 \/ 25 \/ 29 \/ 30 \/ 35 \/ 40 \/ 50 \/ 52 mm<\/li>\n\n\n\n<li>(HF) 12 \/ 20 \/ 25 \/ 29 \/ 30 \/ 35 \/ 40 \/ 50 \/ 52 mm<\/li>\n\n\n\n<li>(UHF) 30 \/ 35 \/ 40 \/ 50 \/ 52 mm , ou personnalis\u00e9<\/li>\n\n\n\n<li>Options d'\u00e9paisseur : 2,3 \/ 3 \/ 4,8 \/ 7,8 mm en option<\/li>\n\n\n\n<li>Options de couleur : Noir, blanc, jaune ou personnalis\u00e9<\/li>\n\n\n\n<li>Fr\u00e9quences de fonctionnement : 125kHz \/ 13,56Mhz \/ 860-960MHz<\/li>\n\n\n\n<li>R\u00e9sistance : \u00c9tanch\u00e9it\u00e9, r\u00e9sistance aux chocs<\/li>\n\n\n\n<li>Temp\u00e9rature de fonctionnement : -40\u2103 ~ +70\u2103<\/li>\n\n\n\n<li>Temp\u00e9rature de stockage : -45\u2103 ~ 80 \u2103<\/li>\n<\/ul>\n<\/div>\n\n\n\n<div class=\"wp-block-column is-vertically-aligned-center is-layout-flow wp-block-column-is-layout-flow\" style=\"flex-basis:50%\">\n<figure class=\"wp-block-image size-full\"><img loading=\"lazy\" decoding=\"async\" width=\"724\" height=\"362\" src=\"https:\/\/huayuansh.com\/wp-content\/uploads\/2024\/08\/huayuan-rfid-coin-token-supplier.webp\" alt=\"\" class=\"wp-image-3669\" srcset=\"https:\/\/huayuansh.com\/wp-content\/uploads\/2024\/08\/huayuan-rfid-coin-token-supplier.webp 724w, https:\/\/huayuansh.com\/wp-content\/uploads\/2024\/08\/huayuan-rfid-coin-token-supplier-300x150.webp 300w\" sizes=\"auto, (max-width: 724px) 100vw, 724px\" \/><\/figure>\n<\/div>\n<\/div>\n\n\n\n<p><strong>\u00c9tiquette artisanale facultative de jeton RFID<\/strong><\/p>\n\n\n\n<ul class=\"wp-block-list\">\n<li>Encodage : Codage par puce<\/li>\n\n\n\n<li>Logo personnalis\u00e9 : S\u00e9rigraphie, gravure laser<\/li>\n\n\n\n<li>Impression du num\u00e9ro d'identification : Gravure laser<\/li>\n\n\n\n<li>Sur m\u00e9tal : Couche de ferrite anti-m\u00e9tallique en option<\/li>\n\n\n\n<li>Adh\u00e9sif : Autocollant ordinaire, couche adh\u00e9sive 3M en option<\/li>\n<\/ul>\n\n\n<style>.wp-block-kadence-advancedgallery .kb-gallery-type-grid.kb-gallery-id-3376_5d44ab-92{margin:-5px;}.kb-gallery-type-grid.kb-gallery-id-3376_5d44ab-92 .kadence-blocks-gallery-item{padding:5px;}.kb-gallery-id-3376_5d44ab-92 .kadence-blocks-gallery-item .kb-gal-image-radius, .kb-gallery-id-3376_5d44ab-92 .kb-slide-item .kb-gal-image-radius img{border-radius:0px 0px 0px 0px;;}.kb-gallery-id-3376_5d44ab-92 .kadence-blocks-gallery-item .kadence-blocks-gallery-item-inner .kadence-blocks-gallery-item__caption{color:var(--global-palette4, #2D3748);}.kb-gallery-caption-style-cover-hover.kb-gallery-id-3376_5d44ab-92 .kadence-blocks-gallery-item .kadence-blocks-gallery-item-inner .kadence-blocks-gallery-item__caption, .kb-gallery-caption-style-below.kb-gallery-id-3376_5d44ab-92 .kadence-blocks-gallery-item .kadence-blocks-gallery-item-inner .kadence-blocks-gallery-item__caption{background:var(--global-palette9, #ffffff);}<\/style><div class=\"kb-gallery-wrap-id-3376_5d44ab-92 alignnone wp-block-kadence-advancedgallery\"><ul class=\"kb-gallery-ul kb-gallery-non-static kb-gallery-type-grid kb-gallery-id-3376_5d44ab-92 kb-gallery-caption-style-below kb-gallery-filter-none\" data-image-filter=\"none\" data-item-selector=\".kadence-blocks-gallery-item\" data-lightbox-caption=\"true\" data-columns-xxl=\"4\" data-columns-xl=\"4\" data-columns-md=\"4\" data-columns-sm=\"3\" data-columns-xs=\"2\" data-columns-ss=\"2\"><li class=\"kadence-blocks-gallery-item\"><div class=\"kadence-blocks-gallery-item-inner\"><figure class=\"kb-gallery-figure kadence-blocks-gallery-item-has-caption\"><div class=\"kb-gal-image-radius\"><div class=\"kb-gallery-image-contain kadence-blocks-gallery-intrinsic kb-gallery-image-ratio-land32 kb-has-image-ratio-land32\" ><img loading=\"lazy\" decoding=\"async\" src=\"https:\/\/huayuansh.com\/wp-content\/uploads\/2024\/08\/Colorful-ABS-RFID-Coin-Token-Tag.webp\" width=\"600\" height=\"600\" alt=\"\" data-full-image=\"https:\/\/huayuansh.com\/wp-content\/uploads\/2024\/08\/Colorful-ABS-RFID-Coin-Token-Tag.webp\" data-light-image=\"https:\/\/huayuansh.com\/wp-content\/uploads\/2024\/08\/Colorful-ABS-RFID-Coin-Token-Tag.webp\" data-id=\"3672\" class=\"wp-image-3672\" srcset=\"https:\/\/huayuansh.com\/wp-content\/uploads\/2024\/08\/Colorful-ABS-RFID-Coin-Token-Tag.webp 600w, https:\/\/huayuansh.com\/wp-content\/uploads\/2024\/08\/Colorful-ABS-RFID-Coin-Token-Tag-300x300.webp 300w, https:\/\/huayuansh.com\/wp-content\/uploads\/2024\/08\/Colorful-ABS-RFID-Coin-Token-Tag-150x150.webp 150w\" sizes=\"auto, (max-width: 600px) 100vw, 600px\" \/><\/div><\/div><figcaption class=\"kadence-blocks-gallery-item__caption\">Couleur diff\u00e9rente<\/figcaption><\/figure><\/div><\/li><li class=\"kadence-blocks-gallery-item\"><div class=\"kadence-blocks-gallery-item-inner\"><figure class=\"kb-gallery-figure kadence-blocks-gallery-item-has-caption\"><div class=\"kb-gal-image-radius\"><div class=\"kb-gallery-image-contain kadence-blocks-gallery-intrinsic kb-gallery-image-ratio-land32 kb-has-image-ratio-land32\" ><img loading=\"lazy\" decoding=\"async\" src=\"https:\/\/huayuansh.com\/wp-content\/uploads\/2024\/08\/Custom-Logo-ABS-RFID-Coin-Token-Tag.webp\" width=\"600\" height=\"600\" alt=\"\" data-full-image=\"https:\/\/huayuansh.com\/wp-content\/uploads\/2024\/08\/Custom-Logo-ABS-RFID-Coin-Token-Tag.webp\" data-light-image=\"https:\/\/huayuansh.com\/wp-content\/uploads\/2024\/08\/Custom-Logo-ABS-RFID-Coin-Token-Tag.webp\" data-id=\"3671\" class=\"wp-image-3671\" srcset=\"https:\/\/huayuansh.com\/wp-content\/uploads\/2024\/08\/Custom-Logo-ABS-RFID-Coin-Token-Tag.webp 600w, https:\/\/huayuansh.com\/wp-content\/uploads\/2024\/08\/Custom-Logo-ABS-RFID-Coin-Token-Tag-300x300.webp 300w, https:\/\/huayuansh.com\/wp-content\/uploads\/2024\/08\/Custom-Logo-ABS-RFID-Coin-Token-Tag-150x150.webp 150w\" sizes=\"auto, (max-width: 600px) 100vw, 600px\" \/><\/div><\/div><figcaption class=\"kadence-blocks-gallery-item__caption\">Logo pr\u00e9-imprim\u00e9<\/figcaption><\/figure><\/div><\/li><li class=\"kadence-blocks-gallery-item\"><div class=\"kadence-blocks-gallery-item-inner\"><figure class=\"kb-gallery-figure kadence-blocks-gallery-item-has-caption\"><div class=\"kb-gal-image-radius\"><div class=\"kb-gallery-image-contain kadence-blocks-gallery-intrinsic kb-gallery-image-ratio-land32 kb-has-image-ratio-land32\" ><img loading=\"lazy\" decoding=\"async\" src=\"https:\/\/huayuansh.com\/wp-content\/uploads\/2024\/08\/Anti-metal-Layer-ABS-RFID-Coin-Token-Tag.webp\" width=\"600\" height=\"600\" alt=\"\" data-full-image=\"https:\/\/huayuansh.com\/wp-content\/uploads\/2024\/08\/Anti-metal-Layer-ABS-RFID-Coin-Token-Tag.webp\" data-light-image=\"https:\/\/huayuansh.com\/wp-content\/uploads\/2024\/08\/Anti-metal-Layer-ABS-RFID-Coin-Token-Tag.webp\" data-id=\"3673\" class=\"wp-image-3673\" srcset=\"https:\/\/huayuansh.com\/wp-content\/uploads\/2024\/08\/Anti-metal-Layer-ABS-RFID-Coin-Token-Tag.webp 600w, https:\/\/huayuansh.com\/wp-content\/uploads\/2024\/08\/Anti-metal-Layer-ABS-RFID-Coin-Token-Tag-300x300.webp 300w, https:\/\/huayuansh.com\/wp-content\/uploads\/2024\/08\/Anti-metal-Layer-ABS-RFID-Coin-Token-Tag-150x150.webp 150w\" sizes=\"auto, (max-width: 600px) 100vw, 600px\" \/><\/div><\/div><figcaption class=\"kadence-blocks-gallery-item__caption\">Couche anti-m\u00e9tal<\/figcaption><\/figure><\/div><\/li><li class=\"kadence-blocks-gallery-item\"><div class=\"kadence-blocks-gallery-item-inner\"><figure class=\"kb-gallery-figure kadence-blocks-gallery-item-has-caption\"><div class=\"kb-gal-image-radius\"><div class=\"kb-gallery-image-contain kadence-blocks-gallery-intrinsic kb-gallery-image-ratio-land32 kb-has-image-ratio-land32\" ><img loading=\"lazy\" decoding=\"async\" src=\"https:\/\/huayuansh.com\/wp-content\/uploads\/2024\/08\/ABS-RFID-Coin-Token-Tag-with-Epoxy.webp\" width=\"600\" height=\"600\" alt=\"\" data-full-image=\"https:\/\/huayuansh.com\/wp-content\/uploads\/2024\/08\/ABS-RFID-Coin-Token-Tag-with-Epoxy.webp\" data-light-image=\"https:\/\/huayuansh.com\/wp-content\/uploads\/2024\/08\/ABS-RFID-Coin-Token-Tag-with-Epoxy.webp\" data-id=\"3674\" class=\"wp-image-3674\" srcset=\"https:\/\/huayuansh.com\/wp-content\/uploads\/2024\/08\/ABS-RFID-Coin-Token-Tag-with-Epoxy.webp 600w, https:\/\/huayuansh.com\/wp-content\/uploads\/2024\/08\/ABS-RFID-Coin-Token-Tag-with-Epoxy-300x300.webp 300w, https:\/\/huayuansh.com\/wp-content\/uploads\/2024\/08\/ABS-RFID-Coin-Token-Tag-with-Epoxy-150x150.webp 150w\" sizes=\"auto, (max-width: 600px) 100vw, 600px\" \/><\/div><\/div><figcaption class=\"kadence-blocks-gallery-item__caption\">\u00c9tiquette avec \u00e9poxy<\/figcaption><\/figure><\/div><\/li><\/ul><\/div>\n\n\n<h3 class=\"wp-block-heading\">Applications du jeton RFID<\/h3>\n\n\n\n<ul class=\"wp-block-list\">\n<li>Contr\u00f4le des processus de s\u00e9curit\u00e9<\/li>\n\n\n\n<li>Suivi des actifs<\/li>\n\n\n\n<li>Dispositif int\u00e9gr\u00e9<\/li>\n\n\n\n<li>Identification<\/li>\n\n\n\n<li>Gestion des stocks<\/li>\n<\/ul>\n\n\n\n<figure class=\"wp-block-image size-large\"><img loading=\"lazy\" decoding=\"async\" width=\"1024\" height=\"603\" src=\"https:\/\/huayuansh.com\/wp-content\/uploads\/2024\/08\/rfid-token-tag-applications-1024x603.webp\" alt=\"\" class=\"wp-image-3670\" srcset=\"https:\/\/huayuansh.com\/wp-content\/uploads\/2024\/08\/rfid-token-tag-applications-1024x603.webp 1024w, https:\/\/huayuansh.com\/wp-content\/uploads\/2024\/08\/rfid-token-tag-applications-300x177.webp 300w, https:\/\/huayuansh.com\/wp-content\/uploads\/2024\/08\/rfid-token-tag-applications-768x453.webp 768w, https:\/\/huayuansh.com\/wp-content\/uploads\/2024\/08\/rfid-token-tag-applications.webp 1108w\" sizes=\"auto, (max-width: 1024px) 100vw, 1024px\" \/><\/figure>\n\n\n\n<h4 class=\"wp-block-heading\">Prendre contact<\/h4>\n\n\n\n<p>Pour plus d'informations sur les \u00e9tiquettes RFID pour jetons de Huayuan, veuillez contacter notre \u00e9quipe commerciale.<\/p>\n\n\n<style>.wp-block-kadence-advancedbtn.kb-btns3376_b0ce88-72{gap:var(--global-kb-gap-xs, 0.5rem );justify-content:flex-start;align-items:center;}.kt-btns3376_b0ce88-72 .kt-button{font-weight:normal;font-style:normal;}.kt-btns3376_b0ce88-72 .kt-btn-wrap-0{margin-right:5px;}.wp-block-kadence-advancedbtn.kt-btns3376_b0ce88-72 .kt-btn-wrap-0 .kt-button{color:#555555;border-color:#555555;}.wp-block-kadence-advancedbtn.kt-btns3376_b0ce88-72 .kt-btn-wrap-0 .kt-button:hover, .wp-block-kadence-advancedbtn.kt-btns3376_b0ce88-72 .kt-btn-wrap-0 .kt-button:focus{color:#ffffff;border-color:#444444;}.wp-block-kadence-advancedbtn.kt-btns3376_b0ce88-72 .kt-btn-wrap-0 .kt-button::before{display:none;}.wp-block-kadence-advancedbtn.kt-btns3376_b0ce88-72 .kt-btn-wrap-0 .kt-button:hover, .wp-block-kadence-advancedbtn.kt-btns3376_b0ce88-72 .kt-btn-wrap-0 .kt-button:focus{background:#444444;}<\/style>\n<div class=\"wp-block-kadence-advancedbtn kb-buttons-wrap kb-btns3376_b0ce88-72\"><style>ul.menu .wp-block-kadence-advancedbtn .kb-btn3376_b71fcf-9d.kb-button{width:initial;}<\/style><a class=\"kb-button kt-button button kb-btn3376_b71fcf-9d kt-btn-size-standard kt-btn-width-type-auto kb-btn-global-inherit  kt-btn-has-text-true kt-btn-has-svg-false  wp-block-button__link wp-block-kadence-singlebtn\" href=\"https:\/\/huayuansh.com\/contact-us\/\"><span class=\"kt-btn-inner-text\">Nous contacter<\/span><\/a><\/div>","protected":false},"excerpt":{"rendered":"<p>Le jeton RFID se compose d'une puce et d'une antenne fabriqu\u00e9es \u00e0 partir d'un mat\u00e9riau durable et peut \u00eatre fa\u00e7onn\u00e9 ou personnalis\u00e9 avec un trou central qui permet de le visser ou de le clouer sur une surface. L'\u00e9tiquette RFID industrielle HUAYUAN est disponible avec une large gamme de technologies RFID : de la basse fr\u00e9quence 125KHz \u00e0 la haute fr\u00e9quence 13.56MHz ainsi que...<\/p>","protected":false},"author":1,"featured_media":3675,"parent":854,"menu_order":0,"comment_status":"closed","ping_status":"closed","template":"","meta":{"_kad_blocks_custom_css":"","_kad_blocks_head_custom_js":"","_kad_blocks_body_custom_js":"","_kad_blocks_footer_custom_js":"","_kadence_starter_templates_imported_post":false,"_kad_post_transparent":"","_kad_post_title":"","_kad_post_layout":"","_kad_post_sidebar_id":"","_kad_post_content_style":"","_kad_post_vertical_padding":"","_kad_post_feature":"","_kad_post_feature_position":"","_kad_post_header":false,"_kad_post_footer":false,"footnotes":""},"class_list":["post-3376","page","type-page","status-publish","has-post-thumbnail","hentry"],"yoast_head":"<!-- This site is optimized with the Yoast SEO Premium plugin v23.0 (Yoast SEO v26.3) - https:\/\/yoast.com\/wordpress\/plugins\/seo\/ -->\n<title>ABS RFID Coin Token Tag | HUAYUAN RFID Tag Manufacturer<\/title>\n<meta name=\"description\" content=\"RFID coin token tags are an idea solution for harsh resistant RFID applications such as industrial automation, device embedded etc.\" \/>\n<meta name=\"robots\" content=\"index, follow, max-snippet:-1, max-image-preview:large, max-video-preview:-1\" \/>\n<link rel=\"canonical\" href=\"https:\/\/huayuansh.com\/fr\/produits\/etiquettes-rfid-industrielles\/etiquette-jeton-en-abs-rfid\/\" \/>\n<meta property=\"og:locale\" content=\"fr_FR\" \/>\n<meta property=\"og:type\" content=\"article\" \/>\n<meta property=\"og:title\" content=\"ABS RFID Coin Token Tag\" \/>\n<meta property=\"og:description\" content=\"RFID coin token tags are an idea solution for harsh resistant RFID applications such as industrial automation, device embedded etc.\" \/>\n<meta property=\"og:url\" content=\"https:\/\/huayuansh.com\/fr\/produits\/etiquettes-rfid-industrielles\/etiquette-jeton-en-abs-rfid\/\" \/>\n<meta property=\"og:site_name\" content=\"HUAYUAN RFID Tag Manufacturer\" \/>\n<meta property=\"article:modified_time\" content=\"2024-08-16T11:55:38+00:00\" \/>\n<meta property=\"og:image\" content=\"https:\/\/huayuansh.com\/wp-content\/uploads\/2024\/08\/ABS-RFID-Coin-Token-Tag.webp\" \/>\n\t<meta property=\"og:image:width\" content=\"1920\" \/>\n\t<meta property=\"og:image:height\" content=\"1080\" \/>\n\t<meta property=\"og:image:type\" content=\"image\/webp\" \/>\n<meta name=\"twitter:card\" content=\"summary_large_image\" \/>\n<meta name=\"twitter:label1\" content=\"Dur\u00e9e de lecture estim\u00e9e\" \/>\n\t<meta name=\"twitter:data1\" content=\"2 minutes\" \/>\n<script type=\"application\/ld+json\" class=\"yoast-schema-graph\">{\"@context\":\"https:\/\/schema.org\",\"@graph\":[{\"@type\":\"WebPage\",\"@id\":\"https:\/\/huayuansh.com\/products\/industrial-rfid-tags\/abs-rfid-coin-token-tag\/\",\"url\":\"https:\/\/huayuansh.com\/products\/industrial-rfid-tags\/abs-rfid-coin-token-tag\/\",\"name\":\"ABS RFID Coin Token Tag | HUAYUAN RFID Tag Manufacturer\",\"isPartOf\":{\"@id\":\"https:\/\/huayuansh.com\/#website\"},\"primaryImageOfPage\":{\"@id\":\"https:\/\/huayuansh.com\/products\/industrial-rfid-tags\/abs-rfid-coin-token-tag\/#primaryimage\"},\"image\":{\"@id\":\"https:\/\/huayuansh.com\/products\/industrial-rfid-tags\/abs-rfid-coin-token-tag\/#primaryimage\"},\"thumbnailUrl\":\"https:\/\/huayuansh.com\/wp-content\/uploads\/2024\/08\/ABS-RFID-Coin-Token-Tag.webp\",\"datePublished\":\"2024-07-15T05:36:35+00:00\",\"dateModified\":\"2024-08-16T11:55:38+00:00\",\"description\":\"RFID coin token tags are an idea solution for harsh resistant RFID applications such as industrial automation, device embedded etc.\",\"breadcrumb\":{\"@id\":\"https:\/\/huayuansh.com\/products\/industrial-rfid-tags\/abs-rfid-coin-token-tag\/#breadcrumb\"},\"inLanguage\":\"fr-FR\",\"potentialAction\":[{\"@type\":\"ReadAction\",\"target\":[\"https:\/\/huayuansh.com\/products\/industrial-rfid-tags\/abs-rfid-coin-token-tag\/\"]}]},{\"@type\":\"ImageObject\",\"inLanguage\":\"fr-FR\",\"@id\":\"https:\/\/huayuansh.com\/products\/industrial-rfid-tags\/abs-rfid-coin-token-tag\/#primaryimage\",\"url\":\"https:\/\/huayuansh.com\/wp-content\/uploads\/2024\/08\/ABS-RFID-Coin-Token-Tag.webp\",\"contentUrl\":\"https:\/\/huayuansh.com\/wp-content\/uploads\/2024\/08\/ABS-RFID-Coin-Token-Tag.webp\",\"width\":1920,\"height\":1080},{\"@type\":\"BreadcrumbList\",\"@id\":\"https:\/\/huayuansh.com\/products\/industrial-rfid-tags\/abs-rfid-coin-token-tag\/#breadcrumb\",\"itemListElement\":[{\"@type\":\"ListItem\",\"position\":1,\"name\":\"Home\",\"item\":\"https:\/\/huayuansh.com\/\"},{\"@type\":\"ListItem\",\"position\":2,\"name\":\"RFID Products\",\"item\":\"https:\/\/huayuansh.com\/products\/\"},{\"@type\":\"ListItem\",\"position\":3,\"name\":\"Industrial RFID Tags\",\"item\":\"https:\/\/huayuansh.com\/products\/industrial-rfid-tags\/\"},{\"@type\":\"ListItem\",\"position\":4,\"name\":\"ABS RFID Coin Token Tag\"}]},{\"@type\":\"WebSite\",\"@id\":\"https:\/\/huayuansh.com\/#website\",\"url\":\"https:\/\/huayuansh.com\/\",\"name\":\"HUAYUAN RFID Tag Manufacturer\",\"description\":\"HUAYUAN RFID Tag Manufacturer\",\"publisher\":{\"@id\":\"https:\/\/huayuansh.com\/#organization\"},\"potentialAction\":[{\"@type\":\"SearchAction\",\"target\":{\"@type\":\"EntryPoint\",\"urlTemplate\":\"https:\/\/huayuansh.com\/?s={search_term_string}\"},\"query-input\":{\"@type\":\"PropertyValueSpecification\",\"valueRequired\":true,\"valueName\":\"search_term_string\"}}],\"inLanguage\":\"fr-FR\"},{\"@type\":\"Organization\",\"@id\":\"https:\/\/huayuansh.com\/#organization\",\"name\":\"HUAYUAN RFID Tag Manufacturer\",\"url\":\"https:\/\/huayuansh.com\/\",\"logo\":{\"@type\":\"ImageObject\",\"inLanguage\":\"fr-FR\",\"@id\":\"https:\/\/huayuansh.com\/#\/schema\/logo\/image\/\",\"url\":\"https:\/\/huayuansh.com\/wp-content\/uploads\/2024\/09\/cropped-HUAYUAN.webp\",\"contentUrl\":\"https:\/\/huayuansh.com\/wp-content\/uploads\/2024\/09\/cropped-HUAYUAN.webp\",\"width\":895,\"height\":279,\"caption\":\"HUAYUAN RFID Tag Manufacturer\"},\"image\":{\"@id\":\"https:\/\/huayuansh.com\/#\/schema\/logo\/image\/\"}}]}<\/script>\n<!-- \/ Yoast SEO Premium plugin. -->","yoast_head_json":{"title":"ABS RFID Coin Token Tag | HUAYUAN RFID Tag Manufacturer","description":"Les jetons RFID sont une solution id\u00e9ale pour les applications RFID r\u00e9sistantes aux conditions extr\u00eames, telles que l'automatisation industrielle, les appareils embarqu\u00e9s, etc.","robots":{"index":"index","follow":"follow","max-snippet":"max-snippet:-1","max-image-preview":"max-image-preview:large","max-video-preview":"max-video-preview:-1"},"canonical":"https:\/\/huayuansh.com\/fr\/produits\/etiquettes-rfid-industrielles\/etiquette-jeton-en-abs-rfid\/","og_locale":"fr_FR","og_type":"article","og_title":"ABS RFID Coin Token Tag","og_description":"RFID coin token tags are an idea solution for harsh resistant RFID applications such as industrial automation, device embedded etc.","og_url":"https:\/\/huayuansh.com\/fr\/produits\/etiquettes-rfid-industrielles\/etiquette-jeton-en-abs-rfid\/","og_site_name":"HUAYUAN RFID Tag Manufacturer","article_modified_time":"2024-08-16T11:55:38+00:00","og_image":[{"width":1920,"height":1080,"url":"https:\/\/huayuansh.com\/wp-content\/uploads\/2024\/08\/ABS-RFID-Coin-Token-Tag.webp","type":"image\/webp"}],"twitter_card":"summary_large_image","twitter_misc":{"Dur\u00e9e de lecture estim\u00e9e":"2 minutes"},"schema":{"@context":"https:\/\/schema.org","@graph":[{"@type":"WebPage","@id":"https:\/\/huayuansh.com\/products\/industrial-rfid-tags\/abs-rfid-coin-token-tag\/","url":"https:\/\/huayuansh.com\/products\/industrial-rfid-tags\/abs-rfid-coin-token-tag\/","name":"ABS RFID Coin Token Tag | HUAYUAN RFID Tag Manufacturer","isPartOf":{"@id":"https:\/\/huayuansh.com\/#website"},"primaryImageOfPage":{"@id":"https:\/\/huayuansh.com\/products\/industrial-rfid-tags\/abs-rfid-coin-token-tag\/#primaryimage"},"image":{"@id":"https:\/\/huayuansh.com\/products\/industrial-rfid-tags\/abs-rfid-coin-token-tag\/#primaryimage"},"thumbnailUrl":"https:\/\/huayuansh.com\/wp-content\/uploads\/2024\/08\/ABS-RFID-Coin-Token-Tag.webp","datePublished":"2024-07-15T05:36:35+00:00","dateModified":"2024-08-16T11:55:38+00:00","description":"Les jetons RFID sont une solution id\u00e9ale pour les applications RFID r\u00e9sistantes aux conditions extr\u00eames, telles que l'automatisation industrielle, les appareils embarqu\u00e9s, etc.","breadcrumb":{"@id":"https:\/\/huayuansh.com\/products\/industrial-rfid-tags\/abs-rfid-coin-token-tag\/#breadcrumb"},"inLanguage":"fr-FR","potentialAction":[{"@type":"ReadAction","target":["https:\/\/huayuansh.com\/products\/industrial-rfid-tags\/abs-rfid-coin-token-tag\/"]}]},{"@type":"ImageObject","inLanguage":"fr-FR","@id":"https:\/\/huayuansh.com\/products\/industrial-rfid-tags\/abs-rfid-coin-token-tag\/#primaryimage","url":"https:\/\/huayuansh.com\/wp-content\/uploads\/2024\/08\/ABS-RFID-Coin-Token-Tag.webp","contentUrl":"https:\/\/huayuansh.com\/wp-content\/uploads\/2024\/08\/ABS-RFID-Coin-Token-Tag.webp","width":1920,"height":1080},{"@type":"BreadcrumbList","@id":"https:\/\/huayuansh.com\/products\/industrial-rfid-tags\/abs-rfid-coin-token-tag\/#breadcrumb","itemListElement":[{"@type":"ListItem","position":1,"name":"Home","item":"https:\/\/huayuansh.com\/"},{"@type":"ListItem","position":2,"name":"RFID Products","item":"https:\/\/huayuansh.com\/products\/"},{"@type":"ListItem","position":3,"name":"Industrial RFID Tags","item":"https:\/\/huayuansh.com\/products\/industrial-rfid-tags\/"},{"@type":"ListItem","position":4,"name":"ABS RFID Coin Token Tag"}]},{"@type":"WebSite","@id":"https:\/\/huayuansh.com\/#website","url":"https:\/\/huayuansh.com\/","name":"Fabricant d'\u00e9tiquettes RFID HUAYUAN","description":"Fabricant d'\u00e9tiquettes RFID HUAYUAN","publisher":{"@id":"https:\/\/huayuansh.com\/#organization"},"potentialAction":[{"@type":"SearchAction","target":{"@type":"EntryPoint","urlTemplate":"https:\/\/huayuansh.com\/?s={search_term_string}"},"query-input":{"@type":"PropertyValueSpecification","valueRequired":true,"valueName":"search_term_string"}}],"inLanguage":"fr-FR"},{"@type":"Organization","@id":"https:\/\/huayuansh.com\/#organization","name":"Fabricant d'\u00e9tiquettes RFID HUAYUAN","url":"https:\/\/huayuansh.com\/","logo":{"@type":"ImageObject","inLanguage":"fr-FR","@id":"https:\/\/huayuansh.com\/#\/schema\/logo\/image\/","url":"https:\/\/huayuansh.com\/wp-content\/uploads\/2024\/09\/cropped-HUAYUAN.webp","contentUrl":"https:\/\/huayuansh.com\/wp-content\/uploads\/2024\/09\/cropped-HUAYUAN.webp","width":895,"height":279,"caption":"HUAYUAN RFID Tag Manufacturer"},"image":{"@id":"https:\/\/huayuansh.com\/#\/schema\/logo\/image\/"}}]}},"taxonomy_info":[],"featured_image_src_large":["https:\/\/huayuansh.com\/wp-content\/uploads\/2024\/08\/ABS-RFID-Coin-Token-Tag-1024x576.webp",1024,576,true],"author_info":{"display_name":"HUAYUAN","author_link":"https:\/\/huayuansh.com\/fr\/author\/shyec2024\/"},"comment_info":0,"_links":{"self":[{"href":"https:\/\/huayuansh.com\/fr\/wp-json\/wp\/v2\/pages\/3376","targetHints":{"allow":["GET"]}}],"collection":[{"href":"https:\/\/huayuansh.com\/fr\/wp-json\/wp\/v2\/pages"}],"about":[{"href":"https:\/\/huayuansh.com\/fr\/wp-json\/wp\/v2\/types\/page"}],"author":[{"embeddable":true,"href":"https:\/\/huayuansh.com\/fr\/wp-json\/wp\/v2\/users\/1"}],"replies":[{"embeddable":true,"href":"https:\/\/huayuansh.com\/fr\/wp-json\/wp\/v2\/comments?post=3376"}],"version-history":[{"count":2,"href":"https:\/\/huayuansh.com\/fr\/wp-json\/wp\/v2\/pages\/3376\/revisions"}],"predecessor-version":[{"id":3676,"href":"https:\/\/huayuansh.com\/fr\/wp-json\/wp\/v2\/pages\/3376\/revisions\/3676"}],"up":[{"embeddable":true,"href":"https:\/\/huayuansh.com\/fr\/wp-json\/wp\/v2\/pages\/854"}],"wp:featuredmedia":[{"embeddable":true,"href":"https:\/\/huayuansh.com\/fr\/wp-json\/wp\/v2\/media\/3675"}],"wp:attachment":[{"href":"https:\/\/huayuansh.com\/fr\/wp-json\/wp\/v2\/media?parent=3376"}],"curies":[{"name":"wp","href":"https:\/\/api.w.org\/{rel}","templated":true}]}}