{"id":3380,"date":"2024-07-15T13:42:10","date_gmt":"2024-07-15T05:42:10","guid":{"rendered":"https:\/\/huayuansh.com\/?page_id=3380"},"modified":"2024-08-07T09:13:12","modified_gmt":"2024-08-07T01:13:12","slug":"etiquette-intelligente-ecotrack-pour-conteneurs","status":"publish","type":"page","link":"https:\/\/huayuansh.com\/fr\/produits\/etiquettes-rfid-industrielles\/etiquette-intelligente-ecotrack-pour-conteneurs\/","title":{"rendered":"EcoTrack Smart Bin Tag"},"content":{"rendered":"<p>L'\u00e9tiquette intelligente pour poubelle EcoTrack est con\u00e7ue pour offrir une solution flexible et intelligente pour la gestion des d\u00e9chets. Fabriqu\u00e9e en plastique durable, cette \u00e9tiquette est con\u00e7ue pour r\u00e9sister aux conditions les plus difficiles, garantissant long\u00e9vit\u00e9 et fiabilit\u00e9. Il peut \u00eatre facilement appos\u00e9 sur les poubelles \u00e0 l'aide d'un ruban adh\u00e9sif 3M ou de rivets s\u00e9curis\u00e9s, ce qui offre une grande souplesse d'installation.<\/p>\n\n\n\n<p>Notre Smart Bin Tag est \u00e9quip\u00e9 de la technologie RFID (UHF), ce qui permet de v\u00e9rifier les services sans effort et avec pr\u00e9cision. Lorsqu'un lecteur RFID se trouve \u00e0 proximit\u00e9, la poubelle est imm\u00e9diatement reconnue, ce qui facilite la r\u00e9cup\u00e9ration efficace des donn\u00e9es. Ces donn\u00e9es comprennent les num\u00e9ros d'identification, les informations sur le propri\u00e9taire, l'emplacement des bacs et les horaires de collecte, le tout g\u00e9r\u00e9 par un syst\u00e8me RFID de gestion intelligente des d\u00e9chets.<\/p>\n\n\n\n<p>Pour une lecture rapide et un acc\u00e8s pratique aux informations importantes sur les bacs par le public, les \u00e9tiquettes peuvent \u00eatre pr\u00e9-imprim\u00e9es avec des codes num\u00e9riques, des codes-barres et des codes QR. Nous disposons d'une grande exp\u00e9rience en mati\u00e8re de traitement des donn\u00e9es, ce qui nous permet de garantir que les donn\u00e9es imprim\u00e9es correspondent exactement et sont faciles \u00e0 lire.<\/p>\n\n\n\n<h2 class=\"wp-block-heading\" id=\"h-key-features\">Caract\u00e9ristiques principales<\/h2>\n\n\n\n<ul class=\"wp-block-list\">\n<li><strong>Construction durable<\/strong>: Fabriqu\u00e9 en plastique robuste et durable pour r\u00e9sister aux environnements difficiles.<\/li>\n\n\n\n<li><strong>Installation flexible<\/strong>: Options de fixation \u00e0 l'aide de ruban adh\u00e9sif 3M ou de rivets pour une mise en place s\u00fbre.<\/li>\n\n\n\n<li><strong>V\u00e9rification fiable de l'identification par radiofr\u00e9quence<\/strong>: Technologie RFID (UHF) int\u00e9gr\u00e9e pour une v\u00e9rification fiable des services.<\/li>\n\n\n\n<li><strong>Identification visible<\/strong>: Codes num\u00e9riques, codes \u00e0 barres et codes QR \u00e0 haute visibilit\u00e9 pour une identification rapide et facile.<\/li>\n<\/ul>\n\n\n\n<h2 class=\"wp-block-heading\" id=\"h-specifications\">Sp\u00e9cifications<\/h2>\n\n\n\n<ul class=\"wp-block-list\">\n<li>Mat\u00e9riau : PVC lamin\u00e9<\/li>\n\n\n\n<li>Dimension : 65mm x 25mm ; 100mm x 25mm, ou sur mesure<\/li>\n\n\n\n<li>\u00c9paisseur : 1 mm ~ 1,5 mm<\/li>\n\n\n\n<li>Diam\u00e8tre du trou : 3,5 mm<\/li>\n\n\n\n<li>Classe IP : IP67<\/li>\n\n\n\n<li>Distance de lecture : 2m ~ 3m (UHF)<\/li>\n<\/ul>\n\n\n\n<h3 class=\"wp-block-heading\" id=\"h-get-in-touch\">Prendre contact<\/h3>\n\n\n\n<p>Choisissez notre \u00e9tiquette de poubelle intelligente EcoTrack pour am\u00e9liorer la qualit\u00e9 de vos produits. <a href=\"https:\/\/huayuansh.com\/applications\/waste-management\/\">gestion des d\u00e9chets<\/a> avec une solution durable, intelligente et efficace. Contactez-nous d\u00e8s aujourd'hui pour en savoir plus sur la fa\u00e7on dont nos produits peuvent r\u00e9pondre \u00e0 vos besoins.<\/p>\n\n\n<style>.wp-block-kadence-advancedbtn.kb-btns3380_fff710-40{gap:var(--global-kb-gap-xs, 0.5rem );justify-content:flex-start;align-items:center;}.kt-btns3380_fff710-40 .kt-button{font-weight:normal;font-style:normal;}.kt-btns3380_fff710-40 .kt-btn-wrap-0{margin-right:5px;}.wp-block-kadence-advancedbtn.kt-btns3380_fff710-40 .kt-btn-wrap-0 .kt-button{color:#555555;border-color:#555555;}.wp-block-kadence-advancedbtn.kt-btns3380_fff710-40 .kt-btn-wrap-0 .kt-button:hover, .wp-block-kadence-advancedbtn.kt-btns3380_fff710-40 .kt-btn-wrap-0 .kt-button:focus{color:#ffffff;border-color:#444444;}.wp-block-kadence-advancedbtn.kt-btns3380_fff710-40 .kt-btn-wrap-0 .kt-button::before{display:none;}.wp-block-kadence-advancedbtn.kt-btns3380_fff710-40 .kt-btn-wrap-0 .kt-button:hover, .wp-block-kadence-advancedbtn.kt-btns3380_fff710-40 .kt-btn-wrap-0 .kt-button:focus{background:#444444;}<\/style>\n<div class=\"wp-block-kadence-advancedbtn kb-buttons-wrap kb-btns3380_fff710-40\"><style>ul.menu .wp-block-kadence-advancedbtn .kb-btn3380_1be6bf-44.kb-button{width:initial;}<\/style><a class=\"kb-button kt-button button kb-btn3380_1be6bf-44 kt-btn-size-standard kt-btn-width-type-auto kb-btn-global-inherit  kt-btn-has-text-true kt-btn-has-svg-false  wp-block-button__link wp-block-kadence-singlebtn\" href=\"https:\/\/huayuansh.com\/contact-us\/\"><span class=\"kt-btn-inner-text\">Nous contacter<\/span><\/a><\/div>","protected":false},"excerpt":{"rendered":"<p>The EcoTrack Smart Bin Tag is designed to offer a flexible and intelligent solution for waste management. Constructed from durable plastic, this tag is engineered to withstand the toughest conditions, ensuring longevity and reliability. It can be easily affixed to waste bins using 3M adhesive tape or secure rivets, providing flexibility in installation. Our Smart&#8230;<\/p>","protected":false},"author":1,"featured_media":3585,"parent":854,"menu_order":0,"comment_status":"closed","ping_status":"closed","template":"","meta":{"_kad_blocks_custom_css":"","_kad_blocks_head_custom_js":"","_kad_blocks_body_custom_js":"","_kad_blocks_footer_custom_js":"","_kadence_starter_templates_imported_post":false,"_kad_post_transparent":"","_kad_post_title":"","_kad_post_layout":"","_kad_post_sidebar_id":"","_kad_post_content_style":"","_kad_post_vertical_padding":"","_kad_post_feature":"","_kad_post_feature_position":"","_kad_post_header":false,"_kad_post_footer":false,"footnotes":""},"class_list":["post-3380","page","type-page","status-publish","has-post-thumbnail","hentry"],"yoast_head":"<!-- This site is optimized with the Yoast SEO Premium plugin v23.0 (Yoast SEO v26.3) - https:\/\/yoast.com\/wordpress\/plugins\/seo\/ -->\n<title>EcoTrack Smart Bin Tag | HUAYUAN RFID Tag Manufacturer<\/title>\n<meta name=\"robots\" content=\"index, follow, max-snippet:-1, max-image-preview:large, max-video-preview:-1\" \/>\n<link rel=\"canonical\" href=\"https:\/\/huayuansh.com\/fr\/produits\/etiquettes-rfid-industrielles\/etiquette-intelligente-ecotrack-pour-conteneurs\/\" \/>\n<meta property=\"og:locale\" content=\"fr_FR\" \/>\n<meta property=\"og:type\" content=\"article\" \/>\n<meta property=\"og:title\" content=\"EcoTrack Smart Bin Tag\" \/>\n<meta property=\"og:description\" content=\"The EcoTrack Smart Bin Tag is designed to offer a flexible and intelligent solution for waste management. Constructed from durable plastic, this tag is engineered to withstand the toughest conditions, ensuring longevity and reliability. It can be easily affixed to waste bins using 3M adhesive tape or secure rivets, providing flexibility in installation. Our Smart...\" \/>\n<meta property=\"og:url\" content=\"https:\/\/huayuansh.com\/fr\/produits\/etiquettes-rfid-industrielles\/etiquette-intelligente-ecotrack-pour-conteneurs\/\" \/>\n<meta property=\"og:site_name\" content=\"HUAYUAN RFID Tag Manufacturer\" \/>\n<meta property=\"article:modified_time\" content=\"2024-08-07T01:13:12+00:00\" \/>\n<meta property=\"og:image\" content=\"https:\/\/huayuansh.com\/wp-content\/uploads\/2024\/08\/EcoTrack-Smart-Bin-Tag.webp\" \/>\n\t<meta property=\"og:image:width\" content=\"1920\" \/>\n\t<meta property=\"og:image:height\" content=\"1080\" \/>\n\t<meta property=\"og:image:type\" content=\"image\/webp\" \/>\n<meta name=\"twitter:card\" content=\"summary_large_image\" \/>\n<meta name=\"twitter:label1\" content=\"Dur\u00e9e de lecture estim\u00e9e\" \/>\n\t<meta name=\"twitter:data1\" content=\"2 minutes\" \/>\n<script type=\"application\/ld+json\" class=\"yoast-schema-graph\">{\"@context\":\"https:\/\/schema.org\",\"@graph\":[{\"@type\":\"WebPage\",\"@id\":\"https:\/\/huayuansh.com\/products\/industrial-rfid-tags\/ecotrack-smart-bin-tag\/\",\"url\":\"https:\/\/huayuansh.com\/products\/industrial-rfid-tags\/ecotrack-smart-bin-tag\/\",\"name\":\"EcoTrack Smart Bin Tag | HUAYUAN RFID Tag Manufacturer\",\"isPartOf\":{\"@id\":\"https:\/\/huayuansh.com\/#website\"},\"primaryImageOfPage\":{\"@id\":\"https:\/\/huayuansh.com\/products\/industrial-rfid-tags\/ecotrack-smart-bin-tag\/#primaryimage\"},\"image\":{\"@id\":\"https:\/\/huayuansh.com\/products\/industrial-rfid-tags\/ecotrack-smart-bin-tag\/#primaryimage\"},\"thumbnailUrl\":\"https:\/\/huayuansh.com\/wp-content\/uploads\/2024\/08\/EcoTrack-Smart-Bin-Tag.webp\",\"datePublished\":\"2024-07-15T05:42:10+00:00\",\"dateModified\":\"2024-08-07T01:13:12+00:00\",\"breadcrumb\":{\"@id\":\"https:\/\/huayuansh.com\/products\/industrial-rfid-tags\/ecotrack-smart-bin-tag\/#breadcrumb\"},\"inLanguage\":\"fr-FR\",\"potentialAction\":[{\"@type\":\"ReadAction\",\"target\":[\"https:\/\/huayuansh.com\/products\/industrial-rfid-tags\/ecotrack-smart-bin-tag\/\"]}]},{\"@type\":\"ImageObject\",\"inLanguage\":\"fr-FR\",\"@id\":\"https:\/\/huayuansh.com\/products\/industrial-rfid-tags\/ecotrack-smart-bin-tag\/#primaryimage\",\"url\":\"https:\/\/huayuansh.com\/wp-content\/uploads\/2024\/08\/EcoTrack-Smart-Bin-Tag.webp\",\"contentUrl\":\"https:\/\/huayuansh.com\/wp-content\/uploads\/2024\/08\/EcoTrack-Smart-Bin-Tag.webp\",\"width\":1920,\"height\":1080},{\"@type\":\"BreadcrumbList\",\"@id\":\"https:\/\/huayuansh.com\/products\/industrial-rfid-tags\/ecotrack-smart-bin-tag\/#breadcrumb\",\"itemListElement\":[{\"@type\":\"ListItem\",\"position\":1,\"name\":\"Home\",\"item\":\"https:\/\/huayuansh.com\/\"},{\"@type\":\"ListItem\",\"position\":2,\"name\":\"RFID Products\",\"item\":\"https:\/\/huayuansh.com\/products\/\"},{\"@type\":\"ListItem\",\"position\":3,\"name\":\"Industrial RFID Tags\",\"item\":\"https:\/\/huayuansh.com\/products\/industrial-rfid-tags\/\"},{\"@type\":\"ListItem\",\"position\":4,\"name\":\"EcoTrack Smart Bin Tag\"}]},{\"@type\":\"WebSite\",\"@id\":\"https:\/\/huayuansh.com\/#website\",\"url\":\"https:\/\/huayuansh.com\/\",\"name\":\"HUAYUAN RFID Tag Manufacturer\",\"description\":\"HUAYUAN RFID Tag Manufacturer\",\"publisher\":{\"@id\":\"https:\/\/huayuansh.com\/#organization\"},\"potentialAction\":[{\"@type\":\"SearchAction\",\"target\":{\"@type\":\"EntryPoint\",\"urlTemplate\":\"https:\/\/huayuansh.com\/?s={search_term_string}\"},\"query-input\":{\"@type\":\"PropertyValueSpecification\",\"valueRequired\":true,\"valueName\":\"search_term_string\"}}],\"inLanguage\":\"fr-FR\"},{\"@type\":\"Organization\",\"@id\":\"https:\/\/huayuansh.com\/#organization\",\"name\":\"HUAYUAN RFID Tag Manufacturer\",\"url\":\"https:\/\/huayuansh.com\/\",\"logo\":{\"@type\":\"ImageObject\",\"inLanguage\":\"fr-FR\",\"@id\":\"https:\/\/huayuansh.com\/#\/schema\/logo\/image\/\",\"url\":\"https:\/\/huayuansh.com\/wp-content\/uploads\/2024\/09\/cropped-HUAYUAN.webp\",\"contentUrl\":\"https:\/\/huayuansh.com\/wp-content\/uploads\/2024\/09\/cropped-HUAYUAN.webp\",\"width\":895,\"height\":279,\"caption\":\"HUAYUAN RFID Tag Manufacturer\"},\"image\":{\"@id\":\"https:\/\/huayuansh.com\/#\/schema\/logo\/image\/\"}}]}<\/script>\n<!-- \/ Yoast SEO Premium plugin. -->","yoast_head_json":{"title":"EcoTrack Smart Bin Tag | Fabricant d'\u00e9tiquettes RFID HUAYUAN","robots":{"index":"index","follow":"follow","max-snippet":"max-snippet:-1","max-image-preview":"max-image-preview:large","max-video-preview":"max-video-preview:-1"},"canonical":"https:\/\/huayuansh.com\/fr\/produits\/etiquettes-rfid-industrielles\/etiquette-intelligente-ecotrack-pour-conteneurs\/","og_locale":"fr_FR","og_type":"article","og_title":"EcoTrack Smart Bin Tag","og_description":"The EcoTrack Smart Bin Tag is designed to offer a flexible and intelligent solution for waste management. Constructed from durable plastic, this tag is engineered to withstand the toughest conditions, ensuring longevity and reliability. It can be easily affixed to waste bins using 3M adhesive tape or secure rivets, providing flexibility in installation. Our Smart...","og_url":"https:\/\/huayuansh.com\/fr\/produits\/etiquettes-rfid-industrielles\/etiquette-intelligente-ecotrack-pour-conteneurs\/","og_site_name":"HUAYUAN RFID Tag Manufacturer","article_modified_time":"2024-08-07T01:13:12+00:00","og_image":[{"width":1920,"height":1080,"url":"https:\/\/huayuansh.com\/wp-content\/uploads\/2024\/08\/EcoTrack-Smart-Bin-Tag.webp","type":"image\/webp"}],"twitter_card":"summary_large_image","twitter_misc":{"Dur\u00e9e de lecture estim\u00e9e":"2 minutes"},"schema":{"@context":"https:\/\/schema.org","@graph":[{"@type":"WebPage","@id":"https:\/\/huayuansh.com\/products\/industrial-rfid-tags\/ecotrack-smart-bin-tag\/","url":"https:\/\/huayuansh.com\/products\/industrial-rfid-tags\/ecotrack-smart-bin-tag\/","name":"EcoTrack Smart Bin Tag | Fabricant d'\u00e9tiquettes RFID HUAYUAN","isPartOf":{"@id":"https:\/\/huayuansh.com\/#website"},"primaryImageOfPage":{"@id":"https:\/\/huayuansh.com\/products\/industrial-rfid-tags\/ecotrack-smart-bin-tag\/#primaryimage"},"image":{"@id":"https:\/\/huayuansh.com\/products\/industrial-rfid-tags\/ecotrack-smart-bin-tag\/#primaryimage"},"thumbnailUrl":"https:\/\/huayuansh.com\/wp-content\/uploads\/2024\/08\/EcoTrack-Smart-Bin-Tag.webp","datePublished":"2024-07-15T05:42:10+00:00","dateModified":"2024-08-07T01:13:12+00:00","breadcrumb":{"@id":"https:\/\/huayuansh.com\/products\/industrial-rfid-tags\/ecotrack-smart-bin-tag\/#breadcrumb"},"inLanguage":"fr-FR","potentialAction":[{"@type":"ReadAction","target":["https:\/\/huayuansh.com\/products\/industrial-rfid-tags\/ecotrack-smart-bin-tag\/"]}]},{"@type":"ImageObject","inLanguage":"fr-FR","@id":"https:\/\/huayuansh.com\/products\/industrial-rfid-tags\/ecotrack-smart-bin-tag\/#primaryimage","url":"https:\/\/huayuansh.com\/wp-content\/uploads\/2024\/08\/EcoTrack-Smart-Bin-Tag.webp","contentUrl":"https:\/\/huayuansh.com\/wp-content\/uploads\/2024\/08\/EcoTrack-Smart-Bin-Tag.webp","width":1920,"height":1080},{"@type":"BreadcrumbList","@id":"https:\/\/huayuansh.com\/products\/industrial-rfid-tags\/ecotrack-smart-bin-tag\/#breadcrumb","itemListElement":[{"@type":"ListItem","position":1,"name":"Home","item":"https:\/\/huayuansh.com\/"},{"@type":"ListItem","position":2,"name":"RFID Products","item":"https:\/\/huayuansh.com\/products\/"},{"@type":"ListItem","position":3,"name":"Industrial RFID Tags","item":"https:\/\/huayuansh.com\/products\/industrial-rfid-tags\/"},{"@type":"ListItem","position":4,"name":"EcoTrack Smart Bin Tag"}]},{"@type":"WebSite","@id":"https:\/\/huayuansh.com\/#website","url":"https:\/\/huayuansh.com\/","name":"Fabricant d'\u00e9tiquettes RFID HUAYUAN","description":"Fabricant d'\u00e9tiquettes RFID HUAYUAN","publisher":{"@id":"https:\/\/huayuansh.com\/#organization"},"potentialAction":[{"@type":"SearchAction","target":{"@type":"EntryPoint","urlTemplate":"https:\/\/huayuansh.com\/?s={search_term_string}"},"query-input":{"@type":"PropertyValueSpecification","valueRequired":true,"valueName":"search_term_string"}}],"inLanguage":"fr-FR"},{"@type":"Organization","@id":"https:\/\/huayuansh.com\/#organization","name":"Fabricant d'\u00e9tiquettes RFID HUAYUAN","url":"https:\/\/huayuansh.com\/","logo":{"@type":"ImageObject","inLanguage":"fr-FR","@id":"https:\/\/huayuansh.com\/#\/schema\/logo\/image\/","url":"https:\/\/huayuansh.com\/wp-content\/uploads\/2024\/09\/cropped-HUAYUAN.webp","contentUrl":"https:\/\/huayuansh.com\/wp-content\/uploads\/2024\/09\/cropped-HUAYUAN.webp","width":895,"height":279,"caption":"HUAYUAN RFID Tag Manufacturer"},"image":{"@id":"https:\/\/huayuansh.com\/#\/schema\/logo\/image\/"}}]}},"taxonomy_info":[],"featured_image_src_large":["https:\/\/huayuansh.com\/wp-content\/uploads\/2024\/08\/EcoTrack-Smart-Bin-Tag-1024x576.webp",1024,576,true],"author_info":{"display_name":"HUAYUAN","author_link":"https:\/\/huayuansh.com\/fr\/author\/shyec2024\/"},"comment_info":0,"_links":{"self":[{"href":"https:\/\/huayuansh.com\/fr\/wp-json\/wp\/v2\/pages\/3380","targetHints":{"allow":["GET"]}}],"collection":[{"href":"https:\/\/huayuansh.com\/fr\/wp-json\/wp\/v2\/pages"}],"about":[{"href":"https:\/\/huayuansh.com\/fr\/wp-json\/wp\/v2\/types\/page"}],"author":[{"embeddable":true,"href":"https:\/\/huayuansh.com\/fr\/wp-json\/wp\/v2\/users\/1"}],"replies":[{"embeddable":true,"href":"https:\/\/huayuansh.com\/fr\/wp-json\/wp\/v2\/comments?post=3380"}],"version-history":[{"count":3,"href":"https:\/\/huayuansh.com\/fr\/wp-json\/wp\/v2\/pages\/3380\/revisions"}],"predecessor-version":[{"id":3588,"href":"https:\/\/huayuansh.com\/fr\/wp-json\/wp\/v2\/pages\/3380\/revisions\/3588"}],"up":[{"embeddable":true,"href":"https:\/\/huayuansh.com\/fr\/wp-json\/wp\/v2\/pages\/854"}],"wp:featuredmedia":[{"embeddable":true,"href":"https:\/\/huayuansh.com\/fr\/wp-json\/wp\/v2\/media\/3585"}],"wp:attachment":[{"href":"https:\/\/huayuansh.com\/fr\/wp-json\/wp\/v2\/media?parent=3380"}],"curies":[{"name":"wp","href":"https:\/\/api.w.org\/{rel}","templated":true}]}}