{"id":3382,"date":"2024-07-15T13:44:42","date_gmt":"2024-07-15T05:44:42","guid":{"rendered":"https:\/\/huayuansh.com\/?page_id=3382"},"modified":"2024-08-15T11:02:23","modified_gmt":"2024-08-15T03:02:23","slug":"etiquette-rfid-avec-boitier-en-plastique-pour-metal","status":"publish","type":"page","link":"https:\/\/huayuansh.com\/fr\/produits\/etiquettes-rfid-industrielles\/etiquette-rfid-avec-boitier-en-plastique-pour-metal\/","title":{"rendered":"Bo\u00eetier en plastique sur \u00e9tiquette RFID en m\u00e9tal"},"content":{"rendered":"<p>Dans les environnements industriels et logistiques d'aujourd'hui, qui \u00e9voluent rapidement, il est essentiel d'assurer un suivi efficace des actifs et une bonne gestion des stocks. Notre \u00e9tiquette RFID bo\u00eetier plastique sur m\u00e9tal est sp\u00e9cialement con\u00e7ue pour r\u00e9pondre aux besoins exigeants de diverses industries, offrant des performances robustes m\u00eame dans les conditions les plus difficiles. Ce tag allie durabilit\u00e9, fiabilit\u00e9 et technologie RFID avanc\u00e9e, ce qui en fait la solution id\u00e9ale pour les entreprises qui ont besoin d'un suivi pr\u00e9cis dans des environnements difficiles, en particulier ceux qui impliquent des surfaces m\u00e9talliques. Fix\u00e9 sur le m\u00e9tal avec une longue port\u00e9e de lecture, il est principalement utilis\u00e9 pour la gestion des actifs dans l'industrie lourde, le suivi des actifs m\u00e9talliques, les lignes de production automatiques, les \u00e9tag\u00e8res d'entrep\u00f4t, le suivi des conteneurs, etc.<\/p>\n\n\n\n<h2 class=\"wp-block-heading\" id=\"h-features\">Caract\u00e9ristiques<\/h2>\n\n\n\n<ul class=\"wp-block-list\">\n<li><strong>Optimis\u00e9 pour les surfaces m\u00e9talliques<\/strong>: Am\u00e9lioration de la lisibilit\u00e9 avec une interf\u00e9rence minimale du signal sur le m\u00e9tal.<\/li>\n\n\n\n<li><strong>Une durabilit\u00e9 \u00e0 toute \u00e9preuve<\/strong>: Construit pour r\u00e9sister aux chocs physiques, aux temp\u00e9ratures \u00e9lev\u00e9es, \u00e0 l'humidit\u00e9 et aux produits chimiques.<\/li>\n\n\n\n<li><strong>Application polyvalente<\/strong>: Id\u00e9al pour l'industrie, la logistique, la construction, etc.<\/li>\n\n\n\n<li><strong>Int\u00e9gration facile<\/strong>: Compatible avec la plupart des syst\u00e8mes RFID, options personnalisables disponibles.<\/li>\n\n\n\n<li><strong>Rentabilit\u00e9<\/strong>: Peu d'entretien et longue dur\u00e9e de vie, adapt\u00e9 aux op\u00e9rations \u00e9volutives.<\/li>\n<\/ul>\n\n\n\n<h2 class=\"wp-block-heading\" id=\"h-specifications\">Sp\u00e9cifications<\/h2>\n\n\n\n<figure class=\"wp-block-table\"><table><tbody><tr><td>Nom du produit<\/td><td>Bo\u00eetier en plastique sur \u00e9tiquette RFID en m\u00e9tal<\/td><\/tr><tr><td>Fr\u00e9quence<\/td><td>ETSI, FCC<\/td><\/tr><tr><td>Protocole<\/td><td>EPC C1 G2<\/td><\/tr><tr><td>Mat\u00e9riau<\/td><td>ABS, PC, Nylon ou sur mesure<\/td><\/tr><tr><td>Antenne<\/td><td>Aluminium grav\u00e9<\/td><\/tr><tr><td>Conservation des donn\u00e9es<\/td><td>10 ans d'activit\u00e9 r\u00e9guli\u00e8re<\/td><\/tr><tr><td>Endurance \u00e9criture\/lecture<\/td><td>100 000 fois<\/td><\/tr><tr><td>Puce<\/td><td>MR6, U8, U9<\/td><\/tr><tr><td>Impression<\/td><td>Impression personnalis\u00e9e du logo 4C ou autocollant blanc, incrustation humide<\/td><\/tr><tr><td>Artisanat<\/td><td>Gravure au laser d'un logo ou d'un num\u00e9ro ; <br>Traitement des donn\u00e9es variables<br>Couche adh\u00e9sive 3M<\/td><\/tr><tr><td>Paquet<\/td><td>Emballage personnalis\u00e9<\/td><\/tr><\/tbody><\/table><\/figure>\n\n\n\n<p>S\u00e9rie de bo\u00eetiers en plastique sur \u00e9tiquettes RFID en m\u00e9tal<\/p>\n\n\n<style>.wp-block-kadence-advancedgallery.kb-gallery-wrap-id-3382_782b1a-40{overflow:hidden;}.kb-gallery-type-carousel.kb-gallery-id-3382_782b1a-40 .kt-blocks-carousel .kt-blocks-carousel-init:not( .splide-initialized ){margin-left:-5px;margin-right:-5px;}.kb-gallery-type-carousel.kb-gallery-id-3382_782b1a-40 .kt-blocks-carousel .kt-blocks-carousel-init:not( .splide-initialized ) .kb-slide-item{padding-left:5px;padding-right:5px;}.kb-gallery-id-3382_782b1a-40 .kadence-blocks-gallery-item .kb-gal-image-radius, .kb-gallery-id-3382_782b1a-40 .kb-slide-item .kb-gal-image-radius img{border-radius:0px 0px 0px 0px;;}.kb-gallery-wrap-id-3382_782b1a-40.wp-block-kadence-advancedgallery{overflow:visible;}.kb-gallery-wrap-id-3382_782b1a-40.wp-block-kadence-advancedgallery .kt-blocks-carousel{overflow:visible;}<\/style><div class=\"kb-gallery-wrap-id-3382_782b1a-40 alignnone wp-block-kadence-advancedgallery\"><div class=\"kb-gallery-ul kb-gallery-non-static kb-gallery-type-carousel kb-gallery-id-3382_782b1a-40 kb-gallery-caption-style-bottom-hover kb-gallery-filter-none\" data-image-filter=\"none\" data-lightbox-caption=\"true\"><div class=\"kt-blocks-carousel kt-carousel-container-dotstyle-none\"><div class=\"kt-blocks-carousel-init kb-gallery-carousel kt-carousel-arrowstyle-whiteondark kt-carousel-dotstyle-none kb-slider-group-arrow kb-slider-arrow-position-center\" data-columns-xxl=\"4\" data-columns-xl=\"4\" data-columns-md=\"4\" data-columns-sm=\"3\" data-columns-xs=\"2\" data-columns-ss=\"2\" data-slider-anim-speed=\"400\" data-slider-scroll=\"1\" data-slider-arrows=\"true\" data-slider-dots=\"false\" data-slider-hover-pause=\"false\" data-slider-auto=\"\" data-slider-speed=\"7000\" data-slider-gap=\"10px\" data-slider-gap-tablet=\"10px\" data-slider-gap-mobile=\"10px\" data-show-pause-button=\"false\" aria-label=\"Photo Gallery Carousel\"><li class=\"kb-slide-item kb-gallery-carousel-item\"><div class=\"kadence-blocks-gallery-item\"><div class=\"kadence-blocks-gallery-item-inner\"><figure class=\"kb-gallery-figure kadence-blocks-gallery-item-hide-caption\"><div class=\"kb-gal-image-radius\"><div class=\"kb-gallery-image-contain kadence-blocks-gallery-intrinsic kb-gallery-image-ratio-land32 kb-has-image-ratio-land32\" ><img loading=\"lazy\" decoding=\"async\" src=\"https:\/\/huayuansh.com\/wp-content\/uploads\/2024\/08\/HPM-13221-Plastic-Housing-On-Metal-RFID-Tag.webp\" width=\"600\" height=\"600\" alt=\"\" data-full-image=\"https:\/\/huayuansh.com\/wp-content\/uploads\/2024\/08\/HPM-13221-Plastic-Housing-On-Metal-RFID-Tag.webp\" data-light-image=\"https:\/\/huayuansh.com\/wp-content\/uploads\/2024\/08\/HPM-13221-Plastic-Housing-On-Metal-RFID-Tag.webp\" data-id=\"3647\" class=\"wp-image-3647 skip-lazy\" srcset=\"https:\/\/huayuansh.com\/wp-content\/uploads\/2024\/08\/HPM-13221-Plastic-Housing-On-Metal-RFID-Tag.webp 600w, https:\/\/huayuansh.com\/wp-content\/uploads\/2024\/08\/HPM-13221-Plastic-Housing-On-Metal-RFID-Tag-300x300.webp 300w, https:\/\/huayuansh.com\/wp-content\/uploads\/2024\/08\/HPM-13221-Plastic-Housing-On-Metal-RFID-Tag-150x150.webp 150w\" sizes=\"auto, (max-width: 600px) 100vw, 600px\" \/><\/div><\/div><\/figure><\/div><\/div><\/li><li class=\"kb-slide-item kb-gallery-carousel-item\"><div class=\"kadence-blocks-gallery-item\"><div class=\"kadence-blocks-gallery-item-inner\"><figure class=\"kb-gallery-figure kadence-blocks-gallery-item-hide-caption\"><div class=\"kb-gal-image-radius\"><div class=\"kb-gallery-image-contain kadence-blocks-gallery-intrinsic kb-gallery-image-ratio-land32 kb-has-image-ratio-land32\" ><img loading=\"lazy\" decoding=\"async\" src=\"https:\/\/huayuansh.com\/wp-content\/uploads\/2024\/08\/HPM-10432-Plastic-Housing-On-Metal-RFID-Tag.webp\" width=\"600\" height=\"600\" alt=\"\" data-full-image=\"https:\/\/huayuansh.com\/wp-content\/uploads\/2024\/08\/HPM-10432-Plastic-Housing-On-Metal-RFID-Tag.webp\" data-light-image=\"https:\/\/huayuansh.com\/wp-content\/uploads\/2024\/08\/HPM-10432-Plastic-Housing-On-Metal-RFID-Tag.webp\" data-id=\"3645\" class=\"wp-image-3645 skip-lazy\" srcset=\"https:\/\/huayuansh.com\/wp-content\/uploads\/2024\/08\/HPM-10432-Plastic-Housing-On-Metal-RFID-Tag.webp 600w, https:\/\/huayuansh.com\/wp-content\/uploads\/2024\/08\/HPM-10432-Plastic-Housing-On-Metal-RFID-Tag-300x300.webp 300w, https:\/\/huayuansh.com\/wp-content\/uploads\/2024\/08\/HPM-10432-Plastic-Housing-On-Metal-RFID-Tag-150x150.webp 150w\" sizes=\"auto, (max-width: 600px) 100vw, 600px\" \/><\/div><\/div><\/figure><\/div><\/div><\/li><li class=\"kb-slide-item kb-gallery-carousel-item\"><div class=\"kadence-blocks-gallery-item\"><div class=\"kadence-blocks-gallery-item-inner\"><figure class=\"kb-gallery-figure kadence-blocks-gallery-item-hide-caption\"><div class=\"kb-gal-image-radius\"><div class=\"kb-gallery-image-contain kadence-blocks-gallery-intrinsic kb-gallery-image-ratio-land32 kb-has-image-ratio-land32\" ><img loading=\"lazy\" decoding=\"async\" src=\"https:\/\/huayuansh.com\/wp-content\/uploads\/2024\/08\/HPM-11832-Plastic-Housing-On-Metal-RFID-Tag.webp\" width=\"600\" height=\"600\" alt=\"\" data-full-image=\"https:\/\/huayuansh.com\/wp-content\/uploads\/2024\/08\/HPM-11832-Plastic-Housing-On-Metal-RFID-Tag.webp\" data-light-image=\"https:\/\/huayuansh.com\/wp-content\/uploads\/2024\/08\/HPM-11832-Plastic-Housing-On-Metal-RFID-Tag.webp\" data-id=\"3648\" class=\"wp-image-3648 skip-lazy\" srcset=\"https:\/\/huayuansh.com\/wp-content\/uploads\/2024\/08\/HPM-11832-Plastic-Housing-On-Metal-RFID-Tag.webp 600w, https:\/\/huayuansh.com\/wp-content\/uploads\/2024\/08\/HPM-11832-Plastic-Housing-On-Metal-RFID-Tag-300x300.webp 300w, https:\/\/huayuansh.com\/wp-content\/uploads\/2024\/08\/HPM-11832-Plastic-Housing-On-Metal-RFID-Tag-150x150.webp 150w\" sizes=\"auto, (max-width: 600px) 100vw, 600px\" \/><\/div><\/div><\/figure><\/div><\/div><\/li><li class=\"kb-slide-item kb-gallery-carousel-item\"><div class=\"kadence-blocks-gallery-item\"><div class=\"kadence-blocks-gallery-item-inner\"><figure class=\"kb-gallery-figure kadence-blocks-gallery-item-hide-caption\"><div class=\"kb-gal-image-radius\"><div class=\"kb-gallery-image-contain kadence-blocks-gallery-intrinsic kb-gallery-image-ratio-land32 kb-has-image-ratio-land32\" ><img loading=\"lazy\" decoding=\"async\" src=\"https:\/\/huayuansh.com\/wp-content\/uploads\/2024\/08\/HPM-5858-Plastic-Housing-On-Metal-RFID-Tag.webp\" width=\"600\" height=\"600\" alt=\"\" data-full-image=\"https:\/\/huayuansh.com\/wp-content\/uploads\/2024\/08\/HPM-5858-Plastic-Housing-On-Metal-RFID-Tag.webp\" data-light-image=\"https:\/\/huayuansh.com\/wp-content\/uploads\/2024\/08\/HPM-5858-Plastic-Housing-On-Metal-RFID-Tag.webp\" data-id=\"3646\" class=\"wp-image-3646 skip-lazy\" srcset=\"https:\/\/huayuansh.com\/wp-content\/uploads\/2024\/08\/HPM-5858-Plastic-Housing-On-Metal-RFID-Tag.webp 600w, https:\/\/huayuansh.com\/wp-content\/uploads\/2024\/08\/HPM-5858-Plastic-Housing-On-Metal-RFID-Tag-300x300.webp 300w, https:\/\/huayuansh.com\/wp-content\/uploads\/2024\/08\/HPM-5858-Plastic-Housing-On-Metal-RFID-Tag-150x150.webp 150w\" sizes=\"auto, (max-width: 600px) 100vw, 600px\" \/><\/div><\/div><\/figure><\/div><\/div><\/li><\/div><\/div><\/div><\/div>\n\n\n<h3 class=\"wp-block-heading\" id=\"h-applications\">Applications<\/h3>\n\n\n\n<ul class=\"wp-block-list\">\n<li>Une solution parfaite pour l'identification automatique<\/li>\n\n\n\n<li>L'entretien des actifs et des machines<\/li>\n\n\n\n<li>Suivi des \u00e9tapes de production<\/li>\n\n\n\n<li>Suivi des conteneurs et des bacs \u00e0 des fins industrielles<\/li>\n<\/ul>\n\n\n<style>.wp-block-kadence-advancedbtn.kb-btns3382_7d112d-81{gap:var(--global-kb-gap-xs, 0.5rem );justify-content:center;align-items:center;}.kt-btns3382_7d112d-81 .kt-button{font-weight:normal;font-style:normal;}.kt-btns3382_7d112d-81 .kt-btn-wrap-0{margin-right:5px;}.wp-block-kadence-advancedbtn.kt-btns3382_7d112d-81 .kt-btn-wrap-0 .kt-button{color:#555555;border-color:#555555;}.wp-block-kadence-advancedbtn.kt-btns3382_7d112d-81 .kt-btn-wrap-0 .kt-button:hover, .wp-block-kadence-advancedbtn.kt-btns3382_7d112d-81 .kt-btn-wrap-0 .kt-button:focus{color:#ffffff;border-color:#444444;}.wp-block-kadence-advancedbtn.kt-btns3382_7d112d-81 .kt-btn-wrap-0 .kt-button::before{display:none;}.wp-block-kadence-advancedbtn.kt-btns3382_7d112d-81 .kt-btn-wrap-0 .kt-button:hover, .wp-block-kadence-advancedbtn.kt-btns3382_7d112d-81 .kt-btn-wrap-0 .kt-button:focus{background:#444444;}<\/style>\n<div class=\"wp-block-kadence-advancedbtn kb-buttons-wrap kb-btns3382_7d112d-81\"><style>ul.menu .wp-block-kadence-advancedbtn .kb-btn3382_25d675-3f.kb-button{width:initial;}<\/style><a class=\"kb-button kt-button button kb-btn3382_25d675-3f kt-btn-size-standard kt-btn-width-type-auto kb-btn-global-inherit  kt-btn-has-text-true kt-btn-has-svg-false  wp-block-button__link wp-block-kadence-singlebtn\" href=\"https:\/\/huayuansh.com\/contact-us\/\"><span class=\"kt-btn-inner-text\">Nous contacter<\/span><\/a><\/div>","protected":false},"excerpt":{"rendered":"<p>Dans les environnements industriels et logistiques d'aujourd'hui, qui \u00e9voluent rapidement, il est essentiel d'assurer un suivi efficace des actifs et une bonne gestion des stocks. Notre \u00e9tiquette RFID bo\u00eetier plastique sur m\u00e9tal est sp\u00e9cialement con\u00e7ue pour r\u00e9pondre aux besoins exigeants de diverses industries, offrant des performances robustes m\u00eame dans les conditions les plus difficiles. Ce tag allie durabilit\u00e9, fiabilit\u00e9 et technologie RFID avanc\u00e9e, ce qui en fait la solution id\u00e9ale...<\/p>","protected":false},"author":1,"featured_media":3641,"parent":854,"menu_order":0,"comment_status":"closed","ping_status":"closed","template":"","meta":{"_kad_blocks_custom_css":"","_kad_blocks_head_custom_js":"","_kad_blocks_body_custom_js":"","_kad_blocks_footer_custom_js":"","_kadence_starter_templates_imported_post":false,"_kad_post_transparent":"","_kad_post_title":"","_kad_post_layout":"","_kad_post_sidebar_id":"","_kad_post_content_style":"","_kad_post_vertical_padding":"","_kad_post_feature":"","_kad_post_feature_position":"","_kad_post_header":false,"_kad_post_footer":false,"footnotes":""},"class_list":["post-3382","page","type-page","status-publish","has-post-thumbnail","hentry"],"yoast_head":"<!-- This site is optimized with the Yoast SEO Premium plugin v23.0 (Yoast SEO v26.3) - https:\/\/yoast.com\/wordpress\/plugins\/seo\/ -->\n<title>Plastic Housing On Metal RFID Tag | HUAYUAN RFID Tag Manufacturer<\/title>\n<meta name=\"description\" content=\"Plastic Housing On Metal RFID Tag is an ideal application to assets with limited space such as laptops, shelf-edge retail warehouse racks or other equipment.\" \/>\n<meta name=\"robots\" content=\"index, follow, max-snippet:-1, max-image-preview:large, max-video-preview:-1\" \/>\n<link rel=\"canonical\" href=\"https:\/\/huayuansh.com\/fr\/produits\/etiquettes-rfid-industrielles\/etiquette-rfid-avec-boitier-en-plastique-pour-metal\/\" \/>\n<meta property=\"og:locale\" content=\"fr_FR\" \/>\n<meta property=\"og:type\" content=\"article\" \/>\n<meta property=\"og:title\" content=\"Plastic Housing On Metal RFID Tag\" \/>\n<meta property=\"og:description\" content=\"Plastic Housing On Metal RFID Tag is an ideal application to assets with limited space such as laptops, shelf-edge retail warehouse racks or other equipment.\" \/>\n<meta property=\"og:url\" content=\"https:\/\/huayuansh.com\/fr\/produits\/etiquettes-rfid-industrielles\/etiquette-rfid-avec-boitier-en-plastique-pour-metal\/\" \/>\n<meta property=\"og:site_name\" content=\"HUAYUAN RFID Tag Manufacturer\" \/>\n<meta property=\"article:modified_time\" content=\"2024-08-15T03:02:23+00:00\" \/>\n<meta property=\"og:image\" content=\"https:\/\/huayuansh.com\/wp-content\/uploads\/2024\/08\/Plastic-Housing-On-Metal-RFID-Tag.webp\" \/>\n\t<meta property=\"og:image:width\" content=\"1920\" \/>\n\t<meta property=\"og:image:height\" content=\"1080\" \/>\n\t<meta property=\"og:image:type\" content=\"image\/webp\" \/>\n<meta name=\"twitter:card\" content=\"summary_large_image\" \/>\n<meta name=\"twitter:label1\" content=\"Dur\u00e9e de lecture estim\u00e9e\" \/>\n\t<meta name=\"twitter:data1\" content=\"2 minutes\" \/>\n<script type=\"application\/ld+json\" class=\"yoast-schema-graph\">{\"@context\":\"https:\/\/schema.org\",\"@graph\":[{\"@type\":\"WebPage\",\"@id\":\"https:\/\/huayuansh.com\/products\/industrial-rfid-tags\/plastic-housing-on-metal-rfid-tag\/\",\"url\":\"https:\/\/huayuansh.com\/products\/industrial-rfid-tags\/plastic-housing-on-metal-rfid-tag\/\",\"name\":\"Plastic Housing On Metal RFID Tag | HUAYUAN RFID Tag Manufacturer\",\"isPartOf\":{\"@id\":\"https:\/\/huayuansh.com\/#website\"},\"primaryImageOfPage\":{\"@id\":\"https:\/\/huayuansh.com\/products\/industrial-rfid-tags\/plastic-housing-on-metal-rfid-tag\/#primaryimage\"},\"image\":{\"@id\":\"https:\/\/huayuansh.com\/products\/industrial-rfid-tags\/plastic-housing-on-metal-rfid-tag\/#primaryimage\"},\"thumbnailUrl\":\"https:\/\/huayuansh.com\/wp-content\/uploads\/2024\/08\/Plastic-Housing-On-Metal-RFID-Tag.webp\",\"datePublished\":\"2024-07-15T05:44:42+00:00\",\"dateModified\":\"2024-08-15T03:02:23+00:00\",\"description\":\"Plastic Housing On Metal RFID Tag is an ideal application to assets with limited space such as laptops, shelf-edge retail warehouse racks or other equipment.\",\"breadcrumb\":{\"@id\":\"https:\/\/huayuansh.com\/products\/industrial-rfid-tags\/plastic-housing-on-metal-rfid-tag\/#breadcrumb\"},\"inLanguage\":\"fr-FR\",\"potentialAction\":[{\"@type\":\"ReadAction\",\"target\":[\"https:\/\/huayuansh.com\/products\/industrial-rfid-tags\/plastic-housing-on-metal-rfid-tag\/\"]}]},{\"@type\":\"ImageObject\",\"inLanguage\":\"fr-FR\",\"@id\":\"https:\/\/huayuansh.com\/products\/industrial-rfid-tags\/plastic-housing-on-metal-rfid-tag\/#primaryimage\",\"url\":\"https:\/\/huayuansh.com\/wp-content\/uploads\/2024\/08\/Plastic-Housing-On-Metal-RFID-Tag.webp\",\"contentUrl\":\"https:\/\/huayuansh.com\/wp-content\/uploads\/2024\/08\/Plastic-Housing-On-Metal-RFID-Tag.webp\",\"width\":1920,\"height\":1080},{\"@type\":\"BreadcrumbList\",\"@id\":\"https:\/\/huayuansh.com\/products\/industrial-rfid-tags\/plastic-housing-on-metal-rfid-tag\/#breadcrumb\",\"itemListElement\":[{\"@type\":\"ListItem\",\"position\":1,\"name\":\"Home\",\"item\":\"https:\/\/huayuansh.com\/\"},{\"@type\":\"ListItem\",\"position\":2,\"name\":\"RFID Products\",\"item\":\"https:\/\/huayuansh.com\/products\/\"},{\"@type\":\"ListItem\",\"position\":3,\"name\":\"Industrial RFID Tags\",\"item\":\"https:\/\/huayuansh.com\/products\/industrial-rfid-tags\/\"},{\"@type\":\"ListItem\",\"position\":4,\"name\":\"Plastic Housing On Metal RFID Tag\"}]},{\"@type\":\"WebSite\",\"@id\":\"https:\/\/huayuansh.com\/#website\",\"url\":\"https:\/\/huayuansh.com\/\",\"name\":\"HUAYUAN RFID Tag Manufacturer\",\"description\":\"HUAYUAN RFID Tag Manufacturer\",\"publisher\":{\"@id\":\"https:\/\/huayuansh.com\/#organization\"},\"potentialAction\":[{\"@type\":\"SearchAction\",\"target\":{\"@type\":\"EntryPoint\",\"urlTemplate\":\"https:\/\/huayuansh.com\/?s={search_term_string}\"},\"query-input\":{\"@type\":\"PropertyValueSpecification\",\"valueRequired\":true,\"valueName\":\"search_term_string\"}}],\"inLanguage\":\"fr-FR\"},{\"@type\":\"Organization\",\"@id\":\"https:\/\/huayuansh.com\/#organization\",\"name\":\"HUAYUAN RFID Tag Manufacturer\",\"url\":\"https:\/\/huayuansh.com\/\",\"logo\":{\"@type\":\"ImageObject\",\"inLanguage\":\"fr-FR\",\"@id\":\"https:\/\/huayuansh.com\/#\/schema\/logo\/image\/\",\"url\":\"https:\/\/huayuansh.com\/wp-content\/uploads\/2024\/09\/cropped-HUAYUAN.webp\",\"contentUrl\":\"https:\/\/huayuansh.com\/wp-content\/uploads\/2024\/09\/cropped-HUAYUAN.webp\",\"width\":895,\"height\":279,\"caption\":\"HUAYUAN RFID Tag Manufacturer\"},\"image\":{\"@id\":\"https:\/\/huayuansh.com\/#\/schema\/logo\/image\/\"}}]}<\/script>\n<!-- \/ Yoast SEO Premium plugin. -->","yoast_head_json":{"title":"Bo\u00eetier en plastique sur \u00e9tiquette RFID en m\u00e9tal | HUAYUAN RFID Tag Manufacturer","description":"L'\u00e9tiquette RFID \u00e0 bo\u00eetier plastique sur m\u00e9tal est une application id\u00e9ale pour les biens dont l'espace est limit\u00e9, tels que les ordinateurs portables, les rayonnages d'entrep\u00f4ts de vente au d\u00e9tail ou d'autres \u00e9quipements.","robots":{"index":"index","follow":"follow","max-snippet":"max-snippet:-1","max-image-preview":"max-image-preview:large","max-video-preview":"max-video-preview:-1"},"canonical":"https:\/\/huayuansh.com\/fr\/produits\/etiquettes-rfid-industrielles\/etiquette-rfid-avec-boitier-en-plastique-pour-metal\/","og_locale":"fr_FR","og_type":"article","og_title":"Plastic Housing On Metal RFID Tag","og_description":"Plastic Housing On Metal RFID Tag is an ideal application to assets with limited space such as laptops, shelf-edge retail warehouse racks or other equipment.","og_url":"https:\/\/huayuansh.com\/fr\/produits\/etiquettes-rfid-industrielles\/etiquette-rfid-avec-boitier-en-plastique-pour-metal\/","og_site_name":"HUAYUAN RFID Tag Manufacturer","article_modified_time":"2024-08-15T03:02:23+00:00","og_image":[{"width":1920,"height":1080,"url":"https:\/\/huayuansh.com\/wp-content\/uploads\/2024\/08\/Plastic-Housing-On-Metal-RFID-Tag.webp","type":"image\/webp"}],"twitter_card":"summary_large_image","twitter_misc":{"Dur\u00e9e de lecture estim\u00e9e":"2 minutes"},"schema":{"@context":"https:\/\/schema.org","@graph":[{"@type":"WebPage","@id":"https:\/\/huayuansh.com\/products\/industrial-rfid-tags\/plastic-housing-on-metal-rfid-tag\/","url":"https:\/\/huayuansh.com\/products\/industrial-rfid-tags\/plastic-housing-on-metal-rfid-tag\/","name":"Bo\u00eetier en plastique sur \u00e9tiquette RFID en m\u00e9tal | HUAYUAN RFID Tag Manufacturer","isPartOf":{"@id":"https:\/\/huayuansh.com\/#website"},"primaryImageOfPage":{"@id":"https:\/\/huayuansh.com\/products\/industrial-rfid-tags\/plastic-housing-on-metal-rfid-tag\/#primaryimage"},"image":{"@id":"https:\/\/huayuansh.com\/products\/industrial-rfid-tags\/plastic-housing-on-metal-rfid-tag\/#primaryimage"},"thumbnailUrl":"https:\/\/huayuansh.com\/wp-content\/uploads\/2024\/08\/Plastic-Housing-On-Metal-RFID-Tag.webp","datePublished":"2024-07-15T05:44:42+00:00","dateModified":"2024-08-15T03:02:23+00:00","description":"L'\u00e9tiquette RFID \u00e0 bo\u00eetier plastique sur m\u00e9tal est une application id\u00e9ale pour les biens dont l'espace est limit\u00e9, tels que les ordinateurs portables, les rayonnages d'entrep\u00f4ts de vente au d\u00e9tail ou d'autres \u00e9quipements.","breadcrumb":{"@id":"https:\/\/huayuansh.com\/products\/industrial-rfid-tags\/plastic-housing-on-metal-rfid-tag\/#breadcrumb"},"inLanguage":"fr-FR","potentialAction":[{"@type":"ReadAction","target":["https:\/\/huayuansh.com\/products\/industrial-rfid-tags\/plastic-housing-on-metal-rfid-tag\/"]}]},{"@type":"ImageObject","inLanguage":"fr-FR","@id":"https:\/\/huayuansh.com\/products\/industrial-rfid-tags\/plastic-housing-on-metal-rfid-tag\/#primaryimage","url":"https:\/\/huayuansh.com\/wp-content\/uploads\/2024\/08\/Plastic-Housing-On-Metal-RFID-Tag.webp","contentUrl":"https:\/\/huayuansh.com\/wp-content\/uploads\/2024\/08\/Plastic-Housing-On-Metal-RFID-Tag.webp","width":1920,"height":1080},{"@type":"BreadcrumbList","@id":"https:\/\/huayuansh.com\/products\/industrial-rfid-tags\/plastic-housing-on-metal-rfid-tag\/#breadcrumb","itemListElement":[{"@type":"ListItem","position":1,"name":"Home","item":"https:\/\/huayuansh.com\/"},{"@type":"ListItem","position":2,"name":"RFID Products","item":"https:\/\/huayuansh.com\/products\/"},{"@type":"ListItem","position":3,"name":"Industrial RFID Tags","item":"https:\/\/huayuansh.com\/products\/industrial-rfid-tags\/"},{"@type":"ListItem","position":4,"name":"Plastic Housing On Metal RFID Tag"}]},{"@type":"WebSite","@id":"https:\/\/huayuansh.com\/#website","url":"https:\/\/huayuansh.com\/","name":"Fabricant d'\u00e9tiquettes RFID HUAYUAN","description":"Fabricant d'\u00e9tiquettes RFID HUAYUAN","publisher":{"@id":"https:\/\/huayuansh.com\/#organization"},"potentialAction":[{"@type":"SearchAction","target":{"@type":"EntryPoint","urlTemplate":"https:\/\/huayuansh.com\/?s={search_term_string}"},"query-input":{"@type":"PropertyValueSpecification","valueRequired":true,"valueName":"search_term_string"}}],"inLanguage":"fr-FR"},{"@type":"Organization","@id":"https:\/\/huayuansh.com\/#organization","name":"Fabricant d'\u00e9tiquettes RFID HUAYUAN","url":"https:\/\/huayuansh.com\/","logo":{"@type":"ImageObject","inLanguage":"fr-FR","@id":"https:\/\/huayuansh.com\/#\/schema\/logo\/image\/","url":"https:\/\/huayuansh.com\/wp-content\/uploads\/2024\/09\/cropped-HUAYUAN.webp","contentUrl":"https:\/\/huayuansh.com\/wp-content\/uploads\/2024\/09\/cropped-HUAYUAN.webp","width":895,"height":279,"caption":"HUAYUAN RFID Tag Manufacturer"},"image":{"@id":"https:\/\/huayuansh.com\/#\/schema\/logo\/image\/"}}]}},"taxonomy_info":[],"featured_image_src_large":["https:\/\/huayuansh.com\/wp-content\/uploads\/2024\/08\/Plastic-Housing-On-Metal-RFID-Tag-1024x576.webp",1024,576,true],"author_info":{"display_name":"HUAYUAN","author_link":"https:\/\/huayuansh.com\/fr\/author\/shyec2024\/"},"comment_info":0,"_links":{"self":[{"href":"https:\/\/huayuansh.com\/fr\/wp-json\/wp\/v2\/pages\/3382","targetHints":{"allow":["GET"]}}],"collection":[{"href":"https:\/\/huayuansh.com\/fr\/wp-json\/wp\/v2\/pages"}],"about":[{"href":"https:\/\/huayuansh.com\/fr\/wp-json\/wp\/v2\/types\/page"}],"author":[{"embeddable":true,"href":"https:\/\/huayuansh.com\/fr\/wp-json\/wp\/v2\/users\/1"}],"replies":[{"embeddable":true,"href":"https:\/\/huayuansh.com\/fr\/wp-json\/wp\/v2\/comments?post=3382"}],"version-history":[{"count":3,"href":"https:\/\/huayuansh.com\/fr\/wp-json\/wp\/v2\/pages\/3382\/revisions"}],"predecessor-version":[{"id":3649,"href":"https:\/\/huayuansh.com\/fr\/wp-json\/wp\/v2\/pages\/3382\/revisions\/3649"}],"up":[{"embeddable":true,"href":"https:\/\/huayuansh.com\/fr\/wp-json\/wp\/v2\/pages\/854"}],"wp:featuredmedia":[{"embeddable":true,"href":"https:\/\/huayuansh.com\/fr\/wp-json\/wp\/v2\/media\/3641"}],"wp:attachment":[{"href":"https:\/\/huayuansh.com\/fr\/wp-json\/wp\/v2\/media?parent=3382"}],"curies":[{"name":"wp","href":"https:\/\/api.w.org\/{rel}","templated":true}]}}