{"id":3384,"date":"2024-07-15T13:47:33","date_gmt":"2024-07-15T05:47:33","guid":{"rendered":"https:\/\/huayuansh.com\/?page_id=3384"},"modified":"2024-08-19T13:46:43","modified_gmt":"2024-08-19T05:46:43","slug":"etiquette-rfid-souple-pour-metal","status":"publish","type":"page","link":"https:\/\/huayuansh.com\/fr\/produits\/etiquettes-rfid-industrielles\/etiquette-rfid-souple-pour-metal\/","title":{"rendered":"\u00c9tiquette RFID flexible sur m\u00e9tal"},"content":{"rendered":"<p>La RFID \u00e9tant sensible \u00e0 l'environnement m\u00e9tallique, la distance de lecture des \u00e9tiquettes RFID normales est tr\u00e8s courte, voire illisible une fois qu'elles sont fix\u00e9es sur des surfaces m\u00e9talliques, ce qui complique consid\u00e9rablement la collecte des donn\u00e9es. L'\u00e9tiquette RFID flexible sur m\u00e9tal de HUAYUAN est con\u00e7ue pour \u00e9tiqueter les objets et les surfaces m\u00e9talliques, ainsi que les objets non m\u00e9talliques difficiles \u00e0 \u00e9tiqueter. Sa couche de ferrite anti-m\u00e9tal flexible et sa conception d'antenne optimis\u00e9e offrent des performances exceptionnelles dans de nombreux domaines d'application, et des distances de lecture \u00e9quilibr\u00e9es pour les objets m\u00e9talliques et non m\u00e9talliques.<\/p>\n\n\n\n<p>L'\u00e9tiquette flexible anti-m\u00e9tal UHF est tr\u00e8s fine, l'\u00e9paisseur est de 1,2 mm, fournissant une solution fiable pour les besoins d'impression sur site d'\u00e9tiquettes RFID, l'\u00e9tiquette peut \u00eatre facilement imprim\u00e9e et encod\u00e9e \u00e0 l'aide d'une imprimante RFID (telle que SATO CL4NX, Toshiba SX-5).<\/p>\n\n\n\n<p>L'\u00e9tiquette RFID sur m\u00e9tal est souple et flexible. Elle convient aux surfaces m\u00e9talliques plates ou l\u00e9g\u00e8rement incurv\u00e9es, telles que les biens informatiques, les appareils m\u00e9dicaux, les tuyaux en m\u00e9tal, les conteneurs en m\u00e9tal, etc. Il s'agit d'une \u00e9tiquette RFID anti-m\u00e9tal performante et rentable, l\u00e9g\u00e8re, flexible, imprimable et polyvalente, dont le co\u00fbt est inf\u00e9rieur \u00e0 celui de la plupart des \u00e9tiquettes RFID anti-m\u00e9tal.&nbsp;<a href=\"https:\/\/huayuansh.com\/products\/rfid-labels-tags\/metal-mount-rfid-tags\/\">Etiquettes RFID en m\u00e9tal dur<\/a>. Jusqu'\u00e0 pr\u00e9sent, HUAYUAN a lanc\u00e9 une s\u00e9rie d'\u00e9tiquettes RFID anti-m\u00e9tal flexibles et \u00e9conomiques.<\/p>\n\n\n\n<h2 class=\"wp-block-heading\" id=\"h-features-of-printable-flexible-on-metal-rfid-tag\">Caract\u00e9ristiques de l'\u00e9tiquette RFID imprimable flexible sur m\u00e9tal<\/h2>\n\n\n\n<ul class=\"wp-block-list\">\n<li>Performances RFID id\u00e9ales sur les surfaces m\u00e9talliques<\/li>\n\n\n\n<li>Conception ultra-petite et ultra-mince, seulement 1,2 mm, adapt\u00e9e \u00e0 l'impression par transfert thermique.<\/li>\n\n\n\n<li>L'\u00e9tiquette flexible peut s'adapter aux surfaces courbes<\/li>\n\n\n\n<li>Prise en charge des fr\u00e9quences FCC et ETSI<\/li>\n<\/ul>\n\n\n\n<h2 class=\"wp-block-heading\" id=\"h-browse-our-printable-flexible-on-metal-rfid-tags\">Parcourir nos \u00e9tiquettes RFID imprimables souples sur m\u00e9tal<\/h2>\n\n\n\n<figure class=\"wp-block-table\"><table><tbody><tr><td>Produit<\/td><td>Mod\u00e8le de produit<\/td><td>Dimension<\/td><td>Fr\u00e9quence<\/td><td>Puce<\/td><td>Plage de lecture (sur m\u00e9tal)<br>FCC \/ ETSI<\/td><\/tr><tr><td><img loading=\"lazy\" decoding=\"async\" width=\"150\" height=\"113\" class=\"wp-image-3659\" style=\"width: 150px;\" src=\"https:\/\/huayuansh.com\/wp-content\/uploads\/2024\/08\/HFM-3015R6.webp\" alt=\"\" srcset=\"https:\/\/huayuansh.com\/wp-content\/uploads\/2024\/08\/HFM-3015R6.webp 400w, https:\/\/huayuansh.com\/wp-content\/uploads\/2024\/08\/HFM-3015R6-300x225.webp 300w\" sizes=\"auto, (max-width: 150px) 100vw, 150px\" \/><\/td><td>HFM-3015R6<\/td><td>30 x 15 x 1,2 mm<\/td><td>FCC : 902-928MHz<br>ETSI : 866-868 MHz<\/td><td>R6<\/td><td>0,5~1M \/ 0,5~1M <\/td><\/tr><tr><td><img loading=\"lazy\" decoding=\"async\" width=\"150\" height=\"113\" class=\"wp-image-3658\" style=\"width: 150px;\" src=\"https:\/\/huayuansh.com\/wp-content\/uploads\/2024\/08\/HFM-4518U8.webp\" alt=\"\" srcset=\"https:\/\/huayuansh.com\/wp-content\/uploads\/2024\/08\/HFM-4518U8.webp 400w, https:\/\/huayuansh.com\/wp-content\/uploads\/2024\/08\/HFM-4518U8-300x225.webp 300w\" sizes=\"auto, (max-width: 150px) 100vw, 150px\" \/><\/td><td>HFM-4518U8<\/td><td>45 x 18 x 1,2 mm<\/td><td>FCC : 902-928MHz<br>ETSI : 866-868 MHz<\/td><td>U8<\/td><td>1,5~2,5M \/ 1~2M<\/td><\/tr><tr><td><img loading=\"lazy\" decoding=\"async\" width=\"150\" height=\"113\" class=\"wp-image-3657\" style=\"width: 150px;\" src=\"https:\/\/huayuansh.com\/wp-content\/uploads\/2024\/08\/HFM-5015U8.webp\" alt=\"\" srcset=\"https:\/\/huayuansh.com\/wp-content\/uploads\/2024\/08\/HFM-5015U8.webp 400w, https:\/\/huayuansh.com\/wp-content\/uploads\/2024\/08\/HFM-5015U8-300x225.webp 300w\" sizes=\"auto, (max-width: 150px) 100vw, 150px\" \/><\/td><td>HFM-5015U8<\/td><td>50 x 15 x 1,2 mm<\/td><td>FCC : 902-928MHz<br>ETSI : 866-868 MHz<\/td><td>U8<\/td><td>3,5~5M \/ 3~4M<\/td><\/tr><tr><td><img loading=\"lazy\" decoding=\"async\" width=\"150\" height=\"113\" class=\"wp-image-3656\" style=\"width: 150px;\" src=\"https:\/\/huayuansh.com\/wp-content\/uploads\/2024\/08\/HFM-6025R6.webp\" alt=\"\" srcset=\"https:\/\/huayuansh.com\/wp-content\/uploads\/2024\/08\/HFM-6025R6.webp 400w, https:\/\/huayuansh.com\/wp-content\/uploads\/2024\/08\/HFM-6025R6-300x225.webp 300w\" sizes=\"auto, (max-width: 150px) 100vw, 150px\" \/><\/td><td>HFM-6025R6<\/td><td>60 x 25 x 1,2 mm<\/td><td>FCC : 902-928MHz<br>ETSI : 866-868 MHz<\/td><td>R6<\/td><td>5~6M \/ 4~5M<\/td><\/tr><tr><td><img loading=\"lazy\" decoding=\"async\" width=\"150\" height=\"113\" class=\"wp-image-3655\" style=\"width: 150px;\" src=\"https:\/\/huayuansh.com\/wp-content\/uploads\/2024\/08\/HFM-7018U8.webp\" alt=\"\" srcset=\"https:\/\/huayuansh.com\/wp-content\/uploads\/2024\/08\/HFM-7018U8.webp 400w, https:\/\/huayuansh.com\/wp-content\/uploads\/2024\/08\/HFM-7018U8-300x225.webp 300w\" sizes=\"auto, (max-width: 150px) 100vw, 150px\" \/><\/td><td>HFM-7018U8<\/td><td>70 x 18 x 1,2 mm<\/td><td>FCC : 902-928MHz<br>ETSI : 866-868 MHz<\/td><td>U8<\/td><td>6~7M \/ 5~6M<\/td><\/tr><tr><td><img loading=\"lazy\" decoding=\"async\" width=\"150\" height=\"113\" class=\"wp-image-3654\" style=\"width: 150px;\" src=\"https:\/\/huayuansh.com\/wp-content\/uploads\/2024\/08\/HFM-8025R6.webp\" alt=\"\" srcset=\"https:\/\/huayuansh.com\/wp-content\/uploads\/2024\/08\/HFM-8025R6.webp 400w, https:\/\/huayuansh.com\/wp-content\/uploads\/2024\/08\/HFM-8025R6-300x225.webp 300w\" sizes=\"auto, (max-width: 150px) 100vw, 150px\" \/><\/td><td>HFM-8025R6<\/td><td>80 x 25 x 1,2 mm<\/td><td>FCC : 902-928MHz<br>ETSI : 866-868 MHz<\/td><td>R6<\/td><td>6~7M \/ 5~6M<\/td><\/tr><\/tbody><\/table><\/figure>\n\n\n\n<h3 class=\"wp-block-heading\" id=\"h-applications-of-flexible-on-metal-rfid-tag\">Applications de l'\u00e9tiquette RFID flexible sur m\u00e9tal<\/h3>\n\n\n\n<ul class=\"wp-block-list\">\n<li>Gestion des actifs informatiques, \u00e9tablissements m\u00e9dicaux<\/li>\n\n\n\n<li>Identification de la gestion des stocks dans les articles m\u00e9talliques<\/li>\n\n\n\n<li>Identit\u00e9 pour la fabrication de pipelines industriels et de pi\u00e8ces m\u00e9talliques<\/li>\n\n\n\n<li>Gestion de la cha\u00eene d'approvisionnement et de la logistique<\/li>\n\n\n\n<li>Extincteurs, \u00e9chafaudages, plateaux en acier, chariots, f\u00fbts de bi\u00e8re, bouteilles de gaz, pi\u00e8ces m\u00e9caniques, r\u00e9servoirs de liquides, seaux de peinture - gestion<\/li>\n<\/ul>\n\n\n\n<h4 class=\"wp-block-heading\" id=\"h-get-in-touch\">Prendre contact<\/h4>\n\n\n\n<p>Pour plus d'informations sur les \u00e9tiquettes RFID imprimables flexibles sur m\u00e9tal de Huayuan, n'h\u00e9sitez pas \u00e0 contacter notre \u00e9quipe commerciale.<\/p>\n\n\n<style>.wp-block-kadence-advancedbtn.kb-btns3384_d9980c-d8{gap:var(--global-kb-gap-xs, 0.5rem );justify-content:flex-start;align-items:center;}.kt-btns3384_d9980c-d8 .kt-button{font-weight:normal;font-style:normal;}.kt-btns3384_d9980c-d8 .kt-btn-wrap-0{margin-right:5px;}.wp-block-kadence-advancedbtn.kt-btns3384_d9980c-d8 .kt-btn-wrap-0 .kt-button{color:#555555;border-color:#555555;}.wp-block-kadence-advancedbtn.kt-btns3384_d9980c-d8 .kt-btn-wrap-0 .kt-button:hover, .wp-block-kadence-advancedbtn.kt-btns3384_d9980c-d8 .kt-btn-wrap-0 .kt-button:focus{color:#ffffff;border-color:#444444;}.wp-block-kadence-advancedbtn.kt-btns3384_d9980c-d8 .kt-btn-wrap-0 .kt-button::before{display:none;}.wp-block-kadence-advancedbtn.kt-btns3384_d9980c-d8 .kt-btn-wrap-0 .kt-button:hover, .wp-block-kadence-advancedbtn.kt-btns3384_d9980c-d8 .kt-btn-wrap-0 .kt-button:focus{background:#444444;}<\/style>\n<div class=\"wp-block-kadence-advancedbtn kb-buttons-wrap kb-btns3384_d9980c-d8\"><style>ul.menu .wp-block-kadence-advancedbtn .kb-btn3384_be194d-a1.kb-button{width:initial;}<\/style><a class=\"kb-button kt-button button kb-btn3384_be194d-a1 kt-btn-size-standard kt-btn-width-type-auto kb-btn-global-inherit  kt-btn-has-text-true kt-btn-has-svg-false  wp-block-button__link wp-block-kadence-singlebtn\" href=\"https:\/\/huayuansh.com\/contact-us\/\"><span class=\"kt-btn-inner-text\">Nous contacter<\/span><\/a><\/div>","protected":false},"excerpt":{"rendered":"<p>Since RFID is sensitive to metal environment, reading distance to normal RFID tags is very short or even unreadable once attached on metal surfaces, thus data collection is facing great challenges. HUAYUAN flexible RFID on metal tag, designed for tagging metal objects and surfaces, as well as challenging non-metal objects. Its flexible anti-metal ferrite layer&#8230;<\/p>","protected":false},"author":1,"featured_media":3660,"parent":854,"menu_order":0,"comment_status":"closed","ping_status":"closed","template":"","meta":{"_kad_blocks_custom_css":"","_kad_blocks_head_custom_js":"","_kad_blocks_body_custom_js":"","_kad_blocks_footer_custom_js":"","_kadence_starter_templates_imported_post":false,"_kad_post_transparent":"","_kad_post_title":"","_kad_post_layout":"","_kad_post_sidebar_id":"","_kad_post_content_style":"","_kad_post_vertical_padding":"","_kad_post_feature":"","_kad_post_feature_position":"","_kad_post_header":false,"_kad_post_footer":false,"footnotes":""},"class_list":["post-3384","page","type-page","status-publish","has-post-thumbnail","hentry"],"yoast_head":"<!-- This site is optimized with the Yoast SEO Premium plugin v23.0 (Yoast SEO v26.3) - https:\/\/yoast.com\/wordpress\/plugins\/seo\/ -->\n<title>Flexible On Metal RFID Tag | HUAYUAN RFID Tag Manufacturer<\/title>\n<meta name=\"description\" content=\"UHF EPC GEN2 passive flexible waterproof on metal RFID tag, long-range up to 6 meters, designed especially for harsh metal environment.\" \/>\n<meta name=\"robots\" content=\"index, follow, max-snippet:-1, max-image-preview:large, max-video-preview:-1\" \/>\n<link rel=\"canonical\" href=\"https:\/\/huayuansh.com\/fr\/produits\/etiquettes-rfid-industrielles\/etiquette-rfid-souple-pour-metal\/\" \/>\n<meta property=\"og:locale\" content=\"fr_FR\" \/>\n<meta property=\"og:type\" content=\"article\" \/>\n<meta property=\"og:title\" content=\"Flexible On Metal RFID Tag\" \/>\n<meta property=\"og:description\" content=\"UHF EPC GEN2 passive flexible waterproof on metal RFID tag, long-range up to 6 meters, designed especially for harsh metal environment.\" \/>\n<meta property=\"og:url\" content=\"https:\/\/huayuansh.com\/fr\/produits\/etiquettes-rfid-industrielles\/etiquette-rfid-souple-pour-metal\/\" \/>\n<meta property=\"og:site_name\" content=\"HUAYUAN RFID Tag Manufacturer\" \/>\n<meta property=\"article:modified_time\" content=\"2024-08-19T05:46:43+00:00\" \/>\n<meta property=\"og:image\" content=\"https:\/\/huayuansh.com\/wp-content\/uploads\/2024\/08\/Printable-Flexible-On-Metal-RFID-Tag.webp\" \/>\n\t<meta property=\"og:image:width\" content=\"1920\" \/>\n\t<meta property=\"og:image:height\" content=\"1080\" \/>\n\t<meta property=\"og:image:type\" content=\"image\/webp\" \/>\n<meta name=\"twitter:card\" content=\"summary_large_image\" \/>\n<meta name=\"twitter:label1\" content=\"Dur\u00e9e de lecture estim\u00e9e\" \/>\n\t<meta name=\"twitter:data1\" content=\"4 minutes\" \/>\n<script type=\"application\/ld+json\" class=\"yoast-schema-graph\">{\"@context\":\"https:\/\/schema.org\",\"@graph\":[{\"@type\":\"WebPage\",\"@id\":\"https:\/\/huayuansh.com\/products\/industrial-rfid-tags\/flexible-on-metal-rfid-tag\/\",\"url\":\"https:\/\/huayuansh.com\/products\/industrial-rfid-tags\/flexible-on-metal-rfid-tag\/\",\"name\":\"Flexible On Metal RFID Tag | HUAYUAN RFID Tag Manufacturer\",\"isPartOf\":{\"@id\":\"https:\/\/huayuansh.com\/#website\"},\"primaryImageOfPage\":{\"@id\":\"https:\/\/huayuansh.com\/products\/industrial-rfid-tags\/flexible-on-metal-rfid-tag\/#primaryimage\"},\"image\":{\"@id\":\"https:\/\/huayuansh.com\/products\/industrial-rfid-tags\/flexible-on-metal-rfid-tag\/#primaryimage\"},\"thumbnailUrl\":\"https:\/\/huayuansh.com\/wp-content\/uploads\/2024\/08\/Printable-Flexible-On-Metal-RFID-Tag.webp\",\"datePublished\":\"2024-07-15T05:47:33+00:00\",\"dateModified\":\"2024-08-19T05:46:43+00:00\",\"description\":\"UHF EPC GEN2 passive flexible waterproof on metal RFID tag, long-range up to 6 meters, designed especially for harsh metal environment.\",\"breadcrumb\":{\"@id\":\"https:\/\/huayuansh.com\/products\/industrial-rfid-tags\/flexible-on-metal-rfid-tag\/#breadcrumb\"},\"inLanguage\":\"fr-FR\",\"potentialAction\":[{\"@type\":\"ReadAction\",\"target\":[\"https:\/\/huayuansh.com\/products\/industrial-rfid-tags\/flexible-on-metal-rfid-tag\/\"]}]},{\"@type\":\"ImageObject\",\"inLanguage\":\"fr-FR\",\"@id\":\"https:\/\/huayuansh.com\/products\/industrial-rfid-tags\/flexible-on-metal-rfid-tag\/#primaryimage\",\"url\":\"https:\/\/huayuansh.com\/wp-content\/uploads\/2024\/08\/Printable-Flexible-On-Metal-RFID-Tag.webp\",\"contentUrl\":\"https:\/\/huayuansh.com\/wp-content\/uploads\/2024\/08\/Printable-Flexible-On-Metal-RFID-Tag.webp\",\"width\":1920,\"height\":1080},{\"@type\":\"BreadcrumbList\",\"@id\":\"https:\/\/huayuansh.com\/products\/industrial-rfid-tags\/flexible-on-metal-rfid-tag\/#breadcrumb\",\"itemListElement\":[{\"@type\":\"ListItem\",\"position\":1,\"name\":\"Home\",\"item\":\"https:\/\/huayuansh.com\/\"},{\"@type\":\"ListItem\",\"position\":2,\"name\":\"RFID Products\",\"item\":\"https:\/\/huayuansh.com\/products\/\"},{\"@type\":\"ListItem\",\"position\":3,\"name\":\"Industrial RFID Tags\",\"item\":\"https:\/\/huayuansh.com\/products\/industrial-rfid-tags\/\"},{\"@type\":\"ListItem\",\"position\":4,\"name\":\"Flexible On Metal RFID Tag\"}]},{\"@type\":\"WebSite\",\"@id\":\"https:\/\/huayuansh.com\/#website\",\"url\":\"https:\/\/huayuansh.com\/\",\"name\":\"HUAYUAN RFID Tag Manufacturer\",\"description\":\"HUAYUAN RFID Tag Manufacturer\",\"publisher\":{\"@id\":\"https:\/\/huayuansh.com\/#organization\"},\"potentialAction\":[{\"@type\":\"SearchAction\",\"target\":{\"@type\":\"EntryPoint\",\"urlTemplate\":\"https:\/\/huayuansh.com\/?s={search_term_string}\"},\"query-input\":{\"@type\":\"PropertyValueSpecification\",\"valueRequired\":true,\"valueName\":\"search_term_string\"}}],\"inLanguage\":\"fr-FR\"},{\"@type\":\"Organization\",\"@id\":\"https:\/\/huayuansh.com\/#organization\",\"name\":\"HUAYUAN RFID Tag Manufacturer\",\"url\":\"https:\/\/huayuansh.com\/\",\"logo\":{\"@type\":\"ImageObject\",\"inLanguage\":\"fr-FR\",\"@id\":\"https:\/\/huayuansh.com\/#\/schema\/logo\/image\/\",\"url\":\"https:\/\/huayuansh.com\/wp-content\/uploads\/2024\/09\/cropped-HUAYUAN.webp\",\"contentUrl\":\"https:\/\/huayuansh.com\/wp-content\/uploads\/2024\/09\/cropped-HUAYUAN.webp\",\"width\":895,\"height\":279,\"caption\":\"HUAYUAN RFID Tag Manufacturer\"},\"image\":{\"@id\":\"https:\/\/huayuansh.com\/#\/schema\/logo\/image\/\"}}]}<\/script>\n<!-- \/ Yoast SEO Premium plugin. -->","yoast_head_json":{"title":"Tag RFID flexible sur m\u00e9tal | HUAYUAN RFID Tag Manufacturer","description":"Tag RFID UHF EPC GEN2 passif, flexible et \u00e9tanche sur m\u00e9tal, longue port\u00e9e jusqu'\u00e0 6 m\u00e8tres, sp\u00e9cialement con\u00e7u pour les environnements m\u00e9talliques difficiles.","robots":{"index":"index","follow":"follow","max-snippet":"max-snippet:-1","max-image-preview":"max-image-preview:large","max-video-preview":"max-video-preview:-1"},"canonical":"https:\/\/huayuansh.com\/fr\/produits\/etiquettes-rfid-industrielles\/etiquette-rfid-souple-pour-metal\/","og_locale":"fr_FR","og_type":"article","og_title":"Flexible On Metal RFID Tag","og_description":"UHF EPC GEN2 passive flexible waterproof on metal RFID tag, long-range up to 6 meters, designed especially for harsh metal environment.","og_url":"https:\/\/huayuansh.com\/fr\/produits\/etiquettes-rfid-industrielles\/etiquette-rfid-souple-pour-metal\/","og_site_name":"HUAYUAN RFID Tag Manufacturer","article_modified_time":"2024-08-19T05:46:43+00:00","og_image":[{"width":1920,"height":1080,"url":"https:\/\/huayuansh.com\/wp-content\/uploads\/2024\/08\/Printable-Flexible-On-Metal-RFID-Tag.webp","type":"image\/webp"}],"twitter_card":"summary_large_image","twitter_misc":{"Dur\u00e9e de lecture estim\u00e9e":"4 minutes"},"schema":{"@context":"https:\/\/schema.org","@graph":[{"@type":"WebPage","@id":"https:\/\/huayuansh.com\/products\/industrial-rfid-tags\/flexible-on-metal-rfid-tag\/","url":"https:\/\/huayuansh.com\/products\/industrial-rfid-tags\/flexible-on-metal-rfid-tag\/","name":"Tag RFID flexible sur m\u00e9tal | HUAYUAN RFID Tag Manufacturer","isPartOf":{"@id":"https:\/\/huayuansh.com\/#website"},"primaryImageOfPage":{"@id":"https:\/\/huayuansh.com\/products\/industrial-rfid-tags\/flexible-on-metal-rfid-tag\/#primaryimage"},"image":{"@id":"https:\/\/huayuansh.com\/products\/industrial-rfid-tags\/flexible-on-metal-rfid-tag\/#primaryimage"},"thumbnailUrl":"https:\/\/huayuansh.com\/wp-content\/uploads\/2024\/08\/Printable-Flexible-On-Metal-RFID-Tag.webp","datePublished":"2024-07-15T05:47:33+00:00","dateModified":"2024-08-19T05:46:43+00:00","description":"Tag RFID UHF EPC GEN2 passif, flexible et \u00e9tanche sur m\u00e9tal, longue port\u00e9e jusqu'\u00e0 6 m\u00e8tres, sp\u00e9cialement con\u00e7u pour les environnements m\u00e9talliques difficiles.","breadcrumb":{"@id":"https:\/\/huayuansh.com\/products\/industrial-rfid-tags\/flexible-on-metal-rfid-tag\/#breadcrumb"},"inLanguage":"fr-FR","potentialAction":[{"@type":"ReadAction","target":["https:\/\/huayuansh.com\/products\/industrial-rfid-tags\/flexible-on-metal-rfid-tag\/"]}]},{"@type":"ImageObject","inLanguage":"fr-FR","@id":"https:\/\/huayuansh.com\/products\/industrial-rfid-tags\/flexible-on-metal-rfid-tag\/#primaryimage","url":"https:\/\/huayuansh.com\/wp-content\/uploads\/2024\/08\/Printable-Flexible-On-Metal-RFID-Tag.webp","contentUrl":"https:\/\/huayuansh.com\/wp-content\/uploads\/2024\/08\/Printable-Flexible-On-Metal-RFID-Tag.webp","width":1920,"height":1080},{"@type":"BreadcrumbList","@id":"https:\/\/huayuansh.com\/products\/industrial-rfid-tags\/flexible-on-metal-rfid-tag\/#breadcrumb","itemListElement":[{"@type":"ListItem","position":1,"name":"Home","item":"https:\/\/huayuansh.com\/"},{"@type":"ListItem","position":2,"name":"RFID Products","item":"https:\/\/huayuansh.com\/products\/"},{"@type":"ListItem","position":3,"name":"Industrial RFID Tags","item":"https:\/\/huayuansh.com\/products\/industrial-rfid-tags\/"},{"@type":"ListItem","position":4,"name":"Flexible On Metal RFID Tag"}]},{"@type":"WebSite","@id":"https:\/\/huayuansh.com\/#website","url":"https:\/\/huayuansh.com\/","name":"Fabricant d'\u00e9tiquettes RFID HUAYUAN","description":"Fabricant d'\u00e9tiquettes RFID HUAYUAN","publisher":{"@id":"https:\/\/huayuansh.com\/#organization"},"potentialAction":[{"@type":"SearchAction","target":{"@type":"EntryPoint","urlTemplate":"https:\/\/huayuansh.com\/?s={search_term_string}"},"query-input":{"@type":"PropertyValueSpecification","valueRequired":true,"valueName":"search_term_string"}}],"inLanguage":"fr-FR"},{"@type":"Organization","@id":"https:\/\/huayuansh.com\/#organization","name":"Fabricant d'\u00e9tiquettes RFID HUAYUAN","url":"https:\/\/huayuansh.com\/","logo":{"@type":"ImageObject","inLanguage":"fr-FR","@id":"https:\/\/huayuansh.com\/#\/schema\/logo\/image\/","url":"https:\/\/huayuansh.com\/wp-content\/uploads\/2024\/09\/cropped-HUAYUAN.webp","contentUrl":"https:\/\/huayuansh.com\/wp-content\/uploads\/2024\/09\/cropped-HUAYUAN.webp","width":895,"height":279,"caption":"HUAYUAN RFID Tag Manufacturer"},"image":{"@id":"https:\/\/huayuansh.com\/#\/schema\/logo\/image\/"}}]}},"taxonomy_info":[],"featured_image_src_large":["https:\/\/huayuansh.com\/wp-content\/uploads\/2024\/08\/Printable-Flexible-On-Metal-RFID-Tag-1024x576.webp",1024,576,true],"author_info":{"display_name":"HUAYUAN","author_link":"https:\/\/huayuansh.com\/fr\/author\/shyec2024\/"},"comment_info":0,"_links":{"self":[{"href":"https:\/\/huayuansh.com\/fr\/wp-json\/wp\/v2\/pages\/3384","targetHints":{"allow":["GET"]}}],"collection":[{"href":"https:\/\/huayuansh.com\/fr\/wp-json\/wp\/v2\/pages"}],"about":[{"href":"https:\/\/huayuansh.com\/fr\/wp-json\/wp\/v2\/types\/page"}],"author":[{"embeddable":true,"href":"https:\/\/huayuansh.com\/fr\/wp-json\/wp\/v2\/users\/1"}],"replies":[{"embeddable":true,"href":"https:\/\/huayuansh.com\/fr\/wp-json\/wp\/v2\/comments?post=3384"}],"version-history":[{"count":3,"href":"https:\/\/huayuansh.com\/fr\/wp-json\/wp\/v2\/pages\/3384\/revisions"}],"predecessor-version":[{"id":3680,"href":"https:\/\/huayuansh.com\/fr\/wp-json\/wp\/v2\/pages\/3384\/revisions\/3680"}],"up":[{"embeddable":true,"href":"https:\/\/huayuansh.com\/fr\/wp-json\/wp\/v2\/pages\/854"}],"wp:featuredmedia":[{"embeddable":true,"href":"https:\/\/huayuansh.com\/fr\/wp-json\/wp\/v2\/media\/3660"}],"wp:attachment":[{"href":"https:\/\/huayuansh.com\/fr\/wp-json\/wp\/v2\/media?parent=3384"}],"curies":[{"name":"wp","href":"https:\/\/api.w.org\/{rel}","templated":true}]}}