{"id":3386,"date":"2024-07-15T13:51:06","date_gmt":"2024-07-15T05:51:06","guid":{"rendered":"https:\/\/huayuansh.com\/?page_id=3386"},"modified":"2024-08-08T14:09:48","modified_gmt":"2024-08-08T06:09:48","slug":"etiquette-rfid-uhf-polyvalente","status":"publish","type":"page","link":"https:\/\/huayuansh.com\/fr\/produits\/etiquettes-rfid-industrielles\/etiquette-rfid-uhf-polyvalente\/","title":{"rendered":"\u00c9tiquette RFID UHF polyvalente"},"content":{"rendered":"<p>Le Versatile RFID UHF Tag est un tag RFID UHF RAIN dot\u00e9 d'une capacit\u00e9 d'adaptation exceptionnelle, couvrant une large bande (FCC et ETSI) et une longue direction de lecture, tol\u00e9rant notamment la permittivit\u00e9 de l'environnement. L'\u00e9tiquette RFID UHF polyvalente fonctionne donc correctement, qu'elle soit fix\u00e9e sur une surface m\u00e9tallique ou non m\u00e9tallique, dans les applications RFID.<\/p>\n\n\n\n<p>L'\u00e9tiquette RFID polyvalente est une solution d'\u00e9tiquetage d'int\u00e9rieur rentable, au design cr\u00e9atif et dot\u00e9e d'une technologie de couplage capacitif multiple. Il s'agit d'une solution facile \u00e0 utiliser pour le suivi des actifs, le suivi des conteneurs et l'identification des rayonnages.<\/p>\n\n\n\n<p>L'\u00e9tiquette RFID UHF polyvalente est facile \u00e0 trouver gr\u00e2ce \u00e0 son aspect cristallin et accrocheur. L'impression num\u00e9rique en couleur peut inclure toutes les donn\u00e9es variables du code-barres\/QR, l'identification de la num\u00e9rotation peut \u00eatre imprim\u00e9e sur l'\u00e9tiquette, correspondant \u00e0 la programmation de la puce RFID correspondante. Le couvercle en \u00e9poxy est une excellente protection pour l'\u00e9tiquette.<\/p>\n\n\n\n<div class=\"wp-block-columns are-vertically-aligned-center is-layout-flex wp-container-core-columns-is-layout-9d6595d7 wp-block-columns-is-layout-flex\">\n<div class=\"wp-block-column is-vertically-aligned-center is-layout-flow wp-block-column-is-layout-flow\" style=\"flex-basis:60%\">\n<h2 class=\"wp-block-heading\" id=\"h-key-features\">Caract\u00e9ristiques principales<\/h2>\n\n\n\n<ul class=\"wp-block-list\">\n<li>Transpondeur cr\u00e9atif unique \u00e0 couplage capacitif int\u00e9gr\u00e9<\/li>\n\n\n\n<li>Performance omnidirectionnelle conception m\u00e9tallique ou non m\u00e9tallique<\/li>\n\n\n\n<li>\u00c9tiquette RFID abordable et largement adaptable aux applications int\u00e9rieures<\/li>\n\n\n\n<li>Impression en quadrichromie et programmation et impression de donn\u00e9es variables<\/li>\n<\/ul>\n<\/div>\n\n\n\n<div class=\"wp-block-column is-vertically-aligned-center is-layout-flow wp-block-column-is-layout-flow\" style=\"flex-basis:40%\">\n<figure class=\"wp-block-image size-full\"><img loading=\"lazy\" decoding=\"async\" width=\"600\" height=\"600\" src=\"https:\/\/huayuansh.com\/wp-content\/uploads\/2024\/08\/Epoxy-RFID-On-Metal-Tag.webp\" alt=\"\" class=\"wp-image-3608\" style=\"aspect-ratio:3\/2;object-fit:cover\" srcset=\"https:\/\/huayuansh.com\/wp-content\/uploads\/2024\/08\/Epoxy-RFID-On-Metal-Tag.webp 600w, https:\/\/huayuansh.com\/wp-content\/uploads\/2024\/08\/Epoxy-RFID-On-Metal-Tag-300x300.webp 300w, https:\/\/huayuansh.com\/wp-content\/uploads\/2024\/08\/Epoxy-RFID-On-Metal-Tag-150x150.webp 150w\" sizes=\"auto, (max-width: 600px) 100vw, 600px\" \/><\/figure>\n<\/div>\n<\/div>\n\n\n\n<h2 class=\"wp-block-heading\" id=\"h-specifications\">Sp\u00e9cifications<\/h2>\n\n\n\n<figure class=\"wp-block-table\"><table><tbody><tr><td colspan=\"2\"><strong>Performance \u00e9lectronique<\/strong><\/td><\/tr><tr><td>Protocole<\/td><td>ISO 18000-6C \/ EPC Global Class1 Gen2<\/td><\/tr><tr><td>Fr\u00e9quence de travail<\/td><td>860~960MHz<\/td><\/tr><tr><td>Micro-puce \/ M\u00e9moire<\/td><td>NXP UCODE<sup>\u00ae<\/sup>&nbsp;8, EPC 128 bits, TID 96 bits<br>NXP UCODE<sup>\u00ae<\/sup>&nbsp;9, EPC 96 bits, TID 96 bits<\/td><\/tr><tr><td>Dur\u00e9e de vie de l'IC<\/td><td>100 000 cycles de programmation, 50 ans de conservation des donn\u00e9es<\/td><\/tr><tr><td>Mode de fonctionnement<\/td><td>Couplage passif Conception RFID<\/td><\/tr><tr><td>Distance de lecture<\/td><td>4-7 Mts sous la fr\u00e9quence FCC et ETSI<\/td><\/tr><tr><td colspan=\"2\"><strong>Caract\u00e9ristiques physiques<\/strong><\/td><\/tr><tr><td>Dimension<\/td><td>80\u00d723\u00d76.7mm \/ 80\u00d718\u00d76.7mm \uff08incluant la face \u00e9poxy et la colle\uff09<\/td><\/tr><tr><td>Mat\u00e9riau<\/td><td>Acrylique + colle adh\u00e9sive + finition \u00e9poxy<\/td><\/tr><tr><td>Format de livraison<\/td><td>En pi\u00e8ce d\u00e9tach\u00e9e<\/td><\/tr><tr><td>Options<\/td><td>Conception de logo CMYK imprimable<br>Donn\u00e9es variables (ID, QR, num\u00e9rotation) imprimables<br>Programmation de l'EPC<\/td><\/tr><\/tbody><\/table><\/figure>\n\n\n\n<h3 class=\"wp-block-heading\" id=\"h-get-in-touch\">Prendre contact<\/h3>\n\n\n\n<p>Pour plus d'informations sur les \u00e9tiquettes RFID UHF polyvalentes de Huayuan.<\/p>\n\n\n<style>.wp-block-kadence-advancedbtn.kb-btns3386_ef9c86-d5{gap:var(--global-kb-gap-xs, 0.5rem );justify-content:flex-start;align-items:center;}.kt-btns3386_ef9c86-d5 .kt-button{font-weight:normal;font-style:normal;}.kt-btns3386_ef9c86-d5 .kt-btn-wrap-0{margin-right:5px;}.wp-block-kadence-advancedbtn.kt-btns3386_ef9c86-d5 .kt-btn-wrap-0 .kt-button{color:#555555;border-color:#555555;}.wp-block-kadence-advancedbtn.kt-btns3386_ef9c86-d5 .kt-btn-wrap-0 .kt-button:hover, .wp-block-kadence-advancedbtn.kt-btns3386_ef9c86-d5 .kt-btn-wrap-0 .kt-button:focus{color:#ffffff;border-color:#444444;}.wp-block-kadence-advancedbtn.kt-btns3386_ef9c86-d5 .kt-btn-wrap-0 .kt-button::before{display:none;}.wp-block-kadence-advancedbtn.kt-btns3386_ef9c86-d5 .kt-btn-wrap-0 .kt-button:hover, .wp-block-kadence-advancedbtn.kt-btns3386_ef9c86-d5 .kt-btn-wrap-0 .kt-button:focus{background:#444444;}<\/style>\n<div class=\"wp-block-kadence-advancedbtn kb-buttons-wrap kb-btns3386_ef9c86-d5\"><style>ul.menu .wp-block-kadence-advancedbtn .kb-btn3386_fe2f00-ff.kb-button{width:initial;}<\/style><a class=\"kb-button kt-button button kb-btn3386_fe2f00-ff kt-btn-size-standard kt-btn-width-type-auto kb-btn-global-inherit  kt-btn-has-text-true kt-btn-has-svg-false  wp-block-button__link wp-block-kadence-singlebtn\" href=\"https:\/\/huayuansh.com\/contact-us\/\"><span class=\"kt-btn-inner-text\">Nous contacter<\/span><\/a><\/div>","protected":false},"excerpt":{"rendered":"<p>The Versatile RFID UHF Tag is an UHF RAIN RFID tag with outstanding extensive adaptability, cover wide broad band (both FCC and ETSI) and long reading direction, especially tolerability of permittivity of environment. So versatile RFID UHF tag would works properly both attached on metal or non-metal surface in RFID applications. As a cost-effective RFID&#8230;<\/p>","protected":false},"author":1,"featured_media":3609,"parent":854,"menu_order":0,"comment_status":"closed","ping_status":"closed","template":"","meta":{"_kad_blocks_custom_css":"","_kad_blocks_head_custom_js":"","_kad_blocks_body_custom_js":"","_kad_blocks_footer_custom_js":"","_kadence_starter_templates_imported_post":false,"_kad_post_transparent":"","_kad_post_title":"","_kad_post_layout":"","_kad_post_sidebar_id":"","_kad_post_content_style":"","_kad_post_vertical_padding":"","_kad_post_feature":"","_kad_post_feature_position":"","_kad_post_header":false,"_kad_post_footer":false,"footnotes":""},"class_list":["post-3386","page","type-page","status-publish","has-post-thumbnail","hentry"],"yoast_head":"<!-- This site is optimized with the Yoast SEO Premium plugin v23.0 (Yoast SEO v26.3) - https:\/\/yoast.com\/wordpress\/plugins\/seo\/ -->\n<title>Versatile RFID UHF Tag | HUAYUAN RFID Tag Manufacturer<\/title>\n<meta name=\"robots\" content=\"index, follow, max-snippet:-1, max-image-preview:large, max-video-preview:-1\" \/>\n<link rel=\"canonical\" href=\"https:\/\/huayuansh.com\/fr\/produits\/etiquettes-rfid-industrielles\/etiquette-rfid-uhf-polyvalente\/\" \/>\n<meta property=\"og:locale\" content=\"fr_FR\" \/>\n<meta property=\"og:type\" content=\"article\" \/>\n<meta property=\"og:title\" content=\"Versatile RFID UHF Tag\" \/>\n<meta property=\"og:description\" content=\"The Versatile RFID UHF Tag is an UHF RAIN RFID tag with outstanding extensive adaptability, cover wide broad band (both FCC and ETSI) and long reading direction, especially tolerability of permittivity of environment. So versatile RFID UHF tag would works properly both attached on metal or non-metal surface in RFID applications. As a cost-effective RFID...\" \/>\n<meta property=\"og:url\" content=\"https:\/\/huayuansh.com\/fr\/produits\/etiquettes-rfid-industrielles\/etiquette-rfid-uhf-polyvalente\/\" \/>\n<meta property=\"og:site_name\" content=\"HUAYUAN RFID Tag Manufacturer\" \/>\n<meta property=\"article:modified_time\" content=\"2024-08-08T06:09:48+00:00\" \/>\n<meta property=\"og:image\" content=\"https:\/\/huayuansh.com\/wp-content\/uploads\/2024\/08\/HUAYUAN-Versatile-RFID-UHF-Tags.webp\" \/>\n\t<meta property=\"og:image:width\" content=\"1920\" \/>\n\t<meta property=\"og:image:height\" content=\"1080\" \/>\n\t<meta property=\"og:image:type\" content=\"image\/webp\" \/>\n<meta name=\"twitter:card\" content=\"summary_large_image\" \/>\n<meta name=\"twitter:label1\" content=\"Dur\u00e9e de lecture estim\u00e9e\" \/>\n\t<meta name=\"twitter:data1\" content=\"2 minutes\" \/>\n<script type=\"application\/ld+json\" class=\"yoast-schema-graph\">{\"@context\":\"https:\/\/schema.org\",\"@graph\":[{\"@type\":\"WebPage\",\"@id\":\"https:\/\/huayuansh.com\/products\/industrial-rfid-tags\/versatile-rfid-uhf-tag\/\",\"url\":\"https:\/\/huayuansh.com\/products\/industrial-rfid-tags\/versatile-rfid-uhf-tag\/\",\"name\":\"Versatile RFID UHF Tag | HUAYUAN RFID Tag Manufacturer\",\"isPartOf\":{\"@id\":\"https:\/\/huayuansh.com\/#website\"},\"primaryImageOfPage\":{\"@id\":\"https:\/\/huayuansh.com\/products\/industrial-rfid-tags\/versatile-rfid-uhf-tag\/#primaryimage\"},\"image\":{\"@id\":\"https:\/\/huayuansh.com\/products\/industrial-rfid-tags\/versatile-rfid-uhf-tag\/#primaryimage\"},\"thumbnailUrl\":\"https:\/\/huayuansh.com\/wp-content\/uploads\/2024\/08\/HUAYUAN-Versatile-RFID-UHF-Tags.webp\",\"datePublished\":\"2024-07-15T05:51:06+00:00\",\"dateModified\":\"2024-08-08T06:09:48+00:00\",\"breadcrumb\":{\"@id\":\"https:\/\/huayuansh.com\/products\/industrial-rfid-tags\/versatile-rfid-uhf-tag\/#breadcrumb\"},\"inLanguage\":\"fr-FR\",\"potentialAction\":[{\"@type\":\"ReadAction\",\"target\":[\"https:\/\/huayuansh.com\/products\/industrial-rfid-tags\/versatile-rfid-uhf-tag\/\"]}]},{\"@type\":\"ImageObject\",\"inLanguage\":\"fr-FR\",\"@id\":\"https:\/\/huayuansh.com\/products\/industrial-rfid-tags\/versatile-rfid-uhf-tag\/#primaryimage\",\"url\":\"https:\/\/huayuansh.com\/wp-content\/uploads\/2024\/08\/HUAYUAN-Versatile-RFID-UHF-Tags.webp\",\"contentUrl\":\"https:\/\/huayuansh.com\/wp-content\/uploads\/2024\/08\/HUAYUAN-Versatile-RFID-UHF-Tags.webp\",\"width\":1920,\"height\":1080},{\"@type\":\"BreadcrumbList\",\"@id\":\"https:\/\/huayuansh.com\/products\/industrial-rfid-tags\/versatile-rfid-uhf-tag\/#breadcrumb\",\"itemListElement\":[{\"@type\":\"ListItem\",\"position\":1,\"name\":\"Home\",\"item\":\"https:\/\/huayuansh.com\/\"},{\"@type\":\"ListItem\",\"position\":2,\"name\":\"RFID Products\",\"item\":\"https:\/\/huayuansh.com\/products\/\"},{\"@type\":\"ListItem\",\"position\":3,\"name\":\"Industrial RFID Tags\",\"item\":\"https:\/\/huayuansh.com\/products\/industrial-rfid-tags\/\"},{\"@type\":\"ListItem\",\"position\":4,\"name\":\"Versatile RFID UHF Tag\"}]},{\"@type\":\"WebSite\",\"@id\":\"https:\/\/huayuansh.com\/#website\",\"url\":\"https:\/\/huayuansh.com\/\",\"name\":\"HUAYUAN RFID Tag Manufacturer\",\"description\":\"HUAYUAN RFID Tag Manufacturer\",\"publisher\":{\"@id\":\"https:\/\/huayuansh.com\/#organization\"},\"potentialAction\":[{\"@type\":\"SearchAction\",\"target\":{\"@type\":\"EntryPoint\",\"urlTemplate\":\"https:\/\/huayuansh.com\/?s={search_term_string}\"},\"query-input\":{\"@type\":\"PropertyValueSpecification\",\"valueRequired\":true,\"valueName\":\"search_term_string\"}}],\"inLanguage\":\"fr-FR\"},{\"@type\":\"Organization\",\"@id\":\"https:\/\/huayuansh.com\/#organization\",\"name\":\"HUAYUAN RFID Tag Manufacturer\",\"url\":\"https:\/\/huayuansh.com\/\",\"logo\":{\"@type\":\"ImageObject\",\"inLanguage\":\"fr-FR\",\"@id\":\"https:\/\/huayuansh.com\/#\/schema\/logo\/image\/\",\"url\":\"https:\/\/huayuansh.com\/wp-content\/uploads\/2024\/09\/cropped-HUAYUAN.webp\",\"contentUrl\":\"https:\/\/huayuansh.com\/wp-content\/uploads\/2024\/09\/cropped-HUAYUAN.webp\",\"width\":895,\"height\":279,\"caption\":\"HUAYUAN RFID Tag Manufacturer\"},\"image\":{\"@id\":\"https:\/\/huayuansh.com\/#\/schema\/logo\/image\/\"}}]}<\/script>\n<!-- \/ Yoast SEO Premium plugin. -->","yoast_head_json":{"title":"Tag RFID UHF polyvalent - HUAYUAN RFID Tag Manufacturer","robots":{"index":"index","follow":"follow","max-snippet":"max-snippet:-1","max-image-preview":"max-image-preview:large","max-video-preview":"max-video-preview:-1"},"canonical":"https:\/\/huayuansh.com\/fr\/produits\/etiquettes-rfid-industrielles\/etiquette-rfid-uhf-polyvalente\/","og_locale":"fr_FR","og_type":"article","og_title":"Versatile RFID UHF Tag","og_description":"The Versatile RFID UHF Tag is an UHF RAIN RFID tag with outstanding extensive adaptability, cover wide broad band (both FCC and ETSI) and long reading direction, especially tolerability of permittivity of environment. So versatile RFID UHF tag would works properly both attached on metal or non-metal surface in RFID applications. As a cost-effective RFID...","og_url":"https:\/\/huayuansh.com\/fr\/produits\/etiquettes-rfid-industrielles\/etiquette-rfid-uhf-polyvalente\/","og_site_name":"HUAYUAN RFID Tag Manufacturer","article_modified_time":"2024-08-08T06:09:48+00:00","og_image":[{"width":1920,"height":1080,"url":"https:\/\/huayuansh.com\/wp-content\/uploads\/2024\/08\/HUAYUAN-Versatile-RFID-UHF-Tags.webp","type":"image\/webp"}],"twitter_card":"summary_large_image","twitter_misc":{"Dur\u00e9e de lecture estim\u00e9e":"2 minutes"},"schema":{"@context":"https:\/\/schema.org","@graph":[{"@type":"WebPage","@id":"https:\/\/huayuansh.com\/products\/industrial-rfid-tags\/versatile-rfid-uhf-tag\/","url":"https:\/\/huayuansh.com\/products\/industrial-rfid-tags\/versatile-rfid-uhf-tag\/","name":"Tag RFID UHF polyvalent - HUAYUAN RFID Tag Manufacturer","isPartOf":{"@id":"https:\/\/huayuansh.com\/#website"},"primaryImageOfPage":{"@id":"https:\/\/huayuansh.com\/products\/industrial-rfid-tags\/versatile-rfid-uhf-tag\/#primaryimage"},"image":{"@id":"https:\/\/huayuansh.com\/products\/industrial-rfid-tags\/versatile-rfid-uhf-tag\/#primaryimage"},"thumbnailUrl":"https:\/\/huayuansh.com\/wp-content\/uploads\/2024\/08\/HUAYUAN-Versatile-RFID-UHF-Tags.webp","datePublished":"2024-07-15T05:51:06+00:00","dateModified":"2024-08-08T06:09:48+00:00","breadcrumb":{"@id":"https:\/\/huayuansh.com\/products\/industrial-rfid-tags\/versatile-rfid-uhf-tag\/#breadcrumb"},"inLanguage":"fr-FR","potentialAction":[{"@type":"ReadAction","target":["https:\/\/huayuansh.com\/products\/industrial-rfid-tags\/versatile-rfid-uhf-tag\/"]}]},{"@type":"ImageObject","inLanguage":"fr-FR","@id":"https:\/\/huayuansh.com\/products\/industrial-rfid-tags\/versatile-rfid-uhf-tag\/#primaryimage","url":"https:\/\/huayuansh.com\/wp-content\/uploads\/2024\/08\/HUAYUAN-Versatile-RFID-UHF-Tags.webp","contentUrl":"https:\/\/huayuansh.com\/wp-content\/uploads\/2024\/08\/HUAYUAN-Versatile-RFID-UHF-Tags.webp","width":1920,"height":1080},{"@type":"BreadcrumbList","@id":"https:\/\/huayuansh.com\/products\/industrial-rfid-tags\/versatile-rfid-uhf-tag\/#breadcrumb","itemListElement":[{"@type":"ListItem","position":1,"name":"Home","item":"https:\/\/huayuansh.com\/"},{"@type":"ListItem","position":2,"name":"RFID Products","item":"https:\/\/huayuansh.com\/products\/"},{"@type":"ListItem","position":3,"name":"Industrial RFID Tags","item":"https:\/\/huayuansh.com\/products\/industrial-rfid-tags\/"},{"@type":"ListItem","position":4,"name":"Versatile RFID UHF Tag"}]},{"@type":"WebSite","@id":"https:\/\/huayuansh.com\/#website","url":"https:\/\/huayuansh.com\/","name":"Fabricant d'\u00e9tiquettes RFID HUAYUAN","description":"Fabricant d'\u00e9tiquettes RFID HUAYUAN","publisher":{"@id":"https:\/\/huayuansh.com\/#organization"},"potentialAction":[{"@type":"SearchAction","target":{"@type":"EntryPoint","urlTemplate":"https:\/\/huayuansh.com\/?s={search_term_string}"},"query-input":{"@type":"PropertyValueSpecification","valueRequired":true,"valueName":"search_term_string"}}],"inLanguage":"fr-FR"},{"@type":"Organization","@id":"https:\/\/huayuansh.com\/#organization","name":"Fabricant d'\u00e9tiquettes RFID HUAYUAN","url":"https:\/\/huayuansh.com\/","logo":{"@type":"ImageObject","inLanguage":"fr-FR","@id":"https:\/\/huayuansh.com\/#\/schema\/logo\/image\/","url":"https:\/\/huayuansh.com\/wp-content\/uploads\/2024\/09\/cropped-HUAYUAN.webp","contentUrl":"https:\/\/huayuansh.com\/wp-content\/uploads\/2024\/09\/cropped-HUAYUAN.webp","width":895,"height":279,"caption":"HUAYUAN RFID Tag Manufacturer"},"image":{"@id":"https:\/\/huayuansh.com\/#\/schema\/logo\/image\/"}}]}},"taxonomy_info":[],"featured_image_src_large":["https:\/\/huayuansh.com\/wp-content\/uploads\/2024\/08\/HUAYUAN-Versatile-RFID-UHF-Tags-1024x576.webp",1024,576,true],"author_info":{"display_name":"HUAYUAN","author_link":"https:\/\/huayuansh.com\/fr\/author\/shyec2024\/"},"comment_info":0,"_links":{"self":[{"href":"https:\/\/huayuansh.com\/fr\/wp-json\/wp\/v2\/pages\/3386","targetHints":{"allow":["GET"]}}],"collection":[{"href":"https:\/\/huayuansh.com\/fr\/wp-json\/wp\/v2\/pages"}],"about":[{"href":"https:\/\/huayuansh.com\/fr\/wp-json\/wp\/v2\/types\/page"}],"author":[{"embeddable":true,"href":"https:\/\/huayuansh.com\/fr\/wp-json\/wp\/v2\/users\/1"}],"replies":[{"embeddable":true,"href":"https:\/\/huayuansh.com\/fr\/wp-json\/wp\/v2\/comments?post=3386"}],"version-history":[{"count":3,"href":"https:\/\/huayuansh.com\/fr\/wp-json\/wp\/v2\/pages\/3386\/revisions"}],"predecessor-version":[{"id":3610,"href":"https:\/\/huayuansh.com\/fr\/wp-json\/wp\/v2\/pages\/3386\/revisions\/3610"}],"up":[{"embeddable":true,"href":"https:\/\/huayuansh.com\/fr\/wp-json\/wp\/v2\/pages\/854"}],"wp:featuredmedia":[{"embeddable":true,"href":"https:\/\/huayuansh.com\/fr\/wp-json\/wp\/v2\/media\/3609"}],"wp:attachment":[{"href":"https:\/\/huayuansh.com\/fr\/wp-json\/wp\/v2\/media?parent=3386"}],"curies":[{"name":"wp","href":"https:\/\/api.w.org\/{rel}","templated":true}]}}