{"id":3392,"date":"2024-07-15T14:02:23","date_gmt":"2024-07-15T06:02:23","guid":{"rendered":"https:\/\/huayuansh.com\/?page_id=3392"},"modified":"2024-08-08T15:26:09","modified_gmt":"2024-08-08T07:26:09","slug":"etiquette-rfid-de-position-de-navigation-pour-agv","status":"publish","type":"page","link":"https:\/\/huayuansh.com\/fr\/produits\/etiquettes-rfid-industrielles\/etiquette-rfid-de-position-de-navigation-pour-agv\/","title":{"rendered":"RFID AGV Navigation Position Tag"},"content":{"rendered":"<p>Le v\u00e9hicule \u00e0 guidage automatique (AGV) peut suivre avec pr\u00e9cision une trajectoire donn\u00e9e pour \u00e9viter les obstacles dans un environnement sans personnel, gr\u00e2ce \u00e0 une navigation et une localisation autonomes. De nos jours, l'\u00e9tiquette RFID pour AGV est largement utilis\u00e9e dans les entrep\u00f4ts automatis\u00e9s, les syst\u00e8mes de transfert de mat\u00e9riel en usine, les syst\u00e8mes de pr\u00e9l\u00e8vement logistique, les syst\u00e8mes d'assemblage flexibles et d'autres sites de transport intelligents.<\/p>\n\n\n\n<p>L'id\u00e9e est d'utiliser une \u00e9tiquette de navigation RFID pour robot, plac\u00e9e dans un quadrillage sur le sol. Le robot contient une \"carte\" des num\u00e9ros d'identification des \u00e9tiquettes RFID Modex et, gr\u00e2ce \u00e0 ce num\u00e9ro, il sait o\u00f9 il se trouve sur la carte.<\/p>\n\n\n\n<figure class=\"wp-block-embed is-type-video is-provider-youtube wp-block-embed-youtube wp-embed-aspect-16-9 wp-has-aspect-ratio\"><div class=\"wp-block-embed__wrapper\">\n<iframe loading=\"lazy\" title=\"Tags RFID pour la localisation et le suivi de position des v\u00e9hicules \u00e0 guidage automatique (AGV) HUAYUAN HDX\" width=\"720\" height=\"405\" src=\"https:\/\/www.youtube.com\/embed\/MV2LNbdswjU?feature=oembed\" frameborder=\"0\" allow=\"accelerometer; autoplay; clipboard-write; encrypted-media; gyroscope; picture-in-picture; web-share\" referrerpolicy=\"strict-origin-when-cross-origin\" allowfullscreen><\/iframe>\n<\/div><\/figure>\n\n\n\n<div class=\"wp-block-columns is-layout-flex wp-container-core-columns-is-layout-9d6595d7 wp-block-columns-is-layout-flex\">\n<div class=\"wp-block-column is-layout-flow wp-block-column-is-layout-flow\" style=\"flex-basis:70%\">\n<h2 class=\"wp-block-heading\" id=\"h-key-feature-of-rfid-hdx-glass-tag\">Principales caract\u00e9ristiques du tag en verre RFID HDX<\/h2>\n\n\n\n<ul class=\"wp-block-list\">\n<li>Performances exceptionnelles dans un environnement difficile<\/li>\n\n\n\n<li>Pr\u00e9cision, r\u00e9p\u00e9tabilit\u00e9, flexibilit\u00e9, empilement de blocs, sous-structure du sol, sch\u00e9ma de circulation<\/li>\n\n\n\n<li>Donn\u00e9es d'identification compl\u00e8tes ISO 11784\/11785 programmables, format BDE<\/li>\n\n\n\n<li>2 kHz, 192 bits, multifonction R\/W HDX RFID IC<\/li>\n\n\n\n<li>\u00c9tiquettes de transpondeur RFID R\/W pour animaux standard et avanc\u00e9es<\/li>\n\n\n\n<li>Transpondeur \u00e0 longue port\u00e9e de lecture<\/li>\n\n\n\n<li>Demi duplex (HDX) 134,2 kHz donn\u00e9es de lecture\/\u00e9criture sans contact<\/li>\n\n\n\n<li>Compatible avec le lecteur RFID de TI<\/li>\n\n\n\n<li>\u00c9criture de l'identifiant standard de l'animal ou d'une valeur hexad\u00e9cimale de 64 bits (par l'interm\u00e9diaire de notre lecteur avec le micrologiciel et le logiciel sp\u00e9cifi\u00e9s)<\/li>\n\n\n\n<li>Condensateur r\u00e9sonnant accordable sur puce contr\u00f4l\u00e9 par un commutateur \u00e0 m\u00e9moire non volatile<\/li>\n\n\n\n<li>Disponible en bo\u00eetier HDFN, enti\u00e8rement compatible avec son pr\u00e9d\u00e9cesseur<\/li>\n<\/ul>\n<\/div>\n\n\n\n<div class=\"wp-block-column is-layout-flow wp-block-column-is-layout-flow\" style=\"flex-basis:30%\">\n<figure class=\"wp-block-image size-full\"><img loading=\"lazy\" decoding=\"async\" width=\"600\" height=\"840\" src=\"https:\/\/huayuansh.com\/wp-content\/uploads\/2024\/08\/HUAYUAN-AGV-RFID-Tags.webp\" alt=\"\" class=\"wp-image-3620\" srcset=\"https:\/\/huayuansh.com\/wp-content\/uploads\/2024\/08\/HUAYUAN-AGV-RFID-Tags.webp 600w, https:\/\/huayuansh.com\/wp-content\/uploads\/2024\/08\/HUAYUAN-AGV-RFID-Tags-214x300.webp 214w\" sizes=\"auto, (max-width: 600px) 100vw, 600px\" \/><\/figure>\n<\/div>\n<\/div>\n\n\n\n<div class=\"wp-block-columns is-layout-flex wp-container-core-columns-is-layout-9d6595d7 wp-block-columns-is-layout-flex\">\n<div class=\"wp-block-column is-layout-flow wp-block-column-is-layout-flow\" style=\"flex-basis:70%\">\n<h2 class=\"wp-block-heading\" id=\"h-applications-of-rfid-agv-tag\">Applications de l'\u00e9tiquette RFID pour AGV<\/h2>\n\n\n\n<ul class=\"wp-block-list\">\n<li>L\u00e8ve-conteneur robotis\u00e9, suivi de trajectoire du l\u00e8ve-conteneur<\/li>\n\n\n\n<li>Entreposage automatis\u00e9<\/li>\n\n\n\n<li>Syst\u00e8mes de transfert de mat\u00e9riaux en usine<\/li>\n\n\n\n<li>Logistique de pr\u00e9paration des commandes et syst\u00e8mes d'assemblage flexibles<\/li>\n\n\n\n<li>Sites de transport intelligents<\/li>\n<\/ul>\n<\/div>\n\n\n\n<div class=\"wp-block-column is-layout-flow wp-block-column-is-layout-flow\" style=\"flex-basis:30%\">\n<figure class=\"wp-block-image size-full\"><img loading=\"lazy\" decoding=\"async\" width=\"352\" height=\"228\" src=\"https:\/\/huayuansh.com\/wp-content\/uploads\/2024\/08\/Robust-HDX-RFID-AGV-Navigation-Position-Tag-HUAYUAN-RFID.webp\" alt=\"\" class=\"wp-image-3621\" srcset=\"https:\/\/huayuansh.com\/wp-content\/uploads\/2024\/08\/Robust-HDX-RFID-AGV-Navigation-Position-Tag-HUAYUAN-RFID.webp 352w, https:\/\/huayuansh.com\/wp-content\/uploads\/2024\/08\/Robust-HDX-RFID-AGV-Navigation-Position-Tag-HUAYUAN-RFID-300x194.webp 300w\" sizes=\"auto, (max-width: 352px) 100vw, 352px\" \/><\/figure>\n<\/div>\n<\/div>\n\n\n\n<h2 class=\"wp-block-heading\" id=\"h-specification-of-robust-agv-rfid-tag\">Sp\u00e9cification de l'\u00e9tiquette RFID robuste pour AGV<\/h2>\n\n\n\n<figure class=\"wp-block-table\"><table><tbody><tr><td>Nom de l'article<\/td><td>\u00c9tiquette RFID pour AGV<\/td><\/tr><tr><td>Norme de protocole<\/td><td>HDX ISO 11784\/11785, conformit\u00e9 ICAR<\/td><\/tr><tr><td>M\u00e9moire<\/td><td>192bit<\/td><\/tr><tr><td>Fonctionnalit\u00e9<\/td><td>lecture\/\u00e9criture<\/td><\/tr><tr><td>Fr\u00e9quence<\/td><td>134,2 kHz<\/td><\/tr><tr><td>Plage de lecture typique<\/td><td>90mm - 120mm (lecteur de bureau)<br>&gt; 30cm (lecteur avec grande antenne)<\/td><\/tr><tr><td>Poids<\/td><td>environ 19g<\/td><\/tr><tr><td>Classe IP<\/td><td>IP68<\/td><\/tr><tr><td>Temp\u00e9rature de fonctionnement<\/td><td>-25\u00b0C \u00e0 85\u00b0C<\/td><\/tr><tr><td>\u00c9crire l'endurance<\/td><td>&gt; 100 000 cycles R\/W<\/td><\/tr><tr><td>R\u00e9tention de la m\u00e9moire<\/td><td>20 ans<\/td><\/tr><\/tbody><\/table><\/figure>\n\n\n\n<p><strong><br>Protocoles pris en charge par les \u00e9tiquettes de navigation RFID<\/strong><\/p>\n\n\n\n<ul class=\"wp-block-list\">\n<li>Conforme au format BDE (pour les applications de gestion des d\u00e9chets)<\/li>\n\n\n\n<li>Enti\u00e8rement conforme aux normes ISO 11784\/11785 HDX R\/O Animal tag<\/li>\n\n\n\n<li>Protocole\/structure des donn\u00e9es d'identification<\/li>\n\n\n\n<li>Enti\u00e8rement compatible avec le format d'identification HDX R\/W le plus courant<\/li>\n<\/ul>\n\n\n\n<p><strong>M\u00e9moire robuste d'\u00e9tiquettes RFID pour AGV<\/strong><\/p>\n\n\n\n<ul class=\"wp-block-list\">\n<li>R\/W M\u00e9moire utilisateur de 6X32 (192 bits)<\/li>\n\n\n\n<li>Prise en charge de l'acc\u00e8s des utilisateurs \u00e0 l'identifiant ROM unique (UID) de l'usine, emp\u00eachant le clonage des puces.<\/li>\n\n\n\n<li>Acc\u00e8s direct\/mode d'\u00e9criture<\/li>\n\n\n\n<li>Acc\u00e8s direct prot\u00e9g\u00e9\/mode d'\u00e9criture<\/li>\n\n\n\n<li>Configuration de la programmation unique (OTP)<\/li>\n<\/ul>\n\n\n\n<p><strong>AGV RFID&nbsp;<\/strong><strong>T<\/strong><strong>ag<\/strong><strong>&nbsp;<\/strong><strong>Commandes<\/strong><\/p>\n\n\n\n<ul class=\"wp-block-list\">\n<li>Protocole de commande propri\u00e9taire<\/li>\n\n\n\n<li>Rapports complets sur l'enregistrement des erreurs<\/li>\n\n\n\n<li>Prise en charge des commandes en cascade<\/li>\n<\/ul>\n\n\n\n<p><strong>Vue d'ensemble du syst\u00e8me d'\u00e9tiquettes RFID HUAYUAN pour AGV<\/strong><\/p>\n\n\n\n<figure class=\"wp-block-image size-large\"><img loading=\"lazy\" decoding=\"async\" width=\"1024\" height=\"277\" src=\"https:\/\/huayuansh.com\/wp-content\/uploads\/2024\/08\/System-Overview-of-RFID-AGV-Tag-Device-1024x277.webp\" alt=\"\" class=\"wp-image-3622\" srcset=\"https:\/\/huayuansh.com\/wp-content\/uploads\/2024\/08\/System-Overview-of-RFID-AGV-Tag-Device-1024x277.webp 1024w, https:\/\/huayuansh.com\/wp-content\/uploads\/2024\/08\/System-Overview-of-RFID-AGV-Tag-Device-300x81.webp 300w, https:\/\/huayuansh.com\/wp-content\/uploads\/2024\/08\/System-Overview-of-RFID-AGV-Tag-Device-768x208.webp 768w, https:\/\/huayuansh.com\/wp-content\/uploads\/2024\/08\/System-Overview-of-RFID-AGV-Tag-Device.webp 1317w\" sizes=\"auto, (max-width: 1024px) 100vw, 1024px\" \/><\/figure>\n\n\n\n<p><strong>Sch\u00e9ma fonctionnel d\u00e9taill\u00e9 de la puce<\/strong><\/p>\n\n\n\n<figure class=\"wp-block-image size-large\"><img loading=\"lazy\" decoding=\"async\" width=\"1024\" height=\"467\" src=\"https:\/\/huayuansh.com\/wp-content\/uploads\/2024\/08\/Chip-Detailed-Block-Diagram-1024x467.webp\" alt=\"\" class=\"wp-image-3623\" srcset=\"https:\/\/huayuansh.com\/wp-content\/uploads\/2024\/08\/Chip-Detailed-Block-Diagram-1024x467.webp 1024w, https:\/\/huayuansh.com\/wp-content\/uploads\/2024\/08\/Chip-Detailed-Block-Diagram-300x137.webp 300w, https:\/\/huayuansh.com\/wp-content\/uploads\/2024\/08\/Chip-Detailed-Block-Diagram-768x350.webp 768w, https:\/\/huayuansh.com\/wp-content\/uploads\/2024\/08\/Chip-Detailed-Block-Diagram.webp 1178w\" sizes=\"auto, (max-width: 1024px) 100vw, 1024px\" \/><\/figure>\n\n\n\n<p><strong>Structure des donn\u00e9es d'identification HDX ISO11784\/5<\/strong><\/p>\n\n\n\n<figure class=\"wp-block-image size-full\"><img loading=\"lazy\" decoding=\"async\" width=\"1024\" height=\"291\" src=\"https:\/\/huayuansh.com\/wp-content\/uploads\/2024\/08\/HDX-ISO117845-ID-Data-Structure.webp\" alt=\"\" class=\"wp-image-3624\" srcset=\"https:\/\/huayuansh.com\/wp-content\/uploads\/2024\/08\/HDX-ISO117845-ID-Data-Structure.webp 1024w, https:\/\/huayuansh.com\/wp-content\/uploads\/2024\/08\/HDX-ISO117845-ID-Data-Structure-300x85.webp 300w, https:\/\/huayuansh.com\/wp-content\/uploads\/2024\/08\/HDX-ISO117845-ID-Data-Structure-768x218.webp 768w\" sizes=\"auto, (max-width: 1024px) 100vw, 1024px\" \/><\/figure>\n\n\n<style>.wp-block-kadence-advancedbtn.kb-btns3392_aaf86d-af{gap:var(--global-kb-gap-xs, 0.5rem );justify-content:flex-start;align-items:center;}.kt-btns3392_aaf86d-af .kt-button{font-weight:normal;font-style:normal;}.kt-btns3392_aaf86d-af .kt-btn-wrap-0{margin-right:5px;}.wp-block-kadence-advancedbtn.kt-btns3392_aaf86d-af .kt-btn-wrap-0 .kt-button{color:#555555;border-color:#555555;}.wp-block-kadence-advancedbtn.kt-btns3392_aaf86d-af .kt-btn-wrap-0 .kt-button:hover, .wp-block-kadence-advancedbtn.kt-btns3392_aaf86d-af .kt-btn-wrap-0 .kt-button:focus{color:#ffffff;border-color:#444444;}.wp-block-kadence-advancedbtn.kt-btns3392_aaf86d-af .kt-btn-wrap-0 .kt-button::before{display:none;}.wp-block-kadence-advancedbtn.kt-btns3392_aaf86d-af .kt-btn-wrap-0 .kt-button:hover, .wp-block-kadence-advancedbtn.kt-btns3392_aaf86d-af .kt-btn-wrap-0 .kt-button:focus{background:#444444;}<\/style>\n<div class=\"wp-block-kadence-advancedbtn kb-buttons-wrap kb-btns3392_aaf86d-af\"><style>ul.menu .wp-block-kadence-advancedbtn .kb-btn3392_13e73c-40.kb-button{width:initial;}<\/style><a class=\"kb-button kt-button button kb-btn3392_13e73c-40 kt-btn-size-standard kt-btn-width-type-auto kb-btn-global-inherit  kt-btn-has-text-true kt-btn-has-svg-false  wp-block-button__link wp-block-kadence-singlebtn\" href=\"https:\/\/huayuansh.com\/contact-us\/\"><span class=\"kt-btn-inner-text\">Nous contacter<\/span><\/a><\/div>","protected":false},"excerpt":{"rendered":"<p>Le v\u00e9hicule \u00e0 guidage automatique (AGV) peut suivre avec pr\u00e9cision une trajectoire donn\u00e9e pour \u00e9viter les obstacles dans un environnement sans personnel, gr\u00e2ce \u00e0 une navigation et une localisation autonomes. De nos jours, l'\u00e9tiquette RFID de l'AGV est largement appliqu\u00e9e aux entrep\u00f4ts automatis\u00e9s, aux syst\u00e8mes de transfert de mat\u00e9riel d'usine, aux syst\u00e8mes de pr\u00e9paration logistique, aux syst\u00e8mes d'assemblage flexibles et \u00e0 d'autres sites de transport intelligents. L'id\u00e9e est d'utiliser des robots...<\/p>","protected":false},"author":1,"featured_media":3625,"parent":854,"menu_order":0,"comment_status":"closed","ping_status":"closed","template":"","meta":{"_kad_blocks_custom_css":"","_kad_blocks_head_custom_js":"","_kad_blocks_body_custom_js":"","_kad_blocks_footer_custom_js":"","_kadence_starter_templates_imported_post":false,"_kad_post_transparent":"","_kad_post_title":"","_kad_post_layout":"","_kad_post_sidebar_id":"","_kad_post_content_style":"","_kad_post_vertical_padding":"","_kad_post_feature":"","_kad_post_feature_position":"","_kad_post_header":false,"_kad_post_footer":false,"footnotes":""},"class_list":["post-3392","page","type-page","status-publish","has-post-thumbnail","hentry"],"yoast_head":"<!-- This site is optimized with the Yoast SEO Premium plugin v23.0 (Yoast SEO v26.3) - https:\/\/yoast.com\/wordpress\/plugins\/seo\/ -->\n<title>RFID AGV Navigation Position Tag | HUAYUAN RFID Tag Manufacturer<\/title>\n<meta name=\"description\" content=\"HUAYUAN RFID AGV tags are ideal for automated warehousing, logistics, supply chain, \ufb02exible assembly systems, and other intelligent transportation sites.\" \/>\n<meta name=\"robots\" content=\"index, follow, max-snippet:-1, max-image-preview:large, max-video-preview:-1\" \/>\n<link rel=\"canonical\" href=\"https:\/\/huayuansh.com\/fr\/produits\/etiquettes-rfid-industrielles\/etiquette-rfid-de-position-de-navigation-pour-agv\/\" \/>\n<meta property=\"og:locale\" content=\"fr_FR\" \/>\n<meta property=\"og:type\" content=\"article\" \/>\n<meta property=\"og:title\" content=\"RFID AGV Navigation Position Tag\" \/>\n<meta property=\"og:description\" content=\"HUAYUAN RFID AGV tags are ideal for automated warehousing, logistics, supply chain, \ufb02exible assembly systems, and other intelligent transportation sites.\" \/>\n<meta property=\"og:url\" content=\"https:\/\/huayuansh.com\/fr\/produits\/etiquettes-rfid-industrielles\/etiquette-rfid-de-position-de-navigation-pour-agv\/\" \/>\n<meta property=\"og:site_name\" content=\"HUAYUAN RFID Tag Manufacturer\" \/>\n<meta property=\"article:modified_time\" content=\"2024-08-08T07:26:09+00:00\" \/>\n<meta property=\"og:image\" content=\"https:\/\/huayuansh.com\/wp-content\/uploads\/2024\/08\/RFID-AGV-Navigation-Position-Tag.webp\" \/>\n\t<meta property=\"og:image:width\" content=\"1920\" \/>\n\t<meta property=\"og:image:height\" content=\"1080\" \/>\n\t<meta property=\"og:image:type\" content=\"image\/webp\" \/>\n<meta name=\"twitter:card\" content=\"summary_large_image\" \/>\n<meta name=\"twitter:label1\" content=\"Dur\u00e9e de lecture estim\u00e9e\" \/>\n\t<meta name=\"twitter:data1\" content=\"3 minutes\" \/>\n<script type=\"application\/ld+json\" class=\"yoast-schema-graph\">{\"@context\":\"https:\/\/schema.org\",\"@graph\":[{\"@type\":\"WebPage\",\"@id\":\"https:\/\/huayuansh.com\/products\/industrial-rfid-tags\/rfid-agv-navigation-position-tag\/\",\"url\":\"https:\/\/huayuansh.com\/products\/industrial-rfid-tags\/rfid-agv-navigation-position-tag\/\",\"name\":\"RFID AGV Navigation Position Tag | HUAYUAN RFID Tag Manufacturer\",\"isPartOf\":{\"@id\":\"https:\/\/huayuansh.com\/#website\"},\"primaryImageOfPage\":{\"@id\":\"https:\/\/huayuansh.com\/products\/industrial-rfid-tags\/rfid-agv-navigation-position-tag\/#primaryimage\"},\"image\":{\"@id\":\"https:\/\/huayuansh.com\/products\/industrial-rfid-tags\/rfid-agv-navigation-position-tag\/#primaryimage\"},\"thumbnailUrl\":\"https:\/\/huayuansh.com\/wp-content\/uploads\/2024\/08\/RFID-AGV-Navigation-Position-Tag.webp\",\"datePublished\":\"2024-07-15T06:02:23+00:00\",\"dateModified\":\"2024-08-08T07:26:09+00:00\",\"description\":\"HUAYUAN RFID AGV tags are ideal for automated warehousing, logistics, supply chain, \ufb02exible assembly systems, and other intelligent transportation sites.\",\"breadcrumb\":{\"@id\":\"https:\/\/huayuansh.com\/products\/industrial-rfid-tags\/rfid-agv-navigation-position-tag\/#breadcrumb\"},\"inLanguage\":\"fr-FR\",\"potentialAction\":[{\"@type\":\"ReadAction\",\"target\":[\"https:\/\/huayuansh.com\/products\/industrial-rfid-tags\/rfid-agv-navigation-position-tag\/\"]}]},{\"@type\":\"ImageObject\",\"inLanguage\":\"fr-FR\",\"@id\":\"https:\/\/huayuansh.com\/products\/industrial-rfid-tags\/rfid-agv-navigation-position-tag\/#primaryimage\",\"url\":\"https:\/\/huayuansh.com\/wp-content\/uploads\/2024\/08\/RFID-AGV-Navigation-Position-Tag.webp\",\"contentUrl\":\"https:\/\/huayuansh.com\/wp-content\/uploads\/2024\/08\/RFID-AGV-Navigation-Position-Tag.webp\",\"width\":1920,\"height\":1080},{\"@type\":\"BreadcrumbList\",\"@id\":\"https:\/\/huayuansh.com\/products\/industrial-rfid-tags\/rfid-agv-navigation-position-tag\/#breadcrumb\",\"itemListElement\":[{\"@type\":\"ListItem\",\"position\":1,\"name\":\"Home\",\"item\":\"https:\/\/huayuansh.com\/\"},{\"@type\":\"ListItem\",\"position\":2,\"name\":\"RFID Products\",\"item\":\"https:\/\/huayuansh.com\/products\/\"},{\"@type\":\"ListItem\",\"position\":3,\"name\":\"Industrial RFID Tags\",\"item\":\"https:\/\/huayuansh.com\/products\/industrial-rfid-tags\/\"},{\"@type\":\"ListItem\",\"position\":4,\"name\":\"RFID AGV Navigation Position Tag\"}]},{\"@type\":\"WebSite\",\"@id\":\"https:\/\/huayuansh.com\/#website\",\"url\":\"https:\/\/huayuansh.com\/\",\"name\":\"HUAYUAN RFID Tag Manufacturer\",\"description\":\"HUAYUAN RFID Tag Manufacturer\",\"publisher\":{\"@id\":\"https:\/\/huayuansh.com\/#organization\"},\"potentialAction\":[{\"@type\":\"SearchAction\",\"target\":{\"@type\":\"EntryPoint\",\"urlTemplate\":\"https:\/\/huayuansh.com\/?s={search_term_string}\"},\"query-input\":{\"@type\":\"PropertyValueSpecification\",\"valueRequired\":true,\"valueName\":\"search_term_string\"}}],\"inLanguage\":\"fr-FR\"},{\"@type\":\"Organization\",\"@id\":\"https:\/\/huayuansh.com\/#organization\",\"name\":\"HUAYUAN RFID Tag Manufacturer\",\"url\":\"https:\/\/huayuansh.com\/\",\"logo\":{\"@type\":\"ImageObject\",\"inLanguage\":\"fr-FR\",\"@id\":\"https:\/\/huayuansh.com\/#\/schema\/logo\/image\/\",\"url\":\"https:\/\/huayuansh.com\/wp-content\/uploads\/2024\/09\/cropped-HUAYUAN.webp\",\"contentUrl\":\"https:\/\/huayuansh.com\/wp-content\/uploads\/2024\/09\/cropped-HUAYUAN.webp\",\"width\":895,\"height\":279,\"caption\":\"HUAYUAN RFID Tag Manufacturer\"},\"image\":{\"@id\":\"https:\/\/huayuansh.com\/#\/schema\/logo\/image\/\"}}]}<\/script>\n<!-- \/ Yoast SEO Premium plugin. -->","yoast_head_json":{"title":"RFID AGV Navigation Position Tag | HUAYUAN RFID Tag Manufacturer","description":"Les \u00e9tiquettes AGV HUAYUAN RFID sont id\u00e9ales pour les entrep\u00f4ts automatis\u00e9s, la logistique, la cha\u00eene d'approvisionnement, les syst\u00e8mes d'assemblage flexibles et d'autres sites de transport intelligents.","robots":{"index":"index","follow":"follow","max-snippet":"max-snippet:-1","max-image-preview":"max-image-preview:large","max-video-preview":"max-video-preview:-1"},"canonical":"https:\/\/huayuansh.com\/fr\/produits\/etiquettes-rfid-industrielles\/etiquette-rfid-de-position-de-navigation-pour-agv\/","og_locale":"fr_FR","og_type":"article","og_title":"RFID AGV Navigation Position Tag","og_description":"HUAYUAN RFID AGV tags are ideal for automated warehousing, logistics, supply chain, \ufb02exible assembly systems, and other intelligent transportation sites.","og_url":"https:\/\/huayuansh.com\/fr\/produits\/etiquettes-rfid-industrielles\/etiquette-rfid-de-position-de-navigation-pour-agv\/","og_site_name":"HUAYUAN RFID Tag Manufacturer","article_modified_time":"2024-08-08T07:26:09+00:00","og_image":[{"width":1920,"height":1080,"url":"https:\/\/huayuansh.com\/wp-content\/uploads\/2024\/08\/RFID-AGV-Navigation-Position-Tag.webp","type":"image\/webp"}],"twitter_card":"summary_large_image","twitter_misc":{"Dur\u00e9e de lecture estim\u00e9e":"3 minutes"},"schema":{"@context":"https:\/\/schema.org","@graph":[{"@type":"WebPage","@id":"https:\/\/huayuansh.com\/products\/industrial-rfid-tags\/rfid-agv-navigation-position-tag\/","url":"https:\/\/huayuansh.com\/products\/industrial-rfid-tags\/rfid-agv-navigation-position-tag\/","name":"RFID AGV Navigation Position Tag | HUAYUAN RFID Tag Manufacturer","isPartOf":{"@id":"https:\/\/huayuansh.com\/#website"},"primaryImageOfPage":{"@id":"https:\/\/huayuansh.com\/products\/industrial-rfid-tags\/rfid-agv-navigation-position-tag\/#primaryimage"},"image":{"@id":"https:\/\/huayuansh.com\/products\/industrial-rfid-tags\/rfid-agv-navigation-position-tag\/#primaryimage"},"thumbnailUrl":"https:\/\/huayuansh.com\/wp-content\/uploads\/2024\/08\/RFID-AGV-Navigation-Position-Tag.webp","datePublished":"2024-07-15T06:02:23+00:00","dateModified":"2024-08-08T07:26:09+00:00","description":"Les \u00e9tiquettes AGV HUAYUAN RFID sont id\u00e9ales pour les entrep\u00f4ts automatis\u00e9s, la logistique, la cha\u00eene d'approvisionnement, les syst\u00e8mes d'assemblage flexibles et d'autres sites de transport intelligents.","breadcrumb":{"@id":"https:\/\/huayuansh.com\/products\/industrial-rfid-tags\/rfid-agv-navigation-position-tag\/#breadcrumb"},"inLanguage":"fr-FR","potentialAction":[{"@type":"ReadAction","target":["https:\/\/huayuansh.com\/products\/industrial-rfid-tags\/rfid-agv-navigation-position-tag\/"]}]},{"@type":"ImageObject","inLanguage":"fr-FR","@id":"https:\/\/huayuansh.com\/products\/industrial-rfid-tags\/rfid-agv-navigation-position-tag\/#primaryimage","url":"https:\/\/huayuansh.com\/wp-content\/uploads\/2024\/08\/RFID-AGV-Navigation-Position-Tag.webp","contentUrl":"https:\/\/huayuansh.com\/wp-content\/uploads\/2024\/08\/RFID-AGV-Navigation-Position-Tag.webp","width":1920,"height":1080},{"@type":"BreadcrumbList","@id":"https:\/\/huayuansh.com\/products\/industrial-rfid-tags\/rfid-agv-navigation-position-tag\/#breadcrumb","itemListElement":[{"@type":"ListItem","position":1,"name":"Home","item":"https:\/\/huayuansh.com\/"},{"@type":"ListItem","position":2,"name":"RFID Products","item":"https:\/\/huayuansh.com\/products\/"},{"@type":"ListItem","position":3,"name":"Industrial RFID Tags","item":"https:\/\/huayuansh.com\/products\/industrial-rfid-tags\/"},{"@type":"ListItem","position":4,"name":"RFID AGV Navigation Position Tag"}]},{"@type":"WebSite","@id":"https:\/\/huayuansh.com\/#website","url":"https:\/\/huayuansh.com\/","name":"Fabricant d'\u00e9tiquettes RFID HUAYUAN","description":"Fabricant d'\u00e9tiquettes RFID HUAYUAN","publisher":{"@id":"https:\/\/huayuansh.com\/#organization"},"potentialAction":[{"@type":"SearchAction","target":{"@type":"EntryPoint","urlTemplate":"https:\/\/huayuansh.com\/?s={search_term_string}"},"query-input":{"@type":"PropertyValueSpecification","valueRequired":true,"valueName":"search_term_string"}}],"inLanguage":"fr-FR"},{"@type":"Organization","@id":"https:\/\/huayuansh.com\/#organization","name":"Fabricant d'\u00e9tiquettes RFID HUAYUAN","url":"https:\/\/huayuansh.com\/","logo":{"@type":"ImageObject","inLanguage":"fr-FR","@id":"https:\/\/huayuansh.com\/#\/schema\/logo\/image\/","url":"https:\/\/huayuansh.com\/wp-content\/uploads\/2024\/09\/cropped-HUAYUAN.webp","contentUrl":"https:\/\/huayuansh.com\/wp-content\/uploads\/2024\/09\/cropped-HUAYUAN.webp","width":895,"height":279,"caption":"HUAYUAN RFID Tag Manufacturer"},"image":{"@id":"https:\/\/huayuansh.com\/#\/schema\/logo\/image\/"}}]}},"taxonomy_info":[],"featured_image_src_large":["https:\/\/huayuansh.com\/wp-content\/uploads\/2024\/08\/RFID-AGV-Navigation-Position-Tag-1024x576.webp",1024,576,true],"author_info":{"display_name":"HUAYUAN","author_link":"https:\/\/huayuansh.com\/fr\/author\/shyec2024\/"},"comment_info":0,"_links":{"self":[{"href":"https:\/\/huayuansh.com\/fr\/wp-json\/wp\/v2\/pages\/3392","targetHints":{"allow":["GET"]}}],"collection":[{"href":"https:\/\/huayuansh.com\/fr\/wp-json\/wp\/v2\/pages"}],"about":[{"href":"https:\/\/huayuansh.com\/fr\/wp-json\/wp\/v2\/types\/page"}],"author":[{"embeddable":true,"href":"https:\/\/huayuansh.com\/fr\/wp-json\/wp\/v2\/users\/1"}],"replies":[{"embeddable":true,"href":"https:\/\/huayuansh.com\/fr\/wp-json\/wp\/v2\/comments?post=3392"}],"version-history":[{"count":3,"href":"https:\/\/huayuansh.com\/fr\/wp-json\/wp\/v2\/pages\/3392\/revisions"}],"predecessor-version":[{"id":3627,"href":"https:\/\/huayuansh.com\/fr\/wp-json\/wp\/v2\/pages\/3392\/revisions\/3627"}],"up":[{"embeddable":true,"href":"https:\/\/huayuansh.com\/fr\/wp-json\/wp\/v2\/pages\/854"}],"wp:featuredmedia":[{"embeddable":true,"href":"https:\/\/huayuansh.com\/fr\/wp-json\/wp\/v2\/media\/3625"}],"wp:attachment":[{"href":"https:\/\/huayuansh.com\/fr\/wp-json\/wp\/v2\/media?parent=3392"}],"curies":[{"name":"wp","href":"https:\/\/api.w.org\/{rel}","templated":true}]}}