{"id":3398,"date":"2024-07-15T14:24:18","date_gmt":"2024-07-15T06:24:18","guid":{"rendered":"https:\/\/huayuansh.com\/?page_id=3398"},"modified":"2025-04-27T09:47:57","modified_gmt":"2025-04-27T01:47:57","slug":"bouton-rfid-pour-blanchisserie-hlb","status":"publish","type":"page","link":"https:\/\/huayuansh.com\/fr\/produits\/etiquettes-linge-rfid\/bouton-rfid-pour-blanchisserie-hlb\/","title":{"rendered":"Bouton de lavage RFID HLB"},"content":{"rendered":"<p>Le bouton de blanchisserie RFID, \u00e9galement connu sous le nom d'\u00e9tiquette de blanchisserie RFID PPS, est sp\u00e9cialement con\u00e7u pour les applications n\u00e9cessitant une \u00e9tiquette robuste capable de r\u00e9sister \u00e0 des environnements de travail difficiles. Actuellement, la plupart des transpondeurs de blanchisserie UHF sont utilis\u00e9s sur le march\u00e9, mais certaines sc\u00e8nes ont \u00e9galement besoin d'utiliser des \u00e9tiquettes de blanchisserie NFC qui prennent en charge les applications de t\u00e9l\u00e9phonie mobile. Les transpondeurs de blanchisserie RFID bouton r\u00e9pondent parfaitement aux besoins susmentionn\u00e9s et sont largement utilis\u00e9s pour l'identification et le suivi du linge industriel et des textiles dans les h\u00f4tels, les h\u00f4pitaux et les entreprises de location de linge.<\/p>\n\n\n\n<p>HLB serial robust industrial overmolding RFID \/ NFC button est une s\u00e9lection d'\u00e9tiquettes industrielles de blanchisserie RFID \/ NFC destin\u00e9es \u00e0 la tra\u00e7abilit\u00e9 et au suivi du cycle de vie des textiles. Il est r\u00e9pertori\u00e9 dans la cat\u00e9gorie des produits de HUAYUAN depuis 2006. Les boutons de blanchisserie RFID HLB peuvent \u00eatre install\u00e9s par couture dans l'ourlet ou cousus sur n'importe quel textile comme un bouton normal. Il s'agit de la structure RFID \/ NFC la plus durable avec une encapsulation ultra robuste, de taille mini, une grande r\u00e9sistance \u00e0 la chaleur, au d\u00e9tergent liquide et \u00e0 la haute pression dans les environnements de blanchisserie industrielle difficiles et une garantie. <strong>200 cycles de lavage industriel ou 2 ans de travail<\/strong>. <\/p>\n\n\n\n<h2 class=\"wp-block-heading\" id=\"h-advantages-at-a-glance-of-nfc-laundry-buttons\">Les avantages des boutons de lavage NFC en un coup d'\u0153il<\/h2>\n\n\n\n<p>L'utilisation de boutons de blanchisserie RFID NFC pr\u00e9sente un certain nombre d'avantages, notamment<\/p>\n\n\n\n<p><strong>1, Gestion pr\u00e9cise des stocks<\/strong>: L'utilisation de boutons de blanchisserie RFID NFC permet une gestion pr\u00e9cise des stocks. Les boutons peuvent \u00eatre facilement attach\u00e9s aux articles de blanchisserie et peuvent \u00eatre suivis \u00e0 l'aide de lecteurs RFID, ce qui permet d'identifier les articles et d'assurer le suivi de l'inventaire. Il n'est donc plus n\u00e9cessaire de proc\u00e9der \u00e0 un comptage manuel, ce qui r\u00e9duit les risques d'erreur.<\/p>\n\n\n\n<p><strong>2, Efficacit\u00e9 accrue<\/strong>: Les boutons de blanchisserie RFID NFC permettent d'am\u00e9liorer l'efficacit\u00e9 des op\u00e9rations de blanchisserie. L'utilisation de ces boutons \u00e9limine le besoin de comptage manuel, ce qui permet de gagner du temps et de r\u00e9duire les co\u00fbts de main-d'\u0153uvre. La technologie permet \u00e9galement de g\u00e9rer les stocks en temps r\u00e9el, ce qui aide \u00e0 prendre des d\u00e9cisions \u00e9clair\u00e9es en mati\u00e8re de r\u00e9approvisionnement et de gestion des stocks.<\/p>\n\n\n\n<p><strong>3, Un meilleur contr\u00f4le de la qualit\u00e9<\/strong>: L'utilisation de boutons de lavage RFID NFC permet d'am\u00e9liorer le contr\u00f4le de la qualit\u00e9. La technologie fournit un historique d\u00e9taill\u00e9 de chaque article de blanchisserie, y compris des informations sur la date du dernier lavage, ce qui contribue au maintien des normes d'hygi\u00e8ne. Le suivi permet \u00e9galement d'identifier les articles endommag\u00e9s, qui peuvent \u00eatre retir\u00e9s de la circulation pour maintenir la qualit\u00e9.<\/p>\n\n\n\n<p><strong>4, Acc\u00e8s mobile<\/strong>: La fonction NFC des boutons de blanchisserie RFID NFC permet un acc\u00e8s mobile. Cela signifie que les op\u00e9rations de blanchisserie peuvent \u00eatre contr\u00f4l\u00e9es et g\u00e9r\u00e9es \u00e0 l'aide d'un t\u00e9l\u00e9phone portable, ce qui facilite le suivi des stocks et la gestion des op\u00e9rations \u00e0 distance.<\/p>\n\n\n\n<p><strong>5, R\u00e9sistance aux temp\u00e9ratures et pressions \u00e9lev\u00e9es<\/strong>: Les boutons de lavage RFID NFC sont con\u00e7us pour r\u00e9sister \u00e0 des temp\u00e9ratures et \u00e0 des pressions \u00e9lev\u00e9es, ce qui les rend id\u00e9aux pour une utilisation dans des environnements de lavage industriel. Cela permet de garantir que le bouton n'est pas endommag\u00e9 pendant le processus de lavage.<\/p>\n\n\n\n<p>Dans l'ensemble, les boutons de blanchisserie RFID sont d'excellentes solutions pour les syst\u00e8mes de blanchisserie commerciale qui n\u00e9cessitent un suivi et une documentation pr\u00e9cis des stocks. Ces technologies permettent de contr\u00f4ler les stocks en temps r\u00e9el, d'\u00e9liminer le comptage manuel et de rationaliser les op\u00e9rations de blanchisserie, ce qui se traduit par une plus grande efficacit\u00e9 et des \u00e9conomies.<\/p>\n\n\n\n<h2 class=\"wp-block-heading\" id=\"h-specifications-of-hlb-rfid-laundry-button\">Sp\u00e9cifications du bouton de lavage HLB RFID<\/h2>\n\n\n\n<figure class=\"wp-block-table\"><table><tbody><tr><td>Mat\u00e9riau<\/td><td>PPS<\/td><\/tr><tr><td>Dimension<\/td><td>Dia. 24,5\/15mm<br>HLB-P24.5 \/ HLB-P15<br>(Des tailles sur mesure sont disponibles)<\/td><\/tr><tr><td>Couleur<\/td><td>Noir par d\u00e9faut ; pour d'autres couleurs, le MOQ est de 10000pcs.<\/td><\/tr><tr><td>Indice de protection IP<\/td><td>IP68<\/td><\/tr><tr><td>Temp\u00e9rature de fonctionnement<\/td><td>-30\u00b0C ~ +200\u00b0C<\/td><\/tr><tr><td>Temp\u00e9rature maximale<\/td><td>160\u00b0C 3h, 220\u00b0C 30min<\/td><\/tr><tr><td>Application<\/td><td>- Application de blanchisserie<br>- Suivi des biens<br>- Identification de l'article<br>- Am\u00e9lioration du d\u00e9roulement des op\u00e9rations<\/td><\/tr><tr><td>Stabilit\u00e9 m\u00e9canique<\/td><td>R\u00e9sistance \u00e0 la compression axiale : 1000N<br>R\u00e9sistance \u00e0 la compression radiale : 500N<\/td><\/tr><tr><td>R\u00e9sistance chimique<\/td><td>Produits chimiques typiques utilis\u00e9s dans les processus de blanchisserie et de nettoyage \u00e0 sec<\/td><\/tr><tr><td>Garantie des cycles de lavage<\/td><td>200 cycles<\/td><\/tr><tr><td>Puce<\/td><td>LF\/HF<\/td><\/tr><tr><td>Fr\u00e9quence<\/td><td>125KHz\/13,56MHz<\/td><\/tr><tr><td>Gamme de lecture<\/td><td>LF : 3-10 CM<br>HF : 1-50 CM<\/td><\/tr><\/tbody><\/table><\/figure>\n\n\n\n<h5 class=\"wp-block-heading\" id=\"h-get-in-touch\"><strong>Prendre contact<\/strong><\/h5>\n\n\n\n<p>Pour plus d'informations sur les \u00e9tiquettes RFID pour boutons de lavage de Huayuan. Veuillez contacter notre \u00e9quipe de vente.<\/p>\n\n\n<style>.wp-block-kadence-advancedbtn.kb-btns3398_28d124-96{gap:var(--global-kb-gap-xs, 0.5rem );justify-content:flex-start;align-items:center;}.kt-btns3398_28d124-96 .kt-button{font-weight:normal;font-style:normal;}.kt-btns3398_28d124-96 .kt-btn-wrap-0{margin-right:5px;}.wp-block-kadence-advancedbtn.kt-btns3398_28d124-96 .kt-btn-wrap-0 .kt-button{color:#555555;border-color:#555555;}.wp-block-kadence-advancedbtn.kt-btns3398_28d124-96 .kt-btn-wrap-0 .kt-button:hover, .wp-block-kadence-advancedbtn.kt-btns3398_28d124-96 .kt-btn-wrap-0 .kt-button:focus{color:#ffffff;border-color:#444444;}.wp-block-kadence-advancedbtn.kt-btns3398_28d124-96 .kt-btn-wrap-0 .kt-button::before{display:none;}.wp-block-kadence-advancedbtn.kt-btns3398_28d124-96 .kt-btn-wrap-0 .kt-button:hover, .wp-block-kadence-advancedbtn.kt-btns3398_28d124-96 .kt-btn-wrap-0 .kt-button:focus{background:#444444;}<\/style>\n<div class=\"wp-block-kadence-advancedbtn kb-buttons-wrap kb-btns3398_28d124-96\"><style>ul.menu .wp-block-kadence-advancedbtn .kb-btn3398_8d4733-50.kb-button{width:initial;}<\/style><a class=\"kb-button kt-button button kb-btn3398_8d4733-50 kt-btn-size-standard kt-btn-width-type-auto kb-btn-global-inherit  kt-btn-has-text-true kt-btn-has-svg-false  wp-block-button__link wp-block-kadence-singlebtn\" href=\"https:\/\/huayuansh.com\/contact-us\/\"><span class=\"kt-btn-inner-text\">Nous contacter<\/span><\/a><\/div>","protected":false},"excerpt":{"rendered":"<p>Le bouton de blanchisserie RFID, \u00e9galement connu sous le nom d'\u00e9tiquette de blanchisserie RFID PPS, est sp\u00e9cialement con\u00e7u pour les applications n\u00e9cessitant une \u00e9tiquette robuste capable de r\u00e9sister \u00e0 des environnements de travail difficiles. Actuellement, la plupart des transpondeurs de blanchisserie UHF sont utilis\u00e9s sur le march\u00e9, mais certaines sc\u00e8nes ont \u00e9galement besoin d'utiliser des \u00e9tiquettes de blanchisserie NFC qui prennent en charge les applications de t\u00e9l\u00e9phonie mobile. Le bouton RFID...<\/p>","protected":false},"author":1,"featured_media":3689,"parent":1003,"menu_order":0,"comment_status":"closed","ping_status":"closed","template":"","meta":{"_kad_blocks_custom_css":"","_kad_blocks_head_custom_js":"","_kad_blocks_body_custom_js":"","_kad_blocks_footer_custom_js":"","_kadence_starter_templates_imported_post":false,"_kad_post_transparent":"","_kad_post_title":"","_kad_post_layout":"","_kad_post_sidebar_id":"","_kad_post_content_style":"","_kad_post_vertical_padding":"","_kad_post_feature":"","_kad_post_feature_position":"","_kad_post_header":false,"_kad_post_footer":false,"footnotes":""},"class_list":["post-3398","page","type-page","status-publish","has-post-thumbnail","hentry"],"yoast_head":"<!-- This site is optimized with the Yoast SEO Premium plugin v23.0 (Yoast SEO v26.3) - https:\/\/yoast.com\/wordpress\/plugins\/seo\/ -->\n<title>HLB RFID Laundry Button | HUAYUAN RFID Tag Manufacturer<\/title>\n<meta name=\"description\" content=\"HLB RFID laundry button is the most common one of the RFID laundry tags, which is small size and shaped in button, suit for workwears...\" \/>\n<meta name=\"robots\" content=\"index, follow, max-snippet:-1, max-image-preview:large, max-video-preview:-1\" \/>\n<link rel=\"canonical\" href=\"https:\/\/huayuansh.com\/fr\/produits\/etiquettes-linge-rfid\/bouton-rfid-pour-blanchisserie-hlb\/\" \/>\n<meta property=\"og:locale\" content=\"fr_FR\" \/>\n<meta property=\"og:type\" content=\"article\" \/>\n<meta property=\"og:title\" content=\"HLB RFID Laundry Button\" \/>\n<meta property=\"og:description\" content=\"HLB RFID laundry button is the most common one of the RFID laundry tags, which is small size and shaped in button, suit for workwears...\" \/>\n<meta property=\"og:url\" content=\"https:\/\/huayuansh.com\/fr\/produits\/etiquettes-linge-rfid\/bouton-rfid-pour-blanchisserie-hlb\/\" \/>\n<meta property=\"og:site_name\" content=\"HUAYUAN RFID Tag Manufacturer\" \/>\n<meta property=\"article:modified_time\" content=\"2025-04-27T01:47:57+00:00\" \/>\n<meta property=\"og:image\" content=\"https:\/\/huayuansh.com\/wp-content\/uploads\/2024\/08\/HLB-RFID-Laundry-Button.webp\" \/>\n\t<meta property=\"og:image:width\" content=\"1920\" \/>\n\t<meta property=\"og:image:height\" content=\"1080\" \/>\n\t<meta property=\"og:image:type\" content=\"image\/webp\" \/>\n<meta name=\"twitter:card\" content=\"summary_large_image\" \/>\n<meta name=\"twitter:label1\" content=\"Dur\u00e9e de lecture estim\u00e9e\" \/>\n\t<meta name=\"twitter:data1\" content=\"3 minutes\" \/>\n<script type=\"application\/ld+json\" class=\"yoast-schema-graph\">{\"@context\":\"https:\/\/schema.org\",\"@graph\":[{\"@type\":\"WebPage\",\"@id\":\"https:\/\/huayuansh.com\/products\/rfid-laundry-tags\/hlb-rfid-laundry-button\/\",\"url\":\"https:\/\/huayuansh.com\/products\/rfid-laundry-tags\/hlb-rfid-laundry-button\/\",\"name\":\"HLB RFID Laundry Button | HUAYUAN RFID Tag Manufacturer\",\"isPartOf\":{\"@id\":\"https:\/\/huayuansh.com\/#website\"},\"primaryImageOfPage\":{\"@id\":\"https:\/\/huayuansh.com\/products\/rfid-laundry-tags\/hlb-rfid-laundry-button\/#primaryimage\"},\"image\":{\"@id\":\"https:\/\/huayuansh.com\/products\/rfid-laundry-tags\/hlb-rfid-laundry-button\/#primaryimage\"},\"thumbnailUrl\":\"https:\/\/huayuansh.com\/wp-content\/uploads\/2024\/08\/HLB-RFID-Laundry-Button.webp\",\"datePublished\":\"2024-07-15T06:24:18+00:00\",\"dateModified\":\"2025-04-27T01:47:57+00:00\",\"description\":\"HLB RFID laundry button is the most common one of the RFID laundry tags, which is small size and shaped in button, suit for workwears...\",\"breadcrumb\":{\"@id\":\"https:\/\/huayuansh.com\/products\/rfid-laundry-tags\/hlb-rfid-laundry-button\/#breadcrumb\"},\"inLanguage\":\"fr-FR\",\"potentialAction\":[{\"@type\":\"ReadAction\",\"target\":[\"https:\/\/huayuansh.com\/products\/rfid-laundry-tags\/hlb-rfid-laundry-button\/\"]}]},{\"@type\":\"ImageObject\",\"inLanguage\":\"fr-FR\",\"@id\":\"https:\/\/huayuansh.com\/products\/rfid-laundry-tags\/hlb-rfid-laundry-button\/#primaryimage\",\"url\":\"https:\/\/huayuansh.com\/wp-content\/uploads\/2024\/08\/HLB-RFID-Laundry-Button.webp\",\"contentUrl\":\"https:\/\/huayuansh.com\/wp-content\/uploads\/2024\/08\/HLB-RFID-Laundry-Button.webp\",\"width\":1920,\"height\":1080},{\"@type\":\"BreadcrumbList\",\"@id\":\"https:\/\/huayuansh.com\/products\/rfid-laundry-tags\/hlb-rfid-laundry-button\/#breadcrumb\",\"itemListElement\":[{\"@type\":\"ListItem\",\"position\":1,\"name\":\"Home\",\"item\":\"https:\/\/huayuansh.com\/\"},{\"@type\":\"ListItem\",\"position\":2,\"name\":\"RFID Products\",\"item\":\"https:\/\/huayuansh.com\/products\/\"},{\"@type\":\"ListItem\",\"position\":3,\"name\":\"RFID Laundry Tags\",\"item\":\"https:\/\/huayuansh.com\/products\/rfid-laundry-tags\/\"},{\"@type\":\"ListItem\",\"position\":4,\"name\":\"HLB RFID Laundry Button\"}]},{\"@type\":\"WebSite\",\"@id\":\"https:\/\/huayuansh.com\/#website\",\"url\":\"https:\/\/huayuansh.com\/\",\"name\":\"HUAYUAN RFID Tag Manufacturer\",\"description\":\"HUAYUAN RFID Tag Manufacturer\",\"publisher\":{\"@id\":\"https:\/\/huayuansh.com\/#organization\"},\"potentialAction\":[{\"@type\":\"SearchAction\",\"target\":{\"@type\":\"EntryPoint\",\"urlTemplate\":\"https:\/\/huayuansh.com\/?s={search_term_string}\"},\"query-input\":{\"@type\":\"PropertyValueSpecification\",\"valueRequired\":true,\"valueName\":\"search_term_string\"}}],\"inLanguage\":\"fr-FR\"},{\"@type\":\"Organization\",\"@id\":\"https:\/\/huayuansh.com\/#organization\",\"name\":\"HUAYUAN RFID Tag Manufacturer\",\"url\":\"https:\/\/huayuansh.com\/\",\"logo\":{\"@type\":\"ImageObject\",\"inLanguage\":\"fr-FR\",\"@id\":\"https:\/\/huayuansh.com\/#\/schema\/logo\/image\/\",\"url\":\"https:\/\/huayuansh.com\/wp-content\/uploads\/2024\/09\/cropped-HUAYUAN.webp\",\"contentUrl\":\"https:\/\/huayuansh.com\/wp-content\/uploads\/2024\/09\/cropped-HUAYUAN.webp\",\"width\":895,\"height\":279,\"caption\":\"HUAYUAN RFID Tag Manufacturer\"},\"image\":{\"@id\":\"https:\/\/huayuansh.com\/#\/schema\/logo\/image\/\"}}]}<\/script>\n<!-- \/ Yoast SEO Premium plugin. -->","yoast_head_json":{"title":"Bouton de lavage HLB RFID | Fabricant d'\u00e9tiquettes RFID HUAYUAN","description":"Le bouton de lavage RFID HLB est l'\u00e9tiquette de lavage RFID la plus courante. De petite taille et en forme de bouton, il convient aux v\u00eatements de travail...","robots":{"index":"index","follow":"follow","max-snippet":"max-snippet:-1","max-image-preview":"max-image-preview:large","max-video-preview":"max-video-preview:-1"},"canonical":"https:\/\/huayuansh.com\/fr\/produits\/etiquettes-linge-rfid\/bouton-rfid-pour-blanchisserie-hlb\/","og_locale":"fr_FR","og_type":"article","og_title":"HLB RFID Laundry Button","og_description":"HLB RFID laundry button is the most common one of the RFID laundry tags, which is small size and shaped in button, suit for workwears...","og_url":"https:\/\/huayuansh.com\/fr\/produits\/etiquettes-linge-rfid\/bouton-rfid-pour-blanchisserie-hlb\/","og_site_name":"HUAYUAN RFID Tag Manufacturer","article_modified_time":"2025-04-27T01:47:57+00:00","og_image":[{"width":1920,"height":1080,"url":"https:\/\/huayuansh.com\/wp-content\/uploads\/2024\/08\/HLB-RFID-Laundry-Button.webp","type":"image\/webp"}],"twitter_card":"summary_large_image","twitter_misc":{"Dur\u00e9e de lecture estim\u00e9e":"3 minutes"},"schema":{"@context":"https:\/\/schema.org","@graph":[{"@type":"WebPage","@id":"https:\/\/huayuansh.com\/products\/rfid-laundry-tags\/hlb-rfid-laundry-button\/","url":"https:\/\/huayuansh.com\/products\/rfid-laundry-tags\/hlb-rfid-laundry-button\/","name":"Bouton de lavage HLB RFID | Fabricant d'\u00e9tiquettes RFID HUAYUAN","isPartOf":{"@id":"https:\/\/huayuansh.com\/#website"},"primaryImageOfPage":{"@id":"https:\/\/huayuansh.com\/products\/rfid-laundry-tags\/hlb-rfid-laundry-button\/#primaryimage"},"image":{"@id":"https:\/\/huayuansh.com\/products\/rfid-laundry-tags\/hlb-rfid-laundry-button\/#primaryimage"},"thumbnailUrl":"https:\/\/huayuansh.com\/wp-content\/uploads\/2024\/08\/HLB-RFID-Laundry-Button.webp","datePublished":"2024-07-15T06:24:18+00:00","dateModified":"2025-04-27T01:47:57+00:00","description":"Le bouton de lavage RFID HLB est l'\u00e9tiquette de lavage RFID la plus courante. De petite taille et en forme de bouton, il convient aux v\u00eatements de travail...","breadcrumb":{"@id":"https:\/\/huayuansh.com\/products\/rfid-laundry-tags\/hlb-rfid-laundry-button\/#breadcrumb"},"inLanguage":"fr-FR","potentialAction":[{"@type":"ReadAction","target":["https:\/\/huayuansh.com\/products\/rfid-laundry-tags\/hlb-rfid-laundry-button\/"]}]},{"@type":"ImageObject","inLanguage":"fr-FR","@id":"https:\/\/huayuansh.com\/products\/rfid-laundry-tags\/hlb-rfid-laundry-button\/#primaryimage","url":"https:\/\/huayuansh.com\/wp-content\/uploads\/2024\/08\/HLB-RFID-Laundry-Button.webp","contentUrl":"https:\/\/huayuansh.com\/wp-content\/uploads\/2024\/08\/HLB-RFID-Laundry-Button.webp","width":1920,"height":1080},{"@type":"BreadcrumbList","@id":"https:\/\/huayuansh.com\/products\/rfid-laundry-tags\/hlb-rfid-laundry-button\/#breadcrumb","itemListElement":[{"@type":"ListItem","position":1,"name":"Home","item":"https:\/\/huayuansh.com\/"},{"@type":"ListItem","position":2,"name":"RFID Products","item":"https:\/\/huayuansh.com\/products\/"},{"@type":"ListItem","position":3,"name":"RFID Laundry Tags","item":"https:\/\/huayuansh.com\/products\/rfid-laundry-tags\/"},{"@type":"ListItem","position":4,"name":"HLB RFID Laundry Button"}]},{"@type":"WebSite","@id":"https:\/\/huayuansh.com\/#website","url":"https:\/\/huayuansh.com\/","name":"Fabricant d'\u00e9tiquettes RFID HUAYUAN","description":"Fabricant d'\u00e9tiquettes RFID HUAYUAN","publisher":{"@id":"https:\/\/huayuansh.com\/#organization"},"potentialAction":[{"@type":"SearchAction","target":{"@type":"EntryPoint","urlTemplate":"https:\/\/huayuansh.com\/?s={search_term_string}"},"query-input":{"@type":"PropertyValueSpecification","valueRequired":true,"valueName":"search_term_string"}}],"inLanguage":"fr-FR"},{"@type":"Organization","@id":"https:\/\/huayuansh.com\/#organization","name":"Fabricant d'\u00e9tiquettes RFID HUAYUAN","url":"https:\/\/huayuansh.com\/","logo":{"@type":"ImageObject","inLanguage":"fr-FR","@id":"https:\/\/huayuansh.com\/#\/schema\/logo\/image\/","url":"https:\/\/huayuansh.com\/wp-content\/uploads\/2024\/09\/cropped-HUAYUAN.webp","contentUrl":"https:\/\/huayuansh.com\/wp-content\/uploads\/2024\/09\/cropped-HUAYUAN.webp","width":895,"height":279,"caption":"HUAYUAN RFID Tag Manufacturer"},"image":{"@id":"https:\/\/huayuansh.com\/#\/schema\/logo\/image\/"}}]}},"taxonomy_info":[],"featured_image_src_large":["https:\/\/huayuansh.com\/wp-content\/uploads\/2024\/08\/HLB-RFID-Laundry-Button-1024x576.webp",1024,576,true],"author_info":{"display_name":"HUAYUAN","author_link":"https:\/\/huayuansh.com\/fr\/author\/shyec2024\/"},"comment_info":0,"_links":{"self":[{"href":"https:\/\/huayuansh.com\/fr\/wp-json\/wp\/v2\/pages\/3398","targetHints":{"allow":["GET"]}}],"collection":[{"href":"https:\/\/huayuansh.com\/fr\/wp-json\/wp\/v2\/pages"}],"about":[{"href":"https:\/\/huayuansh.com\/fr\/wp-json\/wp\/v2\/types\/page"}],"author":[{"embeddable":true,"href":"https:\/\/huayuansh.com\/fr\/wp-json\/wp\/v2\/users\/1"}],"replies":[{"embeddable":true,"href":"https:\/\/huayuansh.com\/fr\/wp-json\/wp\/v2\/comments?post=3398"}],"version-history":[{"count":4,"href":"https:\/\/huayuansh.com\/fr\/wp-json\/wp\/v2\/pages\/3398\/revisions"}],"predecessor-version":[{"id":4157,"href":"https:\/\/huayuansh.com\/fr\/wp-json\/wp\/v2\/pages\/3398\/revisions\/4157"}],"up":[{"embeddable":true,"href":"https:\/\/huayuansh.com\/fr\/wp-json\/wp\/v2\/pages\/1003"}],"wp:featuredmedia":[{"embeddable":true,"href":"https:\/\/huayuansh.com\/fr\/wp-json\/wp\/v2\/media\/3689"}],"wp:attachment":[{"href":"https:\/\/huayuansh.com\/fr\/wp-json\/wp\/v2\/media?parent=3398"}],"curies":[{"name":"wp","href":"https:\/\/api.w.org\/{rel}","templated":true}]}}