{"id":3400,"date":"2024-07-15T14:26:33","date_gmt":"2024-07-15T06:26:33","guid":{"rendered":"https:\/\/huayuansh.com\/?page_id=3400"},"modified":"2024-08-20T15:20:27","modified_gmt":"2024-08-20T07:20:27","slug":"etiquette-rfid-uhf-en-silicone-pour-blanchisserie-hst","status":"publish","type":"page","link":"https:\/\/huayuansh.com\/fr\/produits\/etiquettes-linge-rfid\/etiquette-rfid-uhf-en-silicone-pour-blanchisserie-hst\/","title":{"rendered":"Etiquette de blanchisserie HST en silicone UHF"},"content":{"rendered":"<p>L'\u00e9tiquette de blanchisserie en silicone HUAYUAN HST RAIN RFID est une invention de pointe pour le suivi automatique et l'inventaire dans les applications de blanchisserie. Les \u00e9tiquettes RFID en s\u00e9rie HST sont minces, flexibles, douces et lisses, r\u00e9sistantes aux liquides chimiques, \u00e0 la chaleur et \u00e0 la force. Elles int\u00e8grent un transpondeur RFID robuste pour r\u00e9sister \u00e0 200 lavages en tambour et s\u00e9chages \u00e0 chaud, nettoyages et repassages. Les \u00e9tiquettes de blanchisserie RFID en silicone HST-5512 sont g\u00e9n\u00e9ralement utilis\u00e9es pour le suivi de la blanchisserie industrielle et peuvent \u00eatre facilement int\u00e9gr\u00e9es sur les machines \u00e0 laver.&nbsp;<strong>linge de maison<\/strong>,&nbsp;<strong>chemisiers<\/strong>,&nbsp;<strong>serviettes<\/strong>,&nbsp;<strong>uniformes m\u00e9dicaux<\/strong>&nbsp;d'autres mat\u00e9riaux textiles.<\/p>\n\n\n\n<div class=\"wp-block-columns are-vertically-aligned-center is-layout-flex wp-container-core-columns-is-layout-9d6595d7 wp-block-columns-is-layout-flex\">\n<div class=\"wp-block-column is-vertically-aligned-center is-layout-flow wp-block-column-is-layout-flow\" style=\"flex-basis:60%\">\n<h2 class=\"wp-block-heading\" id=\"h-key-features\">Caract\u00e9ristiques principales<\/h2>\n\n\n\n<ul class=\"wp-block-list\">\n<li>Mince, souple et flexible<\/li>\n\n\n\n<li>Imperm\u00e9able, r\u00e9sistant aux solutions chimiques<\/li>\n\n\n\n<li>R\u00e9sistant \u00e0 200 lavages, s\u00e9chages, nettoyages et repassages.<\/li>\n\n\n\n<li>Performances exceptionnelles en mati\u00e8re de chaleur et d'environnement hostile<\/li>\n<\/ul>\n<\/div>\n\n\n\n<div class=\"wp-block-column is-vertically-aligned-center is-layout-flow wp-block-column-is-layout-flow\" style=\"flex-basis:40%\">\n<figure class=\"wp-block-image size-full\"><img loading=\"lazy\" decoding=\"async\" width=\"600\" height=\"600\" src=\"https:\/\/huayuansh.com\/wp-content\/uploads\/2024\/08\/HST-5512-Silicone-RFID-Laundry-Tag.webp\" alt=\"\" class=\"wp-image-3703\" style=\"aspect-ratio:3\/2;object-fit:cover\" srcset=\"https:\/\/huayuansh.com\/wp-content\/uploads\/2024\/08\/HST-5512-Silicone-RFID-Laundry-Tag.webp 600w, https:\/\/huayuansh.com\/wp-content\/uploads\/2024\/08\/HST-5512-Silicone-RFID-Laundry-Tag-300x300.webp 300w, https:\/\/huayuansh.com\/wp-content\/uploads\/2024\/08\/HST-5512-Silicone-RFID-Laundry-Tag-150x150.webp 150w\" sizes=\"auto, (max-width: 600px) 100vw, 600px\" \/><\/figure>\n<\/div>\n<\/div>\n\n\n\n<h2 class=\"wp-block-heading\" id=\"h-specification-of-silicone-rfid-laundrychip\">Sp\u00e9cifications de la puce de lavage RFID en silicone<\/h2>\n\n\n\n<figure class=\"wp-block-table\"><table><tbody><tr><td>Objet<\/td><td>Etiquette de blanchisserie en silicone UHF RFID flexible et mince<\/td><\/tr><tr><td>Mat\u00e9riau<\/td><td>Silicone<\/td><\/tr><tr><td>Dimension<\/td><td>55x12X1,7mm<\/td><\/tr><tr><td>Fr\u00e9quence<\/td><td>860-960MHz<\/td><\/tr><tr><td>Puce<\/td><td>Monza R6-P, UCODE 8, UCODE 9<\/td><\/tr><tr><td>M\u00e9moire EPC<\/td><td>96 bits, 128 bits<\/td><\/tr><tr><td>Utilisation du temps<\/td><td>Au moins 200 fois<\/td><\/tr><tr><td>Indice de protection IP<\/td><td>IP68<\/td><\/tr><tr><td>Plage de lecture test\u00e9e<\/td><td>Jusqu'\u00e0 6 m<\/td><\/tr><tr><td>Performance du cycle de lavage<\/td><td>Lavage : +60\u00b0C (140\u00b0F) \/ 10 minutes<br>S\u00e9chage : +60\u00b0C (140\u00b0F) \/ 30 minutes<br>Presse \u00e0 extraire l'eau : 60 bars<br>Processus de st\u00e9rilisation : +121\u00b0C (250\u00b0F) \/ 15 minutes<\/td><\/tr><tr><td>Artisanat<\/td><td>Gravure laser d'un num\u00e9ro ou d'un logo, encodage d'une puce<\/td><\/tr><\/tbody><\/table><\/figure>\n\n\n\n<h3 class=\"wp-block-heading\" id=\"h-applications-of-washable-silicone-uhf-rfid-laundry-tag\">Applications de l'\u00e9tiquette de blanchisserie lavable en silicone UHF RFID<\/h3>\n\n\n\n<ul class=\"wp-block-list\">\n<li>Suivi du linge et des v\u00eatements m\u00e9dicaux dans les h\u00f4pitaux et les \u00e9tablissements de soins de sant\u00e9<\/li>\n\n\n\n<li>Industrie du linge, industrie des EPI, location de linge, blanchisserie industrielle<\/li>\n\n\n\n<li>Suivi du linge d'h\u00f4tel, des serviettes, des v\u00eatements de travail, des uniformes, des blouses, des lingettes et des serpilli\u00e8res<\/li>\n<\/ul>\n\n\n\n<h5 class=\"wp-block-heading\" id=\"h-get-in-touch\">Prendre contact<\/h5>\n\n\n\n<p>\u00c0 l'heure actuelle, nous coop\u00e9rons avec de nombreuses soci\u00e9t\u00e9s de location de fournitures h\u00f4teli\u00e8res pour fournir des \u00e9tiquettes de blanchisserie en silicone. Nous g\u00e9rons principalement la location de serviettes, de draps de bain, de couvertures et d'autres produits pour les h\u00f4tels, et des fabricants de cuir de renomm\u00e9e internationale int\u00e8grent l'\u00e9tiquette de blanchisserie RFID en silicone dans leurs produits afin d'en assurer le tra\u00e7age et la tra\u00e7abilit\u00e9.<\/p>\n\n\n<style>.wp-block-kadence-advancedbtn.kb-btns3400_db6f55-8e{gap:var(--global-kb-gap-xs, 0.5rem );justify-content:flex-start;align-items:center;}.kt-btns3400_db6f55-8e .kt-button{font-weight:normal;font-style:normal;}.kt-btns3400_db6f55-8e .kt-btn-wrap-0{margin-right:5px;}.wp-block-kadence-advancedbtn.kt-btns3400_db6f55-8e .kt-btn-wrap-0 .kt-button{color:#555555;border-color:#555555;}.wp-block-kadence-advancedbtn.kt-btns3400_db6f55-8e .kt-btn-wrap-0 .kt-button:hover, .wp-block-kadence-advancedbtn.kt-btns3400_db6f55-8e .kt-btn-wrap-0 .kt-button:focus{color:#ffffff;border-color:#444444;}.wp-block-kadence-advancedbtn.kt-btns3400_db6f55-8e .kt-btn-wrap-0 .kt-button::before{display:none;}.wp-block-kadence-advancedbtn.kt-btns3400_db6f55-8e .kt-btn-wrap-0 .kt-button:hover, .wp-block-kadence-advancedbtn.kt-btns3400_db6f55-8e .kt-btn-wrap-0 .kt-button:focus{background:#444444;}<\/style>\n<div class=\"wp-block-kadence-advancedbtn kb-buttons-wrap kb-btns3400_db6f55-8e\"><style>ul.menu .wp-block-kadence-advancedbtn .kb-btn3400_8eff04-1f.kb-button{width:initial;}<\/style><a class=\"kb-button kt-button button kb-btn3400_8eff04-1f kt-btn-size-standard kt-btn-width-type-auto kb-btn-global-inherit  kt-btn-has-text-true kt-btn-has-svg-false  wp-block-button__link wp-block-kadence-singlebtn\" href=\"https:\/\/huayuansh.com\/contact-us\/\"><span class=\"kt-btn-inner-text\">Nous contacter<\/span><\/a><\/div>","protected":false},"excerpt":{"rendered":"<p>L'\u00e9tiquette de blanchisserie en silicone HUAYUAN HST RAIN RFID est une invention de pointe pour le suivi automatique et l'inventaire dans les applications de blanchisserie. Les \u00e9tiquettes RFID en s\u00e9rie HST sont de taille fine, flexibles, douces et lisses, r\u00e9sistantes aux liquides chimiques, \u00e0 la chaleur et \u00e0 la force. Elles int\u00e8grent un transpondeur RFID robuste pour r\u00e9sister \u00e0 200 lavages en tambour et s\u00e9chages \u00e0 chaud, nettoyages et repassages. HST-5512...<\/p>","protected":false},"author":1,"featured_media":3692,"parent":1003,"menu_order":0,"comment_status":"closed","ping_status":"closed","template":"","meta":{"_kad_blocks_custom_css":"","_kad_blocks_head_custom_js":"","_kad_blocks_body_custom_js":"","_kad_blocks_footer_custom_js":"","_kadence_starter_templates_imported_post":false,"_kad_post_transparent":"","_kad_post_title":"","_kad_post_layout":"","_kad_post_sidebar_id":"","_kad_post_content_style":"","_kad_post_vertical_padding":"","_kad_post_feature":"","_kad_post_feature_position":"","_kad_post_header":false,"_kad_post_footer":false,"footnotes":""},"class_list":["post-3400","page","type-page","status-publish","has-post-thumbnail","hentry"],"yoast_head":"<!-- This site is optimized with the Yoast SEO Premium plugin v23.0 (Yoast SEO v26.3) - https:\/\/yoast.com\/wordpress\/plugins\/seo\/ -->\n<title>HST Silicone UHF Laundry Tag | HUAYUAN RFID Tag Manufacturer<\/title>\n<meta name=\"description\" content=\"HUAYUAN washable UHF Silicone RFID Laundry Tag is suitable for use in any RFID hotel, spa, retirement home, sports club laundry and linen management\" \/>\n<meta name=\"robots\" content=\"index, follow, max-snippet:-1, max-image-preview:large, max-video-preview:-1\" \/>\n<link rel=\"canonical\" href=\"https:\/\/huayuansh.com\/fr\/produits\/etiquettes-linge-rfid\/etiquette-rfid-uhf-en-silicone-pour-blanchisserie-hst\/\" \/>\n<meta property=\"og:locale\" content=\"fr_FR\" \/>\n<meta property=\"og:type\" content=\"article\" \/>\n<meta property=\"og:title\" content=\"HST Silicone UHF Laundry Tag\" \/>\n<meta property=\"og:description\" content=\"HUAYUAN washable UHF Silicone RFID Laundry Tag is suitable for use in any RFID hotel, spa, retirement home, sports club laundry and linen management\" \/>\n<meta property=\"og:url\" content=\"https:\/\/huayuansh.com\/fr\/produits\/etiquettes-linge-rfid\/etiquette-rfid-uhf-en-silicone-pour-blanchisserie-hst\/\" \/>\n<meta property=\"og:site_name\" content=\"HUAYUAN RFID Tag Manufacturer\" \/>\n<meta property=\"article:modified_time\" content=\"2024-08-20T07:20:27+00:00\" \/>\n<meta property=\"og:image\" content=\"https:\/\/huayuansh.com\/wp-content\/uploads\/2024\/08\/HST-Silicone-UHF-Laundry-Tag.webp\" \/>\n\t<meta property=\"og:image:width\" content=\"1920\" \/>\n\t<meta property=\"og:image:height\" content=\"1080\" \/>\n\t<meta property=\"og:image:type\" content=\"image\/webp\" \/>\n<meta name=\"twitter:card\" content=\"summary_large_image\" \/>\n<meta name=\"twitter:label1\" content=\"Dur\u00e9e de lecture estim\u00e9e\" \/>\n\t<meta name=\"twitter:data1\" content=\"2 minutes\" \/>\n<script type=\"application\/ld+json\" class=\"yoast-schema-graph\">{\"@context\":\"https:\/\/schema.org\",\"@graph\":[{\"@type\":\"WebPage\",\"@id\":\"https:\/\/huayuansh.com\/products\/rfid-laundry-tags\/hst-silicone-uhf-laundry-tag\/\",\"url\":\"https:\/\/huayuansh.com\/products\/rfid-laundry-tags\/hst-silicone-uhf-laundry-tag\/\",\"name\":\"HST Silicone UHF Laundry Tag | HUAYUAN RFID Tag Manufacturer\",\"isPartOf\":{\"@id\":\"https:\/\/huayuansh.com\/#website\"},\"primaryImageOfPage\":{\"@id\":\"https:\/\/huayuansh.com\/products\/rfid-laundry-tags\/hst-silicone-uhf-laundry-tag\/#primaryimage\"},\"image\":{\"@id\":\"https:\/\/huayuansh.com\/products\/rfid-laundry-tags\/hst-silicone-uhf-laundry-tag\/#primaryimage\"},\"thumbnailUrl\":\"https:\/\/huayuansh.com\/wp-content\/uploads\/2024\/08\/HST-Silicone-UHF-Laundry-Tag.webp\",\"datePublished\":\"2024-07-15T06:26:33+00:00\",\"dateModified\":\"2024-08-20T07:20:27+00:00\",\"description\":\"HUAYUAN washable UHF Silicone RFID Laundry Tag is suitable for use in any RFID hotel, spa, retirement home, sports club laundry and linen management\",\"breadcrumb\":{\"@id\":\"https:\/\/huayuansh.com\/products\/rfid-laundry-tags\/hst-silicone-uhf-laundry-tag\/#breadcrumb\"},\"inLanguage\":\"fr-FR\",\"potentialAction\":[{\"@type\":\"ReadAction\",\"target\":[\"https:\/\/huayuansh.com\/products\/rfid-laundry-tags\/hst-silicone-uhf-laundry-tag\/\"]}]},{\"@type\":\"ImageObject\",\"inLanguage\":\"fr-FR\",\"@id\":\"https:\/\/huayuansh.com\/products\/rfid-laundry-tags\/hst-silicone-uhf-laundry-tag\/#primaryimage\",\"url\":\"https:\/\/huayuansh.com\/wp-content\/uploads\/2024\/08\/HST-Silicone-UHF-Laundry-Tag.webp\",\"contentUrl\":\"https:\/\/huayuansh.com\/wp-content\/uploads\/2024\/08\/HST-Silicone-UHF-Laundry-Tag.webp\",\"width\":1920,\"height\":1080},{\"@type\":\"BreadcrumbList\",\"@id\":\"https:\/\/huayuansh.com\/products\/rfid-laundry-tags\/hst-silicone-uhf-laundry-tag\/#breadcrumb\",\"itemListElement\":[{\"@type\":\"ListItem\",\"position\":1,\"name\":\"Home\",\"item\":\"https:\/\/huayuansh.com\/\"},{\"@type\":\"ListItem\",\"position\":2,\"name\":\"RFID Products\",\"item\":\"https:\/\/huayuansh.com\/products\/\"},{\"@type\":\"ListItem\",\"position\":3,\"name\":\"RFID Laundry Tags\",\"item\":\"https:\/\/huayuansh.com\/products\/rfid-laundry-tags\/\"},{\"@type\":\"ListItem\",\"position\":4,\"name\":\"HST Silicone UHF Laundry Tag\"}]},{\"@type\":\"WebSite\",\"@id\":\"https:\/\/huayuansh.com\/#website\",\"url\":\"https:\/\/huayuansh.com\/\",\"name\":\"HUAYUAN RFID Tag Manufacturer\",\"description\":\"HUAYUAN RFID Tag Manufacturer\",\"publisher\":{\"@id\":\"https:\/\/huayuansh.com\/#organization\"},\"potentialAction\":[{\"@type\":\"SearchAction\",\"target\":{\"@type\":\"EntryPoint\",\"urlTemplate\":\"https:\/\/huayuansh.com\/?s={search_term_string}\"},\"query-input\":{\"@type\":\"PropertyValueSpecification\",\"valueRequired\":true,\"valueName\":\"search_term_string\"}}],\"inLanguage\":\"fr-FR\"},{\"@type\":\"Organization\",\"@id\":\"https:\/\/huayuansh.com\/#organization\",\"name\":\"HUAYUAN RFID Tag Manufacturer\",\"url\":\"https:\/\/huayuansh.com\/\",\"logo\":{\"@type\":\"ImageObject\",\"inLanguage\":\"fr-FR\",\"@id\":\"https:\/\/huayuansh.com\/#\/schema\/logo\/image\/\",\"url\":\"https:\/\/huayuansh.com\/wp-content\/uploads\/2024\/09\/cropped-HUAYUAN.webp\",\"contentUrl\":\"https:\/\/huayuansh.com\/wp-content\/uploads\/2024\/09\/cropped-HUAYUAN.webp\",\"width\":895,\"height\":279,\"caption\":\"HUAYUAN RFID Tag Manufacturer\"},\"image\":{\"@id\":\"https:\/\/huayuansh.com\/#\/schema\/logo\/image\/\"}}]}<\/script>\n<!-- \/ Yoast SEO Premium plugin. -->","yoast_head_json":{"title":"HST Silicone UHF Laundry Tag | HUAYUAN RFID Tag Manufacturer","description":"L'\u00e9tiquette de blanchisserie en silicone UHF lavable de HUAYUAN convient \u00e0 la gestion de la blanchisserie et du linge dans les h\u00f4tels, les spas, les maisons de retraite et les clubs de sport.","robots":{"index":"index","follow":"follow","max-snippet":"max-snippet:-1","max-image-preview":"max-image-preview:large","max-video-preview":"max-video-preview:-1"},"canonical":"https:\/\/huayuansh.com\/fr\/produits\/etiquettes-linge-rfid\/etiquette-rfid-uhf-en-silicone-pour-blanchisserie-hst\/","og_locale":"fr_FR","og_type":"article","og_title":"HST Silicone UHF Laundry Tag","og_description":"HUAYUAN washable UHF Silicone RFID Laundry Tag is suitable for use in any RFID hotel, spa, retirement home, sports club laundry and linen management","og_url":"https:\/\/huayuansh.com\/fr\/produits\/etiquettes-linge-rfid\/etiquette-rfid-uhf-en-silicone-pour-blanchisserie-hst\/","og_site_name":"HUAYUAN RFID Tag Manufacturer","article_modified_time":"2024-08-20T07:20:27+00:00","og_image":[{"width":1920,"height":1080,"url":"https:\/\/huayuansh.com\/wp-content\/uploads\/2024\/08\/HST-Silicone-UHF-Laundry-Tag.webp","type":"image\/webp"}],"twitter_card":"summary_large_image","twitter_misc":{"Dur\u00e9e de lecture estim\u00e9e":"2 minutes"},"schema":{"@context":"https:\/\/schema.org","@graph":[{"@type":"WebPage","@id":"https:\/\/huayuansh.com\/products\/rfid-laundry-tags\/hst-silicone-uhf-laundry-tag\/","url":"https:\/\/huayuansh.com\/products\/rfid-laundry-tags\/hst-silicone-uhf-laundry-tag\/","name":"HST Silicone UHF Laundry Tag | HUAYUAN RFID Tag Manufacturer","isPartOf":{"@id":"https:\/\/huayuansh.com\/#website"},"primaryImageOfPage":{"@id":"https:\/\/huayuansh.com\/products\/rfid-laundry-tags\/hst-silicone-uhf-laundry-tag\/#primaryimage"},"image":{"@id":"https:\/\/huayuansh.com\/products\/rfid-laundry-tags\/hst-silicone-uhf-laundry-tag\/#primaryimage"},"thumbnailUrl":"https:\/\/huayuansh.com\/wp-content\/uploads\/2024\/08\/HST-Silicone-UHF-Laundry-Tag.webp","datePublished":"2024-07-15T06:26:33+00:00","dateModified":"2024-08-20T07:20:27+00:00","description":"L'\u00e9tiquette de blanchisserie en silicone UHF lavable de HUAYUAN convient \u00e0 la gestion de la blanchisserie et du linge dans les h\u00f4tels, les spas, les maisons de retraite et les clubs de sport.","breadcrumb":{"@id":"https:\/\/huayuansh.com\/products\/rfid-laundry-tags\/hst-silicone-uhf-laundry-tag\/#breadcrumb"},"inLanguage":"fr-FR","potentialAction":[{"@type":"ReadAction","target":["https:\/\/huayuansh.com\/products\/rfid-laundry-tags\/hst-silicone-uhf-laundry-tag\/"]}]},{"@type":"ImageObject","inLanguage":"fr-FR","@id":"https:\/\/huayuansh.com\/products\/rfid-laundry-tags\/hst-silicone-uhf-laundry-tag\/#primaryimage","url":"https:\/\/huayuansh.com\/wp-content\/uploads\/2024\/08\/HST-Silicone-UHF-Laundry-Tag.webp","contentUrl":"https:\/\/huayuansh.com\/wp-content\/uploads\/2024\/08\/HST-Silicone-UHF-Laundry-Tag.webp","width":1920,"height":1080},{"@type":"BreadcrumbList","@id":"https:\/\/huayuansh.com\/products\/rfid-laundry-tags\/hst-silicone-uhf-laundry-tag\/#breadcrumb","itemListElement":[{"@type":"ListItem","position":1,"name":"Home","item":"https:\/\/huayuansh.com\/"},{"@type":"ListItem","position":2,"name":"RFID Products","item":"https:\/\/huayuansh.com\/products\/"},{"@type":"ListItem","position":3,"name":"RFID Laundry Tags","item":"https:\/\/huayuansh.com\/products\/rfid-laundry-tags\/"},{"@type":"ListItem","position":4,"name":"HST Silicone UHF Laundry Tag"}]},{"@type":"WebSite","@id":"https:\/\/huayuansh.com\/#website","url":"https:\/\/huayuansh.com\/","name":"Fabricant d'\u00e9tiquettes RFID HUAYUAN","description":"Fabricant d'\u00e9tiquettes RFID HUAYUAN","publisher":{"@id":"https:\/\/huayuansh.com\/#organization"},"potentialAction":[{"@type":"SearchAction","target":{"@type":"EntryPoint","urlTemplate":"https:\/\/huayuansh.com\/?s={search_term_string}"},"query-input":{"@type":"PropertyValueSpecification","valueRequired":true,"valueName":"search_term_string"}}],"inLanguage":"fr-FR"},{"@type":"Organization","@id":"https:\/\/huayuansh.com\/#organization","name":"Fabricant d'\u00e9tiquettes RFID HUAYUAN","url":"https:\/\/huayuansh.com\/","logo":{"@type":"ImageObject","inLanguage":"fr-FR","@id":"https:\/\/huayuansh.com\/#\/schema\/logo\/image\/","url":"https:\/\/huayuansh.com\/wp-content\/uploads\/2024\/09\/cropped-HUAYUAN.webp","contentUrl":"https:\/\/huayuansh.com\/wp-content\/uploads\/2024\/09\/cropped-HUAYUAN.webp","width":895,"height":279,"caption":"HUAYUAN RFID Tag Manufacturer"},"image":{"@id":"https:\/\/huayuansh.com\/#\/schema\/logo\/image\/"}}]}},"taxonomy_info":[],"featured_image_src_large":["https:\/\/huayuansh.com\/wp-content\/uploads\/2024\/08\/HST-Silicone-UHF-Laundry-Tag-1024x576.webp",1024,576,true],"author_info":{"display_name":"HUAYUAN","author_link":"https:\/\/huayuansh.com\/fr\/author\/shyec2024\/"},"comment_info":0,"_links":{"self":[{"href":"https:\/\/huayuansh.com\/fr\/wp-json\/wp\/v2\/pages\/3400","targetHints":{"allow":["GET"]}}],"collection":[{"href":"https:\/\/huayuansh.com\/fr\/wp-json\/wp\/v2\/pages"}],"about":[{"href":"https:\/\/huayuansh.com\/fr\/wp-json\/wp\/v2\/types\/page"}],"author":[{"embeddable":true,"href":"https:\/\/huayuansh.com\/fr\/wp-json\/wp\/v2\/users\/1"}],"replies":[{"embeddable":true,"href":"https:\/\/huayuansh.com\/fr\/wp-json\/wp\/v2\/comments?post=3400"}],"version-history":[{"count":4,"href":"https:\/\/huayuansh.com\/fr\/wp-json\/wp\/v2\/pages\/3400\/revisions"}],"predecessor-version":[{"id":3704,"href":"https:\/\/huayuansh.com\/fr\/wp-json\/wp\/v2\/pages\/3400\/revisions\/3704"}],"up":[{"embeddable":true,"href":"https:\/\/huayuansh.com\/fr\/wp-json\/wp\/v2\/pages\/1003"}],"wp:featuredmedia":[{"embeddable":true,"href":"https:\/\/huayuansh.com\/fr\/wp-json\/wp\/v2\/media\/3692"}],"wp:attachment":[{"href":"https:\/\/huayuansh.com\/fr\/wp-json\/wp\/v2\/media?parent=3400"}],"curies":[{"name":"wp","href":"https:\/\/api.w.org\/{rel}","templated":true}]}}