{"id":3820,"date":"2024-09-03T14:25:09","date_gmt":"2024-09-03T06:25:09","guid":{"rendered":"https:\/\/huayuansh.com\/?page_id=3820"},"modified":"2024-09-03T14:25:12","modified_gmt":"2024-09-03T06:25:12","slug":"etiquette-de-palette-rfid-uhf-logiflex","status":"publish","type":"page","link":"https:\/\/huayuansh.com\/fr\/produits\/etiquettes-rfid-industrielles\/etiquette-de-palette-rfid-uhf-logiflex\/","title":{"rendered":"LogiFlex UHF RFID Pallet Tag"},"content":{"rendered":"<p>Le LogiFlex UHF RFID Pallet Tag est une solution rentable et polyvalente con\u00e7ue pour optimiser le suivi des palettes et la gestion des stocks pour les entreprises de toutes tailles. Fabriqu\u00e9es en PVC durable, ces \u00e9tiquettes RFID sont parfaites pour les applications \u00e0 grande \u00e9chelle o\u00f9 le co\u00fbt et l'efficacit\u00e9 sont primordiaux. Que vous g\u00e9riez un entrep\u00f4t anim\u00e9 ou un r\u00e9seau logistique complexe, le LogiFlex UHF RFID Pallet Tag offre l'\u00e9quilibre id\u00e9al entre performance et prix.<\/p>\n\n\n\n<h2 class=\"wp-block-heading\" id=\"h-key-features\">Caract\u00e9ristiques principales<\/h2>\n\n\n\n<ul class=\"wp-block-list\">\n<li><strong>Rentabilit\u00e9<\/strong>: Les \u00e9tiquettes RFID LogiFlex sont fabriqu\u00e9es en PVC, un mat\u00e9riau r\u00e9put\u00e9 pour son prix abordable. Elles constituent donc un excellent choix pour les entreprises qui souhaitent d\u00e9ployer la technologie RFID sur un grand nombre de palettes sans grever leur budget.<\/li>\n\n\n\n<li><strong>L\u00e9ger et facile \u00e0 fixer<\/strong>: La conception fine et flexible de nos \u00e9tiquettes en PVC garantit leur l\u00e9g\u00e8ret\u00e9 et leur facilit\u00e9 de manipulation, ce qui permet de les fixer rapidement et sans probl\u00e8me sur les palettes.<\/li>\n\n\n\n<li><strong>Protection de base de l'environnement<\/strong>: Con\u00e7ue pour r\u00e9sister \u00e0 l'eau et \u00e0 des conditions environnementales mod\u00e9r\u00e9es, l'\u00e9tiquette LogiFlex UHF RFID Pallet Tag convient \u00e0 la fois \u00e0 une utilisation en int\u00e9rieur et \u00e0 des environnements ext\u00e9rieurs mod\u00e9r\u00e9s.<\/li>\n\n\n\n<li><strong>Personnalisable<\/strong>: Ces \u00e9tiquettes peuvent \u00eatre facilement personnalis\u00e9es avec le logo de votre entreprise, des codes-barres ou d'autres informations, ce qui renforce la pr\u00e9sence de votre marque et permet une identification visuelle facile.<\/li>\n<\/ul>\n\n\n\n<div class=\"wp-block-columns are-vertically-aligned-center is-layout-flex wp-container-core-columns-is-layout-9d6595d7 wp-block-columns-is-layout-flex\">\n<div class=\"wp-block-column is-vertically-aligned-center is-layout-flow wp-block-column-is-layout-flow\" style=\"flex-basis:60%\">\n<h2 class=\"wp-block-heading\" id=\"h-specifications\">Sp\u00e9cifications<\/h2>\n\n\n\n<p>Mat\u00e9riau : PVC durable<br>Dimension : 100x<em>25mm, 86<\/em>x54mm ou sur mesure<br>Impression : Offset \/ S\u00e9rigraphie \/ Impression UV, Gravure laser<br>Installation : Support adh\u00e9sif ou trous de fixation<br>Fr\u00e9quence : 860-960MHz (UHF)<br>Protocole : EPC Class 1 Gen 2 \/ ISO 18000-6C<br>M\u00e9moire EPC : 96 bits ou 128 bits<br>Fr\u00e9quence : 860-960MHz<br>Encodage : Processus de donn\u00e9es variables<br>Port\u00e9e de lecture : Jusqu'\u00e0 8 m (lorsqu'il est fix\u00e9 aux palettes)<br>R\u00e9sistance \u00e0 l'environnement : R\u00e9sistant \u00e0 l'eau, convient \u00e0 une utilisation int\u00e9rieure et ext\u00e9rieure mod\u00e9r\u00e9e<\/p>\n<\/div>\n\n\n\n<div class=\"wp-block-column is-vertically-aligned-center is-layout-flow wp-block-column-is-layout-flow\" style=\"flex-basis:40%\"><div class=\"wp-block-image\">\n<figure class=\"aligncenter size-full\"><img loading=\"lazy\" decoding=\"async\" width=\"600\" height=\"600\" src=\"https:\/\/huayuansh.com\/wp-content\/uploads\/2024\/09\/UHF-RFID-Pallet-Tag.webp\" alt=\"\" class=\"wp-image-3821\" style=\"aspect-ratio:4\/3;object-fit:cover\" srcset=\"https:\/\/huayuansh.com\/wp-content\/uploads\/2024\/09\/UHF-RFID-Pallet-Tag.webp 600w, https:\/\/huayuansh.com\/wp-content\/uploads\/2024\/09\/UHF-RFID-Pallet-Tag-300x300.webp 300w, https:\/\/huayuansh.com\/wp-content\/uploads\/2024\/09\/UHF-RFID-Pallet-Tag-150x150.webp 150w\" sizes=\"auto, (max-width: 600px) 100vw, 600px\" \/><\/figure><\/div><\/div>\n<\/div>\n\n\n\n<h3 class=\"wp-block-heading\" id=\"h-ideal-applications\">Applications id\u00e9ales<\/h3>\n\n\n\n<p><strong>Entreposage<\/strong>: Suivre et g\u00e9rer efficacement les mouvements de palettes dans les entrep\u00f4ts, en r\u00e9duisant les \u00e9carts de stock et en am\u00e9liorant la pr\u00e9cision de l'inventaire.<br><strong>Logistique et distribution<\/strong>: Am\u00e9liorez la visibilit\u00e9 et la tra\u00e7abilit\u00e9 des palettes tout au long de votre cha\u00eene d'approvisionnement, de la fabrication \u00e0 la livraison au d\u00e9tail.<br><strong>Fabrication<\/strong>: Utilisez les \u00e9tiquettes RFID pour contr\u00f4ler les mati\u00e8res premi\u00e8res et les produits finis en temps r\u00e9el, afin de garantir le bon d\u00e9roulement des processus de production.<br><strong>Vente au d\u00e9tail<\/strong>: Rationaliser la logistique en magasin en utilisant la technologie RFID pour g\u00e9rer le flux des stocks de l'entrep\u00f4t \u00e0 l'\u00e9tag\u00e8re du magasin.<\/p>\n\n\n\n<h4 class=\"wp-block-heading\" id=\"h-get-in-touch\">Prendre contact<\/h4>\n\n\n\n<p>Vous \u00eates pr\u00eat \u00e0 am\u00e9liorer le suivi de vos palettes et la gestion de vos stocks gr\u00e2ce \u00e0 une solution rentable ? Contactez-nous d\u00e8s aujourd'hui pour en savoir plus sur le LogiFlex UHF RFID Pallet Tag et sur la fa\u00e7on dont il peut vous aider \u00e0 rationaliser vos op\u00e9rations, \u00e0 r\u00e9duire vos co\u00fbts et \u00e0 am\u00e9liorer votre efficacit\u00e9 globale.<\/p>\n\n\n<style>.wp-block-kadence-advancedbtn.kb-btns3820_9509bc-7c{gap:var(--global-kb-gap-xs, 0.5rem );justify-content:flex-start;align-items:center;}.kt-btns3820_9509bc-7c .kt-button{font-weight:normal;font-style:normal;}.kt-btns3820_9509bc-7c .kt-btn-wrap-0{margin-right:5px;}.wp-block-kadence-advancedbtn.kt-btns3820_9509bc-7c .kt-btn-wrap-0 .kt-button{color:#555555;border-color:#555555;}.wp-block-kadence-advancedbtn.kt-btns3820_9509bc-7c .kt-btn-wrap-0 .kt-button:hover, .wp-block-kadence-advancedbtn.kt-btns3820_9509bc-7c .kt-btn-wrap-0 .kt-button:focus{color:#ffffff;border-color:#444444;}.wp-block-kadence-advancedbtn.kt-btns3820_9509bc-7c .kt-btn-wrap-0 .kt-button::before{display:none;}.wp-block-kadence-advancedbtn.kt-btns3820_9509bc-7c .kt-btn-wrap-0 .kt-button:hover, .wp-block-kadence-advancedbtn.kt-btns3820_9509bc-7c .kt-btn-wrap-0 .kt-button:focus{background:#444444;}<\/style>\n<div class=\"wp-block-kadence-advancedbtn kb-buttons-wrap kb-btns3820_9509bc-7c\"><style>ul.menu .wp-block-kadence-advancedbtn .kb-btn3820_4c7715-70.kb-button{width:initial;}<\/style><a class=\"kb-button kt-button button kb-btn3820_4c7715-70 kt-btn-size-standard kt-btn-width-type-auto kb-btn-global-inherit  kt-btn-has-text-true kt-btn-has-svg-false  wp-block-button__link wp-block-kadence-singlebtn\" href=\"https:\/\/huayuansh.com\/contact-us\/\"><span class=\"kt-btn-inner-text\">Nous contacter<\/span><\/a><\/div>","protected":false},"excerpt":{"rendered":"<p>The LogiFlex UHF RFID Pallet Tag, a cost-effective and versatile solution designed to optimize pallet tracking and inventory management for businesses of all sizes. Made from durable PVC material, these RFID tags are perfect for large-scale applications where cost and efficiency are paramount. Whether you\u2019re managing a bustling warehouse or overseeing a complex logistics network,&#8230;<\/p>","protected":false},"author":1,"featured_media":3822,"parent":854,"menu_order":0,"comment_status":"closed","ping_status":"closed","template":"","meta":{"_kad_blocks_custom_css":"","_kad_blocks_head_custom_js":"","_kad_blocks_body_custom_js":"","_kad_blocks_footer_custom_js":"","_kadence_starter_templates_imported_post":false,"_kad_post_transparent":"","_kad_post_title":"","_kad_post_layout":"","_kad_post_sidebar_id":"","_kad_post_content_style":"","_kad_post_vertical_padding":"","_kad_post_feature":"","_kad_post_feature_position":"","_kad_post_header":false,"_kad_post_footer":false,"footnotes":""},"class_list":["post-3820","page","type-page","status-publish","has-post-thumbnail","hentry"],"yoast_head":"<!-- This site is optimized with the Yoast SEO Premium plugin v23.0 (Yoast SEO v26.3) - https:\/\/yoast.com\/wordpress\/plugins\/seo\/ -->\n<title>LogiFlex UHF RFID Pallet Tag | HUAYUAN RFID Tag Manufacturer<\/title>\n<meta name=\"description\" content=\"Efficient and cost-effective UHF RFID pallet tag for inventory management, customizable and ideal for large-scale applications.\" \/>\n<meta name=\"robots\" content=\"index, follow, max-snippet:-1, max-image-preview:large, max-video-preview:-1\" \/>\n<link rel=\"canonical\" href=\"https:\/\/huayuansh.com\/fr\/produits\/etiquettes-rfid-industrielles\/etiquette-de-palette-rfid-uhf-logiflex\/\" \/>\n<meta property=\"og:locale\" content=\"fr_FR\" \/>\n<meta property=\"og:type\" content=\"article\" \/>\n<meta property=\"og:title\" content=\"LogiFlex UHF RFID Pallet Tag\" \/>\n<meta property=\"og:description\" content=\"Efficient and cost-effective UHF RFID pallet tag for inventory management, customizable and ideal for large-scale applications.\" \/>\n<meta property=\"og:url\" content=\"https:\/\/huayuansh.com\/fr\/produits\/etiquettes-rfid-industrielles\/etiquette-de-palette-rfid-uhf-logiflex\/\" \/>\n<meta property=\"og:site_name\" content=\"HUAYUAN RFID Tag Manufacturer\" \/>\n<meta property=\"article:modified_time\" content=\"2024-09-03T06:25:12+00:00\" \/>\n<meta property=\"og:image\" content=\"https:\/\/huayuansh.com\/wp-content\/uploads\/2024\/09\/LogiFlex-UHF-RFID-Pallet-Tag.webp\" \/>\n\t<meta property=\"og:image:width\" content=\"1920\" \/>\n\t<meta property=\"og:image:height\" content=\"1080\" \/>\n\t<meta property=\"og:image:type\" content=\"image\/webp\" \/>\n<meta name=\"twitter:card\" content=\"summary_large_image\" \/>\n<meta name=\"twitter:label1\" content=\"Dur\u00e9e de lecture estim\u00e9e\" \/>\n\t<meta name=\"twitter:data1\" content=\"3 minutes\" \/>\n<script type=\"application\/ld+json\" class=\"yoast-schema-graph\">{\"@context\":\"https:\/\/schema.org\",\"@graph\":[{\"@type\":\"WebPage\",\"@id\":\"https:\/\/huayuansh.com\/products\/industrial-rfid-tags\/logiflex-uhf-rfid-pallet-tag\/\",\"url\":\"https:\/\/huayuansh.com\/products\/industrial-rfid-tags\/logiflex-uhf-rfid-pallet-tag\/\",\"name\":\"LogiFlex UHF RFID Pallet Tag | HUAYUAN RFID Tag Manufacturer\",\"isPartOf\":{\"@id\":\"https:\/\/huayuansh.com\/#website\"},\"primaryImageOfPage\":{\"@id\":\"https:\/\/huayuansh.com\/products\/industrial-rfid-tags\/logiflex-uhf-rfid-pallet-tag\/#primaryimage\"},\"image\":{\"@id\":\"https:\/\/huayuansh.com\/products\/industrial-rfid-tags\/logiflex-uhf-rfid-pallet-tag\/#primaryimage\"},\"thumbnailUrl\":\"https:\/\/huayuansh.com\/wp-content\/uploads\/2024\/09\/LogiFlex-UHF-RFID-Pallet-Tag.webp\",\"datePublished\":\"2024-09-03T06:25:09+00:00\",\"dateModified\":\"2024-09-03T06:25:12+00:00\",\"description\":\"Efficient and cost-effective UHF RFID pallet tag for inventory management, customizable and ideal for large-scale applications.\",\"breadcrumb\":{\"@id\":\"https:\/\/huayuansh.com\/products\/industrial-rfid-tags\/logiflex-uhf-rfid-pallet-tag\/#breadcrumb\"},\"inLanguage\":\"fr-FR\",\"potentialAction\":[{\"@type\":\"ReadAction\",\"target\":[\"https:\/\/huayuansh.com\/products\/industrial-rfid-tags\/logiflex-uhf-rfid-pallet-tag\/\"]}]},{\"@type\":\"ImageObject\",\"inLanguage\":\"fr-FR\",\"@id\":\"https:\/\/huayuansh.com\/products\/industrial-rfid-tags\/logiflex-uhf-rfid-pallet-tag\/#primaryimage\",\"url\":\"https:\/\/huayuansh.com\/wp-content\/uploads\/2024\/09\/LogiFlex-UHF-RFID-Pallet-Tag.webp\",\"contentUrl\":\"https:\/\/huayuansh.com\/wp-content\/uploads\/2024\/09\/LogiFlex-UHF-RFID-Pallet-Tag.webp\",\"width\":1920,\"height\":1080},{\"@type\":\"BreadcrumbList\",\"@id\":\"https:\/\/huayuansh.com\/products\/industrial-rfid-tags\/logiflex-uhf-rfid-pallet-tag\/#breadcrumb\",\"itemListElement\":[{\"@type\":\"ListItem\",\"position\":1,\"name\":\"Home\",\"item\":\"https:\/\/huayuansh.com\/\"},{\"@type\":\"ListItem\",\"position\":2,\"name\":\"RFID Products\",\"item\":\"https:\/\/huayuansh.com\/products\/\"},{\"@type\":\"ListItem\",\"position\":3,\"name\":\"Industrial RFID Tags\",\"item\":\"https:\/\/huayuansh.com\/products\/industrial-rfid-tags\/\"},{\"@type\":\"ListItem\",\"position\":4,\"name\":\"LogiFlex UHF RFID Pallet Tag\"}]},{\"@type\":\"WebSite\",\"@id\":\"https:\/\/huayuansh.com\/#website\",\"url\":\"https:\/\/huayuansh.com\/\",\"name\":\"HUAYUAN RFID Tag Manufacturer\",\"description\":\"HUAYUAN RFID Tag Manufacturer\",\"publisher\":{\"@id\":\"https:\/\/huayuansh.com\/#organization\"},\"potentialAction\":[{\"@type\":\"SearchAction\",\"target\":{\"@type\":\"EntryPoint\",\"urlTemplate\":\"https:\/\/huayuansh.com\/?s={search_term_string}\"},\"query-input\":{\"@type\":\"PropertyValueSpecification\",\"valueRequired\":true,\"valueName\":\"search_term_string\"}}],\"inLanguage\":\"fr-FR\"},{\"@type\":\"Organization\",\"@id\":\"https:\/\/huayuansh.com\/#organization\",\"name\":\"HUAYUAN RFID Tag Manufacturer\",\"url\":\"https:\/\/huayuansh.com\/\",\"logo\":{\"@type\":\"ImageObject\",\"inLanguage\":\"fr-FR\",\"@id\":\"https:\/\/huayuansh.com\/#\/schema\/logo\/image\/\",\"url\":\"https:\/\/huayuansh.com\/wp-content\/uploads\/2024\/09\/cropped-HUAYUAN.webp\",\"contentUrl\":\"https:\/\/huayuansh.com\/wp-content\/uploads\/2024\/09\/cropped-HUAYUAN.webp\",\"width\":895,\"height\":279,\"caption\":\"HUAYUAN RFID Tag Manufacturer\"},\"image\":{\"@id\":\"https:\/\/huayuansh.com\/#\/schema\/logo\/image\/\"}}]}<\/script>\n<!-- \/ Yoast SEO Premium plugin. -->","yoast_head_json":{"title":"LogiFlex UHF RFID Pallet Tag | HUAYUAN RFID Tag Manufacturer","description":"Etiquette de palette RFID UHF efficace et rentable pour la gestion des stocks, personnalisable et id\u00e9ale pour les applications \u00e0 grande \u00e9chelle.","robots":{"index":"index","follow":"follow","max-snippet":"max-snippet:-1","max-image-preview":"max-image-preview:large","max-video-preview":"max-video-preview:-1"},"canonical":"https:\/\/huayuansh.com\/fr\/produits\/etiquettes-rfid-industrielles\/etiquette-de-palette-rfid-uhf-logiflex\/","og_locale":"fr_FR","og_type":"article","og_title":"LogiFlex UHF RFID Pallet Tag","og_description":"Efficient and cost-effective UHF RFID pallet tag for inventory management, customizable and ideal for large-scale applications.","og_url":"https:\/\/huayuansh.com\/fr\/produits\/etiquettes-rfid-industrielles\/etiquette-de-palette-rfid-uhf-logiflex\/","og_site_name":"HUAYUAN RFID Tag Manufacturer","article_modified_time":"2024-09-03T06:25:12+00:00","og_image":[{"width":1920,"height":1080,"url":"https:\/\/huayuansh.com\/wp-content\/uploads\/2024\/09\/LogiFlex-UHF-RFID-Pallet-Tag.webp","type":"image\/webp"}],"twitter_card":"summary_large_image","twitter_misc":{"Dur\u00e9e de lecture estim\u00e9e":"3 minutes"},"schema":{"@context":"https:\/\/schema.org","@graph":[{"@type":"WebPage","@id":"https:\/\/huayuansh.com\/products\/industrial-rfid-tags\/logiflex-uhf-rfid-pallet-tag\/","url":"https:\/\/huayuansh.com\/products\/industrial-rfid-tags\/logiflex-uhf-rfid-pallet-tag\/","name":"LogiFlex UHF RFID Pallet Tag | HUAYUAN RFID Tag Manufacturer","isPartOf":{"@id":"https:\/\/huayuansh.com\/#website"},"primaryImageOfPage":{"@id":"https:\/\/huayuansh.com\/products\/industrial-rfid-tags\/logiflex-uhf-rfid-pallet-tag\/#primaryimage"},"image":{"@id":"https:\/\/huayuansh.com\/products\/industrial-rfid-tags\/logiflex-uhf-rfid-pallet-tag\/#primaryimage"},"thumbnailUrl":"https:\/\/huayuansh.com\/wp-content\/uploads\/2024\/09\/LogiFlex-UHF-RFID-Pallet-Tag.webp","datePublished":"2024-09-03T06:25:09+00:00","dateModified":"2024-09-03T06:25:12+00:00","description":"Etiquette de palette RFID UHF efficace et rentable pour la gestion des stocks, personnalisable et id\u00e9ale pour les applications \u00e0 grande \u00e9chelle.","breadcrumb":{"@id":"https:\/\/huayuansh.com\/products\/industrial-rfid-tags\/logiflex-uhf-rfid-pallet-tag\/#breadcrumb"},"inLanguage":"fr-FR","potentialAction":[{"@type":"ReadAction","target":["https:\/\/huayuansh.com\/products\/industrial-rfid-tags\/logiflex-uhf-rfid-pallet-tag\/"]}]},{"@type":"ImageObject","inLanguage":"fr-FR","@id":"https:\/\/huayuansh.com\/products\/industrial-rfid-tags\/logiflex-uhf-rfid-pallet-tag\/#primaryimage","url":"https:\/\/huayuansh.com\/wp-content\/uploads\/2024\/09\/LogiFlex-UHF-RFID-Pallet-Tag.webp","contentUrl":"https:\/\/huayuansh.com\/wp-content\/uploads\/2024\/09\/LogiFlex-UHF-RFID-Pallet-Tag.webp","width":1920,"height":1080},{"@type":"BreadcrumbList","@id":"https:\/\/huayuansh.com\/products\/industrial-rfid-tags\/logiflex-uhf-rfid-pallet-tag\/#breadcrumb","itemListElement":[{"@type":"ListItem","position":1,"name":"Home","item":"https:\/\/huayuansh.com\/"},{"@type":"ListItem","position":2,"name":"RFID Products","item":"https:\/\/huayuansh.com\/products\/"},{"@type":"ListItem","position":3,"name":"Industrial RFID Tags","item":"https:\/\/huayuansh.com\/products\/industrial-rfid-tags\/"},{"@type":"ListItem","position":4,"name":"LogiFlex UHF RFID Pallet Tag"}]},{"@type":"WebSite","@id":"https:\/\/huayuansh.com\/#website","url":"https:\/\/huayuansh.com\/","name":"Fabricant d'\u00e9tiquettes RFID HUAYUAN","description":"Fabricant d'\u00e9tiquettes RFID HUAYUAN","publisher":{"@id":"https:\/\/huayuansh.com\/#organization"},"potentialAction":[{"@type":"SearchAction","target":{"@type":"EntryPoint","urlTemplate":"https:\/\/huayuansh.com\/?s={search_term_string}"},"query-input":{"@type":"PropertyValueSpecification","valueRequired":true,"valueName":"search_term_string"}}],"inLanguage":"fr-FR"},{"@type":"Organization","@id":"https:\/\/huayuansh.com\/#organization","name":"Fabricant d'\u00e9tiquettes RFID HUAYUAN","url":"https:\/\/huayuansh.com\/","logo":{"@type":"ImageObject","inLanguage":"fr-FR","@id":"https:\/\/huayuansh.com\/#\/schema\/logo\/image\/","url":"https:\/\/huayuansh.com\/wp-content\/uploads\/2024\/09\/cropped-HUAYUAN.webp","contentUrl":"https:\/\/huayuansh.com\/wp-content\/uploads\/2024\/09\/cropped-HUAYUAN.webp","width":895,"height":279,"caption":"HUAYUAN RFID Tag Manufacturer"},"image":{"@id":"https:\/\/huayuansh.com\/#\/schema\/logo\/image\/"}}]}},"taxonomy_info":[],"featured_image_src_large":["https:\/\/huayuansh.com\/wp-content\/uploads\/2024\/09\/LogiFlex-UHF-RFID-Pallet-Tag-1024x576.webp",1024,576,true],"author_info":{"display_name":"HUAYUAN","author_link":"https:\/\/huayuansh.com\/fr\/author\/shyec2024\/"},"comment_info":0,"_links":{"self":[{"href":"https:\/\/huayuansh.com\/fr\/wp-json\/wp\/v2\/pages\/3820","targetHints":{"allow":["GET"]}}],"collection":[{"href":"https:\/\/huayuansh.com\/fr\/wp-json\/wp\/v2\/pages"}],"about":[{"href":"https:\/\/huayuansh.com\/fr\/wp-json\/wp\/v2\/types\/page"}],"author":[{"embeddable":true,"href":"https:\/\/huayuansh.com\/fr\/wp-json\/wp\/v2\/users\/1"}],"replies":[{"embeddable":true,"href":"https:\/\/huayuansh.com\/fr\/wp-json\/wp\/v2\/comments?post=3820"}],"version-history":[{"count":1,"href":"https:\/\/huayuansh.com\/fr\/wp-json\/wp\/v2\/pages\/3820\/revisions"}],"predecessor-version":[{"id":3823,"href":"https:\/\/huayuansh.com\/fr\/wp-json\/wp\/v2\/pages\/3820\/revisions\/3823"}],"up":[{"embeddable":true,"href":"https:\/\/huayuansh.com\/fr\/wp-json\/wp\/v2\/pages\/854"}],"wp:featuredmedia":[{"embeddable":true,"href":"https:\/\/huayuansh.com\/fr\/wp-json\/wp\/v2\/media\/3822"}],"wp:attachment":[{"href":"https:\/\/huayuansh.com\/fr\/wp-json\/wp\/v2\/media?parent=3820"}],"curies":[{"name":"wp","href":"https:\/\/api.w.org\/{rel}","templated":true}]}}