{"id":4119,"date":"2025-03-03T15:47:10","date_gmt":"2025-03-03T07:47:10","guid":{"rendered":"https:\/\/huayuansh.com\/?page_id=4119"},"modified":"2025-03-06T09:11:57","modified_gmt":"2025-03-06T01:11:57","slug":"etiquette-micro-cube-uhf-tmc","status":"publish","type":"page","link":"https:\/\/huayuansh.com\/fr\/produits\/etiquettes-rfid-industrielles\/etiquette-micro-cube-uhf-tmc\/","title":{"rendered":"Tag TMC UHF Micro Cube"},"content":{"rendered":"<p>L'\u00e9tiquette TMC UHF Micro Cube Tag est con\u00e7ue pour fonctionner dans des environnements extr\u00eames et difficiles, offrant des solutions RFID tr\u00e8s fiables et polyvalentes. Encapsul\u00e9e dans un bo\u00eetier en r\u00e9sine de haute qualit\u00e9, cette micro \u00e9tiquette robuste est id\u00e9ale pour les applications dans lesquelles les \u00e9tiquettes RFID traditionnelles ne peuvent pas r\u00e9sister aux conditions difficiles. Pouvant \u00eatre int\u00e9gr\u00e9e de mani\u00e8re transparente dans des applications industrielles et m\u00e9dicales, l'\u00e9tiquette microcube RFID de TMC est un choix \u00e9prouv\u00e9 pour le suivi des actifs, la gestion des stocks et la surveillance des \u00e9quipements.<\/p>\n\n\n\n<h2 class=\"wp-block-heading\" id=\"h-key-features\"><strong>Caract\u00e9ristiques principales<\/strong><\/h2>\n\n\n\n<ul class=\"wp-block-list\">\n<li><strong>Conception compacte et robuste<\/strong>: L'\u00e9tiquette microcube est log\u00e9e dans un bo\u00eetier en r\u00e9sine durable qui offre une grande r\u00e9sistance aux chocs m\u00e9caniques, aux produits chimiques et aux liquides.<\/li>\n\n\n\n<li><strong>Plage de lecture polyvalente<\/strong>: Il fonctionne en mode RFID en champ proche pour une lecture \u00e0 tr\u00e8s courte port\u00e9e (millim\u00e8tres) et peut \u00e9galement \u00eatre int\u00e9gr\u00e9 \u00e0 des syst\u00e8mes d'antennes externes pour une port\u00e9e de lecture allant jusqu'\u00e0 10 m\u00e8tres.<\/li>\n\n\n\n<li><strong>Large compatibilit\u00e9<\/strong>: Enti\u00e8rement compatible avec une large gamme de lecteurs et de syst\u00e8mes RFID UHF, ce qui garantit une int\u00e9gration harmonieuse dans l'infrastructure existante.<\/li>\n<\/ul>\n\n\n\n<h2 class=\"wp-block-heading\" id=\"h-specifications-of-tmc-3030\">Sp\u00e9cifications du TMC-3030<\/h2>\n\n\n\n<ul class=\"wp-block-list\">\n<li><strong>Fr\u00e9quence de travail<\/strong>Bande de fr\u00e9quences : 865-928MHz (bande FCC existante)<\/li>\n\n\n\n<li><strong>Standard<\/strong>: Conformit\u00e9 ISO\/IEC 18000-63 \/ EPC Global Gen2v2<\/li>\n\n\n\n<li><strong>Dimension<\/strong>: 3,0mm x 3,0mm x 1,0mm<\/li>\n\n\n\n<li><strong>Puce<\/strong>: Impinj M830 \/ M730<\/li>\n\n\n\n<li><strong>R\u00e9sistance \u00e0 la chaleur<\/strong>: Jusqu'\u00e0 280\u00b0C pendant 10 minutes, 160-230\u00b0C pendant 2 heures<\/li>\n\n\n\n<li><strong>R\u00e9sistance \u00e0 la compression<\/strong>: 250N<\/li>\n\n\n\n<li><strong>Mat\u00e9riau du bo\u00eetier<\/strong>: R\u00e9sine de haute qualit\u00e9, \u00e9poxy BT<\/li>\n\n\n\n<li><strong>Certifications<\/strong>: Conformit\u00e9 REACH, RoHS<\/li>\n\n\n\n<li><strong>Emballage et livraison : <\/strong>L'\u00e9tiquette peut \u00eatre livr\u00e9e en pi\u00e8ces ou emball\u00e9e sur une bande en rouleau.<\/li>\n\n\n\n<li><strong>Performance de lecture pour r\u00e9f\u00e9rence<\/strong><\/li>\n<\/ul>\n\n\n\n<figure class=\"wp-block-image size-full\"><img loading=\"lazy\" decoding=\"async\" width=\"517\" height=\"227\" src=\"https:\/\/huayuansh.com\/wp-content\/uploads\/2025\/03\/Reading-performance-of-TMC-3030-M830.webp\" alt=\"Performances de lecture de TMC-3030 M830\" class=\"wp-image-4121\" srcset=\"https:\/\/huayuansh.com\/wp-content\/uploads\/2025\/03\/Reading-performance-of-TMC-3030-M830.webp 517w, https:\/\/huayuansh.com\/wp-content\/uploads\/2025\/03\/Reading-performance-of-TMC-3030-M830-300x132.webp 300w\" sizes=\"auto, (max-width: 517px) 100vw, 517px\" \/><\/figure>\n\n\n\n<h2 class=\"wp-block-heading\" id=\"h-applications\">Applications<\/h2>\n\n\n\n<p>Le Micro Cube Tag RFID de TMC est polyvalent et peut \u00eatre utilis\u00e9 dans une vari\u00e9t\u00e9 d'industries et d'applications, y compris :<\/p>\n\n\n\n<ul class=\"wp-block-list\">\n<li><strong>Suivi du cycle de vie des textiles<\/strong>: L'\u00e9tiquette microcube est un composant essentiel des \u00e9tiquettes de linge RFID utilis\u00e9es dans l'industrie. <a href=\"https:\/\/huayuansh.com\/industry-segments\/rfid-laundry-chain\/\">le suivi et la gestion des textiles<\/a>. Depuis la production et la gestion des stocks jusqu'au nettoyage et \u00e0 l'\u00e9limination, l'\u00e9tiquette permet un suivi pr\u00e9cis de l'ensemble du cycle de vie des textiles tels que le linge d'h\u00f4pital, les uniformes d'h\u00f4tel et les v\u00eatements de travail industriels. Sa capacit\u00e9 \u00e0 r\u00e9sister aux lavages fr\u00e9quents et aux temp\u00e9ratures \u00e9lev\u00e9es garantit des performances durables, optimisant la gestion des textiles et r\u00e9duisant les co\u00fbts d'exploitation.<\/li>\n\n\n\n<li><strong>Lunettes et accessoires<\/strong>: Gr\u00e2ce \u00e0 sa taille ultra-compacte, le micro-cube est id\u00e9al pour les applications suivantes <strong><a href=\"https:\/\/huayuansh.com\/rfid-case-study-ultra-small-rfid-tag-for-eyeglass-frames\/\">montures de lunettes<\/a><\/strong> et d'autres accessoires de grande valeur. Il constitue une solution discr\u00e8te et efficace pour le suivi des stocks ou la gestion des retours dans les environnements de vente au d\u00e9tail.<\/li>\n\n\n\n<li><strong>\u00c9quipement m\u00e9dical<\/strong>: Compacte et robuste, l'\u00e9tiquette microcube est bien adapt\u00e9e aux instruments m\u00e9dicaux, aux outils chirurgicaux et aux processus de st\u00e9rilisation des \u00e9quipements. Sa r\u00e9sistance aux temp\u00e9ratures \u00e9lev\u00e9es et aux produits chimiques de nettoyage garantit des performances fiables et \u00e0 long terme dans les applications de sant\u00e9.<\/li>\n<\/ul>\n\n\n\n<h3 class=\"wp-block-heading\" id=\"h-get-in-touch\"><strong>Prendre contact<\/strong><\/h3>\n\n\n\n<p>L'\u00e9tiquette RFID UHF Micro Cube de TMC est un outil puissant pour le suivi des biens et la gestion des stocks dans les environnements exigeants. Sa polyvalence, sa durabilit\u00e9 et ses capacit\u00e9s d'int\u00e9gration transparente en font un choix de premier ordre dans de nombreux secteurs, garantissant une efficacit\u00e9 et une pr\u00e9cision op\u00e9rationnelles accrues. Qu'elles soient int\u00e9gr\u00e9es dans des pi\u00e8ces industrielles, des \u00e9quipements m\u00e9dicaux ou des textiles, les \u00e9tiquettes RFID de la s\u00e9rie TMC de HUAYUAN donnent des r\u00e9sultats probants, m\u00eame dans les conditions les plus difficiles.<\/p>\n\n\n<style>.wp-block-kadence-advancedbtn.kb-btns4119_197205-d3{gap:var(--global-kb-gap-xs, 0.5rem );justify-content:flex-start;align-items:center;}.kt-btns4119_197205-d3 .kt-button{font-weight:normal;font-style:normal;}.kt-btns4119_197205-d3 .kt-btn-wrap-0{margin-right:5px;}.wp-block-kadence-advancedbtn.kt-btns4119_197205-d3 .kt-btn-wrap-0 .kt-button{color:#555555;border-color:#555555;}.wp-block-kadence-advancedbtn.kt-btns4119_197205-d3 .kt-btn-wrap-0 .kt-button:hover, .wp-block-kadence-advancedbtn.kt-btns4119_197205-d3 .kt-btn-wrap-0 .kt-button:focus{color:#ffffff;border-color:#444444;}.wp-block-kadence-advancedbtn.kt-btns4119_197205-d3 .kt-btn-wrap-0 .kt-button::before{display:none;}.wp-block-kadence-advancedbtn.kt-btns4119_197205-d3 .kt-btn-wrap-0 .kt-button:hover, .wp-block-kadence-advancedbtn.kt-btns4119_197205-d3 .kt-btn-wrap-0 .kt-button:focus{background:#444444;}<\/style>\n<div class=\"wp-block-kadence-advancedbtn kb-buttons-wrap kb-btns4119_197205-d3\"><style>ul.menu .wp-block-kadence-advancedbtn .kb-btn4119_eca6e7-66.kb-button{width:initial;}<\/style><a class=\"kb-button kt-button button kb-btn4119_eca6e7-66 kt-btn-size-standard kt-btn-width-type-auto kb-btn-global-inherit  kt-btn-has-text-true kt-btn-has-svg-false  wp-block-button__link wp-block-kadence-singlebtn\" href=\"https:\/\/huayuansh.com\/contact-us\/\"><span class=\"kt-btn-inner-text\">Nous contacter<\/span><\/a><\/div>","protected":false},"excerpt":{"rendered":"<p>L'\u00e9tiquette TMC UHF Micro Cube Tag est con\u00e7ue pour fonctionner dans des environnements extr\u00eames et difficiles, offrant des solutions RFID tr\u00e8s fiables et polyvalentes. Encapsul\u00e9 dans un bo\u00eetier en r\u00e9sine de haute qualit\u00e9, ce micro tag robuste est id\u00e9al pour les applications o\u00f9 les tags RFID traditionnels ne peuvent pas r\u00e9sister aux conditions difficiles. Gr\u00e2ce \u00e0 sa capacit\u00e9 \u00e0 s'int\u00e9grer de mani\u00e8re transparente dans les...<\/p>","protected":false},"author":1,"featured_media":4132,"parent":854,"menu_order":0,"comment_status":"closed","ping_status":"closed","template":"","meta":{"_kad_blocks_custom_css":"","_kad_blocks_head_custom_js":"","_kad_blocks_body_custom_js":"","_kad_blocks_footer_custom_js":"","_kadence_starter_templates_imported_post":false,"_kad_post_transparent":"","_kad_post_title":"","_kad_post_layout":"","_kad_post_sidebar_id":"","_kad_post_content_style":"","_kad_post_vertical_padding":"","_kad_post_feature":"","_kad_post_feature_position":"","_kad_post_header":false,"_kad_post_footer":false,"footnotes":""},"class_list":["post-4119","page","type-page","status-publish","has-post-thumbnail","hentry"],"yoast_head":"<!-- This site is optimized with the Yoast SEO Premium plugin v23.0 (Yoast SEO v26.3) - https:\/\/yoast.com\/wordpress\/plugins\/seo\/ -->\n<title>TMC UHF Micro Cube Tag | HUAYUAN RFID Tag Manufacturer<\/title>\n<meta name=\"description\" content=\"Discover the durable TMC UHF RFID Micro Cube Tag, ideal for asset tracking, industrial, and medical applications.\" \/>\n<meta name=\"robots\" content=\"index, follow, max-snippet:-1, max-image-preview:large, max-video-preview:-1\" \/>\n<link rel=\"canonical\" href=\"https:\/\/huayuansh.com\/fr\/produits\/etiquettes-rfid-industrielles\/etiquette-micro-cube-uhf-tmc\/\" \/>\n<meta property=\"og:locale\" content=\"fr_FR\" \/>\n<meta property=\"og:type\" content=\"article\" \/>\n<meta property=\"og:title\" content=\"TMC UHF Micro Cube Tag\" \/>\n<meta property=\"og:description\" content=\"Discover the durable TMC UHF RFID Micro Cube Tag, ideal for asset tracking, industrial, and medical applications.\" \/>\n<meta property=\"og:url\" content=\"https:\/\/huayuansh.com\/fr\/produits\/etiquettes-rfid-industrielles\/etiquette-micro-cube-uhf-tmc\/\" \/>\n<meta property=\"og:site_name\" content=\"HUAYUAN RFID Tag Manufacturer\" \/>\n<meta property=\"article:modified_time\" content=\"2025-03-06T01:11:57+00:00\" \/>\n<meta property=\"og:image\" content=\"https:\/\/huayuansh.com\/wp-content\/uploads\/2025\/03\/TMC-UHF-RFID-Micro-Cube-Tags.webp\" \/>\n\t<meta property=\"og:image:width\" content=\"1920\" \/>\n\t<meta property=\"og:image:height\" content=\"1080\" \/>\n\t<meta property=\"og:image:type\" content=\"image\/webp\" \/>\n<meta name=\"twitter:card\" content=\"summary_large_image\" \/>\n<meta name=\"twitter:label1\" content=\"Dur\u00e9e de lecture estim\u00e9e\" \/>\n\t<meta name=\"twitter:data1\" content=\"3 minutes\" \/>\n<script type=\"application\/ld+json\" class=\"yoast-schema-graph\">{\"@context\":\"https:\/\/schema.org\",\"@graph\":[{\"@type\":\"WebPage\",\"@id\":\"https:\/\/huayuansh.com\/products\/industrial-rfid-tags\/tmc-uhf-micro-cube-tag\/\",\"url\":\"https:\/\/huayuansh.com\/products\/industrial-rfid-tags\/tmc-uhf-micro-cube-tag\/\",\"name\":\"TMC UHF Micro Cube Tag | HUAYUAN RFID Tag Manufacturer\",\"isPartOf\":{\"@id\":\"https:\/\/huayuansh.com\/#website\"},\"primaryImageOfPage\":{\"@id\":\"https:\/\/huayuansh.com\/products\/industrial-rfid-tags\/tmc-uhf-micro-cube-tag\/#primaryimage\"},\"image\":{\"@id\":\"https:\/\/huayuansh.com\/products\/industrial-rfid-tags\/tmc-uhf-micro-cube-tag\/#primaryimage\"},\"thumbnailUrl\":\"https:\/\/huayuansh.com\/wp-content\/uploads\/2025\/03\/TMC-UHF-RFID-Micro-Cube-Tags.webp\",\"datePublished\":\"2025-03-03T07:47:10+00:00\",\"dateModified\":\"2025-03-06T01:11:57+00:00\",\"description\":\"Discover the durable TMC UHF RFID Micro Cube Tag, ideal for asset tracking, industrial, and medical applications.\",\"breadcrumb\":{\"@id\":\"https:\/\/huayuansh.com\/products\/industrial-rfid-tags\/tmc-uhf-micro-cube-tag\/#breadcrumb\"},\"inLanguage\":\"fr-FR\",\"potentialAction\":[{\"@type\":\"ReadAction\",\"target\":[\"https:\/\/huayuansh.com\/products\/industrial-rfid-tags\/tmc-uhf-micro-cube-tag\/\"]}]},{\"@type\":\"ImageObject\",\"inLanguage\":\"fr-FR\",\"@id\":\"https:\/\/huayuansh.com\/products\/industrial-rfid-tags\/tmc-uhf-micro-cube-tag\/#primaryimage\",\"url\":\"https:\/\/huayuansh.com\/wp-content\/uploads\/2025\/03\/TMC-UHF-RFID-Micro-Cube-Tags.webp\",\"contentUrl\":\"https:\/\/huayuansh.com\/wp-content\/uploads\/2025\/03\/TMC-UHF-RFID-Micro-Cube-Tags.webp\",\"width\":1920,\"height\":1080,\"caption\":\"TMC UHF RFID Micro Cube Tags\"},{\"@type\":\"BreadcrumbList\",\"@id\":\"https:\/\/huayuansh.com\/products\/industrial-rfid-tags\/tmc-uhf-micro-cube-tag\/#breadcrumb\",\"itemListElement\":[{\"@type\":\"ListItem\",\"position\":1,\"name\":\"Home\",\"item\":\"https:\/\/huayuansh.com\/\"},{\"@type\":\"ListItem\",\"position\":2,\"name\":\"RFID Products\",\"item\":\"https:\/\/huayuansh.com\/products\/\"},{\"@type\":\"ListItem\",\"position\":3,\"name\":\"Industrial RFID Tags\",\"item\":\"https:\/\/huayuansh.com\/products\/industrial-rfid-tags\/\"},{\"@type\":\"ListItem\",\"position\":4,\"name\":\"TMC UHF Micro Cube Tag\"}]},{\"@type\":\"WebSite\",\"@id\":\"https:\/\/huayuansh.com\/#website\",\"url\":\"https:\/\/huayuansh.com\/\",\"name\":\"HUAYUAN RFID Tag Manufacturer\",\"description\":\"HUAYUAN RFID Tag Manufacturer\",\"publisher\":{\"@id\":\"https:\/\/huayuansh.com\/#organization\"},\"potentialAction\":[{\"@type\":\"SearchAction\",\"target\":{\"@type\":\"EntryPoint\",\"urlTemplate\":\"https:\/\/huayuansh.com\/?s={search_term_string}\"},\"query-input\":{\"@type\":\"PropertyValueSpecification\",\"valueRequired\":true,\"valueName\":\"search_term_string\"}}],\"inLanguage\":\"fr-FR\"},{\"@type\":\"Organization\",\"@id\":\"https:\/\/huayuansh.com\/#organization\",\"name\":\"HUAYUAN RFID Tag Manufacturer\",\"url\":\"https:\/\/huayuansh.com\/\",\"logo\":{\"@type\":\"ImageObject\",\"inLanguage\":\"fr-FR\",\"@id\":\"https:\/\/huayuansh.com\/#\/schema\/logo\/image\/\",\"url\":\"https:\/\/huayuansh.com\/wp-content\/uploads\/2024\/09\/cropped-HUAYUAN.webp\",\"contentUrl\":\"https:\/\/huayuansh.com\/wp-content\/uploads\/2024\/09\/cropped-HUAYUAN.webp\",\"width\":895,\"height\":279,\"caption\":\"HUAYUAN RFID Tag Manufacturer\"},\"image\":{\"@id\":\"https:\/\/huayuansh.com\/#\/schema\/logo\/image\/\"}}]}<\/script>\n<!-- \/ Yoast SEO Premium plugin. -->","yoast_head_json":{"title":"TMC UHF Micro Cube Tag | HUAYUAN RFID Tag Manufacturer","description":"D\u00e9couvrez le micro-cube RFID TMC UHF, id\u00e9al pour le suivi des biens, les applications industrielles et m\u00e9dicales.","robots":{"index":"index","follow":"follow","max-snippet":"max-snippet:-1","max-image-preview":"max-image-preview:large","max-video-preview":"max-video-preview:-1"},"canonical":"https:\/\/huayuansh.com\/fr\/produits\/etiquettes-rfid-industrielles\/etiquette-micro-cube-uhf-tmc\/","og_locale":"fr_FR","og_type":"article","og_title":"TMC UHF Micro Cube Tag","og_description":"Discover the durable TMC UHF RFID Micro Cube Tag, ideal for asset tracking, industrial, and medical applications.","og_url":"https:\/\/huayuansh.com\/fr\/produits\/etiquettes-rfid-industrielles\/etiquette-micro-cube-uhf-tmc\/","og_site_name":"HUAYUAN RFID Tag Manufacturer","article_modified_time":"2025-03-06T01:11:57+00:00","og_image":[{"width":1920,"height":1080,"url":"https:\/\/huayuansh.com\/wp-content\/uploads\/2025\/03\/TMC-UHF-RFID-Micro-Cube-Tags.webp","type":"image\/webp"}],"twitter_card":"summary_large_image","twitter_misc":{"Dur\u00e9e de lecture estim\u00e9e":"3 minutes"},"schema":{"@context":"https:\/\/schema.org","@graph":[{"@type":"WebPage","@id":"https:\/\/huayuansh.com\/products\/industrial-rfid-tags\/tmc-uhf-micro-cube-tag\/","url":"https:\/\/huayuansh.com\/products\/industrial-rfid-tags\/tmc-uhf-micro-cube-tag\/","name":"TMC UHF Micro Cube Tag | HUAYUAN RFID Tag Manufacturer","isPartOf":{"@id":"https:\/\/huayuansh.com\/#website"},"primaryImageOfPage":{"@id":"https:\/\/huayuansh.com\/products\/industrial-rfid-tags\/tmc-uhf-micro-cube-tag\/#primaryimage"},"image":{"@id":"https:\/\/huayuansh.com\/products\/industrial-rfid-tags\/tmc-uhf-micro-cube-tag\/#primaryimage"},"thumbnailUrl":"https:\/\/huayuansh.com\/wp-content\/uploads\/2025\/03\/TMC-UHF-RFID-Micro-Cube-Tags.webp","datePublished":"2025-03-03T07:47:10+00:00","dateModified":"2025-03-06T01:11:57+00:00","description":"D\u00e9couvrez le micro-cube RFID TMC UHF, id\u00e9al pour le suivi des biens, les applications industrielles et m\u00e9dicales.","breadcrumb":{"@id":"https:\/\/huayuansh.com\/products\/industrial-rfid-tags\/tmc-uhf-micro-cube-tag\/#breadcrumb"},"inLanguage":"fr-FR","potentialAction":[{"@type":"ReadAction","target":["https:\/\/huayuansh.com\/products\/industrial-rfid-tags\/tmc-uhf-micro-cube-tag\/"]}]},{"@type":"ImageObject","inLanguage":"fr-FR","@id":"https:\/\/huayuansh.com\/products\/industrial-rfid-tags\/tmc-uhf-micro-cube-tag\/#primaryimage","url":"https:\/\/huayuansh.com\/wp-content\/uploads\/2025\/03\/TMC-UHF-RFID-Micro-Cube-Tags.webp","contentUrl":"https:\/\/huayuansh.com\/wp-content\/uploads\/2025\/03\/TMC-UHF-RFID-Micro-Cube-Tags.webp","width":1920,"height":1080,"caption":"TMC UHF RFID Micro Cube Tags"},{"@type":"BreadcrumbList","@id":"https:\/\/huayuansh.com\/products\/industrial-rfid-tags\/tmc-uhf-micro-cube-tag\/#breadcrumb","itemListElement":[{"@type":"ListItem","position":1,"name":"Home","item":"https:\/\/huayuansh.com\/"},{"@type":"ListItem","position":2,"name":"RFID Products","item":"https:\/\/huayuansh.com\/products\/"},{"@type":"ListItem","position":3,"name":"Industrial RFID Tags","item":"https:\/\/huayuansh.com\/products\/industrial-rfid-tags\/"},{"@type":"ListItem","position":4,"name":"TMC UHF Micro Cube Tag"}]},{"@type":"WebSite","@id":"https:\/\/huayuansh.com\/#website","url":"https:\/\/huayuansh.com\/","name":"Fabricant d'\u00e9tiquettes RFID HUAYUAN","description":"Fabricant d'\u00e9tiquettes RFID HUAYUAN","publisher":{"@id":"https:\/\/huayuansh.com\/#organization"},"potentialAction":[{"@type":"SearchAction","target":{"@type":"EntryPoint","urlTemplate":"https:\/\/huayuansh.com\/?s={search_term_string}"},"query-input":{"@type":"PropertyValueSpecification","valueRequired":true,"valueName":"search_term_string"}}],"inLanguage":"fr-FR"},{"@type":"Organization","@id":"https:\/\/huayuansh.com\/#organization","name":"Fabricant d'\u00e9tiquettes RFID HUAYUAN","url":"https:\/\/huayuansh.com\/","logo":{"@type":"ImageObject","inLanguage":"fr-FR","@id":"https:\/\/huayuansh.com\/#\/schema\/logo\/image\/","url":"https:\/\/huayuansh.com\/wp-content\/uploads\/2024\/09\/cropped-HUAYUAN.webp","contentUrl":"https:\/\/huayuansh.com\/wp-content\/uploads\/2024\/09\/cropped-HUAYUAN.webp","width":895,"height":279,"caption":"HUAYUAN RFID Tag Manufacturer"},"image":{"@id":"https:\/\/huayuansh.com\/#\/schema\/logo\/image\/"}}]}},"taxonomy_info":[],"featured_image_src_large":["https:\/\/huayuansh.com\/wp-content\/uploads\/2025\/03\/TMC-UHF-RFID-Micro-Cube-Tags-1024x576.webp",1024,576,true],"author_info":{"display_name":"HUAYUAN","author_link":"https:\/\/huayuansh.com\/fr\/author\/shyec2024\/"},"comment_info":0,"_links":{"self":[{"href":"https:\/\/huayuansh.com\/fr\/wp-json\/wp\/v2\/pages\/4119","targetHints":{"allow":["GET"]}}],"collection":[{"href":"https:\/\/huayuansh.com\/fr\/wp-json\/wp\/v2\/pages"}],"about":[{"href":"https:\/\/huayuansh.com\/fr\/wp-json\/wp\/v2\/types\/page"}],"author":[{"embeddable":true,"href":"https:\/\/huayuansh.com\/fr\/wp-json\/wp\/v2\/users\/1"}],"replies":[{"embeddable":true,"href":"https:\/\/huayuansh.com\/fr\/wp-json\/wp\/v2\/comments?post=4119"}],"version-history":[{"count":4,"href":"https:\/\/huayuansh.com\/fr\/wp-json\/wp\/v2\/pages\/4119\/revisions"}],"predecessor-version":[{"id":4143,"href":"https:\/\/huayuansh.com\/fr\/wp-json\/wp\/v2\/pages\/4119\/revisions\/4143"}],"up":[{"embeddable":true,"href":"https:\/\/huayuansh.com\/fr\/wp-json\/wp\/v2\/pages\/854"}],"wp:featuredmedia":[{"embeddable":true,"href":"https:\/\/huayuansh.com\/fr\/wp-json\/wp\/v2\/media\/4132"}],"wp:attachment":[{"href":"https:\/\/huayuansh.com\/fr\/wp-json\/wp\/v2\/media?parent=4119"}],"curies":[{"name":"wp","href":"https:\/\/api.w.org\/{rel}","templated":true}]}}