{"id":4200,"date":"2025-05-09T19:41:56","date_gmt":"2025-05-09T11:41:56","guid":{"rendered":"https:\/\/huayuansh.com\/?page_id=4200"},"modified":"2025-05-09T19:42:01","modified_gmt":"2025-05-09T11:42:01","slug":"rfid-pour-bijoux","status":"publish","type":"page","link":"https:\/\/huayuansh.com\/fr\/segments-industriels\/rfid-pour-bijoux\/","title":{"rendered":"La RFID pour la bijouterie"},"content":{"rendered":"<p>Les d\u00e9taillants de bijoux de luxe g\u00e8rent souvent des collections qui sont \u00e0 la fois de grande valeur et de conception d\u00e9licate. Avec des milliers de petits articles pr\u00e9cieux qui passent par la production, le stockage et l'exposition, le maintien d'un inventaire pr\u00e9cis et la r\u00e9duction des pertes constituent un d\u00e9fi permanent. <strong>RFID<\/strong> (identification par radiofr\u00e9quence) permet de rationaliser ces processus tout en maintenant une exp\u00e9rience client de qualit\u00e9.<\/p>\n\n\n\n<div class=\"wp-block-columns are-vertically-aligned-center is-layout-flex wp-container-core-columns-is-layout-9d6595d7 wp-block-columns-is-layout-flex\">\n<div class=\"wp-block-column is-vertically-aligned-center is-layout-flow wp-block-column-is-layout-flow\" style=\"flex-basis:65%\">\n<h2 class=\"wp-block-heading\" id=\"h-rfid-technology-for-jewellery-management\"><strong>La technologie RFID pour la gestion des bijoux<\/strong><\/h2>\n\n\n\n<p>Les bagues, boucles d'oreilles, montres et autres bijoux fins n\u00e9cessitent une manipulation soigneuse et un suivi pr\u00e9cis. Les m\u00e9thodes manuelles telles que la lecture de codes-barres peuvent ne pas offrir la rapidit\u00e9 ou la pr\u00e9cision n\u00e9cessaires. La RFID offre une solution automatis\u00e9e et sans contact en attachant des \u00e9tiquettes RFID \u00e0 chaque article. Cela permet une visibilit\u00e9 en temps r\u00e9el de l'inventaire \u00e0 tous les stades de la cha\u00eene d'approvisionnement. Pour les bijouteries qui cherchent \u00e0 r\u00e9duire les pertes et \u00e0 simplifier les op\u00e9rations quotidiennes, la RFID offre une alternative moderne qui s'int\u00e8gre parfaitement dans les environnements de vente au d\u00e9tail de produits de luxe.<\/p>\n<\/div>\n\n\n\n<div class=\"wp-block-column is-vertically-aligned-center is-layout-flow wp-block-column-is-layout-flow\" style=\"flex-basis:35%\">\n<figure class=\"wp-block-image size-full\"><img loading=\"lazy\" decoding=\"async\" width=\"600\" height=\"600\" src=\"https:\/\/huayuansh.com\/wp-content\/uploads\/2025\/05\/RFID-for-Jewellery-Management.webp\" alt=\"La RFID pour la gestion des bijoux\" class=\"wp-image-4201\" style=\"aspect-ratio:4\/3;object-fit:cover\" srcset=\"https:\/\/huayuansh.com\/wp-content\/uploads\/2025\/05\/RFID-for-Jewellery-Management.webp 600w, https:\/\/huayuansh.com\/wp-content\/uploads\/2025\/05\/RFID-for-Jewellery-Management-300x300.webp 300w, https:\/\/huayuansh.com\/wp-content\/uploads\/2025\/05\/RFID-for-Jewellery-Management-150x150.webp 150w\" sizes=\"auto, (max-width: 600px) 100vw, 600px\" \/><\/figure>\n<\/div>\n<\/div>\n\n\n\n<div class=\"wp-block-columns are-vertically-aligned-top is-layout-flex wp-container-core-columns-is-layout-9d6595d7 wp-block-columns-is-layout-flex\">\n<div class=\"wp-block-column is-vertically-aligned-top is-layout-flow wp-block-column-is-layout-flow\" style=\"flex-basis:35%\">\n<figure class=\"wp-block-image\"><img loading=\"lazy\" decoding=\"async\" width=\"600\" height=\"600\" src=\"https:\/\/huayuansh.com\/wp-content\/uploads\/2025\/05\/RFID-Tag-for-Jewellery.webp\" alt=\"\u00c9tiquettes RFID pour bijoux\" class=\"wp-image-4202\" srcset=\"https:\/\/huayuansh.com\/wp-content\/uploads\/2025\/05\/RFID-Tag-for-Jewellery.webp 600w, https:\/\/huayuansh.com\/wp-content\/uploads\/2025\/05\/RFID-Tag-for-Jewellery-300x300.webp 300w, https:\/\/huayuansh.com\/wp-content\/uploads\/2025\/05\/RFID-Tag-for-Jewellery-150x150.webp 150w\" sizes=\"auto, (max-width: 600px) 100vw, 600px\" \/><\/figure>\n<\/div>\n\n\n\n<div class=\"wp-block-column is-vertically-aligned-top is-layout-flow wp-block-column-is-layout-flow\" style=\"flex-basis:65%\">\n<h2 class=\"wp-block-heading\" id=\"h-rfid-tags-for-jewellery\"><strong>\u00c9tiquettes RFID pour bijoux<\/strong><\/h2>\n\n\n\n<p>Les \u00e9tiquettes RFID UHF pour bijoux sont con\u00e7ues pour r\u00e9pondre aux besoins sp\u00e9cifiques du suivi des bijoux. Con\u00e7ues pour \u00eatre discr\u00e8tes et faciles \u00e0 attacher, ces \u00e9tiquettes fonctionnent pour toute une s\u00e9rie de types d'articles sans alt\u00e9rer l'exp\u00e9rience du client ou la pr\u00e9sentation de la marque.<br>Les principales caract\u00e9ristiques sont les suivantes :<\/p>\n\n\n\n<ul class=\"wp-block-list\">\n<li>Lecture rapide et pr\u00e9cise, m\u00eame dans les vitrines \u00e0 forte densit\u00e9 de population.<\/li>\n\n\n\n<li>Des plages de lecture \u00e9tendues, permettant un balayage en vrac efficace lors des audits.<\/li>\n<\/ul>\n\n\n\n<p>Ces \u00e9tiquettes sont con\u00e7ues pour am\u00e9liorer la visibilit\u00e9 des stocks et rationaliser les t\u00e2ches d'inventaire, sans perturber les pr\u00e9sentoirs ou les formats d'emballage existants.<\/p>\n<\/div>\n<\/div>\n\n\n\n<h2 class=\"wp-block-heading\" id=\"h-benefits-of-rfid-in-jewelry-retail\"><strong>Avantages de la RFID dans le secteur de la bijouterie<\/strong><\/h2>\n\n\n\n<ol start=\"1\" class=\"wp-block-list\">\n<li><strong>Inventaire pr\u00e9cis en temps r\u00e9el<\/strong><br>La RFID permet des inventaires rapides et des mises \u00e0 jour en temps r\u00e9el, ce qui aide les marques \u00e0 minimiser les erreurs et \u00e0 mieux contr\u00f4ler les niveaux de stock.<\/li>\n\n\n\n<li><strong>S\u00e9curit\u00e9 renforc\u00e9e et pr\u00e9vention des pertes<\/strong><br>Gr\u00e2ce au suivi des articles et des mouvements, la RFID permet de r\u00e9duire la d\u00e9marque interne et d'am\u00e9liorer les protocoles de pr\u00e9vention des vols.<\/li>\n\n\n\n<li><strong>Rationalisation op\u00e9rationnelle<\/strong><br>Les processus tels que les retours, les transferts de stock et les contr\u00f4les d'exp\u00e9dition deviennent plus rapides et plus fiables gr\u00e2ce \u00e0 l'int\u00e9gration de la RFID.<\/li>\n\n\n\n<li><strong>Am\u00e9lioration de l'exp\u00e9rience client<\/strong><br>La RFID permet au personnel de localiser plus facilement les produits et d'offrir une assistance \u00e9clair\u00e9e, ce qui contribue \u00e0 am\u00e9liorer le service et la satisfaction des clients.<\/li>\n\n\n\n<li><strong>Renforcement de l'image de marque<\/strong><br>L'int\u00e9gration de la RFID refl\u00e8te l'engagement d'une marque en faveur de l'innovation, de l'efficacit\u00e9 et de la transparence - des valeurs essentielles sur le march\u00e9 actuel du luxe.<\/li>\n<\/ol>\n\n\n\n<h3 class=\"wp-block-heading\" id=\"h-get-in-touch\"><strong>Prendre contact<\/strong><\/h3>\n\n\n\n<p>Alors que l'industrie de la bijouterie continue d'\u00e9voluer, l'int\u00e9gration de la RFID constitue une \u00e9tape fiable vers une visibilit\u00e9 et une efficacit\u00e9 accrues. Nos \u00e9tiquettes RFID UHF pour bijoux sont con\u00e7ues pour r\u00e9pondre aux besoins sp\u00e9cifiques des marques de bijoux. Elles am\u00e9liorent les op\u00e9rations quotidiennes tout en pr\u00e9servant la pr\u00e9sentation des produits et l'image de marque.<br>Vous souhaitez savoir comment la RFID peut soutenir votre strat\u00e9gie de croissance ? Contactez-nous d\u00e8s aujourd'hui pour \u00e9tudier une solution d'\u00e9tiquetage adapt\u00e9e \u00e0 votre entreprise.<\/p>\n\n\n<style>.wp-block-kadence-advancedbtn.kb-btns4200_fbb456-73{gap:var(--global-kb-gap-xs, 0.5rem );justify-content:flex-start;align-items:center;}.kt-btns4200_fbb456-73 .kt-button{font-weight:normal;font-style:normal;}.kt-btns4200_fbb456-73 .kt-btn-wrap-0{margin-right:5px;}.wp-block-kadence-advancedbtn.kt-btns4200_fbb456-73 .kt-btn-wrap-0 .kt-button{color:#555555;border-color:#555555;}.wp-block-kadence-advancedbtn.kt-btns4200_fbb456-73 .kt-btn-wrap-0 .kt-button:hover, .wp-block-kadence-advancedbtn.kt-btns4200_fbb456-73 .kt-btn-wrap-0 .kt-button:focus{color:#ffffff;border-color:#444444;}.wp-block-kadence-advancedbtn.kt-btns4200_fbb456-73 .kt-btn-wrap-0 .kt-button::before{display:none;}.wp-block-kadence-advancedbtn.kt-btns4200_fbb456-73 .kt-btn-wrap-0 .kt-button:hover, .wp-block-kadence-advancedbtn.kt-btns4200_fbb456-73 .kt-btn-wrap-0 .kt-button:focus{background:#444444;}<\/style>\n<div class=\"wp-block-kadence-advancedbtn kb-buttons-wrap kb-btns4200_fbb456-73\"><style>.wp-block-kadence-advancedbtn .kb-btn4200_c491ef-b0.kb-button, ul.menu .wp-block-kadence-advancedbtn .kb-btn4200_c491ef-b0.kb-button{width:200px;}<\/style><a class=\"kb-button kt-button button kb-btn4200_c491ef-b0 kt-btn-size-small kt-btn-width-type-fixed kb-btn-global-inherit  kt-btn-has-text-true kt-btn-has-svg-false  wp-block-button__link wp-block-kadence-singlebtn\" href=\"https:\/\/huayuansh.com\/contact-us\/\"><span class=\"kt-btn-inner-text\">Nous contacter<\/span><\/a><\/div>\n\n\n\n<p><\/p>","protected":false},"excerpt":{"rendered":"<p>Luxury jewellery retailers often manage collections that are both high in value and delicate in design. With thousands of small, precious items moving through production, storage, and display, maintaining accurate inventory and reducing loss is an ongoing challenge. RFID (Radio Frequency Identification) technology provides a way to streamline these processes while maintaining a premium customer&#8230;<\/p>","protected":false},"author":1,"featured_media":4203,"parent":731,"menu_order":0,"comment_status":"closed","ping_status":"closed","template":"","meta":{"_kad_blocks_custom_css":"","_kad_blocks_head_custom_js":"","_kad_blocks_body_custom_js":"","_kad_blocks_footer_custom_js":"","_kadence_starter_templates_imported_post":false,"_kad_post_transparent":"","_kad_post_title":"","_kad_post_layout":"","_kad_post_sidebar_id":"","_kad_post_content_style":"","_kad_post_vertical_padding":"","_kad_post_feature":"","_kad_post_feature_position":"","_kad_post_header":false,"_kad_post_footer":false,"footnotes":""},"class_list":["post-4200","page","type-page","status-publish","has-post-thumbnail","hentry"],"yoast_head":"<!-- This site is optimized with the Yoast SEO Premium plugin v23.0 (Yoast SEO v26.3) - https:\/\/yoast.com\/wordpress\/plugins\/seo\/ -->\n<title>RFID for Jewellery | HUAYUAN RFID Tag Manufacturer<\/title>\n<meta name=\"description\" content=\"Enhance jewellery inventory management with UHF RFID jewellery tags. Improve tracking, reduce losses, and streamline operations without compromising aesthetics. Discover RFID solutions tailored for jewellery brands.\" \/>\n<meta name=\"robots\" content=\"index, follow, max-snippet:-1, max-image-preview:large, max-video-preview:-1\" \/>\n<link rel=\"canonical\" href=\"https:\/\/huayuansh.com\/fr\/segments-industriels\/rfid-pour-bijoux\/\" \/>\n<meta property=\"og:locale\" content=\"fr_FR\" \/>\n<meta property=\"og:type\" content=\"article\" \/>\n<meta property=\"og:title\" content=\"RFID for Jewellery\" \/>\n<meta property=\"og:description\" content=\"Enhance jewellery inventory management with UHF RFID jewellery tags. Improve tracking, reduce losses, and streamline operations without compromising aesthetics. Discover RFID solutions tailored for jewellery brands.\" \/>\n<meta property=\"og:url\" content=\"https:\/\/huayuansh.com\/fr\/segments-industriels\/rfid-pour-bijoux\/\" \/>\n<meta property=\"og:site_name\" content=\"HUAYUAN RFID Tag Manufacturer\" \/>\n<meta property=\"article:modified_time\" content=\"2025-05-09T11:42:01+00:00\" \/>\n<meta property=\"og:image\" content=\"https:\/\/huayuansh.com\/wp-content\/uploads\/2025\/05\/RFID-Jewellery-Tags-for-Jewelry-Retail.webp\" \/>\n\t<meta property=\"og:image:width\" content=\"1920\" \/>\n\t<meta property=\"og:image:height\" content=\"1080\" \/>\n\t<meta property=\"og:image:type\" content=\"image\/webp\" \/>\n<meta name=\"twitter:card\" content=\"summary_large_image\" \/>\n<meta name=\"twitter:label1\" content=\"Dur\u00e9e de lecture estim\u00e9e\" \/>\n\t<meta name=\"twitter:data1\" content=\"3 minutes\" \/>\n<script type=\"application\/ld+json\" class=\"yoast-schema-graph\">{\"@context\":\"https:\/\/schema.org\",\"@graph\":[{\"@type\":\"WebPage\",\"@id\":\"https:\/\/huayuansh.com\/industry-segments\/rfid-for-jewellery\/\",\"url\":\"https:\/\/huayuansh.com\/industry-segments\/rfid-for-jewellery\/\",\"name\":\"RFID for Jewellery | HUAYUAN RFID Tag Manufacturer\",\"isPartOf\":{\"@id\":\"https:\/\/huayuansh.com\/#website\"},\"primaryImageOfPage\":{\"@id\":\"https:\/\/huayuansh.com\/industry-segments\/rfid-for-jewellery\/#primaryimage\"},\"image\":{\"@id\":\"https:\/\/huayuansh.com\/industry-segments\/rfid-for-jewellery\/#primaryimage\"},\"thumbnailUrl\":\"https:\/\/huayuansh.com\/wp-content\/uploads\/2025\/05\/RFID-Jewellery-Tags-for-Jewelry-Retail.webp\",\"datePublished\":\"2025-05-09T11:41:56+00:00\",\"dateModified\":\"2025-05-09T11:42:01+00:00\",\"description\":\"Enhance jewellery inventory management with UHF RFID jewellery tags. Improve tracking, reduce losses, and streamline operations without compromising aesthetics. Discover RFID solutions tailored for jewellery brands.\",\"breadcrumb\":{\"@id\":\"https:\/\/huayuansh.com\/industry-segments\/rfid-for-jewellery\/#breadcrumb\"},\"inLanguage\":\"fr-FR\",\"potentialAction\":[{\"@type\":\"ReadAction\",\"target\":[\"https:\/\/huayuansh.com\/industry-segments\/rfid-for-jewellery\/\"]}]},{\"@type\":\"ImageObject\",\"inLanguage\":\"fr-FR\",\"@id\":\"https:\/\/huayuansh.com\/industry-segments\/rfid-for-jewellery\/#primaryimage\",\"url\":\"https:\/\/huayuansh.com\/wp-content\/uploads\/2025\/05\/RFID-Jewellery-Tags-for-Jewelry-Retail.webp\",\"contentUrl\":\"https:\/\/huayuansh.com\/wp-content\/uploads\/2025\/05\/RFID-Jewellery-Tags-for-Jewelry-Retail.webp\",\"width\":1920,\"height\":1080,\"caption\":\"RFID Jewellery Tags for Jewelry Retail\"},{\"@type\":\"BreadcrumbList\",\"@id\":\"https:\/\/huayuansh.com\/industry-segments\/rfid-for-jewellery\/#breadcrumb\",\"itemListElement\":[{\"@type\":\"ListItem\",\"position\":1,\"name\":\"Home\",\"item\":\"https:\/\/huayuansh.com\/\"},{\"@type\":\"ListItem\",\"position\":2,\"name\":\"Industry Segments\",\"item\":\"https:\/\/huayuansh.com\/industry-segments\/\"},{\"@type\":\"ListItem\",\"position\":3,\"name\":\"RFID for Jewellery\"}]},{\"@type\":\"WebSite\",\"@id\":\"https:\/\/huayuansh.com\/#website\",\"url\":\"https:\/\/huayuansh.com\/\",\"name\":\"HUAYUAN RFID Tag Manufacturer\",\"description\":\"HUAYUAN RFID Tag Manufacturer\",\"publisher\":{\"@id\":\"https:\/\/huayuansh.com\/#organization\"},\"potentialAction\":[{\"@type\":\"SearchAction\",\"target\":{\"@type\":\"EntryPoint\",\"urlTemplate\":\"https:\/\/huayuansh.com\/?s={search_term_string}\"},\"query-input\":{\"@type\":\"PropertyValueSpecification\",\"valueRequired\":true,\"valueName\":\"search_term_string\"}}],\"inLanguage\":\"fr-FR\"},{\"@type\":\"Organization\",\"@id\":\"https:\/\/huayuansh.com\/#organization\",\"name\":\"HUAYUAN RFID Tag Manufacturer\",\"url\":\"https:\/\/huayuansh.com\/\",\"logo\":{\"@type\":\"ImageObject\",\"inLanguage\":\"fr-FR\",\"@id\":\"https:\/\/huayuansh.com\/#\/schema\/logo\/image\/\",\"url\":\"https:\/\/huayuansh.com\/wp-content\/uploads\/2024\/09\/cropped-HUAYUAN.webp\",\"contentUrl\":\"https:\/\/huayuansh.com\/wp-content\/uploads\/2024\/09\/cropped-HUAYUAN.webp\",\"width\":895,\"height\":279,\"caption\":\"HUAYUAN RFID Tag Manufacturer\"},\"image\":{\"@id\":\"https:\/\/huayuansh.com\/#\/schema\/logo\/image\/\"}}]}<\/script>\n<!-- \/ Yoast SEO Premium plugin. -->","yoast_head_json":{"title":"RFID pour bijoux | Fabricant d'\u00e9tiquettes RFID HUAYUAN","description":"Am\u00e9liorez la gestion des stocks de bijoux gr\u00e2ce aux \u00e9tiquettes RFID UHF pour bijoux. Am\u00e9liorez le suivi, r\u00e9duisez les pertes et rationalisez les op\u00e9rations sans compromettre l'esth\u00e9tique. D\u00e9couvrez les solutions RFID adapt\u00e9es aux marques de joaillerie.","robots":{"index":"index","follow":"follow","max-snippet":"max-snippet:-1","max-image-preview":"max-image-preview:large","max-video-preview":"max-video-preview:-1"},"canonical":"https:\/\/huayuansh.com\/fr\/segments-industriels\/rfid-pour-bijoux\/","og_locale":"fr_FR","og_type":"article","og_title":"RFID for Jewellery","og_description":"Enhance jewellery inventory management with UHF RFID jewellery tags. Improve tracking, reduce losses, and streamline operations without compromising aesthetics. Discover RFID solutions tailored for jewellery brands.","og_url":"https:\/\/huayuansh.com\/fr\/segments-industriels\/rfid-pour-bijoux\/","og_site_name":"HUAYUAN RFID Tag Manufacturer","article_modified_time":"2025-05-09T11:42:01+00:00","og_image":[{"width":1920,"height":1080,"url":"https:\/\/huayuansh.com\/wp-content\/uploads\/2025\/05\/RFID-Jewellery-Tags-for-Jewelry-Retail.webp","type":"image\/webp"}],"twitter_card":"summary_large_image","twitter_misc":{"Dur\u00e9e de lecture estim\u00e9e":"3 minutes"},"schema":{"@context":"https:\/\/schema.org","@graph":[{"@type":"WebPage","@id":"https:\/\/huayuansh.com\/industry-segments\/rfid-for-jewellery\/","url":"https:\/\/huayuansh.com\/industry-segments\/rfid-for-jewellery\/","name":"RFID pour bijoux | Fabricant d'\u00e9tiquettes RFID HUAYUAN","isPartOf":{"@id":"https:\/\/huayuansh.com\/#website"},"primaryImageOfPage":{"@id":"https:\/\/huayuansh.com\/industry-segments\/rfid-for-jewellery\/#primaryimage"},"image":{"@id":"https:\/\/huayuansh.com\/industry-segments\/rfid-for-jewellery\/#primaryimage"},"thumbnailUrl":"https:\/\/huayuansh.com\/wp-content\/uploads\/2025\/05\/RFID-Jewellery-Tags-for-Jewelry-Retail.webp","datePublished":"2025-05-09T11:41:56+00:00","dateModified":"2025-05-09T11:42:01+00:00","description":"Am\u00e9liorez la gestion des stocks de bijoux gr\u00e2ce aux \u00e9tiquettes RFID UHF pour bijoux. Am\u00e9liorez le suivi, r\u00e9duisez les pertes et rationalisez les op\u00e9rations sans compromettre l'esth\u00e9tique. D\u00e9couvrez les solutions RFID adapt\u00e9es aux marques de joaillerie.","breadcrumb":{"@id":"https:\/\/huayuansh.com\/industry-segments\/rfid-for-jewellery\/#breadcrumb"},"inLanguage":"fr-FR","potentialAction":[{"@type":"ReadAction","target":["https:\/\/huayuansh.com\/industry-segments\/rfid-for-jewellery\/"]}]},{"@type":"ImageObject","inLanguage":"fr-FR","@id":"https:\/\/huayuansh.com\/industry-segments\/rfid-for-jewellery\/#primaryimage","url":"https:\/\/huayuansh.com\/wp-content\/uploads\/2025\/05\/RFID-Jewellery-Tags-for-Jewelry-Retail.webp","contentUrl":"https:\/\/huayuansh.com\/wp-content\/uploads\/2025\/05\/RFID-Jewellery-Tags-for-Jewelry-Retail.webp","width":1920,"height":1080,"caption":"RFID Jewellery Tags for Jewelry Retail"},{"@type":"BreadcrumbList","@id":"https:\/\/huayuansh.com\/industry-segments\/rfid-for-jewellery\/#breadcrumb","itemListElement":[{"@type":"ListItem","position":1,"name":"Home","item":"https:\/\/huayuansh.com\/"},{"@type":"ListItem","position":2,"name":"Industry Segments","item":"https:\/\/huayuansh.com\/industry-segments\/"},{"@type":"ListItem","position":3,"name":"RFID for Jewellery"}]},{"@type":"WebSite","@id":"https:\/\/huayuansh.com\/#website","url":"https:\/\/huayuansh.com\/","name":"Fabricant d'\u00e9tiquettes RFID HUAYUAN","description":"Fabricant d'\u00e9tiquettes RFID HUAYUAN","publisher":{"@id":"https:\/\/huayuansh.com\/#organization"},"potentialAction":[{"@type":"SearchAction","target":{"@type":"EntryPoint","urlTemplate":"https:\/\/huayuansh.com\/?s={search_term_string}"},"query-input":{"@type":"PropertyValueSpecification","valueRequired":true,"valueName":"search_term_string"}}],"inLanguage":"fr-FR"},{"@type":"Organization","@id":"https:\/\/huayuansh.com\/#organization","name":"Fabricant d'\u00e9tiquettes RFID HUAYUAN","url":"https:\/\/huayuansh.com\/","logo":{"@type":"ImageObject","inLanguage":"fr-FR","@id":"https:\/\/huayuansh.com\/#\/schema\/logo\/image\/","url":"https:\/\/huayuansh.com\/wp-content\/uploads\/2024\/09\/cropped-HUAYUAN.webp","contentUrl":"https:\/\/huayuansh.com\/wp-content\/uploads\/2024\/09\/cropped-HUAYUAN.webp","width":895,"height":279,"caption":"HUAYUAN RFID Tag Manufacturer"},"image":{"@id":"https:\/\/huayuansh.com\/#\/schema\/logo\/image\/"}}]}},"taxonomy_info":[],"featured_image_src_large":["https:\/\/huayuansh.com\/wp-content\/uploads\/2025\/05\/RFID-Jewellery-Tags-for-Jewelry-Retail-1024x576.webp",1024,576,true],"author_info":{"display_name":"HUAYUAN","author_link":"https:\/\/huayuansh.com\/fr\/author\/shyec2024\/"},"comment_info":0,"_links":{"self":[{"href":"https:\/\/huayuansh.com\/fr\/wp-json\/wp\/v2\/pages\/4200","targetHints":{"allow":["GET"]}}],"collection":[{"href":"https:\/\/huayuansh.com\/fr\/wp-json\/wp\/v2\/pages"}],"about":[{"href":"https:\/\/huayuansh.com\/fr\/wp-json\/wp\/v2\/types\/page"}],"author":[{"embeddable":true,"href":"https:\/\/huayuansh.com\/fr\/wp-json\/wp\/v2\/users\/1"}],"replies":[{"embeddable":true,"href":"https:\/\/huayuansh.com\/fr\/wp-json\/wp\/v2\/comments?post=4200"}],"version-history":[{"count":1,"href":"https:\/\/huayuansh.com\/fr\/wp-json\/wp\/v2\/pages\/4200\/revisions"}],"predecessor-version":[{"id":4204,"href":"https:\/\/huayuansh.com\/fr\/wp-json\/wp\/v2\/pages\/4200\/revisions\/4204"}],"up":[{"embeddable":true,"href":"https:\/\/huayuansh.com\/fr\/wp-json\/wp\/v2\/pages\/731"}],"wp:featuredmedia":[{"embeddable":true,"href":"https:\/\/huayuansh.com\/fr\/wp-json\/wp\/v2\/media\/4203"}],"wp:attachment":[{"href":"https:\/\/huayuansh.com\/fr\/wp-json\/wp\/v2\/media?parent=4200"}],"curies":[{"name":"wp","href":"https:\/\/api.w.org\/{rel}","templated":true}]}}