{"id":4208,"date":"2025-05-14T14:57:19","date_gmt":"2025-05-14T06:57:19","guid":{"rendered":"https:\/\/huayuansh.com\/?page_id=4208"},"modified":"2025-05-14T14:57:22","modified_gmt":"2025-05-14T06:57:22","slug":"rfid-pour-chaussures","status":"publish","type":"page","link":"https:\/\/huayuansh.com\/fr\/segments-industriels\/rfid-pour-chaussures\/","title":{"rendered":"La RFID pour les chaussures"},"content":{"rendered":"<p>L'industrie de la chaussure pr\u00e9sente des d\u00e9fis particuliers en mati\u00e8re d'int\u00e9gration de la RFID. Contrairement aux v\u00eatements, les chaussures n\u00e9cessitent souvent un double \u00e9tiquetage - \u00e0 l'int\u00e9rieur de la chaussure et sur la bo\u00eete - afin de garantir la tra\u00e7abilit\u00e9 tout au long de la cha\u00eene d'approvisionnement. <strong>\u00c9tiquettes RFID<\/strong> doivent r\u00e9sister \u00e0 la compression, \u00e0 la flexion et aux contraintes environnementales pendant la production, la distribution et la vente au d\u00e9tail. En outre, des mat\u00e9riaux tels que le cuir, le caoutchouc et les composants m\u00e9talliques peuvent interf\u00e9rer avec la transmission des signaux, ce qui n\u00e9cessite des conceptions d'\u00e9tiquettes et des strat\u00e9gies de placement sp\u00e9cialis\u00e9es.<\/p>\n\n\n\n<h2 class=\"wp-block-heading\" id=\"h-why-rfid-for-footwear\">Pourquoi la RFID pour les chaussures ?<\/h2>\n\n\n\n<p>La RFID permet une visibilit\u00e9 des stocks et une efficacit\u00e9 op\u00e9rationnelle in\u00e9gal\u00e9es. Dans l'industrie de la chaussure, o\u00f9 la pr\u00e9cision des tailles, la conformit\u00e9 de l'affichage et les donn\u00e9es d'inventaire en temps r\u00e9el sont cruciales, la RFID apporte des avantages tangibles :<\/p>\n\n\n\n<ul class=\"wp-block-list\">\n<li><strong>Pr\u00e9cision de l'inventaire<\/strong>: Obtenez une pr\u00e9cision allant jusqu'\u00e0 99% avec une intervention manuelle minimale.<\/li>\n\n\n\n<li><strong>Conformit\u00e9 de l'affichage<\/strong>: S'assurer que les bons styles et les bonnes tailles sont pr\u00e9sent\u00e9s, afin d'augmenter le potentiel de vente.<\/li>\n\n\n\n<li><strong>Transparence de la cha\u00eene d'approvisionnement : <\/strong>Suivre les produits individuels dans les environnements de fabrication, de logistique et de vente au d\u00e9tail.<\/li>\n\n\n\n<li><strong>Authentification anti-contrefa\u00e7on<\/strong>: La RFID int\u00e9gr\u00e9e (avec capacit\u00e9 NFC) renforce la l\u00e9gitimit\u00e9 du produit et la protection de la marque.<\/li>\n\n\n\n<li><strong>Remplissage omnicanal<\/strong>: Ex\u00e9cuter les commandes avec rapidit\u00e9 et pr\u00e9cision, que ce soit en ligne ou en magasin.<\/li>\n<\/ul>\n\n\n\n<div class=\"wp-block-columns are-vertically-aligned-center is-layout-flex wp-container-core-columns-is-layout-9d6595d7 wp-block-columns-is-layout-flex\">\n<div class=\"wp-block-column is-vertically-aligned-center is-layout-flow wp-block-column-is-layout-flow\" style=\"flex-basis:50%\">\n<h2 class=\"wp-block-heading\" id=\"h-rfid-in-footwear-applications\"><strong>La RFID dans les applications de chaussures<\/strong><\/h2>\n\n\n\n<p>L'application de la RFID dans le domaine de la chaussure s'\u00e9tend sur plusieurs \u00e9tapes :<\/p>\n\n\n\n<ul class=\"wp-block-list\">\n<li><strong>Fabrication : <\/strong>Les \u00e9tiquettes RFID sont int\u00e9gr\u00e9es ou appos\u00e9es \u00e0 la source, ce qui permet un suivi transparent des articles d\u00e8s la production.<\/li>\n\n\n\n<li><strong>Op\u00e9rations d'entrep\u00f4t<\/strong>: La lecture automatis\u00e9e des chaussures et des cartons \u00e9tiquet\u00e9s acc\u00e9l\u00e8re la r\u00e9ception et la v\u00e9rification des commandes.<\/li>\n\n\n\n<li><strong>Gestion en magasin<\/strong>: Le personnel peut localiser les articles en quelques secondes \u00e0 l'aide de lecteurs RFID portatifs, ce qui permet aux clients d'obtenir la bonne taille en temps voulu.<\/li>\n\n\n\n<li><strong>Engagement des clients<\/strong>: Les \u00e9tiquettes RFID\/NFC peuvent offrir une authentification apr\u00e8s achat ou des exp\u00e9riences de marque, directement \u00e0 partir d'un appareil mobile.<\/li>\n<\/ul>\n<\/div>\n\n\n\n<div class=\"wp-block-column is-vertically-aligned-center is-layout-flow wp-block-column-is-layout-flow\" style=\"flex-basis:50%\">\n<figure class=\"wp-block-image\"><img loading=\"lazy\" decoding=\"async\" width=\"600\" height=\"600\" src=\"https:\/\/huayuansh.com\/wp-content\/uploads\/2025\/05\/RFID-Tags-for-Footwear-Inventory-Management.webp\" alt=\"Tags RFID pour la gestion des stocks de chaussures\" class=\"wp-image-4209\" style=\"aspect-ratio:4\/3;object-fit:cover\" srcset=\"https:\/\/huayuansh.com\/wp-content\/uploads\/2025\/05\/RFID-Tags-for-Footwear-Inventory-Management.webp 600w, https:\/\/huayuansh.com\/wp-content\/uploads\/2025\/05\/RFID-Tags-for-Footwear-Inventory-Management-300x300.webp 300w, https:\/\/huayuansh.com\/wp-content\/uploads\/2025\/05\/RFID-Tags-for-Footwear-Inventory-Management-150x150.webp 150w\" sizes=\"auto, (max-width: 600px) 100vw, 600px\" \/><\/figure>\n<\/div>\n<\/div>\n\n\n\n<h2 class=\"wp-block-heading\" id=\"h-label-quality-a-critical-factor-in-rfid-success\"><strong>Qualit\u00e9 des \u00e9tiquettes : Un facteur essentiel pour la r\u00e9ussite de la RFID<\/strong><\/h2>\n\n\n\n<p>Les int\u00e9grateurs de syst\u00e8mes et les propri\u00e9taires de marques se concentrent souvent sur les logiciels et les lecteurs, mais sans l'\u00e9tiquette appropri\u00e9e, m\u00eame les syst\u00e8mes RFID les plus avanc\u00e9s ne sont pas \u00e0 la hauteur. Dans les chaussures, les \u00e9tiquettes doivent<\/p>\n\n\n\n<ul class=\"wp-block-list\">\n<li><strong>R\u00e9sistance \u00e0 la compression et \u00e0 la flexion<\/strong>: Les chaussures sont port\u00e9es, pli\u00e9es et empil\u00e9es, ce qui n\u00e9cessite des incrustations qui restent fonctionnelles sous l'effet du stress physique.<\/li>\n\n\n\n<li><strong>Assurer la lisibilit\u00e9 dans toutes les conditions<\/strong>: Qu'elles soient int\u00e9gr\u00e9es dans les semelles ou cach\u00e9es \u00e0 l'int\u00e9rieur des bo\u00eetes, les \u00e9tiquettes doivent offrir des performances de lecture \u00e9lev\u00e9es et constantes.<\/li>\n\n\n\n<li><strong>Soutien \u00e0 l'identification au niveau des paires<\/strong>: L'\u00e9tiquetage des chaussures et de la bo\u00eete garantit un contr\u00f4le complet des stocks et l'int\u00e9grit\u00e9 des paires.<\/li>\n\n\n\n<li><strong>R\u00e9sister aux interf\u00e9rences<\/strong>: Les mat\u00e9riaux tels que les tiges m\u00e9talliques ou les adh\u00e9sifs peuvent perturber l'intensit\u00e9 du signal. La conception des \u00e9tiquettes doit att\u00e9nuer ces effets.<\/li>\n<\/ul>\n\n\n\n<p>Les d\u00e9fis li\u00e9s au d\u00e9ploiement - de l'emplacement de l'\u00e9tiquette \u00e0 la s\u00e9lection de l'inlay - n\u00e9cessitent des tests de pr\u00e9-\u00e9tiquetage approfondis, des configurations personnalis\u00e9es et une fabrication de pr\u00e9cision.<\/p>\n\n\n\n<figure class=\"wp-block-gallery has-nested-images columns-default is-cropped wp-block-gallery-1 is-layout-flex wp-block-gallery-is-layout-flex\">\n<figure class=\"wp-block-image size-large\"><img loading=\"lazy\" decoding=\"async\" width=\"600\" height=\"600\" data-id=\"4210\" src=\"https:\/\/huayuansh.com\/wp-content\/uploads\/2025\/05\/RFID-Tag-for-Shoes-Boxes.webp\" alt=\"Etiquette RFID pour bo\u00eetes de chaussures\" class=\"wp-image-4210\" srcset=\"https:\/\/huayuansh.com\/wp-content\/uploads\/2025\/05\/RFID-Tag-for-Shoes-Boxes.webp 600w, https:\/\/huayuansh.com\/wp-content\/uploads\/2025\/05\/RFID-Tag-for-Shoes-Boxes-300x300.webp 300w, https:\/\/huayuansh.com\/wp-content\/uploads\/2025\/05\/RFID-Tag-for-Shoes-Boxes-150x150.webp 150w\" sizes=\"auto, (max-width: 600px) 100vw, 600px\" \/><\/figure>\n\n\n\n<figure class=\"wp-block-image size-large\"><img loading=\"lazy\" decoding=\"async\" width=\"600\" height=\"600\" data-id=\"4212\" src=\"https:\/\/huayuansh.com\/wp-content\/uploads\/2025\/05\/RFID-Tags-for-Shoes.webp\" alt=\"\u00c9tiquettes RFID pour chaussures\" class=\"wp-image-4212\" srcset=\"https:\/\/huayuansh.com\/wp-content\/uploads\/2025\/05\/RFID-Tags-for-Shoes.webp 600w, https:\/\/huayuansh.com\/wp-content\/uploads\/2025\/05\/RFID-Tags-for-Shoes-300x300.webp 300w, https:\/\/huayuansh.com\/wp-content\/uploads\/2025\/05\/RFID-Tags-for-Shoes-150x150.webp 150w\" sizes=\"auto, (max-width: 600px) 100vw, 600px\" \/><\/figure>\n\n\n\n<figure class=\"wp-block-image size-large\"><img loading=\"lazy\" decoding=\"async\" width=\"600\" height=\"600\" data-id=\"4211\" src=\"https:\/\/huayuansh.com\/wp-content\/uploads\/2025\/05\/RFID-Tagging-for-Footwear.webp\" alt=\"\u00c9tiquetage RFID pour les chaussures\" class=\"wp-image-4211\" srcset=\"https:\/\/huayuansh.com\/wp-content\/uploads\/2025\/05\/RFID-Tagging-for-Footwear.webp 600w, https:\/\/huayuansh.com\/wp-content\/uploads\/2025\/05\/RFID-Tagging-for-Footwear-300x300.webp 300w, https:\/\/huayuansh.com\/wp-content\/uploads\/2025\/05\/RFID-Tagging-for-Footwear-150x150.webp 150w\" sizes=\"auto, (max-width: 600px) 100vw, 600px\" \/><\/figure>\n<\/figure>\n\n\n\n<h2 class=\"wp-block-heading\" id=\"h-huayuan-rfid-labels-for-footwear\"><strong>\u00c9tiquettes RFID HUAYUAN pour chaussures<\/strong><\/h2>\n\n\n\n<p>En tant que <a href=\"https:\/\/huayuansh.com\/products\/\">fabricant de <strong>\u00c9tiquettes RFID<\/strong><\/a>Nous sommes sp\u00e9cialis\u00e9s dans les \u00e9tiquettes RFID afin de r\u00e9pondre aux exigences uniques de l'industrie de la chaussure. Nous sommes un partenaire essentiel pour les int\u00e9grateurs et les marques qui recherchent des \u00e9tiquettes RFID fiables, durables et con\u00e7ues avec pr\u00e9cision.<\/p>\n\n\n\n<p>Ce qui nous distingue :<\/p>\n\n\n\n<ul class=\"wp-block-list\">\n<li><strong>Design des incrustations sur mesure<\/strong>: Notre \u00e9quipe travaille en \u00e9troite collaboration avec les fournisseurs de syst\u00e8mes pour s\u00e9lectionner ou d\u00e9velopper des inlays adapt\u00e9s \u00e0 chaque style de chaussure, \u00e0 chaque construction et \u00e0 chaque cas d'utilisation.<\/li>\n\n\n\n<li><strong>\u00c9tiquettes r\u00e9sistantes \u00e0 la flexion et \u00e0 la pression<\/strong>: Con\u00e7ues pour survivre \u00e0 l'encastrement dans la chaussure, nos \u00e9tiquettes r\u00e9sistent \u00e0 l'usure, \u00e0 la flexion et \u00e0 la pression du monde r\u00e9el.<\/li>\n\n\n\n<li><strong>Solutions de double \u00e9tiquetage<\/strong>: Nous proposons des jeux d'\u00e9tiquettes coordonn\u00e9s pour les bo\u00eetes et les chaussures afin d'assurer une visibilit\u00e9 totale de l'emballage et des articles individuels.<\/li>\n\n\n\n<li><strong>Expertise des mat\u00e9riaux<\/strong>: Avec des ann\u00e9es d'exp\u00e9rience dans la production d'\u00e9tiquettes, nous savons comment \u00e9viter la d\u00e9gradation des performances des adh\u00e9sifs, des finitions et des composants des chaussures.<\/li>\n<\/ul>\n\n\n\n<h3 class=\"wp-block-heading\" id=\"h-ready-to-partner-with-an-rfid-label-specialist\"><strong>Pr\u00eat \u00e0 collaborer avec un sp\u00e9cialiste de l'\u00e9tiquetage RFID<\/strong><\/h3>\n\n\n\n<p>Que vous soyez un int\u00e9grateur de syst\u00e8mes \u00e0 la recherche de composants RFID robustes ou une marque de chaussures \u00e0 la recherche d'une meilleure compr\u00e9hension de la cha\u00eene d'approvisionnement, nous pouvons vous aider.<\/p>\n\n\n\n<p><strong>Contacter HUAYUAN<\/strong> aujourd'hui pour d\u00e9couvrir comment notre <strong>Solutions d'\u00e9tiquettes RFID<\/strong> peut s'aligner sur vos objectifs commerciaux et les am\u00e9liorer.<\/p>\n\n\n<style>.wp-block-kadence-advancedbtn.kb-btns4208_ee7601-34{gap:var(--global-kb-gap-xs, 0.5rem );justify-content:flex-start;align-items:center;}.kt-btns4208_ee7601-34 .kt-button{font-weight:normal;font-style:normal;}.kt-btns4208_ee7601-34 .kt-btn-wrap-0{margin-right:5px;}.wp-block-kadence-advancedbtn.kt-btns4208_ee7601-34 .kt-btn-wrap-0 .kt-button{color:#555555;border-color:#555555;}.wp-block-kadence-advancedbtn.kt-btns4208_ee7601-34 .kt-btn-wrap-0 .kt-button:hover, .wp-block-kadence-advancedbtn.kt-btns4208_ee7601-34 .kt-btn-wrap-0 .kt-button:focus{color:#ffffff;border-color:#444444;}.wp-block-kadence-advancedbtn.kt-btns4208_ee7601-34 .kt-btn-wrap-0 .kt-button::before{display:none;}.wp-block-kadence-advancedbtn.kt-btns4208_ee7601-34 .kt-btn-wrap-0 .kt-button:hover, .wp-block-kadence-advancedbtn.kt-btns4208_ee7601-34 .kt-btn-wrap-0 .kt-button:focus{background:#444444;}<\/style>\n<div class=\"wp-block-kadence-advancedbtn kb-buttons-wrap kb-btns4208_ee7601-34\"><style>.wp-block-kadence-advancedbtn .kb-btn4208_047095-6b.kb-button, ul.menu .wp-block-kadence-advancedbtn .kb-btn4208_047095-6b.kb-button{width:200px;}<\/style><a class=\"kb-button kt-button button kb-btn4208_047095-6b kt-btn-size-small kt-btn-width-type-fixed kb-btn-global-inherit  kt-btn-has-text-true kt-btn-has-svg-false  wp-block-button__link wp-block-kadence-singlebtn\" href=\"https:\/\/huayuansh.com\/contact-us\/\"><span class=\"kt-btn-inner-text\">Nous contacter<\/span><\/a><\/div>","protected":false},"excerpt":{"rendered":"<p>The footwear industry presents distinct challenges for RFID integration. Unlike garments, shoes often require dual tagging\u2014both inside the shoe and on the box\u2014to ensure traceability across the supply chain. RFID tags must withstand compression, flexing, and environmental stresses during production, distribution, and retail. Additionally, materials like leather, rubber, and metal components can interfere with signal&#8230;<\/p>","protected":false},"author":1,"featured_media":4213,"parent":731,"menu_order":0,"comment_status":"closed","ping_status":"closed","template":"","meta":{"_kad_blocks_custom_css":"","_kad_blocks_head_custom_js":"","_kad_blocks_body_custom_js":"","_kad_blocks_footer_custom_js":"","_kadence_starter_templates_imported_post":false,"_kad_post_transparent":"","_kad_post_title":"","_kad_post_layout":"","_kad_post_sidebar_id":"","_kad_post_content_style":"","_kad_post_vertical_padding":"","_kad_post_feature":"","_kad_post_feature_position":"","_kad_post_header":false,"_kad_post_footer":false,"footnotes":""},"class_list":["post-4208","page","type-page","status-publish","has-post-thumbnail","hentry"],"yoast_head":"<!-- This site is optimized with the Yoast SEO Premium plugin v23.0 (Yoast SEO v26.3) - https:\/\/yoast.com\/wordpress\/plugins\/seo\/ -->\n<title>RFID for Footwear | HUAYUAN RFID Tag Manufacturer<\/title>\n<meta name=\"description\" content=\"Discover how HUAYUAN&#039;s RFID labels optimize footwear tracking from production to retail. Our durable, custom-designed tags enhance inventory accuracy, anti-counterfeiting, and omnichannel fulfillment across the supply chain.\" \/>\n<meta name=\"robots\" content=\"index, follow, max-snippet:-1, max-image-preview:large, max-video-preview:-1\" \/>\n<link rel=\"canonical\" href=\"https:\/\/huayuansh.com\/fr\/segments-industriels\/rfid-pour-chaussures\/\" \/>\n<meta property=\"og:locale\" content=\"fr_FR\" \/>\n<meta property=\"og:type\" content=\"article\" \/>\n<meta property=\"og:title\" content=\"RFID for Footwear\" \/>\n<meta property=\"og:description\" content=\"Discover how HUAYUAN&#039;s RFID labels optimize footwear tracking from production to retail. Our durable, custom-designed tags enhance inventory accuracy, anti-counterfeiting, and omnichannel fulfillment across the supply chain.\" \/>\n<meta property=\"og:url\" content=\"https:\/\/huayuansh.com\/fr\/segments-industriels\/rfid-pour-chaussures\/\" \/>\n<meta property=\"og:site_name\" content=\"HUAYUAN RFID Tag Manufacturer\" \/>\n<meta property=\"article:modified_time\" content=\"2025-05-14T06:57:22+00:00\" \/>\n<meta property=\"og:image\" content=\"https:\/\/huayuansh.com\/wp-content\/uploads\/2025\/05\/RFID-for-Footwear.webp\" \/>\n\t<meta property=\"og:image:width\" content=\"1920\" \/>\n\t<meta property=\"og:image:height\" content=\"1080\" \/>\n\t<meta property=\"og:image:type\" content=\"image\/webp\" \/>\n<meta name=\"twitter:card\" content=\"summary_large_image\" \/>\n<meta name=\"twitter:label1\" content=\"Dur\u00e9e de lecture estim\u00e9e\" \/>\n\t<meta name=\"twitter:data1\" content=\"4 minutes\" \/>\n<script type=\"application\/ld+json\" class=\"yoast-schema-graph\">{\"@context\":\"https:\/\/schema.org\",\"@graph\":[{\"@type\":\"WebPage\",\"@id\":\"https:\/\/huayuansh.com\/industry-segments\/rfid-for-footwear\/\",\"url\":\"https:\/\/huayuansh.com\/industry-segments\/rfid-for-footwear\/\",\"name\":\"RFID for Footwear | HUAYUAN RFID Tag Manufacturer\",\"isPartOf\":{\"@id\":\"https:\/\/huayuansh.com\/#website\"},\"primaryImageOfPage\":{\"@id\":\"https:\/\/huayuansh.com\/industry-segments\/rfid-for-footwear\/#primaryimage\"},\"image\":{\"@id\":\"https:\/\/huayuansh.com\/industry-segments\/rfid-for-footwear\/#primaryimage\"},\"thumbnailUrl\":\"https:\/\/huayuansh.com\/wp-content\/uploads\/2025\/05\/RFID-for-Footwear.webp\",\"datePublished\":\"2025-05-14T06:57:19+00:00\",\"dateModified\":\"2025-05-14T06:57:22+00:00\",\"description\":\"Discover how HUAYUAN's RFID labels optimize footwear tracking from production to retail. Our durable, custom-designed tags enhance inventory accuracy, anti-counterfeiting, and omnichannel fulfillment across the supply chain.\",\"breadcrumb\":{\"@id\":\"https:\/\/huayuansh.com\/industry-segments\/rfid-for-footwear\/#breadcrumb\"},\"inLanguage\":\"fr-FR\",\"potentialAction\":[{\"@type\":\"ReadAction\",\"target\":[\"https:\/\/huayuansh.com\/industry-segments\/rfid-for-footwear\/\"]}]},{\"@type\":\"ImageObject\",\"inLanguage\":\"fr-FR\",\"@id\":\"https:\/\/huayuansh.com\/industry-segments\/rfid-for-footwear\/#primaryimage\",\"url\":\"https:\/\/huayuansh.com\/wp-content\/uploads\/2025\/05\/RFID-for-Footwear.webp\",\"contentUrl\":\"https:\/\/huayuansh.com\/wp-content\/uploads\/2025\/05\/RFID-for-Footwear.webp\",\"width\":1920,\"height\":1080,\"caption\":\"RFID for Footwear\"},{\"@type\":\"BreadcrumbList\",\"@id\":\"https:\/\/huayuansh.com\/industry-segments\/rfid-for-footwear\/#breadcrumb\",\"itemListElement\":[{\"@type\":\"ListItem\",\"position\":1,\"name\":\"Home\",\"item\":\"https:\/\/huayuansh.com\/\"},{\"@type\":\"ListItem\",\"position\":2,\"name\":\"Industry Segments\",\"item\":\"https:\/\/huayuansh.com\/industry-segments\/\"},{\"@type\":\"ListItem\",\"position\":3,\"name\":\"RFID for Footwear\"}]},{\"@type\":\"WebSite\",\"@id\":\"https:\/\/huayuansh.com\/#website\",\"url\":\"https:\/\/huayuansh.com\/\",\"name\":\"HUAYUAN RFID Tag Manufacturer\",\"description\":\"HUAYUAN RFID Tag Manufacturer\",\"publisher\":{\"@id\":\"https:\/\/huayuansh.com\/#organization\"},\"potentialAction\":[{\"@type\":\"SearchAction\",\"target\":{\"@type\":\"EntryPoint\",\"urlTemplate\":\"https:\/\/huayuansh.com\/?s={search_term_string}\"},\"query-input\":{\"@type\":\"PropertyValueSpecification\",\"valueRequired\":true,\"valueName\":\"search_term_string\"}}],\"inLanguage\":\"fr-FR\"},{\"@type\":\"Organization\",\"@id\":\"https:\/\/huayuansh.com\/#organization\",\"name\":\"HUAYUAN RFID Tag Manufacturer\",\"url\":\"https:\/\/huayuansh.com\/\",\"logo\":{\"@type\":\"ImageObject\",\"inLanguage\":\"fr-FR\",\"@id\":\"https:\/\/huayuansh.com\/#\/schema\/logo\/image\/\",\"url\":\"https:\/\/huayuansh.com\/wp-content\/uploads\/2024\/09\/cropped-HUAYUAN.webp\",\"contentUrl\":\"https:\/\/huayuansh.com\/wp-content\/uploads\/2024\/09\/cropped-HUAYUAN.webp\",\"width\":895,\"height\":279,\"caption\":\"HUAYUAN RFID Tag Manufacturer\"},\"image\":{\"@id\":\"https:\/\/huayuansh.com\/#\/schema\/logo\/image\/\"}}]}<\/script>\n<!-- \/ Yoast SEO Premium plugin. -->","yoast_head_json":{"title":"RFID pour chaussures | HUAYUAN RFID Tag Manufacturer","description":"D\u00e9couvrez comment les \u00e9tiquettes RFID de HUAYUAN optimisent le suivi des chaussures, de la production \u00e0 la vente au d\u00e9tail. Nos \u00e9tiquettes durables et personnalis\u00e9es am\u00e9liorent la pr\u00e9cision de l'inventaire, la lutte contre la contrefa\u00e7on et l'ex\u00e9cution omnicanale tout au long de la cha\u00eene d'approvisionnement.","robots":{"index":"index","follow":"follow","max-snippet":"max-snippet:-1","max-image-preview":"max-image-preview:large","max-video-preview":"max-video-preview:-1"},"canonical":"https:\/\/huayuansh.com\/fr\/segments-industriels\/rfid-pour-chaussures\/","og_locale":"fr_FR","og_type":"article","og_title":"RFID for Footwear","og_description":"Discover how HUAYUAN's RFID labels optimize footwear tracking from production to retail. Our durable, custom-designed tags enhance inventory accuracy, anti-counterfeiting, and omnichannel fulfillment across the supply chain.","og_url":"https:\/\/huayuansh.com\/fr\/segments-industriels\/rfid-pour-chaussures\/","og_site_name":"HUAYUAN RFID Tag Manufacturer","article_modified_time":"2025-05-14T06:57:22+00:00","og_image":[{"width":1920,"height":1080,"url":"https:\/\/huayuansh.com\/wp-content\/uploads\/2025\/05\/RFID-for-Footwear.webp","type":"image\/webp"}],"twitter_card":"summary_large_image","twitter_misc":{"Dur\u00e9e de lecture estim\u00e9e":"4 minutes"},"schema":{"@context":"https:\/\/schema.org","@graph":[{"@type":"WebPage","@id":"https:\/\/huayuansh.com\/industry-segments\/rfid-for-footwear\/","url":"https:\/\/huayuansh.com\/industry-segments\/rfid-for-footwear\/","name":"RFID pour chaussures | HUAYUAN RFID Tag Manufacturer","isPartOf":{"@id":"https:\/\/huayuansh.com\/#website"},"primaryImageOfPage":{"@id":"https:\/\/huayuansh.com\/industry-segments\/rfid-for-footwear\/#primaryimage"},"image":{"@id":"https:\/\/huayuansh.com\/industry-segments\/rfid-for-footwear\/#primaryimage"},"thumbnailUrl":"https:\/\/huayuansh.com\/wp-content\/uploads\/2025\/05\/RFID-for-Footwear.webp","datePublished":"2025-05-14T06:57:19+00:00","dateModified":"2025-05-14T06:57:22+00:00","description":"D\u00e9couvrez comment les \u00e9tiquettes RFID de HUAYUAN optimisent le suivi des chaussures, de la production \u00e0 la vente au d\u00e9tail. Nos \u00e9tiquettes durables et personnalis\u00e9es am\u00e9liorent la pr\u00e9cision de l'inventaire, la lutte contre la contrefa\u00e7on et l'ex\u00e9cution omnicanale tout au long de la cha\u00eene d'approvisionnement.","breadcrumb":{"@id":"https:\/\/huayuansh.com\/industry-segments\/rfid-for-footwear\/#breadcrumb"},"inLanguage":"fr-FR","potentialAction":[{"@type":"ReadAction","target":["https:\/\/huayuansh.com\/industry-segments\/rfid-for-footwear\/"]}]},{"@type":"ImageObject","inLanguage":"fr-FR","@id":"https:\/\/huayuansh.com\/industry-segments\/rfid-for-footwear\/#primaryimage","url":"https:\/\/huayuansh.com\/wp-content\/uploads\/2025\/05\/RFID-for-Footwear.webp","contentUrl":"https:\/\/huayuansh.com\/wp-content\/uploads\/2025\/05\/RFID-for-Footwear.webp","width":1920,"height":1080,"caption":"RFID for Footwear"},{"@type":"BreadcrumbList","@id":"https:\/\/huayuansh.com\/industry-segments\/rfid-for-footwear\/#breadcrumb","itemListElement":[{"@type":"ListItem","position":1,"name":"Home","item":"https:\/\/huayuansh.com\/"},{"@type":"ListItem","position":2,"name":"Industry Segments","item":"https:\/\/huayuansh.com\/industry-segments\/"},{"@type":"ListItem","position":3,"name":"RFID for Footwear"}]},{"@type":"WebSite","@id":"https:\/\/huayuansh.com\/#website","url":"https:\/\/huayuansh.com\/","name":"Fabricant d'\u00e9tiquettes RFID HUAYUAN","description":"Fabricant d'\u00e9tiquettes RFID HUAYUAN","publisher":{"@id":"https:\/\/huayuansh.com\/#organization"},"potentialAction":[{"@type":"SearchAction","target":{"@type":"EntryPoint","urlTemplate":"https:\/\/huayuansh.com\/?s={search_term_string}"},"query-input":{"@type":"PropertyValueSpecification","valueRequired":true,"valueName":"search_term_string"}}],"inLanguage":"fr-FR"},{"@type":"Organization","@id":"https:\/\/huayuansh.com\/#organization","name":"Fabricant d'\u00e9tiquettes RFID HUAYUAN","url":"https:\/\/huayuansh.com\/","logo":{"@type":"ImageObject","inLanguage":"fr-FR","@id":"https:\/\/huayuansh.com\/#\/schema\/logo\/image\/","url":"https:\/\/huayuansh.com\/wp-content\/uploads\/2024\/09\/cropped-HUAYUAN.webp","contentUrl":"https:\/\/huayuansh.com\/wp-content\/uploads\/2024\/09\/cropped-HUAYUAN.webp","width":895,"height":279,"caption":"HUAYUAN RFID Tag Manufacturer"},"image":{"@id":"https:\/\/huayuansh.com\/#\/schema\/logo\/image\/"}}]}},"taxonomy_info":[],"featured_image_src_large":["https:\/\/huayuansh.com\/wp-content\/uploads\/2025\/05\/RFID-for-Footwear-1024x576.webp",1024,576,true],"author_info":{"display_name":"HUAYUAN","author_link":"https:\/\/huayuansh.com\/fr\/author\/shyec2024\/"},"comment_info":0,"_links":{"self":[{"href":"https:\/\/huayuansh.com\/fr\/wp-json\/wp\/v2\/pages\/4208","targetHints":{"allow":["GET"]}}],"collection":[{"href":"https:\/\/huayuansh.com\/fr\/wp-json\/wp\/v2\/pages"}],"about":[{"href":"https:\/\/huayuansh.com\/fr\/wp-json\/wp\/v2\/types\/page"}],"author":[{"embeddable":true,"href":"https:\/\/huayuansh.com\/fr\/wp-json\/wp\/v2\/users\/1"}],"replies":[{"embeddable":true,"href":"https:\/\/huayuansh.com\/fr\/wp-json\/wp\/v2\/comments?post=4208"}],"version-history":[{"count":1,"href":"https:\/\/huayuansh.com\/fr\/wp-json\/wp\/v2\/pages\/4208\/revisions"}],"predecessor-version":[{"id":4214,"href":"https:\/\/huayuansh.com\/fr\/wp-json\/wp\/v2\/pages\/4208\/revisions\/4214"}],"up":[{"embeddable":true,"href":"https:\/\/huayuansh.com\/fr\/wp-json\/wp\/v2\/pages\/731"}],"wp:featuredmedia":[{"embeddable":true,"href":"https:\/\/huayuansh.com\/fr\/wp-json\/wp\/v2\/media\/4213"}],"wp:attachment":[{"href":"https:\/\/huayuansh.com\/fr\/wp-json\/wp\/v2\/media?parent=4208"}],"curies":[{"name":"wp","href":"https:\/\/api.w.org\/{rel}","templated":true}]}}