{"id":993,"date":"2024-08-22T18:22:28","date_gmt":"2024-08-22T10:22:28","guid":{"rendered":"https:\/\/test.huayuansh.com\/?page_id=993"},"modified":"2024-08-22T18:36:40","modified_gmt":"2024-08-22T10:36:40","slug":"etiquettes-rfid-ecologiques-durables","status":"publish","type":"page","link":"https:\/\/huayuansh.com\/fr\/produits\/etiquettes-rfid-ecologiques-durables\/","title":{"rendered":"\u00c9tiquettes durables Eco RFID"},"content":{"rendered":"<p>Les \u00e9tiquettes RFID traditionnelles sont g\u00e9n\u00e9ralement compos\u00e9es d'antennes grav\u00e9es en aluminium (AL) sur des substrats en PET, dont la plupart sont \u00e0 usage unique et contribuent \u00e0 la pollution de l'environnement. Le PET, un type de plastique, met des centaines d'ann\u00e9es \u00e0 se d\u00e9grader naturellement, ce qui constitue une menace importante pour l'environnement. Rien qu'en 2019, l'utilisation mondiale d'\u00e9tiquettes RFID a atteint environ 15 milliards d'unit\u00e9s, ce qui a entra\u00een\u00e9 des dommages consid\u00e9rables pour l'environnement. Alors que le public est de plus en plus sensibilis\u00e9 au d\u00e9veloppement durable et que les gouvernements appliquent des r\u00e9glementations environnementales plus strictes, la demande d'\u00e9tiquettes RFID respectueuses de l'environnement a augment\u00e9 parmi les marques qui cherchent \u00e0 r\u00e9duire leur empreinte plastique.<\/p>\n\n\n\n<h2 class=\"wp-block-heading\" id=\"h-huayuan-s-breakthrough-in-eco-friendly-rfid-tags\">Perc\u00e9e de HUAYUAN dans le domaine des \u00e9tiquettes RFID \u00e9cologiques<\/h2>\n\n\n\n<div class=\"wp-block-columns are-vertically-aligned-center is-layout-flex wp-container-core-columns-is-layout-9d6595d7 wp-block-columns-is-layout-flex\">\n<div class=\"wp-block-column is-vertically-aligned-center is-layout-flow wp-block-column-is-layout-flow\" style=\"flex-basis:60%\">\n<p>Pour r\u00e9pondre \u00e0 cette demande croissante, HUAYUAN a mis au point un syst\u00e8me innovant de contr\u00f4le de la qualit\u00e9. <strong>\u00c9tiquette Eco RFID<\/strong> pour le commerce de d\u00e9tail et les applications industrielles. Cette nouvelle g\u00e9n\u00e9ration d'\u00e9tiquettes RFID \u00e9limine le besoin de composants en plastique et de mat\u00e9riaux nocifs, ce qui en fait une alternative v\u00e9ritablement durable. L'inlay RFID sans plastique est con\u00e7u sans solvant, sans effluent et sans compos\u00e9s organiques volatils (COV) \u00e9mis lors de la production. L'antenne est fa\u00e7onn\u00e9e avec pr\u00e9cision \u00e0 l'aide de techniques de d\u00e9coupage \u00e0 l'emporte-pi\u00e8ce, garantissant des courbes et des bords lisses, ce qui renforce la s\u00e9curit\u00e9 et r\u00e9duit l'impact sur l'environnement. HUAYUAN estime que cette technologie \u00e9tablira une nouvelle norme pour l'industrie de la RFID dans les ann\u00e9es \u00e0 venir.<\/p>\n<\/div>\n\n\n\n<div class=\"wp-block-column is-vertically-aligned-center is-layout-flow wp-block-column-is-layout-flow\" style=\"flex-basis:40%\">\n<figure class=\"wp-block-image size-large\"><img loading=\"lazy\" decoding=\"async\" width=\"1024\" height=\"683\" src=\"https:\/\/huayuansh.com\/wp-content\/uploads\/2024\/08\/HY301m7-Eco-RFID-Tag-1024x683.webp\" alt=\"\" class=\"wp-image-3733\" srcset=\"https:\/\/huayuansh.com\/wp-content\/uploads\/2024\/08\/HY301m7-Eco-RFID-Tag-1024x683.webp 1024w, https:\/\/huayuansh.com\/wp-content\/uploads\/2024\/08\/HY301m7-Eco-RFID-Tag-300x200.webp 300w, https:\/\/huayuansh.com\/wp-content\/uploads\/2024\/08\/HY301m7-Eco-RFID-Tag-768x512.webp 768w, https:\/\/huayuansh.com\/wp-content\/uploads\/2024\/08\/HY301m7-Eco-RFID-Tag.webp 1200w\" sizes=\"auto, (max-width: 1024px) 100vw, 1024px\" \/><\/figure>\n<\/div>\n<\/div>\n\n\n\n<h2 class=\"wp-block-heading\" id=\"h-key-features\">Caract\u00e9ristiques principales<\/h2>\n\n\n\n<ul class=\"wp-block-list\">\n<li>Construction sans plastique : Les \u00e9tiquettes Eco RFID sont totalement d\u00e9pourvues de composants en plastique, ce qui r\u00e9duit consid\u00e9rablement la pollution de l'environnement. Tous les mat\u00e9riaux utilis\u00e9s sont approuv\u00e9s par la FDA, ce qui garantit la s\u00e9curit\u00e9 et la durabilit\u00e9.<\/li>\n\n\n\n<li>Structure simplifi\u00e9e : Le substrat plastique traditionnel est remplac\u00e9 par du papier, qui sert de support au transpondeur RFID, ce qui r\u00e9duit la complexit\u00e9 de l'\u00e9tiquette et son impact sur l'environnement.<\/li>\n\n\n\n<li>Haute performance : Malgr\u00e9 leur conception \u00e9cologique, les \u00e9tiquettes RFID durables offrent des performances sup\u00e9rieures sans augmentation significative des co\u00fbts, ce qui en fait un choix pratique pour les entreprises.<\/li>\n<\/ul>\n\n\n\n<h2 class=\"wp-block-heading\" id=\"h-eco-rfid-tags-for-retail\">\u00c9tiquettes RFID \u00e9cologiques pour le commerce de d\u00e9tail<\/h2>\n\n\n\n<p>Les \u00e9tiquettes RFID \u00e9cologiques sont particuli\u00e8rement avantageuses pour le secteur de la vente au d\u00e9tail, o\u00f9 le d\u00e9veloppement durable devient un facteur cl\u00e9 de diff\u00e9renciation pour les marques. En adoptant ces \u00e9tiquettes RFID \u00e9cologiques, les d\u00e9taillants peuvent non seulement am\u00e9liorer l'efficacit\u00e9 de leur cha\u00eene d'approvisionnement, mais aussi d\u00e9montrer leur engagement en mati\u00e8re de responsabilit\u00e9 environnementale. La durabilit\u00e9, les performances \u00e9lev\u00e9es et la rentabilit\u00e9 des \u00e9tiquettes en font un choix id\u00e9al pour diverses applications de vente au d\u00e9tail, de la gestion des stocks \u00e0 la pr\u00e9vention des pertes.<\/p>\n\n\n\n<h3 class=\"wp-block-heading\" id=\"h-get-in-touch\">Prendre contact<\/h3>\n\n\n\n<p>Alors que le monde s'oriente vers des pratiques plus durables, la technologie Eco RFID repr\u00e9sente une avanc\u00e9e significative dans la r\u00e9duction de l'impact environnemental des \u00e9tiquettes RFID. Les \u00e9tiquettes Eco RFID de HUAYUAN offrent une solution pratique et \u00e9volutive qui s'aligne sur les objectifs mondiaux en mati\u00e8re de d\u00e9veloppement durable. En \u00e9liminant les mat\u00e9riaux nocifs et en rationalisant le processus de production, ces \u00e9tiquettes ouvrent la voie \u00e0 un avenir plus durable dans le domaine de la technologie RFID.<\/p>\n\n\n<style>.wp-block-kadence-advancedbtn.kb-btns993_1e0761-d9{gap:var(--global-kb-gap-xs, 0.5rem );justify-content:flex-start;align-items:center;}.kt-btns993_1e0761-d9 .kt-button{font-weight:normal;font-style:normal;}.kt-btns993_1e0761-d9 .kt-btn-wrap-0{margin-right:5px;}.wp-block-kadence-advancedbtn.kt-btns993_1e0761-d9 .kt-btn-wrap-0 .kt-button{color:#555555;border-color:#555555;}.wp-block-kadence-advancedbtn.kt-btns993_1e0761-d9 .kt-btn-wrap-0 .kt-button:hover, .wp-block-kadence-advancedbtn.kt-btns993_1e0761-d9 .kt-btn-wrap-0 .kt-button:focus{color:#ffffff;border-color:#444444;}.wp-block-kadence-advancedbtn.kt-btns993_1e0761-d9 .kt-btn-wrap-0 .kt-button::before{display:none;}.wp-block-kadence-advancedbtn.kt-btns993_1e0761-d9 .kt-btn-wrap-0 .kt-button:hover, .wp-block-kadence-advancedbtn.kt-btns993_1e0761-d9 .kt-btn-wrap-0 .kt-button:focus{background:#444444;}<\/style>\n<div class=\"wp-block-kadence-advancedbtn kb-buttons-wrap kb-btns993_1e0761-d9\"><style>ul.menu .wp-block-kadence-advancedbtn .kb-btn993_014686-80.kb-button{width:initial;}<\/style><a class=\"kb-button kt-button button kb-btn993_014686-80 kt-btn-size-standard kt-btn-width-type-auto kb-btn-global-inherit  kt-btn-has-text-true kt-btn-has-svg-false  wp-block-button__link wp-block-kadence-singlebtn\" href=\"https:\/\/huayuansh.com\/contact-us\/\"><span class=\"kt-btn-inner-text\">Nous contacter<\/span><\/a><\/div>","protected":false},"excerpt":{"rendered":"<p>Les \u00e9tiquettes RFID traditionnelles sont g\u00e9n\u00e9ralement compos\u00e9es d'antennes grav\u00e9es en aluminium (AL) sur des substrats en PET, dont la plupart sont \u00e0 usage unique et contribuent \u00e0 la pollution de l'environnement. Le PET, un type de plastique, met des centaines d'ann\u00e9es \u00e0 se d\u00e9grader naturellement, ce qui constitue une menace importante pour l'environnement. Rien qu'en 2019, l'utilisation mondiale d'\u00e9tiquettes RFID a atteint environ 15 milliards...<\/p>","protected":false},"author":1,"featured_media":3734,"parent":2104,"menu_order":31,"comment_status":"closed","ping_status":"closed","template":"","meta":{"_kad_blocks_custom_css":"","_kad_blocks_head_custom_js":"","_kad_blocks_body_custom_js":"","_kad_blocks_footer_custom_js":"","_kadence_starter_templates_imported_post":false,"_kad_post_transparent":"","_kad_post_title":"","_kad_post_layout":"","_kad_post_sidebar_id":"","_kad_post_content_style":"","_kad_post_vertical_padding":"","_kad_post_feature":"","_kad_post_feature_position":"","_kad_post_header":false,"_kad_post_footer":false,"footnotes":""},"class_list":["post-993","page","type-page","status-publish","has-post-thumbnail","hentry"],"yoast_head":"<!-- This site is optimized with the Yoast SEO Premium plugin v23.0 (Yoast SEO v26.3) - https:\/\/yoast.com\/wordpress\/plugins\/seo\/ -->\n<title>Eco RFID Sustainable Tags | HUAYUAN RFID Tag Manufacturer<\/title>\n<meta name=\"description\" content=\"Discover Eco RFID technology: sustainable, plastic-free tags with high performance for retail. Learn how eco-friendly RFID solutions are revolutionizing the industry.\" \/>\n<meta name=\"robots\" content=\"index, follow, max-snippet:-1, max-image-preview:large, max-video-preview:-1\" \/>\n<link rel=\"canonical\" href=\"https:\/\/huayuansh.com\/fr\/produits\/etiquettes-rfid-ecologiques-durables\/\" \/>\n<meta property=\"og:locale\" content=\"fr_FR\" \/>\n<meta property=\"og:type\" content=\"article\" \/>\n<meta property=\"og:title\" content=\"Eco RFID Sustainable Tags\" \/>\n<meta property=\"og:description\" content=\"Discover Eco RFID technology: sustainable, plastic-free tags with high performance for retail. Learn how eco-friendly RFID solutions are revolutionizing the industry.\" \/>\n<meta property=\"og:url\" content=\"https:\/\/huayuansh.com\/fr\/produits\/etiquettes-rfid-ecologiques-durables\/\" \/>\n<meta property=\"og:site_name\" content=\"HUAYUAN RFID Tag Manufacturer\" \/>\n<meta property=\"article:modified_time\" content=\"2024-08-22T10:36:40+00:00\" \/>\n<meta property=\"og:image\" content=\"https:\/\/huayuansh.com\/wp-content\/uploads\/2024\/08\/Eco-RFID-Technology-Sustainable-Tags.webp\" \/>\n\t<meta property=\"og:image:width\" content=\"1920\" \/>\n\t<meta property=\"og:image:height\" content=\"1080\" \/>\n\t<meta property=\"og:image:type\" content=\"image\/webp\" \/>\n<meta name=\"twitter:card\" content=\"summary_large_image\" \/>\n<meta name=\"twitter:label1\" content=\"Dur\u00e9e de lecture estim\u00e9e\" \/>\n\t<meta name=\"twitter:data1\" content=\"3 minutes\" \/>\n<script type=\"application\/ld+json\" class=\"yoast-schema-graph\">{\"@context\":\"https:\/\/schema.org\",\"@graph\":[{\"@type\":\"WebPage\",\"@id\":\"https:\/\/huayuansh.com\/products\/eco-rfid-sustainable-tags\/\",\"url\":\"https:\/\/huayuansh.com\/products\/eco-rfid-sustainable-tags\/\",\"name\":\"Eco RFID Sustainable Tags | HUAYUAN RFID Tag Manufacturer\",\"isPartOf\":{\"@id\":\"https:\/\/huayuansh.com\/#website\"},\"primaryImageOfPage\":{\"@id\":\"https:\/\/huayuansh.com\/products\/eco-rfid-sustainable-tags\/#primaryimage\"},\"image\":{\"@id\":\"https:\/\/huayuansh.com\/products\/eco-rfid-sustainable-tags\/#primaryimage\"},\"thumbnailUrl\":\"https:\/\/huayuansh.com\/wp-content\/uploads\/2024\/08\/Eco-RFID-Technology-Sustainable-Tags.webp\",\"datePublished\":\"2024-08-22T10:22:28+00:00\",\"dateModified\":\"2024-08-22T10:36:40+00:00\",\"description\":\"Discover Eco RFID technology: sustainable, plastic-free tags with high performance for retail. Learn how eco-friendly RFID solutions are revolutionizing the industry.\",\"breadcrumb\":{\"@id\":\"https:\/\/huayuansh.com\/products\/eco-rfid-sustainable-tags\/#breadcrumb\"},\"inLanguage\":\"fr-FR\",\"potentialAction\":[{\"@type\":\"ReadAction\",\"target\":[\"https:\/\/huayuansh.com\/products\/eco-rfid-sustainable-tags\/\"]}]},{\"@type\":\"ImageObject\",\"inLanguage\":\"fr-FR\",\"@id\":\"https:\/\/huayuansh.com\/products\/eco-rfid-sustainable-tags\/#primaryimage\",\"url\":\"https:\/\/huayuansh.com\/wp-content\/uploads\/2024\/08\/Eco-RFID-Technology-Sustainable-Tags.webp\",\"contentUrl\":\"https:\/\/huayuansh.com\/wp-content\/uploads\/2024\/08\/Eco-RFID-Technology-Sustainable-Tags.webp\",\"width\":1920,\"height\":1080},{\"@type\":\"BreadcrumbList\",\"@id\":\"https:\/\/huayuansh.com\/products\/eco-rfid-sustainable-tags\/#breadcrumb\",\"itemListElement\":[{\"@type\":\"ListItem\",\"position\":1,\"name\":\"Home\",\"item\":\"https:\/\/huayuansh.com\/\"},{\"@type\":\"ListItem\",\"position\":2,\"name\":\"RFID Products\",\"item\":\"https:\/\/huayuansh.com\/products\/\"},{\"@type\":\"ListItem\",\"position\":3,\"name\":\"Eco RFID Sustainable Tags\"}]},{\"@type\":\"WebSite\",\"@id\":\"https:\/\/huayuansh.com\/#website\",\"url\":\"https:\/\/huayuansh.com\/\",\"name\":\"HUAYUAN RFID Tag Manufacturer\",\"description\":\"HUAYUAN RFID Tag Manufacturer\",\"publisher\":{\"@id\":\"https:\/\/huayuansh.com\/#organization\"},\"potentialAction\":[{\"@type\":\"SearchAction\",\"target\":{\"@type\":\"EntryPoint\",\"urlTemplate\":\"https:\/\/huayuansh.com\/?s={search_term_string}\"},\"query-input\":{\"@type\":\"PropertyValueSpecification\",\"valueRequired\":true,\"valueName\":\"search_term_string\"}}],\"inLanguage\":\"fr-FR\"},{\"@type\":\"Organization\",\"@id\":\"https:\/\/huayuansh.com\/#organization\",\"name\":\"HUAYUAN RFID Tag Manufacturer\",\"url\":\"https:\/\/huayuansh.com\/\",\"logo\":{\"@type\":\"ImageObject\",\"inLanguage\":\"fr-FR\",\"@id\":\"https:\/\/huayuansh.com\/#\/schema\/logo\/image\/\",\"url\":\"https:\/\/huayuansh.com\/wp-content\/uploads\/2024\/09\/cropped-HUAYUAN.webp\",\"contentUrl\":\"https:\/\/huayuansh.com\/wp-content\/uploads\/2024\/09\/cropped-HUAYUAN.webp\",\"width\":895,\"height\":279,\"caption\":\"HUAYUAN RFID Tag Manufacturer\"},\"image\":{\"@id\":\"https:\/\/huayuansh.com\/#\/schema\/logo\/image\/\"}}]}<\/script>\n<!-- \/ Yoast SEO Premium plugin. -->","yoast_head_json":{"title":"Eco RFID Sustainable Tags | HUAYUAN RFID Tag Manufacturer","description":"D\u00e9couvrez la technologie Eco RFID : des \u00e9tiquettes durables, sans plastique et tr\u00e8s performantes pour le commerce de d\u00e9tail. D\u00e9couvrez comment les solutions RFID \u00e9cologiques r\u00e9volutionnent le secteur.","robots":{"index":"index","follow":"follow","max-snippet":"max-snippet:-1","max-image-preview":"max-image-preview:large","max-video-preview":"max-video-preview:-1"},"canonical":"https:\/\/huayuansh.com\/fr\/produits\/etiquettes-rfid-ecologiques-durables\/","og_locale":"fr_FR","og_type":"article","og_title":"Eco RFID Sustainable Tags","og_description":"Discover Eco RFID technology: sustainable, plastic-free tags with high performance for retail. Learn how eco-friendly RFID solutions are revolutionizing the industry.","og_url":"https:\/\/huayuansh.com\/fr\/produits\/etiquettes-rfid-ecologiques-durables\/","og_site_name":"HUAYUAN RFID Tag Manufacturer","article_modified_time":"2024-08-22T10:36:40+00:00","og_image":[{"width":1920,"height":1080,"url":"https:\/\/huayuansh.com\/wp-content\/uploads\/2024\/08\/Eco-RFID-Technology-Sustainable-Tags.webp","type":"image\/webp"}],"twitter_card":"summary_large_image","twitter_misc":{"Dur\u00e9e de lecture estim\u00e9e":"3 minutes"},"schema":{"@context":"https:\/\/schema.org","@graph":[{"@type":"WebPage","@id":"https:\/\/huayuansh.com\/products\/eco-rfid-sustainable-tags\/","url":"https:\/\/huayuansh.com\/products\/eco-rfid-sustainable-tags\/","name":"Eco RFID Sustainable Tags | HUAYUAN RFID Tag Manufacturer","isPartOf":{"@id":"https:\/\/huayuansh.com\/#website"},"primaryImageOfPage":{"@id":"https:\/\/huayuansh.com\/products\/eco-rfid-sustainable-tags\/#primaryimage"},"image":{"@id":"https:\/\/huayuansh.com\/products\/eco-rfid-sustainable-tags\/#primaryimage"},"thumbnailUrl":"https:\/\/huayuansh.com\/wp-content\/uploads\/2024\/08\/Eco-RFID-Technology-Sustainable-Tags.webp","datePublished":"2024-08-22T10:22:28+00:00","dateModified":"2024-08-22T10:36:40+00:00","description":"D\u00e9couvrez la technologie Eco RFID : des \u00e9tiquettes durables, sans plastique et tr\u00e8s performantes pour le commerce de d\u00e9tail. D\u00e9couvrez comment les solutions RFID \u00e9cologiques r\u00e9volutionnent le secteur.","breadcrumb":{"@id":"https:\/\/huayuansh.com\/products\/eco-rfid-sustainable-tags\/#breadcrumb"},"inLanguage":"fr-FR","potentialAction":[{"@type":"ReadAction","target":["https:\/\/huayuansh.com\/products\/eco-rfid-sustainable-tags\/"]}]},{"@type":"ImageObject","inLanguage":"fr-FR","@id":"https:\/\/huayuansh.com\/products\/eco-rfid-sustainable-tags\/#primaryimage","url":"https:\/\/huayuansh.com\/wp-content\/uploads\/2024\/08\/Eco-RFID-Technology-Sustainable-Tags.webp","contentUrl":"https:\/\/huayuansh.com\/wp-content\/uploads\/2024\/08\/Eco-RFID-Technology-Sustainable-Tags.webp","width":1920,"height":1080},{"@type":"BreadcrumbList","@id":"https:\/\/huayuansh.com\/products\/eco-rfid-sustainable-tags\/#breadcrumb","itemListElement":[{"@type":"ListItem","position":1,"name":"Home","item":"https:\/\/huayuansh.com\/"},{"@type":"ListItem","position":2,"name":"RFID Products","item":"https:\/\/huayuansh.com\/products\/"},{"@type":"ListItem","position":3,"name":"Eco RFID Sustainable Tags"}]},{"@type":"WebSite","@id":"https:\/\/huayuansh.com\/#website","url":"https:\/\/huayuansh.com\/","name":"Fabricant d'\u00e9tiquettes RFID HUAYUAN","description":"Fabricant d'\u00e9tiquettes RFID HUAYUAN","publisher":{"@id":"https:\/\/huayuansh.com\/#organization"},"potentialAction":[{"@type":"SearchAction","target":{"@type":"EntryPoint","urlTemplate":"https:\/\/huayuansh.com\/?s={search_term_string}"},"query-input":{"@type":"PropertyValueSpecification","valueRequired":true,"valueName":"search_term_string"}}],"inLanguage":"fr-FR"},{"@type":"Organization","@id":"https:\/\/huayuansh.com\/#organization","name":"Fabricant d'\u00e9tiquettes RFID HUAYUAN","url":"https:\/\/huayuansh.com\/","logo":{"@type":"ImageObject","inLanguage":"fr-FR","@id":"https:\/\/huayuansh.com\/#\/schema\/logo\/image\/","url":"https:\/\/huayuansh.com\/wp-content\/uploads\/2024\/09\/cropped-HUAYUAN.webp","contentUrl":"https:\/\/huayuansh.com\/wp-content\/uploads\/2024\/09\/cropped-HUAYUAN.webp","width":895,"height":279,"caption":"HUAYUAN RFID Tag Manufacturer"},"image":{"@id":"https:\/\/huayuansh.com\/#\/schema\/logo\/image\/"}}]}},"taxonomy_info":[],"featured_image_src_large":["https:\/\/huayuansh.com\/wp-content\/uploads\/2024\/08\/Eco-RFID-Technology-Sustainable-Tags-1024x576.webp",1024,576,true],"author_info":{"display_name":"HUAYUAN","author_link":"https:\/\/huayuansh.com\/fr\/author\/shyec2024\/"},"comment_info":0,"_links":{"self":[{"href":"https:\/\/huayuansh.com\/fr\/wp-json\/wp\/v2\/pages\/993","targetHints":{"allow":["GET"]}}],"collection":[{"href":"https:\/\/huayuansh.com\/fr\/wp-json\/wp\/v2\/pages"}],"about":[{"href":"https:\/\/huayuansh.com\/fr\/wp-json\/wp\/v2\/types\/page"}],"author":[{"embeddable":true,"href":"https:\/\/huayuansh.com\/fr\/wp-json\/wp\/v2\/users\/1"}],"replies":[{"embeddable":true,"href":"https:\/\/huayuansh.com\/fr\/wp-json\/wp\/v2\/comments?post=993"}],"version-history":[{"count":5,"href":"https:\/\/huayuansh.com\/fr\/wp-json\/wp\/v2\/pages\/993\/revisions"}],"predecessor-version":[{"id":3737,"href":"https:\/\/huayuansh.com\/fr\/wp-json\/wp\/v2\/pages\/993\/revisions\/3737"}],"up":[{"embeddable":true,"href":"https:\/\/huayuansh.com\/fr\/wp-json\/wp\/v2\/pages\/2104"}],"wp:featuredmedia":[{"embeddable":true,"href":"https:\/\/huayuansh.com\/fr\/wp-json\/wp\/v2\/media\/3734"}],"wp:attachment":[{"href":"https:\/\/huayuansh.com\/fr\/wp-json\/wp\/v2\/media?parent=993"}],"curies":[{"name":"wp","href":"https:\/\/api.w.org\/{rel}","templated":true}]}}