{"id":3364,"date":"2024-07-15T10:41:18","date_gmt":"2024-07-15T02:41:18","guid":{"rendered":"https:\/\/huayuansh.com\/?page_id=3364"},"modified":"2024-08-02T14:35:53","modified_gmt":"2024-08-02T06:35:53","slug":"terminale-dati-con-lettore-portatile-uhf","status":"publish","type":"page","link":"https:\/\/huayuansh.com\/it\/prodotti\/moduli-lettori-rfid\/terminale-dati-con-lettore-portatile-uhf\/","title":{"rendered":"Terminale dati lettore portatile UHF"},"content":{"rendered":"<p><strong>ORCA-50 RAIN Lettore portatile UHF RFID<\/strong>&nbsp;<strong>Terminale dati<\/strong>&nbsp;\u00e8 adottare un modulo auto-sviluppato basato sul chip Impinj Indy R2000, con un'eccellente stabilit\u00e0 e prestazioni di identificazione multi-tag estremamente forti. ORCA-50 UHF Handheld Data Reader Terminal \u00e8 una potente configurazione hardware per garantire il funzionamento regolare delle operazioni di dati massicci, la visualizzazione 3D in tempo reale e cos\u00ec via. La batteria ai polimeri di litio ad alta capacit\u00e0 da 6000 mAh, con sistema di sostituzione a caldo della batteria a cartuccia, \u00e8 facile da sostituire, con due batterie standard. La durata di vita non \u00e8 pi\u00f9 limitata.<\/p>\n\n\n\n<p>Il terminale dati lettore portatile ORCA-50 UHF resiste all'impatto di una caduta su una superficie di cemento ad un'altezza di 2 metri. Protezione IP64, in grado di resistere efficacemente alla polvere e agli spruzzi di liquido.<\/p>\n\n\n\n<h2 class=\"wp-block-heading\" id=\"h-uhf-rfid-handheld-reader-products-advantages\">Vantaggi dei prodotti di lettura portatili UHF RFID<\/h2>\n\n\n\n<ul class=\"wp-block-list\">\n<li>Utilizzo del chip Impinj Indy R2000<\/li>\n\n\n\n<li>Utilizzo di alluminio aeronautico CNC + materiale tedesco Bayer nylon<\/li>\n\n\n\n<li>Potente configurazione hardware<\/li>\n\n\n\n<li>Batteria ricaricabile ai polimeri di litio da 6000mAh<\/li>\n\n\n\n<li>Resiste all'impatto di una caduta su una superficie di cemento ad un'altezza di 2 metri.<\/li>\n\n\n\n<li>Campione gratuito nella zona euro<\/li>\n<\/ul>\n\n\n\n<h3 class=\"wp-block-heading\" id=\"h-huayuan-uhf-rfid-handheld-reader-features\">HUAYUAN Lettore portatile UHF RFID Caratteristiche<\/h3>\n\n\n\n<ul class=\"wp-block-list\">\n<li>Piattaforma di calcolo ad alte prestazioni<br>Applicazioni pesanti come la raccolta massiccia di dati. La visualizzazione 3D in tempo reale pu\u00f2 essere utilizzata senza problemi.<\/li>\n\n\n\n<li>Android 6.0<br>\u00c8 installato il sistema Android 6.0, la cui versione ottimizzata viene continuamente aggiornata.<\/li>\n\n\n\n<li>Materiali di prima classe<br>L'alluminio CNC, il nylon (Bayer) e il vetro temperato da 1,1 mm di spessore offrono un'eccellente resistenza + dissipazione del calore + schermatura elettromagnetica. Il materiale morbido intorno alla maniglia offre comfort.<\/li>\n\n\n\n<li>Componenti di livello industriale<br>I componenti di tipo industriale e militare garantiscono stabilit\u00e0 e resistenza in ambienti difficili.<\/li>\n\n\n\n<li>Tempo di funzionamento ultra lungo<br>Il sistema di sostituzione a caldo della batteria a pistola rende pi\u00f9 comodo il ripristino della batteria di backup. In questo modo il tempo di funzionamento \u00e8 illimitato. Nella confezione standard del prodotto sono incluse due batterie da 6000 mAh.<\/li>\n\n\n\n<li>Motore RFID UHF di fascia alta<br>Il modulo M-2600 \u00e8 basato sul chip Impinj Indy R2000. Offre le migliori prestazioni e un'eccellente capacit\u00e0 di identificazione multi-tag del settore.<\/li>\n\n\n\n<li>Eccezionale design industriale<br>L'idea \u00e8 stata ispirata dall'orca e ogni singolo dettaglio \u00e8 stato ben rifinito. L'aspetto \u00e8 compatto, elegante ed equilibrato, che rende il prodotto accattivante e di grande effetto.<\/li>\n\n\n\n<li>Eccellente protezione meccanica, IP64<br>L'altezza di caduta di sicurezza \u00e8 di 2 m, il grado di protezione IP64 resiste efficacemente a polvere e spruzzi.<\/li>\n<\/ul>\n\n\n\n<h4 class=\"wp-block-heading\" id=\"h-uhf-handheld-reader-data-terminal-specifications\">Terminale dati lettore portatile UHF Specifiche<\/h4>\n\n\n\n<figure class=\"wp-block-table\"><table><tbody><tr><td colspan=\"2\"><strong>Parametri meccanici<\/strong><\/td><\/tr><tr><td>I materiali<\/td><td>Alluminio CNC + nylon (Bayer)<\/td><\/tr><tr><td>Dimensioni<\/td><td>Profilo 160x82x129 mm<\/td><\/tr><tr><td>&nbsp;<\/td><td>Impugnatura 111*38*47 mm<\/td><\/tr><tr><td>Peso<\/td><td>640 g (batteria inclusa \/ versione standard)<\/td><\/tr><tr><td colspan=\"2\"><strong>Caratteristiche del sistema<\/strong><\/td><\/tr><tr><td>Sistema operativo<\/td><td>Android 6.0<\/td><\/tr><tr><td>CPU<\/td><td>Quad-core Cortex-A17\/1.8GHz<\/td><\/tr><tr><td>GPU<\/td><td>ARM Mali-T764\/ Motore 3D ad alte prestazioni<\/td><\/tr><tr><td>Chip<\/td><td>Impinj INDY R2000<\/td><\/tr><tr><td>RAM<\/td><td>2G\/4G LPDDR3<\/td><\/tr><tr><td>ROM<\/td><td>32G\/64G EMMC 5.0<\/td><\/tr><tr><td>LCD<\/td><td>5,0 pollici \/1280\u00b0720\/ IPS \/180 angolo di visione<\/td><\/tr><tr><td>Schermo tattile<\/td><td>Vetro temperato da 1,1 mm di spessore \/ touch a lO-dot \/ Utilizzabile con un guanto<\/td><\/tr><tr><td>Batteria Hotswapping<\/td><td>Sistema di alimentazione a pistola con sistema hotswapping<\/td><\/tr><tr><td>PSAM<\/td><td>PSAM02 \/ TI TCA5013 (opzionale)<\/td><\/tr><tr><td>Pulsanti<\/td><td>&nbsp;<\/td><\/tr><tr><td>Potenza I Volume*2<\/td><td>3 pulsanti ALPS\/Forza di azionamento 2,2N\/Vita operativa 600.000 cicli<\/td><\/tr><tr><td>Tasti funzione<\/td><td>3 pulsanti ALPS\/Forza di azionamento 2,2N\/Vita operativa 600.000 cicli<\/td><\/tr><tr><td>Scansione<\/td><td>Pulsante OMRON \/ Forza di azionamento 127N \/ Durata di funzionamento 10.000.000 cicli<\/td><\/tr><tr><td>Potenza<\/td><td>Batteria ricaricabile ai polimeri Ii da 6.000 mAh<\/td><\/tr><tr><td>Slot per carte<\/td><td>Slot per scheda micro SIMI Slot per scheda PSAM-z<\/td><\/tr><tr><td>Interfaccia USB<\/td><td>Connettore Micro USB \/ MOlEX\/Vita operativa 10.000 cicli<\/td><\/tr><tr><td>Audio<\/td><td>Sistema stereofonico a grandi altoparlanti<\/td><\/tr><tr><td>Vibratore<\/td><td>Stile pulsante\/10 mm di diametro<\/td><\/tr><tr><td>Indicatore di carica<\/td><td>BicoloreLED<\/td><\/tr><tr><td colspan=\"2\"><strong>Comunicazioni senza fili<\/strong><\/td><\/tr><tr><td>WIFI<\/td><td>IEEE 802.11 b\/g\/n<\/td><\/tr><tr><td>Bluetooth<\/td><td>61uetooth 4.0<\/td><\/tr><tr><td>3G<\/td><td>Huawei MU609\/ Grado del veicolo (opzionale)<\/td><\/tr><tr><td>4G<\/td><td>Huawei ME 909s \/Compatibilit\u00e0 con il veicolo (Opzionale)<\/td><\/tr><tr><td colspan=\"2\"><strong>Ambiente di applicazione<\/strong><\/td><\/tr><tr><td>Temperatura di esercizio.<\/td><td>Da -20\u00b0C a 60\u00b0C<\/td><\/tr><tr><td>Temperatura di stoccaggio.<\/td><td>Da -40\u00b0C a 70\u00b0C<\/td><\/tr><tr><td>Umidit\u00e0<\/td><td>Da 5%RH a 95%RH (senza condensa)<\/td><\/tr><tr><td>Grado di protezione<\/td><td>IP64<\/td><\/tr><tr><td>Altezza di caduta di sicurezza<\/td><td>2m \/6,56ft.<\/td><\/tr><tr><td colspan=\"2\"><strong>Raccolta dati<\/strong><\/td><\/tr><tr><td colspan=\"2\">Codice a barre 1D (opzionale)<\/td><\/tr><tr><td>Motore<\/td><td>Simbolo SE955<\/td><\/tr><tr><td>Supporto<\/td><td>Simbolo UPC\/EA SE955N \/ Code128 \/ Code39 \/ Cadell \/ Interleaved 2 of 5 \/ Discrete 2 of 5 \/ Chinese 2 of 5 \/ Codabar \/ MSI \/ RSS. ecc.<\/td><\/tr><tr><td colspan=\"2\">Codice a barre 2D (opzionale)<\/td><\/tr><tr><td>Motore<\/td><td>Simbolo SE4750<\/td><\/tr><tr><td>Supporto<\/td><td>Matrice dati\/codice QR\/PDF417\/US Planet\/UK Postal, ecc.<\/td><\/tr><tr><td>RFID UHF<\/td><td>&nbsp;<\/td><\/tr><tr><td>Motore<\/td><td>Modulo Rodinbell M-2600 basato sul chip Impinj Indy R2000<\/td><\/tr><tr><td>Cicalino<\/td><td>112\u00b09,5 mm 12300\u00b1300Hz<\/td><\/tr><tr><td>Protocollo<\/td><td>EPC Global UHF Classe 1Gen2 \/ISO 18000-6C\/ ISO16000-66<\/td><\/tr><tr><td>Frequenza di lavoro<\/td><td>840-960MHz<\/td><\/tr><tr><td>Potenza di uscita<\/td><td>0-33d6m<\/td><\/tr><tr><td>Velocit\u00e0 di picco dell'inventario<\/td><td>&gt; 500 tag\/s<\/td><\/tr><tr><td>UHFAntenna<\/td><td>Antenna 3dBi a polarizzazione circolare<\/td><\/tr><tr><td>Leggere la distanza<\/td><td>6-7m(Etichetta testata: Impinj E41b)<\/td><\/tr><tr><td>Regioni supportate<\/td><td>Stati Uniti, Canada e altre regioni che ci seguono. FCC Europa e altre regioni che seguono ETSI \/EN 302 208\/Cina\/Giappone\/Corea\/Malesia.<\/td><\/tr><tr><td>Telecamera (opzionale)<\/td><td>13 megapixel\/messa a fuoco automatica\/flashlight<\/td><\/tr><tr><td>Sistema di posizionamento globale<\/td><td>GPS&amp;GLONASS<\/td><\/tr><tr><td colspan=\"2\"><strong>Accessori<\/strong><\/td><\/tr><tr><td colspan=\"2\">Due batterie Caricabatterie e cavo dati USB Laccio da appendere<\/td><\/tr><\/tbody><\/table><\/figure>\n\n\n\n<h5 class=\"wp-block-heading\" id=\"h-get-in-touch\"><strong>Contattate<\/strong><\/h5>\n\n\n\n<p>Per ulteriori informazioni sulla tecnologia RFID di Huayuan <a href=\"https:\/\/huayuansh.com\/products\/\">prodotti<\/a>\u00a0e IoT\u00a0<a href=\"https:\/\/huayuansh.com\/applications\/\">applicazioni<\/a>.<\/p>\n\n\n<style>.wp-block-kadence-advancedbtn.kb-btns3364_819742-9e{gap:var(--global-kb-gap-xs, 0.5rem );justify-content:flex-start;align-items:center;}.kt-btns3364_819742-9e .kt-button{font-weight:normal;font-style:normal;}.kt-btns3364_819742-9e .kt-btn-wrap-0{margin-right:5px;}.wp-block-kadence-advancedbtn.kt-btns3364_819742-9e .kt-btn-wrap-0 .kt-button{color:#555555;border-color:#555555;}.wp-block-kadence-advancedbtn.kt-btns3364_819742-9e .kt-btn-wrap-0 .kt-button:hover, .wp-block-kadence-advancedbtn.kt-btns3364_819742-9e .kt-btn-wrap-0 .kt-button:focus{color:#ffffff;border-color:#444444;}.wp-block-kadence-advancedbtn.kt-btns3364_819742-9e .kt-btn-wrap-0 .kt-button::before{display:none;}.wp-block-kadence-advancedbtn.kt-btns3364_819742-9e .kt-btn-wrap-0 .kt-button:hover, .wp-block-kadence-advancedbtn.kt-btns3364_819742-9e .kt-btn-wrap-0 .kt-button:focus{background:#444444;}<\/style>\n<div class=\"wp-block-kadence-advancedbtn kb-buttons-wrap kb-btns3364_819742-9e\"><style>ul.menu .wp-block-kadence-advancedbtn .kb-btn3364_048a49-80.kb-button{width:initial;}<\/style><a class=\"kb-button kt-button button kb-btn3364_048a49-80 kt-btn-size-standard kt-btn-width-type-auto kb-btn-global-inherit  kt-btn-has-text-true kt-btn-has-svg-false  wp-block-button__link wp-block-kadence-singlebtn\" href=\"https:\/\/huayuansh.com\/contact-us\/\"><span class=\"kt-btn-inner-text\">Contatto<\/span><\/a><\/div>","protected":false},"excerpt":{"rendered":"<p>ORCA-50 RAIN UHF RFID Handheld Reader&nbsp;Data Terminal&nbsp;is adopt self-developed module based on Impinj Indy R2000 chip, with excellent stability and extremely strong multi-tag identification performance. It\u2019s from the killer whale inspired design, the appearance of dexterous and elegant, simple and well-proportioned, every detail has been repeated scrutiny, sense of proportion to handle properly, to create&#8230;<\/p>","protected":false},"author":1,"featured_media":3548,"parent":991,"menu_order":0,"comment_status":"closed","ping_status":"closed","template":"","meta":{"_kad_blocks_custom_css":"","_kad_blocks_head_custom_js":"","_kad_blocks_body_custom_js":"","_kad_blocks_footer_custom_js":"","_kadence_starter_templates_imported_post":false,"_kad_post_transparent":"","_kad_post_title":"","_kad_post_layout":"","_kad_post_sidebar_id":"","_kad_post_content_style":"","_kad_post_vertical_padding":"","_kad_post_feature":"","_kad_post_feature_position":"","_kad_post_header":false,"_kad_post_footer":false,"footnotes":""},"class_list":["post-3364","page","type-page","status-publish","has-post-thumbnail","hentry"],"yoast_head":"<!-- This site is optimized with the Yoast SEO Premium plugin v23.0 (Yoast SEO v26.3) - https:\/\/yoast.com\/wordpress\/plugins\/seo\/ -->\n<title>UHF Handheld Reader Data Terminal | HUAYUAN RFID Tag Manufacturer<\/title>\n<meta name=\"description\" content=\"ORCA-50 RAIN UHF Handheld Reader is adopt self-developed module based on Impinj Indy R2000 chip, with excellent stability and extremely strong multi-tag.\" \/>\n<meta name=\"robots\" content=\"index, follow, max-snippet:-1, max-image-preview:large, max-video-preview:-1\" \/>\n<link rel=\"canonical\" href=\"https:\/\/huayuansh.com\/it\/prodotti\/moduli-lettori-rfid\/terminale-dati-con-lettore-portatile-uhf\/\" \/>\n<meta property=\"og:locale\" content=\"it_IT\" \/>\n<meta property=\"og:type\" content=\"article\" \/>\n<meta property=\"og:title\" content=\"UHF Handheld Reader Data Terminal\" \/>\n<meta property=\"og:description\" content=\"ORCA-50 RAIN UHF Handheld Reader is adopt self-developed module based on Impinj Indy R2000 chip, with excellent stability and extremely strong multi-tag.\" \/>\n<meta property=\"og:url\" content=\"https:\/\/huayuansh.com\/it\/prodotti\/moduli-lettori-rfid\/terminale-dati-con-lettore-portatile-uhf\/\" \/>\n<meta property=\"og:site_name\" content=\"HUAYUAN RFID Tag Manufacturer\" \/>\n<meta property=\"article:modified_time\" content=\"2024-08-02T06:35:53+00:00\" \/>\n<meta property=\"og:image\" content=\"https:\/\/huayuansh.com\/wp-content\/uploads\/2024\/08\/UHF-Handheld-Reader-Data-Terminal.webp\" \/>\n\t<meta property=\"og:image:width\" content=\"1920\" \/>\n\t<meta property=\"og:image:height\" content=\"1080\" \/>\n\t<meta property=\"og:image:type\" content=\"image\/webp\" \/>\n<meta name=\"twitter:card\" content=\"summary_large_image\" \/>\n<meta name=\"twitter:label1\" content=\"Tempo di lettura stimato\" \/>\n\t<meta name=\"twitter:data1\" content=\"4 minuti\" \/>\n<script type=\"application\/ld+json\" class=\"yoast-schema-graph\">{\"@context\":\"https:\/\/schema.org\",\"@graph\":[{\"@type\":\"WebPage\",\"@id\":\"https:\/\/huayuansh.com\/products\/rfid-readers-modules\/uhf-handheld-reader-data-terminal\/\",\"url\":\"https:\/\/huayuansh.com\/products\/rfid-readers-modules\/uhf-handheld-reader-data-terminal\/\",\"name\":\"UHF Handheld Reader Data Terminal | HUAYUAN RFID Tag Manufacturer\",\"isPartOf\":{\"@id\":\"https:\/\/huayuansh.com\/#website\"},\"primaryImageOfPage\":{\"@id\":\"https:\/\/huayuansh.com\/products\/rfid-readers-modules\/uhf-handheld-reader-data-terminal\/#primaryimage\"},\"image\":{\"@id\":\"https:\/\/huayuansh.com\/products\/rfid-readers-modules\/uhf-handheld-reader-data-terminal\/#primaryimage\"},\"thumbnailUrl\":\"https:\/\/huayuansh.com\/wp-content\/uploads\/2024\/08\/UHF-Handheld-Reader-Data-Terminal.webp\",\"datePublished\":\"2024-07-15T02:41:18+00:00\",\"dateModified\":\"2024-08-02T06:35:53+00:00\",\"description\":\"ORCA-50 RAIN UHF Handheld Reader is adopt self-developed module based on Impinj Indy R2000 chip, with excellent stability and extremely strong multi-tag.\",\"breadcrumb\":{\"@id\":\"https:\/\/huayuansh.com\/products\/rfid-readers-modules\/uhf-handheld-reader-data-terminal\/#breadcrumb\"},\"inLanguage\":\"it-IT\",\"potentialAction\":[{\"@type\":\"ReadAction\",\"target\":[\"https:\/\/huayuansh.com\/products\/rfid-readers-modules\/uhf-handheld-reader-data-terminal\/\"]}]},{\"@type\":\"ImageObject\",\"inLanguage\":\"it-IT\",\"@id\":\"https:\/\/huayuansh.com\/products\/rfid-readers-modules\/uhf-handheld-reader-data-terminal\/#primaryimage\",\"url\":\"https:\/\/huayuansh.com\/wp-content\/uploads\/2024\/08\/UHF-Handheld-Reader-Data-Terminal.webp\",\"contentUrl\":\"https:\/\/huayuansh.com\/wp-content\/uploads\/2024\/08\/UHF-Handheld-Reader-Data-Terminal.webp\",\"width\":1920,\"height\":1080,\"caption\":\"UHF Handheld Reader Data Terminal\"},{\"@type\":\"BreadcrumbList\",\"@id\":\"https:\/\/huayuansh.com\/products\/rfid-readers-modules\/uhf-handheld-reader-data-terminal\/#breadcrumb\",\"itemListElement\":[{\"@type\":\"ListItem\",\"position\":1,\"name\":\"Home\",\"item\":\"https:\/\/huayuansh.com\/\"},{\"@type\":\"ListItem\",\"position\":2,\"name\":\"RFID Products\",\"item\":\"https:\/\/huayuansh.com\/products\/\"},{\"@type\":\"ListItem\",\"position\":3,\"name\":\"RFID Reader Devices\",\"item\":\"https:\/\/huayuansh.com\/products\/rfid-readers-modules\/\"},{\"@type\":\"ListItem\",\"position\":4,\"name\":\"UHF Handheld Reader Data Terminal\"}]},{\"@type\":\"WebSite\",\"@id\":\"https:\/\/huayuansh.com\/#website\",\"url\":\"https:\/\/huayuansh.com\/\",\"name\":\"HUAYUAN RFID Tag Manufacturer\",\"description\":\"HUAYUAN RFID Tag Manufacturer\",\"publisher\":{\"@id\":\"https:\/\/huayuansh.com\/#organization\"},\"potentialAction\":[{\"@type\":\"SearchAction\",\"target\":{\"@type\":\"EntryPoint\",\"urlTemplate\":\"https:\/\/huayuansh.com\/?s={search_term_string}\"},\"query-input\":{\"@type\":\"PropertyValueSpecification\",\"valueRequired\":true,\"valueName\":\"search_term_string\"}}],\"inLanguage\":\"it-IT\"},{\"@type\":\"Organization\",\"@id\":\"https:\/\/huayuansh.com\/#organization\",\"name\":\"HUAYUAN RFID Tag Manufacturer\",\"url\":\"https:\/\/huayuansh.com\/\",\"logo\":{\"@type\":\"ImageObject\",\"inLanguage\":\"it-IT\",\"@id\":\"https:\/\/huayuansh.com\/#\/schema\/logo\/image\/\",\"url\":\"https:\/\/huayuansh.com\/wp-content\/uploads\/2024\/09\/cropped-HUAYUAN.webp\",\"contentUrl\":\"https:\/\/huayuansh.com\/wp-content\/uploads\/2024\/09\/cropped-HUAYUAN.webp\",\"width\":895,\"height\":279,\"caption\":\"HUAYUAN RFID Tag Manufacturer\"},\"image\":{\"@id\":\"https:\/\/huayuansh.com\/#\/schema\/logo\/image\/\"}}]}<\/script>\n<!-- \/ Yoast SEO Premium plugin. -->","yoast_head_json":{"title":"Terminale dati lettore palmare UHF | HUAYUAN Tag RFID Fornitore","description":"Il lettore palmare ORCA-50 RAIN UHF adotta un modulo sviluppato in proprio basato sul chip Impinj Indy R2000, con un'eccellente stabilit\u00e0 e un'estrema robustezza multi-tag.","robots":{"index":"index","follow":"follow","max-snippet":"max-snippet:-1","max-image-preview":"max-image-preview:large","max-video-preview":"max-video-preview:-1"},"canonical":"https:\/\/huayuansh.com\/it\/prodotti\/moduli-lettori-rfid\/terminale-dati-con-lettore-portatile-uhf\/","og_locale":"it_IT","og_type":"article","og_title":"UHF Handheld Reader Data Terminal","og_description":"ORCA-50 RAIN UHF Handheld Reader is adopt self-developed module based on Impinj Indy R2000 chip, with excellent stability and extremely strong multi-tag.","og_url":"https:\/\/huayuansh.com\/it\/prodotti\/moduli-lettori-rfid\/terminale-dati-con-lettore-portatile-uhf\/","og_site_name":"HUAYUAN RFID Tag Manufacturer","article_modified_time":"2024-08-02T06:35:53+00:00","og_image":[{"width":1920,"height":1080,"url":"https:\/\/huayuansh.com\/wp-content\/uploads\/2024\/08\/UHF-Handheld-Reader-Data-Terminal.webp","type":"image\/webp"}],"twitter_card":"summary_large_image","twitter_misc":{"Tempo di lettura stimato":"4 minuti"},"schema":{"@context":"https:\/\/schema.org","@graph":[{"@type":"WebPage","@id":"https:\/\/huayuansh.com\/products\/rfid-readers-modules\/uhf-handheld-reader-data-terminal\/","url":"https:\/\/huayuansh.com\/products\/rfid-readers-modules\/uhf-handheld-reader-data-terminal\/","name":"Terminale dati lettore palmare UHF | HUAYUAN Tag RFID Fornitore","isPartOf":{"@id":"https:\/\/huayuansh.com\/#website"},"primaryImageOfPage":{"@id":"https:\/\/huayuansh.com\/products\/rfid-readers-modules\/uhf-handheld-reader-data-terminal\/#primaryimage"},"image":{"@id":"https:\/\/huayuansh.com\/products\/rfid-readers-modules\/uhf-handheld-reader-data-terminal\/#primaryimage"},"thumbnailUrl":"https:\/\/huayuansh.com\/wp-content\/uploads\/2024\/08\/UHF-Handheld-Reader-Data-Terminal.webp","datePublished":"2024-07-15T02:41:18+00:00","dateModified":"2024-08-02T06:35:53+00:00","description":"Il lettore palmare ORCA-50 RAIN UHF adotta un modulo sviluppato in proprio basato sul chip Impinj Indy R2000, con un'eccellente stabilit\u00e0 e un'estrema robustezza multi-tag.","breadcrumb":{"@id":"https:\/\/huayuansh.com\/products\/rfid-readers-modules\/uhf-handheld-reader-data-terminal\/#breadcrumb"},"inLanguage":"it-IT","potentialAction":[{"@type":"ReadAction","target":["https:\/\/huayuansh.com\/products\/rfid-readers-modules\/uhf-handheld-reader-data-terminal\/"]}]},{"@type":"ImageObject","inLanguage":"it-IT","@id":"https:\/\/huayuansh.com\/products\/rfid-readers-modules\/uhf-handheld-reader-data-terminal\/#primaryimage","url":"https:\/\/huayuansh.com\/wp-content\/uploads\/2024\/08\/UHF-Handheld-Reader-Data-Terminal.webp","contentUrl":"https:\/\/huayuansh.com\/wp-content\/uploads\/2024\/08\/UHF-Handheld-Reader-Data-Terminal.webp","width":1920,"height":1080,"caption":"UHF Handheld Reader Data Terminal"},{"@type":"BreadcrumbList","@id":"https:\/\/huayuansh.com\/products\/rfid-readers-modules\/uhf-handheld-reader-data-terminal\/#breadcrumb","itemListElement":[{"@type":"ListItem","position":1,"name":"Home","item":"https:\/\/huayuansh.com\/"},{"@type":"ListItem","position":2,"name":"RFID Products","item":"https:\/\/huayuansh.com\/products\/"},{"@type":"ListItem","position":3,"name":"RFID Reader Devices","item":"https:\/\/huayuansh.com\/products\/rfid-readers-modules\/"},{"@type":"ListItem","position":4,"name":"UHF Handheld Reader Data Terminal"}]},{"@type":"WebSite","@id":"https:\/\/huayuansh.com\/#website","url":"https:\/\/huayuansh.com\/","name":"HUAYUAN Tag RFID Fornitore","description":"HUAYUAN Tag RFID Fornitore","publisher":{"@id":"https:\/\/huayuansh.com\/#organization"},"potentialAction":[{"@type":"SearchAction","target":{"@type":"EntryPoint","urlTemplate":"https:\/\/huayuansh.com\/?s={search_term_string}"},"query-input":{"@type":"PropertyValueSpecification","valueRequired":true,"valueName":"search_term_string"}}],"inLanguage":"it-IT"},{"@type":"Organization","@id":"https:\/\/huayuansh.com\/#organization","name":"HUAYUAN Tag RFID Fornitore","url":"https:\/\/huayuansh.com\/","logo":{"@type":"ImageObject","inLanguage":"it-IT","@id":"https:\/\/huayuansh.com\/#\/schema\/logo\/image\/","url":"https:\/\/huayuansh.com\/wp-content\/uploads\/2024\/09\/cropped-HUAYUAN.webp","contentUrl":"https:\/\/huayuansh.com\/wp-content\/uploads\/2024\/09\/cropped-HUAYUAN.webp","width":895,"height":279,"caption":"HUAYUAN RFID Tag Manufacturer"},"image":{"@id":"https:\/\/huayuansh.com\/#\/schema\/logo\/image\/"}}]}},"taxonomy_info":[],"featured_image_src_large":["https:\/\/huayuansh.com\/wp-content\/uploads\/2024\/08\/UHF-Handheld-Reader-Data-Terminal-1024x576.webp",1024,576,true],"author_info":{"display_name":"HUAYUAN","author_link":"https:\/\/huayuansh.com\/it\/author\/shyec2024\/"},"comment_info":0,"_links":{"self":[{"href":"https:\/\/huayuansh.com\/it\/wp-json\/wp\/v2\/pages\/3364","targetHints":{"allow":["GET"]}}],"collection":[{"href":"https:\/\/huayuansh.com\/it\/wp-json\/wp\/v2\/pages"}],"about":[{"href":"https:\/\/huayuansh.com\/it\/wp-json\/wp\/v2\/types\/page"}],"author":[{"embeddable":true,"href":"https:\/\/huayuansh.com\/it\/wp-json\/wp\/v2\/users\/1"}],"replies":[{"embeddable":true,"href":"https:\/\/huayuansh.com\/it\/wp-json\/wp\/v2\/comments?post=3364"}],"version-history":[{"count":2,"href":"https:\/\/huayuansh.com\/it\/wp-json\/wp\/v2\/pages\/3364\/revisions"}],"predecessor-version":[{"id":3546,"href":"https:\/\/huayuansh.com\/it\/wp-json\/wp\/v2\/pages\/3364\/revisions\/3546"}],"up":[{"embeddable":true,"href":"https:\/\/huayuansh.com\/it\/wp-json\/wp\/v2\/pages\/991"}],"wp:featuredmedia":[{"embeddable":true,"href":"https:\/\/huayuansh.com\/it\/wp-json\/wp\/v2\/media\/3548"}],"wp:attachment":[{"href":"https:\/\/huayuansh.com\/it\/wp-json\/wp\/v2\/media?parent=3364"}],"curies":[{"name":"wp","href":"https:\/\/api.w.org\/{rel}","templated":true}]}}