{"id":3368,"date":"2024-07-15T11:07:50","date_gmt":"2024-07-15T03:07:50","guid":{"rendered":"https:\/\/huayuansh.com\/?page_id=3368"},"modified":"2024-08-02T16:18:26","modified_gmt":"2024-08-02T08:18:26","slug":"antenna-lettore-rain-rfid","status":"publish","type":"page","link":"https:\/\/huayuansh.com\/it\/prodotti\/moduli-lettori-rfid\/antenna-lettore-rain-rfid\/","title":{"rendered":"Antenna per lettore RFID RAIN"},"content":{"rendered":"<p><strong>Antenna del lettore UHF di HUAYUAN RAIN RFID&nbsp;<\/strong>trasmette un'onda che ha propriet\u00e0 sia elettriche che magnetiche ed \u00e8 nota come onda elettromagnetica. Esistono 2 diversi tipi di antenne RFID<strong>, Polarizzazione circolare<\/strong>&nbsp;o<strong>&nbsp;Polarizzazione lineare<\/strong>:<\/p>\n\n\n\n<p><strong>Polarizzazione lineare (antenne a dipolo)<\/strong>\u00a0- l'onda elettromagnetica si propaga interamente su un piano (verticale o orizzontale) nella direzione di propagazione del segnale. Questa \u00e8 la migliore propagazione dell'onda quando l'orientamento del tag \u00e8 noto e fisso. L'antenna RFID e\u00a0<a href=\"https:\/\/huayuansh.com\/products\/industrial-rfid-tags\/\">Etichetta RFID<\/a>\u00a0devono corrispondere nella polarizzazione per ottenere le migliori velocit\u00e0 di lettura.<\/p>\n\n\n\n<p><strong>Polarizzazione circolare (elica, dipoli incrociati e patch)<\/strong>&nbsp;- l'onda elettromagnetica si propaga su due piani creando un effetto circolare (come un cavatappi) che compie un giro completo in un lasso di tempo di una sola lunghezza d'onda. Poich\u00e9 l'antenna RFID emette continuamente una lunghezza d'onda, il campo rotazionale finir\u00e0 per coprire qualsiasi tag che si trovi sul suo percorso. \u00c8 la soluzione migliore quando non si conosce l'orientamento del tag, ma si perdono almeno 3 dB rispetto a un'antenna polarizzata linearmente. La polarizzazione circolare pu\u00f2 essere destra o sinistra, da cui le opzioni RHCP e LHCP per l'antenna a polarizzazione circolare.<\/p>\n\n\n\n<p>L'antenna per lettori RFID UHF HUAYUAN RAIN \u00e8 stata progettata come antenna RFID UHF di fascia alta, con un alto guadagno ma un basso rapporto d'onda in piedi per ottenere le migliori prestazioni. Alloggiamento in plastica ingegneristica, costruzione robusta IP66, alto livello di protezione per un ampio utilizzo con i nostri S-8600 e S-8800. <a href=\"https:\/\/huayuansh.com\/products\/rfid-readers-modules\/fixed-rfid-readers\/\">Lettore fisso UHF<\/a>come la tracciabilit\u00e0 dei beni,\u00a0<a href=\"https:\/\/huayuansh.com\/the-reasons-for-rfid-technology-in-warehouse-management\/\">gestione del magazzino<\/a>gestione intelligente del traffico, tracciamento dei veicoli, gestione delle linee di produzione, misurazione intelligente del peso, ecc.<\/p>\n\n\n\n<h2 class=\"wp-block-heading\" id=\"h-uhf-rfid-reader-antenna-features\">Antenna per lettore RFID UHF Caratteristiche<\/h2>\n\n\n\n<p>- Potente: Prestazioni RFID massime, distanza di lettura fino a 15m (9dBi) \/ 20m (12dBi) (max 10-30m)<br>- Avanzato: Eccellente funzione di lettura multi-tag, &gt;400 volte al secondo<br>- Industriale: Robusto IP66, applicabile a tipi di ambiente severo<br>- Ampio utilizzo: Ideale per applicazioni a lunga distanza di lettura come magazzino, logistica, produzione, cantiere<\/p>\n\n\n<div class=\"wp-block-image\">\n<figure class=\"aligncenter size-large\"><img loading=\"lazy\" decoding=\"async\" width=\"1024\" height=\"576\" src=\"https:\/\/huayuansh.com\/wp-content\/uploads\/2024\/08\/RAIN-RFID-Reader-Antenna-Features-1024x576.webp\" alt=\"Antenna del lettore RFID RAIN Caratteristiche\" class=\"wp-image-3550\" srcset=\"https:\/\/huayuansh.com\/wp-content\/uploads\/2024\/08\/RAIN-RFID-Reader-Antenna-Features-1024x576.webp 1024w, https:\/\/huayuansh.com\/wp-content\/uploads\/2024\/08\/RAIN-RFID-Reader-Antenna-Features-300x169.webp 300w, https:\/\/huayuansh.com\/wp-content\/uploads\/2024\/08\/RAIN-RFID-Reader-Antenna-Features-768x432.webp 768w, https:\/\/huayuansh.com\/wp-content\/uploads\/2024\/08\/RAIN-RFID-Reader-Antenna-Features.webp 1280w\" sizes=\"auto, (max-width: 1024px) 100vw, 1024px\" \/><\/figure><\/div>\n\n\n<h2 class=\"wp-block-heading\" id=\"h-rain-rfid-reader-antenna-specification\">Specifiche dell'antenna del lettore RFID RAIN<strong><\/strong><\/h2>\n\n\n\n<figure class=\"wp-block-table\"><table><tbody><tr><td colspan=\"3\"><strong>Parametri tecnici<\/strong><\/td><\/tr><tr><td>Frequenza<\/td><td>860~928MHz<\/td><td>860~928MHz<\/td><\/tr><tr><td>Guadagno<\/td><td><strong>9dBi<\/strong><\/td><td><strong>12dBi<\/strong><\/td><\/tr><tr><td>Larghezza del fascio<\/td><td>Hor: 70\u00b0 Ver: 70\u00b0<\/td><td>Hor: 45 Ver: 45\u00b0<\/td><\/tr><tr><td>Polarizzazione<\/td><td>Circolare<\/td><td>Circolare<\/td><\/tr><tr><td>VSWR<\/td><td>\u22641.4<\/td><td>\u22641.3<\/td><\/tr><tr><td>Rapporto F\/B<\/td><td>\u226520<\/td><td>\u226525<\/td><\/tr><tr><td>Impedenza<\/td><td>50\u03a9<\/td><td>50\u03a9<\/td><\/tr><tr><td>Potenza massima<\/td><td>50W<\/td><td>100W<\/td><\/tr><tr><td>Protezione dai fulmini<\/td><td>Massa CC<\/td><td>Massa CC<\/td><\/tr><tr><td>Connettore<\/td><td>SMA-Femmina<\/td><td>SMA-Femmina<\/td><\/tr><tr><td colspan=\"3\"><strong>Specifiche fisiche<\/strong><\/td><\/tr><tr><td>Dimensione<\/td><td>260*260*45 mm<\/td><td>445*445*40 mm<\/td><\/tr><tr><td>Peso netto<\/td><td>1,75 kg<\/td><td>2,3 kg<\/td><\/tr><tr><td>Dimensioni dell'imballaggio<\/td><td>45*35*14,5 cm<\/td><td>60*48*11cm<\/td><\/tr><tr><td>Peso lordo<\/td><td>2 kg<\/td><td>4,25 kg<\/td><\/tr><tr><td>Materiale del radome<\/td><td>ABS<\/td><td>ABS<\/td><\/tr><tr><td>Colore del radome<\/td><td>Bianco<\/td><td>Bianco<\/td><\/tr><tr><td>Diametro del palo<\/td><td>\u03a640-60 mm<\/td><td>\u03a640-80 mm<\/td><\/tr><tr><td>Velocit\u00e0 del vento<\/td><td>60m\/s<\/td><td>60m\/s<\/td><\/tr><tr><td>Temperatura di esercizio<\/td><td>-40~70\u00b0C<\/td><td>-40~70\u00b0C<\/td><\/tr><\/tbody><\/table><\/figure>\n\n\n\n<h5 class=\"wp-block-heading\" id=\"h-get-in-touch\"><strong>Contattate<\/strong><\/h5>\n\n\n\n<p>Per ulteriori informazioni sui lettori e i tag RFID di Huayuan e sulle applicazioni IoT.<\/p>\n\n\n<style>.wp-block-kadence-advancedbtn.kb-btns3368_881ca8-b1{gap:var(--global-kb-gap-xs, 0.5rem );justify-content:flex-start;align-items:center;}.kt-btns3368_881ca8-b1 .kt-button{font-weight:normal;font-style:normal;}.kt-btns3368_881ca8-b1 .kt-btn-wrap-0{margin-right:5px;}.wp-block-kadence-advancedbtn.kt-btns3368_881ca8-b1 .kt-btn-wrap-0 .kt-button{color:#555555;border-color:#555555;}.wp-block-kadence-advancedbtn.kt-btns3368_881ca8-b1 .kt-btn-wrap-0 .kt-button:hover, .wp-block-kadence-advancedbtn.kt-btns3368_881ca8-b1 .kt-btn-wrap-0 .kt-button:focus{color:#ffffff;border-color:#444444;}.wp-block-kadence-advancedbtn.kt-btns3368_881ca8-b1 .kt-btn-wrap-0 .kt-button::before{display:none;}.wp-block-kadence-advancedbtn.kt-btns3368_881ca8-b1 .kt-btn-wrap-0 .kt-button:hover, .wp-block-kadence-advancedbtn.kt-btns3368_881ca8-b1 .kt-btn-wrap-0 .kt-button:focus{background:#444444;}<\/style>\n<div class=\"wp-block-kadence-advancedbtn kb-buttons-wrap kb-btns3368_881ca8-b1\"><style>ul.menu .wp-block-kadence-advancedbtn .kb-btn3368_565bef-99.kb-button{width:initial;}<\/style><a class=\"kb-button kt-button button kb-btn3368_565bef-99 kt-btn-size-standard kt-btn-width-type-auto kb-btn-global-inherit  kt-btn-has-text-true kt-btn-has-svg-false  wp-block-button__link wp-block-kadence-singlebtn\" href=\"https:\/\/huayuansh.com\/contact-us\/\"><span class=\"kt-btn-inner-text\">Contatto<\/span><\/a><\/div>","protected":false},"excerpt":{"rendered":"<p>HUAYUAN RAIN RFID&nbsp;UHF&nbsp;Reader Antenna&nbsp;transmits a wave that has both electrical and magnetic properties and is known as an electromagnetic wave. There are 2 different types of&nbsp;RFID antennas, Circular Polarization&nbsp;or&nbsp;Linear Polarization: Linear Polarization (dipole antennas)\u00a0\u2013 the electromagnetic wave propagates entirely in one plane (Vertical or Horizontal) in the direction of the signal propagation. This is the&#8230;<\/p>","protected":false},"author":1,"featured_media":3568,"parent":991,"menu_order":0,"comment_status":"closed","ping_status":"closed","template":"","meta":{"_kad_blocks_custom_css":"","_kad_blocks_head_custom_js":"","_kad_blocks_body_custom_js":"","_kad_blocks_footer_custom_js":"","_kadence_starter_templates_imported_post":false,"_kad_post_transparent":"","_kad_post_title":"","_kad_post_layout":"","_kad_post_sidebar_id":"","_kad_post_content_style":"","_kad_post_vertical_padding":"","_kad_post_feature":"","_kad_post_feature_position":"","_kad_post_header":false,"_kad_post_footer":false,"footnotes":""},"class_list":["post-3368","page","type-page","status-publish","has-post-thumbnail","hentry"],"yoast_head":"<!-- This site is optimized with the Yoast SEO Premium plugin v23.0 (Yoast SEO v26.3) - https:\/\/yoast.com\/wordpress\/plugins\/seo\/ -->\n<title>RAIN RFID Reader Antenna | HUAYUAN RFID Tag Manufacturer<\/title>\n<meta name=\"description\" content=\"HUAYUAN RAIN UHF Reader Antenna is designed high-end UHF RFID Antenna, high gain but low standing-wave ratio brings best performance.\" \/>\n<meta name=\"robots\" content=\"index, follow, max-snippet:-1, max-image-preview:large, max-video-preview:-1\" \/>\n<link rel=\"canonical\" href=\"https:\/\/huayuansh.com\/it\/prodotti\/moduli-lettori-rfid\/antenna-lettore-rain-rfid\/\" \/>\n<meta property=\"og:locale\" content=\"it_IT\" \/>\n<meta property=\"og:type\" content=\"article\" \/>\n<meta property=\"og:title\" content=\"RAIN RFID Reader Antenna\" \/>\n<meta property=\"og:description\" content=\"HUAYUAN RAIN UHF Reader Antenna is designed high-end UHF RFID Antenna, high gain but low standing-wave ratio brings best performance.\" \/>\n<meta property=\"og:url\" content=\"https:\/\/huayuansh.com\/it\/prodotti\/moduli-lettori-rfid\/antenna-lettore-rain-rfid\/\" \/>\n<meta property=\"og:site_name\" content=\"HUAYUAN RFID Tag Manufacturer\" \/>\n<meta property=\"article:modified_time\" content=\"2024-08-02T08:18:26+00:00\" \/>\n<meta property=\"og:image\" content=\"https:\/\/huayuansh.com\/wp-content\/uploads\/2024\/08\/RFID-Reader-Antenna.webp\" \/>\n\t<meta property=\"og:image:width\" content=\"1920\" \/>\n\t<meta property=\"og:image:height\" content=\"1080\" \/>\n\t<meta property=\"og:image:type\" content=\"image\/webp\" \/>\n<meta name=\"twitter:card\" content=\"summary_large_image\" \/>\n<meta name=\"twitter:label1\" content=\"Tempo di lettura stimato\" \/>\n\t<meta name=\"twitter:data1\" content=\"3 minuti\" \/>\n<script type=\"application\/ld+json\" class=\"yoast-schema-graph\">{\"@context\":\"https:\/\/schema.org\",\"@graph\":[{\"@type\":\"WebPage\",\"@id\":\"https:\/\/huayuansh.com\/products\/rfid-readers-modules\/rain-rfid-reader-antenna\/\",\"url\":\"https:\/\/huayuansh.com\/products\/rfid-readers-modules\/rain-rfid-reader-antenna\/\",\"name\":\"RAIN RFID Reader Antenna | HUAYUAN RFID Tag Manufacturer\",\"isPartOf\":{\"@id\":\"https:\/\/huayuansh.com\/#website\"},\"primaryImageOfPage\":{\"@id\":\"https:\/\/huayuansh.com\/products\/rfid-readers-modules\/rain-rfid-reader-antenna\/#primaryimage\"},\"image\":{\"@id\":\"https:\/\/huayuansh.com\/products\/rfid-readers-modules\/rain-rfid-reader-antenna\/#primaryimage\"},\"thumbnailUrl\":\"https:\/\/huayuansh.com\/wp-content\/uploads\/2024\/08\/RFID-Reader-Antenna.webp\",\"datePublished\":\"2024-07-15T03:07:50+00:00\",\"dateModified\":\"2024-08-02T08:18:26+00:00\",\"description\":\"HUAYUAN RAIN UHF Reader Antenna is designed high-end UHF RFID Antenna, high gain but low standing-wave ratio brings best performance.\",\"breadcrumb\":{\"@id\":\"https:\/\/huayuansh.com\/products\/rfid-readers-modules\/rain-rfid-reader-antenna\/#breadcrumb\"},\"inLanguage\":\"it-IT\",\"potentialAction\":[{\"@type\":\"ReadAction\",\"target\":[\"https:\/\/huayuansh.com\/products\/rfid-readers-modules\/rain-rfid-reader-antenna\/\"]}]},{\"@type\":\"ImageObject\",\"inLanguage\":\"it-IT\",\"@id\":\"https:\/\/huayuansh.com\/products\/rfid-readers-modules\/rain-rfid-reader-antenna\/#primaryimage\",\"url\":\"https:\/\/huayuansh.com\/wp-content\/uploads\/2024\/08\/RFID-Reader-Antenna.webp\",\"contentUrl\":\"https:\/\/huayuansh.com\/wp-content\/uploads\/2024\/08\/RFID-Reader-Antenna.webp\",\"width\":1920,\"height\":1080,\"caption\":\"RFID Reader Antenna\"},{\"@type\":\"BreadcrumbList\",\"@id\":\"https:\/\/huayuansh.com\/products\/rfid-readers-modules\/rain-rfid-reader-antenna\/#breadcrumb\",\"itemListElement\":[{\"@type\":\"ListItem\",\"position\":1,\"name\":\"Home\",\"item\":\"https:\/\/huayuansh.com\/\"},{\"@type\":\"ListItem\",\"position\":2,\"name\":\"RFID Products\",\"item\":\"https:\/\/huayuansh.com\/products\/\"},{\"@type\":\"ListItem\",\"position\":3,\"name\":\"RFID Reader Devices\",\"item\":\"https:\/\/huayuansh.com\/products\/rfid-readers-modules\/\"},{\"@type\":\"ListItem\",\"position\":4,\"name\":\"RAIN RFID Reader Antenna\"}]},{\"@type\":\"WebSite\",\"@id\":\"https:\/\/huayuansh.com\/#website\",\"url\":\"https:\/\/huayuansh.com\/\",\"name\":\"HUAYUAN RFID Tag Manufacturer\",\"description\":\"HUAYUAN RFID Tag Manufacturer\",\"publisher\":{\"@id\":\"https:\/\/huayuansh.com\/#organization\"},\"potentialAction\":[{\"@type\":\"SearchAction\",\"target\":{\"@type\":\"EntryPoint\",\"urlTemplate\":\"https:\/\/huayuansh.com\/?s={search_term_string}\"},\"query-input\":{\"@type\":\"PropertyValueSpecification\",\"valueRequired\":true,\"valueName\":\"search_term_string\"}}],\"inLanguage\":\"it-IT\"},{\"@type\":\"Organization\",\"@id\":\"https:\/\/huayuansh.com\/#organization\",\"name\":\"HUAYUAN RFID Tag Manufacturer\",\"url\":\"https:\/\/huayuansh.com\/\",\"logo\":{\"@type\":\"ImageObject\",\"inLanguage\":\"it-IT\",\"@id\":\"https:\/\/huayuansh.com\/#\/schema\/logo\/image\/\",\"url\":\"https:\/\/huayuansh.com\/wp-content\/uploads\/2024\/09\/cropped-HUAYUAN.webp\",\"contentUrl\":\"https:\/\/huayuansh.com\/wp-content\/uploads\/2024\/09\/cropped-HUAYUAN.webp\",\"width\":895,\"height\":279,\"caption\":\"HUAYUAN RFID Tag Manufacturer\"},\"image\":{\"@id\":\"https:\/\/huayuansh.com\/#\/schema\/logo\/image\/\"}}]}<\/script>\n<!-- \/ Yoast SEO Premium plugin. -->","yoast_head_json":{"title":"Antenna del lettore RAIN RFID | Etichetta RFID HUAYUAN Fornitore","description":"L'antenna per lettori UHF HUAYUAN RAIN \u00e8 stata progettata come antenna UHF RFID di fascia alta, con un alto guadagno ma un basso rapporto d'onda in piedi per ottenere le migliori prestazioni.","robots":{"index":"index","follow":"follow","max-snippet":"max-snippet:-1","max-image-preview":"max-image-preview:large","max-video-preview":"max-video-preview:-1"},"canonical":"https:\/\/huayuansh.com\/it\/prodotti\/moduli-lettori-rfid\/antenna-lettore-rain-rfid\/","og_locale":"it_IT","og_type":"article","og_title":"RAIN RFID Reader Antenna","og_description":"HUAYUAN RAIN UHF Reader Antenna is designed high-end UHF RFID Antenna, high gain but low standing-wave ratio brings best performance.","og_url":"https:\/\/huayuansh.com\/it\/prodotti\/moduli-lettori-rfid\/antenna-lettore-rain-rfid\/","og_site_name":"HUAYUAN RFID Tag Manufacturer","article_modified_time":"2024-08-02T08:18:26+00:00","og_image":[{"width":1920,"height":1080,"url":"https:\/\/huayuansh.com\/wp-content\/uploads\/2024\/08\/RFID-Reader-Antenna.webp","type":"image\/webp"}],"twitter_card":"summary_large_image","twitter_misc":{"Tempo di lettura stimato":"3 minuti"},"schema":{"@context":"https:\/\/schema.org","@graph":[{"@type":"WebPage","@id":"https:\/\/huayuansh.com\/products\/rfid-readers-modules\/rain-rfid-reader-antenna\/","url":"https:\/\/huayuansh.com\/products\/rfid-readers-modules\/rain-rfid-reader-antenna\/","name":"Antenna del lettore RAIN RFID | Etichetta RFID HUAYUAN Fornitore","isPartOf":{"@id":"https:\/\/huayuansh.com\/#website"},"primaryImageOfPage":{"@id":"https:\/\/huayuansh.com\/products\/rfid-readers-modules\/rain-rfid-reader-antenna\/#primaryimage"},"image":{"@id":"https:\/\/huayuansh.com\/products\/rfid-readers-modules\/rain-rfid-reader-antenna\/#primaryimage"},"thumbnailUrl":"https:\/\/huayuansh.com\/wp-content\/uploads\/2024\/08\/RFID-Reader-Antenna.webp","datePublished":"2024-07-15T03:07:50+00:00","dateModified":"2024-08-02T08:18:26+00:00","description":"L'antenna per lettori UHF HUAYUAN RAIN \u00e8 stata progettata come antenna UHF RFID di fascia alta, con un alto guadagno ma un basso rapporto d'onda in piedi per ottenere le migliori prestazioni.","breadcrumb":{"@id":"https:\/\/huayuansh.com\/products\/rfid-readers-modules\/rain-rfid-reader-antenna\/#breadcrumb"},"inLanguage":"it-IT","potentialAction":[{"@type":"ReadAction","target":["https:\/\/huayuansh.com\/products\/rfid-readers-modules\/rain-rfid-reader-antenna\/"]}]},{"@type":"ImageObject","inLanguage":"it-IT","@id":"https:\/\/huayuansh.com\/products\/rfid-readers-modules\/rain-rfid-reader-antenna\/#primaryimage","url":"https:\/\/huayuansh.com\/wp-content\/uploads\/2024\/08\/RFID-Reader-Antenna.webp","contentUrl":"https:\/\/huayuansh.com\/wp-content\/uploads\/2024\/08\/RFID-Reader-Antenna.webp","width":1920,"height":1080,"caption":"RFID Reader Antenna"},{"@type":"BreadcrumbList","@id":"https:\/\/huayuansh.com\/products\/rfid-readers-modules\/rain-rfid-reader-antenna\/#breadcrumb","itemListElement":[{"@type":"ListItem","position":1,"name":"Home","item":"https:\/\/huayuansh.com\/"},{"@type":"ListItem","position":2,"name":"RFID Products","item":"https:\/\/huayuansh.com\/products\/"},{"@type":"ListItem","position":3,"name":"RFID Reader Devices","item":"https:\/\/huayuansh.com\/products\/rfid-readers-modules\/"},{"@type":"ListItem","position":4,"name":"RAIN RFID Reader Antenna"}]},{"@type":"WebSite","@id":"https:\/\/huayuansh.com\/#website","url":"https:\/\/huayuansh.com\/","name":"HUAYUAN Tag RFID Fornitore","description":"HUAYUAN Tag RFID Fornitore","publisher":{"@id":"https:\/\/huayuansh.com\/#organization"},"potentialAction":[{"@type":"SearchAction","target":{"@type":"EntryPoint","urlTemplate":"https:\/\/huayuansh.com\/?s={search_term_string}"},"query-input":{"@type":"PropertyValueSpecification","valueRequired":true,"valueName":"search_term_string"}}],"inLanguage":"it-IT"},{"@type":"Organization","@id":"https:\/\/huayuansh.com\/#organization","name":"HUAYUAN Tag RFID Fornitore","url":"https:\/\/huayuansh.com\/","logo":{"@type":"ImageObject","inLanguage":"it-IT","@id":"https:\/\/huayuansh.com\/#\/schema\/logo\/image\/","url":"https:\/\/huayuansh.com\/wp-content\/uploads\/2024\/09\/cropped-HUAYUAN.webp","contentUrl":"https:\/\/huayuansh.com\/wp-content\/uploads\/2024\/09\/cropped-HUAYUAN.webp","width":895,"height":279,"caption":"HUAYUAN RFID Tag Manufacturer"},"image":{"@id":"https:\/\/huayuansh.com\/#\/schema\/logo\/image\/"}}]}},"taxonomy_info":[],"featured_image_src_large":["https:\/\/huayuansh.com\/wp-content\/uploads\/2024\/08\/RFID-Reader-Antenna-1024x576.webp",1024,576,true],"author_info":{"display_name":"HUAYUAN","author_link":"https:\/\/huayuansh.com\/it\/author\/shyec2024\/"},"comment_info":0,"_links":{"self":[{"href":"https:\/\/huayuansh.com\/it\/wp-json\/wp\/v2\/pages\/3368","targetHints":{"allow":["GET"]}}],"collection":[{"href":"https:\/\/huayuansh.com\/it\/wp-json\/wp\/v2\/pages"}],"about":[{"href":"https:\/\/huayuansh.com\/it\/wp-json\/wp\/v2\/types\/page"}],"author":[{"embeddable":true,"href":"https:\/\/huayuansh.com\/it\/wp-json\/wp\/v2\/users\/1"}],"replies":[{"embeddable":true,"href":"https:\/\/huayuansh.com\/it\/wp-json\/wp\/v2\/comments?post=3368"}],"version-history":[{"count":2,"href":"https:\/\/huayuansh.com\/it\/wp-json\/wp\/v2\/pages\/3368\/revisions"}],"predecessor-version":[{"id":3552,"href":"https:\/\/huayuansh.com\/it\/wp-json\/wp\/v2\/pages\/3368\/revisions\/3552"}],"up":[{"embeddable":true,"href":"https:\/\/huayuansh.com\/it\/wp-json\/wp\/v2\/pages\/991"}],"wp:featuredmedia":[{"embeddable":true,"href":"https:\/\/huayuansh.com\/it\/wp-json\/wp\/v2\/media\/3568"}],"wp:attachment":[{"href":"https:\/\/huayuansh.com\/it\/wp-json\/wp\/v2\/media?parent=3368"}],"curies":[{"name":"wp","href":"https:\/\/api.w.org\/{rel}","templated":true}]}}