{"id":3372,"date":"2024-07-15T13:25:43","date_gmt":"2024-07-15T05:25:43","guid":{"rendered":"https:\/\/huayuansh.com\/?page_id=3372"},"modified":"2024-08-08T15:03:28","modified_gmt":"2024-08-08T07:03:28","slug":"etichetta-rfid-in-ceramica-uhf","status":"publish","type":"page","link":"https:\/\/huayuansh.com\/it\/prodotti\/tag-rfid-industriali\/etichetta-rfid-in-ceramica-uhf\/","title":{"rendered":"Etichetta ceramica UHF RFID"},"content":{"rendered":"<p>I tag ceramici UHF sono progettati specificamente per il tracciamento dei beni in ambienti complessi come i metalli. L'etichetta RFID ceramica anti metallo ha le caratteristiche di anti-smontaggio, fragilit\u00e0, super anti-interferenza, resistenza alle alte temperature, resistenza alla corrosione, impermeabilit\u00e0 e resistenza alla polvere, alta sensibilit\u00e0, qualit\u00e0 stabile dell'etichetta mini RFID, ecc. L'etichetta RFID in ceramica pu\u00f2 essere incorporata in vari beni metallici, fornendo un'ampia gamma di soluzioni di gestione intelligente dei beni per i dispositivi medici, la produzione industriale, lo sviluppo aerospaziale ed energetico.<\/p>\n\n\n\n<div class=\"wp-block-columns are-vertically-aligned-center is-layout-flex wp-container-core-columns-is-layout-9d6595d7 wp-block-columns-is-layout-flex\">\n<div class=\"wp-block-column is-vertically-aligned-center is-layout-flow wp-block-column-is-layout-flow\" style=\"flex-basis:60%\">\n<h2 class=\"wp-block-heading\" id=\"h-key-features\">Caratteristiche principali<\/h2>\n\n\n\n<div class=\"wp-block-group is-nowrap is-layout-flex wp-container-core-group-is-layout-ad2f72ca wp-block-group-is-layout-flex\">\n<ul class=\"wp-block-list\">\n<li>Anti-demolizione, fragile, super anti-interferenza, resiste alle alte temperature a 160\u2103.<\/li>\n\n\n\n<li>La soluzione migliore per i mini tag RFID di piccole dimensioni con una lunga distanza di lettura.<\/li>\n\n\n\n<li>Supporta diversi metodi di installazione, come l'installazione incassata e adesiva.<\/li>\n\n\n\n<li>Frequenza personalizzata con le migliori prestazioni per supportare il progetto.<\/li>\n<\/ul>\n<\/div>\n<\/div>\n\n\n\n<div class=\"wp-block-column is-vertically-aligned-center is-layout-flow wp-block-column-is-layout-flow\" style=\"flex-basis:40%\">\n<figure class=\"wp-block-image size-full\"><img loading=\"lazy\" decoding=\"async\" width=\"600\" height=\"600\" src=\"https:\/\/huayuansh.com\/wp-content\/uploads\/2024\/08\/UHF-RFID-Ceramic-Tag.webp\" alt=\"\" class=\"wp-image-3616\" style=\"aspect-ratio:3\/2;object-fit:cover\" srcset=\"https:\/\/huayuansh.com\/wp-content\/uploads\/2024\/08\/UHF-RFID-Ceramic-Tag.webp 600w, https:\/\/huayuansh.com\/wp-content\/uploads\/2024\/08\/UHF-RFID-Ceramic-Tag-300x300.webp 300w, https:\/\/huayuansh.com\/wp-content\/uploads\/2024\/08\/UHF-RFID-Ceramic-Tag-150x150.webp 150w\" sizes=\"auto, (max-width: 600px) 100vw, 600px\" \/><\/figure>\n<\/div>\n<\/div>\n\n\n\n<h2 class=\"wp-block-heading\" id=\"h-specifications\">Specifiche tecniche<\/h2>\n\n\n\n<p>HUAYUAN pu\u00f2 fornire una variet\u00e0 di mini tag RFID in ceramica con dimensioni ridotte e lunga distanza di lettura. Allo stesso tempo, pu\u00f2 anche personalizzare le migliori prestazioni in base all'oggetto incorporato.<\/p>\n\n\n\n<p>Qui \u00e8 possibile trovare cinque modelli di tag RFID ceramici anti-metallo esistenti:<\/p>\n\n\n\n<figure class=\"wp-block-table\"><table><tbody><tr><td>Articolo<\/td><td>MinTag-1005<\/td><td>UltraTag-1313<\/td><td>AllTag-2525<\/td><td>MinTag-1005<\/td><td>MinTag-0505<\/td><\/tr><tr><td>Colore<\/td><td colspan=\"2\">Nero o personalizzato<\/td><td colspan=\"3\">Bianco o personalizzato<\/td><\/tr><tr><td>Dimensione<\/td><td>10*5*3 mm<\/td><td>13*13*3 mm<\/td><td>25*25*2,7 mm<\/td><td>10*5*3 mm<\/td><td>5*5*3 mm<\/td><\/tr><tr><td>Allegato a<\/td><td>Su metallo<\/td><td>On\/ Metallo incorporato<\/td><td>Su metallo<\/td><td>Su metallo<\/td><td>On\/ Off Metallo<\/td><\/tr><tr><td>Frequenza<\/td><td>920~925MHz<br>Personalizzato<\/td><td>865-867MHz<br>Personalizzato<\/td><td>920~925MHz<br>Personalizzato<\/td><td>920~925MHz<br>Personalizzato<\/td><td>920~925MHz<br>Personalizzato<\/td><\/tr><tr><td>Leggere la distanza<\/td><td><strong>Lettore portatile<\/strong>:<br>\u2265 0,6 m a 28 dBm.<br><strong>Lettore fisso:<\/strong><br>\u22651,2m a 30dBm<\/td><td><strong>Lettore portatile:<\/strong><br>\u22651,8m a 28dBm.<br><strong>Lettore fisso:<\/strong><br>\u22653m a 30dBm<\/td><td><strong>Lettore portatile:<\/strong><br>\u22653m a 28dBm.<br><strong>Lettore fisso:<\/strong><br>\u22654,5m a 30dBm<\/td><td><strong>Lettore portatile:<\/strong><br>\u2265 0,6 m a 28 dBm.<br><strong>Lettore fisso:<\/strong><br>\u22651,2m a 30dBm<\/td><td><strong>Lettore portatile:<\/strong><br>\u22650,3m a 28dBm.<br><strong>Lettore fisso:<\/strong><br>\u22650,6m a 30dBm<\/td><\/tr><tr><td>Applicazione<\/td><td>Pistola, strumento, gestione delle risorse IT;<br>Strumenti medici<\/td><td>Pistola, strumento, gestione delle risorse IT;<br>Strumenti medici<\/td><td>Tracciabilit\u00e0 delle parti;<br>Gestione delle merci pericolose;<br>Gestione delle grandi attrezzature e degli asset;<\/td><td>Pistola, strumento, gestione delle risorse IT;<br>Strumenti medici<\/td><td>Pistola, strumento, gestione delle risorse IT;<br>Strumenti medici<\/td><\/tr><tr><td>Protocollo<\/td><td colspan=\"5\">UHF EPC Global Class1 Gen2, ISO 18000-6C<\/td><\/tr><tr><td>Memoria<\/td><td colspan=\"5\">EPC 96 bit, memoria espansa 512 bit<\/td><\/tr><tr><td>Installazione<\/td><td colspan=\"5\">Incorporato, autoadesivo<\/td><\/tr><tr><td>Operativo<\/td><td colspan=\"5\">-30~85\u2103 \/ -22~185\u2109<\/td><\/tr><tr><td>Immagazzinamento<\/td><td colspan=\"5\">-40~160\u2103 \/ -40~320\u2109<\/td><\/tr><tr><td>Lettura\/scrittura<\/td><td colspan=\"5\">100.000 cicli<\/td><\/tr><tr><td>IP<\/td><td colspan=\"5\">IP65~IP68<\/td><\/tr><\/tbody><\/table><\/figure>\n\n\n\n<h3 class=\"wp-block-heading\" id=\"h-get-in-touch\">Contattate<\/h3>\n\n\n\n<p>Oltre al tag RFID in metallo ceramico sopra elencato, HUAYUAN ha pi\u00f9 di diverse decine di tag RFID anti-metallo per la vostra selezione. Inoltre, la frequenza del tag con le migliori prestazioni pu\u00f2 essere personalizzata per supportare il progetto.<\/p>\n\n\n<style>.wp-block-kadence-advancedbtn.kb-btns3372_0738cf-d3{gap:var(--global-kb-gap-xs, 0.5rem );justify-content:flex-start;align-items:center;}.kt-btns3372_0738cf-d3 .kt-button{font-weight:normal;font-style:normal;}.kt-btns3372_0738cf-d3 .kt-btn-wrap-0{margin-right:5px;}.wp-block-kadence-advancedbtn.kt-btns3372_0738cf-d3 .kt-btn-wrap-0 .kt-button{color:#555555;border-color:#555555;}.wp-block-kadence-advancedbtn.kt-btns3372_0738cf-d3 .kt-btn-wrap-0 .kt-button:hover, .wp-block-kadence-advancedbtn.kt-btns3372_0738cf-d3 .kt-btn-wrap-0 .kt-button:focus{color:#ffffff;border-color:#444444;}.wp-block-kadence-advancedbtn.kt-btns3372_0738cf-d3 .kt-btn-wrap-0 .kt-button::before{display:none;}.wp-block-kadence-advancedbtn.kt-btns3372_0738cf-d3 .kt-btn-wrap-0 .kt-button:hover, .wp-block-kadence-advancedbtn.kt-btns3372_0738cf-d3 .kt-btn-wrap-0 .kt-button:focus{background:#444444;}<\/style>\n<div class=\"wp-block-kadence-advancedbtn kb-buttons-wrap kb-btns3372_0738cf-d3\"><style>ul.menu .wp-block-kadence-advancedbtn .kb-btn3372_1617df-44.kb-button{width:initial;}<\/style><a class=\"kb-button kt-button button kb-btn3372_1617df-44 kt-btn-size-standard kt-btn-width-type-auto kb-btn-global-inherit  kt-btn-has-text-true kt-btn-has-svg-false  wp-block-button__link wp-block-kadence-singlebtn\" href=\"https:\/\/huayuansh.com\/contact-us\/\"><span class=\"kt-btn-inner-text\">Contatto<\/span><\/a><\/div>","protected":false},"excerpt":{"rendered":"<p>I tag ceramici UHF sono progettati specificamente per il tracciamento dei beni in ambienti complessi come i metalli. L'etichetta RFID ceramica anti metallo ha le caratteristiche di anti-smontaggio, fragilit\u00e0, super anti-interferenza, resistenza alle alte temperature, resistenza alla corrosione, impermeabilit\u00e0 e anti-polvere, alta sensibilit\u00e0, qualit\u00e0 stabile della mini-tag RFID, ecc. L'etichetta RFID in ceramica pu\u00f2 essere incorporata in vari...<\/p>","protected":false},"author":1,"featured_media":3617,"parent":854,"menu_order":0,"comment_status":"closed","ping_status":"closed","template":"","meta":{"_kad_blocks_custom_css":"","_kad_blocks_head_custom_js":"","_kad_blocks_body_custom_js":"","_kad_blocks_footer_custom_js":"","_kadence_starter_templates_imported_post":false,"_kad_post_transparent":"","_kad_post_title":"","_kad_post_layout":"","_kad_post_sidebar_id":"","_kad_post_content_style":"","_kad_post_vertical_padding":"","_kad_post_feature":"","_kad_post_feature_position":"","_kad_post_header":false,"_kad_post_footer":false,"footnotes":""},"class_list":["post-3372","page","type-page","status-publish","has-post-thumbnail","hentry"],"yoast_head":"<!-- This site is optimized with the Yoast SEO Premium plugin v23.0 (Yoast SEO v26.3) - https:\/\/yoast.com\/wordpress\/plugins\/seo\/ -->\n<title>UHF RFID Ceramic Tag | HUAYUAN RFID Tag Manufacturer<\/title>\n<meta name=\"description\" content=\"UHF RFID Ceramic Tag is specialized for complex metallic environment, whose dimension could be ultra-small and perfect performance.\" \/>\n<meta name=\"robots\" content=\"index, follow, max-snippet:-1, max-image-preview:large, max-video-preview:-1\" \/>\n<link rel=\"canonical\" href=\"https:\/\/huayuansh.com\/it\/prodotti\/tag-rfid-industriali\/etichetta-rfid-in-ceramica-uhf\/\" \/>\n<meta property=\"og:locale\" content=\"it_IT\" \/>\n<meta property=\"og:type\" content=\"article\" \/>\n<meta property=\"og:title\" content=\"UHF RFID Ceramic Tag\" \/>\n<meta property=\"og:description\" content=\"UHF RFID Ceramic Tag is specialized for complex metallic environment, whose dimension could be ultra-small and perfect performance.\" \/>\n<meta property=\"og:url\" content=\"https:\/\/huayuansh.com\/it\/prodotti\/tag-rfid-industriali\/etichetta-rfid-in-ceramica-uhf\/\" \/>\n<meta property=\"og:site_name\" content=\"HUAYUAN RFID Tag Manufacturer\" \/>\n<meta property=\"article:modified_time\" content=\"2024-08-08T07:03:28+00:00\" \/>\n<meta property=\"og:image\" content=\"https:\/\/huayuansh.com\/wp-content\/uploads\/2024\/08\/UHF-RFID-Ceramic-Tag-for-Identification.webp\" \/>\n\t<meta property=\"og:image:width\" content=\"1920\" \/>\n\t<meta property=\"og:image:height\" content=\"1080\" \/>\n\t<meta property=\"og:image:type\" content=\"image\/webp\" \/>\n<meta name=\"twitter:card\" content=\"summary_large_image\" \/>\n<meta name=\"twitter:label1\" content=\"Tempo di lettura stimato\" \/>\n\t<meta name=\"twitter:data1\" content=\"3 minuti\" \/>\n<script type=\"application\/ld+json\" class=\"yoast-schema-graph\">{\"@context\":\"https:\/\/schema.org\",\"@graph\":[{\"@type\":\"WebPage\",\"@id\":\"https:\/\/huayuansh.com\/products\/industrial-rfid-tags\/uhf-rfid-ceramic-tag\/\",\"url\":\"https:\/\/huayuansh.com\/products\/industrial-rfid-tags\/uhf-rfid-ceramic-tag\/\",\"name\":\"UHF RFID Ceramic Tag | HUAYUAN RFID Tag Manufacturer\",\"isPartOf\":{\"@id\":\"https:\/\/huayuansh.com\/#website\"},\"primaryImageOfPage\":{\"@id\":\"https:\/\/huayuansh.com\/products\/industrial-rfid-tags\/uhf-rfid-ceramic-tag\/#primaryimage\"},\"image\":{\"@id\":\"https:\/\/huayuansh.com\/products\/industrial-rfid-tags\/uhf-rfid-ceramic-tag\/#primaryimage\"},\"thumbnailUrl\":\"https:\/\/huayuansh.com\/wp-content\/uploads\/2024\/08\/UHF-RFID-Ceramic-Tag-for-Identification.webp\",\"datePublished\":\"2024-07-15T05:25:43+00:00\",\"dateModified\":\"2024-08-08T07:03:28+00:00\",\"description\":\"UHF RFID Ceramic Tag is specialized for complex metallic environment, whose dimension could be ultra-small and perfect performance.\",\"breadcrumb\":{\"@id\":\"https:\/\/huayuansh.com\/products\/industrial-rfid-tags\/uhf-rfid-ceramic-tag\/#breadcrumb\"},\"inLanguage\":\"it-IT\",\"potentialAction\":[{\"@type\":\"ReadAction\",\"target\":[\"https:\/\/huayuansh.com\/products\/industrial-rfid-tags\/uhf-rfid-ceramic-tag\/\"]}]},{\"@type\":\"ImageObject\",\"inLanguage\":\"it-IT\",\"@id\":\"https:\/\/huayuansh.com\/products\/industrial-rfid-tags\/uhf-rfid-ceramic-tag\/#primaryimage\",\"url\":\"https:\/\/huayuansh.com\/wp-content\/uploads\/2024\/08\/UHF-RFID-Ceramic-Tag-for-Identification.webp\",\"contentUrl\":\"https:\/\/huayuansh.com\/wp-content\/uploads\/2024\/08\/UHF-RFID-Ceramic-Tag-for-Identification.webp\",\"width\":1920,\"height\":1080},{\"@type\":\"BreadcrumbList\",\"@id\":\"https:\/\/huayuansh.com\/products\/industrial-rfid-tags\/uhf-rfid-ceramic-tag\/#breadcrumb\",\"itemListElement\":[{\"@type\":\"ListItem\",\"position\":1,\"name\":\"Home\",\"item\":\"https:\/\/huayuansh.com\/\"},{\"@type\":\"ListItem\",\"position\":2,\"name\":\"RFID Products\",\"item\":\"https:\/\/huayuansh.com\/products\/\"},{\"@type\":\"ListItem\",\"position\":3,\"name\":\"Industrial RFID Tags\",\"item\":\"https:\/\/huayuansh.com\/products\/industrial-rfid-tags\/\"},{\"@type\":\"ListItem\",\"position\":4,\"name\":\"UHF RFID Ceramic Tag\"}]},{\"@type\":\"WebSite\",\"@id\":\"https:\/\/huayuansh.com\/#website\",\"url\":\"https:\/\/huayuansh.com\/\",\"name\":\"HUAYUAN RFID Tag Manufacturer\",\"description\":\"HUAYUAN RFID Tag Manufacturer\",\"publisher\":{\"@id\":\"https:\/\/huayuansh.com\/#organization\"},\"potentialAction\":[{\"@type\":\"SearchAction\",\"target\":{\"@type\":\"EntryPoint\",\"urlTemplate\":\"https:\/\/huayuansh.com\/?s={search_term_string}\"},\"query-input\":{\"@type\":\"PropertyValueSpecification\",\"valueRequired\":true,\"valueName\":\"search_term_string\"}}],\"inLanguage\":\"it-IT\"},{\"@type\":\"Organization\",\"@id\":\"https:\/\/huayuansh.com\/#organization\",\"name\":\"HUAYUAN RFID Tag Manufacturer\",\"url\":\"https:\/\/huayuansh.com\/\",\"logo\":{\"@type\":\"ImageObject\",\"inLanguage\":\"it-IT\",\"@id\":\"https:\/\/huayuansh.com\/#\/schema\/logo\/image\/\",\"url\":\"https:\/\/huayuansh.com\/wp-content\/uploads\/2024\/09\/cropped-HUAYUAN.webp\",\"contentUrl\":\"https:\/\/huayuansh.com\/wp-content\/uploads\/2024\/09\/cropped-HUAYUAN.webp\",\"width\":895,\"height\":279,\"caption\":\"HUAYUAN RFID Tag Manufacturer\"},\"image\":{\"@id\":\"https:\/\/huayuansh.com\/#\/schema\/logo\/image\/\"}}]}<\/script>\n<!-- \/ Yoast SEO Premium plugin. -->","yoast_head_json":{"title":"Tag RFID in ceramica UHF | HUAYUAN Tag RFID Fornitore","description":"L'etichetta ceramica UHF RFID \u00e8 specializzata per l'ambiente metallico complesso, la cui dimensione potrebbe essere ultra-piccola e la prestazione perfetta.","robots":{"index":"index","follow":"follow","max-snippet":"max-snippet:-1","max-image-preview":"max-image-preview:large","max-video-preview":"max-video-preview:-1"},"canonical":"https:\/\/huayuansh.com\/it\/prodotti\/tag-rfid-industriali\/etichetta-rfid-in-ceramica-uhf\/","og_locale":"it_IT","og_type":"article","og_title":"UHF RFID Ceramic Tag","og_description":"UHF RFID Ceramic Tag is specialized for complex metallic environment, whose dimension could be ultra-small and perfect performance.","og_url":"https:\/\/huayuansh.com\/it\/prodotti\/tag-rfid-industriali\/etichetta-rfid-in-ceramica-uhf\/","og_site_name":"HUAYUAN RFID Tag Manufacturer","article_modified_time":"2024-08-08T07:03:28+00:00","og_image":[{"width":1920,"height":1080,"url":"https:\/\/huayuansh.com\/wp-content\/uploads\/2024\/08\/UHF-RFID-Ceramic-Tag-for-Identification.webp","type":"image\/webp"}],"twitter_card":"summary_large_image","twitter_misc":{"Tempo di lettura stimato":"3 minuti"},"schema":{"@context":"https:\/\/schema.org","@graph":[{"@type":"WebPage","@id":"https:\/\/huayuansh.com\/products\/industrial-rfid-tags\/uhf-rfid-ceramic-tag\/","url":"https:\/\/huayuansh.com\/products\/industrial-rfid-tags\/uhf-rfid-ceramic-tag\/","name":"Tag RFID in ceramica UHF | HUAYUAN Tag RFID Fornitore","isPartOf":{"@id":"https:\/\/huayuansh.com\/#website"},"primaryImageOfPage":{"@id":"https:\/\/huayuansh.com\/products\/industrial-rfid-tags\/uhf-rfid-ceramic-tag\/#primaryimage"},"image":{"@id":"https:\/\/huayuansh.com\/products\/industrial-rfid-tags\/uhf-rfid-ceramic-tag\/#primaryimage"},"thumbnailUrl":"https:\/\/huayuansh.com\/wp-content\/uploads\/2024\/08\/UHF-RFID-Ceramic-Tag-for-Identification.webp","datePublished":"2024-07-15T05:25:43+00:00","dateModified":"2024-08-08T07:03:28+00:00","description":"L'etichetta ceramica UHF RFID \u00e8 specializzata per l'ambiente metallico complesso, la cui dimensione potrebbe essere ultra-piccola e la prestazione perfetta.","breadcrumb":{"@id":"https:\/\/huayuansh.com\/products\/industrial-rfid-tags\/uhf-rfid-ceramic-tag\/#breadcrumb"},"inLanguage":"it-IT","potentialAction":[{"@type":"ReadAction","target":["https:\/\/huayuansh.com\/products\/industrial-rfid-tags\/uhf-rfid-ceramic-tag\/"]}]},{"@type":"ImageObject","inLanguage":"it-IT","@id":"https:\/\/huayuansh.com\/products\/industrial-rfid-tags\/uhf-rfid-ceramic-tag\/#primaryimage","url":"https:\/\/huayuansh.com\/wp-content\/uploads\/2024\/08\/UHF-RFID-Ceramic-Tag-for-Identification.webp","contentUrl":"https:\/\/huayuansh.com\/wp-content\/uploads\/2024\/08\/UHF-RFID-Ceramic-Tag-for-Identification.webp","width":1920,"height":1080},{"@type":"BreadcrumbList","@id":"https:\/\/huayuansh.com\/products\/industrial-rfid-tags\/uhf-rfid-ceramic-tag\/#breadcrumb","itemListElement":[{"@type":"ListItem","position":1,"name":"Home","item":"https:\/\/huayuansh.com\/"},{"@type":"ListItem","position":2,"name":"RFID Products","item":"https:\/\/huayuansh.com\/products\/"},{"@type":"ListItem","position":3,"name":"Industrial RFID Tags","item":"https:\/\/huayuansh.com\/products\/industrial-rfid-tags\/"},{"@type":"ListItem","position":4,"name":"UHF RFID Ceramic Tag"}]},{"@type":"WebSite","@id":"https:\/\/huayuansh.com\/#website","url":"https:\/\/huayuansh.com\/","name":"HUAYUAN Tag RFID Fornitore","description":"HUAYUAN Tag RFID Fornitore","publisher":{"@id":"https:\/\/huayuansh.com\/#organization"},"potentialAction":[{"@type":"SearchAction","target":{"@type":"EntryPoint","urlTemplate":"https:\/\/huayuansh.com\/?s={search_term_string}"},"query-input":{"@type":"PropertyValueSpecification","valueRequired":true,"valueName":"search_term_string"}}],"inLanguage":"it-IT"},{"@type":"Organization","@id":"https:\/\/huayuansh.com\/#organization","name":"HUAYUAN Tag RFID Fornitore","url":"https:\/\/huayuansh.com\/","logo":{"@type":"ImageObject","inLanguage":"it-IT","@id":"https:\/\/huayuansh.com\/#\/schema\/logo\/image\/","url":"https:\/\/huayuansh.com\/wp-content\/uploads\/2024\/09\/cropped-HUAYUAN.webp","contentUrl":"https:\/\/huayuansh.com\/wp-content\/uploads\/2024\/09\/cropped-HUAYUAN.webp","width":895,"height":279,"caption":"HUAYUAN RFID Tag Manufacturer"},"image":{"@id":"https:\/\/huayuansh.com\/#\/schema\/logo\/image\/"}}]}},"taxonomy_info":[],"featured_image_src_large":["https:\/\/huayuansh.com\/wp-content\/uploads\/2024\/08\/UHF-RFID-Ceramic-Tag-for-Identification-1024x576.webp",1024,576,true],"author_info":{"display_name":"HUAYUAN","author_link":"https:\/\/huayuansh.com\/it\/author\/shyec2024\/"},"comment_info":0,"_links":{"self":[{"href":"https:\/\/huayuansh.com\/it\/wp-json\/wp\/v2\/pages\/3372","targetHints":{"allow":["GET"]}}],"collection":[{"href":"https:\/\/huayuansh.com\/it\/wp-json\/wp\/v2\/pages"}],"about":[{"href":"https:\/\/huayuansh.com\/it\/wp-json\/wp\/v2\/types\/page"}],"author":[{"embeddable":true,"href":"https:\/\/huayuansh.com\/it\/wp-json\/wp\/v2\/users\/1"}],"replies":[{"embeddable":true,"href":"https:\/\/huayuansh.com\/it\/wp-json\/wp\/v2\/comments?post=3372"}],"version-history":[{"count":2,"href":"https:\/\/huayuansh.com\/it\/wp-json\/wp\/v2\/pages\/3372\/revisions"}],"predecessor-version":[{"id":3618,"href":"https:\/\/huayuansh.com\/it\/wp-json\/wp\/v2\/pages\/3372\/revisions\/3618"}],"up":[{"embeddable":true,"href":"https:\/\/huayuansh.com\/it\/wp-json\/wp\/v2\/pages\/854"}],"wp:featuredmedia":[{"embeddable":true,"href":"https:\/\/huayuansh.com\/it\/wp-json\/wp\/v2\/media\/3617"}],"wp:attachment":[{"href":"https:\/\/huayuansh.com\/it\/wp-json\/wp\/v2\/media?parent=3372"}],"curies":[{"name":"wp","href":"https:\/\/api.w.org\/{rel}","templated":true}]}}