{"id":3374,"date":"2024-07-15T13:29:37","date_gmt":"2024-07-15T05:29:37","guid":{"rendered":"https:\/\/huayuansh.com\/?page_id=3374"},"modified":"2024-08-16T19:11:15","modified_gmt":"2024-08-16T11:11:15","slug":"mini-etichetta-rfid-in-epossidica","status":"publish","type":"page","link":"https:\/\/huayuansh.com\/it\/prodotti\/tag-rfid-industriali\/mini-etichetta-rfid-in-epossidica\/","title":{"rendered":"Mini tag RFID epossidica"},"content":{"rendered":"<p>Nella produzione automatizzata, il ruolo dei mini tag RFID sta diventando sempre pi\u00f9 importante e la domanda \u00e8 in aumento. Nelle applicazioni industriali, la RFID richiede sempre pi\u00f9 prodotti incorporabili con dimensioni ridotte e prestazioni stabili. Lo smart tag passivo ad alta frequenza conforme alla norma ISO15693 \u00e8 una soluzione di gestione di livello industriale comune per il confronto dei prezzi ed \u00e8 pi\u00f9 adattabile agli scenari liquidi rispetto ai tag UHF. HUAYUAN offre un'ampia selezione di mini tag RFID a fattore di forma ridotto. Questi mini tag RFID sono stati progettati per essere utilizzati in molte applicazioni in cui \u00e8 necessario adattarsi a piccole aree per tracciare e monitorare le risorse.<\/p>\n\n\n\n<p>I nostri mini tag RFID epossidici hanno l'aspetto di un minuscolo bottone; la dimensione del micro tag RFID \u00e8 compresa tra 15 e 18 mm di diametro, mentre lo spessore pu\u00f2 essere controllato a 2,8\u00b10,2 mm. Nel frattempo, il nostro piccolo tag RFID a bottone utilizza una bobina ottimizzata, che mantiene eccellenti prestazioni di lettura. Inoltre, la stampa superficiale \u00e8 disponibile su richiesta del cliente. Grazie alla tecnologia della colla epossidica, il livello di protezione pu\u00f2 raggiungere il grado IP67, adatto a diversi ambienti industriali estremamente severi.<\/p>\n\n\n\n<h2 class=\"wp-block-heading\" id=\"h-features-of-rfid-nfc-mini-tag\">Caratteristiche della mini-tag RFID NFC<\/h2>\n\n\n\n<ul class=\"wp-block-list\">\n<li>Robusto, impermeabile e antipolvere per l'ambiente industriale,<\/li>\n\n\n\n<li>Protocollo RFID flessibile, frequenze con prestazioni regolabili<\/li>\n\n\n\n<li>Stampa e codifica di codici personalizzati<\/li>\n\n\n\n<li>Facilmente integrabile per applicazioni di identificazione industriale<\/li>\n<\/ul>\n\n\n\n<h2 class=\"wp-block-heading\" id=\"h-specification-of-rfid-mini-tag\">Specificazione della mini-tag RFID<\/h2>\n\n\n\n<figure class=\"wp-block-table\"><table><tbody><tr><td>Articolo<\/td><td colspan=\"2\">Mini etichetta RFID NFC in resina epossidica<\/td><\/tr><tr><td>Materiale<\/td><td colspan=\"2\">Alloggiamento in PPS + resina epossidica<\/td><\/tr><tr><td>Chip disponibile<\/td><td colspan=\"2\">HF: ICODE\u00ae SLIX, MIFARE Classic\u00ae, ecc.<\/td><\/tr><tr><td rowspan=\"2\">Dimensioni e spessore<\/td><td colspan=\"2\">Dia: 15mm\/18mm o personalizzato<\/td><\/tr><tr><td colspan=\"2\">Spessore: 2,8\u00b10,2 mm<\/td><\/tr><tr><td>Classe IP<\/td><td colspan=\"2\">IP67<\/td><\/tr><tr><td>Leggi la gamma<\/td><td colspan=\"2\">10~50 mm<\/td><\/tr><tr><td>Protocollo<\/td><td colspan=\"2\">ISO 14443A \/ 15693 \/ 18092<\/td><\/tr><tr><td>Artigianato aggiuntivo<\/td><td colspan=\"2\">Codifica del chip, incisione laser, antimetallo, ecc.<\/td><\/tr><\/tbody><\/table><\/figure>\n\n\n<style>.wp-block-kadence-advancedgallery .kb-gallery-type-grid.kb-gallery-id-3374_3b287c-c1{margin:-5px;}.kb-gallery-type-grid.kb-gallery-id-3374_3b287c-c1 .kadence-blocks-gallery-item{padding:5px;}.kb-gallery-id-3374_3b287c-c1 .kadence-blocks-gallery-item .kb-gal-image-radius, .kb-gallery-id-3374_3b287c-c1 .kb-slide-item .kb-gal-image-radius img{border-radius:0px 0px 0px 0px;;}<\/style><div class=\"kb-gallery-wrap-id-3374_3b287c-c1 alignnone wp-block-kadence-advancedgallery\"><ul class=\"kb-gallery-ul kb-gallery-non-static kb-gallery-type-grid kb-gallery-id-3374_3b287c-c1 kb-gallery-caption-style-bottom-hover kb-gallery-filter-none\" data-image-filter=\"none\" data-item-selector=\".kadence-blocks-gallery-item\" data-lightbox-caption=\"true\" data-columns-xxl=\"3\" data-columns-xl=\"3\" data-columns-md=\"3\" data-columns-sm=\"2\" data-columns-xs=\"1\" data-columns-ss=\"1\"><li class=\"kadence-blocks-gallery-item\"><div class=\"kadence-blocks-gallery-item-inner\"><figure class=\"kb-gallery-figure kadence-blocks-gallery-item-hide-caption\"><div class=\"kb-gal-image-radius\"><div class=\"kb-gallery-image-contain kadence-blocks-gallery-intrinsic kb-gallery-image-ratio-land32 kb-has-image-ratio-land32\" ><img loading=\"lazy\" decoding=\"async\" src=\"https:\/\/huayuansh.com\/wp-content\/uploads\/2024\/08\/Epoxy-RFID-NFC-Mini-Tags.webp\" width=\"600\" height=\"400\" alt=\"\" data-full-image=\"https:\/\/huayuansh.com\/wp-content\/uploads\/2024\/08\/Epoxy-RFID-NFC-Mini-Tags.webp\" data-light-image=\"https:\/\/huayuansh.com\/wp-content\/uploads\/2024\/08\/Epoxy-RFID-NFC-Mini-Tags.webp\" data-id=\"3662\" class=\"wp-image-3662\" srcset=\"https:\/\/huayuansh.com\/wp-content\/uploads\/2024\/08\/Epoxy-RFID-NFC-Mini-Tags.webp 600w, https:\/\/huayuansh.com\/wp-content\/uploads\/2024\/08\/Epoxy-RFID-NFC-Mini-Tags-300x200.webp 300w\" sizes=\"auto, (max-width: 600px) 100vw, 600px\" \/><\/div><\/div><\/figure><\/div><\/li><li class=\"kadence-blocks-gallery-item\"><div class=\"kadence-blocks-gallery-item-inner\"><figure class=\"kb-gallery-figure kadence-blocks-gallery-item-hide-caption\"><div class=\"kb-gal-image-radius\"><div class=\"kb-gallery-image-contain kadence-blocks-gallery-intrinsic kb-gallery-image-ratio-land32 kb-has-image-ratio-land32\" ><img loading=\"lazy\" decoding=\"async\" src=\"https:\/\/huayuansh.com\/wp-content\/uploads\/2024\/08\/Epoxy-RFID-Mini-Tag-with-Anti-metal-Layer.webp\" width=\"600\" height=\"400\" alt=\"\" data-full-image=\"https:\/\/huayuansh.com\/wp-content\/uploads\/2024\/08\/Epoxy-RFID-Mini-Tag-with-Anti-metal-Layer.webp\" data-light-image=\"https:\/\/huayuansh.com\/wp-content\/uploads\/2024\/08\/Epoxy-RFID-Mini-Tag-with-Anti-metal-Layer.webp\" data-id=\"3664\" class=\"wp-image-3664\" srcset=\"https:\/\/huayuansh.com\/wp-content\/uploads\/2024\/08\/Epoxy-RFID-Mini-Tag-with-Anti-metal-Layer.webp 600w, https:\/\/huayuansh.com\/wp-content\/uploads\/2024\/08\/Epoxy-RFID-Mini-Tag-with-Anti-metal-Layer-300x200.webp 300w\" sizes=\"auto, (max-width: 600px) 100vw, 600px\" \/><\/div><\/div><\/figure><\/div><\/li><li class=\"kadence-blocks-gallery-item\"><div class=\"kadence-blocks-gallery-item-inner\"><figure class=\"kb-gallery-figure kadence-blocks-gallery-item-hide-caption\"><div class=\"kb-gal-image-radius\"><div class=\"kb-gallery-image-contain kadence-blocks-gallery-intrinsic kb-gallery-image-ratio-land32 kb-has-image-ratio-land32\" ><img loading=\"lazy\" decoding=\"async\" src=\"https:\/\/huayuansh.com\/wp-content\/uploads\/2024\/08\/Epoxy-RFID-Mini-Tag-with-Laser-Engrave-Number.webp\" width=\"600\" height=\"400\" alt=\"\" data-full-image=\"https:\/\/huayuansh.com\/wp-content\/uploads\/2024\/08\/Epoxy-RFID-Mini-Tag-with-Laser-Engrave-Number.webp\" data-light-image=\"https:\/\/huayuansh.com\/wp-content\/uploads\/2024\/08\/Epoxy-RFID-Mini-Tag-with-Laser-Engrave-Number.webp\" data-id=\"3663\" class=\"wp-image-3663\" srcset=\"https:\/\/huayuansh.com\/wp-content\/uploads\/2024\/08\/Epoxy-RFID-Mini-Tag-with-Laser-Engrave-Number.webp 600w, https:\/\/huayuansh.com\/wp-content\/uploads\/2024\/08\/Epoxy-RFID-Mini-Tag-with-Laser-Engrave-Number-300x200.webp 300w\" sizes=\"auto, (max-width: 600px) 100vw, 600px\" \/><\/div><\/div><\/figure><\/div><\/li><\/ul><\/div>\n\n\n<h3 class=\"wp-block-heading\" id=\"h-applications-of-micro-rfid-tags\">Applicazioni delle micro-tag RFID<\/h3>\n\n\n\n<p>La piccola etichetta RFID epossidica \u00e8 una soluzione ideale per l'autenticazione dei prodotti, l'identificazione delle apparecchiature, la localizzazione di strumenti e utensili e la gestione delle attivit\u00e0 fisse, ecc. Attualmente, milioni di etichette RFID di piccole dimensioni sono utilizzate per\u00a0<a href=\"https:\/\/huayuansh.com\/rfid-tag-for-mining-safe-secure-and-efficient\/\">tracciamento e identificazione nell'industria mineraria<\/a>migliorando notevolmente l'efficienza e l'accuratezza. Alcuni clienti utilizzano questo micro tag RFID per essere incorporato nel prodotto come tag NFC.<\/p>\n\n\n\n<h4 class=\"wp-block-heading\" id=\"h-get-in-touch\">Contattate<\/h4>\n\n\n\n<p>In qualit\u00e0 di specialista nella ricerca e nello sviluppo di RFID e NFC, HUAYUAN offre soluzioni di smart tag per una variet\u00e0 di industrie intelligenti in tutto il mondo. Per ulteriori informazioni sul mini tag RFID epossidico di Huayuan, contattare il nostro team di vendita.<\/p>\n\n\n<style>.wp-block-kadence-advancedbtn.kb-btns3374_de49a5-26{gap:var(--global-kb-gap-xs, 0.5rem );justify-content:flex-start;align-items:center;}.kt-btns3374_de49a5-26 .kt-button{font-weight:normal;font-style:normal;}.kt-btns3374_de49a5-26 .kt-btn-wrap-0{margin-right:5px;}.wp-block-kadence-advancedbtn.kt-btns3374_de49a5-26 .kt-btn-wrap-0 .kt-button{color:#555555;border-color:#555555;}.wp-block-kadence-advancedbtn.kt-btns3374_de49a5-26 .kt-btn-wrap-0 .kt-button:hover, .wp-block-kadence-advancedbtn.kt-btns3374_de49a5-26 .kt-btn-wrap-0 .kt-button:focus{color:#ffffff;border-color:#444444;}.wp-block-kadence-advancedbtn.kt-btns3374_de49a5-26 .kt-btn-wrap-0 .kt-button::before{display:none;}.wp-block-kadence-advancedbtn.kt-btns3374_de49a5-26 .kt-btn-wrap-0 .kt-button:hover, .wp-block-kadence-advancedbtn.kt-btns3374_de49a5-26 .kt-btn-wrap-0 .kt-button:focus{background:#444444;}<\/style>\n<div class=\"wp-block-kadence-advancedbtn kb-buttons-wrap kb-btns3374_de49a5-26\"><style>ul.menu .wp-block-kadence-advancedbtn .kb-btn3374_7df5ab-a2.kb-button{width:initial;}<\/style><a class=\"kb-button kt-button button kb-btn3374_7df5ab-a2 kt-btn-size-standard kt-btn-width-type-auto kb-btn-global-inherit  kt-btn-has-text-true kt-btn-has-svg-false  wp-block-button__link wp-block-kadence-singlebtn\" href=\"https:\/\/huayuansh.com\/contact-us\/\"><span class=\"kt-btn-inner-text\">Contatto<\/span><\/a><\/div>","protected":false},"excerpt":{"rendered":"<p>Nella produzione automatizzata, il ruolo dei mini tag RFID sta diventando sempre pi\u00f9 importante e la domanda \u00e8 in aumento. Nelle applicazioni industriali, la RFID richiede sempre pi\u00f9 prodotti incorporabili con dimensioni ridotte e prestazioni stabili. Lo smart tag passivo ad alta frequenza conforme alla norma ISO15693 \u00e8 una comune soluzione di gestione di livello industriale per il confronto dei prezzi, ed \u00e8 pi\u00f9 adattabile...<\/p>","protected":false},"author":1,"featured_media":3666,"parent":854,"menu_order":0,"comment_status":"closed","ping_status":"closed","template":"","meta":{"_kad_blocks_custom_css":"","_kad_blocks_head_custom_js":"","_kad_blocks_body_custom_js":"","_kad_blocks_footer_custom_js":"","_kadence_starter_templates_imported_post":false,"_kad_post_transparent":"","_kad_post_title":"","_kad_post_layout":"","_kad_post_sidebar_id":"","_kad_post_content_style":"","_kad_post_vertical_padding":"","_kad_post_feature":"","_kad_post_feature_position":"","_kad_post_header":false,"_kad_post_footer":false,"footnotes":""},"class_list":["post-3374","page","type-page","status-publish","has-post-thumbnail","hentry"],"yoast_head":"<!-- This site is optimized with the Yoast SEO Premium plugin v23.0 (Yoast SEO v26.3) - https:\/\/yoast.com\/wordpress\/plugins\/seo\/ -->\n<title>Epoxy RFID Mini Tag | HUAYUAN RFID Tag Manufacturer<\/title>\n<meta name=\"description\" content=\"HUAYUAN epoxy RFID mini tag is an ideal for product identification, equipment identification, and fixed asset management etc.\" \/>\n<meta name=\"robots\" content=\"index, follow, max-snippet:-1, max-image-preview:large, max-video-preview:-1\" \/>\n<link rel=\"canonical\" href=\"https:\/\/huayuansh.com\/it\/prodotti\/tag-rfid-industriali\/mini-etichetta-rfid-in-epossidica\/\" \/>\n<meta property=\"og:locale\" content=\"it_IT\" \/>\n<meta property=\"og:type\" content=\"article\" \/>\n<meta property=\"og:title\" content=\"Epoxy RFID Mini Tag\" \/>\n<meta property=\"og:description\" content=\"HUAYUAN epoxy RFID mini tag is an ideal for product identification, equipment identification, and fixed asset management etc.\" \/>\n<meta property=\"og:url\" content=\"https:\/\/huayuansh.com\/it\/prodotti\/tag-rfid-industriali\/mini-etichetta-rfid-in-epossidica\/\" \/>\n<meta property=\"og:site_name\" content=\"HUAYUAN RFID Tag Manufacturer\" \/>\n<meta property=\"article:modified_time\" content=\"2024-08-16T11:11:15+00:00\" \/>\n<meta property=\"og:image\" content=\"https:\/\/huayuansh.com\/wp-content\/uploads\/2024\/08\/Epoxy-RFID-Mini-Tag.webp\" \/>\n\t<meta property=\"og:image:width\" content=\"1920\" \/>\n\t<meta property=\"og:image:height\" content=\"1080\" \/>\n\t<meta property=\"og:image:type\" content=\"image\/webp\" \/>\n<meta name=\"twitter:card\" content=\"summary_large_image\" \/>\n<meta name=\"twitter:label1\" content=\"Tempo di lettura stimato\" \/>\n\t<meta name=\"twitter:data1\" content=\"2 minuti\" \/>\n<script type=\"application\/ld+json\" class=\"yoast-schema-graph\">{\"@context\":\"https:\/\/schema.org\",\"@graph\":[{\"@type\":\"WebPage\",\"@id\":\"https:\/\/huayuansh.com\/products\/industrial-rfid-tags\/epoxy-rfid-mini-tag\/\",\"url\":\"https:\/\/huayuansh.com\/products\/industrial-rfid-tags\/epoxy-rfid-mini-tag\/\",\"name\":\"Epoxy RFID Mini Tag | HUAYUAN RFID Tag Manufacturer\",\"isPartOf\":{\"@id\":\"https:\/\/huayuansh.com\/#website\"},\"primaryImageOfPage\":{\"@id\":\"https:\/\/huayuansh.com\/products\/industrial-rfid-tags\/epoxy-rfid-mini-tag\/#primaryimage\"},\"image\":{\"@id\":\"https:\/\/huayuansh.com\/products\/industrial-rfid-tags\/epoxy-rfid-mini-tag\/#primaryimage\"},\"thumbnailUrl\":\"https:\/\/huayuansh.com\/wp-content\/uploads\/2024\/08\/Epoxy-RFID-Mini-Tag.webp\",\"datePublished\":\"2024-07-15T05:29:37+00:00\",\"dateModified\":\"2024-08-16T11:11:15+00:00\",\"description\":\"HUAYUAN epoxy RFID mini tag is an ideal for product identification, equipment identification, and fixed asset management etc.\",\"breadcrumb\":{\"@id\":\"https:\/\/huayuansh.com\/products\/industrial-rfid-tags\/epoxy-rfid-mini-tag\/#breadcrumb\"},\"inLanguage\":\"it-IT\",\"potentialAction\":[{\"@type\":\"ReadAction\",\"target\":[\"https:\/\/huayuansh.com\/products\/industrial-rfid-tags\/epoxy-rfid-mini-tag\/\"]}]},{\"@type\":\"ImageObject\",\"inLanguage\":\"it-IT\",\"@id\":\"https:\/\/huayuansh.com\/products\/industrial-rfid-tags\/epoxy-rfid-mini-tag\/#primaryimage\",\"url\":\"https:\/\/huayuansh.com\/wp-content\/uploads\/2024\/08\/Epoxy-RFID-Mini-Tag.webp\",\"contentUrl\":\"https:\/\/huayuansh.com\/wp-content\/uploads\/2024\/08\/Epoxy-RFID-Mini-Tag.webp\",\"width\":1920,\"height\":1080},{\"@type\":\"BreadcrumbList\",\"@id\":\"https:\/\/huayuansh.com\/products\/industrial-rfid-tags\/epoxy-rfid-mini-tag\/#breadcrumb\",\"itemListElement\":[{\"@type\":\"ListItem\",\"position\":1,\"name\":\"Home\",\"item\":\"https:\/\/huayuansh.com\/\"},{\"@type\":\"ListItem\",\"position\":2,\"name\":\"RFID Products\",\"item\":\"https:\/\/huayuansh.com\/products\/\"},{\"@type\":\"ListItem\",\"position\":3,\"name\":\"Industrial RFID Tags\",\"item\":\"https:\/\/huayuansh.com\/products\/industrial-rfid-tags\/\"},{\"@type\":\"ListItem\",\"position\":4,\"name\":\"Epoxy RFID Mini Tag\"}]},{\"@type\":\"WebSite\",\"@id\":\"https:\/\/huayuansh.com\/#website\",\"url\":\"https:\/\/huayuansh.com\/\",\"name\":\"HUAYUAN RFID Tag Manufacturer\",\"description\":\"HUAYUAN RFID Tag Manufacturer\",\"publisher\":{\"@id\":\"https:\/\/huayuansh.com\/#organization\"},\"potentialAction\":[{\"@type\":\"SearchAction\",\"target\":{\"@type\":\"EntryPoint\",\"urlTemplate\":\"https:\/\/huayuansh.com\/?s={search_term_string}\"},\"query-input\":{\"@type\":\"PropertyValueSpecification\",\"valueRequired\":true,\"valueName\":\"search_term_string\"}}],\"inLanguage\":\"it-IT\"},{\"@type\":\"Organization\",\"@id\":\"https:\/\/huayuansh.com\/#organization\",\"name\":\"HUAYUAN RFID Tag Manufacturer\",\"url\":\"https:\/\/huayuansh.com\/\",\"logo\":{\"@type\":\"ImageObject\",\"inLanguage\":\"it-IT\",\"@id\":\"https:\/\/huayuansh.com\/#\/schema\/logo\/image\/\",\"url\":\"https:\/\/huayuansh.com\/wp-content\/uploads\/2024\/09\/cropped-HUAYUAN.webp\",\"contentUrl\":\"https:\/\/huayuansh.com\/wp-content\/uploads\/2024\/09\/cropped-HUAYUAN.webp\",\"width\":895,\"height\":279,\"caption\":\"HUAYUAN RFID Tag Manufacturer\"},\"image\":{\"@id\":\"https:\/\/huayuansh.com\/#\/schema\/logo\/image\/\"}}]}<\/script>\n<!-- \/ Yoast SEO Premium plugin. -->","yoast_head_json":{"title":"Mini Tag RFID epossidica | HUAYUAN Tag RFID Fornitore","description":"Il mini tag RFID epossidico di HUAYUAN \u00e8 ideale per l'identificazione dei prodotti, delle apparecchiature e per la gestione delle attivit\u00e0 fisse, ecc.","robots":{"index":"index","follow":"follow","max-snippet":"max-snippet:-1","max-image-preview":"max-image-preview:large","max-video-preview":"max-video-preview:-1"},"canonical":"https:\/\/huayuansh.com\/it\/prodotti\/tag-rfid-industriali\/mini-etichetta-rfid-in-epossidica\/","og_locale":"it_IT","og_type":"article","og_title":"Epoxy RFID Mini Tag","og_description":"HUAYUAN epoxy RFID mini tag is an ideal for product identification, equipment identification, and fixed asset management etc.","og_url":"https:\/\/huayuansh.com\/it\/prodotti\/tag-rfid-industriali\/mini-etichetta-rfid-in-epossidica\/","og_site_name":"HUAYUAN RFID Tag Manufacturer","article_modified_time":"2024-08-16T11:11:15+00:00","og_image":[{"width":1920,"height":1080,"url":"https:\/\/huayuansh.com\/wp-content\/uploads\/2024\/08\/Epoxy-RFID-Mini-Tag.webp","type":"image\/webp"}],"twitter_card":"summary_large_image","twitter_misc":{"Tempo di lettura stimato":"2 minuti"},"schema":{"@context":"https:\/\/schema.org","@graph":[{"@type":"WebPage","@id":"https:\/\/huayuansh.com\/products\/industrial-rfid-tags\/epoxy-rfid-mini-tag\/","url":"https:\/\/huayuansh.com\/products\/industrial-rfid-tags\/epoxy-rfid-mini-tag\/","name":"Mini Tag RFID epossidica | HUAYUAN Tag RFID Fornitore","isPartOf":{"@id":"https:\/\/huayuansh.com\/#website"},"primaryImageOfPage":{"@id":"https:\/\/huayuansh.com\/products\/industrial-rfid-tags\/epoxy-rfid-mini-tag\/#primaryimage"},"image":{"@id":"https:\/\/huayuansh.com\/products\/industrial-rfid-tags\/epoxy-rfid-mini-tag\/#primaryimage"},"thumbnailUrl":"https:\/\/huayuansh.com\/wp-content\/uploads\/2024\/08\/Epoxy-RFID-Mini-Tag.webp","datePublished":"2024-07-15T05:29:37+00:00","dateModified":"2024-08-16T11:11:15+00:00","description":"Il mini tag RFID epossidico di HUAYUAN \u00e8 ideale per l'identificazione dei prodotti, delle apparecchiature e per la gestione delle attivit\u00e0 fisse, ecc.","breadcrumb":{"@id":"https:\/\/huayuansh.com\/products\/industrial-rfid-tags\/epoxy-rfid-mini-tag\/#breadcrumb"},"inLanguage":"it-IT","potentialAction":[{"@type":"ReadAction","target":["https:\/\/huayuansh.com\/products\/industrial-rfid-tags\/epoxy-rfid-mini-tag\/"]}]},{"@type":"ImageObject","inLanguage":"it-IT","@id":"https:\/\/huayuansh.com\/products\/industrial-rfid-tags\/epoxy-rfid-mini-tag\/#primaryimage","url":"https:\/\/huayuansh.com\/wp-content\/uploads\/2024\/08\/Epoxy-RFID-Mini-Tag.webp","contentUrl":"https:\/\/huayuansh.com\/wp-content\/uploads\/2024\/08\/Epoxy-RFID-Mini-Tag.webp","width":1920,"height":1080},{"@type":"BreadcrumbList","@id":"https:\/\/huayuansh.com\/products\/industrial-rfid-tags\/epoxy-rfid-mini-tag\/#breadcrumb","itemListElement":[{"@type":"ListItem","position":1,"name":"Home","item":"https:\/\/huayuansh.com\/"},{"@type":"ListItem","position":2,"name":"RFID Products","item":"https:\/\/huayuansh.com\/products\/"},{"@type":"ListItem","position":3,"name":"Industrial RFID Tags","item":"https:\/\/huayuansh.com\/products\/industrial-rfid-tags\/"},{"@type":"ListItem","position":4,"name":"Epoxy RFID Mini Tag"}]},{"@type":"WebSite","@id":"https:\/\/huayuansh.com\/#website","url":"https:\/\/huayuansh.com\/","name":"HUAYUAN Tag RFID Fornitore","description":"HUAYUAN Tag RFID Fornitore","publisher":{"@id":"https:\/\/huayuansh.com\/#organization"},"potentialAction":[{"@type":"SearchAction","target":{"@type":"EntryPoint","urlTemplate":"https:\/\/huayuansh.com\/?s={search_term_string}"},"query-input":{"@type":"PropertyValueSpecification","valueRequired":true,"valueName":"search_term_string"}}],"inLanguage":"it-IT"},{"@type":"Organization","@id":"https:\/\/huayuansh.com\/#organization","name":"HUAYUAN Tag RFID Fornitore","url":"https:\/\/huayuansh.com\/","logo":{"@type":"ImageObject","inLanguage":"it-IT","@id":"https:\/\/huayuansh.com\/#\/schema\/logo\/image\/","url":"https:\/\/huayuansh.com\/wp-content\/uploads\/2024\/09\/cropped-HUAYUAN.webp","contentUrl":"https:\/\/huayuansh.com\/wp-content\/uploads\/2024\/09\/cropped-HUAYUAN.webp","width":895,"height":279,"caption":"HUAYUAN RFID Tag Manufacturer"},"image":{"@id":"https:\/\/huayuansh.com\/#\/schema\/logo\/image\/"}}]}},"taxonomy_info":[],"featured_image_src_large":["https:\/\/huayuansh.com\/wp-content\/uploads\/2024\/08\/Epoxy-RFID-Mini-Tag-1024x576.webp",1024,576,true],"author_info":{"display_name":"HUAYUAN","author_link":"https:\/\/huayuansh.com\/it\/author\/shyec2024\/"},"comment_info":0,"_links":{"self":[{"href":"https:\/\/huayuansh.com\/it\/wp-json\/wp\/v2\/pages\/3374","targetHints":{"allow":["GET"]}}],"collection":[{"href":"https:\/\/huayuansh.com\/it\/wp-json\/wp\/v2\/pages"}],"about":[{"href":"https:\/\/huayuansh.com\/it\/wp-json\/wp\/v2\/types\/page"}],"author":[{"embeddable":true,"href":"https:\/\/huayuansh.com\/it\/wp-json\/wp\/v2\/users\/1"}],"replies":[{"embeddable":true,"href":"https:\/\/huayuansh.com\/it\/wp-json\/wp\/v2\/comments?post=3374"}],"version-history":[{"count":2,"href":"https:\/\/huayuansh.com\/it\/wp-json\/wp\/v2\/pages\/3374\/revisions"}],"predecessor-version":[{"id":3667,"href":"https:\/\/huayuansh.com\/it\/wp-json\/wp\/v2\/pages\/3374\/revisions\/3667"}],"up":[{"embeddable":true,"href":"https:\/\/huayuansh.com\/it\/wp-json\/wp\/v2\/pages\/854"}],"wp:featuredmedia":[{"embeddable":true,"href":"https:\/\/huayuansh.com\/it\/wp-json\/wp\/v2\/media\/3666"}],"wp:attachment":[{"href":"https:\/\/huayuansh.com\/it\/wp-json\/wp\/v2\/media?parent=3374"}],"curies":[{"name":"wp","href":"https:\/\/api.w.org\/{rel}","templated":true}]}}